{"id":13679,"date":"2023-11-08T15:51:25","date_gmt":"2023-11-08T15:51:25","guid":{"rendered":"https:\/\/moverdb.com\/freight-forwarder\/freight-forwarding-uk\/egham-freight-forwarder\/"},"modified":"2026-01-08T14:55:28","modified_gmt":"2026-01-08T14:55:28","slug":"egham-freight-forwarder","status":"publish","type":"page","link":"https:\/\/moverdb.com\/ro\/freight-forwarder\/freight-forwarding-uk\/egham-freight-forwarder\/","title":{"rendered":"11 Cele mai bune firme de transport de marf\u0103 din Egham (2024)"},"content":{"rendered":"<p>Mai jos ne uit\u0103m la cele 11 <em>\"cel mai bun\"<\/em> Societ\u0103\u021bi de transport marf\u0103 din Egham din 17.<\/p>\n<p>Pentru a afla mai multe despre modul \u00een care i-am ales pe cei mai buni, v\u0103 rug\u0103m s\u0103 consulta\u021bi sec\u021biunea \u00centreb\u0103ri frecvente de la final.<\/p>\n<p><em>V\u0103 rug\u0103m s\u0103 re\u021bine\u021bi c\u0103 urm\u0103toarele liste nu sunt prezentate \u00eentr-o anumit\u0103 ordine \u0219i c\u0103 nu facem recomand\u0103ri pentru nicio companie anume.<\/em><\/p>\n<div id=\"ez-toc-container\" class=\"ez-toc-v2_0_82_2 ez-toc-wrap-left counter-hierarchy ez-toc-counter ez-toc-transparent ez-toc-container-direction\">\n<div class=\"ez-toc-title-container\">\n<p class=\"ez-toc-title\" style=\"cursor:inherit\">Sec\u021biuni<\/p>\n<span class=\"ez-toc-title-toggle\"><a href=\"#\" class=\"ez-toc-pull-right ez-toc-btn ez-toc-btn-xs ez-toc-btn-default ez-toc-toggle\" aria-label=\"Comuta\u021bi tabelul de con\u021binut\"><span class=\"ez-toc-js-icon-con\"><span class=\"\"><span class=\"eztoc-hide\" style=\"display:none;\">Toggle<\/span><span class=\"ez-toc-icon-toggle-span\"><svg style=\"fill: #999;color:#999\" xmlns=\"http:\/\/www.w3.org\/2000\/svg\" class=\"list-377408\" width=\"20px\" height=\"20px\" viewbox=\"0 0 24 24\" fill=\"none\"><path d=\"M6 6H4v2h2V6zm14 0H8v2h12V6zM4 11h2v2H4v-2zm16 0H8v2h12v-2zM4 16h2v2H4v-2zm16 0H8v2h12v-2z\" fill=\"currentColor\"><\/path><\/svg><svg style=\"fill: #999;color:#999\" class=\"arrow-unsorted-368013\" xmlns=\"http:\/\/www.w3.org\/2000\/svg\" width=\"10px\" height=\"10px\" viewbox=\"0 0 24 24\" version=\"1.2\" baseprofile=\"tiny\"><path d=\"M18.2 9.3l-6.2-6.3-6.2 6.3c-.2.2-.3.4-.3.7s.1.5.3.7c.2.2.4.3.7.3h11c.3 0 .5-.1.7-.3.2-.2.3-.5.3-.7s-.1-.5-.3-.7zM5.8 14.7l6.2 6.3 6.2-6.3c.2-.2.3-.5.3-.7s-.1-.5-.3-.7c-.2-.2-.4-.3-.7-.3h-11c-.3 0-.5.1-.7.3-.2.2-.3.5-.3.7s.1.5.3.7z\"\/><\/svg><\/span><\/span><\/span><\/a><\/span><\/div>\n<nav><ul class='ez-toc-list ez-toc-list-level-1 eztoc-toggle-hide-by-default' ><li class='ez-toc-page-1 ez-toc-heading-level-2'><a class=\"ez-toc-link ez-toc-heading-1\" href=\"https:\/\/moverdb.com\/ro\/freight-forwarder\/freight-forwarding-uk\/egham-freight-forwarder\/#MIQ_Logistics\" >MIQ Logistics<\/a><\/li><li class='ez-toc-page-1 ez-toc-heading-level-2'><a class=\"ez-toc-link ez-toc-heading-2\" href=\"https:\/\/moverdb.com\/ro\/freight-forwarder\/freight-forwarding-uk\/egham-freight-forwarder\/#Yes_2_Ship_Ltd\" >Da 2 Ship Ltd<\/a><\/li><li class='ez-toc-page-1 ez-toc-heading-level-2'><a class=\"ez-toc-link ez-toc-heading-3\" href=\"https:\/\/moverdb.com\/ro\/freight-forwarder\/freight-forwarding-uk\/egham-freight-forwarder\/#AGS_Global_Forwarding_Ltd\" >AGS Global Forwarding Ltd<\/a><\/li><li class='ez-toc-page-1 ez-toc-heading-level-2'><a class=\"ez-toc-link ez-toc-heading-4\" href=\"https:\/\/moverdb.com\/ro\/freight-forwarder\/freight-forwarding-uk\/egham-freight-forwarder\/#ASG_Logistics_Ltd\" >ASG Logistics Ltd<\/a><\/li><li class='ez-toc-page-1 ez-toc-heading-level-2'><a class=\"ez-toc-link ez-toc-heading-5\" href=\"https:\/\/moverdb.com\/ro\/freight-forwarder\/freight-forwarding-uk\/egham-freight-forwarder\/#Cargo_Gateway\" >Poarta de acces pentru m\u0103rfuri<\/a><\/li><li class='ez-toc-page-1 ez-toc-heading-level-2'><a class=\"ez-toc-link ez-toc-heading-6\" href=\"https:\/\/moverdb.com\/ro\/freight-forwarder\/freight-forwarding-uk\/egham-freight-forwarder\/#Active_Freight_Management_Ltd\" >Active Freight Management Ltd<\/a><\/li><li class='ez-toc-page-1 ez-toc-heading-level-2'><a class=\"ez-toc-link ez-toc-heading-7\" href=\"https:\/\/moverdb.com\/ro\/freight-forwarder\/freight-forwarding-uk\/egham-freight-forwarder\/#World_Cargo_Logistics\" >Logistica mondial\u0103 a m\u0103rfurilor<\/a><\/li><li class='ez-toc-page-1 ez-toc-heading-level-2'><a class=\"ez-toc-link ez-toc-heading-8\" href=\"https:\/\/moverdb.com\/ro\/freight-forwarder\/freight-forwarding-uk\/egham-freight-forwarder\/#E_F_M_Global_Logistics\" >E F M Global Logistics<\/a><\/li><li class='ez-toc-page-1 ez-toc-heading-level-2'><a class=\"ez-toc-link ez-toc-heading-9\" href=\"https:\/\/moverdb.com\/ro\/freight-forwarder\/freight-forwarding-uk\/egham-freight-forwarder\/#Blackthorne\" >Blackthorne<\/a><\/li><li class='ez-toc-page-1 ez-toc-heading-level-2'><a class=\"ez-toc-link ez-toc-heading-10\" href=\"https:\/\/moverdb.com\/ro\/freight-forwarder\/freight-forwarding-uk\/egham-freight-forwarder\/#Connoisseur_International_Distribution_Ltd\" >Connoisseur International Distribution Ltd<\/a><\/li><li class='ez-toc-page-1 ez-toc-heading-level-2'><a class=\"ez-toc-link ez-toc-heading-11\" href=\"https:\/\/moverdb.com\/ro\/freight-forwarder\/freight-forwarding-uk\/egham-freight-forwarder\/#XPand_Logistics_Ltd_F_FA_Division_London\" >XPand Logistics Ltd F&amp;FA Division Londra<\/a><\/li><li class='ez-toc-page-1 ez-toc-heading-level-2'><a class=\"ez-toc-link ez-toc-heading-12\" href=\"https:\/\/moverdb.com\/ro\/freight-forwarder\/freight-forwarding-uk\/egham-freight-forwarder\/#How_we_picked_the_best_Egham_Freight_Forwarding_Companies\" >Cum am ales cele mai bune companii de transport de marf\u0103 din Egham<\/a><\/li><\/ul><\/nav><\/div>\n<h2><span class=\"ez-toc-section\" id=\"MIQ_Logistics\"><\/span>MIQ Logistics<span class=\"ez-toc-section-end\"><\/span><\/h2>\n<p><img decoding=\"async\" src=\"https:\/\/moverdb.com\/wp-content\/uploads\/AF1QipOSeo5W5dbelMsxZx8EbOq4iTE_N2C_UMmkI5A5w408-h271-k-no.jpg\" alt='MIQ Logistics' class=\"aligncenter\"><\/p>\n<p><strong>Descriere din partea \u00eentreprinderii: <\/strong>Noatum Logistics (fosta MIQ Logistics), \u00eempreun\u0103 cu re\u021beaua sa global\u0103 de parteneri, ofer\u0103 servicii de transport (servicii de expediere a m\u0103rfurilor la nivel na\u021bional \u0219i servicii de transport de marf\u0103), servicii de distribu\u021bie (logistic\u0103 contractual\u0103 \u0219i gestionarea depozitelor) \u0219i servicii globale (expediere interna\u021bional\u0103 de m\u0103rfuri \u0219i brokeraj vamal).<\/p>\n<p> Sprijinit\u0103 de o tehnologie nativ\u0103 Web \u0219i de capacit\u0103\u021bi de management logistic global, MIQ Logistics deserve\u0219te clien\u021bi din industria minier\u0103 &amp;<\/p>\n<p><strong>Servicii suplimentare:<\/strong><\/p>\n<p>Nu este listat<\/p>\n<p><strong>Adres\u0103:<\/strong> Parcul industrial Thorpe, 1, Alpha Way, Egham TW20 8RZ<\/p>\n<p><a href=\"https:\/\/www.miq.com\/\" target=\"_new\" rel=\"noopener\">Site-ul MIQ Logistics<\/a><\/p>\n<p><strong>Scor de revizuire: <\/strong>3.7<br \/> <strong>Num\u0103rul de recenzii:<\/strong> 23<br \/><a href=\"https:\/\/www.google.co.uk\/maps?cid=5562970237620117984&#038;hl=en&#038;gl=GB\" target=\"_new\" rel=\"noopener\">Citi\u021bi recenzii<\/a><\/p>\n<h2><span class=\"ez-toc-section\" id=\"Yes_2_Ship_Ltd\"><\/span>Da 2 Ship Ltd<span class=\"ez-toc-section-end\"><\/span><\/h2>\n<p><img decoding=\"async\" src=\"https:\/\/moverdb.com\/wp-content\/uploads\/thumbnailpanoidi2hlSeWB-Y3XQQJMF3mWowcb_clientsearch.gws-prod.gpsw408h240yaw327.jpg\" alt='Da 2 Ship Ltd' class=\"aligncenter\"><\/p>\n<p><strong>Descriere din partea \u00eentreprinderii: <\/strong>Companie de logistic\u0103 \u0219i lan\u021b de aprovizionare.<\/p>\n<p> Servicii de transport de m\u0103rfuri \u0219i de v\u0103muire, precum \u0219i mut\u0103ri \u0219i efecte personale, pe cale aerian\u0103, rutier\u0103 \u0219i maritim\u0103.<\/p>\n<p> Un partener strategic al DHL.<\/p>\n<p> Se ofer\u0103 servicii de v\u0103muire la import \u0219i export, T1, EORI, Carnet, FOB, ExWorks \u0219i Door to Door.<\/p>\n<p> Servicii de transport maritim: transport maritim periculos, transport maritim de baterii cu litiu, transport maritim auto, transport maritim veterinar \u0219i ecvestru.<\/p>\n<p> Yes 2 Ship colaboreaz\u0103 \u00eendeaproape cu industria farmaceutic\u0103 \u0219i cu casele de ac\u021biune artistic\u0103.<\/p>\n<p> Servicii suplimentare: cutii \u0219i ambalaje contractile gratuite, ambalare, l\u0103zi \u0219i livrare cu camionul \u0219i traseu.<\/p>\n<p> De asemenea, se ofer\u0103 servicii de trac\u021biune direct\u0103 european\u0103.<\/p>\n<p> Facilitarea tuturor activit\u0103\u021bilor majore <a href=\"https:\/\/moverdb.com\/ro\/top-49-container-ports\/\" data-internallinksmanager029f6b8e52c=\"80\" title=\"Top 49 cele mai mari \u0219i mai aglomerate porturi de containere \u00een 2026\">porturi<\/a> \u0219i aeroporturi din \u00eentreaga \u021bar\u0103 <a href=\"https:\/\/moverdb.com\/ro\/moving-to-the-uk\/\" data-internallinksmanager029f6b8e52c=\"93\" title=\"V\u0103 muta\u021bi \u00een Regatul Unit? 2026 Costurile vie\u021bii \u0219i sfaturi de relocare\">MAREA BRITANIE<\/a>.<\/p>\n<p> Birouri principale: Heathrow, Aberdeen, Southend, <a href=\"\" data-internallinksmanager029f6b8e52c=\"52\" title=\"Manchester\">Manchester<\/a>, Southampton, Felixstowe.<\/p>\n<p><strong>Servicii suplimentare:<\/strong><\/p>\n<p>Nu este listat<\/p>\n<p><strong>Adres\u0103:<\/strong> Unitatea 2, Eversley Way, Thorpe Industrial Estate, Egham TW20 8RG<\/p>\n<p><a href=\"http:\/\/www.yes2ship.com\/\" target=\"_new\" rel=\"noopener\">Da 2 Ship Ltd website<\/a><\/p>\n<p><strong>Scor de revizuire: <\/strong>4.3<br \/> <strong>Num\u0103rul de recenzii:<\/strong> 3<br \/><a href=\"https:\/\/www.google.co.uk\/maps?cid=11958752916968499684&#038;hl=en&#038;gl=GB\" target=\"_new\" rel=\"noopener\">Citi\u021bi recenzii<\/a><\/p>\n<h2><span class=\"ez-toc-section\" id=\"AGS_Global_Forwarding_Ltd\"><\/span>AGS Global Forwarding Ltd<span class=\"ez-toc-section-end\"><\/span><\/h2>\n<p><img decoding=\"async\" src=\"https:\/\/moverdb.com\/wp-content\/uploads\/AF1QipOkqaLI3fEcCDdE06bXZQPSFTuSwA_SDJZksWkgw408-h272-k-no.jpg\" alt='AGS Global Forwarding Ltd' class=\"aligncenter\"><\/p>\n<p><strong>Descriere din partea \u00eentreprinderii: <\/strong>Suntem o companie interna\u021bional\u0103 de transport de m\u0103rfuri \u0219i logistic\u0103, specializat\u0103 \u00een mi\u0219carea transporturilor comerciale prin intermediul transportului aerian, maritim \u0219i rutier.<\/p>\n<p><strong>Servicii suplimentare:<\/strong><\/p>\n<p>Nu este listat<\/p>\n<p><strong>Adres\u0103:<\/strong> 01 Meadlake Place, Thorpe Lea Rd, Egham TW20 8HE<\/p>\n<p><a href=\"http:\/\/www.ags-global.co.uk\/\" target=\"_new\" rel=\"noopener\">Site-ul AGS Global Forwarding Ltd<\/a><\/p>\n<p><strong>Scor de revizuire: <\/strong>3.7<br \/> <strong>Num\u0103rul de recenzii:<\/strong> 6<br \/><a href=\"https:\/\/www.google.co.uk\/maps?cid=9870884105096212840&#038;hl=en&#038;gl=GB\" target=\"_new\" rel=\"noopener\">Citi\u021bi recenzii<\/a><\/p>\n<h2><span class=\"ez-toc-section\" id=\"ASG_Logistics_Ltd\"><\/span>ASG Logistics Ltd<span class=\"ez-toc-section-end\"><\/span><\/h2>\n<p><img decoding=\"async\" src=\"https:\/\/moverdb.com\/wp-content\/uploads\/thumbnailpanoid3JBSMhHuPZdNblR9AJIbPgcb_clientsearch.gws-prod.gpsw408h240yaw175.jpg\" alt='ASG Logistics Ltd' class=\"aligncenter\"><\/p>\n<p><strong>Descriere din partea \u00eentreprinderii: <\/strong>Niciuna furnizat\u0103<\/p>\n<p><strong>Servicii suplimentare:<\/strong><\/p>\n<p>Nu este listat<\/p>\n<p><strong>Adres\u0103:<\/strong> 188 High St, Egham TW20 9ED, Regatul Unit<\/p>\n<p><a href=\"http:\/\/www.asglogistics.com\/\" target=\"_new\" rel=\"noopener\">Site-ul ASG Logistics Ltd<\/a><\/p>\n<p><strong>Scor de revizuire: <\/strong>4.2<br \/> <strong>Num\u0103rul de recenzii:<\/strong> 5<br \/><a href=\"https:\/\/www.google.com.om\/maps?cid=9184323499148826419&#038;hl=en&#038;gl=OM\" target=\"_new\" rel=\"noopener\">Citi\u021bi recenzii<\/a><\/p>\n<h2><span class=\"ez-toc-section\" id=\"Cargo_Gateway\"><\/span>Poarta de acces pentru m\u0103rfuri<span class=\"ez-toc-section-end\"><\/span><\/h2>\n<p><img decoding=\"async\" src=\"https:\/\/moverdb.com\/wp-content\/uploads\/AF1QipNzLo0oQLg_C55tPkOaoPCuX4tQK_qkgfvadEqSw426-h240-k-no.jpg\" alt='Poarta de acces pentru m\u0103rfuri' class=\"aligncenter\"><\/p>\n<p><strong>Descriere din partea \u00eentreprinderii: <\/strong>Interna\u021bional \u0219i intern <a href=\"https:\/\/moverdb.com\/ro\/freight-forwarder\/\" data-internallinksmanager029f6b8e52c=\"17\" title=\"Freight Forwarder &amp; NVOCC Ghidul interna\u021bional de costuri \u0219i companii\">Expeditor de m\u0103rfuri<\/a><\/p>\n<p><strong>Servicii suplimentare:<\/strong><\/p>\n<p>Nu este listat<\/p>\n<p><strong>Adres\u0103:<\/strong> 01 Meadlake Place, Thorpe Lea Rd, Egham TW20 8HE<\/p>\n<p><a href=\"https:\/\/cargo-gateway.business.site\/?utm_source=gmb&#038;utm_medium=referral\" target=\"_new\" rel=\"noopener\">Site web Cargo Gateway<\/a><\/p>\n<p><strong>Scor de revizuire: <\/strong>5<br \/> <strong>Num\u0103rul de recenzii:<\/strong> 1<br \/><a href=\"https:\/\/www.google.co.uk\/maps?cid=16110619947648318940&#038;hl=en&#038;gl=GB\" target=\"_new\" rel=\"noopener\">Citi\u021bi recenzii<\/a><\/p>\n<h2><span class=\"ez-toc-section\" id=\"Active_Freight_Management_Ltd\"><\/span>Active Freight Management Ltd<span class=\"ez-toc-section-end\"><\/span><\/h2>\n<p><img decoding=\"async\" src=\"https:\/\/moverdb.com\/wp-content\/uploads\/AF1QipNmjcFHpyJwCdwSaejGmG82kmN7yOpkcziJ6XWAw426-h240-k-no.jpg\" alt='Active Freight Management Ltd' class=\"aligncenter\"><\/p>\n<p><strong>Descriere din partea \u00eentreprinderii: <\/strong>Solu\u021bia dvs. unic\u0103 pentru gestionarea m\u0103rfurilor<\/p>\n<p><strong>Servicii suplimentare:<\/strong><\/p>\n<p>Companie de import-export<\/p>\n<p>Companie de livrare<\/p>\n<p><strong>Adres\u0103:<\/strong> Crabtree Office Village, Monarch House, Eversley Way, Egham TW20 8RY<\/p>\n<p><a href=\"http:\/\/www.active-freight.com\/\" target=\"_new\" rel=\"noopener\">Site-ul web al Active Freight Management Ltd<\/a><\/p>\n<p><strong>Scor de revizuire: <\/strong>5<br \/> <strong>Num\u0103rul de recenzii:<\/strong> 2<br \/><a href=\"https:\/\/www.google.co.uk\/maps?cid=3699698523008123537&#038;hl=en&#038;gl=GB\" target=\"_new\" rel=\"noopener\">Citi\u021bi recenzii<\/a><\/p>\n<h2><span class=\"ez-toc-section\" id=\"World_Cargo_Logistics\"><\/span>Logistica mondial\u0103 a m\u0103rfurilor<span class=\"ez-toc-section-end\"><\/span><\/h2>\n<p><img decoding=\"async\" src=\"https:\/\/moverdb.com\/wp-content\/uploads\/thumbnailpanoidSSVwK9ZQ0ejIyasli8Fegwcb_clientsearch.gws-prod.gpsw408h240yaw355.jpg\" alt='Logistica mondial\u0103 a m\u0103rfurilor' class=\"aligncenter\"><\/p>\n<p><strong>Descriere din partea \u00eentreprinderii: <\/strong>Niciuna furnizat\u0103<\/p>\n<p><strong>Servicii suplimentare:<\/strong><\/p>\n<p>Nu este listat<\/p>\n<p><strong>Adres\u0103:<\/strong> Unitatea 5 Beta Way, Egham TW20 8RE<\/p>\n<p><a href=\"http:\/\/worldcargologistics.co.uk\/\" target=\"_new\" rel=\"noopener\">Site-ul World Cargo Logistics<\/a><\/p>\n<p><strong>Scor de revizuire: <\/strong>5<br \/> <strong>Num\u0103rul de recenzii:<\/strong> 1<br \/><a href=\"https:\/\/www.google.co.uk\/maps?cid=14974545255904536802&#038;hl=en&#038;gl=GB\" target=\"_new\" rel=\"noopener\">Citi\u021bi recenzii<\/a><\/p>\n<h2><span class=\"ez-toc-section\" id=\"E_F_M_Global_Logistics\"><\/span>E F M Global Logistics<span class=\"ez-toc-section-end\"><\/span><\/h2>\n<p><img decoding=\"async\" src=\"https:\/\/moverdb.com\/wp-content\/uploads\/AF1QipORc7VCsaq4UmjzP6IJaY3iNkVdGcEiL46zJWwMw408-h725-k-no.jpg\" alt='E F M Global Logistics' class=\"aligncenter\"><\/p>\n<p><strong>Descriere din partea \u00eentreprinderii: <\/strong>Niciuna furnizat\u0103<\/p>\n<p><strong>Servicii suplimentare:<\/strong><\/p>\n<p>Nu este listat<\/p>\n<p><strong>Adres\u0103:<\/strong> 3 Alpha Way Thorpe Industrial Park, Egham TW20 8RZ<\/p>\n<p><a href=\"http:\/\/www.efm.global\/\" target=\"_new\" rel=\"noopener\">Site-ul E F M Global Logistics<\/a><\/p>\n<p><strong>Scor de revizuire: <\/strong>4.9<br \/> <strong>Num\u0103rul de recenzii:<\/strong> 15<br \/><a href=\"https:\/\/www.google.co.uk\/maps?cid=10224418366743576394&#038;hl=en&#038;gl=GB\" target=\"_new\" rel=\"noopener\">Citi\u021bi recenzii<\/a><\/p>\n<h2><span class=\"ez-toc-section\" id=\"Blackthorne\"><\/span>Blackthorne<span class=\"ez-toc-section-end\"><\/span><\/h2>\n<p><img decoding=\"async\" src=\"https:\/\/moverdb.com\/wp-content\/uploads\/AF1QipNMhlx2IHsQ_K9jhbeeqfHmBMWRacudcQlC1kH-w408-h306-k-no.jpg\" alt='Blackthorne' class=\"aligncenter\"><\/p>\n<p><strong>Descriere din partea \u00eentreprinderii: <\/strong>Blackthorne este un partener de top \u00een domeniul logisticii lan\u021bului de aprovizionare la nivel mondial.<\/p>\n<p> De obicei, lucr\u0103m cu companii de tehnologie care au nevoie de servicii \u0219i repara\u021bii de produse IT pe pie\u021be din \u00eentreaga lume.<\/p>\n<p>Blackthorne ofer\u0103 un serviciu door-to-door pentru corpora\u021biile de tehnologie cu aversiune fa\u021b\u0103 de risc care cer conformitatea 100%, cele mai \u00eenalte standarde de execu\u021bie a livr\u0103rilor \u0219i un partener cu experien\u021b\u0103 \u00een toate aspectele logisticii lan\u021bului global de aprovizionare, asigur\u00e2nd livrarea produsului potrivit, c\u0103tre destinatarul potrivit, la timp \u0219i care s\u0103 corespund\u0103 sau s\u0103 dep\u0103\u0219easc\u0103 a\u0219tept\u0103rile clien\u021bilor.<\/p>\n<p>Importatorul \u00eenregistrat<br \/>\nDe peste 20 de ani, ac\u021bion\u0103m \u00een calitate de importator oficial pentru companii care v\u00e2nd produse tehnologice.<\/p>\n<p><strong>Servicii suplimentare:<\/strong><\/p>\n<p>Nu este listat<\/p>\n<p><strong>Adres\u0103:<\/strong> Unitatea 6, Sky Busines Park, Eversley Way, Thorpe TW20 8RF<\/p>\n<p><a href=\"https:\/\/blackthorneit.com\/\" target=\"_new\" rel=\"noopener\">Site-ul Blackthorne<\/a><\/p>\n<p><strong>Scor de revizuire: <\/strong>4.7<br \/> <strong>Num\u0103rul de recenzii:<\/strong> 6<br \/><a href=\"https:\/\/www.google.co.uk\/maps?cid=10922239003545285032&#038;hl=en&#038;gl=GB\" target=\"_new\" rel=\"noopener\">Citi\u021bi recenzii<\/a><\/p>\n<h2><span class=\"ez-toc-section\" id=\"Connoisseur_International_Distribution_Ltd\"><\/span>Connoisseur International Distribution Ltd<span class=\"ez-toc-section-end\"><\/span><\/h2>\n<p><img decoding=\"async\" src=\"https:\/\/moverdb.com\/wp-content\/uploads\/AF1QipPd9XWMz1lgbYNiuvG6xskioC06SqeYGBLSjkzTw426-h240-k-no.jpg\" alt='Connoisseur International Distribution Ltd' class=\"aligncenter\"><\/p>\n<p><strong>Descriere din partea \u00eentreprinderii: <\/strong>Connoisseur International a fost \u00eenfiin\u021bat\u0103 \u00een 1997.<\/p>\n<p> Directorii, fiecare cu peste 25 de ani de experien\u021b\u0103 \u00een industrie, au avut o viziune comun\u0103 de a crea o companie multimodal\u0103 de expediere \u0219i logistic\u0103 pentru secolul XXI.<\/p>\n<p> Principiul de baz\u0103 al companiei a fost acela de a oferi clien\u021bilor servicii de \u00eenalt\u0103 calitate, cu experien\u021b\u0103, adaptate la nevoile \u0219i a\u0219tept\u0103rile clien\u021bilor no\u0219tri.<\/p>\n<p>Servicii de transport aerian la nivel mondial - Export \u0219i Import<br \/>\nServicii maritime LCL\/FCL la nivel mondial - Export \u0219i Import<br \/>\nServicii rutiere TIR Overland c\u0103tre Europa<br \/>\nCurierat expres din u\u0219\u0103 \u00een u\u0219\u0103<br \/>\nLivr\u0103ri de colete \u0219i pale\u021bi \u00een Marea Britanie<br \/>\nMarf\u0103 de proiect\/ Chartering\/ Marf\u0103 de ajutor de urgen\u021b\u0103\/ AOG\/ Perisabile\/ \u00cen afara gabaritului\/ M\u0103rfuri periculoase<br \/>\n\u00cendep\u0103rtare\/ relocare<br \/>\nBrokeraj vamal intern<br \/>\nAmbalare specializat\u0103 (la fa\u021ba locului, dac\u0103 este necesar)<\/p>\n<p><strong>Servicii suplimentare:<\/strong><\/p>\n<p>Companie de import-export<\/p>\n<p><strong>Adres\u0103:<\/strong> Unitatea 9, Business Park, Ten Acre Ln, Egham TW20 8EY<\/p>\n<p><a href=\"https:\/\/cid.uk.com\/\" target=\"_new\" rel=\"noopener\">Site-ul Connoisseur International Distribution Ltd<\/a><\/p>\n<p><strong>Scor de revizuire: <\/strong>4.3<br \/> <strong>Num\u0103rul de recenzii:<\/strong> 17<br \/><a href=\"https:\/\/www.google.co.uk\/maps?cid=7427439335860303979&#038;hl=en&#038;gl=GB\" target=\"_new\" rel=\"noopener\">Citi\u021bi recenzii<\/a><\/p>\n<h2><span class=\"ez-toc-section\" id=\"XPand_Logistics_Ltd_F_FA_Division_London\"><\/span>XPand Logistics Ltd F&amp;FA Division Londra<span class=\"ez-toc-section-end\"><\/span><\/h2>\n<p><img decoding=\"async\" src=\"https:\/\/moverdb.com\/wp-content\/uploads\/AF1QipOLNmMwyY-6gL2NQCjvXfdc7gl9sewrnLTpDVSmw658-h240-k-no.jpg\" alt='XPand Logistics Ltd F&amp;FA Division Londra' class=\"aligncenter\"><\/p>\n<p><strong>Descriere din partea \u00eentreprinderii: <\/strong>\u00cenfiin\u021bat\u0103 \u00een anul 2000, XPand Logistics Ltd. este considerat\u0103 \u00een prezent unul dintre pu\u021binii transportatori din Marea Britanie specializa\u021bi \u00een servicii reale pentru clien\u021bii s\u0103i.<\/p>\n<p>Cu o experien\u021b\u0103 de peste 20 de ani cu transportatori majori \u0219i companii aeriene, oferim servicii logistice profesionale pentru \u00eentreprinderi din Marea Britanie \u0219i din \u00eentreaga lume.<\/p>\n<p> Serviciile includ: Transport aerian, transport maritim, transport rutier, logistic\u0103 contractual\u0103, brokeraj vamal, servicii consulare \u0219i depozitare.<\/p>\n<p>Cu birouri \u00een Londra, Basildon, West Horndon, Manchester &amp; <a href=\"\" data-internallinksmanager029f6b8e52c=\"46\" title=\"Glasgow\">Glasgow<\/a> oferim solu\u021bii complete pentru toate nevoile dumneavoastr\u0103 de transport.<\/p>\n<p><strong>Servicii suplimentare:<\/strong><\/p>\n<p>Serviciul de logistic\u0103<\/p>\n<p>Serviciul de expediere<\/p>\n<p>Instala\u021bie de depozitare<\/p>\n<p><strong>Adres\u0103:<\/strong> Unitatea 10, Business Park, Ten Acre Ln, Egham TW20 8EY<\/p>\n<p><a href=\"https:\/\/www.xpandlogistics.co.uk\/\" target=\"_new\" rel=\"noopener\">Site-ul XPand Logistics Ltd F&amp;FA Division Londra<\/a><\/p>\n<p><strong>Scor de revizuire: <\/strong>3<br \/> <strong>Num\u0103rul de recenzii:<\/strong> 2<br \/><a href=\"https:\/\/www.google.co.uk\/maps?cid=5572790693109703307&#038;hl=en&#038;gl=GB\" target=\"_new\" rel=\"noopener\">Citi\u021bi recenzii<\/a><\/p>\n<h2><span class=\"ez-toc-section\" id=\"How_we_picked_the_best_Egham_Freight_Forwarding_Companies\"><\/span>Cum am ales cele mai bune companii de transport de marf\u0103 din Egham<span class=\"ez-toc-section-end\"><\/span><\/h2>\n<p>Am \u00eenceput cu un set de date de 17 companii de transport de marf\u0103 din Egham pe care le-am putut g\u0103si prin Google Maps \u0219i le-am redus la cele mai bune 11.<\/p>\n<p>Pentru a face acest lucru, am eliminat orice companie care:<\/p>\n<ul>\n<li> Nu avea un site web<\/li>\n<li> Nu a avut comentarii<\/li>\n<li> A avut un scor mediu de recenzii sub 2.0<\/li>\n<\/ul>\n<p>\u00cen acest moment, dac\u0103 aveam 17 sau mai pu\u021bini expeditori, \u00eei enumeram pe to\u021bi.<\/p>\n<p>Pentru ora\u0219ele \u00een care am r\u0103mas cu mai mult de 17 expeditori, am f\u0103cut revizuiri suplimentare, fie prin cre\u0219terea scorului de recenzii necesar (de exemplu, de la un minim de 2,0 la 4,0) \u0219i\/sau prin cre\u0219terea num\u0103rului minim de recenzii necesare (de exemplu, de la cel pu\u021bin 1 recenzie la cel pu\u021bin 10).<\/p>\n<p>Re\u021bine\u021bi c\u0103 am utilizat doar datele de revizuire de la Google Maps \u0219i nu \u0219i de la alte site-uri web ter\u021be.<\/p>\n<p>Mai multe ora\u0219e:<\/p>\n<p><a href=\"https:\/\/moverdb.com\/ro\/expeditor-de-marfuri\/freight-forwarding-uk\/leeds-freight-forwarder\/\">Leeds Freight Forwarder<\/a><br \/><a href=\"https:\/\/moverdb.com\/ro\/expeditor-de-marfuri\/freight-forwarding-uk\/belfast-freight-forwarder\/\">Belfast Freight Forwarder<\/a><br \/><a href=\"https:\/\/moverdb.com\/ro\/expeditor-de-marfuri\/freight-forwarding-uk\/hayes-freight-forwarder\/\">Hayes Freight Forwarder<\/a><br \/><a href=\"https:\/\/moverdb.com\/ro\/expeditor-de-marfuri\/freight-forwarding-uk\/bradford-freight-forwarder\/\">Bradford Freight Forwarder<\/a><br \/><a href=\"https:\/\/moverdb.com\/ro\/expeditor-de-marfuri\/freight-forwarding-uk\/derby-freight-forwarder\/\">Derby Freight Forwarder<\/a><\/p>","protected":false},"excerpt":{"rendered":"<p>Below we look at the 11 &#8220;best&#8221; Freight Forwarding companies in Egham out of 17. To learn more about how we chose the best please consult our FAQ section at the end. Please not the following listings are in no particular order and we are not making any recommendations for any particular company. MIQ Logistics [&hellip;]<\/p>\n","protected":false},"author":1,"featured_media":0,"parent":13427,"menu_order":0,"comment_status":"open","ping_status":"open","template":"","meta":{"_genesis_hide_title":false,"_genesis_hide_breadcrumbs":false,"_genesis_hide_singular_image":false,"_genesis_hide_footer_widgets":false,"_genesis_custom_body_class":"","_genesis_custom_post_class":"","_genesis_layout":"","footnotes":""},"class_list":{"0":"post-13679","1":"page","2":"type-page","3":"status-publish","5":"entry"},"_links":{"self":[{"href":"https:\/\/moverdb.com\/ro\/wp-json\/wp\/v2\/pages\/13679","targetHints":{"allow":["GET"]}}],"collection":[{"href":"https:\/\/moverdb.com\/ro\/wp-json\/wp\/v2\/pages"}],"about":[{"href":"https:\/\/moverdb.com\/ro\/wp-json\/wp\/v2\/types\/page"}],"author":[{"embeddable":true,"href":"https:\/\/moverdb.com\/ro\/wp-json\/wp\/v2\/users\/1"}],"replies":[{"embeddable":true,"href":"https:\/\/moverdb.com\/ro\/wp-json\/wp\/v2\/comments?post=13679"}],"version-history":[{"count":1,"href":"https:\/\/moverdb.com\/ro\/wp-json\/wp\/v2\/pages\/13679\/revisions"}],"predecessor-version":[{"id":15682,"href":"https:\/\/moverdb.com\/ro\/wp-json\/wp\/v2\/pages\/13679\/revisions\/15682"}],"up":[{"embeddable":true,"href":"https:\/\/moverdb.com\/ro\/wp-json\/wp\/v2\/pages\/13427"}],"wp:attachment":[{"href":"https:\/\/moverdb.com\/ro\/wp-json\/wp\/v2\/media?parent=13679"}],"curies":[{"name":"wp","href":"https:\/\/api.w.org\/{rel}","templated":true}]}}