{"id":13667,"date":"2023-11-08T15:51:25","date_gmt":"2023-11-08T15:51:25","guid":{"rendered":"https:\/\/moverdb.com\/freight-forwarder\/freight-forwarding-uk\/ashford-freight-forwarder\/"},"modified":"2026-01-08T14:55:32","modified_gmt":"2026-01-08T14:55:32","slug":"ashford-freight-forwarder","status":"publish","type":"page","link":"https:\/\/moverdb.com\/ro\/freight-forwarder\/freight-forwarding-uk\/ashford-freight-forwarder\/","title":{"rendered":"12 Cele mai bune firme de transport de marf\u0103 din Ashford (2024)"},"content":{"rendered":"<p>Mai jos ne uit\u0103m la cele 12 <em>\"cel mai bun\"<\/em> Societ\u0103\u021bi de transport marf\u0103 din Ashford din 18.<\/p>\n<p>Pentru a afla mai multe despre modul \u00een care i-am ales pe cei mai buni, v\u0103 rug\u0103m s\u0103 consulta\u021bi sec\u021biunea \u00centreb\u0103ri frecvente de la final.<\/p>\n<p><em>V\u0103 rug\u0103m s\u0103 re\u021bine\u021bi c\u0103 urm\u0103toarele liste nu sunt prezentate \u00eentr-o anumit\u0103 ordine \u0219i c\u0103 nu facem recomand\u0103ri pentru nicio companie anume.<\/em><\/p>\n<div id=\"ez-toc-container\" class=\"ez-toc-v2_0_82_2 ez-toc-wrap-left counter-hierarchy ez-toc-counter ez-toc-transparent ez-toc-container-direction\">\n<div class=\"ez-toc-title-container\">\n<p class=\"ez-toc-title\" style=\"cursor:inherit\">Sec\u021biuni<\/p>\n<span class=\"ez-toc-title-toggle\"><a href=\"#\" class=\"ez-toc-pull-right ez-toc-btn ez-toc-btn-xs ez-toc-btn-default ez-toc-toggle\" aria-label=\"Comuta\u021bi tabelul de con\u021binut\"><span class=\"ez-toc-js-icon-con\"><span class=\"\"><span class=\"eztoc-hide\" style=\"display:none;\">Toggle<\/span><span class=\"ez-toc-icon-toggle-span\"><svg style=\"fill: #999;color:#999\" xmlns=\"http:\/\/www.w3.org\/2000\/svg\" class=\"list-377408\" width=\"20px\" height=\"20px\" viewbox=\"0 0 24 24\" fill=\"none\"><path d=\"M6 6H4v2h2V6zm14 0H8v2h12V6zM4 11h2v2H4v-2zm16 0H8v2h12v-2zM4 16h2v2H4v-2zm16 0H8v2h12v-2z\" fill=\"currentColor\"><\/path><\/svg><svg style=\"fill: #999;color:#999\" class=\"arrow-unsorted-368013\" xmlns=\"http:\/\/www.w3.org\/2000\/svg\" width=\"10px\" height=\"10px\" viewbox=\"0 0 24 24\" version=\"1.2\" baseprofile=\"tiny\"><path d=\"M18.2 9.3l-6.2-6.3-6.2 6.3c-.2.2-.3.4-.3.7s.1.5.3.7c.2.2.4.3.7.3h11c.3 0 .5-.1.7-.3.2-.2.3-.5.3-.7s-.1-.5-.3-.7zM5.8 14.7l6.2 6.3 6.2-6.3c.2-.2.3-.5.3-.7s-.1-.5-.3-.7c-.2-.2-.4-.3-.7-.3h-11c-.3 0-.5.1-.7.3-.2.2-.3.5-.3.7s.1.5.3.7z\"\/><\/svg><\/span><\/span><\/span><\/a><\/span><\/div>\n<nav><ul class='ez-toc-list ez-toc-list-level-1 eztoc-toggle-hide-by-default' ><li class='ez-toc-page-1 ez-toc-heading-level-2'><a class=\"ez-toc-link ez-toc-heading-1\" href=\"https:\/\/moverdb.com\/ro\/freight-forwarder\/freight-forwarding-uk\/ashford-freight-forwarder\/#Rock-it_Global\" >Rock-it Global<\/a><\/li><li class='ez-toc-page-1 ez-toc-heading-level-2'><a class=\"ez-toc-link ez-toc-heading-2\" href=\"https:\/\/moverdb.com\/ro\/freight-forwarder\/freight-forwarding-uk\/ashford-freight-forwarder\/#TLC_World_Logistics\" >TLC World Logistics<\/a><\/li><li class='ez-toc-page-1 ez-toc-heading-level-2'><a class=\"ez-toc-link ez-toc-heading-3\" href=\"https:\/\/moverdb.com\/ro\/freight-forwarder\/freight-forwarding-uk\/ashford-freight-forwarder\/#E_M_S_Cargo_Ltd\" >E M S Cargo Ltd<\/a><\/li><li class='ez-toc-page-1 ez-toc-heading-level-2'><a class=\"ez-toc-link ez-toc-heading-4\" href=\"https:\/\/moverdb.com\/ro\/freight-forwarder\/freight-forwarding-uk\/ashford-freight-forwarder\/#Moonbridge_Air_Project_Services_Ltd\" >Moonbridge Air &amp; Project Services Ltd<\/a><\/li><li class='ez-toc-page-1 ez-toc-heading-level-2'><a class=\"ez-toc-link ez-toc-heading-5\" href=\"https:\/\/moverdb.com\/ro\/freight-forwarder\/freight-forwarding-uk\/ashford-freight-forwarder\/#S-Logibis_UK_Ltd\" >S-Logibis UK Ltd<\/a><\/li><li class='ez-toc-page-1 ez-toc-heading-level-2'><a class=\"ez-toc-link ez-toc-heading-6\" href=\"https:\/\/moverdb.com\/ro\/freight-forwarder\/freight-forwarding-uk\/ashford-freight-forwarder\/#Freedom_Logistics_International_Ltd\" >Freedom Logistics International Ltd<\/a><\/li><li class='ez-toc-page-1 ez-toc-heading-level-2'><a class=\"ez-toc-link ez-toc-heading-7\" href=\"https:\/\/moverdb.com\/ro\/freight-forwarder\/freight-forwarding-uk\/ashford-freight-forwarder\/#Allfreight_Packing_Services\" >Servicii de ambalare Allfreight<\/a><\/li><li class='ez-toc-page-1 ez-toc-heading-level-2'><a class=\"ez-toc-link ez-toc-heading-8\" href=\"https:\/\/moverdb.com\/ro\/freight-forwarder\/freight-forwarding-uk\/ashford-freight-forwarder\/#Velta_International_Air_Freight_Office\" >Velta International Air Freight Office<\/a><\/li><li class='ez-toc-page-1 ez-toc-heading-level-2'><a class=\"ez-toc-link ez-toc-heading-9\" href=\"https:\/\/moverdb.com\/ro\/freight-forwarder\/freight-forwarding-uk\/ashford-freight-forwarder\/#EasyLift_Freight_Solutions\" >Solu\u021bii de transport de marf\u0103 EasyLift<\/a><\/li><li class='ez-toc-page-1 ez-toc-heading-level-2'><a class=\"ez-toc-link ez-toc-heading-10\" href=\"https:\/\/moverdb.com\/ro\/freight-forwarder\/freight-forwarding-uk\/ashford-freight-forwarder\/#NTS_International_Express_Ltd\" >NTS International Express Ltd<\/a><\/li><li class='ez-toc-page-1 ez-toc-heading-level-2'><a class=\"ez-toc-link ez-toc-heading-11\" href=\"https:\/\/moverdb.com\/ro\/freight-forwarder\/freight-forwarding-uk\/ashford-freight-forwarder\/#Chas_Mortimer\" >Chas Mortimer<\/a><\/li><li class='ez-toc-page-1 ez-toc-heading-level-2'><a class=\"ez-toc-link ez-toc-heading-12\" href=\"https:\/\/moverdb.com\/ro\/freight-forwarder\/freight-forwarding-uk\/ashford-freight-forwarder\/#The_Custom_House_Transit\" >Casa v\u0103mii (tranzit)<\/a><\/li><li class='ez-toc-page-1 ez-toc-heading-level-2'><a class=\"ez-toc-link ez-toc-heading-13\" href=\"https:\/\/moverdb.com\/ro\/freight-forwarder\/freight-forwarding-uk\/ashford-freight-forwarder\/#How_we_picked_the_best_Ashford_Freight_Forwarding_Companies\" >Cum am ales cele mai bune companii de transport de marf\u0103 din Ashford<\/a><\/li><\/ul><\/nav><\/div>\n<h2><span class=\"ez-toc-section\" id=\"Rock-it_Global\"><\/span>Rock-it Global<span class=\"ez-toc-section-end\"><\/span><\/h2>\n<p><img decoding=\"async\" src=\"https:\/\/moverdb.com\/wp-content\/uploads\/AF1QipMXzbTN-eDFicPm4qmEDTgVrqaoDwPda3RJXPP-w408-h544-k-no.jpg\" alt='Rock-it Global' class=\"aligncenter\"><\/p>\n<p><strong>Descriere din partea \u00eentreprinderii: <\/strong>\u00cen calitate de principal furnizor de servicii de expediere de marf\u0103 \u0219i logistic\u0103 pentru evenimente live, Rock-it Global combin\u0103 agen\u021bi experimenta\u021bi cu cea mai de \u00eencredere re\u021bea global\u0103 din industrie pentru a oferi evenimente extraordinare.<\/p>\n<p> Ne-am petrecut zeci de ani construind rela\u021bii cu cele mai fiabile \u0219i acreditate agen\u021bii de transport de marf\u0103 din \u00eentreaga lume pentru a ne asigura c\u0103 transporturile dumneavoastr\u0103 ajung \u00een siguran\u021b\u0103 \u0219i la timp, indiferent de loca\u021bie.<\/p>\n<p><strong>Servicii suplimentare:<\/strong><\/p>\n<p>Companie de livrare<\/p>\n<p><strong>Adres\u0103:<\/strong> Abbeygate House, Challenge Rd, Ashford TW15 1AX<\/p>\n<p><a href=\"http:\/\/rockit.global\/\" target=\"_new\" rel=\"noopener\">Site-ul Rock-it Global<\/a><\/p>\n<p><strong>Scor de revizuire: <\/strong>4.5<br \/> <strong>Num\u0103rul de recenzii:<\/strong> 40<br \/><a href=\"https:\/\/www.google.co.uk\/maps?cid=2195633308109349762&#038;hl=en&#038;gl=GB\" target=\"_new\" rel=\"noopener\">Citi\u021bi recenzii<\/a><\/p>\n<h2><span class=\"ez-toc-section\" id=\"TLC_World_Logistics\"><\/span>TLC World Logistics<span class=\"ez-toc-section-end\"><\/span><\/h2>\n<p><img decoding=\"async\" src=\"https:\/\/moverdb.com\/wp-content\/uploads\/AF1QipPd_AwaquiUSQanF1fNMy4jib7LrJ6Kla3MoZt_w408-h544-k-no.jpg\" alt='TLC World Logistics' class=\"aligncenter\"><\/p>\n<p><strong>Descriere din partea \u00eentreprinderii: <\/strong>A face ca produsul dumneavoastr\u0103 s\u0103 ajung\u0103 de la A la B este minimul la care ar trebui s\u0103 v\u0103 a\u0219tepta\u021bi.<\/p>\n<p> Aici, la TLC World Logistics, numele nostru spune totul! Avem grij\u0103 de clien\u021bii no\u0219tri \u0219i facem tot ce ne st\u0103 \u00een putin\u021b\u0103 pentru a fi furnizorul dumneavoastr\u0103 de logistic\u0103 \"de \u00eencredere\".<\/p>\n<p>Echipa noastr\u0103 dedicat\u0103 petrece timp pentru a v\u0103 cunoa\u0219te cerin\u021bele \u0219i a v\u0103 \u00een\u021belege nevoile unice, astfel \u00eenc\u00e2t s\u0103 putem crea o experien\u021b\u0103 f\u0103r\u0103 cusur, de fiecare dat\u0103.<\/p>\n<p>Expedierea de m\u0103rfuri face parte din ADN-ul nostru \u0219i, prin utilizarea rela\u021biilor noastre de lung\u0103 durat\u0103 \u00een domeniul transportului aerian, maritim \u0219i rutier, v\u0103 ajut\u0103m s\u0103 evita\u021bi posibilele b\u0103t\u0103i de cap \u0219i ne asigur\u0103m c\u0103 marfa dumneavoastr\u0103 ajunge la destina\u021bia final\u0103 la momentul potrivit \u0219i \u00een starea corect\u0103.<\/p>\n<p><strong>Servicii suplimentare:<\/strong><\/p>\n<p>Nu este listat<\/p>\n<p><strong>Adres\u0103:<\/strong> Unitatea 23, Littleton House, Littleton Rd, Ashford TW15 1UU<\/p>\n<p><a href=\"http:\/\/tlc-wlogistics.uk\/\" target=\"_new\" rel=\"noopener\">Site-ul TLC World Logistics<\/a><\/p>\n<p><strong>Scor de revizuire: <\/strong>5<br \/> <strong>Num\u0103rul de recenzii:<\/strong> 3<br \/><a href=\"https:\/\/www.google.co.uk\/maps?cid=16083155512195829948&#038;hl=en&#038;gl=GB\" target=\"_new\" rel=\"noopener\">Citi\u021bi recenzii<\/a><\/p>\n<h2><span class=\"ez-toc-section\" id=\"E_M_S_Cargo_Ltd\"><\/span>E M S Cargo Ltd<span class=\"ez-toc-section-end\"><\/span><\/h2>\n<p><img decoding=\"async\" src=\"https:\/\/moverdb.com\/wp-content\/uploads\/thumbnailpanoid7NtfghzoYVSs7rogPVJUTAcb_clientsearch.gws-prod.gpsw408h240yaw196.jpg\" alt='E M S Cargo Ltd' class=\"aligncenter\"><\/p>\n<p><strong>Descriere din partea \u00eentreprinderii: <\/strong>Niciuna furnizat\u0103<\/p>\n<p><strong>Servicii suplimentare:<\/strong><\/p>\n<p>Nu este listat<\/p>\n<p><strong>Adres\u0103:<\/strong> Ashford House, 41-45 Church Rd, Ashford TW15 2TQ<\/p>\n<p><a href=\"https:\/\/www.ems-cargo.co.uk\/\" target=\"_new\" rel=\"noopener\">Site-ul E M S Cargo Ltd<\/a><\/p>\n<p><strong>Scor de revizuire: <\/strong>4<br \/> <strong>Num\u0103rul de recenzii:<\/strong> 1<br \/><a href=\"https:\/\/www.google.co.uk\/maps?cid=7899510178891633001&#038;hl=en&#038;gl=GB\" target=\"_new\" rel=\"noopener\">Citi\u021bi recenzii<\/a><\/p>\n<h2><span class=\"ez-toc-section\" id=\"Moonbridge_Air_Project_Services_Ltd\"><\/span>Moonbridge Air &amp; Project Services Ltd<span class=\"ez-toc-section-end\"><\/span><\/h2>\n<p><img decoding=\"async\" src=\"https:\/\/moverdb.com\/wp-content\/uploads\/thumbnailpanoidd-5tlTL16SC9zsRxLbJZAwcb_clientsearch.gws-prod.gpsw408h240yaw269.jpg\" alt='Moonbridge Air &amp; Project Services Ltd' class=\"aligncenter\"><\/p>\n<p><strong>Descriere din partea \u00eentreprinderii: <\/strong>Niciuna furnizat\u0103<\/p>\n<p><strong>Servicii suplimentare:<\/strong><\/p>\n<p>Serviciul de curierat<\/p>\n<p>Companie de livrare<\/p>\n<p>Instala\u021bie de depozitare<\/p>\n<p><strong>Adres\u0103:<\/strong> 304 Challenge Rd, Feltham, Ashford TW15 1AX<\/p>\n<p><a href=\"http:\/\/www.moonbridge.co.uk\/\" target=\"_new\" rel=\"noopener\">Moonbridge Air &amp; Project Services Ltd website<\/a><\/p>\n<p><strong>Scor de revizuire: <\/strong>4<br \/> <strong>Num\u0103rul de recenzii:<\/strong> 1<br \/><a href=\"https:\/\/www.google.co.uk\/maps?cid=14440356351156623702&#038;hl=en&#038;gl=GB\" target=\"_new\" rel=\"noopener\">Citi\u021bi recenzii<\/a><\/p>\n<h2><span class=\"ez-toc-section\" id=\"S-Logibis_UK_Ltd\"><\/span>S-Logibis UK Ltd<span class=\"ez-toc-section-end\"><\/span><\/h2>\n<p><img decoding=\"async\" src=\"https:\/\/moverdb.com\/wp-content\/uploads\/AF1QipOTDxMw1-hGpG44HoKGWL8P5r8UM0WuRNCHeQhMw426-h240-k-no.jpg\" alt='S-Logibis UK Ltd' class=\"aligncenter\"><\/p>\n<p><strong>Descriere din partea \u00eentreprinderii: <\/strong>Niciuna furnizat\u0103<\/p>\n<p><strong>Servicii suplimentare:<\/strong><\/p>\n<p>Nu este listat<\/p>\n<p><strong>Adres\u0103:<\/strong> Unitatea 201 Challenge Rd, Feltham, Ashford TW15 1AX<\/p>\n<p><a href=\"https:\/\/s-logibis.co.uk\/contents.php?category=10&#038;code=1004\" target=\"_new\" rel=\"noopener\">Site-ul S-Logibis UK Ltd<\/a><\/p>\n<p><strong>Scor de revizuire: <\/strong>4.4<br \/> <strong>Num\u0103rul de recenzii:<\/strong> 5<br \/><a href=\"https:\/\/www.google.co.uk\/maps?cid=6835984102190395091&#038;hl=en&#038;gl=GB\" target=\"_new\" rel=\"noopener\">Citi\u021bi recenzii<\/a><\/p>\n<h2><span class=\"ez-toc-section\" id=\"Freedom_Logistics_International_Ltd\"><\/span>Freedom Logistics International Ltd<span class=\"ez-toc-section-end\"><\/span><\/h2>\n<p><img decoding=\"async\" src=\"https:\/\/moverdb.com\/wp-content\/uploads\/thumbnailpanoidH3zz5a7r1p-R4G5aFS56pwcb_clientsearch.gws-prod.gpsw408h240yaw98.jpg\" alt='Freedom Logistics International Ltd' class=\"aligncenter\"><\/p>\n<p><strong>Descriere din partea \u00eentreprinderii: <\/strong>Niciuna furnizat\u0103<\/p>\n<p><strong>Servicii suplimentare:<\/strong><\/p>\n<p>Serviciul de planificare a evenimentelor<\/p>\n<p>Serviciul de logistic\u0103<\/p>\n<p>Serviciul de transport frigorific<\/p>\n<p>Depozit<\/p>\n<p><strong>Adres\u0103:<\/strong> Unitatea 204, Bedfont Industrial Park, Challenge Rd, Ashford TW15 1AX<\/p>\n<p><a href=\"http:\/\/www.freedomlogisticsuk.co.uk\/\" target=\"_new\" rel=\"noopener\">Freedom Logistics International Ltd website<\/a><\/p>\n<p><strong>Scor de revizuire: <\/strong>4.6<br \/> <strong>Num\u0103rul de recenzii:<\/strong> 10<br \/><a href=\"https:\/\/www.google.co.uk\/maps?cid=17066085133262224157&#038;hl=en&#038;gl=GB\" target=\"_new\" rel=\"noopener\">Citi\u021bi recenzii<\/a><\/p>\n<h2><span class=\"ez-toc-section\" id=\"Allfreight_Packing_Services\"><\/span>Servicii de ambalare Allfreight<span class=\"ez-toc-section-end\"><\/span><\/h2>\n<p><img decoding=\"async\" src=\"https:\/\/moverdb.com\/wp-content\/uploads\/AF1QipOyI1N28LrVGYHJP56hFnzcvncZq5mCd6_ny2fxw408-h301-k-no.png\" alt='Servicii de ambalare Allfreight' class=\"aligncenter\"><\/p>\n<p><strong>Descriere din partea \u00eentreprinderii: <\/strong>Niciuna furnizat\u0103<\/p>\n<p><strong>Servicii suplimentare:<\/strong><\/p>\n<p>Nu este listat<\/p>\n<p><strong>Adres\u0103:<\/strong> Unitatea 11, Ashford Business Complex, 166 Feltham Rd, Shepperton, Ashford TW15 1YQ<\/p>\n<p><a href=\"http:\/\/www.all-freightpacking.co.uk\/\" target=\"_new\" rel=\"noopener\">Site-ul Allfreight Packing Services<\/a><\/p>\n<p><strong>Scor de revizuire: <\/strong>4.5<br \/> <strong>Num\u0103rul de recenzii:<\/strong> 19<br \/><a href=\"https:\/\/www.google.co.uk\/maps?cid=11733537550063034568&#038;hl=en&#038;gl=GB\" target=\"_new\" rel=\"noopener\">Citi\u021bi recenzii<\/a><\/p>\n<h2><span class=\"ez-toc-section\" id=\"Velta_International_Air_Freight_Office\"><\/span>Velta International Air Freight Office<span class=\"ez-toc-section-end\"><\/span><\/h2>\n<p><img decoding=\"async\" src=\"https:\/\/moverdb.com\/wp-content\/uploads\/thumbnailpanoidH3zz5a7r1p-R4G5aFS56pwcb_clientsearch.gws-prod.gpsw408h240yaw102.jpg\" alt='Velta International Air Freight Office' class=\"aligncenter\"><\/p>\n<p><strong>Descriere din partea \u00eentreprinderii: <\/strong>Niciuna furnizat\u0103<\/p>\n<p><strong>Servicii suplimentare:<\/strong><\/p>\n<p>Nu este listat<\/p>\n<p><strong>Adres\u0103:<\/strong> Cl\u0103direa 202, Bedfont Industrial Park North, Challenge Rd, Ashford TW15 1AX<\/p>\n<p><a href=\"http:\/\/www.velta.co.uk\/\" target=\"_new\" rel=\"noopener\">Site-ul web al biroului Velta International Air Freight Office<\/a><\/p>\n<p><strong>Scor de revizuire: <\/strong>5<br \/> <strong>Num\u0103rul de recenzii:<\/strong> 2<br \/><a href=\"https:\/\/www.google.co.uk\/maps?cid=13870450745036940580&#038;hl=en&#038;gl=GB\" target=\"_new\" rel=\"noopener\">Citi\u021bi recenzii<\/a><\/p>\n<h2><span class=\"ez-toc-section\" id=\"EasyLift_Freight_Solutions\"><\/span>Solu\u021bii de transport de marf\u0103 EasyLift<span class=\"ez-toc-section-end\"><\/span><\/h2>\n<p><img decoding=\"async\" src=\"https:\/\/moverdb.com\/wp-content\/uploads\/AF1QipNoTFk2reRz4itzxpVwuzSmMHMIDP0X-M9yAK_Uw408-h544-k-no.jpg\" alt='Solu\u021bii de transport de marf\u0103 EasyLift' class=\"aligncenter\"><\/p>\n<p><strong>Descriere din partea \u00eentreprinderii: <\/strong>Niciuna furnizat\u0103<\/p>\n<p><strong>Servicii suplimentare:<\/strong><\/p>\n<p>Serviciul de distribu\u021bie<\/p>\n<p>Instala\u021bie de depozitare de sine st\u0103t\u0103toare<\/p>\n<p><strong>Adres\u0103:<\/strong> Ashford TN24 8DH<\/p>\n<p><a href=\"https:\/\/easylift.info\/\" target=\"_new\" rel=\"noopener\">Site-ul EasyLift Freight Solutions<\/a><\/p>\n<p><strong>Scor de revizuire: <\/strong>4.8<br \/> <strong>Num\u0103rul de recenzii:<\/strong> 12<br \/><a href=\"https:\/\/www.google.co.uk\/maps?cid=950958352833815491&#038;hl=en&#038;gl=GB\" target=\"_new\" rel=\"noopener\">Citi\u021bi recenzii<\/a><\/p>\n<h2><span class=\"ez-toc-section\" id=\"NTS_International_Express_Ltd\"><\/span>NTS International Express Ltd<span class=\"ez-toc-section-end\"><\/span><\/h2>\n<p><img decoding=\"async\" src=\"https:\/\/moverdb.com\/wp-content\/uploads\/AF1QipMMDXPy6pvHsu76FfdjUDwqP6jdAn79G66Tg41Zw408-h273-k-no.jpg\" alt='NTS International Express Ltd' class=\"aligncenter\"><\/p>\n<p><strong>Descriere din partea \u00eentreprinderii: <\/strong>Speciali\u0219ti \u00een <a href=\"https:\/\/moverdb.com\/ro\/moving-to-the-uk\/\" data-internallinksmanager029f6b8e52c=\"93\" title=\"V\u0103 muta\u021bi \u00een Regatul Unit? 2026 Costurile vie\u021bii \u0219i sfaturi de relocare\">MAREA BRITANIE<\/a> &amp; European Express Transport<\/p>\n<p><strong>Servicii suplimentare:<\/strong><\/p>\n<p>Serviciul de curierat<\/p>\n<p>Serviciul de transport<\/p>\n<p>Companie de camioane<\/p>\n<p><strong>Adres\u0103:<\/strong> 3 Capel Cl, Leacon Rd, Ashford TN23 4GY<\/p>\n<p><a href=\"http:\/\/www.nts-express.co.uk\/\" target=\"_new\" rel=\"noopener\">Site-ul NTS International Express Ltd<\/a><\/p>\n<p><strong>Scor de revizuire: <\/strong>4.7<br \/> <strong>Num\u0103rul de recenzii:<\/strong> 30<br \/><a href=\"https:\/\/www.google.co.uk\/maps?cid=18209474387153204652&#038;hl=en&#038;gl=GB\" target=\"_new\" rel=\"noopener\">Citi\u021bi recenzii<\/a><\/p>\n<h2><span class=\"ez-toc-section\" id=\"Chas_Mortimer\"><\/span>Chas Mortimer<span class=\"ez-toc-section-end\"><\/span><\/h2>\n<p><img decoding=\"async\" src=\"https:\/\/moverdb.com\/wp-content\/uploads\/thumbnailpanoid4AZ2ZR0VKsME0G27IC11lQcb_clientsearch.gws-prod.gpsw408h240yaw18.jpg\" alt='Chas Mortimer' class=\"aligncenter\"><\/p>\n<p><strong>Descriere din partea \u00eentreprinderii: <\/strong>Niciuna furnizat\u0103<\/p>\n<p><strong>Servicii suplimentare:<\/strong><\/p>\n<p>Nu este listat<\/p>\n<p><strong>Adres\u0103:<\/strong> Charing Hill, Charing, Ashford TN27 0NL<\/p>\n<p><a href=\"http:\/\/www.chasmortimer.co.uk\/\" target=\"_new\" rel=\"noopener\">Site-ul lui Chas Mortimer<\/a><\/p>\n<p><strong>Scor de revizuire: <\/strong>4.5<br \/> <strong>Num\u0103rul de recenzii:<\/strong> 13<br \/><a href=\"https:\/\/www.google.co.uk\/maps?cid=6374741749147290751&#038;hl=en&#038;gl=GB\" target=\"_new\" rel=\"noopener\">Citi\u021bi recenzii<\/a><\/p>\n<h2><span class=\"ez-toc-section\" id=\"The_Custom_House_Transit\"><\/span>Casa v\u0103mii (tranzit)<span class=\"ez-toc-section-end\"><\/span><\/h2>\n<p><img decoding=\"async\" src=\"https:\/\/moverdb.com\/wp-content\/uploads\/AF1QipPoSxMCWeMcNFCXVcSmFvJEvFjuUTNYjg_e4OC_w426-h240-k-no.jpg\" alt='Casa v\u0103mii (tranzit)' class=\"aligncenter\"><\/p>\n<p><strong>Descriere din partea \u00eentreprinderii: <\/strong>The Custom House este un agent vamal independent (broker vamal) cu sediul la Sevington, l\u00e2ng\u0103 Ashford, \u00een Kent.<\/p>\n<p> Ne afl\u0103m la principalul post de inspec\u021bie la frontier\u0103 interioar\u0103 al For\u021belor de Frontier\u0103, principalul punct de leg\u0103tur\u0103 cu comer\u021bul dintre Marea Britanie \u0219i Europa continental\u0103.<\/p>\n<p>Facilit\u0103m importurile, exporturile \u0219i tranzitul prin toate punctele de tranzit din Marea Britanie. <a href=\"https:\/\/moverdb.com\/ro\/top-49-container-ports\/\" data-internallinksmanager029f6b8e52c=\"80\" title=\"Top 49 cele mai mari \u0219i mai aglomerate porturi de containere \u00een 2026\">porturi<\/a>, dar se specializeaz\u0103 \u00een comer\u021bul care trece prin portul Dover \u0219i prin tunelul de sub Canalul M\u00e2necii.<\/p>\n<p><strong>Servicii suplimentare:<\/strong><\/p>\n<p>Biroul corporativ<\/p>\n<p><strong>Adres\u0103:<\/strong> Unitatea 21, Arrowhead Road Waterbrook, Park, Ashford TN24 0FL<\/p>\n<p><a href=\"http:\/\/www.thecustomhouse.co.uk\/\" target=\"_new\" rel=\"noopener\">Site web al v\u0103mii (tranzit)<\/a><\/p>\n<p><strong>Scor de revizuire: <\/strong>4.4<br \/> <strong>Num\u0103rul de recenzii:<\/strong> 30<br \/><a href=\"https:\/\/www.google.co.uk\/maps?cid=13081807234282010606&#038;hl=en&#038;gl=GB\" target=\"_new\" rel=\"noopener\">Citi\u021bi recenzii<\/a><\/p>\n<h2><span class=\"ez-toc-section\" id=\"How_we_picked_the_best_Ashford_Freight_Forwarding_Companies\"><\/span>Cum am ales cele mai bune companii de transport de marf\u0103 din Ashford<span class=\"ez-toc-section-end\"><\/span><\/h2>\n<p>Am pornit de la un set de date de 18 companii de transport de marf\u0103 din Ashford pe care le-am putut g\u0103si prin Google Maps \u0219i le-am redus la cele mai bune 12.<\/p>\n<p>Pentru a face acest lucru, am eliminat orice companie care:<\/p>\n<ul>\n<li> Nu avea un site web<\/li>\n<li> Nu a avut comentarii<\/li>\n<li> A avut un scor mediu de recenzii sub 2.0<\/li>\n<\/ul>\n<p>\u00cen acest moment, dac\u0103 aveam 17 sau mai pu\u021bini expeditori, \u00eei enumeram pe to\u021bi.<\/p>\n<p>Pentru ora\u0219ele \u00een care am r\u0103mas cu mai mult de 17 expeditori, am f\u0103cut revizuiri suplimentare, fie prin cre\u0219terea scorului de recenzii necesar (de exemplu, de la un minim de 2,0 la 4,0) \u0219i\/sau prin cre\u0219terea num\u0103rului minim de recenzii necesare (de exemplu, de la cel pu\u021bin 1 recenzie la cel pu\u021bin 10).<\/p>\n<p>Re\u021bine\u021bi c\u0103 am utilizat doar datele de revizuire de la Google Maps \u0219i nu \u0219i de la alte site-uri web ter\u021be.<\/p>\n<p>Mai multe ora\u0219e:<\/p>\n<p><a href=\"https:\/\/moverdb.com\/ro\/expeditor-de-marfuri\/freight-forwarding-uk\/egham-freight-forwarder\/\">Egham Freight Forwarder<\/a><br \/><a href=\"https:\/\/moverdb.com\/ro\/expeditor-de-marfuri\/freight-forwarding-uk\/leeds-freight-forwarder\/\">Leeds Freight Forwarder<\/a><br \/><a href=\"https:\/\/moverdb.com\/ro\/expeditor-de-marfuri\/freight-forwarding-uk\/belfast-freight-forwarder\/\">Belfast Freight Forwarder<\/a><br \/><a href=\"https:\/\/moverdb.com\/ro\/expeditor-de-marfuri\/freight-forwarding-uk\/hayes-freight-forwarder\/\">Hayes Freight Forwarder<\/a><br \/><a href=\"https:\/\/moverdb.com\/ro\/expeditor-de-marfuri\/freight-forwarding-uk\/bradford-freight-forwarder\/\">Bradford Freight Forwarder<\/a><\/p>","protected":false},"excerpt":{"rendered":"<p>Below we look at the 12 &#8220;best&#8221; Freight Forwarding companies in Ashford out of 18. To learn more about how we chose the best please consult our FAQ section at the end. Please not the following listings are in no particular order and we are not making any recommendations for any particular company. Rock-it Global [&hellip;]<\/p>\n","protected":false},"author":1,"featured_media":0,"parent":13427,"menu_order":0,"comment_status":"open","ping_status":"open","template":"","meta":{"_genesis_hide_title":false,"_genesis_hide_breadcrumbs":false,"_genesis_hide_singular_image":false,"_genesis_hide_footer_widgets":false,"_genesis_custom_body_class":"","_genesis_custom_post_class":"","_genesis_layout":"","footnotes":""},"class_list":{"0":"post-13667","1":"page","2":"type-page","3":"status-publish","5":"entry"},"_links":{"self":[{"href":"https:\/\/moverdb.com\/ro\/wp-json\/wp\/v2\/pages\/13667","targetHints":{"allow":["GET"]}}],"collection":[{"href":"https:\/\/moverdb.com\/ro\/wp-json\/wp\/v2\/pages"}],"about":[{"href":"https:\/\/moverdb.com\/ro\/wp-json\/wp\/v2\/types\/page"}],"author":[{"embeddable":true,"href":"https:\/\/moverdb.com\/ro\/wp-json\/wp\/v2\/users\/1"}],"replies":[{"embeddable":true,"href":"https:\/\/moverdb.com\/ro\/wp-json\/wp\/v2\/comments?post=13667"}],"version-history":[{"count":1,"href":"https:\/\/moverdb.com\/ro\/wp-json\/wp\/v2\/pages\/13667\/revisions"}],"predecessor-version":[{"id":15685,"href":"https:\/\/moverdb.com\/ro\/wp-json\/wp\/v2\/pages\/13667\/revisions\/15685"}],"up":[{"embeddable":true,"href":"https:\/\/moverdb.com\/ro\/wp-json\/wp\/v2\/pages\/13427"}],"wp:attachment":[{"href":"https:\/\/moverdb.com\/ro\/wp-json\/wp\/v2\/media?parent=13667"}],"curies":[{"name":"wp","href":"https:\/\/api.w.org\/{rel}","templated":true}]}}