{"id":13640,"date":"2023-11-08T15:51:25","date_gmt":"2023-11-08T15:51:25","guid":{"rendered":"https:\/\/moverdb.com\/freight-forwarder\/freight-forwarding-uk\/sheffield-freight-forwarder\/"},"modified":"2026-01-08T14:55:34","modified_gmt":"2026-01-08T14:55:34","slug":"sheffield-freight-forwarder","status":"publish","type":"page","link":"https:\/\/moverdb.com\/ro\/freight-forwarder\/freight-forwarding-uk\/sheffield-freight-forwarder\/","title":{"rendered":"12 Cele mai bune companii de transport de marf\u0103 din Sheffield (2024)"},"content":{"rendered":"<p>Mai jos ne uit\u0103m la cele 12 <em>\"cel mai bun\"<\/em> Societ\u0103\u021bi de transport de m\u0103rfuri \u00een <a href=\"\" data-internallinksmanager029f6b8e52c=\"66\" title=\"Sheffield\">Sheffield<\/a> din 17.<\/p>\n<p>Pentru a afla mai multe despre modul \u00een care i-am ales pe cei mai buni, v\u0103 rug\u0103m s\u0103 consulta\u021bi sec\u021biunea \u00centreb\u0103ri frecvente de la final.<\/p>\n<p><em>V\u0103 rug\u0103m s\u0103 re\u021bine\u021bi c\u0103 urm\u0103toarele liste nu sunt prezentate \u00eentr-o anumit\u0103 ordine \u0219i c\u0103 nu facem recomand\u0103ri pentru nicio companie anume.<\/em><\/p>\n<div id=\"ez-toc-container\" class=\"ez-toc-v2_0_82_2 ez-toc-wrap-left counter-hierarchy ez-toc-counter ez-toc-transparent ez-toc-container-direction\">\n<div class=\"ez-toc-title-container\">\n<p class=\"ez-toc-title\" style=\"cursor:inherit\">Sec\u021biuni<\/p>\n<span class=\"ez-toc-title-toggle\"><a href=\"#\" class=\"ez-toc-pull-right ez-toc-btn ez-toc-btn-xs ez-toc-btn-default ez-toc-toggle\" aria-label=\"Comuta\u021bi tabelul de con\u021binut\"><span class=\"ez-toc-js-icon-con\"><span class=\"\"><span class=\"eztoc-hide\" style=\"display:none;\">Toggle<\/span><span class=\"ez-toc-icon-toggle-span\"><svg style=\"fill: #999;color:#999\" xmlns=\"http:\/\/www.w3.org\/2000\/svg\" class=\"list-377408\" width=\"20px\" height=\"20px\" viewbox=\"0 0 24 24\" fill=\"none\"><path d=\"M6 6H4v2h2V6zm14 0H8v2h12V6zM4 11h2v2H4v-2zm16 0H8v2h12v-2zM4 16h2v2H4v-2zm16 0H8v2h12v-2z\" fill=\"currentColor\"><\/path><\/svg><svg style=\"fill: #999;color:#999\" class=\"arrow-unsorted-368013\" xmlns=\"http:\/\/www.w3.org\/2000\/svg\" width=\"10px\" height=\"10px\" viewbox=\"0 0 24 24\" version=\"1.2\" baseprofile=\"tiny\"><path d=\"M18.2 9.3l-6.2-6.3-6.2 6.3c-.2.2-.3.4-.3.7s.1.5.3.7c.2.2.4.3.7.3h11c.3 0 .5-.1.7-.3.2-.2.3-.5.3-.7s-.1-.5-.3-.7zM5.8 14.7l6.2 6.3 6.2-6.3c.2-.2.3-.5.3-.7s-.1-.5-.3-.7c-.2-.2-.4-.3-.7-.3h-11c-.3 0-.5.1-.7.3-.2.2-.3.5-.3.7s.1.5.3.7z\"\/><\/svg><\/span><\/span><\/span><\/a><\/span><\/div>\n<nav><ul class='ez-toc-list ez-toc-list-level-1 eztoc-toggle-hide-by-default' ><li class='ez-toc-page-1 ez-toc-heading-level-2'><a class=\"ez-toc-link ez-toc-heading-1\" href=\"https:\/\/moverdb.com\/ro\/freight-forwarder\/freight-forwarding-uk\/sheffield-freight-forwarder\/#NINE56_Ltd\" >NINE56 Ltd.<\/a><\/li><li class='ez-toc-page-1 ez-toc-heading-level-2'><a class=\"ez-toc-link ez-toc-heading-2\" href=\"https:\/\/moverdb.com\/ro\/freight-forwarder\/freight-forwarding-uk\/sheffield-freight-forwarder\/#Logillistics\" >Logistic\u0103<\/a><\/li><li class='ez-toc-page-1 ez-toc-heading-level-2'><a class=\"ez-toc-link ez-toc-heading-3\" href=\"https:\/\/moverdb.com\/ro\/freight-forwarder\/freight-forwarding-uk\/sheffield-freight-forwarder\/#Unity_Logistics\" >Unity Logistics<\/a><\/li><li class='ez-toc-page-1 ez-toc-heading-level-2'><a class=\"ez-toc-link ez-toc-heading-4\" href=\"https:\/\/moverdb.com\/ro\/freight-forwarder\/freight-forwarding-uk\/sheffield-freight-forwarder\/#Quality_Freight_Services_Ltd\" >Servicii de transport de marf\u0103 de calitate SRL<\/a><\/li><li class='ez-toc-page-1 ez-toc-heading-level-2'><a class=\"ez-toc-link ez-toc-heading-5\" href=\"https:\/\/moverdb.com\/ro\/freight-forwarder\/freight-forwarding-uk\/sheffield-freight-forwarder\/#ATWS_Logistics_Consultancy_Ltd\" >ATWS Logistics Consultancy Ltd.<\/a><\/li><li class='ez-toc-page-1 ez-toc-heading-level-2'><a class=\"ez-toc-link ez-toc-heading-6\" href=\"https:\/\/moverdb.com\/ro\/freight-forwarder\/freight-forwarding-uk\/sheffield-freight-forwarder\/#Metoni_Logistics\" >Metoni Logistics<\/a><\/li><li class='ez-toc-page-1 ez-toc-heading-level-2'><a class=\"ez-toc-link ez-toc-heading-7\" href=\"https:\/\/moverdb.com\/ro\/freight-forwarder\/freight-forwarding-uk\/sheffield-freight-forwarder\/#Freight_Despatch_Worldwide\" >Expediere de marf\u0103 la nivel mondial<\/a><\/li><li class='ez-toc-page-1 ez-toc-heading-level-2'><a class=\"ez-toc-link ez-toc-heading-8\" href=\"https:\/\/moverdb.com\/ro\/freight-forwarder\/freight-forwarding-uk\/sheffield-freight-forwarder\/#MBL_Worldwide\" >MBL Worldwide<\/a><\/li><li class='ez-toc-page-1 ez-toc-heading-level-2'><a class=\"ez-toc-link ez-toc-heading-9\" href=\"https:\/\/moverdb.com\/ro\/freight-forwarder\/freight-forwarding-uk\/sheffield-freight-forwarder\/#Dolphin_Freight_Services_Ltd\" >Dolphin Freight Services Ltd<\/a><\/li><li class='ez-toc-page-1 ez-toc-heading-level-2'><a class=\"ez-toc-link ez-toc-heading-10\" href=\"https:\/\/moverdb.com\/ro\/freight-forwarder\/freight-forwarding-uk\/sheffield-freight-forwarder\/#BSC-Essex_Freight\" >BSC-Essex Freight<\/a><\/li><li class='ez-toc-page-1 ez-toc-heading-level-2'><a class=\"ez-toc-link ez-toc-heading-11\" href=\"https:\/\/moverdb.com\/ro\/freight-forwarder\/freight-forwarding-uk\/sheffield-freight-forwarder\/#International_Freight_Solutions_Ltd\" >Solu\u021bii interna\u021bionale de transport de marf\u0103 Ltd<\/a><\/li><li class='ez-toc-page-1 ez-toc-heading-level-2'><a class=\"ez-toc-link ez-toc-heading-12\" href=\"https:\/\/moverdb.com\/ro\/freight-forwarder\/freight-forwarding-uk\/sheffield-freight-forwarder\/#Worldwide_Logisitcs_Group_UK\" >Worldwide Logisitcs Group UK<\/a><\/li><li class='ez-toc-page-1 ez-toc-heading-level-2'><a class=\"ez-toc-link ez-toc-heading-13\" href=\"https:\/\/moverdb.com\/ro\/freight-forwarder\/freight-forwarding-uk\/sheffield-freight-forwarder\/#How_we_picked_the_best_Sheffield_Freight_Forwarding_Companies\" >Cum am ales cele mai bune companii de transport de marf\u0103 din Sheffield<\/a><\/li><\/ul><\/nav><\/div>\n<h2><span class=\"ez-toc-section\" id=\"NINE56_Ltd\"><\/span>NINE56 Ltd.<span class=\"ez-toc-section-end\"><\/span><\/h2>\n<p><img decoding=\"async\" src=\"https:\/\/moverdb.com\/wp-content\/uploads\/thumbnailpanoid7L5RtXsa0l2EVG_O5xd6cAcb_clientsearch.gws-prod.gpsw408h240yaw137.jpg\" alt='NINE56 Ltd.' class=\"aligncenter\"><\/p>\n<p><strong>Descriere din partea \u00eentreprinderii: <\/strong>Niciuna furnizat\u0103<\/p>\n<p><strong>Servicii suplimentare:<\/strong><\/p>\n<p>Nu este listat<\/p>\n<p><strong>Adres\u0103:<\/strong> 492 Grimesthorpe Rd, Sheffield S4 8LE<\/p>\n<p><a href=\"http:\/\/racingphotographic.co.uk\/\" target=\"_new\" rel=\"noopener\">Site-ul web al NINE56 Ltd.<\/a><\/p>\n<p><strong>Scor de revizuire: <\/strong>2.5<br \/> <strong>Num\u0103rul de recenzii:<\/strong> 2<br \/><a href=\"https:\/\/www.google.co.uk\/maps?cid=14583819038765427320&#038;hl=en&#038;gl=GB\" target=\"_new\" rel=\"noopener\">Citi\u021bi recenzii<\/a><\/p>\n<h2><span class=\"ez-toc-section\" id=\"Logillistics\"><\/span>Logistic\u0103<span class=\"ez-toc-section-end\"><\/span><\/h2>\n<p><img decoding=\"async\" src=\"https:\/\/moverdb.com\/wp-content\/uploads\/AF1QipOozHrdIDSafLAGaGa0d0eNczvAdrRqaFBW7OeVw408-h306-k-no.jpg\" alt='Logistic\u0103' class=\"aligncenter\"><\/p>\n<p><strong>Descriere din partea \u00eentreprinderii: <\/strong>Logillistics este o companie regional\u0103 de logistic\u0103 \u00een expansiune, cu un angajament puternic fa\u021b\u0103 de inova\u021bie, tehnologie \u0219i excelen\u021b\u0103 \u00een servicii, care ofer\u0103 solu\u021bii logistice integrate, inclusiv logistic\u0103 de proiect, transport aerian, transport maritim, transport terestru, v\u0103muire, depozitare \u0219i management de distribu\u021bie.<\/p>\n<p><strong>Servicii suplimentare:<\/strong><\/p>\n<p>Nu este listat<\/p>\n<p><strong>Adres\u0103:<\/strong> Park House Lane Sher-inghs House, Sheffield S9 1XA<\/p>\n<p><a href=\"http:\/\/www.logillistics.co.uk\/\" target=\"_new\" rel=\"noopener\">Site web Logillistics<\/a><\/p>\n<p><strong>Scor de revizuire: <\/strong>5<br \/> <strong>Num\u0103rul de recenzii:<\/strong> 1<br \/><a href=\"https:\/\/www.google.co.uk\/maps?cid=5774184684835865063&#038;hl=en&#038;gl=GB\" target=\"_new\" rel=\"noopener\">Citi\u021bi recenzii<\/a><\/p>\n<h2><span class=\"ez-toc-section\" id=\"Unity_Logistics\"><\/span>Unity Logistics<span class=\"ez-toc-section-end\"><\/span><\/h2>\n<p><img decoding=\"async\" src=\"https:\/\/moverdb.com\/wp-content\/uploads\/thumbnailpanoid90F28Hm5DQOoPjdwg5fxfwcb_clientsearch.gws-prod.gpsw408h240yaw318.jpg\" alt='Unity Logistics' class=\"aligncenter\"><\/p>\n<p><strong>Descriere din partea \u00eentreprinderii: <\/strong><a href=\"https:\/\/moverdb.com\/ro\/moving-to-the-uk\/\" data-internallinksmanager029f6b8e52c=\"93\" title=\"V\u0103 muta\u021bi \u00een Regatul Unit? 2026 Costurile vie\u021bii \u0219i sfaturi de relocare\">MAREA BRITANIE<\/a> \u0219i servicii de expediere \u0219i transport interna\u021bional de m\u0103rfuri.<\/p>\n<p> Putem face oferte pentru expedierea m\u0103rfurilor \u00een \u00eentreaga lume pe cale rutier\u0103, maritim\u0103, aerian\u0103 \u0219i prin curierat \u0219i putem oferi servicii asociate pentru a v\u0103 transporta bunurile de la A la B.<\/p>\n<p><strong>Servicii suplimentare:<\/strong><\/p>\n<p>Nu este listat<\/p>\n<p><strong>Adres\u0103:<\/strong> Eckington Business Centre, 1 62 Market St, Eckington, Sheffield S21 4JH<\/p>\n<p><a href=\"http:\/\/www.unitylogistics.co.uk\/\" target=\"_new\" rel=\"noopener\">Site-ul Unity Logistics<\/a><\/p>\n<p><strong>Scor de revizuire: <\/strong>5<br \/> <strong>Num\u0103rul de recenzii:<\/strong> 4<br \/><a href=\"https:\/\/www.google.co.uk\/maps?cid=11473436603787998523&#038;hl=en&#038;gl=GB\" target=\"_new\" rel=\"noopener\">Citi\u021bi recenzii<\/a><\/p>\n<h2><span class=\"ez-toc-section\" id=\"Quality_Freight_Services_Ltd\"><\/span>Servicii de transport de marf\u0103 de calitate SRL<span class=\"ez-toc-section-end\"><\/span><\/h2>\n<p><img decoding=\"async\" src=\"\" alt=\"Servicii de transport de marf\u0103 de calitate SRL\" class=\"aligncenter\"><\/p>\n<p><strong>Descriere din partea \u00eentreprinderii: <\/strong>Niciuna furnizat\u0103<\/p>\n<p><strong>Servicii suplimentare:<\/strong><\/p>\n<p>Nu este listat<\/p>\n<p><strong>Adres\u0103:<\/strong> Unit C Ground Floor, Centenary Works, 150 Little London Rd, Sheffield S8 0UJ<\/p>\n<p><a href=\"http:\/\/www.qualityfreight.co.uk\/\" target=\"_new\" rel=\"noopener\">Site-ul Quality Freight Services Ltd<\/a><\/p>\n<p><strong>Scor de revizuire: <\/strong>5<br \/> <strong>Num\u0103rul de recenzii:<\/strong> 4<br \/><a href=\"https:\/\/www.google.co.uk\/maps?cid=9317226809595756605&#038;hl=en&#038;gl=GB\" target=\"_new\" rel=\"noopener\">Citi\u021bi recenzii<\/a><\/p>\n<h2><span class=\"ez-toc-section\" id=\"ATWS_Logistics_Consultancy_Ltd\"><\/span>ATWS Logistics Consultancy Ltd.<span class=\"ez-toc-section-end\"><\/span><\/h2>\n<p><img decoding=\"async\" src=\"https:\/\/moverdb.com\/wp-content\/uploads\/thumbnailpanoidLdZLeayCoUw-bOuhWIH0uQcb_clientsearch.gws-prod.gpsw408h240yaw307.jpg\" alt='ATWS Logistics Consultancy Ltd.' class=\"aligncenter\"><\/p>\n<p><strong>Descriere din partea \u00eentreprinderii: <\/strong>ATWS Logistics se ocup\u0103 de toate nevoile dumneavoastr\u0103 de transport, cu aproape 20 de ani de cuno\u0219tin\u021be \u00een domeniu, v\u0103 putem sf\u0103tui cu privire la cea mai bun\u0103 sau cea mai economic\u0103 modalitate de a v\u0103 transporta bunurile.<\/p>\n<p>Modul \u00een care compania noastr\u0103 v\u0103 avantajeaz\u0103 pe dumneavoastr\u0103, clientul, se datoreaz\u0103 faptului c\u0103 achizi\u021bion\u0103m \u00een vrac de la transportatori, ceea ce \u00eenseamn\u0103 c\u0103 v\u0103 putem oferi economii excelente fa\u021b\u0103 de tarifele lor de list\u0103 online.<\/p>\n<p> Ave\u021bi \u00eencredere \u00een serviciile de curierat interna\u021bional \u0219i britanic cu DHL, UPS, TNT, FedEx, DPD \u0219i al\u021bii.<\/p>\n<p> Beneficia\u021bi de accesul nostru la tarifele consolidate ale companiilor aeriene pentru a v\u0103 transporta m\u0103rfurile.<\/p>\n<p><strong>Servicii suplimentare:<\/strong><\/p>\n<p>Serviciul de curierat<\/p>\n<p>Serviciul de livrare<\/p>\n<p>Exportator<\/p>\n<p>Companie de import-export<\/p>\n<p>Serviciul de logistic\u0103<\/p>\n<p>Serviciul de transport<\/p>\n<p><strong>Adres\u0103:<\/strong> 39 Alison Cres, Sheffield S2 1AS<\/p>\n<p><a href=\"https:\/\/atwslogistics.co.uk\/\" target=\"_new\" rel=\"noopener\">Site-ul ATWS Logistics Consultancy Ltd<\/a><\/p>\n<p><strong>Scor de revizuire: <\/strong>5<br \/> <strong>Num\u0103rul de recenzii:<\/strong> 9<br \/><a href=\"https:\/\/www.google.co.uk\/maps?cid=16625878453004844754&#038;hl=en&#038;gl=GB\" target=\"_new\" rel=\"noopener\">Citi\u021bi recenzii<\/a><\/p>\n<h2><span class=\"ez-toc-section\" id=\"Metoni_Logistics\"><\/span>Metoni Logistics<span class=\"ez-toc-section-end\"><\/span><\/h2>\n<p><img decoding=\"async\" src=\"https:\/\/moverdb.com\/wp-content\/uploads\/AF1QipMXpn3Z6-pul8TChflorww8t0DmUOlMeeh7M-r5w408-h532-k-no.jpg\" alt='Metoni Logistics' class=\"aligncenter\"><\/p>\n<p><strong>Descriere din partea \u00eentreprinderii: <\/strong>Metoni Logistics ofer\u0103 o gam\u0103 larg\u0103 de servicii de expediere a m\u0103rfurilor la nivel mondial, inclusiv transport intern, v\u0103muire, curierat, import, export \u0219i \u00eendeplinirea comenzilor \/ depozitare.<\/p>\n<p> Contacta\u021bi afacerea pentru a discuta cerin\u021bele dumneavoastr\u0103, fie ad-hoc sau pe baz\u0103 de contract.<\/p>\n<p> Orele de deschidere ale biroului sunt luni, vineri, 08:30 \u0219i 17:30, \u00eens\u0103 este posibil ca \u00een afara acestor ore s\u0103 se r\u0103spund\u0103 la solicit\u0103ri prin e-mail.<\/p>\n<p><strong>Servicii suplimentare:<\/strong><\/p>\n<p>Nu este listat<\/p>\n<p><strong>Adres\u0103:<\/strong> Unit\u0103\u021bile 2 &amp;, 3A Redwall Cl, Dinnington, Sheffield S25 3QA<\/p>\n<p><a href=\"https:\/\/www.metonilogistics.co.uk\/\" target=\"_new\" rel=\"noopener\">Site-ul Metoni Logistics<\/a><\/p>\n<p><strong>Scor de revizuire: <\/strong>4.8<br \/> <strong>Num\u0103rul de recenzii:<\/strong> 22<br \/><a href=\"https:\/\/www.google.co.uk\/maps?cid=17438250919113913033&#038;hl=en&#038;gl=GB\" target=\"_new\" rel=\"noopener\">Citi\u021bi recenzii<\/a><\/p>\n<h2><span class=\"ez-toc-section\" id=\"Freight_Despatch_Worldwide\"><\/span>Expediere de marf\u0103 la nivel mondial<span class=\"ez-toc-section-end\"><\/span><\/h2>\n<p><img decoding=\"async\" src=\"https:\/\/moverdb.com\/wp-content\/uploads\/thumbnailpanoidLdZLeayCoUw-bOuhWIH0uQcb_clientsearch.gws-prod.gpsw408h240yaw309.jpg\" alt='Expediere de marf\u0103 la nivel mondial' class=\"aligncenter\"><\/p>\n<p><strong>Descriere din partea \u00eentreprinderii: <\/strong>Niciuna furnizat\u0103<\/p>\n<p><strong>Servicii suplimentare:<\/strong><\/p>\n<p>Nu este listat<\/p>\n<p><strong>Adres\u0103:<\/strong> 39 Alison Cres, Sheffield S2 1AS<\/p>\n<p><a href=\"https:\/\/www.freightdespatch.com\/\" target=\"_new\" rel=\"noopener\">Site web Freight Despatch Worldwide<\/a><\/p>\n<p><strong>Scor de revizuire: <\/strong>5<br \/> <strong>Num\u0103rul de recenzii:<\/strong> 3<br \/><a href=\"https:\/\/www.google.co.uk\/maps?cid=3385489010189936138&#038;hl=en&#038;gl=GB\" target=\"_new\" rel=\"noopener\">Citi\u021bi recenzii<\/a><\/p>\n<h2><span class=\"ez-toc-section\" id=\"MBL_Worldwide\"><\/span>MBL Worldwide<span class=\"ez-toc-section-end\"><\/span><\/h2>\n<p><img decoding=\"async\" src=\"https:\/\/moverdb.com\/wp-content\/uploads\/AF1QipNeFZSxaoJjKTIys9kl9cMV4Ch2oFqrYgLMgBNLw408-h281-k-no.jpg\" alt='MBL Worldwide' class=\"aligncenter\"><\/p>\n<p><strong>Descriere din partea \u00eentreprinderii: <\/strong>Cu peste 30 de ani de experien\u021b\u0103 \u00een industria de transport \u0219i logistic\u0103, MBL Worldwide v\u0103 ofer\u0103 dumneavoastr\u0103 \u0219i companiei dumneavoastr\u0103 siguran\u021ba de a \u0219ti c\u0103 bunurile dumneavoastr\u0103 sunt pe m\u00e2ini sigure, de la colectare p\u00e2n\u0103 la livrare.<\/p>\n<p> Fie c\u0103 este vorba de un plic cu documente care trebuie livrat la timp sau de o \u00eenc\u0103rc\u0103tur\u0103 \u00een afara gabaritului \u00een cealalt\u0103 parte a lumii, noi putem s\u0103 o ducem acolo pentru dumneavoastr\u0103.<\/p>\n<p> La MBL Worldwide suntem specializa\u021bi \u00een toate modurile de transport, c\u0103tre \u0219i dinspre toate punctele de pe glob, folosindu-ne de contactele \u0219i agen\u021bii no\u0219tri extinse la nivel mondial.<\/p>\n<p><strong>Servicii suplimentare:<\/strong><\/p>\n<p>Nu este listat<\/p>\n<p><strong>Adres\u0103:<\/strong> 19C Orgreave Cl, Sheffield S13 9NP<\/p>\n<p><a href=\"http:\/\/www.mblworldwide.co.uk\/\" target=\"_new\" rel=\"noopener\">Site-ul MBL Worldwide<\/a><\/p>\n<p><strong>Scor de revizuire: <\/strong>3.7<br \/> <strong>Num\u0103rul de recenzii:<\/strong> 3<br \/><a href=\"https:\/\/www.google.co.uk\/maps?cid=11945059701134203149&#038;hl=en&#038;gl=GB\" target=\"_new\" rel=\"noopener\">Citi\u021bi recenzii<\/a><\/p>\n<h2><span class=\"ez-toc-section\" id=\"Dolphin_Freight_Services_Ltd\"><\/span>Dolphin Freight Services Ltd<span class=\"ez-toc-section-end\"><\/span><\/h2>\n<p><img decoding=\"async\" src=\"https:\/\/moverdb.com\/wp-content\/uploads\/thumbnailpanoidgRBR3ZxUVJAEj4FOLLM_Sgcb_clientsearch.gws-prod.gpsw408h240yaw343.jpg\" alt='Dolphin Freight Services Ltd' class=\"aligncenter\"><\/p>\n<p><strong>Descriere din partea \u00eentreprinderii: <\/strong>Niciuna furnizat\u0103<\/p>\n<p><strong>Servicii suplimentare:<\/strong><\/p>\n<p>Nu este listat<\/p>\n<p><strong>Adres\u0103:<\/strong> Unitatea 3 Ranskill Ct, Tinsley, Sheffield S9 5FZ<\/p>\n<p><a href=\"http:\/\/www.dolphinfreight.co.uk\/\" target=\"_new\" rel=\"noopener\">Site-ul Dolphin Freight Services Ltd<\/a><\/p>\n<p><strong>Scor de revizuire: <\/strong>4.3<br \/> <strong>Num\u0103rul de recenzii:<\/strong> 6<br \/><a href=\"https:\/\/www.google.co.uk\/maps?cid=841248966975053739&#038;hl=en&#038;gl=GB\" target=\"_new\" rel=\"noopener\">Citi\u021bi recenzii<\/a><\/p>\n<h2><span class=\"ez-toc-section\" id=\"BSC-Essex_Freight\"><\/span>BSC-Essex Freight<span class=\"ez-toc-section-end\"><\/span><\/h2>\n<p><img decoding=\"async\" src=\"https:\/\/moverdb.com\/wp-content\/uploads\/AF1QipPx-HgBMJYfK_9QwTemIMhc9_BCG0spx3Azcvy6w493-h240-k-no.jpg\" alt='BSC-Essex Freight' class=\"aligncenter\"><\/p>\n<p><strong>Descriere din partea \u00eentreprinderii: <\/strong>Niciuna furnizat\u0103<\/p>\n<p><strong>Servicii suplimentare:<\/strong><\/p>\n<p>Nu este listat<\/p>\n<p><strong>Adres\u0103:<\/strong> Business Park, 58 Newhall Rd, Sheffield S9 2QD<\/p>\n<p><a href=\"http:\/\/www.bscessexfreight.com\/\" target=\"_new\" rel=\"noopener\">Site-ul BSC-Essex Freight<\/a><\/p>\n<p><strong>Scor de revizuire: <\/strong>4.5<br \/> <strong>Num\u0103rul de recenzii:<\/strong> 31<br \/><a href=\"https:\/\/www.google.co.uk\/maps?cid=12739898572885287252&#038;hl=en&#038;gl=GB\" target=\"_new\" rel=\"noopener\">Citi\u021bi recenzii<\/a><\/p>\n<h2><span class=\"ez-toc-section\" id=\"International_Freight_Solutions_Ltd\"><\/span>Solu\u021bii interna\u021bionale de transport de marf\u0103 Ltd<span class=\"ez-toc-section-end\"><\/span><\/h2>\n<p><img decoding=\"async\" src=\"https:\/\/moverdb.com\/wp-content\/uploads\/AF1QipOR7M0BTISXAFrqYQB-aeeiKaPPLRn56p1E2gBew408-h306-k-no.jpg\" alt='Solu\u021bii interna\u021bionale de transport de marf\u0103 Ltd' class=\"aligncenter\"><\/p>\n<p><strong>Descriere din partea \u00eentreprinderii: <\/strong>La International Freight Solutions (IFS) oferim o gam\u0103 larg\u0103 de op\u021biuni de servicii de transport de marf\u0103 la nivel mondial, at\u00e2t pentru export, c\u00e2t \u0219i pentru import.<\/p>\n<p> Lucr\u00e2nd \u00eendeaproape cu dumneavoastr\u0103, g\u0103sim cele mai bune solu\u021bii pentru a v\u0103 satisface nevoile logistice.<\/p>\n<p>Exporturi: Importuri: Europene: \u00cen toat\u0103 lumea: Transport maritim: Transport aerian: Transport rutier: Transport feroviar de marf\u0103: Servicii de curierat interna\u021bional: Servicii de curierat expres dedicat \u00een Marea Britanie \u0219i Europa.<\/p>\n<p><strong>Servicii suplimentare:<\/strong><\/p>\n<p>Nu este listat<\/p>\n<p><strong>Adres\u0103:<\/strong> Hydra Business Park, biroul 10 Hydra House, Nether Ln, Sheffield S35 9ZX<\/p>\n<p><a href=\"http:\/\/www.intfreight.co.uk\/\" target=\"_new\" rel=\"noopener\">Site-ul International Freight Solutions Ltd<\/a><\/p>\n<p><strong>Scor de revizuire: <\/strong>4.9<br \/> <strong>Num\u0103rul de recenzii:<\/strong> 32<br \/><a href=\"https:\/\/www.google.co.uk\/maps?cid=3898802828460418149&#038;hl=en&#038;gl=GB\" target=\"_new\" rel=\"noopener\">Citi\u021bi recenzii<\/a><\/p>\n<h2><span class=\"ez-toc-section\" id=\"Worldwide_Logisitcs_Group_UK\"><\/span>Worldwide Logisitcs Group UK<span class=\"ez-toc-section-end\"><\/span><\/h2>\n<p><img decoding=\"async\" src=\"https:\/\/moverdb.com\/wp-content\/uploads\/thumbnailpanoidj1AsC82rJB-PLDb-Ra5t8wcb_clientsearch.gws-prod.gpsw408h240yaw211.jpg\" alt='Worldwide Logisitcs Group UK' class=\"aligncenter\"><\/p>\n<p><strong>Descriere din partea \u00eentreprinderii: <\/strong>Niciuna furnizat\u0103<\/p>\n<p><strong>Servicii suplimentare:<\/strong><\/p>\n<p>Nu este listat<\/p>\n<p><strong>Adres\u0103:<\/strong> Aizlewoods Mill, Nursery St, Sheffield S3 8GG<\/p>\n<p><a href=\"https:\/\/worldwidelogisticsltd.com\/uk\/\" target=\"_new\" rel=\"noopener\">Site-ul Worldwide Logisitcs Group UK<\/a><\/p>\n<p><strong>Scor de revizuire: <\/strong>5<br \/> <strong>Num\u0103rul de recenzii:<\/strong> 1<br \/><a href=\"https:\/\/www.google.co.uk\/maps?cid=12524890210797566915&#038;hl=en&#038;gl=GB\" target=\"_new\" rel=\"noopener\">Citi\u021bi recenzii<\/a><\/p>\n<h2><span class=\"ez-toc-section\" id=\"How_we_picked_the_best_Sheffield_Freight_Forwarding_Companies\"><\/span>Cum am ales cele mai bune companii de transport de marf\u0103 din Sheffield<span class=\"ez-toc-section-end\"><\/span><\/h2>\n<p>Am pornit de la un set de date de 17 companii de transport de marf\u0103 din Sheffield pe care le-am g\u0103sit prin Google Maps \u0219i le-am redus la cele mai bune 12.<\/p>\n<p>Pentru a face acest lucru, am eliminat orice companie care:<\/p>\n<ul>\n<li> Nu avea un site web<\/li>\n<li> Nu a avut comentarii<\/li>\n<li> A avut un scor mediu de recenzii sub 2.0<\/li>\n<\/ul>\n<p>\u00cen acest moment, dac\u0103 aveam 17 sau mai pu\u021bini expeditori, \u00eei enumeram pe to\u021bi.<\/p>\n<p>Pentru ora\u0219ele \u00een care am r\u0103mas cu mai mult de 17 expeditori, am f\u0103cut revizuiri suplimentare, fie prin cre\u0219terea scorului de recenzii necesar (de exemplu, de la un minim de 2,0 la 4,0) \u0219i\/sau prin cre\u0219terea num\u0103rului minim de recenzii necesare (de exemplu, de la cel pu\u021bin 1 recenzie la cel pu\u021bin 10).<\/p>\n<p>Re\u021bine\u021bi c\u0103 am utilizat doar datele de revizuire de la Google Maps \u0219i nu \u0219i de la alte site-uri web ter\u021be.<\/p>\n<p>Mai multe ora\u0219e:<\/p>\n<p><a href=\"https:\/\/moverdb.com\/ro\/expeditor-de-marfuri\/freight-forwarding-uk\/dover-freight-forwarder\/\">Dover Freight Forwarder<\/a><br \/><a href=\"https:\/\/moverdb.com\/ro\/expeditor-de-marfuri\/freight-forwarding-uk\/ashford-freight-forwarder\/\">Ashford Freight Forwarder<\/a><br \/><a href=\"https:\/\/moverdb.com\/ro\/expeditor-de-marfuri\/freight-forwarding-uk\/egham-freight-forwarder\/\">Egham Freight Forwarder<\/a><br \/><a href=\"https:\/\/moverdb.com\/ro\/expeditor-de-marfuri\/freight-forwarding-uk\/leeds-freight-forwarder\/\">Leeds Freight Forwarder<\/a><br \/><a href=\"https:\/\/moverdb.com\/ro\/expeditor-de-marfuri\/freight-forwarding-uk\/belfast-freight-forwarder\/\">Belfast Freight Forwarder<\/a><\/p>","protected":false},"excerpt":{"rendered":"<p>Below we look at the 12 &#8220;best&#8221; Freight Forwarding companies in Sheffield out of 17. To learn more about how we chose the best please consult our FAQ section at the end. Please not the following listings are in no particular order and we are not making any recommendations for any particular company. NINE56 Ltd. [&hellip;]<\/p>\n","protected":false},"author":1,"featured_media":0,"parent":13427,"menu_order":0,"comment_status":"open","ping_status":"open","template":"","meta":{"_genesis_hide_title":false,"_genesis_hide_breadcrumbs":false,"_genesis_hide_singular_image":false,"_genesis_hide_footer_widgets":false,"_genesis_custom_body_class":"","_genesis_custom_post_class":"","_genesis_layout":"","footnotes":""},"class_list":{"0":"post-13640","1":"page","2":"type-page","3":"status-publish","5":"entry"},"_links":{"self":[{"href":"https:\/\/moverdb.com\/ro\/wp-json\/wp\/v2\/pages\/13640","targetHints":{"allow":["GET"]}}],"collection":[{"href":"https:\/\/moverdb.com\/ro\/wp-json\/wp\/v2\/pages"}],"about":[{"href":"https:\/\/moverdb.com\/ro\/wp-json\/wp\/v2\/types\/page"}],"author":[{"embeddable":true,"href":"https:\/\/moverdb.com\/ro\/wp-json\/wp\/v2\/users\/1"}],"replies":[{"embeddable":true,"href":"https:\/\/moverdb.com\/ro\/wp-json\/wp\/v2\/comments?post=13640"}],"version-history":[{"count":1,"href":"https:\/\/moverdb.com\/ro\/wp-json\/wp\/v2\/pages\/13640\/revisions"}],"predecessor-version":[{"id":15687,"href":"https:\/\/moverdb.com\/ro\/wp-json\/wp\/v2\/pages\/13640\/revisions\/15687"}],"up":[{"embeddable":true,"href":"https:\/\/moverdb.com\/ro\/wp-json\/wp\/v2\/pages\/13427"}],"wp:attachment":[{"href":"https:\/\/moverdb.com\/ro\/wp-json\/wp\/v2\/media?parent=13640"}],"curies":[{"name":"wp","href":"https:\/\/api.w.org\/{rel}","templated":true}]}}