{"id":11668,"date":"2023-11-29T10:49:05","date_gmt":"2023-11-29T10:49:05","guid":{"rendered":"https:\/\/moverdb.com\/?page_id=11668"},"modified":"2026-01-08T15:29:30","modified_gmt":"2026-01-08T15:29:30","slug":"moving-companies-us-texas","status":"publish","type":"page","link":"https:\/\/moverdb.com\/ro\/moving-companies\/moving-companies-us-texas\/","title":{"rendered":"7 Cele mai bune companii de mutare interna\u021bional\u0103 din Texas"},"content":{"rendered":"<p>Planificarea unei mut\u0103ri poate fi un moment stresant, a\u0219a c\u0103 de ce s\u0103 nu apelezi la ajutorul unui <a href=\"https:\/\/moverdb.com\/ro\/moving-companies\/\" data-internallinksmanager029f6b8e52c=\"79\" title=\"Top 25 Companii interna\u021bionale de mutare online\">companie \u00een mi\u0219care<\/a> pentru a v\u0103 lumina \u00eenc\u0103rc\u0103tura? Ace\u0219tia v\u0103 pot ajuta cu planificarea, v\u0103 pot \u00eempacheta bunurile \u0219i pot aranja transportul, precum \u0219i s\u0103 se ocupe de vam\u0103 dac\u0103 v\u0103 deplasa\u021bi la nivel interna\u021bional. Mai jos am compilat o list\u0103 de <a href=\"https:\/\/moverdb.com\/ro\/moving-to-the-united-states\/moving-to-texas\/\" data-internallinksmanager029f6b8e52c=\"397\" title=\"Mutarea \u00een Texas? 2026 Costurile de trai \u0219i sfaturi de relocare\">Texas<\/a> pe <a href=\"https:\/\/moverdb.com\/ro\/international-removals\/\" data-internallinksmanager029f6b8e52c=\"27\" title=\"36 Cele mai bune companii de mut\u0103ri interna\u021bionale din Marea Britanie\">companii de mutare<\/a> care sunt membri ai grupului <a href=\"https:\/\/moverdb.com\/ro\/iam\/\" data-internallinksmanager029f6b8e52c=\"23\" title=\"Explica\u021bii despre Asocia\u021bia Interna\u021bional\u0103 a Transportatorilor (IAM)\">Asocia\u021bia Interna\u021bional\u0103 a Transportatorilor<\/a> (IAM) \u0219i\/sau <a href=\"https:\/\/moverdb.com\/ro\/fidi-faim\/\" data-internallinksmanager029f6b8e52c=\"16\" title=\"FIDI &amp; FAIM (FIDI Accredited International Mover) Explicat\">FIDI<\/a> Accredited International Mover (FAIM), care v\u0103 poate ajuta cu mutarea dumneavoastr\u0103.<\/p>\n<div id=\"ez-toc-container\" class=\"ez-toc-v2_0_82_2 ez-toc-wrap-left counter-hierarchy ez-toc-counter ez-toc-transparent ez-toc-container-direction\">\n<div class=\"ez-toc-title-container\">\n<p class=\"ez-toc-title\" style=\"cursor:inherit\">Sec\u021biuni<\/p>\n<span class=\"ez-toc-title-toggle\"><a href=\"#\" class=\"ez-toc-pull-right ez-toc-btn ez-toc-btn-xs ez-toc-btn-default ez-toc-toggle\" aria-label=\"Comuta\u021bi tabelul de con\u021binut\"><span class=\"ez-toc-js-icon-con\"><span class=\"\"><span class=\"eztoc-hide\" style=\"display:none;\">Toggle<\/span><span class=\"ez-toc-icon-toggle-span\"><svg style=\"fill: #999;color:#999\" xmlns=\"http:\/\/www.w3.org\/2000\/svg\" class=\"list-377408\" width=\"20px\" height=\"20px\" viewbox=\"0 0 24 24\" fill=\"none\"><path d=\"M6 6H4v2h2V6zm14 0H8v2h12V6zM4 11h2v2H4v-2zm16 0H8v2h12v-2zM4 16h2v2H4v-2zm16 0H8v2h12v-2z\" fill=\"currentColor\"><\/path><\/svg><svg style=\"fill: #999;color:#999\" class=\"arrow-unsorted-368013\" xmlns=\"http:\/\/www.w3.org\/2000\/svg\" width=\"10px\" height=\"10px\" viewbox=\"0 0 24 24\" version=\"1.2\" baseprofile=\"tiny\"><path d=\"M18.2 9.3l-6.2-6.3-6.2 6.3c-.2.2-.3.4-.3.7s.1.5.3.7c.2.2.4.3.7.3h11c.3 0 .5-.1.7-.3.2-.2.3-.5.3-.7s-.1-.5-.3-.7zM5.8 14.7l6.2 6.3 6.2-6.3c.2-.2.3-.5.3-.7s-.1-.5-.3-.7c-.2-.2-.4-.3-.7-.3h-11c-.3 0-.5.1-.7.3-.2.2-.3.5-.3.7s.1.5.3.7z\"\/><\/svg><\/span><\/span><\/span><\/a><\/span><\/div>\n<nav><ul class='ez-toc-list ez-toc-list-level-1 eztoc-toggle-hide-by-default' ><li class='ez-toc-page-1 ez-toc-heading-level-2'><a class=\"ez-toc-link ez-toc-heading-1\" href=\"https:\/\/moverdb.com\/ro\/moving-companies\/moving-companies-us-texas\/#1_A-1_Freeman_Moving_Group\" >1. A-1 Freeman Moving Group<\/a><\/li><li class='ez-toc-page-1 ez-toc-heading-level-2'><a class=\"ez-toc-link ez-toc-heading-2\" href=\"https:\/\/moverdb.com\/ro\/moving-companies\/moving-companies-us-texas\/#2_Central_Transportation_Systems\" >2. Sisteme centrale de transport<\/a><\/li><li class='ez-toc-page-1 ez-toc-heading-level-2'><a class=\"ez-toc-link ez-toc-heading-3\" href=\"https:\/\/moverdb.com\/ro\/moving-companies\/moving-companies-us-texas\/#3_Daryl_Flood_Moving_Storage\" >3. Daryl Flood Moving &amp; Storage<\/a><\/li><li class='ez-toc-page-1 ez-toc-heading-level-2'><a class=\"ez-toc-link ez-toc-heading-4\" href=\"https:\/\/moverdb.com\/ro\/moving-companies\/moving-companies-us-texas\/#4_Firefighters_Finest_Moving_Storage\" >4. Firefighter's Finest Moving &amp; Storage<\/a><\/li><li class='ez-toc-page-1 ez-toc-heading-level-2'><a class=\"ez-toc-link ez-toc-heading-5\" href=\"https:\/\/moverdb.com\/ro\/moving-companies\/moving-companies-us-texas\/#5_Scobey_Moving_Storage\" >5. Scobey Moving &amp; Storage<\/a><\/li><li class='ez-toc-page-1 ez-toc-heading-level-2'><a class=\"ez-toc-link ez-toc-heading-6\" href=\"https:\/\/moverdb.com\/ro\/moving-companies\/moving-companies-us-texas\/#6_Trans_Global_Auto_Logistics\" >6. Trans Global Auto Logistics<\/a><\/li><li class='ez-toc-page-1 ez-toc-heading-level-2'><a class=\"ez-toc-link ez-toc-heading-7\" href=\"https:\/\/moverdb.com\/ro\/moving-companies\/moving-companies-us-texas\/#7_Transportation_Worldwide\" >7. Transporturi \u00een \u00eentreaga lume<\/a><\/li><\/ul><\/nav><\/div>\n<h2><span class=\"ez-toc-section\" id=\"1_A-1_Freeman_Moving_Group\"><\/span><strong>1. A-1 Freeman Moving Group<\/strong><span class=\"ez-toc-section-end\"><\/span><\/h2>\n<p><img loading=\"lazy\" decoding=\"async\" class=\"alignnone size-full wp-image-11236\" src=\"https:\/\/moverdb.com\/wp-content\/uploads\/A1-Freeman-Moving-Group-international-moving-company.png\" alt=\"A1 Freeman Moving Group companie de mutare interna\u021bional\u0103\" width=\"1440\" height=\"675\" data-wp-pid=\"11236\" srcset=\"https:\/\/moverdb.com\/wp-content\/uploads\/A1-Freeman-Moving-Group-international-moving-company.png 1440w, https:\/\/moverdb.com\/wp-content\/uploads\/A1-Freeman-Moving-Group-international-moving-company-300x141.png 300w, https:\/\/moverdb.com\/wp-content\/uploads\/A1-Freeman-Moving-Group-international-moving-company-1024x480.png 1024w, https:\/\/moverdb.com\/wp-content\/uploads\/A1-Freeman-Moving-Group-international-moving-company-18x8.png 18w, https:\/\/moverdb.com\/wp-content\/uploads\/A1-Freeman-Moving-Group-international-moving-company-600x281.png 600w\" sizes=\"auto, (max-width: 1440px) 100vw, 1440px\" \/><\/p>\n<ul>\n<li>Mut\u0103ri locale \u0219i pe distan\u021be lungi<\/li>\n<li>Mut\u0103ri interna\u021bionale<\/li>\n<li>Mut\u0103ri reziden\u021biale<\/li>\n<li>Mut\u0103ri comerciale<\/li>\n<li>Reloc\u0103ri corporative<\/li>\n<li>Asisten\u021b\u0103 \u00eenainte de mutare<\/li>\n<li>Op\u021biuni de ambalare<\/li>\n<li>V\u0103muire<\/li>\n<li>Transportul vehiculelor<\/li>\n<li>Facilit\u0103\u021bi de depozitare<\/li>\n<\/ul>\n<p>A-1 Freeman Moving Group este o companie de mut\u0103ri, reloc\u0103ri \u0219i transporturi fondat\u0103 \u00een 1974, cu 12 loca\u021bii \u00een toat\u0103 \u021bara. <a href=\"https:\/\/moverdb.com\/ro\/moving-to-the-united-states\/\" data-internallinksmanager029f6b8e52c=\"94\" title=\"V\u0103 muta\u021bi \u00een Statele Unite? 2026 Costurile vie\u021bii \u0219i sfaturi de relocare\">SUA<\/a> inclusiv \u0219ase \u00een Texas, \u00een <a href=\"https:\/\/moverdb.com\/ro\/moving-to-dallas\/\" data-internallinksmanager029f6b8e52c=\"41\" title=\"Te mu\u021bi \u00een Dallas? 2026 Costuri de trai \u0219i sfaturi de relocare\">Dallas<\/a>, El Paso, <a href=\"https:\/\/moverdb.com\/ro\/moving-to-houston\/\" data-internallinksmanager029f6b8e52c=\"47\" title=\"V\u0103 muta\u021bi \u00een Houston? 2026 Costuri de trai \u0219i sfaturi de relocare\">Houston<\/a>, San Antonio, Wichita Falls \u0219i Nolanville. Sunt agen\u021bi North American Van Lines, ceea ce le ofer\u0103 o re\u021bea de agen\u021bi de mutare cu care pot lucra. Sunt membri ai IAM \u0219i au 33 de ani de experien\u021b\u0103.<\/p>\n<p>A-1 Freeman Moving Group ofer\u0103 o ofert\u0103 gratuit\u0103 \u0219i v\u0103 va oferi sprijin pentru planificarea prealabil\u0103. Ei au echipe complet instruite \u0219i calificate care ofer\u0103 servicii de ambalare profesionale \u0219i personalizate, cu posibilitatea de a alege \u00eentre servicii complete de ambalare, ambalare doar pentru obiecte fragile \u0219i op\u021biuni de autoambalare.<\/p>\n<p>Site web: <a href=\"https:\/\/www.a-1freeman.com\/\" target=\"_blank\" rel=\"noopener\">https:\/\/www.a-1freeman.com\/<\/a><\/p>\n<h2><span class=\"ez-toc-section\" id=\"2_Central_Transportation_Systems\"><\/span><strong>2. Sisteme centrale de transport<\/strong><span class=\"ez-toc-section-end\"><\/span><\/h2>\n<p><img loading=\"lazy\" decoding=\"async\" class=\"alignnone size-full wp-image-11283\" src=\"https:\/\/moverdb.com\/wp-content\/uploads\/Central-Transportation-Systems-international-moving-company.png\" alt=\"Central Transportation Systems companie de mut\u0103ri interna\u021bionale\" width=\"1440\" height=\"676\" data-wp-pid=\"11283\" srcset=\"https:\/\/moverdb.com\/wp-content\/uploads\/Central-Transportation-Systems-international-moving-company.png 1440w, https:\/\/moverdb.com\/wp-content\/uploads\/Central-Transportation-Systems-international-moving-company-300x141.png 300w, https:\/\/moverdb.com\/wp-content\/uploads\/Central-Transportation-Systems-international-moving-company-1024x481.png 1024w, https:\/\/moverdb.com\/wp-content\/uploads\/Central-Transportation-Systems-international-moving-company-18x8.png 18w, https:\/\/moverdb.com\/wp-content\/uploads\/Central-Transportation-Systems-international-moving-company-600x282.png 600w\" sizes=\"auto, (max-width: 1440px) 100vw, 1440px\" \/><\/p>\n<ul>\n<li>Mut\u0103ri locale \u0219i pe distan\u021be lungi<\/li>\n<li>Mut\u0103ri interna\u021bionale<\/li>\n<li>Mut\u0103ri reziden\u021biale<\/li>\n<li>Mut\u0103ri comerciale<\/li>\n<li>Serviciu din u\u0219\u0103 \u00een u\u0219\u0103<\/li>\n<li>Coordonatori de mutare dedica\u021bi<\/li>\n<li>Serviciul de ambalare<\/li>\n<li>V\u0103muire<\/li>\n<li>Acoperire de asigurare all-risk<\/li>\n<li>Depozitare pe termen scurt \u0219i lung<\/li>\n<\/ul>\n<p>Central Transportation Systems este o companie de mut\u0103ri \u0219i depozitare cu loca\u021bii \u00een El Paso, Austin, Killeen \u0219i Waco. Sunt un agent al United Van Lines \u0219i au o re\u021bea profesional\u0103 de parteneriate care asigur\u0103 logistica ter\u021bilor \u0219i \u00eei ajut\u0103 \u00een furnizarea serviciilor lor. Sunt membri ai IAM \u0219i au 96 de ani de experien\u021b\u0103.<\/p>\n<p>Central Transportation Systems ofer\u0103 servicii de mutare din u\u0219\u0103 \u00een u\u0219\u0103, cu un coordonator de mutare calificat care va construi un plan de mutare personalizat care s\u0103 r\u0103spund\u0103 nevoilor \u0219i bugetului dumneavoastr\u0103. Ace\u0219tia ofer\u0103 servicii complete de mutare cu o echip\u0103 calificat\u0103 de transportatori care v\u0103 \u00eempacheteaz\u0103 \u0219i v\u0103 \u00eempacheteaz\u0103 cu pricepere bunurile \u0219i se ocup\u0103 de v\u0103muire.<\/p>\n<p>Site web: <a href=\"http:\/\/www.centralsystems.com\" target=\"_blank\" rel=\"noopener\">http:\/\/www.centralsystems.com<\/a><\/p>\n<h2><span class=\"ez-toc-section\" id=\"3_Daryl_Flood_Moving_Storage\"><\/span><strong>3. Daryl Flood Moving &amp; Storage<\/strong><span class=\"ez-toc-section-end\"><\/span><\/h2>\n<p><img loading=\"lazy\" decoding=\"async\" class=\"alignnone size-full wp-image-11303\" src=\"https:\/\/moverdb.com\/wp-content\/uploads\/Daryl-Flood-Moving-Storage-international-moving-company.png\" alt=\"Daryl Flood Moving &amp; Storage companie de mutare interna\u021bional\u0103\" width=\"1440\" height=\"675\" data-wp-pid=\"11303\" srcset=\"https:\/\/moverdb.com\/wp-content\/uploads\/Daryl-Flood-Moving-Storage-international-moving-company.png 1440w, https:\/\/moverdb.com\/wp-content\/uploads\/Daryl-Flood-Moving-Storage-international-moving-company-300x141.png 300w, https:\/\/moverdb.com\/wp-content\/uploads\/Daryl-Flood-Moving-Storage-international-moving-company-1024x480.png 1024w, https:\/\/moverdb.com\/wp-content\/uploads\/Daryl-Flood-Moving-Storage-international-moving-company-18x8.png 18w, https:\/\/moverdb.com\/wp-content\/uploads\/Daryl-Flood-Moving-Storage-international-moving-company-600x281.png 600w\" sizes=\"auto, (max-width: 1440px) 100vw, 1440px\" \/><\/p>\n<ul>\n<li>Mut\u0103ri locale \u0219i pe distan\u021be lungi<\/li>\n<li>Mut\u0103ri interna\u021bionale<\/li>\n<li>Mut\u0103ri reziden\u021biale<\/li>\n<li>Mutarea birourilor<\/li>\n<li>Coordonator dedicat pentru mut\u0103ri interna\u021bionale<\/li>\n<li>Serviciu din u\u0219\u0103 \u00een u\u0219\u0103<\/li>\n<li>Serviciul de ambalare<\/li>\n<li>Asisten\u021b\u0103 vamal\u0103<\/li>\n<li>Servicii de acomodare<\/li>\n<li>Servicii de depozitare securizat\u0103<\/li>\n<\/ul>\n<p>Daryl Flood Moving &amp; Storage este o companie de mut\u0103ri \u00eenfiin\u021bat\u0103 \u00een 1982, cu loca\u021bii \u00een Austin, Dallas, <a href=\"https:\/\/moverdb.com\/ro\/moving-to-fort-worth\/\" data-internallinksmanager029f6b8e52c=\"45\" title=\"V\u0103 muta\u021bi \u00een Fort Worth? 2026 Costuri de trai \u0219i sfaturi de relocare\">Fort Worth<\/a>, Houston \u0219i San Antonio. Ei sunt un agent al Mayflower Van Lines, ceea ce le ofer\u0103 o re\u021bea mai larg\u0103 de companii de mutare cu care s\u0103 lucreze \u00een SUA pentru a-\u0219i furniza serviciile. Ei sunt acredita\u021bi de FIDI.<\/p>\n<p>Daryl Flood Moving &amp; Storage ofer\u0103 servicii personalizate de mutare din u\u0219\u0103 \u00een u\u0219\u0103, cu posibilitatea de a alege \u00eentre servicii complete \u0219i op\u021biuni de ambalare DIY. Ace\u0219tia pun la dispozi\u021bie echipe de mutare profesionale verificate \u0219i instruite, care v\u0103 pot ambala complet sau par\u021bial bunurile folosind materiale de ambalare de \u00eenalt\u0103 calitate. Ace\u0219tia ofer\u0103 servicii de instalare, inclusiv c\u0103ut\u0103ri de case \u0219i \u0219coli, orientare \u0219i cazare temporar\u0103.<\/p>\n<p>Site web: <a href=\"http:\/\/www.darylflood.com\" target=\"_blank\" rel=\"noopener\">http:\/\/www.darylflood.com<\/a><\/p>\n<h2><span class=\"ez-toc-section\" id=\"4_Firefighters_Finest_Moving_Storage\"><\/span><strong>4. Firefighter's Finest Moving &amp; Storage<\/strong><span class=\"ez-toc-section-end\"><\/span><\/h2>\n<p><img loading=\"lazy\" decoding=\"async\" class=\"alignnone size-full wp-image-11320\" src=\"https:\/\/moverdb.com\/wp-content\/uploads\/Firefightings-Finest-Moving-Storage-international-moving-company.png\" alt=\"Firefightings Finest Moving &amp; Storage companie de mutare interna\u021bional\u0103 \u00een mi\u0219care\" width=\"1440\" height=\"676\" data-wp-pid=\"11320\" srcset=\"https:\/\/moverdb.com\/wp-content\/uploads\/Firefightings-Finest-Moving-Storage-international-moving-company.png 1440w, https:\/\/moverdb.com\/wp-content\/uploads\/Firefightings-Finest-Moving-Storage-international-moving-company-300x141.png 300w, https:\/\/moverdb.com\/wp-content\/uploads\/Firefightings-Finest-Moving-Storage-international-moving-company-1024x481.png 1024w, https:\/\/moverdb.com\/wp-content\/uploads\/Firefightings-Finest-Moving-Storage-international-moving-company-18x8.png 18w, https:\/\/moverdb.com\/wp-content\/uploads\/Firefightings-Finest-Moving-Storage-international-moving-company-600x282.png 600w\" sizes=\"auto, (max-width: 1440px) 100vw, 1440px\" \/><\/p>\n<ul>\n<li>Mut\u0103ri locale<\/li>\n<li>Mut\u0103ri pe distan\u021be lungi<\/li>\n<li>Mutarea gospod\u0103riei<\/li>\n<li>Mi\u0219c\u0103ri de afaceri<\/li>\n<li>Estimare gratuit\u0103<\/li>\n<li>Serviciul de ambalare<\/li>\n<li>Organizarea transportului<\/li>\n<li>Manipulare de art\u0103 \u0219i antichit\u0103\u021bi<\/li>\n<li>Serviciul de despachetare<\/li>\n<li>Depozitare pe termen lung \u0219i scurt<\/li>\n<\/ul>\n<p>Firefighting's Finest Moving &amp; Storage este o companie de mut\u0103ri \u00eenfiin\u021bat\u0103 \u00een 2001 de doi pompieri care nu sunt \u00een timpul serviciului \u0219i care s-a extins \u0219i are loca\u021bii \u00een Fort Worth, Dallas, Houston \u0219i Austin. Ei sunt membri ai IAM cu 19 ani de experien\u021b\u0103, ceea ce le ofer\u0103 o re\u021bea de companii de mutare cu care s\u0103 lucreze.<\/p>\n<p>Firefighting's Finest Moving &amp; Storage ofer\u0103 un gratuit <a href=\"https:\/\/moverdb.com\/ro\/quotes\/\" data-internallinksmanager029f6b8e52c=\"26\" title=\"Cota\u021bii de mutare interna\u021bional\u0103: 12 \u00centreb\u0103ri pe care s\u0103 le pune\u021bi transportatorului dvs.\">citat \u00een mi\u0219care<\/a> \u0219i v\u0103 vor ajuta s\u0103 v\u0103 planifica\u021bi mutarea. Ace\u0219tia dispun de echipe de mutare profesioniste de \u00eenalt\u0103 calitate, care v\u0103 vor pune la dispozi\u021bie c\u0103ptu\u0219eal\u0103, folie stretch, c\u0103rucioare \u0219i alte echipamente pentru a v\u0103 proteja obiectele \u00een timpul transportului, \u00een special cele fragile.<\/p>\n<p>Site web: <a href=\"http:\/\/www.firefightermovers.com\" target=\"_blank\" rel=\"noopener\">http:\/\/www.firefightermovers.com<\/a><\/p>\n<h2><span class=\"ez-toc-section\" id=\"5_Scobey_Moving_Storage\"><\/span><strong>5. Scobey Moving &amp; Storage<\/strong><span class=\"ez-toc-section-end\"><\/span><\/h2>\n<p><img loading=\"lazy\" decoding=\"async\" class=\"alignnone size-full wp-image-11436\" src=\"https:\/\/moverdb.com\/wp-content\/uploads\/Scobey-Moving-Storage-international-moving-company.png\" alt=\"Scobey Moving &amp; Storage companie de mutare interna\u021bional\u0103\" width=\"1440\" height=\"675\" data-wp-pid=\"11436\" srcset=\"https:\/\/moverdb.com\/wp-content\/uploads\/Scobey-Moving-Storage-international-moving-company.png 1440w, https:\/\/moverdb.com\/wp-content\/uploads\/Scobey-Moving-Storage-international-moving-company-300x141.png 300w, https:\/\/moverdb.com\/wp-content\/uploads\/Scobey-Moving-Storage-international-moving-company-1024x480.png 1024w, https:\/\/moverdb.com\/wp-content\/uploads\/Scobey-Moving-Storage-international-moving-company-18x8.png 18w, https:\/\/moverdb.com\/wp-content\/uploads\/Scobey-Moving-Storage-international-moving-company-600x281.png 600w\" sizes=\"auto, (max-width: 1440px) 100vw, 1440px\" \/><\/p>\n<ul>\n<li>Mut\u0103ri locale \u0219i pe distan\u021be lungi<\/li>\n<li>Mut\u0103ri interna\u021bionale<\/li>\n<li>Mutarea gospod\u0103riei<\/li>\n<li>Mut\u0103ri comerciale<\/li>\n<li>Reloc\u0103ri militare \u0219i guvernamentale<\/li>\n<li>Servicii personalizate<\/li>\n<li>Mut\u0103ri cu servicii complete<\/li>\n<li>Alegerea op\u021biunilor de ambalare<\/li>\n<li>Urm\u0103rirea expedierii<\/li>\n<li>Depozitare pe termen scurt \u0219i lung<\/li>\n<\/ul>\n<p>Scobey Moving &amp; Storage este o companie de servicii de mutare cu loca\u021bii \u00een Killeen, El Paso \u0219i San Antonio. Ei sunt afilia\u021bi cu Mayflower Transit \u0219i au o re\u021bea divers\u0103 de companii de mut\u0103ri care \u00eei sprijin\u0103 \u00een furnizarea de servicii de mutare \u0219i depozitare. Sunt membri ai IAM \u0219i au o experien\u021b\u0103 de 110 ani.<\/p>\n<p>Scobey Moving &amp; Storage ofer\u0103 un sondaj personal sau virtual pentru a evalua cerin\u021bele dvs. de mutare \u0219i pentru a v\u0103 oferi o ofert\u0103. Ace\u0219tia ofer\u0103 posibilitatea de a alege \u00eentre servicii de ambalare sau op\u021biuni de autoambalare. Ofer\u0103 un serviciu personalizat de mutare din u\u0219\u0103 \u00een u\u0219\u0103, cu un coordonator de mutare care s\u0103 v\u0103 sprijine. Ofer\u0103 servicii de \u00eempachetare cu ambalaje personalizate \u0219i acoperire complet\u0103 a valorii de \u00eenlocuire.<\/p>\n<p>Site web: <a href=\"http:\/\/www.scobeymoving.com\/\" target=\"_blank\" rel=\"noopener\">http:\/\/www.scobeymoving.com\/<\/a><\/p>\n<h2><span class=\"ez-toc-section\" id=\"6_Trans_Global_Auto_Logistics\"><\/span><strong>6. Trans Global Auto Logistics<\/strong><span class=\"ez-toc-section-end\"><\/span><\/h2>\n<p><img loading=\"lazy\" decoding=\"async\" class=\"alignnone size-full wp-image-11459\" src=\"https:\/\/moverdb.com\/wp-content\/uploads\/Trans-Global-Auto-Logistics-international-moving-company.png\" alt=\"Trans Global Auto Logistics companie interna\u021bional\u0103 de mutare\" width=\"1440\" height=\"655\" data-wp-pid=\"11459\" srcset=\"https:\/\/moverdb.com\/wp-content\/uploads\/Trans-Global-Auto-Logistics-international-moving-company.png 1440w, https:\/\/moverdb.com\/wp-content\/uploads\/Trans-Global-Auto-Logistics-international-moving-company-300x136.png 300w, https:\/\/moverdb.com\/wp-content\/uploads\/Trans-Global-Auto-Logistics-international-moving-company-1024x466.png 1024w, https:\/\/moverdb.com\/wp-content\/uploads\/Trans-Global-Auto-Logistics-international-moving-company-18x8.png 18w, https:\/\/moverdb.com\/wp-content\/uploads\/Trans-Global-Auto-Logistics-international-moving-company-600x273.png 600w\" sizes=\"auto, (max-width: 1440px) 100vw, 1440px\" \/><\/p>\n<ul>\n<li>Mi\u0219c\u0103ri na\u021bionale<\/li>\n<li>Mut\u0103ri interna\u021bionale<\/li>\n<li>Mutarea gospod\u0103riei<\/li>\n<li>Mut\u0103ri comerciale<\/li>\n<li>Transport auto<\/li>\n<li>Transport cu barca<\/li>\n<li>Transportul echipamentelor grele<\/li>\n<li>Posibilitatea de a alege \u00eentre transport deschis sau \u00eenchis<\/li>\n<li>Transportul terestru, aerian \u0219i maritim<\/li>\n<li>V\u0103muire<\/li>\n<\/ul>\n<p>Trans Global Auto Logistics este o firm\u0103 de logistic\u0103 auto \u0219i m\u0103rfuri grele. <a href=\"https:\/\/moverdb.com\/ro\/shipping-companies\/\" data-internallinksmanager029f6b8e52c=\"4\" title=\"Top 10 Companii interna\u021bionale de transport maritim de containere\">companie de transport maritim<\/a> care este un transportator public care nu este proprietar de nave, licen\u021biat \u0219i asigurat (<a href=\"https:\/\/moverdb.com\/ro\/freight-forwarder\/\" data-internallinksmanager029f6b8e52c=\"17\" title=\"Freight Forwarder &amp; NVOCC Ghidul interna\u021bional de costuri \u0219i companii\">NVOCC<\/a>) care are loca\u021bii \u00een Arlington, Orlando, Charleston, <a href=\"https:\/\/moverdb.com\/ro\/moving-to-the-united-states\/moving-to-new-jersey\/\" data-internallinksmanager029f6b8e52c=\"417\" title=\"V\u0103 muta\u021bi \u00een New Jersey? 2026 Costurile de trai \u0219i sfaturi de relocare\">New Jersey<\/a> \u0219i Savannah. Ofer\u0103, de asemenea, doar transport de bunuri de uz casnic. Ei sunt membri ai IAM.<\/p>\n<p>Trans Global Auto Logistics ofer\u0103 o ofert\u0103 gratuit\u0103 pentru mutarea \u00eenc\u0103rc\u0103turii dumneavoastr\u0103, iar speciali\u0219tii lor \u00een transporturi vor lucra cu dumneavoastr\u0103 pentru a v\u0103 \u00een\u021belege cerin\u021bele \u0219i pentru a v\u0103 oferi o estimare exact\u0103. Ace\u0219tia pot muta o gam\u0103 larg\u0103 de vehicule, de la ma\u0219ini clasice la b\u0103rci \u0219i echipamente industriale grele, cu posibilitatea de a alege \u00eentre transport deschis sau \u00eenchis.<\/p>\n<p>Site web: <a href=\"http:\/\/www.tgal.us\" target=\"_blank\" rel=\"noopener\">http:\/\/www.tgal.us<\/a><\/p>\n<h2><span class=\"ez-toc-section\" id=\"7_Transportation_Worldwide\"><\/span><strong>7. Transporturi \u00een \u00eentreaga lume<\/strong><span class=\"ez-toc-section-end\"><\/span><\/h2>\n<p><img loading=\"lazy\" decoding=\"async\" class=\"alignnone size-full wp-image-11460\" src=\"https:\/\/moverdb.com\/wp-content\/uploads\/Transportation-Worldwide-international-moving-company.png\" alt=\"Transporturi La nivel mondial companie de mutare interna\u021bional\u0103\" width=\"1440\" height=\"654\" data-wp-pid=\"11460\" srcset=\"https:\/\/moverdb.com\/wp-content\/uploads\/Transportation-Worldwide-international-moving-company.png 1440w, https:\/\/moverdb.com\/wp-content\/uploads\/Transportation-Worldwide-international-moving-company-300x136.png 300w, https:\/\/moverdb.com\/wp-content\/uploads\/Transportation-Worldwide-international-moving-company-1024x465.png 1024w, https:\/\/moverdb.com\/wp-content\/uploads\/Transportation-Worldwide-international-moving-company-18x8.png 18w, https:\/\/moverdb.com\/wp-content\/uploads\/Transportation-Worldwide-international-moving-company-600x273.png 600w\" sizes=\"auto, (max-width: 1440px) 100vw, 1440px\" \/><\/p>\n<ul>\n<li>Mi\u0219c\u0103ri na\u021bionale<\/li>\n<li>Mut\u0103ri interna\u021bionale<\/li>\n<li>Mutarea gospod\u0103riei<\/li>\n<li>Reloc\u0103ri corporative<\/li>\n<li>Punct unic de contact<\/li>\n<li>Managementul mut\u0103rii<\/li>\n<li>Urm\u0103rirea expedierii<\/li>\n<li>Asisten\u021b\u0103 vamal\u0103<\/li>\n<li>Depozitare securizat\u0103<\/li>\n<\/ul>\n<p>Transportation Worldwide este o companie de relocare \u0219i transport cu peste 30 de ani de experien\u021b\u0103 \u0219i are sediul \u00een Katy. Ofer\u0103 servicii de mutare interna\u021bional\u0103 \u00een peste 135 de \u021b\u0103ri din \u00eentreaga lume, pe care le ofer\u0103 \u00een parteneriat cu rela\u021bii atent dezvoltate. Sunt membri ai IAM cu 36 de ani de experien\u021b\u0103 \u0219i sunt acredita\u021bi de FIDI.<\/p>\n<p>Transportation Worldwide ofer\u0103 sprijin pentru persoanele care se mut\u0103 \u0219i pentru corpora\u021biile care \u00ee\u0219i relocheaz\u0103 angaja\u021bii, ceea ce poate include asisten\u021b\u0103 \u00een ceea ce prive\u0219te politicile, analiza bugetului \u0219i monitorizarea progresului mai multor mut\u0103ri \u0219i raportarea acestora. Ace\u0219tia ofer\u0103 sprijin celor care se mut\u0103 la nivel interna\u021bional cu ajutorul cuno\u0219tin\u021belor \u0219i experien\u021bei lor bogate \u00een materie de mutare \u00eentr-o varietate de \u021b\u0103ri.<\/p>\n<p>Site web: <a href=\"https:\/\/www.twwmove.com\/\" target=\"_blank\" rel=\"noopener\">https:\/\/www.twwmove.com\/<\/a><\/p>","protected":false},"excerpt":{"rendered":"<p>Planning a move can be a stressful time, so why not enlist the help of a moving company to enlighten your load? They can assist with the planning, can pack your belongings and arrange transportation as well as deal with customs if moving internationally. Below we have compiled a list of Texas based removal companies [&hellip;]<\/p>\n","protected":false},"author":4,"featured_media":11236,"parent":190,"menu_order":0,"comment_status":"closed","ping_status":"closed","template":"","meta":{"_genesis_hide_title":false,"_genesis_hide_breadcrumbs":false,"_genesis_hide_singular_image":false,"_genesis_hide_footer_widgets":false,"_genesis_custom_body_class":"","_genesis_custom_post_class":"","_genesis_layout":"","footnotes":""},"class_list":{"0":"post-11668","1":"page","2":"type-page","3":"status-publish","4":"has-post-thumbnail","6":"entry"},"_links":{"self":[{"href":"https:\/\/moverdb.com\/ro\/wp-json\/wp\/v2\/pages\/11668","targetHints":{"allow":["GET"]}}],"collection":[{"href":"https:\/\/moverdb.com\/ro\/wp-json\/wp\/v2\/pages"}],"about":[{"href":"https:\/\/moverdb.com\/ro\/wp-json\/wp\/v2\/types\/page"}],"author":[{"embeddable":true,"href":"https:\/\/moverdb.com\/ro\/wp-json\/wp\/v2\/users\/4"}],"replies":[{"embeddable":true,"href":"https:\/\/moverdb.com\/ro\/wp-json\/wp\/v2\/comments?post=11668"}],"version-history":[{"count":2,"href":"https:\/\/moverdb.com\/ro\/wp-json\/wp\/v2\/pages\/11668\/revisions"}],"predecessor-version":[{"id":11670,"href":"https:\/\/moverdb.com\/ro\/wp-json\/wp\/v2\/pages\/11668\/revisions\/11670"}],"up":[{"embeddable":true,"href":"https:\/\/moverdb.com\/ro\/wp-json\/wp\/v2\/pages\/190"}],"wp:featuredmedia":[{"embeddable":true,"href":"https:\/\/moverdb.com\/ro\/wp-json\/wp\/v2\/media\/11236"}],"wp:attachment":[{"href":"https:\/\/moverdb.com\/ro\/wp-json\/wp\/v2\/media?parent=11668"}],"curies":[{"name":"wp","href":"https:\/\/api.w.org\/{rel}","templated":true}]}}