{"id":11666,"date":"2023-11-29T10:31:41","date_gmt":"2023-11-29T10:31:41","guid":{"rendered":"https:\/\/moverdb.com\/?page_id=11666"},"modified":"2026-01-08T15:24:27","modified_gmt":"2026-01-08T15:24:27","slug":"moving-companies-us-tennessee","status":"publish","type":"page","link":"https:\/\/moverdb.com\/ro\/moving-companies\/moving-companies-us-tennessee\/","title":{"rendered":"3 Cele mai bune companii de mut\u0103ri interna\u021bionale din Tennessee"},"content":{"rendered":"<p>Pl\u0103nui\u021bi o mutare? Atunci, contracta\u021bi serviciile unui <a href=\"https:\/\/moverdb.com\/ro\/moving-companies\/\" data-internallinksmanager029f6b8e52c=\"79\" title=\"Top 25 Companii interna\u021bionale de mutare online\">companie \u00een mi\u0219care<\/a> ar putea ajuta \u00eentr-adev\u0103r la reducerea volumului de munc\u0103. Ace\u0219tia v\u0103 pot ajuta la planificarea mut\u0103rii, la organizarea transportului, la \u00eempachetarea bunurilor \u0219i la gestionarea v\u0103milor \u00een cazul mut\u0103rilor interna\u021bionale. Mai jos am compilat o list\u0103 de <a href=\"https:\/\/moverdb.com\/ro\/moving-to-the-united-states\/moving-to-tennessee\/\" data-internallinksmanager029f6b8e52c=\"406\" title=\"Mutarea \u00een Tennessee? 2026 Costurile de trai \u0219i sfaturi de relocare\">Tennessee<\/a> pe <a href=\"https:\/\/moverdb.com\/ro\/international-removals\/\" data-internallinksmanager029f6b8e52c=\"27\" title=\"36 Cele mai bune companii de mut\u0103ri interna\u021bionale din Marea Britanie\">companii de mutare<\/a> care sunt membri ai grupului <a href=\"https:\/\/moverdb.com\/ro\/iam\/\" data-internallinksmanager029f6b8e52c=\"23\" title=\"Explica\u021bii despre Asocia\u021bia Interna\u021bional\u0103 a Transportatorilor (IAM)\">Asocia\u021bia Interna\u021bional\u0103 a Transportatorilor<\/a> (IAM) \u0219i\/sau <a href=\"https:\/\/moverdb.com\/ro\/fidi-faim\/\" data-internallinksmanager029f6b8e52c=\"16\" title=\"FIDI &amp; FAIM (FIDI Accredited International Mover) Explicat\">FIDI<\/a> Accredited International Mover (FAIM) care v\u0103 poate ajuta cu mutarea dumneavoastr\u0103.<\/p>\n<h2><strong>1. Apex Moving &amp; Storage<\/strong><\/h2>\n<p><img loading=\"lazy\" decoding=\"async\" class=\"alignnone size-full wp-image-11256\" src=\"https:\/\/moverdb.com\/wp-content\/uploads\/Apex-Moving-Storage-international-moving-company.png\" alt=\"Apex Moving &amp; Storage companie de mutare interna\u021bional\u0103\" width=\"1440\" height=\"680\" data-wp-pid=\"11256\" srcset=\"https:\/\/moverdb.com\/wp-content\/uploads\/Apex-Moving-Storage-international-moving-company.png 1440w, https:\/\/moverdb.com\/wp-content\/uploads\/Apex-Moving-Storage-international-moving-company-300x142.png 300w, https:\/\/moverdb.com\/wp-content\/uploads\/Apex-Moving-Storage-international-moving-company-1024x484.png 1024w, https:\/\/moverdb.com\/wp-content\/uploads\/Apex-Moving-Storage-international-moving-company-18x9.png 18w, https:\/\/moverdb.com\/wp-content\/uploads\/Apex-Moving-Storage-international-moving-company-600x283.png 600w\" sizes=\"auto, (max-width: 1440px) 100vw, 1440px\" \/><\/p>\n<ul>\n<li>Mut\u0103ri locale \u0219i pe distan\u021be lungi<\/li>\n<li>Mut\u0103ri interna\u021bionale<\/li>\n<li>Mut\u0103ri reziden\u021biale<\/li>\n<li>Mut\u0103ri comerciale<\/li>\n<li>Reloc\u0103ri corporative<\/li>\n<li>Serviciu complet de ambalare<\/li>\n<li>Aranjamente de transport<\/li>\n<li>V\u0103muire<\/li>\n<li>Tehnologia de urm\u0103rire a camioanelor<\/li>\n<li>Servicii de depozitare<\/li>\n<\/ul>\n<p>Apex Moving &amp; Storage este o companie de mut\u0103ri fondat\u0103 \u00een 1972 \u0219i are sediul \u00een Antioch. Ei sunt un agent Atlas Interstate Agent, ceea ce \u00eei conecteaz\u0103 cu o re\u021bea interna\u021bional\u0103 de transportatori profesioni\u0219ti care \u00eei sprijin\u0103. Sunt membri ai IAM \u0219i au 45 de ani de experien\u021b\u0103.<\/p>\n<p>Apex Moving &amp; Storage se ocup\u0103 de mut\u0103ri mici \u0219i mari \u0219i poate crea op\u021biuni bugetare prietenoase pentru a se potrivi tuturor nevoilor. Ace\u0219tia ofer\u0103 servicii de mutare din u\u0219\u0103 \u00een u\u0219\u0103, cu o consultare \u00eenainte de mutare, iar un coordonator personal de mutare va fi desemnat pentru a v\u0103 sprijini. Ofer\u0103 un serviciu complet de ambalare \u0219i vor aranja transportul cu v\u0103muire dac\u0103 v\u0103 muta\u021bi \u00een str\u0103in\u0103tate.<\/p>\n<p>Site web: <a href=\"http:\/\/www.apexmoving.com\/\" target=\"_blank\" rel=\"noopener\">http:\/\/www.apexmoving.com\/<\/a><\/p>\n<h2><strong>2. Serviciul de mutare al lui Elizabeth<\/strong><\/h2>\n<p><img loading=\"lazy\" decoding=\"async\" class=\"alignnone size-full wp-image-11315\" src=\"https:\/\/moverdb.com\/wp-content\/uploads\/Elizabeths-Moving-Service-international-moving-company.png\" alt=\"Elizabeths Moving Service companie de mutare interna\u021bional\u0103\" width=\"1440\" height=\"675\" data-wp-pid=\"11315\" srcset=\"https:\/\/moverdb.com\/wp-content\/uploads\/Elizabeths-Moving-Service-international-moving-company.png 1440w, https:\/\/moverdb.com\/wp-content\/uploads\/Elizabeths-Moving-Service-international-moving-company-300x141.png 300w, https:\/\/moverdb.com\/wp-content\/uploads\/Elizabeths-Moving-Service-international-moving-company-1024x480.png 1024w, https:\/\/moverdb.com\/wp-content\/uploads\/Elizabeths-Moving-Service-international-moving-company-18x8.png 18w, https:\/\/moverdb.com\/wp-content\/uploads\/Elizabeths-Moving-Service-international-moving-company-600x281.png 600w\" sizes=\"auto, (max-width: 1440px) 100vw, 1440px\" \/><\/p>\n<ul>\n<li>Mut\u0103ri locale<\/li>\n<li>Mut\u0103ri pe distan\u021be lungi<\/li>\n<li>Mutarea gospod\u0103riei<\/li>\n<li>Mutarea birourilor \u0219i a spa\u021biilor comerciale<\/li>\n<li>Plan de mutare personalizat<\/li>\n<li>Serviciul de ambalare<\/li>\n<li>Aranjamente de transport<\/li>\n<li>Instalarea aparatelor<\/li>\n<li>Manipularea artelor frumoase<\/li>\n<li>Facilit\u0103\u021bi de depozitare securizate<\/li>\n<\/ul>\n<p>Elizabeth's Moving Service este o companie de mutare \u0219i depozitare care are sediul \u00een Chattanooga. Ei sunt membri ai IAM cu \u0219ase ani de experien\u021b\u0103, ceea ce le ofer\u0103 o re\u021bea de agen\u021bi de mutare cu care s\u0103 lucreze pentru a oferi servicii \u00een afara zonelor lor de operare.<\/p>\n<p>Elizabeth's Moving Service ofer\u0103 un studiu la domiciliu pentru a oferi o ofert\u0103 exact\u0103. Ofer\u0103 servicii complete de mutare \u00een care v\u0103 \u00eempacheteaz\u0103 \u0219i v\u0103 expediaz\u0103 bunurile pentru mut\u0103ri locale, pe distan\u021be lungi \u0219i interna\u021bionale. Ofer\u0103 servicii de ambalare de \u00eenalt\u0103 calitate cu ambalatori califica\u021bi care v\u0103 vor proteja bunurile \u00een timpul transportului, ceea ce include l\u0103zi de lemn pentru obiectele fragile \u0219i protejarea casei dvs. \u00een timpul mut\u0103rii.<\/p>\n<p>Site web: <a href=\"http:\/\/www.elizabethsmoving.com\" target=\"_blank\" rel=\"noopener\">http:\/\/www.elizabethsmoving.com<\/a><\/p>\n<h2><strong>3. Societate de transfer de alambicuri<\/strong><\/h2>\n<p><img loading=\"lazy\" decoding=\"async\" class=\"alignnone size-full wp-image-11449\" src=\"https:\/\/moverdb.com\/wp-content\/uploads\/Still-Transfer-Company-international-moving-company.png\" alt=\"Still Transfer Company companie de mutare interna\u021bional\u0103\" width=\"1440\" height=\"677\" data-wp-pid=\"11449\" srcset=\"https:\/\/moverdb.com\/wp-content\/uploads\/Still-Transfer-Company-international-moving-company.png 1440w, https:\/\/moverdb.com\/wp-content\/uploads\/Still-Transfer-Company-international-moving-company-300x141.png 300w, https:\/\/moverdb.com\/wp-content\/uploads\/Still-Transfer-Company-international-moving-company-1024x481.png 1024w, https:\/\/moverdb.com\/wp-content\/uploads\/Still-Transfer-Company-international-moving-company-18x8.png 18w, https:\/\/moverdb.com\/wp-content\/uploads\/Still-Transfer-Company-international-moving-company-600x282.png 600w\" sizes=\"auto, (max-width: 1440px) 100vw, 1440px\" \/><\/p>\n<ul>\n<li>Mut\u0103ri locale \u0219i pe distan\u021be lungi<\/li>\n<li>Mut\u0103ri interna\u021bionale<\/li>\n<li>Mut\u0103ri reziden\u021biale<\/li>\n<li>Mut\u0103ri comerciale \u0219i de birouri<\/li>\n<li>Serviciul de ambalare<\/li>\n<li>Aranjamente de transport<\/li>\n<li>Brokeraj vamal<\/li>\n<li>Instrumentul muzical se mi\u0219c\u0103<\/li>\n<li>Stocare sigur\u0103 pe termen scurt \u0219i lung<\/li>\n<\/ul>\n<p>Still Transfer Company este o companie de mut\u0103ri \u0219i transport de marf\u0103 fondat\u0103 \u00een 1928 \u0219i are sediul \u00een Kingsport. Este membr\u0103 a IAM, cu o experien\u021b\u0103 de 95 de ani, ceea ce \u00eei ofer\u0103 o re\u021bea mondial\u0103 de companii de mut\u0103ri cu care s\u0103 colaboreze pentru a furniza servicii.<\/p>\n<p>Still Transfer Company ofer\u0103 servicii de mut\u0103ri mici \u0219i mari pentru mut\u0103ri locale, pe distan\u021be lungi \u0219i interna\u021bionale pentru mut\u0103ri reziden\u021biale, comerciale, de birou \u0219i industriale. Ace\u0219tia ofer\u0103 servicii de mutare \u0219i ambalare pentru a v\u0103 muta \u00een siguran\u021b\u0103 bunurile la destina\u021bie \u0219i ofer\u0103 \u0219i servicii de brokeraj vamal. De asemenea, ofer\u0103 facilit\u0103\u021bi de depozitare securizat\u0103 pe termen scurt sau lung.<\/p>\n<p>Site web: <a href=\"http:\/\/www.stilltransfer.net\" target=\"_blank\" rel=\"noopener\">http:\/\/www.stilltransfer.net<\/a><\/p>","protected":false},"excerpt":{"rendered":"<p>Are you planning a move? Then engaging the services of a moving company could really help ease the workload. They can assist with planning your move, transportation arrangements, packing your belongings and handling customs on international moves. Below we have compiled a list of Tennessee based removal companies that are members of the International Association [&hellip;]<\/p>\n","protected":false},"author":4,"featured_media":11256,"parent":190,"menu_order":0,"comment_status":"closed","ping_status":"closed","template":"","meta":{"_genesis_hide_title":false,"_genesis_hide_breadcrumbs":false,"_genesis_hide_singular_image":false,"_genesis_hide_footer_widgets":false,"_genesis_custom_body_class":"","_genesis_custom_post_class":"","_genesis_layout":"","footnotes":""},"class_list":{"0":"post-11666","1":"page","2":"type-page","3":"status-publish","4":"has-post-thumbnail","6":"entry"},"_links":{"self":[{"href":"https:\/\/moverdb.com\/ro\/wp-json\/wp\/v2\/pages\/11666","targetHints":{"allow":["GET"]}}],"collection":[{"href":"https:\/\/moverdb.com\/ro\/wp-json\/wp\/v2\/pages"}],"about":[{"href":"https:\/\/moverdb.com\/ro\/wp-json\/wp\/v2\/types\/page"}],"author":[{"embeddable":true,"href":"https:\/\/moverdb.com\/ro\/wp-json\/wp\/v2\/users\/4"}],"replies":[{"embeddable":true,"href":"https:\/\/moverdb.com\/ro\/wp-json\/wp\/v2\/comments?post=11666"}],"version-history":[{"count":1,"href":"https:\/\/moverdb.com\/ro\/wp-json\/wp\/v2\/pages\/11666\/revisions"}],"predecessor-version":[{"id":11667,"href":"https:\/\/moverdb.com\/ro\/wp-json\/wp\/v2\/pages\/11666\/revisions\/11667"}],"up":[{"embeddable":true,"href":"https:\/\/moverdb.com\/ro\/wp-json\/wp\/v2\/pages\/190"}],"wp:featuredmedia":[{"embeddable":true,"href":"https:\/\/moverdb.com\/ro\/wp-json\/wp\/v2\/media\/11256"}],"wp:attachment":[{"href":"https:\/\/moverdb.com\/ro\/wp-json\/wp\/v2\/media?parent=11666"}],"curies":[{"name":"wp","href":"https:\/\/api.w.org\/{rel}","templated":true}]}}