{"id":11661,"date":"2023-11-29T10:50:19","date_gmt":"2023-11-29T10:50:19","guid":{"rendered":"https:\/\/moverdb.com\/?page_id=11661"},"modified":"2026-01-08T15:29:26","modified_gmt":"2026-01-08T15:29:26","slug":"moving-companies-us-sterling","status":"publish","type":"page","link":"https:\/\/moverdb.com\/ro\/moving-companies\/moving-companies-us-sterling\/","title":{"rendered":"6 Cele mai bune companii de mut\u0103ri interna\u021bionale din Sterling"},"content":{"rendered":"<p>Mutarea poate fi o perioad\u0103 aglomerat\u0103, a\u0219a c\u0103 ob\u021binerea unui ajutor poate u\u0219ura cu adev\u0103rat sarcina. Pute\u021bi angaja un <a href=\"https:\/\/moverdb.com\/ro\/moving-companies\/\" data-internallinksmanager029f6b8e52c=\"79\" title=\"Top 25 Companii interna\u021bionale de mutare online\">companie \u00een mi\u0219care<\/a> pentru a v\u0103 ajuta cu o serie de sarcini legate de mutare, inclusiv planificarea mut\u0103rii, \u00eempachetarea obiectelor, organizarea transportului \u0219i gestionarea documentelor vamale. Mai jos am compilat o list\u0103 de firme din Sterling <a href=\"https:\/\/moverdb.com\/ro\/international-removals\/\" data-internallinksmanager029f6b8e52c=\"27\" title=\"36 Cele mai bune companii de mut\u0103ri interna\u021bionale din Marea Britanie\">companii de mutare<\/a> care sunt membri ai grupului <a href=\"https:\/\/moverdb.com\/ro\/iam\/\" data-internallinksmanager029f6b8e52c=\"23\" title=\"Explica\u021bii despre Asocia\u021bia Interna\u021bional\u0103 a Transportatorilor (IAM)\">Asocia\u021bia Interna\u021bional\u0103 a Transportatorilor<\/a> (IAM) \u0219i\/sau <a href=\"https:\/\/moverdb.com\/ro\/fidi-faim\/\" data-internallinksmanager029f6b8e52c=\"16\" title=\"FIDI &amp; FAIM (FIDI Accredited International Mover) Explicat\">FIDI<\/a> Accredited International Mover (FAIM) care v\u0103 poate ajuta cu mutarea dumneavoastr\u0103.<\/p>\n<div id=\"ez-toc-container\" class=\"ez-toc-v2_0_83 ez-toc-wrap-left counter-hierarchy ez-toc-counter ez-toc-transparent ez-toc-container-direction\">\n<div class=\"ez-toc-title-container\">\n<p class=\"ez-toc-title\" style=\"cursor:inherit\">Sec\u021biuni<\/p>\n<span class=\"ez-toc-title-toggle\"><a href=\"#\" class=\"ez-toc-pull-right ez-toc-btn ez-toc-btn-xs ez-toc-btn-default ez-toc-toggle\" aria-label=\"Comuta\u021bi tabelul de con\u021binut\"><span class=\"ez-toc-js-icon-con\"><span class=\"\"><span class=\"eztoc-hide\" style=\"display:none;\">Toggle<\/span><span class=\"ez-toc-icon-toggle-span\"><svg style=\"fill: #999;color:#999\" xmlns=\"http:\/\/www.w3.org\/2000\/svg\" class=\"list-377408\" width=\"20px\" height=\"20px\" viewbox=\"0 0 24 24\" fill=\"none\"><path d=\"M6 6H4v2h2V6zm14 0H8v2h12V6zM4 11h2v2H4v-2zm16 0H8v2h12v-2zM4 16h2v2H4v-2zm16 0H8v2h12v-2z\" fill=\"currentColor\"><\/path><\/svg><svg style=\"fill: #999;color:#999\" class=\"arrow-unsorted-368013\" xmlns=\"http:\/\/www.w3.org\/2000\/svg\" width=\"10px\" height=\"10px\" viewbox=\"0 0 24 24\" version=\"1.2\" baseprofile=\"tiny\"><path d=\"M18.2 9.3l-6.2-6.3-6.2 6.3c-.2.2-.3.4-.3.7s.1.5.3.7c.2.2.4.3.7.3h11c.3 0 .5-.1.7-.3.2-.2.3-.5.3-.7s-.1-.5-.3-.7zM5.8 14.7l6.2 6.3 6.2-6.3c.2-.2.3-.5.3-.7s-.1-.5-.3-.7c-.2-.2-.4-.3-.7-.3h-11c-.3 0-.5.1-.7.3-.2.2-.3.5-.3.7s.1.5.3.7z\"\/><\/svg><\/span><\/span><\/span><\/a><\/span><\/div>\n<nav><ul class='ez-toc-list ez-toc-list-level-1 eztoc-toggle-hide-by-default' ><li class='ez-toc-page-1 ez-toc-heading-level-2'><a class=\"ez-toc-link ez-toc-heading-1\" href=\"https:\/\/moverdb.com\/ro\/moving-companies\/moving-companies-us-sterling\/#1_Brauns_International\" >1. Brauns International<\/a><\/li><li class='ez-toc-page-1 ez-toc-heading-level-2'><a class=\"ez-toc-link ez-toc-heading-2\" href=\"https:\/\/moverdb.com\/ro\/moving-companies\/moving-companies-us-sterling\/#2_DN_Van_Lines\" >2. DN Van Lines<\/a><\/li><li class='ez-toc-page-1 ez-toc-heading-level-2'><a class=\"ez-toc-link ez-toc-heading-3\" href=\"https:\/\/moverdb.com\/ro\/moving-companies\/moving-companies-us-sterling\/#3_JK_Moving_Services\" >3. JK Moving Services<\/a><\/li><li class='ez-toc-page-1 ez-toc-heading-level-2'><a class=\"ez-toc-link ez-toc-heading-4\" href=\"https:\/\/moverdb.com\/ro\/moving-companies\/moving-companies-us-sterling\/#4_Laing_International\" >4. Laing International<\/a><\/li><li class='ez-toc-page-1 ez-toc-heading-level-2'><a class=\"ez-toc-link ez-toc-heading-5\" href=\"https:\/\/moverdb.com\/ro\/moving-companies\/moving-companies-us-sterling\/#5_RelogistiX\" >5. RelogistiX<\/a><\/li><li class='ez-toc-page-1 ez-toc-heading-level-2'><a class=\"ez-toc-link ez-toc-heading-6\" href=\"https:\/\/moverdb.com\/ro\/moving-companies\/moving-companies-us-sterling\/#6_Star_Moving_Solutions\" >6. Star Moving Solutions<\/a><\/li><\/ul><\/nav><\/div>\n<h2><span class=\"ez-toc-section\" id=\"1_Brauns_International\"><\/span><strong>1. Brauns International<\/strong><span class=\"ez-toc-section-end\"><\/span><\/h2>\n<p><img loading=\"lazy\" decoding=\"async\" class=\"alignnone size-full wp-image-7421\" src=\"https:\/\/moverdb.com\/wp-content\/uploads\/Brauns-International-moving-company.png\" alt=\"Brauns International moving company\" width=\"1440\" height=\"683\" data-wp-pid=\"7421\" srcset=\"https:\/\/moverdb.com\/wp-content\/uploads\/Brauns-International-moving-company.png 1440w, https:\/\/moverdb.com\/wp-content\/uploads\/Brauns-International-moving-company-300x142.png 300w, https:\/\/moverdb.com\/wp-content\/uploads\/Brauns-International-moving-company-1024x486.png 1024w, https:\/\/moverdb.com\/wp-content\/uploads\/Brauns-International-moving-company-18x9.png 18w, https:\/\/moverdb.com\/wp-content\/uploads\/Brauns-International-moving-company-600x285.png 600w\" sizes=\"auto, (max-width: 1440px) 100vw, 1440px\" \/><\/p>\n<ul>\n<li>Mut\u0103ri locale \u0219i na\u021bionale<\/li>\n<li>Mut\u0103ri interna\u021bionale<\/li>\n<li>Mutarea gospod\u0103riei<\/li>\n<li>Mi\u0219c\u0103ri corporative<\/li>\n<li>Consultant personal de mutare<\/li>\n<li>Serviciul de ambalare<\/li>\n<li>Transportul cu camionul, aerian \u0219i maritim<\/li>\n<li>Preg\u0103tirea documentelor<\/li>\n<li>Asigurare<\/li>\n<li>Servicii de depozitare<\/li>\n<\/ul>\n<p>Brauns International este o companie interna\u021bional\u0103 de mut\u0103ri \u0219i depozitare \u00eenfiin\u021bat\u0103 \u00een 1992 \u00een <a href=\"https:\/\/moverdb.com\/ro\/moving-to-the-united-states\/moving-to-virginia\/\" data-internallinksmanager029f6b8e52c=\"442\" title=\"Mutarea \u00een Virginia? 2026 Costurile de trai \u0219i sfaturi de relocare\">Virginia<\/a>, \u0219i func\u021bioneaz\u0103 din Sterling. Au o re\u021bea de agen\u021bi parteneri la nivel mondial cu care colaboreaz\u0103 pentru a furniza servicii de mutare la nivel interna\u021bional. Sunt membri ai IAM \u0219i au 31 de ani de experien\u021b\u0103.<\/p>\n<p>Brauns International ofer\u0103 un serviciu de mutare personalizat, cu un consultant personal care va coordona toate aspectele mut\u0103rii dumneavoastr\u0103. Ace\u0219tia ofer\u0103 un serviciu de ambalare de cea mai bun\u0103 calitate, cu ambalaje \u0219i \u00eempachet\u0103ri de cea mai bun\u0103 calitate pentru a v\u0103 proteja bunurile. Ace\u0219tia vor organiza \u0219i urm\u0103ri transportul bunurilor dumneavoastr\u0103 \u0219i vor completa \u0219i compila toate actele \u0219i documenta\u021bia pentru v\u0103muire.<\/p>\n<p>Site web: <a href=\"https:\/\/www.braunsusa.com\/\" target=\"_blank\" rel=\"noopener\">https:\/\/www.braunsusa.com\/<\/a><\/p>\n<h2><span class=\"ez-toc-section\" id=\"2_DN_Van_Lines\"><\/span><strong>2. DN Van Lines<\/strong><span class=\"ez-toc-section-end\"><\/span><\/h2>\n<p><img loading=\"lazy\" decoding=\"async\" class=\"alignnone size-full wp-image-11307\" src=\"https:\/\/moverdb.com\/wp-content\/uploads\/DN-Van-Lines-international-moving-company.png\" alt=\"DN Van Lines companie de mutare interna\u021bional\u0103\" width=\"1440\" height=\"670\" data-wp-pid=\"11307\" srcset=\"https:\/\/moverdb.com\/wp-content\/uploads\/DN-Van-Lines-international-moving-company.png 1440w, https:\/\/moverdb.com\/wp-content\/uploads\/DN-Van-Lines-international-moving-company-300x140.png 300w, https:\/\/moverdb.com\/wp-content\/uploads\/DN-Van-Lines-international-moving-company-1024x476.png 1024w, https:\/\/moverdb.com\/wp-content\/uploads\/DN-Van-Lines-international-moving-company-18x8.png 18w, https:\/\/moverdb.com\/wp-content\/uploads\/DN-Van-Lines-international-moving-company-600x279.png 600w\" sizes=\"auto, (max-width: 1440px) 100vw, 1440px\" \/><\/p>\n<ul>\n<li>Mut\u0103ri locale \u0219i interstatale<\/li>\n<li>Mut\u0103ri pe distan\u021be lungi<\/li>\n<li>Mut\u0103ri reziden\u021biale<\/li>\n<li>Mutarea birourilor \u0219i a spa\u021biilor comerciale<\/li>\n<li>Coordonator de mutare dedicat<\/li>\n<li>Serviciul de ambalare<\/li>\n<li>Gestionarea detaliat\u0103 a inventarului<\/li>\n<li>Aranjamente de transport<\/li>\n<li>Urm\u0103rirea expedierii<\/li>\n<li>Stocare sigur\u0103 pe termen scurt \u0219i lung<\/li>\n<\/ul>\n<p>DN Van Lines este o companie de mutare \u0219i depozitare fondat\u0103 \u00een 2001, cu loca\u021bii \u00een Sterling, <a href=\"https:\/\/moverdb.com\/ro\/moving-to-the-united-states\/moving-to-florida\/\" data-internallinksmanager029f6b8e52c=\"331\" title=\"Mutarea \u00een Florida? 2026 Costurile de trai \u0219i sfaturi de relocare\">Florida<\/a> \u0219i <a href=\"https:\/\/moverdb.com\/ro\/moving-to-the-united-states\/moving-to-massachusetts\/\" data-internallinksmanager029f6b8e52c=\"412\" title=\"V\u0103 muta\u021bi \u00een Massachusetts? 2026 Costurile de trai \u0219i sfaturi de relocare\">Massachusetts<\/a>. Sunt membri ai IAM, cu 20 de ani de experien\u021b\u0103, ceea ce le ofer\u0103 acces la o re\u021bea interna\u021bional\u0103 de agen\u021bi de mutare.<\/p>\n<p>DN Van Lines ofer\u0103 un studiu virtual sau la domiciliu pentru a estima volumul mut\u0103rii dumneavoastr\u0103 \u0219i ofer\u0103 un coordonator de mutare dedicat. Ace\u0219tia ofer\u0103 un serviciu de ambalare care utilizeaz\u0103 echipe instruite pentru a v\u0103 \u00eempacheta \u00een siguran\u021b\u0103 obiectele \u0219i pentru a produce un inventar detaliat care va fi stocat \u00een siguran\u021b\u0103 \u00een sistemul lor. Ace\u0219tia vor aranja transportul obiectelor dvs. la destina\u021bie, iar transporturile vor fi urm\u0103rite prin GPS.<\/p>\n<p>Site web: <a href=\"https:\/\/dnvanlines.com\/\" target=\"_blank\" rel=\"noopener\">https:\/\/dnvanlines.com\/<\/a><\/p>\n<h2><span class=\"ez-toc-section\" id=\"3_JK_Moving_Services\"><\/span><strong>3. JK Moving Services<\/strong><span class=\"ez-toc-section-end\"><\/span><\/h2>\n<p><img loading=\"lazy\" decoding=\"async\" class=\"alignnone size-full wp-image-11662\" src=\"https:\/\/moverdb.com\/wp-content\/uploads\/JK-Moving-Services-international-moving-company.png\" alt=\"JK Moving Services companie interna\u021bional\u0103 de mutare\" width=\"1440\" height=\"678\" data-wp-pid=\"11662\" srcset=\"https:\/\/moverdb.com\/wp-content\/uploads\/JK-Moving-Services-international-moving-company.png 1440w, https:\/\/moverdb.com\/wp-content\/uploads\/JK-Moving-Services-international-moving-company-300x141.png 300w, https:\/\/moverdb.com\/wp-content\/uploads\/JK-Moving-Services-international-moving-company-1024x482.png 1024w, https:\/\/moverdb.com\/wp-content\/uploads\/JK-Moving-Services-international-moving-company-18x8.png 18w, https:\/\/moverdb.com\/wp-content\/uploads\/JK-Moving-Services-international-moving-company-600x283.png 600w\" sizes=\"auto, (max-width: 1440px) 100vw, 1440px\" \/><\/p>\n<ul>\n<li>Mut\u0103ri locale \u0219i pe distan\u021be lungi<\/li>\n<li>Mut\u0103ri interna\u021bionale<\/li>\n<li>Mut\u0103ri reziden\u021biale<\/li>\n<li>Mut\u0103ri comerciale<\/li>\n<li>Serviciu din u\u0219\u0103 \u00een u\u0219\u0103<\/li>\n<li>Manager de mutare dedicat<\/li>\n<li>Serviciul de ambalare<\/li>\n<li>Transport de marf\u0103 pe camion, feroviar, maritim \u0219i aerian<\/li>\n<li>V\u0103muire<\/li>\n<li>Depozitare securizat\u0103<\/li>\n<\/ul>\n<p>JK Moving Services este o companie de relocalizare \u0219i logistic\u0103 care opereaz\u0103 de peste 40 de ani \u0219i are loca\u021bii \u00een Sterling, <a href=\"https:\/\/moverdb.com\/ro\/moving-to-the-united-states\/moving-to-maryland\/\" data-internallinksmanager029f6b8e52c=\"467\" title=\"V\u0103 muta\u021bi \u00een Maryland? 2026 Costuri de trai \u0219i sfaturi de relocare\">Maryland<\/a> \u0219i Washington. Ace\u0219tia dispun de o re\u021bea global\u0103 cuprinz\u0103toare de mut\u0103ri care \u00eei sprijin\u0103 \u00een furnizarea de servicii interna\u021bionale. Sunt membri ai IAM cu 44 de ani de experien\u021b\u0103 \u0219i sunt acredita\u021bi de FIDI.<\/p>\n<p>JK Moving Services ofer\u0103 servicii de mutare din u\u0219\u0103 \u00een u\u0219\u0103 pentru clien\u021bii reziden\u021biali \u0219i comerciali, cu un manager de mutare dedicat care coordoneaz\u0103 \u00eentreaga logistic\u0103. Ace\u0219tia pun la dispozi\u021bie agen\u021bi de mutare profesioni\u0219ti \u0219i instrui\u021bi care v\u0103 vor \u00eempacheta \u0219i \u00eenc\u0103rca \u00een siguran\u021b\u0103 obiectele, iar la livrare le vor desc\u0103rca \u0219i despacheta.<\/p>\n<p>Site web: <a href=\"https:\/\/www.jkmoving.com\/\" target=\"_blank\" rel=\"noopener\">https:\/\/www.jkmoving.com\/<\/a><\/p>\n<h2><span class=\"ez-toc-section\" id=\"4_Laing_International\"><\/span><strong>4. Laing International<\/strong><span class=\"ez-toc-section-end\"><\/span><\/h2>\n<p><img loading=\"lazy\" decoding=\"async\" class=\"alignnone size-full wp-image-11361\" src=\"https:\/\/moverdb.com\/wp-content\/uploads\/Laing-International-moving-company.png\" alt=\"Laing International moving company\" width=\"1440\" height=\"681\" data-wp-pid=\"11361\" srcset=\"https:\/\/moverdb.com\/wp-content\/uploads\/Laing-International-moving-company.png 1440w, https:\/\/moverdb.com\/wp-content\/uploads\/Laing-International-moving-company-300x142.png 300w, https:\/\/moverdb.com\/wp-content\/uploads\/Laing-International-moving-company-1024x484.png 1024w, https:\/\/moverdb.com\/wp-content\/uploads\/Laing-International-moving-company-18x9.png 18w, https:\/\/moverdb.com\/wp-content\/uploads\/Laing-International-moving-company-600x284.png 600w\" sizes=\"auto, (max-width: 1440px) 100vw, 1440px\" \/><\/p>\n<ul>\n<li>Servicii locale de transport de marf\u0103<\/li>\n<li>Transport interna\u021bional de marf\u0103<\/li>\n<li>Bunuri individuale<\/li>\n<li>Bunuri comerciale<\/li>\n<li>Managementul expedierilor<\/li>\n<li>Serviciul de ambalare<\/li>\n<li>Crating<\/li>\n<li>Aranjamente de transport<\/li>\n<li>V\u0103muire<\/li>\n<li>Asigurare<\/li>\n<\/ul>\n<p>Laing International este un broker vamal \u0219i <a href=\"https:\/\/moverdb.com\/ro\/freight-forwarder\/\" data-internallinksmanager029f6b8e52c=\"17\" title=\"Freight Forwarder &amp; NVOCC Ghidul interna\u021bional de costuri \u0219i companii\">expeditor de m\u0103rfuri<\/a> cu sediul \u00een Sterling \u0219i Maryland, care a fost fondat\u0103 \u00een 1979. Sunt membri ai IAM cu o experien\u021b\u0103 de 44 de ani, ceea ce le ofer\u0103 o re\u021bea interna\u021bional\u0103 de companii care \u00eei sprijin\u0103 \u00een furnizarea serviciilor lor \u00een \u00eentreaga lume.<\/p>\n<p>Laing International este un specialist \u00een brokeraj vamal \u0219i expeditor de m\u0103rfuri care \u00ee\u0219i propune s\u0103 reduc\u0103 \u00eent\u00e2rzierile \u0219i s\u0103 v\u0103 economiseasc\u0103 bani la mutarea bunurilor dumneavoastr\u0103 la nivel local sau interna\u021bional. Ace\u0219tia ofer\u0103 servicii de transport local \u0219i servicii de expediere aerian\u0103 de m\u0103rfuri, inclusiv \u00eempachetarea \u0219i ambalarea \u00een l\u0103zi sigure a obiectelor dumneavoastr\u0103, cu asigurare inclus\u0103. De asemenea, se vor ocupa de v\u0103muire pentru transferul bunurilor dvs. \u00eentre \u021b\u0103ri.<\/p>\n<p>Site web: <a href=\"http:\/\/www.lainginternational.com\/\" target=\"_blank\" rel=\"noopener\">http:\/\/www.lainginternational.com\/<\/a><\/p>\n<h2><span class=\"ez-toc-section\" id=\"5_RelogistiX\"><\/span><strong>5. RelogistiX<\/strong><span class=\"ez-toc-section-end\"><\/span><\/h2>\n<p><img loading=\"lazy\" decoding=\"async\" class=\"alignnone size-full wp-image-11663\" src=\"https:\/\/moverdb.com\/wp-content\/uploads\/Relogistix-international-moving-company.png\" alt=\"Relogistix companie de mut\u0103ri interna\u021bionale\" width=\"1440\" height=\"680\" data-wp-pid=\"11663\" srcset=\"https:\/\/moverdb.com\/wp-content\/uploads\/Relogistix-international-moving-company.png 1440w, https:\/\/moverdb.com\/wp-content\/uploads\/Relogistix-international-moving-company-300x142.png 300w, https:\/\/moverdb.com\/wp-content\/uploads\/Relogistix-international-moving-company-1024x484.png 1024w, https:\/\/moverdb.com\/wp-content\/uploads\/Relogistix-international-moving-company-18x9.png 18w, https:\/\/moverdb.com\/wp-content\/uploads\/Relogistix-international-moving-company-600x283.png 600w\" sizes=\"auto, (max-width: 1440px) 100vw, 1440px\" \/><\/p>\n<ul>\n<li>Reloc\u0103ri interna\u021bionale<\/li>\n<li>Mutarea gospod\u0103riei<\/li>\n<li>Serviciu din u\u0219\u0103 \u00een u\u0219\u0103<\/li>\n<li>Coordonator dedicat<\/li>\n<li>Sondaj la domiciliu<\/li>\n<li>Serviciul de ambalare<\/li>\n<li>Materiale de ambalare de \u00eenalt\u0103 calitate<\/li>\n<li>Transport terestru, aerian \u0219i maritim<\/li>\n<li>V\u0103muire<\/li>\n<li>Despachetarea \u0219i \u00eendep\u0103rtarea molozului<\/li>\n<\/ul>\n<p>RelogistiX este o companie de relocalizare \u0219i logistic\u0103 cu sedii \u00een Sterling \u0219i Alexandria. Este membr\u0103 a IAM, cu 36 de ani de experien\u021b\u0103, ceea ce \u00eei ofer\u0103 acces la o re\u021bea interna\u021bional\u0103 de agen\u021bi de mutare care \u00eei sprijin\u0103.<\/p>\n<p>RelogistiX ofer\u0103 o consulta\u021bie gratuit\u0103 \u00eenainte de mutare pentru a discuta cerin\u021bele dumneavoastr\u0103 \u0219i va efectua un studiu \u0219i o ofert\u0103 la domiciliu. Ei vor pune la dispozi\u021bie un coordonator desemnat care va fi persoana de contact principal\u0103 pe tot parcursul mut\u0103rii. Ace\u0219tia folosesc cele mai bune materiale de ambalare care respect\u0103 standardele interna\u021bionale \u0219i l\u0103zi personalizate pentru a v\u0103 proteja obiectele. La sosire, v\u0103 vor desc\u0103rca \u0219i v\u0103 vor despacheta obiectele \u0219i vor \u00eendep\u0103rta toate resturile.<\/p>\n<p>Site web: <a href=\"https:\/\/www.relogistix.net\/\" target=\"_blank\" rel=\"noopener\">https:\/\/www.relogistix.net\/<\/a><\/p>\n<h2><span class=\"ez-toc-section\" id=\"6_Star_Moving_Solutions\"><\/span><strong>6. Star Moving Solutions<\/strong><span class=\"ez-toc-section-end\"><\/span><\/h2>\n<p><img loading=\"lazy\" decoding=\"async\" class=\"alignnone size-full wp-image-5207\" src=\"https:\/\/moverdb.com\/wp-content\/uploads\/Star-Moving-international-moving-company.png\" alt=\"Star Moving companie de mutare interna\u021bional\u0103\" width=\"1440\" height=\"683\" data-wp-pid=\"5207\" srcset=\"https:\/\/moverdb.com\/wp-content\/uploads\/Star-Moving-international-moving-company.png 1440w, https:\/\/moverdb.com\/wp-content\/uploads\/Star-Moving-international-moving-company-300x142.png 300w, https:\/\/moverdb.com\/wp-content\/uploads\/Star-Moving-international-moving-company-1024x486.png 1024w, https:\/\/moverdb.com\/wp-content\/uploads\/Star-Moving-international-moving-company-18x9.png 18w, https:\/\/moverdb.com\/wp-content\/uploads\/Star-Moving-international-moving-company-600x285.png 600w\" sizes=\"auto, (max-width: 1440px) 100vw, 1440px\" \/><\/p>\n<ul>\n<li>Mi\u0219c\u0103ri na\u021bionale<\/li>\n<li>Mut\u0103ri interna\u021bionale<\/li>\n<li>Mutarea gospod\u0103riei<\/li>\n<li>Reloc\u0103ri corporative<\/li>\n<li>Serviciu din u\u0219\u0103 \u00een u\u0219\u0103<\/li>\n<li>Servicii de ambalare<\/li>\n<li>Aranjamente de transport<\/li>\n<li>Asisten\u021b\u0103 vamal\u0103<\/li>\n<li>Sisteme de urm\u0103rire<\/li>\n<li>Solu\u021bii de depozitare<\/li>\n<\/ul>\n<p>Star Moving Solutions este o companie de mut\u0103ri na\u021bionale \u0219i interna\u021bionale fondat\u0103 \u00een 1998. Este membr\u0103 a Van Line, cu o re\u021bea extins\u0103 de companii de mut\u0103ri la nivel mondial care \u00eei sprijin\u0103 cu servicii interna\u021bionale \u00een peste 160 de \u021b\u0103ri. Sunt membri ai IAM cu 25 de ani de experien\u021b\u0103.<\/p>\n<p>Star Moving Solutions ofer\u0103 un sondaj la domiciliu pentru a stabili volumele de mutare \u0219i pentru a v\u0103 oferi o ofert\u0103. Ace\u0219tia ofer\u0103 un singur punct de contact pentru a v\u0103 asista pe tot parcursul mut\u0103rii \u0219i au un sistem de urm\u0103rire pentru a monitoriza progresul. Ofer\u0103 servicii specializate de ambalare \u0219i \u00eempachetare pentru mut\u0103ri \u00een str\u0103in\u0103tate \u0219i v\u0103 vor ajuta cu v\u0103muirea.<\/p>\n<p>Site web: <a href=\"https:\/\/starint.com\/\" target=\"_blank\" rel=\"noopener\">https:\/\/starint.com\/<\/a><\/p>","protected":false},"excerpt":{"rendered":"<p>Moving can be a busy time so getting some help can really lighten the load. You can engage a moving company to help with a range of moving tasks including planning your move, packing your items, arranging transport and handling any customs documentation. Below we have compiled a list of Sterling based removal companies that [&hellip;]<\/p>\n","protected":false},"author":4,"featured_media":7421,"parent":190,"menu_order":0,"comment_status":"closed","ping_status":"closed","template":"","meta":{"_genesis_hide_title":false,"_genesis_hide_breadcrumbs":false,"_genesis_hide_singular_image":false,"_genesis_hide_footer_widgets":false,"_genesis_custom_body_class":"","_genesis_custom_post_class":"","_genesis_layout":"","footnotes":""},"class_list":{"0":"post-11661","1":"page","2":"type-page","3":"status-publish","4":"has-post-thumbnail","6":"entry"},"_links":{"self":[{"href":"https:\/\/moverdb.com\/ro\/wp-json\/wp\/v2\/pages\/11661","targetHints":{"allow":["GET"]}}],"collection":[{"href":"https:\/\/moverdb.com\/ro\/wp-json\/wp\/v2\/pages"}],"about":[{"href":"https:\/\/moverdb.com\/ro\/wp-json\/wp\/v2\/types\/page"}],"author":[{"embeddable":true,"href":"https:\/\/moverdb.com\/ro\/wp-json\/wp\/v2\/users\/4"}],"replies":[{"embeddable":true,"href":"https:\/\/moverdb.com\/ro\/wp-json\/wp\/v2\/comments?post=11661"}],"version-history":[{"count":2,"href":"https:\/\/moverdb.com\/ro\/wp-json\/wp\/v2\/pages\/11661\/revisions"}],"predecessor-version":[{"id":11665,"href":"https:\/\/moverdb.com\/ro\/wp-json\/wp\/v2\/pages\/11661\/revisions\/11665"}],"up":[{"embeddable":true,"href":"https:\/\/moverdb.com\/ro\/wp-json\/wp\/v2\/pages\/190"}],"wp:featuredmedia":[{"embeddable":true,"href":"https:\/\/moverdb.com\/ro\/wp-json\/wp\/v2\/media\/7421"}],"wp:attachment":[{"href":"https:\/\/moverdb.com\/ro\/wp-json\/wp\/v2\/media?parent=11661"}],"curies":[{"name":"wp","href":"https:\/\/api.w.org\/{rel}","templated":true}]}}