{"id":11659,"date":"2023-11-29T10:20:43","date_gmt":"2023-11-29T10:20:43","guid":{"rendered":"https:\/\/moverdb.com\/?page_id=11659"},"modified":"2026-01-08T15:23:50","modified_gmt":"2026-01-08T15:23:50","slug":"moving-companies-us-south-carolina","status":"publish","type":"page","link":"https:\/\/moverdb.com\/ro\/moving-companies\/moving-companies-us-south-carolina\/","title":{"rendered":"2 Cele mai bune companii de mutare interna\u021bional\u0103 \u00een South Carolina"},"content":{"rendered":"<p>Mutarea poate fi cople\u0219itoare, deoarece sunt at\u00e2t de multe de f\u0103cut, cum ar fi planificarea, \u00eempachetarea, organizarea transportului \u0219i, dac\u0103 v\u0103 muta\u021bi \u00een str\u0103in\u0103tate, gestionarea v\u0103milor. A <a href=\"https:\/\/moverdb.com\/ro\/moving-companies\/\" data-internallinksmanager029f6b8e52c=\"79\" title=\"Top 25 Companii interna\u021bionale de mutare online\">companie \u00een mi\u0219care<\/a> v\u0103 poate ajuta cu unele sau cu toate aceste aspecte. Mai jos am compilat o list\u0103 de <a href=\"https:\/\/moverdb.com\/ro\/moving-to-the-united-states\/moving-to-south-carolina\/\" data-internallinksmanager029f6b8e52c=\"408\" title=\"Mutarea \u00een Carolina de Sud? 2026 Costurile de trai \u0219i sfaturi de relocare\">Carolina de Sud<\/a> pe <a href=\"https:\/\/moverdb.com\/ro\/international-removals\/\" data-internallinksmanager029f6b8e52c=\"27\" title=\"36 Cele mai bune companii de mut\u0103ri interna\u021bionale din Marea Britanie\">companii de mutare<\/a> care sunt membri ai grupului <a href=\"https:\/\/moverdb.com\/ro\/iam\/\" data-internallinksmanager029f6b8e52c=\"23\" title=\"Explica\u021bii despre Asocia\u021bia Interna\u021bional\u0103 a Transportatorilor (IAM)\">Asocia\u021bia Interna\u021bional\u0103 a Transportatorilor<\/a> (IAM) \u0219i\/sau <a href=\"https:\/\/moverdb.com\/ro\/fidi-faim\/\" data-internallinksmanager029f6b8e52c=\"16\" title=\"FIDI &amp; FAIM (FIDI Accredited International Mover) Explicat\">FIDI<\/a> Accredited International Mover (FAIM), care v\u0103 poate ajuta cu mutarea dumneavoastr\u0103.<\/p>\n<h2><strong>1. Servicii de transport interna\u021bional de m\u0103rfuri Carrie<\/strong><\/h2>\n<p><img loading=\"lazy\" decoding=\"async\" class=\"alignnone size-full wp-image-11282\" src=\"https:\/\/moverdb.com\/wp-content\/uploads\/Carrie-International-Freight-Services-moving-company.png\" alt=\"Carrie International Freight Services companie de mutare\" width=\"1440\" height=\"675\" data-wp-pid=\"11282\" srcset=\"https:\/\/moverdb.com\/wp-content\/uploads\/Carrie-International-Freight-Services-moving-company.png 1440w, https:\/\/moverdb.com\/wp-content\/uploads\/Carrie-International-Freight-Services-moving-company-300x141.png 300w, https:\/\/moverdb.com\/wp-content\/uploads\/Carrie-International-Freight-Services-moving-company-1024x480.png 1024w, https:\/\/moverdb.com\/wp-content\/uploads\/Carrie-International-Freight-Services-moving-company-18x8.png 18w, https:\/\/moverdb.com\/wp-content\/uploads\/Carrie-International-Freight-Services-moving-company-600x281.png 600w\" sizes=\"auto, (max-width: 1440px) 100vw, 1440px\" \/><\/p>\n<ul>\n<li>Servicii de import \u0219i export<\/li>\n<li>Transport interna\u021bional de marf\u0103<\/li>\n<li>Mutarea gospod\u0103riei<\/li>\n<li>Marf\u0103 comercial\u0103<\/li>\n<li>Servicii personalizate<\/li>\n<li>Manipularea transportului<\/li>\n<li>Transport maritim<\/li>\n<li>Brokeraj vamal<\/li>\n<li>Manipulare de antichit\u0103\u021bi<\/li>\n<li><a href=\"https:\/\/moverdb.com\/ro\/car-transport-shipping\/\" data-internallinksmanager029f6b8e52c=\"2\" title=\"2026 Transport auto interna\u021bional \u0219i oferte de transport maritim de vehicule\">Transportul vehiculelor<\/a><\/li>\n<\/ul>\n<p>Carrie International Freight Services este o companie de transport maritim <a href=\"https:\/\/moverdb.com\/ro\/freight-forwarder\/\" data-internallinksmanager029f6b8e52c=\"17\" title=\"Freight Forwarder &amp; NVOCC Ghidul interna\u021bional de costuri \u0219i companii\">expeditor de m\u0103rfuri<\/a> \u0219i broker vamal cu sediul \u00een Charleston. \u00ce\u0219i ofer\u0103 serviciile pe \u00eentreg teritoriul <a href=\"https:\/\/moverdb.com\/ro\/moving-to-the-united-states\/\" data-internallinksmanager029f6b8e52c=\"94\" title=\"V\u0103 muta\u021bi \u00een Statele Unite? 2026 Costurile vie\u021bii \u0219i sfaturi de relocare\">SUA<\/a> \u0219i c\u0103tre \u0219i dinspre multe \u021b\u0103ri din \u00eentreaga lume. Sunt membri ai IAM, ceea ce le ofer\u0103 acces la o re\u021bea interna\u021bional\u0103 de agen\u021bi de mutare cu care pot lucra.<\/p>\n<p>Carrie International Freight Services ofer\u0103 servicii personalizate \u0219i profesioniste, adaptate la nevoile clien\u021bilor s\u0103i. Ace\u0219tia ofer\u0103 servicii de transport maritim \u0219i gestioneaz\u0103 toate serviciile de import \u0219i export pentru o gam\u0103 larg\u0103 de bunuri, inclusiv bunuri de uz casnic, antichit\u0103\u021bi \u0219i autovehicule.<\/p>\n<p>Site web: <a href=\"http:\/\/www.cifservices.com\" target=\"_blank\" rel=\"noopener\">http:\/\/www.cifservices.com<\/a><\/p>\n<h2><strong>2. Nilson Van &amp; Storage<\/strong><\/h2>\n<p><img loading=\"lazy\" decoding=\"async\" class=\"alignnone size-full wp-image-11395\" src=\"https:\/\/moverdb.com\/wp-content\/uploads\/Nilson-Van-Storage-international-moving-company.png\" alt=\"Nilson Van &amp; Storage companie de mutare interna\u021bional\u0103\" width=\"1440\" height=\"675\" data-wp-pid=\"11395\" srcset=\"https:\/\/moverdb.com\/wp-content\/uploads\/Nilson-Van-Storage-international-moving-company.png 1440w, https:\/\/moverdb.com\/wp-content\/uploads\/Nilson-Van-Storage-international-moving-company-300x141.png 300w, https:\/\/moverdb.com\/wp-content\/uploads\/Nilson-Van-Storage-international-moving-company-1024x480.png 1024w, https:\/\/moverdb.com\/wp-content\/uploads\/Nilson-Van-Storage-international-moving-company-18x8.png 18w, https:\/\/moverdb.com\/wp-content\/uploads\/Nilson-Van-Storage-international-moving-company-600x281.png 600w\" sizes=\"auto, (max-width: 1440px) 100vw, 1440px\" \/><\/p>\n<ul>\n<li>Mut\u0103ri locale \u0219i pe distan\u021be lungi<\/li>\n<li>Mut\u0103ri interna\u021bionale<\/li>\n<li>Mut\u0103ri reziden\u021biale<\/li>\n<li>Mut\u0103ri comerciale<\/li>\n<li>Reloc\u0103ri corporative<\/li>\n<li>Serviciul de ambalare<\/li>\n<li>Transporturi terestre, aeriene \u0219i maritime<\/li>\n<li>Transportul vehiculelor<\/li>\n<li>Asigurare<\/li>\n<li>Op\u021biuni de depozitare<\/li>\n<\/ul>\n<p>Nilson Van &amp; Storage este o companie de ambalare, mutare \u0219i depozitare \u00eenfiin\u021bat\u0103 \u00een 1938 \u0219i are sediul \u00een Columbia, Carolina de Sud. Ei fac parte din Mayflower Movers, care \u00ee\u0219i extinde re\u021beaua de agen\u021bi de mutare care \u00eei pot sprijini cu furnizarea serviciilor sale \u00een peste 160 de \u021b\u0103ri. Sunt membri ai IAM cu o experien\u021b\u0103 de 85 de ani.<\/p>\n<p>Nilson Van &amp; Storage ofer\u0103 un serviciu de \u00eempachetare, cu transportatori califica\u021bi pentru a v\u0103 \u00eempacheta bunurile \u00een siguran\u021b\u0103 \u0219i va \u00eentocmi un inventar detaliat. Ace\u0219tia vor aranja transportul obiectelor dvs. cu informa\u021bii de urm\u0103rire, astfel \u00eenc\u00e2t s\u0103 \u0219ti\u021bi unde se afl\u0103 obiectele dvs.<\/p>\n<p>Site web: <a href=\"http:\/\/www.nilsonvan.com\/\" target=\"_blank\" rel=\"noopener\">http:\/\/www.nilsonvan.com\/<\/a><\/p>","protected":false},"excerpt":{"rendered":"<p>Moving can be overwhelming as there is so much to do such as planning, packing, arranging transport and if moving abroad customs handling. A moving company can assist you with some or all of this. Below we have compiled a list of South Carolina based removal companies that are members of the International Association of [&hellip;]<\/p>\n","protected":false},"author":4,"featured_media":11282,"parent":190,"menu_order":0,"comment_status":"closed","ping_status":"closed","template":"","meta":{"_genesis_hide_title":false,"_genesis_hide_breadcrumbs":false,"_genesis_hide_singular_image":false,"_genesis_hide_footer_widgets":false,"_genesis_custom_body_class":"","_genesis_custom_post_class":"","_genesis_layout":"","footnotes":""},"class_list":{"0":"post-11659","1":"page","2":"type-page","3":"status-publish","4":"has-post-thumbnail","6":"entry"},"_links":{"self":[{"href":"https:\/\/moverdb.com\/ro\/wp-json\/wp\/v2\/pages\/11659","targetHints":{"allow":["GET"]}}],"collection":[{"href":"https:\/\/moverdb.com\/ro\/wp-json\/wp\/v2\/pages"}],"about":[{"href":"https:\/\/moverdb.com\/ro\/wp-json\/wp\/v2\/types\/page"}],"author":[{"embeddable":true,"href":"https:\/\/moverdb.com\/ro\/wp-json\/wp\/v2\/users\/4"}],"replies":[{"embeddable":true,"href":"https:\/\/moverdb.com\/ro\/wp-json\/wp\/v2\/comments?post=11659"}],"version-history":[{"count":1,"href":"https:\/\/moverdb.com\/ro\/wp-json\/wp\/v2\/pages\/11659\/revisions"}],"predecessor-version":[{"id":11660,"href":"https:\/\/moverdb.com\/ro\/wp-json\/wp\/v2\/pages\/11659\/revisions\/11660"}],"up":[{"embeddable":true,"href":"https:\/\/moverdb.com\/ro\/wp-json\/wp\/v2\/pages\/190"}],"wp:featuredmedia":[{"embeddable":true,"href":"https:\/\/moverdb.com\/ro\/wp-json\/wp\/v2\/media\/11282"}],"wp:attachment":[{"href":"https:\/\/moverdb.com\/ro\/wp-json\/wp\/v2\/media?parent=11659"}],"curies":[{"name":"wp","href":"https:\/\/api.w.org\/{rel}","templated":true}]}}