{"id":11648,"date":"2023-11-29T10:50:54","date_gmt":"2023-11-29T10:50:54","guid":{"rendered":"https:\/\/moverdb.com\/?page_id=11648"},"modified":"2026-01-08T15:29:25","modified_gmt":"2026-01-08T15:29:25","slug":"moving-companies-us-ohio","status":"publish","type":"page","link":"https:\/\/moverdb.com\/ro\/moving-companies\/moving-companies-us-ohio\/","title":{"rendered":"6 Cele mai bune companii de mutare interna\u021bional\u0103 \u00een Ohio"},"content":{"rendered":"<p>Pl\u0103nui\u021bi o mutare? Atunci poate dori\u021bi s\u0103 apela\u021bi la serviciile unui <a href=\"https:\/\/moverdb.com\/ro\/moving-companies\/\" data-internallinksmanager029f6b8e52c=\"79\" title=\"Top 25 Companii interna\u021bionale de mutare online\">companie \u00een mi\u0219care<\/a> pentru a reduce volumul de munc\u0103 \u0219i presiunea provocat\u0103 de mutare. Ace\u0219tia v\u0103 pot organiza, \u00eempacheta \u0219i transporta bunurile, precum \u0219i se pot ocupa de vam\u0103 dac\u0103 v\u0103 muta\u021bi \u00een alt\u0103 \u021bar\u0103. Mai jos am compilat o list\u0103 de <a href=\"https:\/\/moverdb.com\/ro\/moving-to-the-united-states\/moving-to-ohio\/\" data-internallinksmanager029f6b8e52c=\"409\" title=\"V\u0103 muta\u021bi \u00een Ohio? 2026 Costuri de trai \u0219i sfaturi de relocare\">Ohio<\/a> pe <a href=\"https:\/\/moverdb.com\/ro\/international-removals\/\" data-internallinksmanager029f6b8e52c=\"27\" title=\"36 Cele mai bune companii de mut\u0103ri interna\u021bionale din Marea Britanie\">companii de mutare<\/a> care sunt membri ai grupului <a href=\"https:\/\/moverdb.com\/ro\/iam\/\" data-internallinksmanager029f6b8e52c=\"23\" title=\"Explica\u021bii despre Asocia\u021bia Interna\u021bional\u0103 a Transportatorilor (IAM)\">Asocia\u021bia Interna\u021bional\u0103 a Transportatorilor<\/a> (IAM) \u0219i\/sau <a href=\"https:\/\/moverdb.com\/ro\/fidi-faim\/\" data-internallinksmanager029f6b8e52c=\"16\" title=\"FIDI &amp; FAIM (FIDI Accredited International Mover) Explicat\">FIDI<\/a> Accredited International Mover (FAIM), care v\u0103 poate ajuta cu mutarea dumneavoastr\u0103.<\/p>\n<div id=\"ez-toc-container\" class=\"ez-toc-v2_0_82_2 ez-toc-wrap-left counter-hierarchy ez-toc-counter ez-toc-transparent ez-toc-container-direction\">\n<div class=\"ez-toc-title-container\">\n<p class=\"ez-toc-title\" style=\"cursor:inherit\">Sec\u021biuni<\/p>\n<span class=\"ez-toc-title-toggle\"><a href=\"#\" class=\"ez-toc-pull-right ez-toc-btn ez-toc-btn-xs ez-toc-btn-default ez-toc-toggle\" aria-label=\"Comuta\u021bi tabelul de con\u021binut\"><span class=\"ez-toc-js-icon-con\"><span class=\"\"><span class=\"eztoc-hide\" style=\"display:none;\">Toggle<\/span><span class=\"ez-toc-icon-toggle-span\"><svg style=\"fill: #999;color:#999\" xmlns=\"http:\/\/www.w3.org\/2000\/svg\" class=\"list-377408\" width=\"20px\" height=\"20px\" viewbox=\"0 0 24 24\" fill=\"none\"><path d=\"M6 6H4v2h2V6zm14 0H8v2h12V6zM4 11h2v2H4v-2zm16 0H8v2h12v-2zM4 16h2v2H4v-2zm16 0H8v2h12v-2z\" fill=\"currentColor\"><\/path><\/svg><svg style=\"fill: #999;color:#999\" class=\"arrow-unsorted-368013\" xmlns=\"http:\/\/www.w3.org\/2000\/svg\" width=\"10px\" height=\"10px\" viewbox=\"0 0 24 24\" version=\"1.2\" baseprofile=\"tiny\"><path d=\"M18.2 9.3l-6.2-6.3-6.2 6.3c-.2.2-.3.4-.3.7s.1.5.3.7c.2.2.4.3.7.3h11c.3 0 .5-.1.7-.3.2-.2.3-.5.3-.7s-.1-.5-.3-.7zM5.8 14.7l6.2 6.3 6.2-6.3c.2-.2.3-.5.3-.7s-.1-.5-.3-.7c-.2-.2-.4-.3-.7-.3h-11c-.3 0-.5.1-.7.3-.2.2-.3.5-.3.7s.1.5.3.7z\"\/><\/svg><\/span><\/span><\/span><\/a><\/span><\/div>\n<nav><ul class='ez-toc-list ez-toc-list-level-1 eztoc-toggle-hide-by-default' ><li class='ez-toc-page-1 ez-toc-heading-level-2'><a class=\"ez-toc-link ez-toc-heading-1\" href=\"https:\/\/moverdb.com\/ro\/moving-companies\/moving-companies-us-ohio\/#1_Andrews_Moving_Storage\" >1. Andrews Moving &amp; Storage<\/a><\/li><li class='ez-toc-page-1 ez-toc-heading-level-2'><a class=\"ez-toc-link ez-toc-heading-2\" href=\"https:\/\/moverdb.com\/ro\/moving-companies\/moving-companies-us-ohio\/#2_Corrigan_Moving_Systems\" >2. Corrigan Moving Systems<\/a><\/li><li class='ez-toc-page-1 ez-toc-heading-level-2'><a class=\"ez-toc-link ez-toc-heading-3\" href=\"https:\/\/moverdb.com\/ro\/moving-companies\/moving-companies-us-ohio\/#3_CSNS_Relocation_Services\" >3. Servicii de relocare CSNS<\/a><\/li><li class='ez-toc-page-1 ez-toc-heading-level-2'><a class=\"ez-toc-link ez-toc-heading-4\" href=\"https:\/\/moverdb.com\/ro\/moving-companies\/moving-companies-us-ohio\/#4_Letz_Get_Moving\" >4. Letz Get Moving<\/a><\/li><li class='ez-toc-page-1 ez-toc-heading-level-2'><a class=\"ez-toc-link ez-toc-heading-5\" href=\"https:\/\/moverdb.com\/ro\/moving-companies\/moving-companies-us-ohio\/#5_Moving_Ahead_Services\" >5. Serviciile Moving Ahead<\/a><\/li><li class='ez-toc-page-1 ez-toc-heading-level-2'><a class=\"ez-toc-link ez-toc-heading-6\" href=\"https:\/\/moverdb.com\/ro\/moving-companies\/moving-companies-us-ohio\/#6_Planes_Moving_Storage\" >6. Planes Moving &amp; Storage<\/a><\/li><\/ul><\/nav><\/div>\n<h2><span class=\"ez-toc-section\" id=\"1_Andrews_Moving_Storage\"><\/span><strong>1. Andrews Moving &amp; Storage<\/strong><span class=\"ez-toc-section-end\"><\/span><\/h2>\n<p><img loading=\"lazy\" decoding=\"async\" class=\"alignnone size-full wp-image-11255\" src=\"https:\/\/moverdb.com\/wp-content\/uploads\/Andrews-Moving-Storage-international-moving-company.png\" alt=\"Andrews Moving &amp; Storage companie de mutare interna\u021bional\u0103\" width=\"1440\" height=\"679\" data-wp-pid=\"11255\" srcset=\"https:\/\/moverdb.com\/wp-content\/uploads\/Andrews-Moving-Storage-international-moving-company.png 1440w, https:\/\/moverdb.com\/wp-content\/uploads\/Andrews-Moving-Storage-international-moving-company-300x141.png 300w, https:\/\/moverdb.com\/wp-content\/uploads\/Andrews-Moving-Storage-international-moving-company-1024x483.png 1024w, https:\/\/moverdb.com\/wp-content\/uploads\/Andrews-Moving-Storage-international-moving-company-18x8.png 18w, https:\/\/moverdb.com\/wp-content\/uploads\/Andrews-Moving-Storage-international-moving-company-600x283.png 600w\" sizes=\"auto, (max-width: 1440px) 100vw, 1440px\" \/><\/p>\n<ul>\n<li>Mut\u0103ri locale \u0219i pe distan\u021be lungi<\/li>\n<li>Mut\u0103ri interna\u021bionale<\/li>\n<li>Mut\u0103ri reziden\u021biale<\/li>\n<li>Mut\u0103ri comerciale \u0219i de birouri<\/li>\n<li>Mutarea angaja\u021bilor<\/li>\n<li>Serviciul de ambalare<\/li>\n<li>Aranjamente de transport<\/li>\n<li>Asisten\u021b\u0103 vamal\u0103<\/li>\n<li>Urm\u0103rirea expedierii<\/li>\n<li>Depozitare pe termen scurt \u0219i lung<\/li>\n<\/ul>\n<p>Andrews Moving &amp; Storage este o companie de mutare de familie fondat\u0103 \u00een 1908 \u0219i cu sediul \u00een Streetsboro. Ei sunt un agent al United Van Lines, care are o re\u021bea mondial\u0103 de agen\u021bi de mutare care opereaz\u0103 la standarde \u00eenalte pentru a lucra cu ei. Ei sunt membri ai IAM.<\/p>\n<p>Andrews Moving &amp; Storage ofer\u0103 servicii de mutare personalizate care v\u0103 vor gestiona \u00eentreaga mutare. Ace\u0219tia ofer\u0103 un serviciu complet de ambalare pentru a v\u0103 proteja bunurile \u00een tranzit, folosind echipe de ambalare instruite. La sosirea la destina\u021bie, ace\u0219tia v\u0103 vor despacheta \u0219i bunurile. Ei vor aranja transportul bunurilor dumneavoastr\u0103 cu asisten\u021b\u0103 vamal\u0103 \u0219i v\u0103 vor oferi urm\u0103rire online.<\/p>\n<p>Site web: <a href=\"http:\/\/www.andrewsmoving.com\" target=\"_blank\" rel=\"noopener\">http:\/\/www.andrewsmoving.com<\/a><\/p>\n<h2><span class=\"ez-toc-section\" id=\"2_Corrigan_Moving_Systems\"><\/span><strong>2. Corrigan Moving Systems<\/strong><span class=\"ez-toc-section-end\"><\/span><\/h2>\n<p><img loading=\"lazy\" decoding=\"async\" class=\"alignnone size-full wp-image-11297\" src=\"https:\/\/moverdb.com\/wp-content\/uploads\/Corrigan-Moving-Systems-international-moving-company.png\" alt=\"Corrigan Moving Systems companie de mutare interna\u021bional\u0103 Corrigan Moving Systems\" width=\"1440\" height=\"675\" data-wp-pid=\"11297\" srcset=\"https:\/\/moverdb.com\/wp-content\/uploads\/Corrigan-Moving-Systems-international-moving-company.png 1440w, https:\/\/moverdb.com\/wp-content\/uploads\/Corrigan-Moving-Systems-international-moving-company-300x141.png 300w, https:\/\/moverdb.com\/wp-content\/uploads\/Corrigan-Moving-Systems-international-moving-company-1024x480.png 1024w, https:\/\/moverdb.com\/wp-content\/uploads\/Corrigan-Moving-Systems-international-moving-company-18x8.png 18w, https:\/\/moverdb.com\/wp-content\/uploads\/Corrigan-Moving-Systems-international-moving-company-600x281.png 600w\" sizes=\"auto, (max-width: 1440px) 100vw, 1440px\" \/><\/p>\n<ul>\n<li>Mut\u0103ri locale \u0219i pe distan\u021be lungi<\/li>\n<li>Mut\u0103ri interna\u021bionale<\/li>\n<li>Mut\u0103ri reziden\u021biale<\/li>\n<li>Mut\u0103ri comerciale<\/li>\n<li>Reloc\u0103ri corporative<\/li>\n<li>Serviciu din u\u0219\u0103 \u00een u\u0219\u0103<\/li>\n<li>Serviciul de ambalare<\/li>\n<li>Asisten\u021b\u0103 vamal\u0103<\/li>\n<li><a href=\"https:\/\/moverdb.com\/ro\/car-transport-shipping\/\" data-internallinksmanager029f6b8e52c=\"2\" title=\"2026 Transport auto interna\u021bional \u0219i oferte de transport maritim de vehicule\">Transportul vehiculelor<\/a><\/li>\n<li>Servicii de depozitare<\/li>\n<\/ul>\n<p>Corrigan Moving Systems este o companie de mut\u0103ri \u0219i logistic\u0103 cu servicii complete, fondat\u0103 \u00een 1929, cu 13 loca\u021bii \u00een Ohio, <a href=\"https:\/\/moverdb.com\/ro\/moving-to-the-united-states\/moving-to-michigan\/\" data-internallinksmanager029f6b8e52c=\"414\" title=\"Mutarea \u00een Michigan? 2026 Costurile de trai \u0219i sfaturi de relocare\">Michigan<\/a>, <a href=\"https:\/\/moverdb.com\/ro\/moving-to-the-united-states\/moving-to-new-york\/\" data-internallinksmanager029f6b8e52c=\"332\" title=\"V\u0103 muta\u021bi \u00een New York (stat)? 2026 Costuri de trai \u0219i sfaturi de relocare\">New York<\/a> \u0219i <a href=\"https:\/\/moverdb.com\/ro\/moving-to-the-united-states\/moving-to-pennsylvania\/\" data-internallinksmanager029f6b8e52c=\"404\" title=\"V\u0103 muta\u021bi \u00een Pennsylvania? 2026 Costuri de trai \u0219i sfaturi de relocare\">Pennsylvania<\/a>. Loca\u021biile lor din Ohio sunt \u00een Cleveland \u0219i Toledo. Fac parte din United Van Lines, care le ofer\u0103 o re\u021bea de agen\u021bi de mutare cu care s\u0103 lucreze. Sunt membri ai IAM cu 75 de ani de experien\u021b\u0103 \u0219i sunt acredita\u021bi de FIDI.<\/p>\n<p>Corrigan Moving Systems ofer\u0103 servicii de mutare din u\u0219\u0103 \u00een u\u0219\u0103 pentru clien\u021bii reziden\u021biali \u0219i comerciali. Ace\u0219tia ofer\u0103 pachete de mutare personalizate, iar coordonatorul dumneavoastr\u0103 de mutare va adapta o strategie de mutare la situa\u021bia dumneavoastr\u0103. Aceasta \u00eencepe cu o ofert\u0103 gratuit\u0103 \u0219i o inspec\u021bie la fa\u021ba locului sau virtual\u0103.<\/p>\n<p>Site web: <a href=\"https:\/\/www.corriganmoving.com\/\" target=\"_blank\" rel=\"noopener\">https:\/\/www.corriganmoving.com\/<\/a><\/p>\n<h2><span class=\"ez-toc-section\" id=\"3_CSNS_Relocation_Services\"><\/span><strong>3. Servicii de relocare CSNS<\/strong><span class=\"ez-toc-section-end\"><\/span><\/h2>\n<p><img loading=\"lazy\" decoding=\"async\" class=\"alignnone size-full wp-image-11301\" src=\"https:\/\/moverdb.com\/wp-content\/uploads\/CSNS-Relocation-Services-international-moving-company.png\" alt=\"CSNS Relocation Services companie de mutare interna\u021bional\u0103\" width=\"1440\" height=\"680\" data-wp-pid=\"11301\" srcset=\"https:\/\/moverdb.com\/wp-content\/uploads\/CSNS-Relocation-Services-international-moving-company.png 1440w, https:\/\/moverdb.com\/wp-content\/uploads\/CSNS-Relocation-Services-international-moving-company-300x142.png 300w, https:\/\/moverdb.com\/wp-content\/uploads\/CSNS-Relocation-Services-international-moving-company-1024x484.png 1024w, https:\/\/moverdb.com\/wp-content\/uploads\/CSNS-Relocation-Services-international-moving-company-18x9.png 18w, https:\/\/moverdb.com\/wp-content\/uploads\/CSNS-Relocation-Services-international-moving-company-600x283.png 600w\" sizes=\"auto, (max-width: 1440px) 100vw, 1440px\" \/><\/p>\n<ul>\n<li>Servicii na\u021bionale de relocare<\/li>\n<li>Servicii de relocalizare a gospod\u0103riilor<\/li>\n<li>Servicii de origine<\/li>\n<li>Servicii de destina\u021bie<\/li>\n<li>L\u0103zi profesionale<\/li>\n<li>Demontarea \u0219i asamblarea mobilei<\/li>\n<li>Servicii de instalare<\/li>\n<li>Serviciul de menajer\u0103<\/li>\n<li>\u00cendep\u0103rtarea molozului<\/li>\n<\/ul>\n<p>CSNS Relocation Services este o companie na\u021bional\u0103 de servicii de relocare \u00eenfiin\u021bat\u0103 \u00een 2002 \u00een <a href=\"https:\/\/moverdb.com\/ro\/moving-to-dublin\/\" data-internallinksmanager029f6b8e52c=\"260\" title=\"V\u0103 muta\u021bi la Dublin? 2026 Costuri de trai \u0219i sfaturi de relocare\">Dublin<\/a>. Ei au o re\u021bea extins\u0103 de companii de mutare cu care lucreaz\u0103 pentru a-\u0219i furniza serviciile. Sunt membri ai IAM \u0219i au 21 de ani de experien\u021b\u0103.<\/p>\n<p>CSNS Relocation Services ofer\u0103 servicii de relocare de la ter\u021bi pentru a v\u0103 ajuta at\u00e2t la origine, c\u00e2t \u0219i la destina\u021bie, \u00een cadrul <a href=\"https:\/\/moverdb.com\/ro\/moving-to-the-united-states\/\" data-internallinksmanager029f6b8e52c=\"94\" title=\"V\u0103 muta\u021bi \u00een Statele Unite? 2026 Costurile vie\u021bii \u0219i sfaturi de relocare\">SUA<\/a>. Ace\u0219tia ofer\u0103 o gam\u0103 larg\u0103 de servicii pe care companiile de mutare nu le ofer\u0103 adesea pentru a v\u0103 ajuta s\u0103 v\u0103 preg\u0103ti\u021bi pentru mutare sau s\u0103 v\u0103 instala\u021bi \u00een noua cas\u0103, cum ar fi instalarea de aparate, instalarea de echipamente audio-vizuale, instalarea de accesorii \u0219i servicii de menajer\u0103.<\/p>\n<p>Site web: <a href=\"http:\/\/www.csnsrelo.com\" target=\"_blank\" rel=\"noopener\">http:\/\/www.csnsrelo.com<\/a><\/p>\n<h2><span class=\"ez-toc-section\" id=\"4_Letz_Get_Moving\"><\/span><strong>4. Letz Get Moving<\/strong><span class=\"ez-toc-section-end\"><\/span><\/h2>\n<p><img loading=\"lazy\" decoding=\"async\" class=\"alignnone size-full wp-image-11364\" src=\"https:\/\/moverdb.com\/wp-content\/uploads\/Letz-Get-Moving-international-moving-company.png\" alt=\"Letz Get Moving companie interna\u021bional\u0103 de mutare\" width=\"1440\" height=\"674\" data-wp-pid=\"11364\" srcset=\"https:\/\/moverdb.com\/wp-content\/uploads\/Letz-Get-Moving-international-moving-company.png 1440w, https:\/\/moverdb.com\/wp-content\/uploads\/Letz-Get-Moving-international-moving-company-300x140.png 300w, https:\/\/moverdb.com\/wp-content\/uploads\/Letz-Get-Moving-international-moving-company-1024x479.png 1024w, https:\/\/moverdb.com\/wp-content\/uploads\/Letz-Get-Moving-international-moving-company-18x8.png 18w, https:\/\/moverdb.com\/wp-content\/uploads\/Letz-Get-Moving-international-moving-company-600x281.png 600w\" sizes=\"auto, (max-width: 1440px) 100vw, 1440px\" \/><\/p>\n<ul>\n<li>Reloc\u0103ri na\u021bionale<\/li>\n<li>Reloc\u0103ri interna\u021bionale<\/li>\n<li>Mutarea gospod\u0103riilor<\/li>\n<li>Serviciu din u\u0219\u0103 \u00een u\u0219\u0103<\/li>\n<li>Serviciul de ambalare<\/li>\n<li>Transport<\/li>\n<li>Op\u021biuni de alegere a containerelor<\/li>\n<li>V\u0103muire<\/li>\n<li>Transportul vehiculelor<\/li>\n<li>Depozitare securizat\u0103<\/li>\n<\/ul>\n<p>Letz Get Moving este o companie de relocare interurban\u0103 \u0219i interna\u021bional\u0103 cu 10 ani de experien\u021b\u0103 \u0219i are loca\u021bii \u00een Twinsburg, Baltimore \u0219i <a href=\"https:\/\/moverdb.com\/ro\/moving-to-los-angeles\/\" data-internallinksmanager029f6b8e52c=\"51\" title=\"V\u0103 muta\u021bi \u00een Los Angeles? 2026 Costuri de trai \u0219i sfaturi de relocare \u00een LA\">Los Angeles<\/a>. Ei sunt membri ai IAM cu \u0219ase ani de experien\u021b\u0103.<\/p>\n<p>Letz Get Moving ofer\u0103 servicii complete de relocare care v\u0103 vor gestiona relocarea de la \u00eenceput p\u00e2n\u0103 la sf\u00e2r\u0219it. Ace\u0219tia ofer\u0103 un punct de contact principal care va coordona \u0219i planifica mutarea dumneavoastr\u0103. V\u0103 vor \u00eempacheta cu profesionalism bunurile \u0219i v\u0103 vor oferi servicii de ambalare personalizate. V\u0103 vor eticheta bunurile \u0219i vor crea o list\u0103 de inventar. La sosire, vor despacheta \u0219i asambla mobila, precum \u0219i vor \u00eendep\u0103rta orice resturi.<\/p>\n<p>Site web: <a href=\"http:\/\/www.letzgetmoving.com\" target=\"_blank\" rel=\"noopener\">http:\/\/www.letzgetmoving.com<\/a><\/p>\n<h2><span class=\"ez-toc-section\" id=\"5_Moving_Ahead_Services\"><\/span><strong>5. Serviciile Moving Ahead<\/strong><span class=\"ez-toc-section-end\"><\/span><\/h2>\n<p><img loading=\"lazy\" decoding=\"async\" class=\"alignnone size-full wp-image-11387\" src=\"https:\/\/moverdb.com\/wp-content\/uploads\/Moving-Ahead-Services-international-moving-company.png\" alt=\"Moving Ahead Services companie interna\u021bional\u0103 de mutare\" width=\"1440\" height=\"672\" data-wp-pid=\"11387\" srcset=\"https:\/\/moverdb.com\/wp-content\/uploads\/Moving-Ahead-Services-international-moving-company.png 1440w, https:\/\/moverdb.com\/wp-content\/uploads\/Moving-Ahead-Services-international-moving-company-300x140.png 300w, https:\/\/moverdb.com\/wp-content\/uploads\/Moving-Ahead-Services-international-moving-company-1024x478.png 1024w, https:\/\/moverdb.com\/wp-content\/uploads\/Moving-Ahead-Services-international-moving-company-18x8.png 18w, https:\/\/moverdb.com\/wp-content\/uploads\/Moving-Ahead-Services-international-moving-company-600x280.png 600w\" sizes=\"auto, (max-width: 1440px) 100vw, 1440px\" \/><\/p>\n<ul>\n<li>Mut\u0103ri locale \u0219i mut\u0103ri pe distan\u021be lungi<\/li>\n<li>Mut\u0103ri interna\u021bionale<\/li>\n<li>Mutarea gospod\u0103riei<\/li>\n<li>Mut\u0103ri comerciale<\/li>\n<li>Reloc\u0103ri corporative<\/li>\n<li>Plan de mutare personalizat<\/li>\n<li>Alegerea op\u021biunilor de servicii complete sau numai manoper\u0103<\/li>\n<li>Servicii de ambalare<\/li>\n<li>Organizarea transportului<\/li>\n<li>Facilit\u0103\u021bi de depozitare<\/li>\n<\/ul>\n<p>Moving Ahead Services este o companie de mut\u0103ri cu loca\u021bii \u00een Cleveland, Columbus, Cincinnati, Charlotte \u0219i Pittsburgh. Sunt membri ai IAM cu 18 ani de experien\u021b\u0103, ceea ce le ofer\u0103 acces la o re\u021bea de agen\u021bi de mutare cu care s\u0103 lucreze.<\/p>\n<p>Moving Ahead Services va completa un chestionar online sau telefonic. <a href=\"https:\/\/moverdb.com\/ro\/quotes\/\" data-internallinksmanager029f6b8e52c=\"26\" title=\"Cota\u021bii de mutare interna\u021bional\u0103: 12 \u00centreb\u0103ri pe care s\u0103 le pune\u021bi transportatorului dvs.\">citat \u00een mi\u0219care<\/a>. Ace\u0219tia vor crea un plan de mutare personalizat care s\u0103 r\u0103spund\u0103 nevoilor dumneavoastr\u0103. Ofer\u0103 servicii complete sau numai manoper\u0103 pentru ambalare \u0219i depozitare \u0219i o gam\u0103 de servicii suplimentare. Reprezentantul dvs. dedicat de servicii pentru clien\u021bi v\u0103 va \u00eendruma cu privire la mutare \u0219i la op\u021biuni.<\/p>\n<p>Site web: <a href=\"https:\/\/movingaheadservices.com\/\" target=\"_blank\" rel=\"noopener\">https:\/\/movingaheadservices.com\/<\/a><\/p>\n<h2><span class=\"ez-toc-section\" id=\"6_Planes_Moving_Storage\"><\/span><strong>6. Planes Moving &amp; Storage<\/strong><span class=\"ez-toc-section-end\"><\/span><\/h2>\n<p><img loading=\"lazy\" decoding=\"async\" class=\"alignnone size-full wp-image-11410\" src=\"https:\/\/moverdb.com\/wp-content\/uploads\/Planes-Moving-Storage-international-moving-company.png\" alt=\"Planes Moving &amp; Storage companie de mutare interna\u021bional\u0103\" width=\"1440\" height=\"660\" data-wp-pid=\"11410\" srcset=\"https:\/\/moverdb.com\/wp-content\/uploads\/Planes-Moving-Storage-international-moving-company.png 1440w, https:\/\/moverdb.com\/wp-content\/uploads\/Planes-Moving-Storage-international-moving-company-300x138.png 300w, https:\/\/moverdb.com\/wp-content\/uploads\/Planes-Moving-Storage-international-moving-company-1024x469.png 1024w, https:\/\/moverdb.com\/wp-content\/uploads\/Planes-Moving-Storage-international-moving-company-18x8.png 18w, https:\/\/moverdb.com\/wp-content\/uploads\/Planes-Moving-Storage-international-moving-company-600x275.png 600w\" sizes=\"auto, (max-width: 1440px) 100vw, 1440px\" \/><\/p>\n<ul>\n<li>Mut\u0103ri locale \u0219i pe distan\u021be lungi<\/li>\n<li>Mut\u0103ri interna\u021bionale<\/li>\n<li>Mutarea gospod\u0103riei<\/li>\n<li>Mi\u0219c\u0103ri de afaceri<\/li>\n<li>Managementul mut\u0103rii<\/li>\n<li>Serviciul de ambalare<\/li>\n<li>Expediere pe calea aerului, pe mare \u0219i pe calea ferat\u0103<\/li>\n<li>Suport pentru documenta\u021bie<\/li>\n<li>Transportul vehiculelor<\/li>\n<li>Facilit\u0103\u021bi de depozitare<\/li>\n<\/ul>\n<p>Planes Moving &amp; Storage este o companie de mut\u0103ri \u00eenfiin\u021bat\u0103 \u00een 1921, cu loca\u021bii \u00een Cincinnati, Dayton \u0219i Columbus \u00een Ohio, precum \u0219i \u00een Indianapolis \u0219i <a href=\"https:\/\/moverdb.com\/ro\/moving-to-chicago\/\" data-internallinksmanager029f6b8e52c=\"39\" title=\"V\u0103 muta\u021bi la Chicago? 2026 Costuri de trai \u0219i sfaturi de relocare\">Chicago<\/a>.  Sunt parteneri ai United Van Lines \u0219i au un lan\u021b de aprovizionare puternic de parteneri pentru a-\u0219i furniza serviciile la nivel interna\u021bional. Sunt membri ai IAM cu 103 ani de experien\u021b\u0103 \u0219i sunt acredita\u021bi de FIDI.<\/p>\n<p>Planes Moving &amp; Storage pune la dispozi\u021bie un coordonator de mutare cu experien\u021b\u0103 care va lucra cu dumneavoastr\u0103 \u0219i va dezvolta un plan de mutare personalizat pentru a v\u0103 satisface nevoile. Ace\u0219tia ofer\u0103 un serviciu complet de ambalare cu echipe de ambalare instruite \u0219i vor proteja obiectele fragile \u0219i de mare valoare.<\/p>\n<p>Site web: <a href=\"http:\/\/www.planescompanies.com\/\" target=\"_blank\" rel=\"noopener\">http:\/\/www.planescompanies.com\/<\/a><\/p>","protected":false},"excerpt":{"rendered":"<p>Are you planning a move? Then you may want to engage the services of a moving company to reduce the workload and pressure of moving. They can organise, pack and transport your belongings as well as handle customs if you are moving country. Below we have compiled a list of Ohio based removal companies that [&hellip;]<\/p>\n","protected":false},"author":4,"featured_media":11255,"parent":190,"menu_order":0,"comment_status":"closed","ping_status":"closed","template":"","meta":{"_genesis_hide_title":false,"_genesis_hide_breadcrumbs":false,"_genesis_hide_singular_image":false,"_genesis_hide_footer_widgets":false,"_genesis_custom_body_class":"","_genesis_custom_post_class":"","_genesis_layout":"","footnotes":""},"class_list":{"0":"post-11648","1":"page","2":"type-page","3":"status-publish","4":"has-post-thumbnail","6":"entry"},"_links":{"self":[{"href":"https:\/\/moverdb.com\/ro\/wp-json\/wp\/v2\/pages\/11648","targetHints":{"allow":["GET"]}}],"collection":[{"href":"https:\/\/moverdb.com\/ro\/wp-json\/wp\/v2\/pages"}],"about":[{"href":"https:\/\/moverdb.com\/ro\/wp-json\/wp\/v2\/types\/page"}],"author":[{"embeddable":true,"href":"https:\/\/moverdb.com\/ro\/wp-json\/wp\/v2\/users\/4"}],"replies":[{"embeddable":true,"href":"https:\/\/moverdb.com\/ro\/wp-json\/wp\/v2\/comments?post=11648"}],"version-history":[{"count":2,"href":"https:\/\/moverdb.com\/ro\/wp-json\/wp\/v2\/pages\/11648\/revisions"}],"predecessor-version":[{"id":11650,"href":"https:\/\/moverdb.com\/ro\/wp-json\/wp\/v2\/pages\/11648\/revisions\/11650"}],"up":[{"embeddable":true,"href":"https:\/\/moverdb.com\/ro\/wp-json\/wp\/v2\/pages\/190"}],"wp:featuredmedia":[{"embeddable":true,"href":"https:\/\/moverdb.com\/ro\/wp-json\/wp\/v2\/media\/11255"}],"wp:attachment":[{"href":"https:\/\/moverdb.com\/ro\/wp-json\/wp\/v2\/media?parent=11648"}],"curies":[{"name":"wp","href":"https:\/\/api.w.org\/{rel}","templated":true}]}}