{"id":11630,"date":"2023-11-30T14:08:07","date_gmt":"2023-11-30T14:08:07","guid":{"rendered":"https:\/\/moverdb.com\/?page_id=11630"},"modified":"2026-01-08T15:30:26","modified_gmt":"2026-01-08T15:30:26","slug":"moving-company-us-new-mexico","status":"publish","type":"page","link":"https:\/\/moverdb.com\/ro\/moving-companies\/moving-company-us-new-mexico\/","title":{"rendered":"Cea mai bun\u0103 companie de mutare interna\u021bional\u0103 \u00een New Mexico"},"content":{"rendered":"<p>Atunci c\u00e2nd v\u0103 muta\u021bi acas\u0103 poate fi o perioad\u0103 stresant\u0103 din cauza planific\u0103rii, \u00eempachet\u0103rii, aranjamentelor de transport \u0219i a documentelor necesare dac\u0103 v\u0103 muta\u021bi \u00een str\u0103in\u0103tate. A\u0219adar, de ce s\u0103 nu l\u0103sa\u021bi un <a href=\"https:\/\/moverdb.com\/ro\/moving-companies\/\" data-internallinksmanager029f6b8e52c=\"79\" title=\"Top 25 Companii interna\u021bionale de mutare online\">companie \u00een mi\u0219care<\/a> face o mare parte din munca grea pentru tine? Mai jos am compilat o list\u0103 de <a href=\"https:\/\/moverdb.com\/ro\/moving-to-the-united-states\/moving-to-new-mexico\/\" data-internallinksmanager029f6b8e52c=\"455\" title=\"V\u0103 muta\u021bi \u00een New Mexico? 2026 Costuri de trai \u0219i sfaturi de relocare\">New Mexico<\/a> pe <a href=\"https:\/\/moverdb.com\/ro\/international-removals\/\" data-internallinksmanager029f6b8e52c=\"27\" title=\"36 Cele mai bune companii de mut\u0103ri interna\u021bionale din Marea Britanie\">companii de mutare<\/a> care sunt membri ai grupului <a href=\"https:\/\/moverdb.com\/ro\/iam\/\" data-internallinksmanager029f6b8e52c=\"23\" title=\"Explica\u021bii despre Asocia\u021bia Interna\u021bional\u0103 a Transportatorilor (IAM)\">Asocia\u021bia Interna\u021bional\u0103 a Transportatorilor<\/a> (IAM) \u0219i\/sau <a href=\"https:\/\/moverdb.com\/ro\/fidi-faim\/\" data-internallinksmanager029f6b8e52c=\"16\" title=\"FIDI &amp; FAIM (FIDI Accredited International Mover) Explicat\">FIDI<\/a> Accredited International Mover (FAIM), care v\u0103 poate ajuta cu mutarea dumneavoastr\u0103.<\/p>\n<h2><strong>Johnson Storage &amp; Moving<\/strong><\/h2>\n<p><img loading=\"lazy\" decoding=\"async\" class=\"alignnone size-full wp-image-11356\" src=\"https:\/\/moverdb.com\/wp-content\/uploads\/Johnson-Storage-Moving-international-moving-company.png\" alt=\"Johnson Storage &amp; Moving companie de mutare interna\u021bional\u0103\" width=\"1440\" height=\"677\" data-wp-pid=\"11356\" srcset=\"https:\/\/moverdb.com\/wp-content\/uploads\/Johnson-Storage-Moving-international-moving-company.png 1440w, https:\/\/moverdb.com\/wp-content\/uploads\/Johnson-Storage-Moving-international-moving-company-300x141.png 300w, https:\/\/moverdb.com\/wp-content\/uploads\/Johnson-Storage-Moving-international-moving-company-1024x481.png 1024w, https:\/\/moverdb.com\/wp-content\/uploads\/Johnson-Storage-Moving-international-moving-company-18x8.png 18w, https:\/\/moverdb.com\/wp-content\/uploads\/Johnson-Storage-Moving-international-moving-company-600x282.png 600w\" sizes=\"auto, (max-width: 1440px) 100vw, 1440px\" \/><\/p>\n<ul>\n<li>Mut\u0103ri locale \u0219i interstatale<\/li>\n<li>Mut\u0103ri interna\u021bionale<\/li>\n<li>Mutarea gospod\u0103riei<\/li>\n<li>Mut\u0103ri comerciale<\/li>\n<li>Reloc\u0103ri corporative<\/li>\n<li>Consultant dedicat pentru mutare<\/li>\n<li>Serviciul de ambalare<\/li>\n<li>Organizarea transportului<\/li>\n<li>V\u0103muire<\/li>\n<li>Facilit\u0103\u021bi de depozitare<\/li>\n<\/ul>\n<p>Johnson Storage &amp; Moving este o firm\u0103 de mut\u0103ri \u00eenfiin\u021bat\u0103 \u00een 1900, care are 12 birouri \u00een toat\u0103 \u021bara. <a href=\"https:\/\/moverdb.com\/ro\/moving-to-the-united-states\/\" data-internallinksmanager029f6b8e52c=\"94\" title=\"V\u0103 muta\u021bi \u00een Statele Unite? 2026 Costurile vie\u021bii \u0219i sfaturi de relocare\">SUA<\/a> inclusiv o loca\u021bie \u00een Albuquerque. Lucreaz\u0103 cu o re\u021bea de parteneri globali care le permite s\u0103 opereze \u00een peste 200 de \u021b\u0103ri din \u00eentreaga lume \u0219i sunt acredita\u021bi de FIDI.<\/p>\n<p>Johnson Storage &amp; Moving v\u0103 va evalua cerin\u021bele de mutare prin completarea unui studiu virtual gratuit sau la domiciliu \u0219i v\u0103 va oferi o ofert\u0103. V\u0103 vor sprijini pe tot parcursul mut\u0103rii cu un consultant dedicat \u0219i vor crea un plan de mutare. Ofer\u0103 un serviciu complet de ambalare \u0219i va organiza transportul cu v\u0103muire.<\/p>\n<p>Site web: <a href=\"https:\/\/johnsonstorage.com\/\" target=\"_blank\" rel=\"noopener\">https:\/\/johnsonstorage.com\/<\/a><\/p>","protected":false},"excerpt":{"rendered":"<p>When you are moving home it can be a stressful time with all the planning, packing, transportation arrangements and documentation requirements if you are moving abroad. So why not let a moving company do a lot of the hard work for you? Below we have compiled a list of New Mexico based removal companies that [&hellip;]<\/p>\n","protected":false},"author":4,"featured_media":11356,"parent":190,"menu_order":0,"comment_status":"closed","ping_status":"closed","template":"","meta":{"_genesis_hide_title":false,"_genesis_hide_breadcrumbs":false,"_genesis_hide_singular_image":false,"_genesis_hide_footer_widgets":false,"_genesis_custom_body_class":"","_genesis_custom_post_class":"","_genesis_layout":"","footnotes":""},"class_list":{"0":"post-11630","1":"page","2":"type-page","3":"status-publish","4":"has-post-thumbnail","6":"entry"},"_links":{"self":[{"href":"https:\/\/moverdb.com\/ro\/wp-json\/wp\/v2\/pages\/11630","targetHints":{"allow":["GET"]}}],"collection":[{"href":"https:\/\/moverdb.com\/ro\/wp-json\/wp\/v2\/pages"}],"about":[{"href":"https:\/\/moverdb.com\/ro\/wp-json\/wp\/v2\/types\/page"}],"author":[{"embeddable":true,"href":"https:\/\/moverdb.com\/ro\/wp-json\/wp\/v2\/users\/4"}],"replies":[{"embeddable":true,"href":"https:\/\/moverdb.com\/ro\/wp-json\/wp\/v2\/comments?post=11630"}],"version-history":[{"count":1,"href":"https:\/\/moverdb.com\/ro\/wp-json\/wp\/v2\/pages\/11630\/revisions"}],"predecessor-version":[{"id":11631,"href":"https:\/\/moverdb.com\/ro\/wp-json\/wp\/v2\/pages\/11630\/revisions\/11631"}],"up":[{"embeddable":true,"href":"https:\/\/moverdb.com\/ro\/wp-json\/wp\/v2\/pages\/190"}],"wp:featuredmedia":[{"embeddable":true,"href":"https:\/\/moverdb.com\/ro\/wp-json\/wp\/v2\/media\/11356"}],"wp:attachment":[{"href":"https:\/\/moverdb.com\/ro\/wp-json\/wp\/v2\/media?parent=11630"}],"curies":[{"name":"wp","href":"https:\/\/api.w.org\/{rel}","templated":true}]}}