{"id":11624,"date":"2023-11-22T15:50:03","date_gmt":"2023-11-22T15:50:03","guid":{"rendered":"https:\/\/moverdb.com\/?page_id=11624"},"modified":"2026-01-08T15:30:12","modified_gmt":"2026-01-08T15:30:12","slug":"moving-companies-nevada","status":"publish","type":"page","link":"https:\/\/moverdb.com\/ro\/moving-companies\/moving-companies-nevada\/","title":{"rendered":"Cele mai bune companii de mutare interna\u021bional\u0103 \u00een Nevada"},"content":{"rendered":"<p>Mutarea poate fi unul dintre cele mai stresante momente din via\u021ba ta, a\u0219a c\u0103 de ce s\u0103 \u00eencerci s\u0103 faci totul de unul singur? A <a href=\"https:\/\/moverdb.com\/ro\/moving-companies\/\" data-internallinksmanager029f6b8e52c=\"79\" title=\"Top 25 Companii interna\u021bionale de mutare online\">companie \u00een mi\u0219care<\/a> poate prelua multe dintre sarcini, cum ar fi organizarea mut\u0103rii, aranjarea transportului, \u00eempachetarea \u0219i completarea documentelor. Mai jos am compilat o list\u0103 de <a href=\"https:\/\/moverdb.com\/ro\/moving-to-the-united-states\/moving-to-nevada\/\" data-internallinksmanager029f6b8e52c=\"457\" title=\"Mutarea \u00een Nevada? 2026 Costuri de trai \u0219i sfaturi de relocare\">Nevada<\/a> pe <a href=\"https:\/\/moverdb.com\/ro\/international-removals\/\" data-internallinksmanager029f6b8e52c=\"27\" title=\"36 Cele mai bune companii de mut\u0103ri interna\u021bionale din Marea Britanie\">companii de mutare<\/a> care sunt membri ai grupului <a href=\"https:\/\/moverdb.com\/ro\/iam\/\" data-internallinksmanager029f6b8e52c=\"23\" title=\"Explica\u021bii despre Asocia\u021bia Interna\u021bional\u0103 a Transportatorilor (IAM)\">Asocia\u021bia Interna\u021bional\u0103 a Transportatorilor<\/a> (IAM) \u0219i\/sau <a href=\"https:\/\/moverdb.com\/ro\/fidi-faim\/\" data-internallinksmanager029f6b8e52c=\"16\" title=\"FIDI &amp; FAIM (FIDI Accredited International Mover) Explicat\">FIDI<\/a> Accredited International Mover (FAIM), care v\u0103 poate ajuta cu mutarea dumneavoastr\u0103.<\/p>\n<h2><strong>RenoRelo<\/strong><\/h2>\n<p><img loading=\"lazy\" decoding=\"async\" class=\"alignnone size-full wp-image-11423\" src=\"https:\/\/moverdb.com\/wp-content\/uploads\/RenoRelo-international-moving-company.png\" alt=\"RenoRelo companie de mutare interna\u021bional\u0103\" width=\"1440\" height=\"679\" data-wp-pid=\"11423\" srcset=\"https:\/\/moverdb.com\/wp-content\/uploads\/RenoRelo-international-moving-company.png 1440w, https:\/\/moverdb.com\/wp-content\/uploads\/RenoRelo-international-moving-company-300x141.png 300w, https:\/\/moverdb.com\/wp-content\/uploads\/RenoRelo-international-moving-company-1024x483.png 1024w, https:\/\/moverdb.com\/wp-content\/uploads\/RenoRelo-international-moving-company-18x8.png 18w, https:\/\/moverdb.com\/wp-content\/uploads\/RenoRelo-international-moving-company-600x283.png 600w\" sizes=\"auto, (max-width: 1440px) 100vw, 1440px\" \/><\/p>\n<ul>\n<li>Mut\u0103ri locale \u0219i na\u021bionale<\/li>\n<li>Mi\u0219c\u0103ri la nivel mondial<\/li>\n<li>Mut\u0103ri reziden\u021biale<\/li>\n<li>Mut\u0103ri comerciale \u0219i de birouri<\/li>\n<li>Reloc\u0103ri corporative<\/li>\n<li>Solu\u021bii cu servicii complete<\/li>\n<li>Serviciul de ambalare<\/li>\n<li>Crating<\/li>\n<li>Aranjamente de transport<\/li>\n<li>Facilit\u0103\u021bi de depozitare<\/li>\n<\/ul>\n<p>RenoRelo este o companie de mut\u0103ri cu servicii complete, cu loca\u021bii \u00een Reno, Spokane \u0219i Boise. Sunt un agent al United Van Lines, ceea ce le ofer\u0103 o re\u021bea de companii de mut\u0103ri cu care s\u0103 lucreze pentru a-\u0219i furniza serviciile \u00een afara zonelor lor de operare. Ei sunt membri ai IAM cu cinci ani de experien\u021b\u0103.<\/p>\n<p>RenoRelo ofer\u0103 solu\u021bii complete de mutare pentru mut\u0103ri reziden\u021biale, comerciale \u0219i de birouri, precum \u0219i reloc\u0103ri corporative \u00een cadrul <a href=\"https:\/\/moverdb.com\/ro\/moving-to-the-united-states\/\" data-internallinksmanager029f6b8e52c=\"94\" title=\"V\u0103 muta\u021bi \u00een Statele Unite? 2026 Costurile vie\u021bii \u0219i sfaturi de relocare\">SUA<\/a> \u0219i la nivel interna\u021bional. Ace\u0219tia ofer\u0103 servicii de ambalare \u0219i ambalare \u00een l\u0103zi pentru a v\u0103 proteja bunurile \u00een timpul transportului. Ace\u0219tia vor aranja transportul lucrurilor dumneavoastr\u0103 \u0219i vor coordona cu orice ter\u021bi pentru livrarea acestora la destina\u021bie.<\/p>\n<p>Site web: <a href=\"http:\/\/renoreloww.com\" target=\"_blank\" rel=\"noopener\">http:\/\/renoreloww.com<\/a><\/p>\n<h2>Alte ghiduri utile pentru Statele Unite<\/h2>\n<ul>\n<li> <a href=\"https:\/\/moverdb.com\/ro\/moving-to-the-united-states-2022-living-costs-relocation-tips\/moving-to-las-vegas\/\">V\u0103 muta\u021bi \u00een Las Vegas? 2026 Costuri de trai \u0219i sfaturi de relocare<\/a><\/li>\n<li> <a href=\"https:\/\/moverdb.com\/ro\/moving-to-the-united-states-2022-living-costs-relocation-tips\/moving-to-nevada\/\">Mutarea \u00een Nevada? 2026 Costuri de trai \u0219i sfaturi de relocare<\/a><\/li>\n<li> <a href=\"https:\/\/moverdb.com\/ro\/moving-to-the-united-states-2022-living-costs-relocation-tips\/movers-cost\/\">C\u00e2t de mult cost\u0103 s\u0103 angajezi un agent de mutare? Ghidul de economisire din SUA 2024<\/a><\/li>\n<li> <a href=\"https:\/\/moverdb.com\/ro\/moving-to-the-united-states-2022-living-costs-relocation-tips\/\">V\u0103 muta\u021bi \u00een Statele Unite? 2026 Costurile vie\u021bii \u0219i sfaturi de relocare<\/a><\/li>\n<li> <a href=\"https:\/\/moverdb.com\/ro\/moving-to-the-united-states-2022-living-costs-relocation-tips\/places-to-live-in-the-us\/\">13 Cele mai bune locuri de locuit din Statele Unite ale Americii<\/a><\/li>\n<li> <a href=\"https:\/\/moverdb.com\/ro\/moving-to-the-united-states-2022-living-costs-relocation-tips\/de-viata\/\">21 de secrete despre via\u021ba \u00een SUA pe care trebuie s\u0103 le \u0219tii \u00eenainte de a te muta<\/a><\/li>\n<\/ul>","protected":false},"excerpt":{"rendered":"<p>Moving can be one of the most stressful times in your life so why try to do it all by yourself? A moving company can take on many of the tasks such as organising the move, arranging transport, packing and completing paperwork. Below we have compiled a list of Nevada based removal companies that are [&hellip;]<\/p>\n","protected":false},"author":4,"featured_media":11423,"parent":190,"menu_order":0,"comment_status":"closed","ping_status":"closed","template":"","meta":{"_genesis_hide_title":false,"_genesis_hide_breadcrumbs":false,"_genesis_hide_singular_image":false,"_genesis_hide_footer_widgets":false,"_genesis_custom_body_class":"","_genesis_custom_post_class":"","_genesis_layout":"","footnotes":""},"class_list":{"0":"post-11624","1":"page","2":"type-page","3":"status-publish","4":"has-post-thumbnail","6":"entry"},"_links":{"self":[{"href":"https:\/\/moverdb.com\/ro\/wp-json\/wp\/v2\/pages\/11624","targetHints":{"allow":["GET"]}}],"collection":[{"href":"https:\/\/moverdb.com\/ro\/wp-json\/wp\/v2\/pages"}],"about":[{"href":"https:\/\/moverdb.com\/ro\/wp-json\/wp\/v2\/types\/page"}],"author":[{"embeddable":true,"href":"https:\/\/moverdb.com\/ro\/wp-json\/wp\/v2\/users\/4"}],"replies":[{"embeddable":true,"href":"https:\/\/moverdb.com\/ro\/wp-json\/wp\/v2\/comments?post=11624"}],"version-history":[{"count":4,"href":"https:\/\/moverdb.com\/ro\/wp-json\/wp\/v2\/pages\/11624\/revisions"}],"predecessor-version":[{"id":17660,"href":"https:\/\/moverdb.com\/ro\/wp-json\/wp\/v2\/pages\/11624\/revisions\/17660"}],"up":[{"embeddable":true,"href":"https:\/\/moverdb.com\/ro\/wp-json\/wp\/v2\/pages\/190"}],"wp:featuredmedia":[{"embeddable":true,"href":"https:\/\/moverdb.com\/ro\/wp-json\/wp\/v2\/media\/11423"}],"wp:attachment":[{"href":"https:\/\/moverdb.com\/ro\/wp-json\/wp\/v2\/media?parent=11624"}],"curies":[{"name":"wp","href":"https:\/\/api.w.org\/{rel}","templated":true}]}}