{"id":11619,"date":"2023-11-29T10:52:33","date_gmt":"2023-11-29T10:52:33","guid":{"rendered":"https:\/\/moverdb.com\/?page_id=11619"},"modified":"2026-01-08T15:28:59","modified_gmt":"2026-01-08T15:28:59","slug":"moving-companies-us-missouri","status":"publish","type":"page","link":"https:\/\/moverdb.com\/ro\/moving-companies\/moving-companies-us-missouri\/","title":{"rendered":"5 Cele mai bune companii de mutare interna\u021bional\u0103 din Missouri"},"content":{"rendered":"<p>Atunci c\u00e2nd v\u0103 planifica\u021bi mutarea, ve\u021bi face totul singur sau ve\u021bi primi ajutor de la un <a href=\"https:\/\/moverdb.com\/ro\/moving-companies\/\" data-internallinksmanager029f6b8e52c=\"79\" title=\"Top 25 Companii interna\u021bionale de mutare online\">companie \u00een mi\u0219care<\/a>? Ace\u0219tia v\u0103 pot ajuta cu ambalarea, transportul \u0219i documenta\u021bia pentru a reduce presiunea asupra dumneavoastr\u0103. Mai jos am compilat o list\u0103 de <a href=\"https:\/\/moverdb.com\/ro\/moving-to-the-united-states\/moving-to-missouri\/\" data-internallinksmanager029f6b8e52c=\"460\" title=\"Mutarea \u00een Missouri? 2026 Costurile de trai \u0219i sfaturi de relocare\">Missouri<\/a> pe <a href=\"https:\/\/moverdb.com\/ro\/international-removals\/\" data-internallinksmanager029f6b8e52c=\"27\" title=\"36 Cele mai bune companii de mut\u0103ri interna\u021bionale din Marea Britanie\">companii de mutare<\/a> care sunt membri ai grupului <a href=\"https:\/\/moverdb.com\/ro\/iam\/\" data-internallinksmanager029f6b8e52c=\"23\" title=\"Explica\u021bii despre Asocia\u021bia Interna\u021bional\u0103 a Transportatorilor (IAM)\">Asocia\u021bia Interna\u021bional\u0103 a Transportatorilor<\/a> (IAM) \u0219i\/sau <a href=\"https:\/\/moverdb.com\/ro\/fidi-faim\/\" data-internallinksmanager029f6b8e52c=\"16\" title=\"FIDI &amp; FAIM (FIDI Accredited International Mover) Explicat\">FIDI<\/a> Accredited International Mover (FAIM) care v\u0103 poate ajuta cu mutarea dumneavoastr\u0103.<\/p>\n<div id=\"ez-toc-container\" class=\"ez-toc-v2_0_82_2 ez-toc-wrap-left counter-hierarchy ez-toc-counter ez-toc-transparent ez-toc-container-direction\">\n<div class=\"ez-toc-title-container\">\n<p class=\"ez-toc-title\" style=\"cursor:inherit\">Sec\u021biuni<\/p>\n<span class=\"ez-toc-title-toggle\"><a href=\"#\" class=\"ez-toc-pull-right ez-toc-btn ez-toc-btn-xs ez-toc-btn-default ez-toc-toggle\" aria-label=\"Comuta\u021bi tabelul de con\u021binut\"><span class=\"ez-toc-js-icon-con\"><span class=\"\"><span class=\"eztoc-hide\" style=\"display:none;\">Toggle<\/span><span class=\"ez-toc-icon-toggle-span\"><svg style=\"fill: #999;color:#999\" xmlns=\"http:\/\/www.w3.org\/2000\/svg\" class=\"list-377408\" width=\"20px\" height=\"20px\" viewbox=\"0 0 24 24\" fill=\"none\"><path d=\"M6 6H4v2h2V6zm14 0H8v2h12V6zM4 11h2v2H4v-2zm16 0H8v2h12v-2zM4 16h2v2H4v-2zm16 0H8v2h12v-2z\" fill=\"currentColor\"><\/path><\/svg><svg style=\"fill: #999;color:#999\" class=\"arrow-unsorted-368013\" xmlns=\"http:\/\/www.w3.org\/2000\/svg\" width=\"10px\" height=\"10px\" viewbox=\"0 0 24 24\" version=\"1.2\" baseprofile=\"tiny\"><path d=\"M18.2 9.3l-6.2-6.3-6.2 6.3c-.2.2-.3.4-.3.7s.1.5.3.7c.2.2.4.3.7.3h11c.3 0 .5-.1.7-.3.2-.2.3-.5.3-.7s-.1-.5-.3-.7zM5.8 14.7l6.2 6.3 6.2-6.3c.2-.2.3-.5.3-.7s-.1-.5-.3-.7c-.2-.2-.4-.3-.7-.3h-11c-.3 0-.5.1-.7.3-.2.2-.3.5-.3.7s.1.5.3.7z\"\/><\/svg><\/span><\/span><\/span><\/a><\/span><\/div>\n<nav><ul class='ez-toc-list ez-toc-list-level-1 eztoc-toggle-hide-by-default' ><li class='ez-toc-page-1 ez-toc-heading-level-2'><a class=\"ez-toc-link ez-toc-heading-1\" href=\"https:\/\/moverdb.com\/ro\/moving-companies\/moving-companies-us-missouri\/#1_Compass_Moving\" >1. Busol\u0103 \u00cen mi\u0219care<\/a><\/li><li class='ez-toc-page-1 ez-toc-heading-level-2'><a class=\"ez-toc-link ez-toc-heading-2\" href=\"https:\/\/moverdb.com\/ro\/moving-companies\/moving-companies-us-missouri\/#2_Day_Transfer_Company\" >2. Compania Day Transfer<\/a><\/li><li class='ez-toc-page-1 ez-toc-heading-level-2'><a class=\"ez-toc-link ez-toc-heading-3\" href=\"https:\/\/moverdb.com\/ro\/moving-companies\/moving-companies-us-missouri\/#3_Mayflower\" >3. Mayflower<\/a><\/li><li class='ez-toc-page-1 ez-toc-heading-level-2'><a class=\"ez-toc-link ez-toc-heading-4\" href=\"https:\/\/moverdb.com\/ro\/moving-companies\/moving-companies-us-missouri\/#4_The_Cartwright_Co\" >4. The Cartwright Co.<\/a><\/li><li class='ez-toc-page-1 ez-toc-heading-level-2'><a class=\"ez-toc-link ez-toc-heading-5\" href=\"https:\/\/moverdb.com\/ro\/moving-companies\/moving-companies-us-missouri\/#5_United_Van_Lines\" >5. United Van Lines<\/a><\/li><\/ul><\/nav><\/div>\n<h2><span class=\"ez-toc-section\" id=\"1_Compass_Moving\"><\/span><strong>1. Busol\u0103 \u00cen mi\u0219care<\/strong><span class=\"ez-toc-section-end\"><\/span><\/h2>\n<p><img loading=\"lazy\" decoding=\"async\" class=\"alignnone size-full wp-image-11290\" src=\"https:\/\/moverdb.com\/wp-content\/uploads\/Compass-Moving-international-moving-company.png\" alt=\"Compass Moving companie de mutare interna\u021bional\u0103\" width=\"1440\" height=\"676\" data-wp-pid=\"11290\" srcset=\"https:\/\/moverdb.com\/wp-content\/uploads\/Compass-Moving-international-moving-company.png 1440w, https:\/\/moverdb.com\/wp-content\/uploads\/Compass-Moving-international-moving-company-300x141.png 300w, https:\/\/moverdb.com\/wp-content\/uploads\/Compass-Moving-international-moving-company-1024x481.png 1024w, https:\/\/moverdb.com\/wp-content\/uploads\/Compass-Moving-international-moving-company-18x8.png 18w, https:\/\/moverdb.com\/wp-content\/uploads\/Compass-Moving-international-moving-company-600x282.png 600w\" sizes=\"auto, (max-width: 1440px) 100vw, 1440px\" \/><\/p>\n<ul>\n<li>Mi\u0219c\u0103ri na\u021bionale<\/li>\n<li>Mut\u0103ri interna\u021bionale<\/li>\n<li>Mut\u0103ri reziden\u021biale<\/li>\n<li>Mi\u0219c\u0103ri militare<\/li>\n<li>Ofert\u0103 de servicii complete<\/li>\n<li>Serviciul de ambalare<\/li>\n<li>Transport terestru \u0219i maritim<\/li>\n<li><a href=\"https:\/\/moverdb.com\/ro\/top-49-container-ports\/\" data-internallinksmanager029f6b8e52c=\"80\" title=\"Top 49 cele mai mari \u0219i mai aglomerate porturi de containere \u00een 2026\">Port<\/a> servicii<\/li>\n<li><a href=\"https:\/\/moverdb.com\/ro\/car-transport-shipping\/\" data-internallinksmanager029f6b8e52c=\"2\" title=\"2026 Transport auto interna\u021bional \u0219i oferte de transport maritim de vehicule\">Transportul vehiculelor<\/a><\/li>\n<li>Asigurare<\/li>\n<\/ul>\n<p>Compass Moving este o companie de mut\u0103ri cu servicii complete, \u00eenfiin\u021bat\u0103 \u00een 1982 \u0219i are sediul \u00een Grandview. Ei sunt membri ai IAM cu 41 de ani de experien\u021b\u0103, ceea ce le ofer\u0103 acces la o re\u021bea interna\u021bional\u0103 de agen\u021bi de mutare cu care s\u0103 lucreze.<\/p>\n<p>Compass Moving ofer\u0103 servicii complete <a href=\"https:\/\/moverdb.com\/ro\/quotes\/\" data-internallinksmanager029f6b8e52c=\"26\" title=\"Cota\u021bii de mutare interna\u021bional\u0103: 12 \u00centreb\u0103ri pe care s\u0103 le pune\u021bi transportatorului dvs.\">citate \u00een mi\u0219care<\/a> f\u0103r\u0103 taxe ascunse. Ace\u0219tia ofer\u0103 un serviciu profesionist de ambalare la domiciliu pentru a v\u0103 \u00eempacheta \u00een siguran\u021b\u0103 bunurile pentru tranzit \u00een containere sigilate. Dac\u0103 v\u0103 deplasa\u021bi la nivel interna\u021bional, vor aranja transportul cu camionul \u0219i transportul maritim. Se vor ocupa de toate procedurile portuare, iar toate costurile sunt incluse \u00een pre\u021b, precum \u0219i asigurarea de baz\u0103 este inclus\u0103.<\/p>\n<p>Site web: <a href=\"http:\/\/www.compassmoving.com\" target=\"_blank\" rel=\"noopener\">http:\/\/www.compassmoving.com<\/a><\/p>\n<h2><span class=\"ez-toc-section\" id=\"2_Day_Transfer_Company\"><\/span><strong>2. Compania Day Transfer<\/strong><span class=\"ez-toc-section-end\"><\/span><\/h2>\n<p><img loading=\"lazy\" decoding=\"async\" class=\"alignnone size-full wp-image-11304\" src=\"https:\/\/moverdb.com\/wp-content\/uploads\/Day-Transfer-Moving-Storage-international-moving-company.png\" alt=\"Day Transfer Moving &amp; Storage companie de mutare interna\u021bional\u0103\" width=\"1440\" height=\"677\" data-wp-pid=\"11304\" srcset=\"https:\/\/moverdb.com\/wp-content\/uploads\/Day-Transfer-Moving-Storage-international-moving-company.png 1440w, https:\/\/moverdb.com\/wp-content\/uploads\/Day-Transfer-Moving-Storage-international-moving-company-300x141.png 300w, https:\/\/moverdb.com\/wp-content\/uploads\/Day-Transfer-Moving-Storage-international-moving-company-1024x481.png 1024w, https:\/\/moverdb.com\/wp-content\/uploads\/Day-Transfer-Moving-Storage-international-moving-company-18x8.png 18w, https:\/\/moverdb.com\/wp-content\/uploads\/Day-Transfer-Moving-Storage-international-moving-company-600x282.png 600w\" sizes=\"auto, (max-width: 1440px) 100vw, 1440px\" \/><\/p>\n<ul>\n<li>Mut\u0103ri locale<\/li>\n<li>Mut\u0103ri pe distan\u021be lungi<\/li>\n<li>Mut\u0103ri reziden\u021biale<\/li>\n<li>Mutarea birourilor<\/li>\n<li>Reloc\u0103ri corporative<\/li>\n<li>Consultant \u00een relocalizare<\/li>\n<li>Servicii de ambalare<\/li>\n<li>Aranjamente de transport<\/li>\n<li>Asigurare<\/li>\n<li>Depozitare pe termen lung \u0219i temporar\u0103<\/li>\n<\/ul>\n<p>Day Transfer Company este o companie de mut\u0103ri cu servicii complete, cu loca\u021bii \u00een Cape Girardeau, Clarksville, Fayetteville \u0219i Montgomery. Ei sunt un agent interstatale pentru National Van Lines, care le ofer\u0103 o re\u021bea de companii de mutare pentru a lucra cu ei \u00een furnizarea serviciilor lor. Sunt membri ai IAM \u0219i au 90 de ani de experien\u021b\u0103.<\/p>\n<p>Day Transfer Company ofer\u0103 solu\u021bii complete de mutare cu un consultant de relocare care s\u0103 v\u0103 sprijine, sau ofer\u0103 servicii de ambalare independente. Ofer\u0103 servicii de ambalare cu o echip\u0103 de ambalare preg\u0103tit\u0103 profesional, care v\u0103 va proteja obiectele pentru a fi preg\u0103tite pentru transport \u0219i v\u0103 ofer\u0103 acoperire de asigurare pentru a fi lini\u0219ti\u021bi. De asemenea, ace\u0219tia vor despacheta la sosire.<\/p>\n<p>Site web: <a href=\"http:\/\/www.daytransferco.com\" target=\"_blank\" rel=\"noopener\">http:\/\/www.daytransferco.com<\/a><\/p>\n<h2><span class=\"ez-toc-section\" id=\"3_Mayflower\"><\/span><strong>3. Mayflower<\/strong><span class=\"ez-toc-section-end\"><\/span><\/h2>\n<p><img loading=\"lazy\" decoding=\"async\" class=\"alignnone size-full wp-image-11372\" src=\"https:\/\/moverdb.com\/wp-content\/uploads\/Mayflower-international-moving-company.png\" alt=\"Mayflower companie de mutare interna\u021bional\u0103\" width=\"1440\" height=\"680\" data-wp-pid=\"11372\" srcset=\"https:\/\/moverdb.com\/wp-content\/uploads\/Mayflower-international-moving-company.png 1440w, https:\/\/moverdb.com\/wp-content\/uploads\/Mayflower-international-moving-company-300x142.png 300w, https:\/\/moverdb.com\/wp-content\/uploads\/Mayflower-international-moving-company-1024x484.png 1024w, https:\/\/moverdb.com\/wp-content\/uploads\/Mayflower-international-moving-company-18x9.png 18w, https:\/\/moverdb.com\/wp-content\/uploads\/Mayflower-international-moving-company-600x283.png 600w\" sizes=\"auto, (max-width: 1440px) 100vw, 1440px\" \/><\/p>\n<ul>\n<li>Mut\u0103ri locale \u0219i na\u021bionale<\/li>\n<li>Mut\u0103ri interna\u021bionale<\/li>\n<li>Mutarea gospod\u0103riei<\/li>\n<li>Reloc\u0103ri corporative<\/li>\n<li>Coordonator personal de mutare<\/li>\n<li>Serviciul de ambalare<\/li>\n<li>Transporturi terestre, maritime \u0219i aeriene<\/li>\n<li>V\u0103muire<\/li>\n<li>Transportul vehiculelor<\/li>\n<li>Depozitare pe termen scurt \u0219i lung<\/li>\n<\/ul>\n<p>Mayflower este o companie de mut\u0103ri \u0219i reloc\u0103ri fondat\u0103 \u00een 1927 \u0219i face parte din UniGroup. Ace\u0219tia au o re\u021bea na\u021bional\u0103 de agen\u021bi care \u00eei asist\u0103 \u00een furnizarea de servicii de mutare, precum \u0219i parteneri interna\u021bionali pentru a oferi servicii la nivel mondial \u00een peste 150 de \u021b\u0103ri. Sunt membri ai IAM \u0219i au 37 de ani de experien\u021b\u0103.<\/p>\n<p>Coordonatorul personal de mut\u0103ri Mayflower v\u0103 va ajuta s\u0103 v\u0103 planifica\u021bi mutarea \u0219i v\u0103 va asista \u00een luarea deciziilor pentru mutarea dvs. personalizat\u0103 \u00een cadrul unui plan de mutare. Ace\u0219tia ofer\u0103 un serviciu complet de ambalare pentru a v\u0103 proteja obiectele \u0219i a simplifica v\u0103mile. Dac\u0103 v\u0103 \u00eempacheta\u021bi singur, ei vor efectua o inspec\u021bie pentru a se asigura c\u0103 nu sunt incluse articole restric\u021bionate.<\/p>\n<p>Site web: <a href=\"https:\/\/www.mayflower.com\/\" target=\"_blank\" rel=\"noopener\">https:\/\/www.mayflower.com\/<\/a><\/p>\n<h2><span class=\"ez-toc-section\" id=\"4_The_Cartwright_Co\"><\/span><strong>4. The Cartwright Co.<\/strong><span class=\"ez-toc-section-end\"><\/span><\/h2>\n<p><img loading=\"lazy\" decoding=\"async\" class=\"alignnone size-full wp-image-11454\" src=\"https:\/\/moverdb.com\/wp-content\/uploads\/The-Cartwright-Co-international-moving-company.png\" alt=\"The Cartwright Co companie de mutare interna\u021bional\u0103\" width=\"1440\" height=\"679\" data-wp-pid=\"11454\" srcset=\"https:\/\/moverdb.com\/wp-content\/uploads\/The-Cartwright-Co-international-moving-company.png 1440w, https:\/\/moverdb.com\/wp-content\/uploads\/The-Cartwright-Co-international-moving-company-300x141.png 300w, https:\/\/moverdb.com\/wp-content\/uploads\/The-Cartwright-Co-international-moving-company-1024x483.png 1024w, https:\/\/moverdb.com\/wp-content\/uploads\/The-Cartwright-Co-international-moving-company-18x8.png 18w, https:\/\/moverdb.com\/wp-content\/uploads\/The-Cartwright-Co-international-moving-company-600x283.png 600w\" sizes=\"auto, (max-width: 1440px) 100vw, 1440px\" \/><\/p>\n<ul>\n<li>Mi\u0219c\u0103ri na\u021bionale<\/li>\n<li>Mut\u0103ri interna\u021bionale<\/li>\n<li>Mutarea gospod\u0103riei<\/li>\n<li>Mi\u0219c\u0103ri de afaceri<\/li>\n<li>Reloc\u0103ri corporative<\/li>\n<li>Mi\u0219c\u0103ri de la un cap\u0103t la altul<\/li>\n<li>Managementul mut\u0103rii<\/li>\n<li>Mutarea animalelor de companie<\/li>\n<li>Transportul vehiculelor<\/li>\n<li>Servicii de destina\u021bie<\/li>\n<\/ul>\n<p>The Cartwright Co. este o companie de mobilitate global\u0103, relocare \u0219i mutare care a \u00eenceput \u00een 1934 \u0219i are sediul \u00een Grandview. Printre companiile sale se num\u0103r\u0103 AmWorld Transport, Cox Moving, Foremost Forwarders \u0219i Domestic Military Services. Sunt membri ai IAM \u0219i au 55 de ani de experien\u021b\u0103.<\/p>\n<p>The Cartwright Co deserve\u0219te 187 de \u021b\u0103ri, fiind specializat\u0103 \u00een servicii pentru corpora\u021bii \u0219i guverne, inclusiv pentru personalul militar, dar se ocup\u0103 \u0219i de mut\u0103ri de gospod\u0103rii private. Ofer\u0103 solu\u021bii flexibile de mutare adaptate nevoilor dumneavoastr\u0103, care pot include servicii de ambalare, transport \u0219i destina\u021bie. Serviciile lor suplimentare includ mut\u0103ri de animale de companie, transportul vehiculelor, locuin\u021be temporare, g\u0103sirea de \u0219coli \u0219i servicii de concierge.<\/p>\n<p>Site web: <a href=\"https:\/\/cartwrightcompanies.com\" target=\"_blank\" rel=\"noopener\">https:\/\/cartwrightcompanies.com<\/a><\/p>\n<h2><span class=\"ez-toc-section\" id=\"5_United_Van_Lines\"><\/span><strong>5. United Van Lines<\/strong><span class=\"ez-toc-section-end\"><\/span><\/h2>\n<p><img loading=\"lazy\" decoding=\"async\" class=\"alignnone size-full wp-image-11468\" src=\"https:\/\/moverdb.com\/wp-content\/uploads\/United-Van-Lines-US-international-moving-company.png\" alt=\"United Van Lines US companie de mutare interna\u021bional\u0103\" width=\"1440\" height=\"678\" data-wp-pid=\"11468\" srcset=\"https:\/\/moverdb.com\/wp-content\/uploads\/United-Van-Lines-US-international-moving-company.png 1440w, https:\/\/moverdb.com\/wp-content\/uploads\/United-Van-Lines-US-international-moving-company-300x141.png 300w, https:\/\/moverdb.com\/wp-content\/uploads\/United-Van-Lines-US-international-moving-company-1024x482.png 1024w, https:\/\/moverdb.com\/wp-content\/uploads\/United-Van-Lines-US-international-moving-company-18x8.png 18w, https:\/\/moverdb.com\/wp-content\/uploads\/United-Van-Lines-US-international-moving-company-600x283.png 600w\" sizes=\"auto, (max-width: 1440px) 100vw, 1440px\" \/><\/p>\n<ul>\n<li>Mut\u0103ri locale \u0219i pe distan\u021be lungi<\/li>\n<li>Mut\u0103ri interna\u021bionale<\/li>\n<li>Mut\u0103ri reziden\u021biale<\/li>\n<li>Mi\u0219c\u0103ri corporative<\/li>\n<li>Serviciu personalizat<\/li>\n<li>Coordonator personal de mutare<\/li>\n<li>Serviciul de ambalare<\/li>\n<li>Transportul auto<\/li>\n<li>Asigurare<\/li>\n<li>Depozitare pe termen scurt \u0219i lung<\/li>\n<\/ul>\n<p>United Van Lines este un grup de firme de mut\u0103ri care ofer\u0103 servicii personalizate \u0219i are sediul \u00een Fenton. Re\u021beaua lor extins\u0103 de agen\u021bi de mutare le permite s\u0103 \u00ee\u0219i ofere serviciile la nivel na\u021bional, precum \u0219i interna\u021bional. Sunt membri ai IAM cu 81 de ani de experien\u021b\u0103 \u0219i sunt acredita\u021bi de FIDI.<\/p>\n<p>United Van Lines ofer\u0103 solu\u021bii de mutare cu servicii complete, care includ un coordonator personal de mutare cu protec\u021bie de valoare total\u0103 pentru bunurile dumneavoastr\u0103. De asemenea, ofer\u0103 o abordare personalizat\u0103 care v\u0103 permite s\u0103 selecta\u021bi serviciile de mutare pentru care primi\u021bi ajutor.  Ace\u0219tia ofer\u0103 servicii de ambalare personalizabile pentru a v\u0103 ajuta la protejarea bunurilor dumneavoastr\u0103 \u0219i v\u0103 pot ajuta la despachetare la sosire.<\/p>\n<p>Site web: <a href=\"https:\/\/www.unitedvanlines.com\" target=\"_blank\" rel=\"noopener\">https:\/\/www.unitedvanlines.com<\/a><\/p>","protected":false},"excerpt":{"rendered":"<p>When you are planning your move will you do everything yourself or will you get some help from a moving company? They can help with packing, transportation and documentation to reduce the pressure on you. Below we have compiled a list of Missouri based removal companies that are members of the International Association of Movers [&hellip;]<\/p>\n","protected":false},"author":4,"featured_media":11290,"parent":190,"menu_order":0,"comment_status":"closed","ping_status":"closed","template":"","meta":{"_genesis_hide_title":false,"_genesis_hide_breadcrumbs":false,"_genesis_hide_singular_image":false,"_genesis_hide_footer_widgets":false,"_genesis_custom_body_class":"","_genesis_custom_post_class":"","_genesis_layout":"","footnotes":""},"class_list":{"0":"post-11619","1":"page","2":"type-page","3":"status-publish","4":"has-post-thumbnail","6":"entry"},"_links":{"self":[{"href":"https:\/\/moverdb.com\/ro\/wp-json\/wp\/v2\/pages\/11619","targetHints":{"allow":["GET"]}}],"collection":[{"href":"https:\/\/moverdb.com\/ro\/wp-json\/wp\/v2\/pages"}],"about":[{"href":"https:\/\/moverdb.com\/ro\/wp-json\/wp\/v2\/types\/page"}],"author":[{"embeddable":true,"href":"https:\/\/moverdb.com\/ro\/wp-json\/wp\/v2\/users\/4"}],"replies":[{"embeddable":true,"href":"https:\/\/moverdb.com\/ro\/wp-json\/wp\/v2\/comments?post=11619"}],"version-history":[{"count":2,"href":"https:\/\/moverdb.com\/ro\/wp-json\/wp\/v2\/pages\/11619\/revisions"}],"predecessor-version":[{"id":11621,"href":"https:\/\/moverdb.com\/ro\/wp-json\/wp\/v2\/pages\/11619\/revisions\/11621"}],"up":[{"embeddable":true,"href":"https:\/\/moverdb.com\/ro\/wp-json\/wp\/v2\/pages\/190"}],"wp:featuredmedia":[{"embeddable":true,"href":"https:\/\/moverdb.com\/ro\/wp-json\/wp\/v2\/media\/11290"}],"wp:attachment":[{"href":"https:\/\/moverdb.com\/ro\/wp-json\/wp\/v2\/media?parent=11619"}],"curies":[{"name":"wp","href":"https:\/\/api.w.org\/{rel}","templated":true}]}}