{"id":11617,"date":"2023-11-29T10:32:37","date_gmt":"2023-11-29T10:32:37","guid":{"rendered":"https:\/\/moverdb.com\/?page_id=11617"},"modified":"2026-01-08T15:24:23","modified_gmt":"2026-01-08T15:24:23","slug":"moving-companies-us-minnesota","status":"publish","type":"page","link":"https:\/\/moverdb.com\/ro\/moving-companies\/moving-companies-us-minnesota\/","title":{"rendered":"3 Cele mai bune companii de mutare interna\u021bional\u0103 din Minnesota"},"content":{"rendered":"<p>Mutarea poate fi o mare schimbare \u0219i sunt multe de aranjat, a\u0219a c\u0103 de ce s\u0103 nu sc\u0103pa\u021bi de presiune l\u0103s\u00e2nd un <a href=\"https:\/\/moverdb.com\/ro\/moving-companies\/\" data-internallinksmanager029f6b8e52c=\"79\" title=\"Top 25 Companii interna\u021bionale de mutare online\">companie \u00een mi\u0219care<\/a> s\u0103 se ocupe de bunurile tale? Ace\u0219tia pot organiza logistica mut\u0103rii dumneavoastr\u0103, precum \u0219i ambalarea \u0219i se pot ocupa de vam\u0103, dac\u0103 este necesar. Mai jos am compilat o list\u0103 de <a href=\"https:\/\/moverdb.com\/ro\/moving-to-the-united-states\/moving-to-minnesota\/\" data-internallinksmanager029f6b8e52c=\"443\" title=\"Mutarea \u00een Minnesota? 2026 Costurile de trai \u0219i sfaturi de relocare\">Minnesota<\/a> pe <a href=\"https:\/\/moverdb.com\/ro\/international-removals\/\" data-internallinksmanager029f6b8e52c=\"27\" title=\"36 Cele mai bune companii de mut\u0103ri interna\u021bionale din Marea Britanie\">companii de mutare<\/a> care sunt membri ai grupului <a href=\"https:\/\/moverdb.com\/ro\/iam\/\" data-internallinksmanager029f6b8e52c=\"23\" title=\"Explica\u021bii despre Asocia\u021bia Interna\u021bional\u0103 a Transportatorilor (IAM)\">Asocia\u021bia Interna\u021bional\u0103 a Transportatorilor<\/a> (IAM) \u0219i\/sau <a href=\"https:\/\/moverdb.com\/ro\/fidi-faim\/\" data-internallinksmanager029f6b8e52c=\"16\" title=\"FIDI &amp; FAIM (FIDI Accredited International Mover) Explicat\">FIDI<\/a> Accredited International Mover (FAIM) care v\u0103 poate ajuta cu mutarea dumneavoastr\u0103.<\/p>\n<h2><strong>1. Servicii de mutare Action Moving<\/strong><\/h2>\n<p><img loading=\"lazy\" decoding=\"async\" class=\"alignnone size-full wp-image-11242\" src=\"https:\/\/moverdb.com\/wp-content\/uploads\/Action-Moving-Services-international-moving-company.png\" alt=\"Action Moving Services companie interna\u021bional\u0103 de mutare\" width=\"1440\" height=\"678\" data-wp-pid=\"11242\" srcset=\"https:\/\/moverdb.com\/wp-content\/uploads\/Action-Moving-Services-international-moving-company.png 1440w, https:\/\/moverdb.com\/wp-content\/uploads\/Action-Moving-Services-international-moving-company-300x141.png 300w, https:\/\/moverdb.com\/wp-content\/uploads\/Action-Moving-Services-international-moving-company-1024x482.png 1024w, https:\/\/moverdb.com\/wp-content\/uploads\/Action-Moving-Services-international-moving-company-18x8.png 18w, https:\/\/moverdb.com\/wp-content\/uploads\/Action-Moving-Services-international-moving-company-600x283.png 600w\" sizes=\"auto, (max-width: 1440px) 100vw, 1440px\" \/><\/p>\n<ul>\n<li>Mut\u0103ri locale \u0219i pe distan\u021be lungi<\/li>\n<li>Mut\u0103ri interna\u021bionale<\/li>\n<li>Mutarea gospod\u0103riei<\/li>\n<li>Mut\u0103ri de birouri \u0219i industriale<\/li>\n<li>Reloc\u0103ri corporative<\/li>\n<li>Solu\u021bii end-to-end<\/li>\n<li>Serviciul de ambalare<\/li>\n<li>Asisten\u021b\u0103 vamal\u0103<\/li>\n<li>Manipularea lucr\u0103rilor de art\u0103<\/li>\n<li>Servicii de depozitare<\/li>\n<\/ul>\n<p>Action Moving Services este o companie de mut\u0103ri locale \u0219i interna\u021bionale cu sediul \u00een South Burnsville. Ei sunt un agent interstatale pentru Atlas Van Lines, care le ofer\u0103 o re\u021bea na\u021bional\u0103 \u0219i interna\u021bional\u0103 de agen\u021bi de mutare cu care s\u0103 lucreze. Ei sunt membri ai IAM cu 42 de ani de experien\u021b\u0103.<\/p>\n<p>Action Moving Services ofer\u0103 servicii de mutare \u0219i relocalizare de la un cap\u0103t la altul, care se vor ocupa de toate aspectele mut\u0103rii dumneavoastr\u0103. Serviciile lor includ \u00eempachetarea \u00een siguran\u021b\u0103 a bunurilor dumneavoastr\u0103 pentru tranzit \u0219i despachetarea acestora la sosirea la destina\u021bie. Ei vor aranja transportul pentru bunurile dvs. \u0219i v\u0103 vor oferi sprijin cu v\u0103mile.<\/p>\n<p>Site web: <a href=\"http:\/\/actionmoving.com\/\" target=\"_blank\" rel=\"noopener\">http:\/\/actionmoving.com\/<\/a><\/p>\n<h2><strong>2. Beltmann Moving &amp; Storage<\/strong><\/h2>\n<p><img loading=\"lazy\" decoding=\"async\" class=\"alignnone size-full wp-image-11269\" src=\"https:\/\/moverdb.com\/wp-content\/uploads\/Beltmann-Relocation-Group-international-moving-company.png\" alt=\"Beltmann Relocation Group companie de mutare interna\u021bional\u0103\" width=\"1440\" height=\"682\" data-wp-pid=\"11269\" srcset=\"https:\/\/moverdb.com\/wp-content\/uploads\/Beltmann-Relocation-Group-international-moving-company.png 1440w, https:\/\/moverdb.com\/wp-content\/uploads\/Beltmann-Relocation-Group-international-moving-company-300x142.png 300w, https:\/\/moverdb.com\/wp-content\/uploads\/Beltmann-Relocation-Group-international-moving-company-1024x485.png 1024w, https:\/\/moverdb.com\/wp-content\/uploads\/Beltmann-Relocation-Group-international-moving-company-18x9.png 18w, https:\/\/moverdb.com\/wp-content\/uploads\/Beltmann-Relocation-Group-international-moving-company-600x284.png 600w\" sizes=\"auto, (max-width: 1440px) 100vw, 1440px\" \/><\/p>\n<ul>\n<li>Mut\u0103ri locale \u0219i na\u021bionale<\/li>\n<li>Mut\u0103ri interna\u021bionale<\/li>\n<li>Mut\u0103ri reziden\u021biale<\/li>\n<li>Mutarea birourilor<\/li>\n<li>Reloc\u0103ri corporative<\/li>\n<li>Coordonator de mi\u0219care<\/li>\n<li>Serviciul de ambalare<\/li>\n<li>Organizarea transportului<\/li>\n<li>Manipulare vamal\u0103<\/li>\n<li>Stocare sigur\u0103 pe termen scurt \u0219i lung<\/li>\n<\/ul>\n<p>Beltmann Moving &amp; Storage este o firm\u0103 de mut\u0103ri care activeaz\u0103 din 1923, cu 11 loca\u021bii \u00een toat\u0103 \u021bara. <a href=\"https:\/\/moverdb.com\/ro\/moving-to-the-united-states\/\" data-internallinksmanager029f6b8e52c=\"94\" title=\"V\u0103 muta\u021bi \u00een Statele Unite? 2026 Costurile vie\u021bii \u0219i sfaturi de relocare\">SUA<\/a> inclusiv Roseville. Sunt agen\u021bi ai North American Van Lines, ceea ce le ofer\u0103 acces la o re\u021bea global\u0103 de companii de mutare \u0219i depozitare. Sunt membri ai IAM, cu 25 de ani de experien\u021b\u0103.<\/p>\n<p>Beltmann Moving &amp; Storage v\u0103 va ajuta s\u0103 v\u0103 simplifica\u021bi mutarea, \u00eencep\u00e2nd cu programarea unei estim\u0103ri gratuite. Ace\u0219tia pun la dispozi\u021bie un coordonator de mutare pentru a v\u0103 sprijini \u0219i \u00ee\u0219i vor personaliza serviciile pentru a r\u0103spunde nevoilor dumneavoastr\u0103. Ofer\u0103 un serviciu de ambalare care include dezasamblarea \u0219i asamblarea mobilei \u0219i despachetarea la sosire.<\/p>\n<p>Site web: <a href=\"http:\/\/www.beltmann.com\" target=\"_blank\" rel=\"noopener\">http:\/\/www.beltmann.com<\/a><\/p>\n<h2><strong>3. Berger Moving &amp; Storage<\/strong><\/h2>\n<p><img loading=\"lazy\" decoding=\"async\" class=\"alignnone size-full wp-image-11270\" src=\"https:\/\/moverdb.com\/wp-content\/uploads\/Berger-Moving-Storage-international-moving-company.png\" alt=\"Berger Moving &amp; Storage companie de mutare interna\u021bional\u0103\" width=\"1440\" height=\"677\" data-wp-pid=\"11270\" srcset=\"https:\/\/moverdb.com\/wp-content\/uploads\/Berger-Moving-Storage-international-moving-company.png 1440w, https:\/\/moverdb.com\/wp-content\/uploads\/Berger-Moving-Storage-international-moving-company-300x141.png 300w, https:\/\/moverdb.com\/wp-content\/uploads\/Berger-Moving-Storage-international-moving-company-1024x481.png 1024w, https:\/\/moverdb.com\/wp-content\/uploads\/Berger-Moving-Storage-international-moving-company-18x8.png 18w, https:\/\/moverdb.com\/wp-content\/uploads\/Berger-Moving-Storage-international-moving-company-600x282.png 600w\" sizes=\"auto, (max-width: 1440px) 100vw, 1440px\" \/><\/p>\n<ul>\n<li>Mut\u0103ri locale \u0219i pe distan\u021be lungi<\/li>\n<li>Mut\u0103ri interna\u021bionale<\/li>\n<li>Mutarea gospod\u0103riei<\/li>\n<li>Mut\u0103ri comerciale<\/li>\n<li>Coordonator de relocare<\/li>\n<li>Serviciul de ambalare<\/li>\n<li>Inventarul de articole<\/li>\n<li>Organizarea transportului<\/li>\n<li>V\u0103muire<\/li>\n<li>Depozitare pe termen scurt<\/li>\n<\/ul>\n<p>Berger Moving &amp; Storage este o companie de servicii de transport \u00eenfiin\u021bat\u0103 \u00een 1910, cu sediul \u00een Saint Paul \u0219i o re\u021bea de 16 loca\u021bii la nivel na\u021bional. Ei sunt un agent al Allied Van Lines, care este o re\u021bea interna\u021bional\u0103 de agen\u021bi de mutare. Ei sunt membri ai IAM cu 113 ani de experien\u021b\u0103.<\/p>\n<p>Berger Moving &amp; Storage ofer\u0103 o estimare gratuit\u0103 la domiciliu sau o estimare virtual\u0103 a mut\u0103rii cu un consultant interna\u021bional. Un coordonator de relocalizare v\u0103 va ghida \u00een acest proces \u0219i va identifica ce documente sunt necesare. Serviciul lor de ambalare folose\u0219te metode \u0219i materiale de ambalare interna\u021bionale pentru a v\u0103 proteja obiectele \u0219i va crea un inventar.<\/p>\n<p>Site web: <a href=\"https:\/\/www.bergerallied.com\" target=\"_blank\" rel=\"noopener\">https:\/\/www.bergerallied.com<\/a><\/p>","protected":false},"excerpt":{"rendered":"<p>Moving can be a big upheaval and there is a lot to arrange, so why not take some of the pressure off by letting a moving company handle your belongings? They can organise the logistics of your move as well as packing and deal with customs if needed. Below we have compiled a list of [&hellip;]<\/p>\n","protected":false},"author":4,"featured_media":11242,"parent":190,"menu_order":0,"comment_status":"closed","ping_status":"closed","template":"","meta":{"_genesis_hide_title":false,"_genesis_hide_breadcrumbs":false,"_genesis_hide_singular_image":false,"_genesis_hide_footer_widgets":false,"_genesis_custom_body_class":"","_genesis_custom_post_class":"","_genesis_layout":"","footnotes":""},"class_list":{"0":"post-11617","1":"page","2":"type-page","3":"status-publish","4":"has-post-thumbnail","6":"entry"},"_links":{"self":[{"href":"https:\/\/moverdb.com\/ro\/wp-json\/wp\/v2\/pages\/11617","targetHints":{"allow":["GET"]}}],"collection":[{"href":"https:\/\/moverdb.com\/ro\/wp-json\/wp\/v2\/pages"}],"about":[{"href":"https:\/\/moverdb.com\/ro\/wp-json\/wp\/v2\/types\/page"}],"author":[{"embeddable":true,"href":"https:\/\/moverdb.com\/ro\/wp-json\/wp\/v2\/users\/4"}],"replies":[{"embeddable":true,"href":"https:\/\/moverdb.com\/ro\/wp-json\/wp\/v2\/comments?post=11617"}],"version-history":[{"count":1,"href":"https:\/\/moverdb.com\/ro\/wp-json\/wp\/v2\/pages\/11617\/revisions"}],"predecessor-version":[{"id":11618,"href":"https:\/\/moverdb.com\/ro\/wp-json\/wp\/v2\/pages\/11617\/revisions\/11618"}],"up":[{"embeddable":true,"href":"https:\/\/moverdb.com\/ro\/wp-json\/wp\/v2\/pages\/190"}],"wp:featuredmedia":[{"embeddable":true,"href":"https:\/\/moverdb.com\/ro\/wp-json\/wp\/v2\/media\/11242"}],"wp:attachment":[{"href":"https:\/\/moverdb.com\/ro\/wp-json\/wp\/v2\/media?parent=11617"}],"curies":[{"name":"wp","href":"https:\/\/api.w.org\/{rel}","templated":true}]}}