{"id":11595,"date":"2023-11-22T15:48:21","date_gmt":"2023-11-22T15:48:21","guid":{"rendered":"https:\/\/moverdb.com\/?page_id=11595"},"modified":"2026-01-08T15:30:02","modified_gmt":"2026-01-08T15:30:02","slug":"moving-companies-idaho","status":"publish","type":"page","link":"https:\/\/moverdb.com\/ro\/moving-companies\/moving-companies-idaho\/","title":{"rendered":"Cele mai bune companii de mutare interna\u021bional\u0103 \u00een Idaho"},"content":{"rendered":"<p>Atunci c\u00e2nd v\u0103 muta\u021bi, sunt at\u00e2t de multe lucruri de organizat \u0219i de f\u0103cut \u00eenc\u00e2t poate fi cople\u0219itor. Angajarea unui <a href=\"https:\/\/moverdb.com\/ro\/moving-companies\/\" data-internallinksmanager029f6b8e52c=\"79\" title=\"Top 25 Companii interna\u021bionale de mutare online\">companie \u00een mi\u0219care<\/a> pot u\u0219ura sarcina, deoarece v\u0103 pot ajuta cu planificarea, ambalarea, transportul \u0219i gestionarea v\u0103milor \u00een cazul unei mut\u0103ri interna\u021bionale. Mai jos am compilat o list\u0103 de <a href=\"https:\/\/moverdb.com\/ro\/moving-to-the-united-states\/moving-to-idaho\/\" data-internallinksmanager029f6b8e52c=\"405\" title=\"Te mu\u021bi \u00een Idaho? 2026 Costurile de trai \u0219i sfaturi de relocare\">Idaho<\/a> pe <a href=\"https:\/\/moverdb.com\/ro\/international-removals\/\" data-internallinksmanager029f6b8e52c=\"27\" title=\"36 Cele mai bune companii de mut\u0103ri interna\u021bionale din Marea Britanie\">companii de mutare<\/a> care sunt membri ai grupului <a href=\"https:\/\/moverdb.com\/ro\/iam\/\" data-internallinksmanager029f6b8e52c=\"23\" title=\"Explica\u021bii despre Asocia\u021bia Interna\u021bional\u0103 a Transportatorilor (IAM)\">Asocia\u021bia Interna\u021bional\u0103 a Transportatorilor<\/a> (IAM) \u0219i\/sau <a href=\"https:\/\/moverdb.com\/ro\/fidi-faim\/\" data-internallinksmanager029f6b8e52c=\"16\" title=\"FIDI &amp; FAIM (FIDI Accredited International Mover) Explicat\">FIDI<\/a> Accredited International Mover (FAIM) care v\u0103 poate ajuta cu mutarea dumneavoastr\u0103.<\/p>\n<p><strong>B Transfer Inc<\/strong><\/p>\n<p><img loading=\"lazy\" decoding=\"async\" class=\"alignnone size-full wp-image-11265\" src=\"https:\/\/moverdb.com\/wp-content\/uploads\/B-Transfer-Inc-international-moving-company.png\" alt=\"B Transfer Inc companie de mutare interna\u021bional\u0103\" width=\"1440\" height=\"679\" data-wp-pid=\"11265\" srcset=\"https:\/\/moverdb.com\/wp-content\/uploads\/B-Transfer-Inc-international-moving-company.png 1440w, https:\/\/moverdb.com\/wp-content\/uploads\/B-Transfer-Inc-international-moving-company-300x141.png 300w, https:\/\/moverdb.com\/wp-content\/uploads\/B-Transfer-Inc-international-moving-company-1024x483.png 1024w, https:\/\/moverdb.com\/wp-content\/uploads\/B-Transfer-Inc-international-moving-company-18x8.png 18w, https:\/\/moverdb.com\/wp-content\/uploads\/B-Transfer-Inc-international-moving-company-600x283.png 600w\" sizes=\"auto, (max-width: 1440px) 100vw, 1440px\" \/><\/p>\n<ul>\n<li>Mut\u0103ri locale \u0219i pe distan\u021be lungi<\/li>\n<li>Servicii interna\u021bionale<\/li>\n<li>Mutarea gospod\u0103riilor<\/li>\n<li>Servicii comerciale<\/li>\n<li>Reloc\u0103ri corporative<\/li>\n<li>Flot\u0103 variat\u0103 de vehicule<\/li>\n<li>Personal calificat \u0219i experimentat<\/li>\n<li>Modalit\u0103\u021bi de transport<\/li>\n<li>Facilit\u0103\u021bi de depozitare<\/li>\n<\/ul>\n<p>B Transfer Inc este o companie de mutare \u0219i depozitare fondat\u0103 \u00een 1958 \u0219i cu sediul \u00een Mountain Home. Sunt membri ai IAM cu 59 de ani de experien\u021b\u0103, ceea ce le ofer\u0103 o re\u021bea mondial\u0103 de agen\u021bi de mutare care \u00eei ajut\u0103 \u00een cazul mut\u0103rilor pe distan\u021be lungi \u0219i interna\u021bionale.<\/p>\n<p>B Transfer Inc ofer\u0103 servicii de mutare rapide \u0219i accesibile \u00een Idaho, care includ mut\u0103ri locale \u0219i pe distan\u021be lungi, precum \u0219i servicii interna\u021bionale. Ei ofer\u0103 personal calificat \u0219i experimentat pentru a finaliza mutarea dvs. pentru a se asigura c\u0103 bunurile dvs. sunt mutate \u00een siguran\u021b\u0103 la noua lor cas\u0103. Ei ofer\u0103, de asemenea, facilit\u0103\u021bi de depozitare sigure cu acces 24 de ore pe zi.<\/p>\n<p>Site web: <a href=\"https:\/\/www.b-transfer.com\/\" target=\"_blank\" rel=\"noopener\">https:\/\/www.b-transfer.com\/<\/a><\/p>","protected":false},"excerpt":{"rendered":"<p>When you are moving there is so many things to organise and do that it can be overwhelming. Employing a moving company can lighten the load as they can help with planning, packing, transportation and customs management if moving internationally. Below we have compiled a list of Idaho based removal companies that are members of [&hellip;]<\/p>\n","protected":false},"author":4,"featured_media":11265,"parent":190,"menu_order":0,"comment_status":"closed","ping_status":"closed","template":"","meta":{"_genesis_hide_title":false,"_genesis_hide_breadcrumbs":false,"_genesis_hide_singular_image":false,"_genesis_hide_footer_widgets":false,"_genesis_custom_body_class":"","_genesis_custom_post_class":"","_genesis_layout":"","footnotes":""},"class_list":{"0":"post-11595","1":"page","2":"type-page","3":"status-publish","4":"has-post-thumbnail","6":"entry"},"_links":{"self":[{"href":"https:\/\/moverdb.com\/ro\/wp-json\/wp\/v2\/pages\/11595","targetHints":{"allow":["GET"]}}],"collection":[{"href":"https:\/\/moverdb.com\/ro\/wp-json\/wp\/v2\/pages"}],"about":[{"href":"https:\/\/moverdb.com\/ro\/wp-json\/wp\/v2\/types\/page"}],"author":[{"embeddable":true,"href":"https:\/\/moverdb.com\/ro\/wp-json\/wp\/v2\/users\/4"}],"replies":[{"embeddable":true,"href":"https:\/\/moverdb.com\/ro\/wp-json\/wp\/v2\/comments?post=11595"}],"version-history":[{"count":1,"href":"https:\/\/moverdb.com\/ro\/wp-json\/wp\/v2\/pages\/11595\/revisions"}],"predecessor-version":[{"id":11596,"href":"https:\/\/moverdb.com\/ro\/wp-json\/wp\/v2\/pages\/11595\/revisions\/11596"}],"up":[{"embeddable":true,"href":"https:\/\/moverdb.com\/ro\/wp-json\/wp\/v2\/pages\/190"}],"wp:featuredmedia":[{"embeddable":true,"href":"https:\/\/moverdb.com\/ro\/wp-json\/wp\/v2\/media\/11265"}],"wp:attachment":[{"href":"https:\/\/moverdb.com\/ro\/wp-json\/wp\/v2\/media?parent=11595"}],"curies":[{"name":"wp","href":"https:\/\/api.w.org\/{rel}","templated":true}]}}