{"id":11574,"date":"2023-11-29T10:39:50","date_gmt":"2023-11-29T10:39:50","guid":{"rendered":"https:\/\/moverdb.com\/?page_id=11574"},"modified":"2026-01-08T15:24:45","modified_gmt":"2026-01-08T15:24:45","slug":"moving-companies-in-honolulu-usa","status":"publish","type":"page","link":"https:\/\/moverdb.com\/ro\/moving-companies\/moving-companies-in-honolulu-usa\/","title":{"rendered":"4 Cele mai bune companii de mut\u0103ri interna\u021bionale din Honolulu"},"content":{"rendered":"<p>Planificarea unei mut\u0103ri la nivel local sau la distan\u021b\u0103 poate fi complicat\u0103 \u0219i stresant\u0103, a\u0219a c\u0103 implicarea unui <a href=\"https:\/\/moverdb.com\/ro\/moving-companies\/\" data-internallinksmanager029f6b8e52c=\"79\" title=\"Top 25 Companii interna\u021bionale de mutare online\">companie \u00een mi\u0219care<\/a> s\u0103 preia unele dintre roluri poate fi de mare ajutor. Mai jos am compilat o list\u0103 de companii din Honolulu <a href=\"https:\/\/moverdb.com\/ro\/international-removals\/\" data-internallinksmanager029f6b8e52c=\"27\" title=\"36 Cele mai bune companii de mut\u0103ri interna\u021bionale din Marea Britanie\">companii de mutare<\/a> care sunt membri ai grupului <a href=\"https:\/\/moverdb.com\/ro\/iam\/\" data-internallinksmanager029f6b8e52c=\"23\" title=\"Explica\u021bii despre Asocia\u021bia Interna\u021bional\u0103 a Transportatorilor (IAM)\">Asocia\u021bia Interna\u021bional\u0103 a Transportatorilor<\/a> (IAM) \u0219i\/sau <a href=\"https:\/\/moverdb.com\/ro\/fidi-faim\/\" data-internallinksmanager029f6b8e52c=\"16\" title=\"FIDI &amp; FAIM (FIDI Accredited International Mover) Explicat\">FIDI<\/a> Accredited International Mover (FAIM) care v\u0103 poate ajuta cu mutarea dumneavoastr\u0103.<\/p>\n<div id=\"ez-toc-container\" class=\"ez-toc-v2_0_82_2 ez-toc-wrap-left counter-hierarchy ez-toc-counter ez-toc-transparent ez-toc-container-direction\">\n<div class=\"ez-toc-title-container\">\n<p class=\"ez-toc-title\" style=\"cursor:inherit\">Sec\u021biuni<\/p>\n<span class=\"ez-toc-title-toggle\"><a href=\"#\" class=\"ez-toc-pull-right ez-toc-btn ez-toc-btn-xs ez-toc-btn-default ez-toc-toggle\" aria-label=\"Comuta\u021bi tabelul de con\u021binut\"><span class=\"ez-toc-js-icon-con\"><span class=\"\"><span class=\"eztoc-hide\" style=\"display:none;\">Toggle<\/span><span class=\"ez-toc-icon-toggle-span\"><svg style=\"fill: #999;color:#999\" xmlns=\"http:\/\/www.w3.org\/2000\/svg\" class=\"list-377408\" width=\"20px\" height=\"20px\" viewbox=\"0 0 24 24\" fill=\"none\"><path d=\"M6 6H4v2h2V6zm14 0H8v2h12V6zM4 11h2v2H4v-2zm16 0H8v2h12v-2zM4 16h2v2H4v-2zm16 0H8v2h12v-2z\" fill=\"currentColor\"><\/path><\/svg><svg style=\"fill: #999;color:#999\" class=\"arrow-unsorted-368013\" xmlns=\"http:\/\/www.w3.org\/2000\/svg\" width=\"10px\" height=\"10px\" viewbox=\"0 0 24 24\" version=\"1.2\" baseprofile=\"tiny\"><path d=\"M18.2 9.3l-6.2-6.3-6.2 6.3c-.2.2-.3.4-.3.7s.1.5.3.7c.2.2.4.3.7.3h11c.3 0 .5-.1.7-.3.2-.2.3-.5.3-.7s-.1-.5-.3-.7zM5.8 14.7l6.2 6.3 6.2-6.3c.2-.2.3-.5.3-.7s-.1-.5-.3-.7c-.2-.2-.4-.3-.7-.3h-11c-.3 0-.5.1-.7.3-.2.2-.3.5-.3.7s.1.5.3.7z\"\/><\/svg><\/span><\/span><\/span><\/a><\/span><\/div>\n<nav><ul class='ez-toc-list ez-toc-list-level-1 eztoc-toggle-hide-by-default' ><li class='ez-toc-page-1 ez-toc-heading-level-2'><a class=\"ez-toc-link ez-toc-heading-1\" href=\"https:\/\/moverdb.com\/ro\/moving-companies\/moving-companies-in-honolulu-usa\/#1_Island_Movers\" >1. Island Movers<\/a><\/li><li class='ez-toc-page-1 ez-toc-heading-level-2'><a class=\"ez-toc-link ez-toc-heading-2\" href=\"https:\/\/moverdb.com\/ro\/moving-companies\/moving-companies-in-honolulu-usa\/#2_Royal_Hawaiian_Movers\" >2. Royal Hawaiian Movers<\/a><\/li><li class='ez-toc-page-1 ez-toc-heading-level-2'><a class=\"ez-toc-link ez-toc-heading-3\" href=\"https:\/\/moverdb.com\/ro\/moving-companies\/moving-companies-in-honolulu-usa\/#3_WestPac_International\" >3. WestPac International<\/a><\/li><li class='ez-toc-page-1 ez-toc-heading-level-2'><a class=\"ez-toc-link ez-toc-heading-4\" href=\"https:\/\/moverdb.com\/ro\/moving-companies\/moving-companies-in-honolulu-usa\/#4_World_Wide_Movers_Inc\" >4. World Wide Movers Inc<\/a><\/li><\/ul><\/nav><\/div>\n<h2><span class=\"ez-toc-section\" id=\"1_Island_Movers\"><\/span><strong>1. Island Movers<\/strong><span class=\"ez-toc-section-end\"><\/span><\/h2>\n<p><img loading=\"lazy\" decoding=\"async\" class=\"alignnone size-full wp-image-11354\" src=\"https:\/\/moverdb.com\/wp-content\/uploads\/Island-Movers-international-moving-company.png\" alt=\"Island Movers companie de mutare interna\u021bional\u0103\" width=\"1440\" height=\"676\" data-wp-pid=\"11354\" srcset=\"https:\/\/moverdb.com\/wp-content\/uploads\/Island-Movers-international-moving-company.png 1440w, https:\/\/moverdb.com\/wp-content\/uploads\/Island-Movers-international-moving-company-300x141.png 300w, https:\/\/moverdb.com\/wp-content\/uploads\/Island-Movers-international-moving-company-1024x481.png 1024w, https:\/\/moverdb.com\/wp-content\/uploads\/Island-Movers-international-moving-company-18x8.png 18w, https:\/\/moverdb.com\/wp-content\/uploads\/Island-Movers-international-moving-company-600x282.png 600w\" sizes=\"auto, (max-width: 1440px) 100vw, 1440px\" \/><\/p>\n<ul>\n<li>Mut\u0103ri locale \u0219i na\u021bionale<\/li>\n<li>Mut\u0103ri interna\u021bionale<\/li>\n<li>Mut\u0103ri reziden\u021biale<\/li>\n<li>Mi\u0219c\u0103ri de afaceri<\/li>\n<li>Managementul mut\u0103rii<\/li>\n<li>Din u\u0219\u0103 \u00een u\u0219\u0103 sau din u\u0219\u0103 \u00een u\u0219\u0103<a href=\"https:\/\/moverdb.com\/ro\/top-49-container-ports\/\" data-internallinksmanager029f6b8e52c=\"80\" title=\"Top 49 cele mai mari \u0219i mai aglomerate porturi de containere \u00een 2026\">port<\/a> serviciu<\/li>\n<li>Estimare gratuit\u0103<\/li>\n<li>Op\u021biuni de servicii de ambalare<\/li>\n<li>Aranjamente de transport<\/li>\n<li>Depozitare pe termen scurt \u0219i lung<\/li>\n<\/ul>\n<p>Island Movers este o companie de mut\u0103ri \u0219i transport de marf\u0103 \u00eenfiin\u021bat\u0103 \u00een 1958 \u0219i are sediul \u00een Honolulu. Lucreaz\u0103 cu agen\u021bi parteneri din \u00eentreaga lume pentru a furniza servicii de mutare la nivel global c\u0103tre sau dinspre <a href=\"https:\/\/moverdb.com\/ro\/moving-to-the-united-states\/moving-to-hawaii\/\" data-internallinksmanager029f6b8e52c=\"403\" title=\"V\u0103 muta\u021bi \u00een Hawaii? 2026 Costuri de trai \u0219i sfaturi de relocare\">Hawaii<\/a>. Sunt membri ai IAM \u0219i au 65 de ani de experien\u021b\u0103.<\/p>\n<p>Island Movers ofer\u0103 servicii de mutare pentru partea din Hawaii a mut\u0103rii dvs. \u0219i lucreaz\u0103 cu partenerii sau cu compania de mut\u0103ri aleas\u0103 de dvs. \u00een loca\u021bia dvs. actual\u0103 pentru a coordona mutarea. Pentru mut\u0103rile din Hawaii, ofer\u0103 servicii de ambalare sau pute\u021bi \u00eempacheta singuri. Ofer\u0103 solu\u021bii de depozitare \u00een Hawaii, cu op\u021biunea de depozitare pe termen lung sau scurt \u00een depozite sigure sau \u00een containere de 20' sau 40'.<\/p>\n<p>Site web: <a href=\"https:\/\/www.islandmovers.com\/\" target=\"_blank\" rel=\"noopener\">https:\/\/www.islandmovers.com\/<\/a><\/p>\n<h2><span class=\"ez-toc-section\" id=\"2_Royal_Hawaiian_Movers\"><\/span><strong>2. Royal Hawaiian Movers<\/strong><span class=\"ez-toc-section-end\"><\/span><\/h2>\n<p><img loading=\"lazy\" decoding=\"async\" class=\"alignnone size-full wp-image-11429\" src=\"https:\/\/moverdb.com\/wp-content\/uploads\/Royal-Hawaiian-Movers-international-moving-company.png\" alt=\"Royal Hawaiian Movers companie de mutare interna\u021bional\u0103\" width=\"1440\" height=\"683\" data-wp-pid=\"11429\" srcset=\"https:\/\/moverdb.com\/wp-content\/uploads\/Royal-Hawaiian-Movers-international-moving-company.png 1440w, https:\/\/moverdb.com\/wp-content\/uploads\/Royal-Hawaiian-Movers-international-moving-company-300x142.png 300w, https:\/\/moverdb.com\/wp-content\/uploads\/Royal-Hawaiian-Movers-international-moving-company-1024x486.png 1024w, https:\/\/moverdb.com\/wp-content\/uploads\/Royal-Hawaiian-Movers-international-moving-company-18x9.png 18w, https:\/\/moverdb.com\/wp-content\/uploads\/Royal-Hawaiian-Movers-international-moving-company-600x285.png 600w\" sizes=\"auto, (max-width: 1440px) 100vw, 1440px\" \/><\/p>\n<ul>\n<li>Mut\u0103ri locale \u0219i na\u021bionale<\/li>\n<li>Mut\u0103ri interna\u021bionale<\/li>\n<li>Mutarea gospod\u0103riei<\/li>\n<li>Transferuri de afaceri<\/li>\n<li>Servicii personalizate<\/li>\n<li>Serviciul de ambalare<\/li>\n<li>Aranjamente de transport<\/li>\n<li>Asisten\u021b\u0103 vamal\u0103<\/li>\n<li>Transportul vehiculelor<\/li>\n<li>Facilit\u0103\u021bi de depozitare<\/li>\n<\/ul>\n<p>Royal Hawaiian Movers este o companie de mut\u0103ri \u0219i transport fondat\u0103 \u00een 1982, cu birouri \u00een Honolulu, Kahului, Keaau, Kailua \u0219i Lihue. Ei fac parte din familia The DeWitt Companies, care are o re\u021bea integrat\u0103 de servicii de mutare \u0219i depozitare. Sunt membri ai IAM \u0219i au 41 de ani de experien\u021b\u0103.<\/p>\n<p>Royal Hawaiian Movers ofer\u0103 un studiu \u0219i un serviciu de planificare \u00een persoan\u0103 sau virtual \u00eenainte de mutare pentru a v\u0103 organiza mutarea, fie din u\u0219\u0103 \u00een u\u0219\u0103, fie din port \u00een port. Ace\u0219tia ofer\u0103 un serviciu personalizat, adaptat la nevoile dumneavoastr\u0103 \u0219i v\u0103 vor sprijini \u00een toate aspectele mut\u0103rii, inclusiv \u00een ceea ce prive\u0219te ambalarea bunurilor, desc\u0103rcarea \u0219i remontarea locuin\u021bei, transportul, obiceiurile \u0219i sfaturile culturale.<\/p>\n<p>Site web: <a href=\"https:\/\/www.royalhawaiianmovers.com\/\" target=\"_blank\" rel=\"noopener\">https:\/\/www.royalhawaiianmovers.com\/<\/a><\/p>\n<h2><span class=\"ez-toc-section\" id=\"3_WestPac_International\"><\/span><strong>3. WestPac International<\/strong><span class=\"ez-toc-section-end\"><\/span><\/h2>\n<p><img loading=\"lazy\" decoding=\"async\" class=\"alignnone size-full wp-image-11477\" src=\"https:\/\/moverdb.com\/wp-content\/uploads\/WestPac-International-moving-company.png\" alt=\"WestPac International moving company\" width=\"1440\" height=\"682\" data-wp-pid=\"11477\" srcset=\"https:\/\/moverdb.com\/wp-content\/uploads\/WestPac-International-moving-company.png 1440w, https:\/\/moverdb.com\/wp-content\/uploads\/WestPac-International-moving-company-300x142.png 300w, https:\/\/moverdb.com\/wp-content\/uploads\/WestPac-International-moving-company-1024x485.png 1024w, https:\/\/moverdb.com\/wp-content\/uploads\/WestPac-International-moving-company-18x9.png 18w, https:\/\/moverdb.com\/wp-content\/uploads\/WestPac-International-moving-company-600x284.png 600w\" sizes=\"auto, (max-width: 1440px) 100vw, 1440px\" \/><\/p>\n<ul>\n<li>Mut\u0103ri locale \u0219i na\u021bionale<\/li>\n<li>Mut\u0103ri interna\u021bionale<\/li>\n<li>Mut\u0103ri reziden\u021biale<\/li>\n<li>Mutarea birourilor<\/li>\n<li>Serviciu din u\u0219\u0103 \u00een u\u0219\u0103<\/li>\n<li>Ambalare \u0219i ambalare<\/li>\n<li>Materiale de ambalare de \u00eenalt\u0103 calitate<\/li>\n<li>Organizarea transportului<\/li>\n<li>Asigurare<\/li>\n<li>Stocare sigur\u0103 pe termen scurt \u0219i lung<\/li>\n<\/ul>\n<p>WestPac International este o companie de mut\u0103ri interna\u021bionale cu peste 25 de ani de experien\u021b\u0103 \u0219i are sediul \u00een Honolulu. Sunt membri ai IAM cu 23 de ani de experien\u021b\u0103, ceea ce le ofer\u0103 acces la o re\u021bea interna\u021bional\u0103 de companii de mut\u0103ri care \u00eei pot sprijini cu servicii de mut\u0103ri la nivel mondial.<\/p>\n<p>WestPac International ofer\u0103 o estimare gratuit\u0103 \u0219i va c\u0103uta cea mai bun\u0103 op\u021biune \u0219i cel mai bun pre\u021b pentru mutarea dumneavoastr\u0103. Ace\u0219tia ofer\u0103 un serviciu de \u00eempachetare \u0219i ambalare care utilizeaz\u0103 materiale de mutare de \u00eenalt\u0103 calitate sau pute\u021bi \u00eempacheta singuri cu materialele de ambalare furnizate. Ace\u0219tia vor aranja transportul lucrurilor dvs. la destina\u021bie \u0219i v\u0103 vor oferi acoperire de asigurare.<\/p>\n<p>Site web: <a href=\"https:\/\/www.westpacinternational.com\/\" target=\"_blank\" rel=\"noopener\">https:\/\/www.westpacinternational.com\/<\/a><\/p>\n<h2><span class=\"ez-toc-section\" id=\"4_World_Wide_Movers_Inc\"><\/span><strong>4. World Wide Movers Inc<\/strong><span class=\"ez-toc-section-end\"><\/span><\/h2>\n<p><img loading=\"lazy\" decoding=\"async\" class=\"alignnone size-full wp-image-11480\" src=\"https:\/\/moverdb.com\/wp-content\/uploads\/World-Wide-Movers-Inc-international-moving-company.png\" alt=\"World Wide Movers Inc companie de mutare interna\u021bional\u0103\" width=\"1440\" height=\"678\" data-wp-pid=\"11480\" srcset=\"https:\/\/moverdb.com\/wp-content\/uploads\/World-Wide-Movers-Inc-international-moving-company.png 1440w, https:\/\/moverdb.com\/wp-content\/uploads\/World-Wide-Movers-Inc-international-moving-company-300x141.png 300w, https:\/\/moverdb.com\/wp-content\/uploads\/World-Wide-Movers-Inc-international-moving-company-1024x482.png 1024w, https:\/\/moverdb.com\/wp-content\/uploads\/World-Wide-Movers-Inc-international-moving-company-18x8.png 18w, https:\/\/moverdb.com\/wp-content\/uploads\/World-Wide-Movers-Inc-international-moving-company-600x283.png 600w\" sizes=\"auto, (max-width: 1440px) 100vw, 1440px\" \/><\/p>\n<ul>\n<li>Mut\u0103ri locale \u0219i na\u021bionale<\/li>\n<li>Reloc\u0103ri interna\u021bionale<\/li>\n<li>Mut\u0103ri reziden\u021biale<\/li>\n<li>Reloc\u0103ri corporative<\/li>\n<li>Plan de mutare personalizat<\/li>\n<li>Serviciul de ambalare<\/li>\n<li>Aranjamente de transport<\/li>\n<li><a href=\"https:\/\/moverdb.com\/ro\/car-transport-shipping\/\" data-internallinksmanager029f6b8e52c=\"2\" title=\"2026 Transport auto interna\u021bional \u0219i oferte de transport maritim de vehicule\">Transportul vehiculelor<\/a><\/li>\n<li>Asigurare<\/li>\n<li>Facilit\u0103\u021bi de depozitare<\/li>\n<\/ul>\n<p>World Wide Movers Inc. este o companie de mut\u0103ri \u0219i depozitare \u00eenfiin\u021bat\u0103 \u00een 1963 \u0219i are sediul \u00een Honolulu. Este un agent al United Van Lines, Mayflower Transit \u0219i UniGroup. Sunt membri ai IAM \u0219i au 60 de ani de experien\u021b\u0103.<\/p>\n<p>World Wide Movers Inc ofer\u0103 o ofert\u0103 gratuit\u0103 \u0219i va crea un plan de mutare personalizat pentru a satisface nevoile, programul \u0219i bugetul dumneavoastr\u0103. Ace\u0219tia ofer\u0103 op\u021biuni de ambalare pentru a v\u0103 oferi flexibilitate \u00een ceea ce prive\u0219te gradul de participare la mutare - serviciu complet de ambalare, ambalare fragil\u0103 \u0219i ambalare DIY. Echipa lor profesionist\u0103 de transportatori folose\u0219te materiale \u0219i metode standard din industrie pentru a proteja obiectele \u0219i poate furniza l\u0103zi personalizate.<\/p>\n<p>Site web: <a href=\"https:\/\/world-widemovers.com\/honolulu-hawaii-moving-company\/\" target=\"_blank\" rel=\"noopener\">https:\/\/world-widemovers.com\/honolulu-hawaii-moving-company\/<\/a><\/p>","protected":false},"excerpt":{"rendered":"<p>Planning a move locally or long distance can be complicated and stressful so involving a moving company to take on some of the roles can really help. Below we have compiled a list of Honolulu based removal companies that are members of the International Association of Movers (IAM) and\/or FIDI Accredited International Mover (FAIM) who [&hellip;]<\/p>\n","protected":false},"author":4,"featured_media":11354,"parent":190,"menu_order":0,"comment_status":"closed","ping_status":"closed","template":"","meta":{"_genesis_hide_title":false,"_genesis_hide_breadcrumbs":false,"_genesis_hide_singular_image":false,"_genesis_hide_footer_widgets":false,"_genesis_custom_body_class":"","_genesis_custom_post_class":"","_genesis_layout":"","footnotes":""},"class_list":{"0":"post-11574","1":"page","2":"type-page","3":"status-publish","4":"has-post-thumbnail","6":"entry"},"_links":{"self":[{"href":"https:\/\/moverdb.com\/ro\/wp-json\/wp\/v2\/pages\/11574","targetHints":{"allow":["GET"]}}],"collection":[{"href":"https:\/\/moverdb.com\/ro\/wp-json\/wp\/v2\/pages"}],"about":[{"href":"https:\/\/moverdb.com\/ro\/wp-json\/wp\/v2\/types\/page"}],"author":[{"embeddable":true,"href":"https:\/\/moverdb.com\/ro\/wp-json\/wp\/v2\/users\/4"}],"replies":[{"embeddable":true,"href":"https:\/\/moverdb.com\/ro\/wp-json\/wp\/v2\/comments?post=11574"}],"version-history":[{"count":1,"href":"https:\/\/moverdb.com\/ro\/wp-json\/wp\/v2\/pages\/11574\/revisions"}],"predecessor-version":[{"id":11575,"href":"https:\/\/moverdb.com\/ro\/wp-json\/wp\/v2\/pages\/11574\/revisions\/11575"}],"up":[{"embeddable":true,"href":"https:\/\/moverdb.com\/ro\/wp-json\/wp\/v2\/pages\/190"}],"wp:featuredmedia":[{"embeddable":true,"href":"https:\/\/moverdb.com\/ro\/wp-json\/wp\/v2\/media\/11354"}],"wp:attachment":[{"href":"https:\/\/moverdb.com\/ro\/wp-json\/wp\/v2\/media?parent=11574"}],"curies":[{"name":"wp","href":"https:\/\/api.w.org\/{rel}","templated":true}]}}