{"id":11566,"date":"2023-11-29T10:45:44","date_gmt":"2023-11-29T10:45:44","guid":{"rendered":"https:\/\/moverdb.com\/?page_id=11566"},"modified":"2026-01-08T15:25:07","modified_gmt":"2026-01-08T15:25:07","slug":"moving-companies-us-georgia","status":"publish","type":"page","link":"https:\/\/moverdb.com\/ro\/moving-companies\/moving-companies-us-georgia\/","title":{"rendered":"5 Cele mai bune companii de mutare interna\u021bional\u0103 \u00een Georgia"},"content":{"rendered":"<p>Atunci c\u00e2nd v\u0103 muta\u021bi, sunt multe de f\u0103cut, cum ar fi planificarea \u0219i organizarea mut\u0103rii, selectarea unui furnizor de servicii de transport \u0219i \u00eempachetarea bunurilor, iar dac\u0103 v\u0103 muta\u021bi \u00een str\u0103in\u0103tate, trebuie s\u0103 v\u0103 ocupa\u021bi \u0219i de vam\u0103. Multe dintre aceste activit\u0103\u021bi pot fi realizate de c\u0103tre un <a href=\"https:\/\/moverdb.com\/ro\/moving-companies\/\" data-internallinksmanager029f6b8e52c=\"79\" title=\"Top 25 Companii interna\u021bionale de mutare online\">companie \u00een mi\u0219care<\/a>. Mai jos am compilat o list\u0103 de <a href=\"https:\/\/moverdb.com\/ro\/moving-to-the-united-states\/moving-to-georgia\/\" data-internallinksmanager029f6b8e52c=\"402\" title=\"Mutarea \u00een Georgia? 2026 Costurile de trai \u0219i sfaturi de relocare\">Georgia<\/a> pe <a href=\"https:\/\/moverdb.com\/ro\/international-removals\/\" data-internallinksmanager029f6b8e52c=\"27\" title=\"36 Cele mai bune companii de mut\u0103ri interna\u021bionale din Marea Britanie\">companii de mutare<\/a> care sunt membri ai grupului <a href=\"https:\/\/moverdb.com\/ro\/iam\/\" data-internallinksmanager029f6b8e52c=\"23\" title=\"Explica\u021bii despre Asocia\u021bia Interna\u021bional\u0103 a Transportatorilor (IAM)\">Asocia\u021bia Interna\u021bional\u0103 a Transportatorilor<\/a> (IAM) \u0219i\/sau <a href=\"https:\/\/moverdb.com\/ro\/fidi-faim\/\" data-internallinksmanager029f6b8e52c=\"16\" title=\"FIDI &amp; FAIM (FIDI Accredited International Mover) Explicat\">FIDI<\/a> Accredited International Mover (FAIM), care v\u0103 poate ajuta cu mutarea dumneavoastr\u0103.<\/p>\n<div id=\"ez-toc-container\" class=\"ez-toc-v2_0_82_2 ez-toc-wrap-left counter-hierarchy ez-toc-counter ez-toc-transparent ez-toc-container-direction\">\n<div class=\"ez-toc-title-container\">\n<p class=\"ez-toc-title\" style=\"cursor:inherit\">Sec\u021biuni<\/p>\n<span class=\"ez-toc-title-toggle\"><a href=\"#\" class=\"ez-toc-pull-right ez-toc-btn ez-toc-btn-xs ez-toc-btn-default ez-toc-toggle\" aria-label=\"Comuta\u021bi tabelul de con\u021binut\"><span class=\"ez-toc-js-icon-con\"><span class=\"\"><span class=\"eztoc-hide\" style=\"display:none;\">Toggle<\/span><span class=\"ez-toc-icon-toggle-span\"><svg style=\"fill: #999;color:#999\" xmlns=\"http:\/\/www.w3.org\/2000\/svg\" class=\"list-377408\" width=\"20px\" height=\"20px\" viewbox=\"0 0 24 24\" fill=\"none\"><path d=\"M6 6H4v2h2V6zm14 0H8v2h12V6zM4 11h2v2H4v-2zm16 0H8v2h12v-2zM4 16h2v2H4v-2zm16 0H8v2h12v-2z\" fill=\"currentColor\"><\/path><\/svg><svg style=\"fill: #999;color:#999\" class=\"arrow-unsorted-368013\" xmlns=\"http:\/\/www.w3.org\/2000\/svg\" width=\"10px\" height=\"10px\" viewbox=\"0 0 24 24\" version=\"1.2\" baseprofile=\"tiny\"><path d=\"M18.2 9.3l-6.2-6.3-6.2 6.3c-.2.2-.3.4-.3.7s.1.5.3.7c.2.2.4.3.7.3h11c.3 0 .5-.1.7-.3.2-.2.3-.5.3-.7s-.1-.5-.3-.7zM5.8 14.7l6.2 6.3 6.2-6.3c.2-.2.3-.5.3-.7s-.1-.5-.3-.7c-.2-.2-.4-.3-.7-.3h-11c-.3 0-.5.1-.7.3-.2.2-.3.5-.3.7s.1.5.3.7z\"\/><\/svg><\/span><\/span><\/span><\/a><\/span><\/div>\n<nav><ul class='ez-toc-list ez-toc-list-level-1 eztoc-toggle-hide-by-default' ><li class='ez-toc-page-1 ez-toc-heading-level-2'><a class=\"ez-toc-link ez-toc-heading-1\" href=\"https:\/\/moverdb.com\/ro\/moving-companies\/moving-companies-us-georgia\/#1_A1_Freeman_Moving_Group\" >1. A1 Freeman Moving Group<\/a><\/li><li class='ez-toc-page-1 ez-toc-heading-level-2'><a class=\"ez-toc-link ez-toc-heading-2\" href=\"https:\/\/moverdb.com\/ro\/moving-companies\/moving-companies-us-georgia\/#2_Atlantic_Relocation_Systems\" >2. Sisteme de relocare Atlantic Relocation Systems<\/a><\/li><li class='ez-toc-page-1 ez-toc-heading-level-2'><a class=\"ez-toc-link ez-toc-heading-3\" href=\"https:\/\/moverdb.com\/ro\/moving-companies\/moving-companies-us-georgia\/#3_Armstrong\" >3. Armstrong<\/a><\/li><li class='ez-toc-page-1 ez-toc-heading-level-2'><a class=\"ez-toc-link ez-toc-heading-4\" href=\"https:\/\/moverdb.com\/ro\/moving-companies\/moving-companies-us-georgia\/#4_Beltmann_Moving_Storage\" >4. Beltmann Moving &amp; Storage<\/a><\/li><li class='ez-toc-page-1 ez-toc-heading-level-2'><a class=\"ez-toc-link ez-toc-heading-5\" href=\"https:\/\/moverdb.com\/ro\/moving-companies\/moving-companies-us-georgia\/#5_Hilldrup\" >5. Hilldrup<\/a><\/li><\/ul><\/nav><\/div>\n<h2><span class=\"ez-toc-section\" id=\"1_A1_Freeman_Moving_Group\"><\/span><strong>1. A1 Freeman Moving Group<\/strong><span class=\"ez-toc-section-end\"><\/span><\/h2>\n<p><img loading=\"lazy\" decoding=\"async\" class=\"alignnone size-full wp-image-11236\" src=\"https:\/\/moverdb.com\/wp-content\/uploads\/A1-Freeman-Moving-Group-international-moving-company.png\" alt=\"A1 Freeman Moving Group companie de mutare interna\u021bional\u0103\" width=\"1440\" height=\"675\" data-wp-pid=\"11236\" srcset=\"https:\/\/moverdb.com\/wp-content\/uploads\/A1-Freeman-Moving-Group-international-moving-company.png 1440w, https:\/\/moverdb.com\/wp-content\/uploads\/A1-Freeman-Moving-Group-international-moving-company-300x141.png 300w, https:\/\/moverdb.com\/wp-content\/uploads\/A1-Freeman-Moving-Group-international-moving-company-1024x480.png 1024w, https:\/\/moverdb.com\/wp-content\/uploads\/A1-Freeman-Moving-Group-international-moving-company-18x8.png 18w, https:\/\/moverdb.com\/wp-content\/uploads\/A1-Freeman-Moving-Group-international-moving-company-600x281.png 600w\" sizes=\"auto, (max-width: 1440px) 100vw, 1440px\" \/><\/p>\n<ul>\n<li>Mut\u0103ri locale \u0219i pe distan\u021be lungi<\/li>\n<li>Mut\u0103ri interna\u021bionale<\/li>\n<li>Mutarea gospod\u0103riei<\/li>\n<li>Transferuri de afaceri<\/li>\n<li>Servicii personalizate<\/li>\n<li>Consilier servicii clien\u021bi<\/li>\n<li>Serviciul de ambalare<\/li>\n<li>Aranjamente de transport<\/li>\n<li>Asisten\u021b\u0103 vamal\u0103<\/li>\n<li>Concierge de mutare pentru urm\u0103rirea dup\u0103 mutare<\/li>\n<\/ul>\n<p>A1 Freeman Moving Group este o companie de reloc\u0103ri \u0219i transporturi care func\u021bioneaz\u0103 din 1974 \u0219i are sediul \u00een <a href=\"https:\/\/moverdb.com\/ro\/moving-to-atlanta\/\" data-internallinksmanager029f6b8e52c=\"32\" title=\"V\u0103 muta\u021bi \u00een Atlanta? 2026 Costuri de trai \u0219i sfaturi de relocare\">Atlanta<\/a>. Sunt o re\u021bea de profesioni\u0219ti \u00een domeniul transporturilor care pot furniza servicii de mutare la nivel local, na\u021bional \u0219i interna\u021bional. Sunt membri ai IAM \u0219i au 33 de ani de experien\u021b\u0103.<\/p>\n<p>A1 Freeman Moving Group ofer\u0103 consultan\u021b\u0103 \u00eenainte de mutare cu unul dintre reprezentan\u021bii lor, care v\u0103 va ghida \u00een acest proces \u0219i v\u0103 va ajuta s\u0103 v\u0103 planifica\u021bi mutarea. Ace\u0219tia vor numi un consilier de servicii pentru clien\u021bi care va gestiona fiecare etap\u0103 a mut\u0103rii dumneavoastr\u0103. Ace\u0219tia vor crea un plan de mutare care va include servicii de ambalare, livrare, vam\u0103 \u0219i instalare.<\/p>\n<p>Site web: <a href=\"http:\/\/www.a1freemanatlanta.com\/\" target=\"_blank\" rel=\"noopener\">http:\/\/www.a1freemanatlanta.com\/<\/a><\/p>\n<h2><span class=\"ez-toc-section\" id=\"2_Atlantic_Relocation_Systems\"><\/span><strong>2. Sisteme de relocare Atlantic Relocation Systems<\/strong><span class=\"ez-toc-section-end\"><\/span><\/h2>\n<p><img loading=\"lazy\" decoding=\"async\" class=\"alignnone size-full wp-image-11262\" src=\"https:\/\/moverdb.com\/wp-content\/uploads\/Atlantic-Relocation-Systems-international-moving-company.png\" alt=\"Atlantic Relocation Systems companie de mutare interna\u021bional\u0103\" width=\"1440\" height=\"677\" data-wp-pid=\"11262\" srcset=\"https:\/\/moverdb.com\/wp-content\/uploads\/Atlantic-Relocation-Systems-international-moving-company.png 1440w, https:\/\/moverdb.com\/wp-content\/uploads\/Atlantic-Relocation-Systems-international-moving-company-300x141.png 300w, https:\/\/moverdb.com\/wp-content\/uploads\/Atlantic-Relocation-Systems-international-moving-company-1024x481.png 1024w, https:\/\/moverdb.com\/wp-content\/uploads\/Atlantic-Relocation-Systems-international-moving-company-18x8.png 18w, https:\/\/moverdb.com\/wp-content\/uploads\/Atlantic-Relocation-Systems-international-moving-company-600x282.png 600w\" sizes=\"auto, (max-width: 1440px) 100vw, 1440px\" \/><\/p>\n<ul>\n<li>Mut\u0103ri locale \u0219i pe distan\u021be lungi<\/li>\n<li>Mut\u0103ri interna\u021bionale<\/li>\n<li>Mut\u0103ri reziden\u021biale<\/li>\n<li>Mutarea birourilor<\/li>\n<li>Coordonator de relocare<\/li>\n<li>Serviciul de ambalare<\/li>\n<li>Transport rutier, maritim \u0219i aerian<\/li>\n<li>Asisten\u021b\u0103 pentru documenta\u021bie<\/li>\n<li>Expedierea lucr\u0103rilor de art\u0103<\/li>\n<li>Instala\u021bie de depozitare<\/li>\n<\/ul>\n<p>Atlantic Relocation Systems este o companie de mut\u0103ri interna\u021bionale \u00eenfiin\u021bat\u0103 \u00een 1984, care are 13 filiale \u00een \u00eentreaga lume. <a href=\"https:\/\/moverdb.com\/ro\/moving-to-the-united-states\/\" data-internallinksmanager029f6b8e52c=\"94\" title=\"V\u0103 muta\u021bi \u00een Statele Unite? 2026 Costurile vie\u021bii \u0219i sfaturi de relocare\">SUA<\/a> cu unul \u00een Atlanta. Este o companie Atlas Van Lines, ceea ce \u00eei asigur\u0103 o acoperire pe \u00eentreg teritoriul Statelor Unite \u0219i are acces la re\u021bele interna\u021bionale care \u00eei sprijin\u0103. Sunt membri ai IAM \u0219i au 52 de ani de experien\u021b\u0103.<\/p>\n<p>Atlantic Relocation Systems pune la dispozi\u021bia celor care se mut\u0103 la nivel interna\u021bional un coordonator de reloc\u0103ri interna\u021bionale care s\u0103 v\u0103 ajute pe tot parcursul mut\u0103rii dumneavoastr\u0103. Pentru mut\u0103rile locale se ofer\u0103 o estimare gratuit\u0103 la domiciliu. Ace\u0219tia ofer\u0103 un serviciu de ambalare pentru a v\u0103 proteja bunurile \u00een timpul transportului rutier, maritim sau aerian, cu asisten\u021b\u0103 pentru completarea documenta\u021biei.<\/p>\n<p>Site web: <a href=\"https:\/\/www.atlanticrelocation.com\/\" target=\"_blank\" rel=\"noopener\">https:\/\/www.atlanticrelocation.com\/<\/a><\/p>\n<h2><span class=\"ez-toc-section\" id=\"3_Armstrong\"><\/span><strong>3. Armstrong<\/strong><span class=\"ez-toc-section-end\"><\/span><\/h2>\n<p><img loading=\"lazy\" decoding=\"async\" class=\"alignnone size-full wp-image-11261\" src=\"https:\/\/moverdb.com\/wp-content\/uploads\/Armstrong-international-moving-company.png\" alt=\"Armstrong companie interna\u021bional\u0103 de mutare Armstrong\" width=\"1440\" height=\"676\" data-wp-pid=\"11261\" srcset=\"https:\/\/moverdb.com\/wp-content\/uploads\/Armstrong-international-moving-company.png 1440w, https:\/\/moverdb.com\/wp-content\/uploads\/Armstrong-international-moving-company-300x141.png 300w, https:\/\/moverdb.com\/wp-content\/uploads\/Armstrong-international-moving-company-1024x481.png 1024w, https:\/\/moverdb.com\/wp-content\/uploads\/Armstrong-international-moving-company-18x8.png 18w, https:\/\/moverdb.com\/wp-content\/uploads\/Armstrong-international-moving-company-600x282.png 600w\" sizes=\"auto, (max-width: 1440px) 100vw, 1440px\" \/><\/p>\n<ul>\n<li>Mut\u0103ri locale \u0219i pe distan\u021be lungi<\/li>\n<li>Mut\u0103ri interna\u021bionale<\/li>\n<li>Mut\u0103ri reziden\u021biale<\/li>\n<li>Mutarea birourilor<\/li>\n<li>Mutarea angaja\u021bilor<\/li>\n<li>Op\u021biuni de ambalare<\/li>\n<li>Transport aerian, maritim \u0219i terestru<\/li>\n<li>V\u0103muire<\/li>\n<li>Servicii de destina\u021bie<\/li>\n<li>Depozitare pe termen scurt \u0219i lung<\/li>\n<\/ul>\n<p>Armstrong este o companie de mut\u0103ri, reloc\u0103ri \u0219i logistic\u0103 cu 32 de loca\u021bii \u00een toat\u0103 \u021bara, inclusiv o loca\u021bie \u00een Atlanta. Ace\u0219tia au o re\u021bea de parteneri \u0219i afilia\u021bi care \u00eei ajut\u0103 \u00een furnizarea serviciilor lor la nivel interna\u021bional. Sunt membri ai IAM cu 38 de ani de experien\u021b\u0103 \u0219i sunt acredita\u021bi de FIDI.<\/p>\n<p>Armstrong ofer\u0103 servicii de gestionare a mut\u0103rii care includ servicii complete sau par\u021biale de ambalare \u0219i despachetare, care pot include, de asemenea, ambalarea \u00een l\u0103zi \u0219i ambalaje speciale, precum \u0219i protejarea propriet\u0103\u021bii dumneavoastr\u0103 \u00een timpul mut\u0103rii. Ace\u0219tia vor aranja transportul cu v\u0103muire. Serviciile suplimentare includ preg\u0103tire cultural\u0103, v\u00e2nzarea \u0219i \u00eenchirierea de locuin\u021be \u0219i op\u021biuni de depozitare.<\/p>\n<p>Site web: <a href=\"https:\/\/www.armstrongrelocation.com\/\" target=\"_blank\" rel=\"noopener\">https:\/\/www.armstrongrelocation.com\/<\/a><\/p>\n<h2><span class=\"ez-toc-section\" id=\"4_Beltmann_Moving_Storage\"><\/span><strong>4. Beltmann Moving &amp; Storage<\/strong><span class=\"ez-toc-section-end\"><\/span><\/h2>\n<p><img loading=\"lazy\" decoding=\"async\" class=\"alignnone size-full wp-image-11269\" src=\"https:\/\/moverdb.com\/wp-content\/uploads\/Beltmann-Relocation-Group-international-moving-company.png\" alt=\"Beltmann Relocation Group companie de mutare interna\u021bional\u0103\" width=\"1440\" height=\"682\" data-wp-pid=\"11269\" srcset=\"https:\/\/moverdb.com\/wp-content\/uploads\/Beltmann-Relocation-Group-international-moving-company.png 1440w, https:\/\/moverdb.com\/wp-content\/uploads\/Beltmann-Relocation-Group-international-moving-company-300x142.png 300w, https:\/\/moverdb.com\/wp-content\/uploads\/Beltmann-Relocation-Group-international-moving-company-1024x485.png 1024w, https:\/\/moverdb.com\/wp-content\/uploads\/Beltmann-Relocation-Group-international-moving-company-18x9.png 18w, https:\/\/moverdb.com\/wp-content\/uploads\/Beltmann-Relocation-Group-international-moving-company-600x284.png 600w\" sizes=\"auto, (max-width: 1440px) 100vw, 1440px\" \/><\/p>\n<ul>\n<li>Mut\u0103ri locale \u0219i pe distan\u021be lungi<\/li>\n<li>Mut\u0103ri interna\u021bionale<\/li>\n<li>Mut\u0103ri reziden\u021biale<\/li>\n<li>Mutarea birourilor<\/li>\n<li>Reloc\u0103ri corporative<\/li>\n<li>Servicii personalizabile<\/li>\n<li>Mutarea consultantului<\/li>\n<li>Serviciul de ambalare<\/li>\n<li>Aranjamente de transport<\/li>\n<li>Depozitare securizat\u0103<\/li>\n<\/ul>\n<p>Beltmann Moving &amp; Storage este o companie de mut\u0103ri \u00eenfiin\u021bat\u0103 \u00een 1923, cu 11 loca\u021bii \u00een SUA, inclusiv \u00een Atlanta. Sunt afilia\u021bi cu North American Van Lines, ceea ce le ofer\u0103 o acoperire mai mare, precum \u0219i re\u021bele interna\u021bionale. Sunt membri ai IAM \u0219i au 24 de ani de experien\u021b\u0103.<\/p>\n<p>Beltmann Moving &amp; Storage ofer\u0103 pachete personalizabile, astfel \u00eenc\u00e2t s\u0103 pl\u0103ti\u021bi doar pentru serviciile de care ave\u021bi nevoie \u0219i s\u0103 v\u0103 ajuta\u021bi s\u0103 v\u0103 \u00eencadra\u021bi \u00een buget. Ofer\u0103 asisten\u021b\u0103 personalizat\u0103 \u0219i pachete all-inclusive care pot avea grij\u0103 de tot sau pute\u021bi alege servicii individuale. Consultantul lor de mut\u0103ri va aranja mutarea dumneavoastr\u0103, inclusiv \u00eempachetarea \u0219i transportul la destina\u021bie.<\/p>\n<p>Site web: <a href=\"http:\/\/www.beltmann.com\/\" target=\"_blank\" rel=\"noopener\">http:\/\/www.beltmann.com\/<\/a><\/p>\n<h2><span class=\"ez-toc-section\" id=\"5_Hilldrup\"><\/span><strong>5. Hilldrup<\/strong><span class=\"ez-toc-section-end\"><\/span><\/h2>\n<p><img loading=\"lazy\" decoding=\"async\" class=\"alignnone size-full wp-image-11339\" src=\"https:\/\/moverdb.com\/wp-content\/uploads\/Hilldrup-international-moving-company.png\" alt=\"Hilldrup companie de mutare interna\u021bional\u0103\" width=\"1440\" height=\"674\" data-wp-pid=\"11339\" srcset=\"https:\/\/moverdb.com\/wp-content\/uploads\/Hilldrup-international-moving-company.png 1440w, https:\/\/moverdb.com\/wp-content\/uploads\/Hilldrup-international-moving-company-300x140.png 300w, https:\/\/moverdb.com\/wp-content\/uploads\/Hilldrup-international-moving-company-1024x479.png 1024w, https:\/\/moverdb.com\/wp-content\/uploads\/Hilldrup-international-moving-company-18x8.png 18w, https:\/\/moverdb.com\/wp-content\/uploads\/Hilldrup-international-moving-company-600x281.png 600w\" sizes=\"auto, (max-width: 1440px) 100vw, 1440px\" \/><\/p>\n<ul>\n<li>Mut\u0103ri locale \u0219i pe distan\u021be lungi<\/li>\n<li>Mut\u0103ri interna\u021bionale<\/li>\n<li>Mut\u0103ri reziden\u021biale<\/li>\n<li>Mi\u0219c\u0103ri de afaceri<\/li>\n<li>Alegerea pachetelor de mutare<\/li>\n<li>Mutarea Consilier<\/li>\n<li>Serviciul de ambalare<\/li>\n<li>Modalit\u0103\u021bi de transport<\/li>\n<li>Actualiz\u0103ri de urm\u0103rire<\/li>\n<li>Depozitare pe termen scurt \u0219i lung<\/li>\n<\/ul>\n<p>Hilldrup este o companie de mutare \u0219i depozitare fondat\u0103 \u00een 1903, care are 10 sucursale \u00een sud-estul \u0219i mijlocul Atlanticului din SUA, inclusiv una \u00een Atlanta. Pentru a-\u0219i sprijini clien\u021bii \u0219i pentru a oferi servicii interna\u021bionale, compania are afilieri interna\u021bionale cu organiza\u021bii de top, printre care se num\u0103r\u0103 United Van Lines \u0219i Mayflower Transit. Sunt acredita\u021bi de FIDI.<\/p>\n<p>Hilldrup pune la dispozi\u021bie un consilier de mutare pentru a v\u0103 gestiona mutarea \u0219i ofer\u0103 o gam\u0103 de pachete de mutare, de la DIY la servicii complete de ambalare. Ofer\u0103 un sondaj virtual de mutare pentru a v\u0103 evalua nevoile \u0219i pentru a v\u0103 oferi o ofert\u0103. Folosesc cele mai bune materiale de ambalare pentru a v\u0103 proteja bunurile \u00een timpul transportului \u0219i ofer\u0103 op\u021biuni de ambalare \u0219i ambalare personalizat\u0103 pentru obiectele fragile.<\/p>\n<p>Site web: <a href=\"https:\/\/www.hilldrup.com\/\" target=\"_blank\" rel=\"noopener\">https:\/\/www.hilldrup.com\/<\/a><\/p>","protected":false},"excerpt":{"rendered":"<p>When you are moving there is a lot to do such as planning and organising the move, selecting a transportation provider and packing your belongings, and if you are moving abroad handling customs too. Many of these activities can be completed by a moving company. Below we have compiled a list of Georgia based removal [&hellip;]<\/p>\n","protected":false},"author":4,"featured_media":11236,"parent":190,"menu_order":0,"comment_status":"closed","ping_status":"closed","template":"","meta":{"_genesis_hide_title":false,"_genesis_hide_breadcrumbs":false,"_genesis_hide_singular_image":false,"_genesis_hide_footer_widgets":false,"_genesis_custom_body_class":"","_genesis_custom_post_class":"","_genesis_layout":"","footnotes":""},"class_list":{"0":"post-11566","1":"page","2":"type-page","3":"status-publish","4":"has-post-thumbnail","6":"entry"},"_links":{"self":[{"href":"https:\/\/moverdb.com\/ro\/wp-json\/wp\/v2\/pages\/11566","targetHints":{"allow":["GET"]}}],"collection":[{"href":"https:\/\/moverdb.com\/ro\/wp-json\/wp\/v2\/pages"}],"about":[{"href":"https:\/\/moverdb.com\/ro\/wp-json\/wp\/v2\/types\/page"}],"author":[{"embeddable":true,"href":"https:\/\/moverdb.com\/ro\/wp-json\/wp\/v2\/users\/4"}],"replies":[{"embeddable":true,"href":"https:\/\/moverdb.com\/ro\/wp-json\/wp\/v2\/comments?post=11566"}],"version-history":[{"count":3,"href":"https:\/\/moverdb.com\/ro\/wp-json\/wp\/v2\/pages\/11566\/revisions"}],"predecessor-version":[{"id":11570,"href":"https:\/\/moverdb.com\/ro\/wp-json\/wp\/v2\/pages\/11566\/revisions\/11570"}],"up":[{"embeddable":true,"href":"https:\/\/moverdb.com\/ro\/wp-json\/wp\/v2\/pages\/190"}],"wp:featuredmedia":[{"embeddable":true,"href":"https:\/\/moverdb.com\/ro\/wp-json\/wp\/v2\/media\/11236"}],"wp:attachment":[{"href":"https:\/\/moverdb.com\/ro\/wp-json\/wp\/v2\/media?parent=11566"}],"curies":[{"name":"wp","href":"https:\/\/api.w.org\/{rel}","templated":true}]}}