{"id":11564,"date":"2023-11-29T10:35:03","date_gmt":"2023-11-29T10:35:03","guid":{"rendered":"https:\/\/moverdb.com\/?page_id=11564"},"modified":"2026-01-08T15:24:15","modified_gmt":"2026-01-08T15:24:15","slug":"moving-companies-us-gaithersburg","status":"publish","type":"page","link":"https:\/\/moverdb.com\/ro\/moving-companies\/moving-companies-us-gaithersburg\/","title":{"rendered":"3 Cele mai bune companii de mut\u0103ri interna\u021bionale din Gaithersburg"},"content":{"rendered":"<p>Atunci c\u00e2nd v\u0103 muta\u021bi acas\u0103 sau afacerea dvs. exist\u0103 o mul\u021bime de lucruri de f\u0103cut, astfel \u00eenc\u00e2t angajarea serviciilor unui <a href=\"https:\/\/moverdb.com\/ro\/moving-companies\/\" data-internallinksmanager029f6b8e52c=\"79\" title=\"Top 25 Companii interna\u021bionale de mutare online\">companie \u00een mi\u0219care<\/a> v\u0103 poate ajuta s\u0103 reduce\u021bi volumul de munc\u0103, astfel \u00eenc\u00e2t s\u0103 v\u0103 pute\u021bi concentra pe alte aspecte ale mut\u0103rii. Acestea pot include ambalarea, organizarea transportului \u0219i gestionarea v\u0103milor pentru mut\u0103rile interna\u021bionale. Mai jos am compilat o list\u0103 de firme din Gaithersburg cu sediul \u00een Gaithersburg <a href=\"https:\/\/moverdb.com\/ro\/international-removals\/\" data-internallinksmanager029f6b8e52c=\"27\" title=\"36 Cele mai bune companii de mut\u0103ri interna\u021bionale din Marea Britanie\">companii de mutare<\/a> care sunt membri ai grupului <a href=\"https:\/\/moverdb.com\/ro\/iam\/\" data-internallinksmanager029f6b8e52c=\"23\" title=\"Explica\u021bii despre Asocia\u021bia Interna\u021bional\u0103 a Transportatorilor (IAM)\">Asocia\u021bia Interna\u021bional\u0103 a Transportatorilor<\/a> (IAM) \u0219i\/sau <a href=\"https:\/\/moverdb.com\/ro\/fidi-faim\/\" data-internallinksmanager029f6b8e52c=\"16\" title=\"FIDI &amp; FAIM (FIDI Accredited International Mover) Explicat\">FIDI<\/a> Accredited International Mover (FAIM), care v\u0103 poate ajuta cu mutarea dumneavoastr\u0103.<\/p>\n<h2><strong>1. Solu\u021bii de expediere la nivel mondial<\/strong><\/h2>\n<p><img loading=\"lazy\" decoding=\"async\" class=\"alignnone size-full wp-image-11442\" src=\"https:\/\/moverdb.com\/wp-content\/uploads\/Shipping-Solutions-Worldwide-international-moving-company.png\" alt=\"Solu\u021bii de transport maritim Companie de mutare interna\u021bional\u0103 la nivel mondial\" width=\"1440\" height=\"680\" data-wp-pid=\"11442\" srcset=\"https:\/\/moverdb.com\/wp-content\/uploads\/Shipping-Solutions-Worldwide-international-moving-company.png 1440w, https:\/\/moverdb.com\/wp-content\/uploads\/Shipping-Solutions-Worldwide-international-moving-company-300x142.png 300w, https:\/\/moverdb.com\/wp-content\/uploads\/Shipping-Solutions-Worldwide-international-moving-company-1024x484.png 1024w, https:\/\/moverdb.com\/wp-content\/uploads\/Shipping-Solutions-Worldwide-international-moving-company-18x9.png 18w, https:\/\/moverdb.com\/wp-content\/uploads\/Shipping-Solutions-Worldwide-international-moving-company-600x283.png 600w\" sizes=\"auto, (max-width: 1440px) 100vw, 1440px\" \/><\/p>\n<ul>\n<li>Mut\u0103ri locale \u0219i na\u021bionale<\/li>\n<li>Mut\u0103ri interna\u021bionale<\/li>\n<li>Mut\u0103ri reziden\u021biale<\/li>\n<li>Mut\u0103ri comerciale \u0219i de birouri<\/li>\n<li>Serviciu personalizat<\/li>\n<li>Serviciul de ambalare<\/li>\n<li>Transport terestru, aerian \u0219i maritim<\/li>\n<li>Suport pentru documenta\u021bie<\/li>\n<li><a href=\"https:\/\/moverdb.com\/ro\/car-transport-shipping\/\" data-internallinksmanager029f6b8e52c=\"2\" title=\"2026 Transport auto interna\u021bional \u0219i oferte de transport maritim de vehicule\">Transportul vehiculelor<\/a><\/li>\n<li>Urm\u0103rirea expedierii<\/li>\n<\/ul>\n<p>Shipping Solutions Worldwide este o companie de mut\u0103ri la nivel mondial care are peste 30 de ani de experien\u021b\u0103 \u0219i are sediul \u00een Gaithersburg. Ace\u0219tia lucreaz\u0103 cu o re\u021bea de \u00eentreprinderi de mut\u0103ri globale pentru a oferi servicii \u00een \u00eentreaga lume. Ei sunt membri ai IAM.<\/p>\n<p>Shipping Solutions Worldwide ofer\u0103 un serviciu de mutare personalizat \u00een func\u021bie de nevoile dumneavoastr\u0103. Ace\u0219tia ofer\u0103 un serviciu de ambalare care va asigura c\u0103 obiectele dvs. vor c\u0103l\u0103tori \u00een siguran\u021b\u0103 pentru condi\u021biile de transport, cu un inventar complet. Ace\u0219tia vor organiza transportul pe uscat, pe calea aerului sau pe mare \u0219i, de asemenea, vor procesa toate documentele necesare pentru transport \u0219i vor urm\u0103ri transportul dumneavoastr\u0103.<\/p>\n<p>Site web: <a href=\"https:\/\/shippingsolutionsworldwide.com\/\" target=\"_blank\" rel=\"noopener\">https:\/\/shippingsolutionsworldwide.com\/<\/a><\/p>\n<h2><strong>2. Town &amp; Country Movers<\/strong><\/h2>\n<p><img loading=\"lazy\" decoding=\"async\" class=\"alignnone size-full wp-image-11458\" src=\"https:\/\/moverdb.com\/wp-content\/uploads\/Town-Country-Movers-international-moving-company.png\" alt=\"Town &amp; Country Movers companie de mutare interna\u021bional\u0103\" width=\"1440\" height=\"681\" data-wp-pid=\"11458\" srcset=\"https:\/\/moverdb.com\/wp-content\/uploads\/Town-Country-Movers-international-moving-company.png 1440w, https:\/\/moverdb.com\/wp-content\/uploads\/Town-Country-Movers-international-moving-company-300x142.png 300w, https:\/\/moverdb.com\/wp-content\/uploads\/Town-Country-Movers-international-moving-company-1024x484.png 1024w, https:\/\/moverdb.com\/wp-content\/uploads\/Town-Country-Movers-international-moving-company-18x9.png 18w, https:\/\/moverdb.com\/wp-content\/uploads\/Town-Country-Movers-international-moving-company-600x284.png 600w\" sizes=\"auto, (max-width: 1440px) 100vw, 1440px\" \/><\/p>\n<ul>\n<li>Mut\u0103ri locale \u0219i na\u021bionale<\/li>\n<li>Mut\u0103ri interna\u021bionale<\/li>\n<li>Mutarea gospod\u0103riei<\/li>\n<li>Mi\u0219c\u0103ri de afaceri<\/li>\n<li>Din u\u0219\u0103 \u00een u\u0219\u0103 \u0219i din u\u0219\u0103 \u00een u\u0219\u0103<a href=\"https:\/\/moverdb.com\/ro\/top-49-container-ports\/\" data-internallinksmanager029f6b8e52c=\"80\" title=\"Top 49 cele mai mari \u0219i mai aglomerate porturi de containere \u00een 2026\">port<\/a> op\u021biuni<\/li>\n<li>Serviciul de ambalare<\/li>\n<li>Organizarea transportului<\/li>\n<li>V\u0103muire<\/li>\n<li>Transportul vehiculelor<\/li>\n<li>Stocare sigur\u0103 pe termen scurt \u0219i lung<\/li>\n<\/ul>\n<p>Town &amp; Country Movers este o companie de mutare \u0219i depozitare \u00eenfiin\u021bat\u0103 \u00een 1977, care are sediul \u00een Gaithersburg \u0219i deserve\u0219te <a href=\"https:\/\/moverdb.com\/ro\/moving-to-the-united-states\/moving-to-maryland\/\" data-internallinksmanager029f6b8e52c=\"467\" title=\"V\u0103 muta\u021bi \u00een Maryland? 2026 Costuri de trai \u0219i sfaturi de relocare\">Maryland<\/a> \u0219i <a href=\"https:\/\/moverdb.com\/ro\/moving-to-the-united-states\/moving-to-virginia\/\" data-internallinksmanager029f6b8e52c=\"442\" title=\"Mutarea \u00een Virginia? 2026 Costurile de trai \u0219i sfaturi de relocare\">Virginia<\/a> cu mut\u0103ri locale, na\u021bionale \u0219i interna\u021bionale. Ace\u0219tia colaboreaz\u0103 cu transportatori interna\u021bionali de \u00eencredere pentru a-\u0219i furniza serviciile \u00een \u00eentreaga lume. Sunt membri ai IAM \u0219i au 46 de ani de experien\u021b\u0103.<\/p>\n<p>Town &amp; Country Movers ofer\u0103 o estimare gratuit\u0103 la domiciliu pentru mutarea dvs. \u0219i \u00ee\u0219i va personaliza serviciile pentru a v\u0103 satisface nevoile. Ace\u0219tia v\u0103 vor ajuta s\u0103 g\u0103si\u021bi cele mai bune op\u021biuni de transport pentru nevoile \u0219i bugetul dumneavoastr\u0103. Ace\u0219tia ofer\u0103 un serviciu de ambalare profesionist pentru a v\u0103 proteja obiectele, care poate include ambalarea \u00een l\u0103zi personalizate.<\/p>\n<p>Site web: <a href=\"https:\/\/townandcountrymovers.com\/\" target=\"_blank\" rel=\"noopener\">https:\/\/townandcountrymovers.com\/<\/a><\/p>\n<h2><strong>3. Reloc\u0103ri universale<\/strong><\/h2>\n<p><img loading=\"lazy\" decoding=\"async\" class=\"alignnone size-full wp-image-11469\" src=\"https:\/\/moverdb.com\/wp-content\/uploads\/Universal-Relocations-international-moving-company-1.png\" alt=\"Universal Relocations companie de mutare interna\u021bional\u0103\" width=\"1440\" height=\"680\" data-wp-pid=\"11469\" srcset=\"https:\/\/moverdb.com\/wp-content\/uploads\/Universal-Relocations-international-moving-company-1.png 1440w, https:\/\/moverdb.com\/wp-content\/uploads\/Universal-Relocations-international-moving-company-1-300x142.png 300w, https:\/\/moverdb.com\/wp-content\/uploads\/Universal-Relocations-international-moving-company-1-1024x484.png 1024w, https:\/\/moverdb.com\/wp-content\/uploads\/Universal-Relocations-international-moving-company-1-18x9.png 18w, https:\/\/moverdb.com\/wp-content\/uploads\/Universal-Relocations-international-moving-company-1-600x283.png 600w\" sizes=\"auto, (max-width: 1440px) 100vw, 1440px\" \/><\/p>\n<ul>\n<li>Reloc\u0103ri na\u021bionale<\/li>\n<li>Reloc\u0103ri interna\u021bionale<\/li>\n<li>Mutarea gospod\u0103riilor<\/li>\n<li>Transferuri de afaceri<\/li>\n<li>Serviciu din u\u0219\u0103 \u00een u\u0219\u0103<\/li>\n<li>Serviciul de ambalare<\/li>\n<li>Brokeraj vamal<\/li>\n<li>Transportul animalelor de companie \u0219i al automobilelor<\/li>\n<li>Asisten\u021b\u0103 pentru c\u0103utarea unei case<\/li>\n<li>Facilit\u0103\u021bi de depozitare<\/li>\n<\/ul>\n<p>Universal Relocations este o companie interna\u021bional\u0103 de mut\u0103ri \u0219i reloc\u0103ri \u00eenfiin\u021bat\u0103 \u00een <a href=\"https:\/\/moverdb.com\/ro\/moving-to-india\/\" data-internallinksmanager029f6b8e52c=\"356\" title=\"V\u0103 muta\u021bi \u00een India? 2026 Costurile de trai \u0219i sfaturi de relocare\">India<\/a> \u00een 1998, care are, de asemenea, birouri \u00een <a href=\"https:\/\/moverdb.com\/ro\/moving-to-the-united-states\/\" data-internallinksmanager029f6b8e52c=\"94\" title=\"V\u0103 muta\u021bi \u00een Statele Unite? 2026 Costurile vie\u021bii \u0219i sfaturi de relocare\">SUA<\/a> \u00een Gaithersburg, <a href=\"https:\/\/moverdb.com\/ro\/moving-to-the-united-states\/moving-to-new-jersey\/\" data-internallinksmanager029f6b8e52c=\"417\" title=\"V\u0103 muta\u021bi \u00een New Jersey? 2026 Costurile de trai \u0219i sfaturi de relocare\">New Jersey<\/a>, <a href=\"https:\/\/moverdb.com\/ro\/moving-to-the-united-states\/moving-to-california\/\" data-internallinksmanager029f6b8e52c=\"330\" title=\"Mutarea \u00een California? 2026 Costurile de trai \u0219i sfaturi de relocare\">California<\/a>, <a href=\"https:\/\/moverdb.com\/ro\/moving-to-the-united-states\/moving-to-texas\/\" data-internallinksmanager029f6b8e52c=\"397\" title=\"Mutarea \u00een Texas? 2026 Costurile de trai \u0219i sfaturi de relocare\">Texas<\/a> \u0219i <a href=\"https:\/\/moverdb.com\/ro\/moving-to-the-united-states\/moving-to-georgia\/\" data-internallinksmanager029f6b8e52c=\"402\" title=\"Mutarea \u00een Georgia? 2026 Costurile de trai \u0219i sfaturi de relocare\">Georgia<\/a>. Ace\u0219tia dispun de o re\u021bea global\u0103 de 160 de agen\u021bi parteneri care \u00eei sprijin\u0103 cu servicii interna\u021bionale. Sunt membri ai IAM \u0219i au \u0219apte ani de experien\u021b\u0103.<\/p>\n<p>Universal Relocations ofer\u0103 un serviciu de relocare din u\u0219\u0103 \u00een u\u0219\u0103 pentru gospod\u0103rii \u0219i \u00eentreprinderi. Ace\u0219tia ofer\u0103 un serviciu de ambalare securizat\u0103 pentru a v\u0103 proteja bunurile \u00een timpul transportului \u0219i v\u0103 pot transporta, de asemenea, animalele de companie \u0219i vehiculele. Ofer\u0103, de asemenea, servicii suplimentare care includ asisten\u021b\u0103 pentru c\u0103utarea unei locuin\u021be, facilit\u0103\u021bi de depozitare \u0219i asigurare.<\/p>\n<p>Site web: <a href=\"https:\/\/universalrelocations.com\/\" target=\"_blank\" rel=\"noopener\">https:\/\/universalrelocations.com\/<\/a><\/p>","protected":false},"excerpt":{"rendered":"<p>When you are moving home or your business there is a lot to do so engaging the services of a moving company can assist you in reducing the workload so you can focus on other aspects of your move. This can include packing, arranging transport and handling customs for international moves. Below we have compiled [&hellip;]<\/p>\n","protected":false},"author":4,"featured_media":11442,"parent":190,"menu_order":0,"comment_status":"closed","ping_status":"closed","template":"","meta":{"_genesis_hide_title":false,"_genesis_hide_breadcrumbs":false,"_genesis_hide_singular_image":false,"_genesis_hide_footer_widgets":false,"_genesis_custom_body_class":"","_genesis_custom_post_class":"","_genesis_layout":"","footnotes":""},"class_list":{"0":"post-11564","1":"page","2":"type-page","3":"status-publish","4":"has-post-thumbnail","6":"entry"},"_links":{"self":[{"href":"https:\/\/moverdb.com\/ro\/wp-json\/wp\/v2\/pages\/11564","targetHints":{"allow":["GET"]}}],"collection":[{"href":"https:\/\/moverdb.com\/ro\/wp-json\/wp\/v2\/pages"}],"about":[{"href":"https:\/\/moverdb.com\/ro\/wp-json\/wp\/v2\/types\/page"}],"author":[{"embeddable":true,"href":"https:\/\/moverdb.com\/ro\/wp-json\/wp\/v2\/users\/4"}],"replies":[{"embeddable":true,"href":"https:\/\/moverdb.com\/ro\/wp-json\/wp\/v2\/comments?post=11564"}],"version-history":[{"count":1,"href":"https:\/\/moverdb.com\/ro\/wp-json\/wp\/v2\/pages\/11564\/revisions"}],"predecessor-version":[{"id":11565,"href":"https:\/\/moverdb.com\/ro\/wp-json\/wp\/v2\/pages\/11564\/revisions\/11565"}],"up":[{"embeddable":true,"href":"https:\/\/moverdb.com\/ro\/wp-json\/wp\/v2\/pages\/190"}],"wp:featuredmedia":[{"embeddable":true,"href":"https:\/\/moverdb.com\/ro\/wp-json\/wp\/v2\/media\/11442"}],"wp:attachment":[{"href":"https:\/\/moverdb.com\/ro\/wp-json\/wp\/v2\/media?parent=11564"}],"curies":[{"name":"wp","href":"https:\/\/api.w.org\/{rel}","templated":true}]}}