{"id":11558,"date":"2023-11-29T10:29:34","date_gmt":"2023-11-29T10:29:34","guid":{"rendered":"https:\/\/moverdb.com\/?page_id=11558"},"modified":"2026-01-08T15:24:12","modified_gmt":"2026-01-08T15:24:12","slug":"moving-companies-us-danbury","status":"publish","type":"page","link":"https:\/\/moverdb.com\/ro\/moving-companies\/moving-companies-us-danbury\/","title":{"rendered":"3 Cele mai bune companii de mutare interna\u021bional\u0103 \u00een Danbury"},"content":{"rendered":"<p>Planificarea \u0219i gestionarea mut\u0103rii dvs. poate fi stresant\u0103, a\u0219a c\u0103 ob\u021binerea unui <a href=\"https:\/\/moverdb.com\/ro\/moving-companies\/\" data-internallinksmanager029f6b8e52c=\"79\" title=\"Top 25 Companii interna\u021bionale de mutare online\">companie \u00een mi\u0219care<\/a> pentru a v\u0103 \u00eempacheta \u0219i transporta bunurile v\u0103 poate u\u0219ura presiunea. Mai jos am compilat o list\u0103 de firme din Danbury <a href=\"https:\/\/moverdb.com\/ro\/international-removals\/\" data-internallinksmanager029f6b8e52c=\"27\" title=\"36 Cele mai bune companii de mut\u0103ri interna\u021bionale din Marea Britanie\">companii de mutare<\/a> care sunt membri ai grupului <a href=\"https:\/\/moverdb.com\/ro\/iam\/\" data-internallinksmanager029f6b8e52c=\"23\" title=\"Explica\u021bii despre Asocia\u021bia Interna\u021bional\u0103 a Transportatorilor (IAM)\">Asocia\u021bia Interna\u021bional\u0103 a Transportatorilor<\/a> (IAM) \u0219i\/sau <a href=\"https:\/\/moverdb.com\/ro\/fidi-faim\/\" data-internallinksmanager029f6b8e52c=\"16\" title=\"FIDI &amp; FAIM (FIDI Accredited International Mover) Explicat\">FIDI<\/a> Accredited International Mover (FAIM) care v\u0103 poate ajuta cu mutarea dumneavoastr\u0103.<\/p>\n<h2><strong>1. Continuum Interna\u021bional<\/strong><\/h2>\n<p><img loading=\"lazy\" decoding=\"async\" class=\"alignnone size-full wp-image-11296\" src=\"https:\/\/moverdb.com\/wp-content\/uploads\/Continuum-International-moving-company.png\" alt=\"Continuum International moving company\" width=\"1440\" height=\"677\" data-wp-pid=\"11296\" srcset=\"https:\/\/moverdb.com\/wp-content\/uploads\/Continuum-International-moving-company.png 1440w, https:\/\/moverdb.com\/wp-content\/uploads\/Continuum-International-moving-company-300x141.png 300w, https:\/\/moverdb.com\/wp-content\/uploads\/Continuum-International-moving-company-1024x481.png 1024w, https:\/\/moverdb.com\/wp-content\/uploads\/Continuum-International-moving-company-18x8.png 18w, https:\/\/moverdb.com\/wp-content\/uploads\/Continuum-International-moving-company-600x282.png 600w\" sizes=\"auto, (max-width: 1440px) 100vw, 1440px\" \/><\/p>\n<ul>\n<li>Reloc\u0103ri na\u021bionale<\/li>\n<li>Reloc\u0103ri interna\u021bionale<\/li>\n<li>Reloc\u0103ri de companii<\/li>\n<li>Serviciu din u\u0219\u0103 \u00een u\u0219\u0103<\/li>\n<li>Servicii personalizate<\/li>\n<li>Serviciul de ambalare<\/li>\n<li>Transportul pe calea aerului, pe mare sau cu camionul<\/li>\n<li>Preg\u0103tirea documentelor<\/li>\n<li>Asigurarea de tranzit<\/li>\n<li>Facilit\u0103\u021bi de depozitare<\/li>\n<\/ul>\n<p>Continuum International este o companie de servicii de relocare \u0219i de gestionare a misiunilor la nivel mondial, care func\u021bioneaz\u0103 de peste 20 de ani \u0219i are sedii \u00een Danbury \u0219i Brookfield. Aceasta are parteneriate globale care \u00eei permit s\u0103 \u00ee\u0219i ofere serviciile la nivel interna\u021bional. Sunt membri ai IAM \u0219i au 24 de ani de experien\u021b\u0103.<\/p>\n<p>Continuum International ofer\u0103 servicii personalizate de mutare \u0219i relocare din u\u0219\u0103 \u00een u\u0219\u0103 cu un consilier de relocare alocat. Ace\u0219tia ofer\u0103 un studiu \u00eenainte de mutare pentru a v\u0103 evalua nevoile de mutare \u0219i pentru a crea un plan de mutare. Ace\u0219tia v\u0103 vor \u00eempacheta bunurile, asigur\u00e2ndu-se c\u0103 materialele de ambalare sunt adecvate pentru modul de transport \u0219i pentru destina\u021bie.<\/p>\n<p>Site web: <a href=\"https:\/\/www.continuumrelo.com\/\" target=\"_blank\" rel=\"noopener\">https:\/\/www.continuumrelo.com\/<\/a><\/p>\n<h2><strong>2. Interconex<\/strong><\/h2>\n<p><img loading=\"lazy\" decoding=\"async\" class=\"alignnone size-full wp-image-11345\" src=\"https:\/\/moverdb.com\/wp-content\/uploads\/Interconex-international-moving-company.png\" alt=\"Interconex, companie de mut\u0103ri interna\u021bionale\" width=\"1440\" height=\"678\" data-wp-pid=\"11345\" srcset=\"https:\/\/moverdb.com\/wp-content\/uploads\/Interconex-international-moving-company.png 1440w, https:\/\/moverdb.com\/wp-content\/uploads\/Interconex-international-moving-company-300x141.png 300w, https:\/\/moverdb.com\/wp-content\/uploads\/Interconex-international-moving-company-1024x482.png 1024w, https:\/\/moverdb.com\/wp-content\/uploads\/Interconex-international-moving-company-18x8.png 18w, https:\/\/moverdb.com\/wp-content\/uploads\/Interconex-international-moving-company-600x283.png 600w\" sizes=\"auto, (max-width: 1440px) 100vw, 1440px\" \/><\/p>\n<ul>\n<li>Mi\u0219c\u0103ri na\u021bionale<\/li>\n<li>Mut\u0103ri interna\u021bionale<\/li>\n<li>Mutarea gospod\u0103riei<\/li>\n<li>Mi\u0219c\u0103ri corporative<\/li>\n<li>Serviciu din u\u0219\u0103 \u00een u\u0219\u0103<\/li>\n<li>Serviciul de ambalare<\/li>\n<li>Aranjamente de transport<\/li>\n<li>V\u0103muire<\/li>\n<li>Relocarea animalelor de companie<\/li>\n<li>Servicii de depozitare securizat\u0103<\/li>\n<\/ul>\n<p>Interconex este o companie de mut\u0103ri de bunuri de uz casnic cu servicii complete, \u00eenfiin\u021bat\u0103 \u00een 1969 \u0219i cu sediul \u00een Danbury. Aceasta colaboreaz\u0103 cu parteneri interna\u021bionali selecta\u021bi manual pentru a-\u0219i furniza serviciile \u00een \u00eentreaga lume. Compania este acreditat\u0103 de FIDI.<\/p>\n<p>Interconex ofer\u0103 un studiu ini\u021bial pentru a determina nevoile dumneavoastr\u0103 de mutare. Ace\u0219tia ofer\u0103 un serviciu de ambalare care utilizeaz\u0103 materiale de ambalare de cea mai bun\u0103 calitate \u0219i ambalatori califica\u021bi pentru a v\u0103 proteja bunurile. Acest serviciu poate include materiale de ambalare specializate \u0219i l\u0103zi personalizate. Ace\u0219tia ofer\u0103 servicii suplimentare care includ transport la aeroport, servicii de concierge, asisten\u021b\u0103 de menajer, servicii de menajer\u0103, locuin\u021be temporare, servicii de destina\u021bie, relocarea animalelor de companie, asigurare pentru toate riscurile \u0219i depozitare.<\/p>\n<p>Site web: <a href=\"https:\/\/www.interconex.com\/\" target=\"_blank\" rel=\"noopener\">https:\/\/www.interconex.com\/<\/a><\/p>\n<h2><strong>3. Intermove Ltd<\/strong><\/h2>\n<p><img loading=\"lazy\" decoding=\"async\" class=\"alignnone size-full wp-image-11346\" src=\"https:\/\/moverdb.com\/wp-content\/uploads\/Intermove-Danbury-international-moving-company.png\" alt=\"Intermove Danbury companie de mutare interna\u021bional\u0103\" width=\"1440\" height=\"680\" data-wp-pid=\"11346\" srcset=\"https:\/\/moverdb.com\/wp-content\/uploads\/Intermove-Danbury-international-moving-company.png 1440w, https:\/\/moverdb.com\/wp-content\/uploads\/Intermove-Danbury-international-moving-company-300x142.png 300w, https:\/\/moverdb.com\/wp-content\/uploads\/Intermove-Danbury-international-moving-company-1024x484.png 1024w, https:\/\/moverdb.com\/wp-content\/uploads\/Intermove-Danbury-international-moving-company-18x9.png 18w, https:\/\/moverdb.com\/wp-content\/uploads\/Intermove-Danbury-international-moving-company-600x283.png 600w\" sizes=\"auto, (max-width: 1440px) 100vw, 1440px\" \/><\/p>\n<ul>\n<li>Reloc\u0103ri interna\u021bionale<\/li>\n<li>Mutarea gospod\u0103riilor<\/li>\n<li>Reloc\u0103ri corporative<\/li>\n<li>Serviciu din u\u0219\u0103 \u00een u\u0219\u0103<\/li>\n<li>Estimare gratuit\u0103<\/li>\n<li>Asisten\u021b\u0103 virtual\u0103 \u0219i la fa\u021ba locului<\/li>\n<li>Transport aerian, maritim \u0219i terestru<\/li>\n<li>Suport pentru documenta\u021bie<\/li>\n<li>Asigurare<\/li>\n<\/ul>\n<p>Intermove Ltd este o companie interna\u021bional\u0103 de mut\u0103ri \u0219i reloc\u0103ri fondat\u0103 \u00een 1977 \u0219i are sediul \u00een Danbury. Ace\u0219tia au o re\u021bea de companii de mutare interna\u021bional\u0103 de \u00eencredere care \u00eei ajut\u0103 \u00een furnizarea de servicii door-to-door \u00een \u00eentreaga lume. Sunt membri ai IAM \u0219i au 46 de ani de experien\u021b\u0103.<\/p>\n<p>Intermove Ltd ofer\u0103 o estimare gratuit\u0103 cu sfaturi \u0219i asisten\u021b\u0103 din partea speciali\u0219tilor lor \u00een mut\u0103ri interna\u021bionale, fie virtual, fie la fa\u021ba locului pentru mut\u0103ri interna\u021bionale. Ace\u0219tia vor aranja transportul \u00een siguran\u021b\u0103 al bunurilor dvs. pe calea aerului, pe mare sau pe uscat, cu asisten\u021b\u0103 pentru documenta\u021bie. Ace\u0219tia ofer\u0103 acoperire de asigurare pentru \u00eenc\u0103rc\u0103turile ambalate profesional.<\/p>\n<p>Site web: <a href=\"https:\/\/www.intermove.com\/\" target=\"_blank\" rel=\"noopener\">https:\/\/www.intermove.com\/<\/a><\/p>","protected":false},"excerpt":{"rendered":"<p>Planning and managing your move can be stressful so getting a moving company in to pack and transport your belongings can ease the pressure. Below we have compiled a list of Danbury based removal companies that are members of the International Association of Movers (IAM) and\/or FIDI Accredited International Mover (FAIM) who could assist you [&hellip;]<\/p>\n","protected":false},"author":4,"featured_media":11296,"parent":190,"menu_order":0,"comment_status":"closed","ping_status":"closed","template":"","meta":{"_genesis_hide_title":false,"_genesis_hide_breadcrumbs":false,"_genesis_hide_singular_image":false,"_genesis_hide_footer_widgets":false,"_genesis_custom_body_class":"","_genesis_custom_post_class":"","_genesis_layout":"","footnotes":""},"class_list":{"0":"post-11558","1":"page","2":"type-page","3":"status-publish","4":"has-post-thumbnail","6":"entry"},"_links":{"self":[{"href":"https:\/\/moverdb.com\/ro\/wp-json\/wp\/v2\/pages\/11558","targetHints":{"allow":["GET"]}}],"collection":[{"href":"https:\/\/moverdb.com\/ro\/wp-json\/wp\/v2\/pages"}],"about":[{"href":"https:\/\/moverdb.com\/ro\/wp-json\/wp\/v2\/types\/page"}],"author":[{"embeddable":true,"href":"https:\/\/moverdb.com\/ro\/wp-json\/wp\/v2\/users\/4"}],"replies":[{"embeddable":true,"href":"https:\/\/moverdb.com\/ro\/wp-json\/wp\/v2\/comments?post=11558"}],"version-history":[{"count":1,"href":"https:\/\/moverdb.com\/ro\/wp-json\/wp\/v2\/pages\/11558\/revisions"}],"predecessor-version":[{"id":11559,"href":"https:\/\/moverdb.com\/ro\/wp-json\/wp\/v2\/pages\/11558\/revisions\/11559"}],"up":[{"embeddable":true,"href":"https:\/\/moverdb.com\/ro\/wp-json\/wp\/v2\/pages\/190"}],"wp:featuredmedia":[{"embeddable":true,"href":"https:\/\/moverdb.com\/ro\/wp-json\/wp\/v2\/media\/11296"}],"wp:attachment":[{"href":"https:\/\/moverdb.com\/ro\/wp-json\/wp\/v2\/media?parent=11558"}],"curies":[{"name":"wp","href":"https:\/\/api.w.org\/{rel}","templated":true}]}}