{"id":11556,"date":"2023-11-29T10:30:30","date_gmt":"2023-11-29T10:30:30","guid":{"rendered":"https:\/\/moverdb.com\/?page_id=11556"},"modified":"2026-01-08T15:24:11","modified_gmt":"2026-01-08T15:24:11","slug":"moving-companies-us-connecticut","status":"publish","type":"page","link":"https:\/\/moverdb.com\/ro\/moving-companies\/moving-companies-us-connecticut\/","title":{"rendered":"3 Cele mai bune companii de mutare interna\u021bional\u0103 \u00een Connecticut"},"content":{"rendered":"<p>Dac\u0103 v\u0103 muta\u021bi, poate dori\u021bi s\u0103 apela\u021bi la serviciile unui <a href=\"https:\/\/moverdb.com\/ro\/moving-companies\/\" data-internallinksmanager029f6b8e52c=\"79\" title=\"Top 25 Companii interna\u021bionale de mutare online\">companie \u00een mi\u0219care<\/a> pentru a sus\u021bine \u0219i a diminua sarcina. Ace\u0219tia v\u0103 pot ajuta la planificarea mut\u0103rii, la \u00eempachetarea bunurilor, la organizarea transportului \u0219i la gestionarea v\u0103milor \u00een cazul mut\u0103rilor interna\u021bionale. Mai jos am compilat o list\u0103 de <a href=\"https:\/\/moverdb.com\/ro\/moving-to-the-united-states\/moving-to-connecticut\/\" data-internallinksmanager029f6b8e52c=\"444\" title=\"V\u0103 muta\u021bi \u00een Connecticut? 2026 Costuri de trai \u0219i sfaturi de relocare\">Connecticut<\/a> pe <a href=\"https:\/\/moverdb.com\/ro\/international-removals\/\" data-internallinksmanager029f6b8e52c=\"27\" title=\"36 Cele mai bune companii de mut\u0103ri interna\u021bionale din Marea Britanie\">companii de mutare<\/a> care sunt membri ai grupului <a href=\"https:\/\/moverdb.com\/ro\/iam\/\" data-internallinksmanager029f6b8e52c=\"23\" title=\"Explica\u021bii despre Asocia\u021bia Interna\u021bional\u0103 a Transportatorilor (IAM)\">Asocia\u021bia Interna\u021bional\u0103 a Transportatorilor<\/a> (IAM) \u0219i\/sau <a href=\"https:\/\/moverdb.com\/ro\/fidi-faim\/\" data-internallinksmanager029f6b8e52c=\"16\" title=\"FIDI &amp; FAIM (FIDI Accredited International Mover) Explicat\">FIDI<\/a> Accredited International Mover (FAIM) care v\u0103 poate ajuta cu mutarea dumneavoastr\u0103.<\/p>\n<h2><strong>1. Brimar Relocare<\/strong><\/h2>\n<p><img loading=\"lazy\" decoding=\"async\" class=\"alignnone size-full wp-image-11277\" src=\"https:\/\/moverdb.com\/wp-content\/uploads\/Brimar-Relocations-international-moving-company.png\" alt=\"Brimar Relocations companie de mut\u0103ri interna\u021bionale\" width=\"1440\" height=\"679\" data-wp-pid=\"11277\" srcset=\"https:\/\/moverdb.com\/wp-content\/uploads\/Brimar-Relocations-international-moving-company.png 1440w, https:\/\/moverdb.com\/wp-content\/uploads\/Brimar-Relocations-international-moving-company-300x141.png 300w, https:\/\/moverdb.com\/wp-content\/uploads\/Brimar-Relocations-international-moving-company-1024x483.png 1024w, https:\/\/moverdb.com\/wp-content\/uploads\/Brimar-Relocations-international-moving-company-18x8.png 18w, https:\/\/moverdb.com\/wp-content\/uploads\/Brimar-Relocations-international-moving-company-600x283.png 600w\" sizes=\"auto, (max-width: 1440px) 100vw, 1440px\" \/><\/p>\n<ul>\n<li>Mi\u0219c\u0103ri na\u021bionale<\/li>\n<li>Mut\u0103ri interna\u021bionale<\/li>\n<li>Mutarea gospod\u0103riei<\/li>\n<li>Reloc\u0103ri corporative<\/li>\n<li>Serviciu din u\u0219\u0103 \u00een u\u0219\u0103<\/li>\n<li>Aranjamente de transport<\/li>\n<li>Asisten\u021b\u0103 vamal\u0103<\/li>\n<li>Manipularea artelor frumoase<\/li>\n<li>Asigurare<\/li>\n<li>Facilit\u0103\u021bi de depozitare<\/li>\n<\/ul>\n<p>Brimar Relocations este o firm\u0103 de mut\u0103ri interna\u021bionale fondat\u0103 \u00een 2007 \u0219i are sediul \u00een Stamford \u0219i un birou \u00een <a href=\"https:\/\/moverdb.com\/ro\/moving-to-france\/moving-to-paris\/\" data-internallinksmanager029f6b8e52c=\"407\" title=\"V\u0103 muta\u021bi la Paris? 2026 Costurile vie\u021bii \u0219i sfaturi de relocare\">Paris<\/a>. Ei au o re\u021bea dezvoltat\u0103 de agen\u021bi la nivel mondial care \u00eei asist\u0103 \u00een executarea de mut\u0103ri interna\u021bionale. Sunt membri ai IAM \u0219i au 14 ani de experien\u021b\u0103.<\/p>\n<p>Brimar Relocation ofer\u0103 servicii na\u021bionale \u0219i interna\u021bionale de mutare \u0219i relocare, fiind specializat\u0103 \u00een reloc\u0103ri corporative \u0219i se poate ocupa de obiecte de art\u0103. Ofer\u0103 servicii de mutare din u\u0219\u0103 \u00een u\u0219\u0103, \u00een cadrul c\u0103rora vor face aranjamentele pentru a v\u0103 transporta bunurile p\u00e2n\u0103 la destina\u021bie, care pot include \u0219i ambalarea \u0219i depozitarea, precum \u0219i asigurarea de baz\u0103.<\/p>\n<p>Site web: <a href=\"http:\/\/www.brimarrelo.com\" target=\"_blank\" rel=\"noopener\">http:\/\/www.brimarrelo.com<\/a><\/p>\n<h2><strong>2. Meyer<\/strong><\/h2>\n<p><img loading=\"lazy\" decoding=\"async\" class=\"alignnone size-full wp-image-11376\" src=\"https:\/\/moverdb.com\/wp-content\/uploads\/Meyer-international-moving-company.png\" alt=\"Meyer companie interna\u021bional\u0103 de mutare Meyer\" width=\"1440\" height=\"680\" data-wp-pid=\"11376\" srcset=\"https:\/\/moverdb.com\/wp-content\/uploads\/Meyer-international-moving-company.png 1440w, https:\/\/moverdb.com\/wp-content\/uploads\/Meyer-international-moving-company-300x142.png 300w, https:\/\/moverdb.com\/wp-content\/uploads\/Meyer-international-moving-company-1024x484.png 1024w, https:\/\/moverdb.com\/wp-content\/uploads\/Meyer-international-moving-company-18x9.png 18w, https:\/\/moverdb.com\/wp-content\/uploads\/Meyer-international-moving-company-600x283.png 600w\" sizes=\"auto, (max-width: 1440px) 100vw, 1440px\" \/><\/p>\n<ul>\n<li>Mut\u0103ri locale \u0219i pe distan\u021be lungi<\/li>\n<li>Reloc\u0103ri interna\u021bionale<\/li>\n<li>Reloc\u0103ri reziden\u021biale<\/li>\n<li>Mutarea birourilor<\/li>\n<li>Reloc\u0103ri corporative<\/li>\n<li>Serviciu din u\u0219\u0103 \u00een u\u0219\u0103<\/li>\n<li>Coordonator de mutare dedicat<\/li>\n<li>Op\u021biuni de ambalare<\/li>\n<li><a href=\"https:\/\/moverdb.com\/ro\/car-transport-shipping\/\" data-internallinksmanager029f6b8e52c=\"2\" title=\"2026 Transport auto interna\u021bional \u0219i oferte de transport maritim de vehicule\">Transportul vehiculelor<\/a><\/li>\n<li>Solu\u021bii de depozitare<\/li>\n<\/ul>\n<p>Meyer este o companie de solu\u021bii de logistic\u0103, relocalizare \u0219i depozitare \u00eenfiin\u021bat\u0103 \u00een 1915 \u0219i cu sediul \u00een Stratford. Ei fac parte din re\u021beaua United Van Lines, care le ofer\u0103 acces la companii de mut\u0103ri care \u00eei sprijin\u0103 \u00een furnizarea serviciilor lor. Sunt membri ai IAM \u0219i au 108 ani de experien\u021b\u0103.<\/p>\n<p>Meyer ofer\u0103 o consulta\u021bie de mutare pentru a evalua cerin\u021bele \u0219i volumul mut\u0103rii dumneavoastr\u0103. Ofer\u0103 un coordonator de mutare dedicat, ca punct unic de contact, care va gestiona toate aspectele mut\u0103rii dumneavoastr\u0103. Ace\u0219tia vor c\u0103uta cea mai bun\u0103 solu\u021bie de mutare pentru nevoile dvs. \u0219i v\u0103 vor oferi un serviciu de la u\u0219\u0103 la u\u0219\u0103, cu op\u021biunea unui serviciu de ambalare complet sau de autoambalare.<\/p>\n<p>Site web: <a href=\"http:\/\/www.williambmeyer.com\" target=\"_blank\" rel=\"noopener\">http:\/\/www.williambmeyer.com<\/a><\/p>\n<h2><strong>3. WorldCare Pet Transport<\/strong><\/h2>\n<p><img loading=\"lazy\" decoding=\"async\" class=\"alignnone size-full wp-image-11481\" src=\"https:\/\/moverdb.com\/wp-content\/uploads\/WorldCare-Pet-Transport-international-moving-company.png\" alt=\"WorldCare Pet Transport companie interna\u021bional\u0103 de mutare\" width=\"1440\" height=\"683\" data-wp-pid=\"11481\" srcset=\"https:\/\/moverdb.com\/wp-content\/uploads\/WorldCare-Pet-Transport-international-moving-company.png 1440w, https:\/\/moverdb.com\/wp-content\/uploads\/WorldCare-Pet-Transport-international-moving-company-300x142.png 300w, https:\/\/moverdb.com\/wp-content\/uploads\/WorldCare-Pet-Transport-international-moving-company-1024x486.png 1024w, https:\/\/moverdb.com\/wp-content\/uploads\/WorldCare-Pet-Transport-international-moving-company-18x9.png 18w, https:\/\/moverdb.com\/wp-content\/uploads\/WorldCare-Pet-Transport-international-moving-company-600x285.png 600w\" sizes=\"auto, (max-width: 1440px) 100vw, 1440px\" \/><\/p>\n<ul>\n<li>Serviciu la nivel na\u021bional<\/li>\n<li>Serviciul interna\u021bional<\/li>\n<li>Mi\u0219c\u0103ri private pentru animale de companie<\/li>\n<li>Reloc\u0103ri de animale de companie<\/li>\n<li>Servicii complete<\/li>\n<li>Serviciu din u\u0219\u0103 \u00een u\u0219\u0103<\/li>\n<li>Se ocup\u0103 de toate tipurile de animale de companie<\/li>\n<li>Aranjament transport eficient<\/li>\n<li>Transportatori aerieni<\/li>\n<li>Servicii veterinare<\/li>\n<\/ul>\n<p>WorldCare Pet Transport este o companie interna\u021bional\u0103 de transport de animale de companie care func\u021bioneaz\u0103 de peste 10 ani. Ei lucreaz\u0103 cu firme de mutare a bunurilor de uz casnic, firme de management al reloc\u0103rii \u0219i ofi\u021beri de resurse umane. Ei sunt \u00eenregistra\u021bi la USDA ca operator de manipulare imediat\u0103. Sunt membri ai IAM cu 22 de ani de experien\u021b\u0103.<\/p>\n<p>WorldCare Pet Transport ofer\u0103 un serviciu complet de relocare a animalelor de companie, care v\u0103 ia \u0219i v\u0103 livreaz\u0103 animalul de companie oriunde \u00een lume. Ace\u0219tia se ocup\u0103 de toate aranjamentele de c\u0103l\u0103torie, asigur\u00e2nd cele mai directe \u0219i mai rentabile zboruri \u0219i pun\u00e2nd la dispozi\u021bie transportoare de zbor aprobate de toate dimensiunile. Se vor ocupa de serviciile veterinare, inclusiv de examene de s\u0103n\u0103tate, probe de s\u00e2nge, certificate \u0219i microcipuri.<\/p>\n<p>Site web: <a href=\"http:\/\/www.WorldCarePet.com\" target=\"_blank\" rel=\"noopener\">http:\/\/www.WorldCarePet.com<\/a><\/p>","protected":false},"excerpt":{"rendered":"<p>If you are moving, you may want to employ the services of a moving company to support and lessen the load. They can help with planning the move, packing your belongings, arranging transport and handling customs for international moves. Below we have compiled a list of Connecticut based removal companies that are members of the [&hellip;]<\/p>\n","protected":false},"author":4,"featured_media":11277,"parent":190,"menu_order":0,"comment_status":"closed","ping_status":"closed","template":"","meta":{"_genesis_hide_title":false,"_genesis_hide_breadcrumbs":false,"_genesis_hide_singular_image":false,"_genesis_hide_footer_widgets":false,"_genesis_custom_body_class":"","_genesis_custom_post_class":"","_genesis_layout":"","footnotes":""},"class_list":{"0":"post-11556","1":"page","2":"type-page","3":"status-publish","4":"has-post-thumbnail","6":"entry"},"_links":{"self":[{"href":"https:\/\/moverdb.com\/ro\/wp-json\/wp\/v2\/pages\/11556","targetHints":{"allow":["GET"]}}],"collection":[{"href":"https:\/\/moverdb.com\/ro\/wp-json\/wp\/v2\/pages"}],"about":[{"href":"https:\/\/moverdb.com\/ro\/wp-json\/wp\/v2\/types\/page"}],"author":[{"embeddable":true,"href":"https:\/\/moverdb.com\/ro\/wp-json\/wp\/v2\/users\/4"}],"replies":[{"embeddable":true,"href":"https:\/\/moverdb.com\/ro\/wp-json\/wp\/v2\/comments?post=11556"}],"version-history":[{"count":1,"href":"https:\/\/moverdb.com\/ro\/wp-json\/wp\/v2\/pages\/11556\/revisions"}],"predecessor-version":[{"id":11557,"href":"https:\/\/moverdb.com\/ro\/wp-json\/wp\/v2\/pages\/11556\/revisions\/11557"}],"up":[{"embeddable":true,"href":"https:\/\/moverdb.com\/ro\/wp-json\/wp\/v2\/pages\/190"}],"wp:featuredmedia":[{"embeddable":true,"href":"https:\/\/moverdb.com\/ro\/wp-json\/wp\/v2\/media\/11277"}],"wp:attachment":[{"href":"https:\/\/moverdb.com\/ro\/wp-json\/wp\/v2\/media?parent=11556"}],"curies":[{"name":"wp","href":"https:\/\/api.w.org\/{rel}","templated":true}]}}