{"id":11554,"date":"2023-11-29T10:46:40","date_gmt":"2023-11-29T10:46:40","guid":{"rendered":"https:\/\/moverdb.com\/?page_id=11554"},"modified":"2026-01-08T15:25:05","modified_gmt":"2026-01-08T15:25:05","slug":"moving-companies-us-colorado","status":"publish","type":"page","link":"https:\/\/moverdb.com\/ro\/moving-companies\/moving-companies-us-colorado\/","title":{"rendered":"5 Cele mai bune companii de mutare interna\u021bional\u0103 din Colorado"},"content":{"rendered":"<p>Mutarea poate fi un moment stresant, cu at\u00e2t de multe lucruri de organizat \u0219i de f\u0103cut, astfel \u00eenc\u00e2t angajarea serviciilor unui <a href=\"https:\/\/moverdb.com\/ro\/moving-companies\/\" data-internallinksmanager029f6b8e52c=\"79\" title=\"Top 25 Companii interna\u021bionale de mutare online\">companie \u00een mi\u0219care<\/a> ar putea contribui la reducerea sarcinii. Ace\u0219tia v\u0103 pot ajuta cu planificarea, ambalarea, aranjamentele vamale \u0219i transportul. Mai jos am compilat o list\u0103 de <a href=\"https:\/\/moverdb.com\/ro\/moving-to-the-united-states\/moving-to-colorado\/\" data-internallinksmanager029f6b8e52c=\"399\" title=\"V\u0103 muta\u021bi \u00een Colorado? 2026 Costuri de trai \u0219i sfaturi de relocare\">Colorado<\/a> pe <a href=\"https:\/\/moverdb.com\/ro\/international-removals\/\" data-internallinksmanager029f6b8e52c=\"27\" title=\"36 Cele mai bune companii de mut\u0103ri interna\u021bionale din Marea Britanie\">companii de mutare<\/a> care sunt membri ai grupului <a href=\"https:\/\/moverdb.com\/ro\/iam\/\" data-internallinksmanager029f6b8e52c=\"23\" title=\"Explica\u021bii despre Asocia\u021bia Interna\u021bional\u0103 a Transportatorilor (IAM)\">Asocia\u021bia Interna\u021bional\u0103 a Transportatorilor<\/a> (IAM) \u0219i\/sau <a href=\"https:\/\/moverdb.com\/ro\/fidi-faim\/\" data-internallinksmanager029f6b8e52c=\"16\" title=\"FIDI &amp; FAIM (FIDI Accredited International Mover) Explicat\">FIDI<\/a> Accredited International Mover (FAIM) care v\u0103 poate ajuta cu mutarea dumneavoastr\u0103.<\/p>\n<div id=\"ez-toc-container\" class=\"ez-toc-v2_0_82_2 ez-toc-wrap-left counter-hierarchy ez-toc-counter ez-toc-transparent ez-toc-container-direction\">\n<div class=\"ez-toc-title-container\">\n<p class=\"ez-toc-title\" style=\"cursor:inherit\">Sec\u021biuni<\/p>\n<span class=\"ez-toc-title-toggle\"><a href=\"#\" class=\"ez-toc-pull-right ez-toc-btn ez-toc-btn-xs ez-toc-btn-default ez-toc-toggle\" aria-label=\"Comuta\u021bi tabelul de con\u021binut\"><span class=\"ez-toc-js-icon-con\"><span class=\"\"><span class=\"eztoc-hide\" style=\"display:none;\">Toggle<\/span><span class=\"ez-toc-icon-toggle-span\"><svg style=\"fill: #999;color:#999\" xmlns=\"http:\/\/www.w3.org\/2000\/svg\" class=\"list-377408\" width=\"20px\" height=\"20px\" viewbox=\"0 0 24 24\" fill=\"none\"><path d=\"M6 6H4v2h2V6zm14 0H8v2h12V6zM4 11h2v2H4v-2zm16 0H8v2h12v-2zM4 16h2v2H4v-2zm16 0H8v2h12v-2z\" fill=\"currentColor\"><\/path><\/svg><svg style=\"fill: #999;color:#999\" class=\"arrow-unsorted-368013\" xmlns=\"http:\/\/www.w3.org\/2000\/svg\" width=\"10px\" height=\"10px\" viewbox=\"0 0 24 24\" version=\"1.2\" baseprofile=\"tiny\"><path d=\"M18.2 9.3l-6.2-6.3-6.2 6.3c-.2.2-.3.4-.3.7s.1.5.3.7c.2.2.4.3.7.3h11c.3 0 .5-.1.7-.3.2-.2.3-.5.3-.7s-.1-.5-.3-.7zM5.8 14.7l6.2 6.3 6.2-6.3c.2-.2.3-.5.3-.7s-.1-.5-.3-.7c-.2-.2-.4-.3-.7-.3h-11c-.3 0-.5.1-.7.3-.2.2-.3.5-.3.7s.1.5.3.7z\"\/><\/svg><\/span><\/span><\/span><\/a><\/span><\/div>\n<nav><ul class='ez-toc-list ez-toc-list-level-1 eztoc-toggle-hide-by-default' ><li class='ez-toc-page-1 ez-toc-heading-level-2'><a class=\"ez-toc-link ez-toc-heading-1\" href=\"https:\/\/moverdb.com\/ro\/moving-companies\/moving-companies-us-colorado\/#1_Atlantic_Relocation_Systems\" >1. Sisteme de relocare Atlantic Relocation Systems<\/a><\/li><li class='ez-toc-page-1 ez-toc-heading-level-2'><a class=\"ez-toc-link ez-toc-heading-2\" href=\"https:\/\/moverdb.com\/ro\/moving-companies\/moving-companies-us-colorado\/#2_Baileys_Moving_Storage\" >2. Bailey's Moving &amp; Storage<\/a><\/li><li class='ez-toc-page-1 ez-toc-heading-level-2'><a class=\"ez-toc-link ez-toc-heading-3\" href=\"https:\/\/moverdb.com\/ro\/moving-companies\/moving-companies-us-colorado\/#3_Gallagher_Transport\" >3. Gallagher Transport<\/a><\/li><li class='ez-toc-page-1 ez-toc-heading-level-2'><a class=\"ez-toc-link ez-toc-heading-4\" href=\"https:\/\/moverdb.com\/ro\/moving-companies\/moving-companies-us-colorado\/#4_Graebel\" >4. Graebel<\/a><\/li><li class='ez-toc-page-1 ez-toc-heading-level-2'><a class=\"ez-toc-link ez-toc-heading-5\" href=\"https:\/\/moverdb.com\/ro\/moving-companies\/moving-companies-us-colorado\/#5_Johnson_Storage_Moving\" >5. Johnson Storage &amp; Moving<\/a><\/li><\/ul><\/nav><\/div>\n<h2><span class=\"ez-toc-section\" id=\"1_Atlantic_Relocation_Systems\"><\/span><strong>1. Sisteme de relocare Atlantic Relocation Systems<\/strong><span class=\"ez-toc-section-end\"><\/span><\/h2>\n<p><img loading=\"lazy\" decoding=\"async\" class=\"alignnone size-full wp-image-11262\" src=\"https:\/\/moverdb.com\/wp-content\/uploads\/Atlantic-Relocation-Systems-international-moving-company.png\" alt=\"Atlantic Relocation Systems companie de mutare interna\u021bional\u0103\" width=\"1440\" height=\"677\" data-wp-pid=\"11262\" srcset=\"https:\/\/moverdb.com\/wp-content\/uploads\/Atlantic-Relocation-Systems-international-moving-company.png 1440w, https:\/\/moverdb.com\/wp-content\/uploads\/Atlantic-Relocation-Systems-international-moving-company-300x141.png 300w, https:\/\/moverdb.com\/wp-content\/uploads\/Atlantic-Relocation-Systems-international-moving-company-1024x481.png 1024w, https:\/\/moverdb.com\/wp-content\/uploads\/Atlantic-Relocation-Systems-international-moving-company-18x8.png 18w, https:\/\/moverdb.com\/wp-content\/uploads\/Atlantic-Relocation-Systems-international-moving-company-600x282.png 600w\" sizes=\"auto, (max-width: 1440px) 100vw, 1440px\" \/><\/p>\n<ul>\n<li>Mut\u0103ri locale \u0219i pe distan\u021be lungi<\/li>\n<li>Mut\u0103ri interna\u021bionale<\/li>\n<li>Mut\u0103ri reziden\u021biale<\/li>\n<li>Mut\u0103ri comerciale \u0219i de birouri<\/li>\n<li>Coordonator de mut\u0103ri interna\u021bionale<\/li>\n<li>Serviciul de ambalare<\/li>\n<li>Transporturi terestre, aeriene \u0219i maritime<\/li>\n<li>Suport pentru documenta\u021bie<\/li>\n<li>Manipularea lucr\u0103rilor de art\u0103<\/li>\n<li>Facilit\u0103\u021bi de depozitare<\/li>\n<\/ul>\n<p>Atlantic Relocation Systems este o companie de mut\u0103ri reziden\u021biale \u0219i de afaceri fondat\u0103 \u00een 1984 \u00een <a href=\"https:\/\/moverdb.com\/ro\/moving-to-denver\/\" data-internallinksmanager029f6b8e52c=\"42\" title=\"V\u0103 muta\u021bi la Denver? 2026 Costuri de trai \u0219i sfaturi de relocare\">Denver<\/a> cu loca\u021bii \u00een <a href=\"https:\/\/moverdb.com\/ro\/moving-to-the-united-states\/moving-to-california\/\" data-internallinksmanager029f6b8e52c=\"330\" title=\"Mutarea \u00een California? 2026 Costurile de trai \u0219i sfaturi de relocare\">California<\/a>, <a href=\"https:\/\/moverdb.com\/ro\/moving-to-the-united-states\/moving-to-illinois\/\" data-internallinksmanager029f6b8e52c=\"401\" title=\"Mutarea \u00een Illinois? 2026 Costurile de trai \u0219i sfaturi de relocare\">Illinois<\/a>, <a href=\"https:\/\/moverdb.com\/ro\/moving-to-the-united-states\/moving-to-arizona\/\" data-internallinksmanager029f6b8e52c=\"385\" title=\"Te mu\u021bi \u00een Arizona? 2026 Costurile de trai \u0219i sfaturi de relocare\">Arizona<\/a>, <a href=\"https:\/\/moverdb.com\/ro\/moving-to-the-united-states\/moving-to-florida\/\" data-internallinksmanager029f6b8e52c=\"331\" title=\"Mutarea \u00een Florida? 2026 Costurile de trai \u0219i sfaturi de relocare\">Florida<\/a>, <a href=\"https:\/\/moverdb.com\/ro\/moving-to-the-united-states\/moving-to-texas\/\" data-internallinksmanager029f6b8e52c=\"397\" title=\"Mutarea \u00een Texas? 2026 Costurile de trai \u0219i sfaturi de relocare\">Texas<\/a> \u0219i <a href=\"https:\/\/moverdb.com\/ro\/moving-to-the-united-states\/moving-to-georgia\/\" data-internallinksmanager029f6b8e52c=\"402\" title=\"Mutarea \u00een Georgia? 2026 Costurile de trai \u0219i sfaturi de relocare\">Georgia<\/a>. Ei sunt un agent al Atlas Van Lines \u0219i au o re\u021bea de agen\u021bi de mutare interna\u021bional\u0103 care \u00eei asist\u0103 cu mut\u0103ri la nivel na\u021bional \u0219i interna\u021bional. Sunt membri ai IAM \u0219i au 26 de ani de experien\u021b\u0103.<\/p>\n<p>Atlantic Relocation Systems ofer\u0103 o estimare gratuit\u0103 la domiciliu pentru mut\u0103rile locale \u0219i aloc\u0103 un coordonator de mut\u0103ri interna\u021bionale pentru mut\u0103rile interna\u021bionale. Coordonatorii lor de mut\u0103ri vor organiza toat\u0103 logistica mut\u0103rii dvs., inclusiv aranjamentele de transport \u0219i documenta\u021bia justificativ\u0103.<\/p>\n<p>Site web: <a href=\"http:\/\/www.atlanticrelocation.com\/denver\/\" target=\"_blank\" rel=\"noopener\">http:\/\/www.atlanticrelocation.com\/denver\/<\/a><\/p>\n<h2><span class=\"ez-toc-section\" id=\"2_Baileys_Moving_Storage\"><\/span><strong>2. Bailey's Moving &amp; Storage<\/strong><span class=\"ez-toc-section-end\"><\/span><\/h2>\n<p><img loading=\"lazy\" decoding=\"async\" class=\"alignnone size-full wp-image-11266\" src=\"https:\/\/moverdb.com\/wp-content\/uploads\/Baileys-Moving-Storage-international-moving-company.png\" alt=\"Baileys Moving &amp; Storage companie de mutare interna\u021bional\u0103\" width=\"1440\" height=\"680\" data-wp-pid=\"11266\" srcset=\"https:\/\/moverdb.com\/wp-content\/uploads\/Baileys-Moving-Storage-international-moving-company.png 1440w, https:\/\/moverdb.com\/wp-content\/uploads\/Baileys-Moving-Storage-international-moving-company-300x142.png 300w, https:\/\/moverdb.com\/wp-content\/uploads\/Baileys-Moving-Storage-international-moving-company-1024x484.png 1024w, https:\/\/moverdb.com\/wp-content\/uploads\/Baileys-Moving-Storage-international-moving-company-18x9.png 18w, https:\/\/moverdb.com\/wp-content\/uploads\/Baileys-Moving-Storage-international-moving-company-600x283.png 600w\" sizes=\"auto, (max-width: 1440px) 100vw, 1440px\" \/><\/p>\n<ul>\n<li>Mut\u0103ri locale \u0219i pe distan\u021be lungi<\/li>\n<li>Mut\u0103ri interna\u021bionale<\/li>\n<li>Mutarea gospod\u0103riei<\/li>\n<li>Mi\u0219c\u0103ri de afaceri<\/li>\n<li>Managementul mut\u0103rii<\/li>\n<li>Serviciul de ambalare<\/li>\n<li>Aranjamente de transport<\/li>\n<li>Asisten\u021b\u0103 vamal\u0103<\/li>\n<li>Asigurare<\/li>\n<li>Depozitare securizat\u0103 pe termen scurt \u0219i lung<\/li>\n<\/ul>\n<p>Bailey's Moving &amp; Storage este o companie de mut\u0103ri cu sediul \u00een <a href=\"https:\/\/moverdb.com\/ro\/moving-to-the-united-states\/moving-to-utah\/\" data-internallinksmanager029f6b8e52c=\"439\" title=\"Te mu\u021bi \u00een Utah? 2026 Costuri de trai \u0219i sfaturi de relocare\">Utah<\/a> \u0219i Colorado s-a format \u00een 1952. Ei au o re\u021bea na\u021bional\u0103 \u0219i interna\u021bional\u0103 de agen\u021bi de mutare care \u00eei sprijin\u0103 \u00een furnizarea serviciilor lor \u0219i sunt un agent al Allied Van Lines. Sunt membri ai IAM \u0219i au 71 de ani de experien\u021b\u0103.<\/p>\n<p>Bailey's Moving &amp; Storage ofer\u0103 o estimare gratuit\u0103 \u0219i v\u0103 va oferi cel mai bun pre\u021b posibil pentru mutare. Ace\u0219tia ofer\u0103 un serviciu de ambalare cu ambalatori profesioni\u0219ti care folosesc materiale de ambalare adecvate pentru a v\u0103 proteja obiectele. Ace\u0219tia vor aranja transportul lucrurilor dvs. la destina\u021bie, fie c\u0103 este vorba de un transport local, interstatal sau interna\u021bional.<\/p>\n<p>Site web: <a href=\"https:\/\/baileysallied.com\" target=\"_blank\" rel=\"noopener\">https:\/\/baileysallied.com<\/a><\/p>\n<h2><span class=\"ez-toc-section\" id=\"3_Gallagher_Transport\"><\/span><strong>3. Gallagher Transport<\/strong><span class=\"ez-toc-section-end\"><\/span><\/h2>\n<p><img loading=\"lazy\" decoding=\"async\" class=\"alignnone size-full wp-image-11324\" src=\"https:\/\/moverdb.com\/wp-content\/uploads\/Gallagher-Transport-international-moving-company.png\" alt=\"Gallagher Transport companie de mut\u0103ri interna\u021bionale\" width=\"1440\" height=\"669\" data-wp-pid=\"11324\" srcset=\"https:\/\/moverdb.com\/wp-content\/uploads\/Gallagher-Transport-international-moving-company.png 1440w, https:\/\/moverdb.com\/wp-content\/uploads\/Gallagher-Transport-international-moving-company-300x139.png 300w, https:\/\/moverdb.com\/wp-content\/uploads\/Gallagher-Transport-international-moving-company-1024x476.png 1024w, https:\/\/moverdb.com\/wp-content\/uploads\/Gallagher-Transport-international-moving-company-18x8.png 18w, https:\/\/moverdb.com\/wp-content\/uploads\/Gallagher-Transport-international-moving-company-600x279.png 600w\" sizes=\"auto, (max-width: 1440px) 100vw, 1440px\" \/><\/p>\n<ul>\n<li>Transportul na\u021bional de marf\u0103<\/li>\n<li>Transport interna\u021bional de marf\u0103<\/li>\n<li>Managementul logisticii<\/li>\n<li>Solu\u021bii personalizate<\/li>\n<li>Livrare din u\u0219\u0103 \u00een u\u0219\u0103<\/li>\n<li>Transport aerian, terestru \u0219i maritim<\/li>\n<li>Urm\u0103rirea expedierii<\/li>\n<li>V\u0103muire<\/li>\n<li>Asigurare<\/li>\n<li>Facilit\u0103\u021bi de depozitare<\/li>\n<\/ul>\n<p>Gallagher Transport este un broker personalizat \u0219i <a href=\"https:\/\/moverdb.com\/ro\/freight-forwarder\/\" data-internallinksmanager029f6b8e52c=\"17\" title=\"Freight Forwarder &amp; NVOCC Ghidul interna\u021bional de costuri \u0219i companii\">expeditor de m\u0103rfuri<\/a> fondat\u0103 \u00een 1990 \u00een <a href=\"https:\/\/moverdb.com\/ro\/moving-to-the-united-states\/moving-to-oregon\/\" data-internallinksmanager029f6b8e52c=\"395\" title=\"Mutarea \u00een Oregon? 2026 Costurile de trai \u0219i sfaturi de relocare\">Oregon<\/a> cu birouri \u00een Denver, <a href=\"https:\/\/moverdb.com\/ro\/moving-to-houston\/\" data-internallinksmanager029f6b8e52c=\"47\" title=\"V\u0103 muta\u021bi \u00een Houston? 2026 Costuri de trai \u0219i sfaturi de relocare\">Houston<\/a>, <a href=\"https:\/\/moverdb.com\/ro\/moving-to-los-angeles\/\" data-internallinksmanager029f6b8e52c=\"51\" title=\"V\u0103 muta\u021bi \u00een Los Angeles? 2026 Costuri de trai \u0219i sfaturi de relocare \u00een LA\">Los Angeles<\/a>, Portland \u0219i <a href=\"https:\/\/moverdb.com\/ro\/moving-to-san-francisco\/\" data-internallinksmanager029f6b8e52c=\"63\" title=\"V\u0103 muta\u021bi \u00een San Francisco? 2026 Costurile vie\u021bii \u0219i sfaturi de relocare\">San Francisco<\/a>. Sunt membri ai IAM, cu 29 de ani de experien\u021b\u0103, ceea ce le ofer\u0103 acces la o re\u021bea interna\u021bional\u0103 de furnizori de servicii de mutare care s\u0103 le ofere asisten\u021b\u0103.<\/p>\n<p>Gallagher Transport ofer\u0103 servicii de expediere a m\u0103rfurilor care includ brokeraj vamal, dar nu include niciun serviciu de ambalare. Ace\u0219tia vor gestiona logistica de mutare a bunurilor dumneavoastr\u0103 de la o destina\u021bie la alta, de la u\u0219\u0103 la u\u0219\u0103, pe cale terestr\u0103, aerian\u0103 sau maritim\u0103. Ace\u0219tia vor urm\u0103ri transportul \u0219i se vor asigura c\u0103 acesta trece de vam\u0103 \u0219i este asigurat.<\/p>\n<p>Site web: <a href=\"http:\/\/www.gallaghertransport.com\" target=\"_blank\" rel=\"noopener\">http:\/\/www.gallaghertransport.com<\/a><\/p>\n<h2><span class=\"ez-toc-section\" id=\"4_Graebel\"><\/span><strong>4. Graebel<\/strong><span class=\"ez-toc-section-end\"><\/span><\/h2>\n<p><img loading=\"lazy\" decoding=\"async\" class=\"alignnone size-full wp-image-11333\" src=\"https:\/\/moverdb.com\/wp-content\/uploads\/Graebel-international-moving-company.png\" alt=\"Graebel International Moving Company\" width=\"1440\" height=\"678\" data-wp-pid=\"11333\" srcset=\"https:\/\/moverdb.com\/wp-content\/uploads\/Graebel-international-moving-company.png 1440w, https:\/\/moverdb.com\/wp-content\/uploads\/Graebel-international-moving-company-300x141.png 300w, https:\/\/moverdb.com\/wp-content\/uploads\/Graebel-international-moving-company-1024x482.png 1024w, https:\/\/moverdb.com\/wp-content\/uploads\/Graebel-international-moving-company-18x8.png 18w, https:\/\/moverdb.com\/wp-content\/uploads\/Graebel-international-moving-company-600x283.png 600w\" sizes=\"auto, (max-width: 1440px) 100vw, 1440px\" \/><\/p>\n<ul>\n<li>Reloc\u0103ri interna\u021bionale<\/li>\n<li>Mutarea gospod\u0103riilor<\/li>\n<li>Reloc\u0103ri corporative<\/li>\n<li>Serviciu personalizat<\/li>\n<li>Servicii de ambalare<\/li>\n<li>Servicii de plecare<\/li>\n<li>Servicii de destina\u021bie<\/li>\n<li>Servicii de acomodare<\/li>\n<li>C\u0103ut\u0103ri la domiciliu \u0219i la \u0219coal\u0103<\/li>\n<li>Servicii de repatriere<\/li>\n<\/ul>\n<p>Graebel este o companie de management al reloc\u0103rii cu servicii complete, \u00eenfiin\u021bat\u0103 \u00een 1950, cu 16 loca\u021bii \u00een \u00eentreaga lume, inclusiv sediul central din Denver. Ei lucreaz\u0103 cu o gam\u0103 larg\u0103 de parteneri de servicii pentru a muta bunuri de uz casnic \u00een \u00eentreaga lume, \u00een peste 165 de \u021b\u0103ri de pe \u0219ase continente. Sunt membri ai IAM \u0219i au 69 de ani de experien\u021b\u0103.<\/p>\n<p>Graebel este specializat\u0103 \u00een relocarea angaja\u021bilor \u0219i \u00een sprijinirea \u00eentreprinderilor prin programele sale de mobilitate global\u0103. Ofer\u0103 servicii de plecare pentru angaja\u021bi, inclusiv gestionarea v\u00e2nz\u0103rii locuin\u021bei lor sau anularea contractului de \u00eenchiriere, \u00eempachetarea, vize \u0219i servicii de imigrare. Serviciile de destina\u021bie includ orientare, c\u0103utarea unei case \u0219i a unei \u0219coli, servicii pentru chiria\u0219i, servicii de instalare \u0219i despachetare.<\/p>\n<p>Site web: <a href=\"http:\/\/www.graebel.com\" target=\"_blank\" rel=\"noopener\">http:\/\/www.graebel.com<\/a><\/p>\n<h2><span class=\"ez-toc-section\" id=\"5_Johnson_Storage_Moving\"><\/span><strong>5. Johnson Storage &amp; Moving<\/strong><span class=\"ez-toc-section-end\"><\/span><\/h2>\n<p><img loading=\"lazy\" decoding=\"async\" class=\"alignnone size-full wp-image-11356\" src=\"https:\/\/moverdb.com\/wp-content\/uploads\/Johnson-Storage-Moving-international-moving-company.png\" alt=\"Johnson Storage &amp; Moving companie de mutare interna\u021bional\u0103\" width=\"1440\" height=\"677\" data-wp-pid=\"11356\" srcset=\"https:\/\/moverdb.com\/wp-content\/uploads\/Johnson-Storage-Moving-international-moving-company.png 1440w, https:\/\/moverdb.com\/wp-content\/uploads\/Johnson-Storage-Moving-international-moving-company-300x141.png 300w, https:\/\/moverdb.com\/wp-content\/uploads\/Johnson-Storage-Moving-international-moving-company-1024x481.png 1024w, https:\/\/moverdb.com\/wp-content\/uploads\/Johnson-Storage-Moving-international-moving-company-18x8.png 18w, https:\/\/moverdb.com\/wp-content\/uploads\/Johnson-Storage-Moving-international-moving-company-600x282.png 600w\" sizes=\"auto, (max-width: 1440px) 100vw, 1440px\" \/><\/p>\n<ul>\n<li>Mut\u0103ri locale \u0219i pe distan\u021be lungi<\/li>\n<li>Mut\u0103ri interna\u021bionale<\/li>\n<li>Mut\u0103ri reziden\u021biale<\/li>\n<li>Mut\u0103ri comerciale \u0219i de birouri<\/li>\n<li>Reloc\u0103ri corporative<\/li>\n<li>Consultant personal de mutare<\/li>\n<li>Serviciul de ambalare<\/li>\n<li>Aranjamente de transport<\/li>\n<li>V\u0103muire<\/li>\n<li>Facilit\u0103\u021bi de depozitare<\/li>\n<\/ul>\n<p>Johnson Storage &amp; Moving este o companie de logistic\u0103 global\u0103 \u00eenfiin\u021bat\u0103 \u00een 1900 \u00een Denver, cu loca\u021bii \u00een Colorado, California, <a href=\"https:\/\/moverdb.com\/ro\/moving-to-the-united-states\/moving-to-kansas\/\" data-internallinksmanager029f6b8e52c=\"464\" title=\"Mutarea \u00een Kansas? 2026 Costuri de trai \u0219i sfaturi de relocare\">Kansas<\/a>, <a href=\"https:\/\/moverdb.com\/ro\/moving-to-the-united-states\/moving-to-new-mexico\/\" data-internallinksmanager029f6b8e52c=\"455\" title=\"V\u0103 muta\u021bi \u00een New Mexico? 2026 Costuri de trai \u0219i sfaturi de relocare\">New Mexico<\/a>, Texas, <a href=\"https:\/\/moverdb.com\/ro\/moving-to-the-united-states\/moving-to-wyoming\/\" data-internallinksmanager029f6b8e52c=\"449\" title=\"V\u0103 muta\u021bi \u00een Wyoming? 2026 Costuri de trai \u0219i sfaturi de relocare\">Wyoming<\/a> \u0219i <a href=\"https:\/\/moverdb.com\/ro\/moving-to-the-united-states\/moving-to-missouri\/\" data-internallinksmanager029f6b8e52c=\"460\" title=\"Mutarea \u00een Missouri? 2026 Costurile de trai \u0219i sfaturi de relocare\">Missouri<\/a>. Ei sunt membri ai United Van Lines \u0219i Mayflower Transit, asigur\u00e2nd o acoperire mai mare \u00een toat\u0103 \u021bara. <a href=\"https:\/\/moverdb.com\/ro\/moving-to-the-united-states\/\" data-internallinksmanager029f6b8e52c=\"94\" title=\"V\u0103 muta\u021bi \u00een Statele Unite? 2026 Costurile vie\u021bii \u0219i sfaturi de relocare\">SUA<\/a>. Este membru al IAM, cu 123 de ani de experien\u021b\u0103 \u0219i este acreditat de FIDI.<\/p>\n<p>Johnson Storage &amp; Moving ofer\u0103 o ofert\u0103 gratuit\u0103 la domiciliu sau virtual\u0103 \u0219i v\u0103 va pune la dispozi\u021bie un consultant personal pentru a v\u0103 sprijini la fiecare pas. Ace\u0219tia vor crea un plan personal de mutare care s\u0103 r\u0103spund\u0103 nevoilor dumneavoastr\u0103. Ofer\u0103 un serviciu complet de ambalare \u0219i se va ocupa de v\u0103muire.<\/p>\n<p>Site web: <a href=\"https:\/\/www.johnsonstorage.com\" target=\"_blank\" rel=\"noopener\">https:\/\/www.johnsonstorage.com<\/a><\/p>","protected":false},"excerpt":{"rendered":"<p>Moving can be a stressful time with so many things to organise and do, so engaging the services of a moving company could help reduce the load. They can assist with planning, packing, customs arrangements and transportation. Below we have compiled a list of Colorado based removal companies that are members of the International Association [&hellip;]<\/p>\n","protected":false},"author":4,"featured_media":11262,"parent":190,"menu_order":0,"comment_status":"closed","ping_status":"closed","template":"","meta":{"_genesis_hide_title":false,"_genesis_hide_breadcrumbs":false,"_genesis_hide_singular_image":false,"_genesis_hide_footer_widgets":false,"_genesis_custom_body_class":"","_genesis_custom_post_class":"","_genesis_layout":"","footnotes":""},"class_list":{"0":"post-11554","1":"page","2":"type-page","3":"status-publish","4":"has-post-thumbnail","6":"entry"},"_links":{"self":[{"href":"https:\/\/moverdb.com\/ro\/wp-json\/wp\/v2\/pages\/11554","targetHints":{"allow":["GET"]}}],"collection":[{"href":"https:\/\/moverdb.com\/ro\/wp-json\/wp\/v2\/pages"}],"about":[{"href":"https:\/\/moverdb.com\/ro\/wp-json\/wp\/v2\/types\/page"}],"author":[{"embeddable":true,"href":"https:\/\/moverdb.com\/ro\/wp-json\/wp\/v2\/users\/4"}],"replies":[{"embeddable":true,"href":"https:\/\/moverdb.com\/ro\/wp-json\/wp\/v2\/comments?post=11554"}],"version-history":[{"count":1,"href":"https:\/\/moverdb.com\/ro\/wp-json\/wp\/v2\/pages\/11554\/revisions"}],"predecessor-version":[{"id":11555,"href":"https:\/\/moverdb.com\/ro\/wp-json\/wp\/v2\/pages\/11554\/revisions\/11555"}],"up":[{"embeddable":true,"href":"https:\/\/moverdb.com\/ro\/wp-json\/wp\/v2\/pages\/190"}],"wp:featuredmedia":[{"embeddable":true,"href":"https:\/\/moverdb.com\/ro\/wp-json\/wp\/v2\/media\/11262"}],"wp:attachment":[{"href":"https:\/\/moverdb.com\/ro\/wp-json\/wp\/v2\/media?parent=11554"}],"curies":[{"name":"wp","href":"https:\/\/api.w.org\/{rel}","templated":true}]}}