{"id":1075,"date":"2016-08-04T14:25:42","date_gmt":"2016-08-04T14:25:42","guid":{"rendered":"http:\/\/moverdb.com\/?page_id=1075"},"modified":"2026-01-08T15:20:29","modified_gmt":"2026-01-08T15:20:29","slug":"north-american-van-lines","status":"publish","type":"page","link":"https:\/\/moverdb.com\/ro\/north-american-van-lines\/","title":{"rendered":"North American Van Lines: Recenzii despre mut\u0103rile interna\u021bionale"},"content":{"rendered":"<p>North American Van Lines ofer\u0103 clien\u021bilor s\u0103i servicii pentru mut\u0103ri interna\u021bionale, corporative \u0219i interne. Urmeaz\u0103 o list\u0103 a acestor servicii, \u00eempreun\u0103 cu un profil al companiei \u0219i recenzii.<\/p>\n<p><strong>Mutarea interna\u021bional\u0103 pentru persoane fizice \u0219i juridice<\/strong><\/p>\n<ul>\n<li> Serviciu din u\u0219\u0103 \u00een u\u0219\u0103<\/li>\n<li> Ambalarea, c\u0103ptu\u0219irea \u0219i protejarea bunurilor<\/li>\n<li> Demontarea mobilierului<\/li>\n<li> <a href=\"https:\/\/moverdb.com\/ro\/transport-maritim-de-containere\/\">Containere pentru nave<\/a> pentru fiecare aplica\u021bie<\/li>\n<li> Consiliere cu privire la ce s\u0103 \u00eempachetezi \u0219i ce s\u0103 vinzi pentru rentabilitate<\/li>\n<li> Ajutor pentru v\u0103muire<\/li>\n<li> Livrarea \u0219i reasamblarea mobilierului<\/li>\n<li> Urm\u0103rirea online a transportului 24\/7<\/li>\n<li> Programul de protec\u021bie a evalu\u0103rii<\/li>\n<li> Depozitare pe termen scurt \u0219i pe termen lung<\/li>\n<\/ul>\n<p><strong>Servicii speciale de relocare<\/strong><\/p>\n<ul>\n<li> Achizi\u021bionarea unei locuin\u021be \u0219i asisten\u021b\u0103 temporar\u0103 pentru locuire<\/li>\n<li> Asisten\u021b\u0103 financiar\u0103 \u0219i asisten\u021b\u0103 pentru furnizorii de asigur\u0103ri<\/li>\n<li> Formare intercultural\u0103<\/li>\n<li> Formare lingvistic\u0103<\/li>\n<li> Referin\u021be pentru \u00eengrijirea copiilor \u0219i \u0219coli<\/li>\n<li> \u00cengrijire medical\u0103 \u0219i \u00eenlocuirea re\u021betelor<\/li>\n<li> Achizi\u021bii \u0219i servicii de automobile<\/li>\n<li> Lec\u021bii de conducere<\/li>\n<\/ul>\n<p><strong>Mut\u0103ri corporative<\/strong><\/p>\n<ul>\n<li> Ambalare \u0219i ambalare<\/li>\n<li> Depozitare<\/li>\n<li> Expediere<\/li>\n<li> Coordonator personal de relocalizare<\/li>\n<li> Asisten\u021b\u0103 pentru v\u00e2nzarea \u0219i cump\u0103rarea de locuin\u021be<\/li>\n<li> Orientarea zonei<\/li>\n<li> Asisten\u021b\u0103 pentru so\u021b\/so\u021bie<\/li>\n<li> Servicii ipotecare<\/li>\n<li> Servicii de instalare<\/li>\n<\/ul>\n<p><strong>Servicii de mutare<\/strong><\/p>\n<ul>\n<li> Ambalare \u0219i despachetare - f\u0103-o singur, doar articole fragile sau ambalaj complet<\/li>\n<li> Selec\u021bie larg\u0103 de materiale de ambalare<\/li>\n<li> Demontarea \u0219i remontarea mobilierului<\/li>\n<li> Desc\u0103rcare<\/li>\n<li> Despachetarea, dac\u0103 este necesar<\/li>\n<li> Eliminarea resturilor<\/li>\n<li> Depozitare pe termen lung \u0219i pe termen scurt<\/li>\n<li> Mutarea gospod\u0103riei<\/li>\n<li> Mutarea local\u0103<\/li>\n<li> Mutarea pe distan\u021be lungi<\/li>\n<li> Mutarea militar\u0103<\/li>\n<li> Mutarea \u00een toat\u0103 \u021bara<\/li>\n<li> Mutarea interstatal\u0103<\/li>\n<li> Expres transport mic<\/li>\n<li> Transportatorii na\u021bionali<\/li>\n<\/ul>\n<p><strong>Muta\u021bii specializate<\/strong><\/p>\n<ul>\n<li> Piane<\/li>\n<li> Art\u0103 \u0219i antichit\u0103\u021bi<\/li>\n<li> B\u0103rci<\/li>\n<li> <a href=\"https:\/\/moverdb.com\/ro\/auto-transport-expediere\/\">Vehicule<\/a><\/li>\n<li> Containere<\/li>\n<\/ul>\n<h2>Profilul companiei North American Van Lines<\/h2>\n<p>North American Van Lines \u0219i-a \u00eenceput activitatea de transport rutier \u00een 1933, cu 12 agen\u021bi. Cinci ani mai t\u00e2rziu, avea peste 120 de agen\u021bi. Compania se ocup\u0103 de mut\u0103ri de locuin\u021be \u0219i birouri, at\u00e2t la nivel local, c\u00e2t \u0219i na\u021bional \u0219i interna\u021bional. North American Van Lines a devenit o filial\u0103 a SIRVA Inc. \u00een 1998. <\/p>\n<p>Compania are aproape 8.000 de angaja\u021bi \u0219i opereaz\u0103 <strong>1.694 de camioane<\/strong>. Se estimeaz\u0103 c\u0103 vehiculele lor au c\u0103l\u0103torit <strong>37.256.707 mile<\/strong>.<\/p>\n<p>North American Van Lines are peste 500 de agen\u021bi \u00een America de Nord. Ace\u0219tia dispun de sisteme de urm\u0103rire prin satelit pentru a localiza \u00een permanen\u021b\u0103 toate transporturile. De asemenea, folosesc camionete cu macara, ceea ce le permite s\u0103 \u00eencarce \u0219i s\u0103 descarce articole mari f\u0103r\u0103 un doc de \u00eenc\u0103rcare. <\/p>\n<p>Compania a implementat un program de calitate pentru instruirea tuturor angaja\u021bilor \u0219i agen\u021bilor la cel mai \u00eenalt standard posibil.<\/p>\n<p>Acreditarea \u0219i afilierea North American Van Lines:<\/p>\n<ul>\n<li> Parteneriat vamal-comercial \u00eempotriva terorismului (C-TPAT)<\/li>\n<li> <a href=\"https:\/\/moverdb.com\/ro\/amsa\/\">Asocia\u021bia american\u0103 de mutare \u0219i depozitare<\/a> (<a href=\"https:\/\/moverdb.com\/ro\/amsa\/\" data-internallinksmanager029f6b8e52c=\"5\" title=\"Asocia\u021bia American\u0103 de Mutare \u0219i Depozitare (AMSA) Explicat\">AMSA<\/a>) - <a href=\"https:\/\/moverdb.com\/ro\/janta-promovare\/\">ProMover<\/a><\/li>\n<li> Afaceri acreditate BBB<\/li>\n<li> <a href=\"https:\/\/moverdb.com\/ro\/asociatia-canadiana-a-transportatorilor\/\">Asocia\u021bia canadian\u0103 a transportatorilor<\/a> (<a href=\"https:\/\/moverdb.com\/ro\/canadian-association-of-movers\/\" data-internallinksmanager029f6b8e52c=\"11\" title=\"Asocia\u021bia canadian\u0103 de mut\u0103ri (CAM) explicat\u0103\">CAM<\/a>)<\/li>\n<\/ul>\n<h2>Opinii despre North American Van Lines<\/h2>\n<p><strong>Pozitiv:<\/strong><\/p>\n<ul>\n<li>  <em>\"Ne mut\u0103m tot timpul \u0219i aceasta a fost cea mai bun\u0103 mutare pe care am f\u0103cut-o vreodat\u0103. Nu am avut niciodat\u0103 o mutare \u00een care lucrurile s\u0103 fi mers at\u00e2t de bine. Totul a fost pur \u0219i simplu minunat.\"<\/em> - Justin P client <a href=\"https:\/\/www.northamerican.com\/\" target=\"_blank\" rel=\"noopener\">m\u0103rturie de pe site-ul lor<\/a>.<\/li>\n<li> <em>\"\u00centotdeauna la timp, eficient, amabil \u0219i foarte util. Am fost pl\u0103cut surprin\u0219i de faptul c\u0103, dup\u0103 ce gogonelele noastre au fost \u00eenc\u0103rcate \u0219i c\u00e2nt\u0103rite, am fost de fapt taxa\u021bi mai pu\u021bin dec\u00e2t suma citat\u0103! I-a\u0219 recomanda cu siguran\u021b\u0103!<\/em>\" - Candace via <a href=\"http:\/\/www.bbb.org\/northernindiana\/business-reviews\/movers\/north-american-van-lines-in-fort-wayne-in-90077877\/customer-reviews\" target=\"_blank\" rel=\"noopener\">BBB<\/a><\/li>\n<li> <em>\"Mutarea de la o cas\u0103 cu o alee lung\u0103, v\u00e2ntoas\u0103 \u0219i \u00eengust\u0103 la o alt\u0103 cas\u0103 aflat\u0103 la sute de kilometri distan\u021b\u0103 nu a fost o sarcin\u0103 u\u0219oar\u0103 pentru niciun transportator. Dar North American Van Lines a oferit o experien\u021b\u0103 minunat\u0103 care a f\u0103cut ca mutarea s\u0103 fie mai pu\u021bin stresant\u0103... \u0219i \u00eendr\u0103znesc s\u0103 spun, distractiv\u0103?\"\".<\/em> - Phyllis via <a href=\"https:\/\/www.facebook.com\/northAmericanVL\/reviews#\" target=\"_blank\" rel=\"noopener\">Facebook<\/a><\/li>\n<\/ul>\n<p><strong>Negativ:<\/strong><\/p>\n<ul>\n<li> <em>\"O experien\u021b\u0103 \u00eengrozitoare cu aceast\u0103 companie. I-am folosit pentru a m\u0103 muta de la Baltimore la <a href=\"https:\/\/moverdb.com\/ro\/se-muta-in-san-francisco\/\">San Francisco<\/a>.  Ace\u0219tia folosesc localnici <a href=\"https:\/\/moverdb.com\/ro\/moving-companies\/\" data-internallinksmanager029f6b8e52c=\"79\" title=\"Top 25 Companii interna\u021bionale de mutare online\">companii de mutare<\/a> a \u00eencheiat un contract cu North American pentru a v\u0103 lua \u0219i a v\u0103 l\u0103sa lucrurile.\"<\/em> - Nick via <a href=\"http:\/\/www.mymovingreviews.com\/movers\/north-american-van-lines-287#33438\" target=\"_blank\" rel=\"noopener\">MyMovingReviews<\/a><\/li>\n<li> <em>\"Trecerea de la <a href=\"https:\/\/moverdb.com\/ro\/moving-companies\/moving-companies-peru\/\" data-internallinksmanager029f6b8e52c=\"273\" title=\"9 Cele mai bune companii de mutare interna\u021bional\u0103 din Peru\">Peru<\/a> la <a href=\"https:\/\/moverdb.com\/ro\/moving-to-the-united-states\/moving-to-iowa\/\" data-internallinksmanager029f6b8e52c=\"463\" title=\"Te mu\u021bi \u00een Iowa? 2026 Costuri de trai \u0219i sfaturi de relocare\">Iowa<\/a> a fost un co\u0219mar. Cea mai rea parte a fost c\u0103 camionul a fost desc\u0103rcat de \"profesioni\u0219tii\" de la North American Van Lines.\"<\/em> - Arthur via <a href=\"https:\/\/www.consumeraffairs.com\/movers\/north_american.htm\" target=\"_blank\" rel=\"noopener\">Protec\u021bia consumatorilor<\/a><\/li>\n<li> <em>\"Au trecut 10 zile de c\u00e2nd mi-au fost ridicate lucrurile de la <a href=\"https:\/\/moverdb.com\/ro\/moving-to-the-united-states\/moving-to-oklahoma\/\" data-internallinksmanager029f6b8e52c=\"453\" title=\"Te mu\u021bi \u00een Oklahoma? 2026 Costuri de trai \u0219i sfaturi de relocare\">Oklahoma<\/a>Au mai r\u0103mas doar 2 zile lucr\u0103toare din fereastra de livrare \u0219i tocmai au aflat c\u0103 \u0219oferul nu mi-a ridicat niciodat\u0103 marfa.\"<\/em> - prin <a href=\"http:\/\/north-american-van-lines.pissedconsumer.com\/left-my-stuff-behind-20160401821464.html\" target=\"_blank\" rel=\"noopener\">Consumator sup\u0103rat<\/a><\/li>\n<\/ul>\n<div itemprop=\"review\" itemscope itemtype=\"http:\/\/schema.org\/Review\">\n<span itemprop=\"author\" itemscope=\"\" itemtype=\"http:\/\/schema.org\/Organization\"><span itemprop=\"name\">MoverDB.com<\/span><\/span> Revizuirea online a site-ului pentru <span itemprop=\"itemreviewed\" itemscope=\"\" itemtype=\"http:\/\/schema.org\/Brand\"><span itemprop=\"name\">North American Van Lines<\/span><\/span>:<\/p>\n<ol>\n<li> Detalii de contact clare pe site-ul web (inclusiv num\u0103rul de telefon): <strong>Da<\/strong><\/li>\n<li> U\u0219or de ob\u021binut <a href=\"https:\/\/moverdb.com\/ro\/citate\/\">citate interna\u021bionale \u00een mi\u0219care<\/a>? (Formular de solicitare a unui deviz online): <strong>Da<\/strong><\/li>\n<li> Informa\u021bii clare pe site-ul web: <strong>Da<\/strong>, o mul\u021bime de informa\u021bii despre mut\u0103rile interne \u0219i interna\u021bionale.<\/li>\n<li> Apartenen\u021ba la organiza\u021bii interna\u021bionale recunoscute \u00een domeniul mut\u0103rii: <strong>Da<\/strong>, a se vedea mai sus<\/li>\n<li> Lista de clien\u021bi \u0219i\/sau m\u0103rturii ale clien\u021bilor anteriori. <strong>Da,<\/strong> exist\u0103 multe m\u0103rturii pe pagin\u0103, dar majoritatea sunt destul de scurte.<\/li>\n<\/ol>\n<div itemprop=\"reviewRating\" itemscope itemtype=\"http:\/\/schema.org\/Rating\"><meta itemprop=\"worstRating\" content = \"0\" \/><meta itemprop=\"bestRating\" content=\"4.5\" \/><meta itemprop=\"ratingValue\" content=\"5\"><\/div>\n<p><strong>Scor general: 4.5\/5<\/strong><br \/>\n<strong>Data revizuirii:<\/strong> <span itemprop=\"datePublished\" content=\"2016-08-24\">04\/08\/2016<\/span>\n<\/div>\n<p>Citi\u021bi mai multe despre <a href=\"https:\/\/moverdb.com\/ro\/moving-companies\/\">mutan\u021bi interna\u021bionali<\/a>, <a href=\"https:\/\/moverdb.com\/ro\/us-canada-movers\/\">Transportatorii canadieni \u0219i americani<\/a> \u0219i a noastr\u0103 <a href=\"https:\/\/moverdb.com\/ro\/comentarii\/\">procesul de revizuire \u00een mi\u0219care<\/a>.<\/p>\n<p><strong>Site-uri web:<\/strong><br \/>\n<a href=\"https:\/\/moverdb.com\/ro\/moving-to-the-united-states\/\" data-internallinksmanager029f6b8e52c=\"94\" title=\"V\u0103 muta\u021bi \u00een Statele Unite? 2026 Costurile vie\u021bii \u0219i sfaturi de relocare\">SUA<\/a>: <a href=\"https:\/\/www.northamerican.com\/\" target=\"_blank\" rel=\"noopener\">https:\/\/www.northamerican.com\/<\/a><br \/>\n<a href=\"https:\/\/moverdb.com\/ro\/moving-to-canada\/\" data-internallinksmanager029f6b8e52c=\"265\" title=\"Mutarea \u00een Canada? 2026 Costurile de trai \u0219i sfaturi de relocare\">Canada<\/a>: <a href=\"http:\/\/www.northamericanvanlines.ca\/\" target=\"_blank\" rel=\"noopener\">http:\/\/www.northamericanvanlines.ca\/<\/a><\/p>","protected":false},"excerpt":{"rendered":"<p>North American Van Lines offer their customers services for international, corporate and domestic moves. A list of these services follows, together with a company profile and reviews. International Moving for Individuals and Companies Door to door service Packing, padding and protecting belongings Disassembling furniture Ship containers for every application Advice on what to pack and [&hellip;]<\/p>\n","protected":false},"author":1,"featured_media":0,"parent":0,"menu_order":0,"comment_status":"closed","ping_status":"closed","template":"","meta":{"_genesis_hide_title":false,"_genesis_hide_breadcrumbs":false,"_genesis_hide_singular_image":false,"_genesis_hide_footer_widgets":false,"_genesis_custom_body_class":"","_genesis_custom_post_class":"","_genesis_layout":"","footnotes":""},"class_list":{"0":"post-1075","1":"page","2":"type-page","3":"status-publish","5":"entry"},"_links":{"self":[{"href":"https:\/\/moverdb.com\/ro\/wp-json\/wp\/v2\/pages\/1075","targetHints":{"allow":["GET"]}}],"collection":[{"href":"https:\/\/moverdb.com\/ro\/wp-json\/wp\/v2\/pages"}],"about":[{"href":"https:\/\/moverdb.com\/ro\/wp-json\/wp\/v2\/types\/page"}],"author":[{"embeddable":true,"href":"https:\/\/moverdb.com\/ro\/wp-json\/wp\/v2\/users\/1"}],"replies":[{"embeddable":true,"href":"https:\/\/moverdb.com\/ro\/wp-json\/wp\/v2\/comments?post=1075"}],"version-history":[{"count":11,"href":"https:\/\/moverdb.com\/ro\/wp-json\/wp\/v2\/pages\/1075\/revisions"}],"predecessor-version":[{"id":6227,"href":"https:\/\/moverdb.com\/ro\/wp-json\/wp\/v2\/pages\/1075\/revisions\/6227"}],"wp:attachment":[{"href":"https:\/\/moverdb.com\/ro\/wp-json\/wp\/v2\/media?parent=1075"}],"curies":[{"name":"wp","href":"https:\/\/api.w.org\/{rel}","templated":true}]}}