{"id":1064,"date":"2016-08-12T14:50:41","date_gmt":"2016-08-12T14:50:41","guid":{"rendered":"http:\/\/moverdb.com\/?page_id=1064"},"modified":"2026-01-08T13:18:24","modified_gmt":"2026-01-08T13:18:24","slug":"graebel-van-lines","status":"publish","type":"page","link":"https:\/\/moverdb.com\/ro\/graebel-van-lines\/","title":{"rendered":"Graebel Van Lines: Servicii de mutare interna\u021bional\u0103 \u0219i recenzii"},"content":{"rendered":"<p>Graebel Van Lines are sediul central \u00een Aurora, CO. Compania ofer\u0103 clien\u021bilor s\u0103i o gam\u0103 larg\u0103 de servicii care sunt enumerate mai jos. De asemenea, urmeaz\u0103 un profil al companiei \u0219i recenzii.<\/p>\n<p><strong>Mutarea interna\u021bional\u0103<\/strong><\/p>\n<ul>\n<li> Un coordonator de servicii pentru clien\u021bi dedicat este desemnat<\/li>\n<li> Sondaj detaliat la domiciliu<\/li>\n<li> Plan de mutare personalizat<\/li>\n<li> Din u\u0219\u0103 \u00een u\u0219\u0103<\/li>\n<li> Ambalatori \u0219i \u00eenc\u0103rc\u0103toare cu preg\u0103tire interna\u021bional\u0103<\/li>\n<li> Materiale de ambalare de cea mai bun\u0103 calitate<\/li>\n<li> L\u0103zi personalizate<\/li>\n<li> Coordonarea cu principalii transportatori mondiali licen\u021bia\u021bi<\/li>\n<li> Spa\u021bii de depozitare - unele cu clim\u0103 controlat\u0103<\/li>\n<li> V\u0103muire<\/li>\n<li> Livrare \u0219i despachetare<\/li>\n<\/ul>\n<p><strong>Mutarea reziden\u021bial\u0103<\/strong><\/p>\n<ul>\n<li> Serviciu din u\u0219\u0103 \u00een u\u0219\u0103<\/li>\n<li> Un singur punct de contact pe toat\u0103 durata mut\u0103rii<\/li>\n<li> Ambalarea \u0219i despachetarea, dac\u0103 este necesar<\/li>\n<li> Mut\u0103ri locale, pe distan\u021be lungi \u0219i interna\u021bionale<\/li>\n<li> Facilit\u0103\u021bi de depozitare pe termen lung \u0219i scurt<\/li>\n<\/ul>\n<p><strong>Mutarea spa\u021biului de lucru<\/strong><\/p>\n<ul>\n<li> \u00cenainte \u0219i dup\u0103 planul de podea<\/li>\n<li> Inventar detaliat<\/li>\n<li> Depozitare pe termen lung \u0219i scurt<\/li>\n<li> Deconectarea \u0219i reconectarea sistemelor informatice<\/li>\n<li> Demontarea \u0219i remontarea mobilierului<\/li>\n<li> Dispunerea responsabil\u0103 a activelor<\/li>\n<li> Mutarea sediilor corporative, a birourilor \u0219i a birourilor unice.<\/li>\n<li> Coordonarea subcontractan\u021bilor, a datelor, a telefoniei \u0219i a instala\u021biilor electrice.<\/li>\n<li> Estim\u0103ri exacte pentru mutarea birourilor \u00een ceea ce prive\u0219te echipamentele, oamenii, materialele \u0219i costurile totale.<\/li>\n<li> Managementul de tip MAC (Move-Add-Change).<\/li>\n<li> Liste de verificare, planificare \u0219i procese dovedite pentru mutarea birourilor.<\/li>\n<li> Stocarea \u0219i eliminarea \u00eenregistr\u0103rilor.<\/li>\n<li> Sisteme de arhivare \u0219i solu\u021bii de depozitare de \u00eenalt\u0103 densitate.<\/li>\n<li> <a href=\"https:\/\/moverdb.com\/ro\/british-association-of-removers\/\" data-internallinksmanager029f6b8e52c=\"9\" title=\"Asocia\u021bia Britanic\u0103 a Transportatorilor (BAR) Explica\u021bii\">Bar<\/a>-gestionarea inventarului codificat.<\/li>\n<li> Transport la nivel mondial, inclusiv servicii de transport cu \u00eenc\u0103rc\u0103tur\u0103 mai mic\u0103 dec\u00e2t cea a unui camion, de \u00eenc\u0103rcare a camionului \u0219i de transport cu furgonete.<\/li>\n<li> Servicii de depozitare \u0219i distribu\u021bie.<\/li>\n<li> Servicii de livrare Just-In-Time.<\/li>\n<li> Servicii de logistic\u0103 \u0219i gestionare din surs\u0103 unic\u0103.<\/li>\n<li> Transportul, livrarea, instalarea \u0219i reconfigurarea mobilierului pentru sisteme.<\/li>\n<li> Servicii de mobilier, instala\u021bii \u0219i echipamente (FF&amp;E) pentru industria ospitalit\u0103\u021bii.<\/li>\n<li> Servicii de mutare \u00een industria medical\u0103.<\/li>\n<\/ul>\n<p><strong>Muta\u021bii corporative, guvernamentale \u0219i militare<\/strong><\/p>\n<ul>\n<li> Biroul \u00eenchisorilor<\/li>\n<li> Serviciul \u0219erifilor<\/li>\n<li> Administra\u021bia pentru combaterea drogurilor (DEA)<\/li>\n<li> Departamentul pentru veterani (VA)<\/li>\n<li> Biroul Federal de Investiga\u021bii (FBI)<\/li>\n<li> Biroul de recens\u0103m\u00e2nt<\/li>\n<li> Centrele pentru controlul \u0219i prevenirea bolilor (CDC)<\/li>\n<li> Serviciul de venituri interne (IRS)<\/li>\n<\/ul>\n<h2>Profilul companiei Graebel Van Lines<\/h2>\n<p>Graebel Van Lines este cea mai mare firm\u0103 privat\u0103 de transport de marf\u0103. <a href=\"https:\/\/moverdb.com\/ro\/moving-companies\/\" data-internallinksmanager029f6b8e52c=\"79\" title=\"Top 25 Companii interna\u021bionale de mutare online\">companie \u00een mi\u0219care<\/a> \u00een <a href=\"https:\/\/moverdb.com\/ro\/moving-to-the-united-states\/\" data-internallinksmanager029f6b8e52c=\"94\" title=\"V\u0103 muta\u021bi \u00een Statele Unite? 2026 Costurile vie\u021bii \u0219i sfaturi de relocare\">Statele Unite ale Americii<\/a> \u0219i \u00ee\u0219i are sediul \u00een Aurora, CO. Compania mut\u0103 familii, \u00eentreprinderi, personal guvernamental \u0219i militar \u00een \u00eentreaga lume \u0219i \u00een SUA de 66 de ani. <\/p>\n<p>Compania ofer\u0103 solu\u021bii complete pentru toate nevoile clien\u021bilor, indiferent dac\u0103 este vorba de o lucrare mic\u0103, cum ar fi renovarea unui birou, sau de o lucrare de amploare, cum ar fi mutarea unui spital \u00eentr-un sediu nou.<\/p>\n<p>Graebel Van Lines are 4 milioane de metri p\u0103tra\u021bi de spa\u021biu de depozitare \u00een \u00eentreaga \u021bar\u0103 \u0219i opereaz\u0103 828 de vehicule de mutare. Tot personalul companiei este instruit la cele mai \u00eenalte standarde.<\/p>\n<p>Afilieri \u0219i acredit\u0103ri Graebel Van Lines:<\/p>\n<ul>\n<li> <a href=\"https:\/\/moverdb.com\/ro\/janta-promovare\/\">ProMover<\/a><\/li>\n<li> <a href=\"https:\/\/moverdb.com\/ro\/amsa\/\" target=\"_blank\" rel=\"noopener\">Asocia\u021bia american\u0103 de mutare \u0219i depozitare<\/a> (<a href=\"https:\/\/moverdb.com\/ro\/amsa\/\" data-internallinksmanager029f6b8e52c=\"5\" title=\"Asocia\u021bia American\u0103 de Mutare \u0219i Depozitare (AMSA) Explicat\">AMSA<\/a>)<\/li>\n<li> Institutul Interna\u021bional pentru Mutarea Birourilor (IOMI)<\/li>\n<\/ul>\n<h2>Recenzii Graebel Van Lines<\/h2>\n<p><strong>Pozitiv:<\/strong><\/p>\n<ul>\n<li> <em>\"Graebel Van Lines a f\u0103cut o treab\u0103 extraordinar\u0103 cu mutarea mea. M-au mutat \u00eentr-un termen scurt, la timp \u0219i totul a ajuns acolo unde aveam nevoie.\" <\/em> - Michelle T via <a href=\"https:\/\/www.yelp.com\/biz\/graebel-van-lines-kent\" target=\"_blank\" rel=\"noopener\">Yelp<\/a><\/li>\n<li>  <em>\"Postez acest mesaj pentru c\u0103 am v\u0103zut multe recenzii proaste despre Graebel's, iar experien\u021ba mea a fost pozitiv\u0103.\"<\/em> - Sue Sok via <a href=\"http:\/\/www.mymovingreviews.com\/movers\/graebel-406#28293\" target=\"_blank\" rel=\"noopener\">MyMovingReviews.com<\/a><\/li>\n<\/ul>\n<p><strong>Negativ:<\/strong><\/p>\n<ul>\n<li> \"<em>Am folosit Graebel's pentru trei mut\u0103ri \u0219i fiecare experien\u021b\u0103 devine din ce \u00een ce mai proast\u0103.\"<\/em> - Michael C via <a href=\"http:\/\/www.yelp.com\/biz\/graebel-van-lines-san-jose?hrid=KdToWSepoqbs7wLCd4UE0A&#038;utm_campaign=www_review_share_popup&#038;utm_medium=copy_link&#038;utm_source=(direct)\" target=\"_blank\" rel=\"noopener\">Yelp<\/a> <\/li>\n<li> \"<em>Nu recomand aceast\u0103 companie!!!\"<\/em> Don Mcnasby via <a href=\"http:\/\/www.mymovingreviews.com\/movers\/graebel-406#47223\" target=\"_blank\" rel=\"noopener\">MyMovingReviews.com<\/a><\/li>\n<\/ul>\n<div itemprop=\"review\" itemscope itemtype=\"http:\/\/schema.org\/Review\">\n<span itemprop=\"author\" itemscope=\"\" itemtype=\"http:\/\/schema.org\/Organization\"><span itemprop=\"name\">MoverDB.com<\/span><\/span> Revizuirea online a site-ului pentru <span itemprop=\"itemreviewed\" itemscope=\"\" itemtype=\"http:\/\/schema.org\/Brand\"><span itemprop=\"name\">Graebel Van Lines<\/span><\/span>:<\/p>\n<ol>\n<li> Detalii de contact clare pe site-ul web (inclusiv num\u0103rul de telefon): <strong>Da<\/strong><\/li>\n<li> U\u0219or de ob\u021binut <a href=\"https:\/\/moverdb.com\/ro\/citate\/\">citate interna\u021bionale \u00een mi\u0219care<\/a>? (Formular de solicitare a unui deviz online): <strong>Da<\/strong><\/li>\n<li> Informa\u021bii clare pe site-ul web: <strong>Unele<\/strong>, Site-ul nu con\u021bine multe informa\u021bii detaliate. Se presupune c\u0103 acestea vor fi furnizate odat\u0103 cu planul personalizat.<\/li>\n<li> Apartenen\u021ba la organiza\u021bii interna\u021bionale recunoscute \u00een domeniul mut\u0103rii: <strong>Da<\/strong>, (a se vedea mai sus)<\/li>\n<li> Lista de clien\u021bi \u0219i\/sau m\u0103rturii ale clien\u021bilor anteriori: <strong>Nu<\/strong> Cu toate acestea, pe site-ul web se men\u021bioneaz\u0103 c\u0103 sunt un furnizor preferat de c\u0103tre guvern \u0219i de c\u0103tre companiile Fortune 500.<\/li>\n<\/ol>\n<div itemprop=\"reviewRating\" itemscope itemtype=\"http:\/\/schema.org\/Rating\"><meta itemprop=\"worstRating\" content = \"0\" \/><meta itemprop=\"bestRating\" content=\"5\" \/><meta itemprop=\"ratingValue\" content=\"3.5\"><\/div>\n<p><strong>Scor general: 3.5\/5<\/strong><br \/>\n<strong>Data revizuirii:<\/strong> <span itemprop=\"datePublished\" content=\"2016-08-11\">11\/08\/2016<\/span>\n<\/div>\n<p>Citi\u021bi mai multe despre <a href=\"https:\/\/moverdb.com\/ro\/moving-companies\/\">mutan\u021bi interna\u021bionali<\/a>, <a href=\"https:\/\/moverdb.com\/ro\/us-canada-movers\/\">Companii americane de mutare<\/a> \u0219i a noastr\u0103 <a href=\"https:\/\/moverdb.com\/ro\/comentarii\/\">procesul de revizuire<\/a>.<\/p>\n<p><strong>Site web:<\/strong> <a href=\"https:\/\/www.graebelmoving.com\" target=\"_blank\" rel=\"noopener\">https:\/\/www.graebelmoving.com<\/a><\/p>","protected":false},"excerpt":{"rendered":"<p>Graebel Van Lines is headquartered in Aurora, CO. The company offers its customers a wide range of services which are listed below. There also follows a company profile and reviews. International Moving A dedicated customer service coordinator is assigned Detailed in-home survey Customised move plan Door to door Internationally trained packers and loaders Finest quality [&hellip;]<\/p>\n","protected":false},"author":1,"featured_media":0,"parent":0,"menu_order":0,"comment_status":"closed","ping_status":"closed","template":"","meta":{"_genesis_hide_title":false,"_genesis_hide_breadcrumbs":false,"_genesis_hide_singular_image":false,"_genesis_hide_footer_widgets":false,"_genesis_custom_body_class":"","_genesis_custom_post_class":"","_genesis_layout":"","footnotes":""},"class_list":{"0":"post-1064","1":"page","2":"type-page","3":"status-publish","5":"entry"},"_links":{"self":[{"href":"https:\/\/moverdb.com\/ro\/wp-json\/wp\/v2\/pages\/1064","targetHints":{"allow":["GET"]}}],"collection":[{"href":"https:\/\/moverdb.com\/ro\/wp-json\/wp\/v2\/pages"}],"about":[{"href":"https:\/\/moverdb.com\/ro\/wp-json\/wp\/v2\/types\/page"}],"author":[{"embeddable":true,"href":"https:\/\/moverdb.com\/ro\/wp-json\/wp\/v2\/users\/1"}],"replies":[{"embeddable":true,"href":"https:\/\/moverdb.com\/ro\/wp-json\/wp\/v2\/comments?post=1064"}],"version-history":[{"count":6,"href":"https:\/\/moverdb.com\/ro\/wp-json\/wp\/v2\/pages\/1064\/revisions"}],"predecessor-version":[{"id":6216,"href":"https:\/\/moverdb.com\/ro\/wp-json\/wp\/v2\/pages\/1064\/revisions\/6216"}],"wp:attachment":[{"href":"https:\/\/moverdb.com\/ro\/wp-json\/wp\/v2\/media?parent=1064"}],"curies":[{"name":"wp","href":"https:\/\/api.w.org\/{rel}","templated":true}]}}