{"id":1062,"date":"2016-08-21T19:46:49","date_gmt":"2016-08-21T19:46:49","guid":{"rendered":"http:\/\/moverdb.com\/?page_id=1062"},"modified":"2026-01-08T14:47:31","modified_gmt":"2026-01-08T14:47:31","slug":"amj-campbell-van-lines","status":"publish","type":"page","link":"https:\/\/moverdb.com\/ro\/amj-campbell-van-lines\/","title":{"rendered":"AMJ Campbell Van Lines: Servicii de mutare interna\u021bional\u0103 \u0219i recenzii"},"content":{"rendered":"<p>AMJ Campbell Van Lines are sediul \u00een <a href=\"https:\/\/moverdb.com\/ro\/se-muta-la-toronto\/\">Toronto<\/a>, <a href=\"https:\/\/moverdb.com\/ro\/moving-to-canada\/\" data-internallinksmanager029f6b8e52c=\"265\" title=\"Mutarea \u00een Canada? 2026 Costurile de trai \u0219i sfaturi de relocare\">Canada<\/a> \u0219i ofer\u0103 clien\u021bilor s\u0103i diverse servicii de mutare \u0219i depozitare, care sunt enumerate mai jos. Exist\u0103, de asemenea, un profil al companiei \u0219i recenzii pentru informarea dumneavoastr\u0103.<\/p>\n<p><strong>Mutarea interna\u021bional\u0103<\/strong><\/p>\n<ul>\n<li> Servicii complete din u\u0219\u0103 \u00een u\u0219\u0103<\/li>\n<li> Ambalare \u0219i despachetare profesional\u0103<\/li>\n<li> Materiale de ambalare de cea mai bun\u0103 calitate<\/li>\n<li> Managementul stocurilor<\/li>\n<li> <a href=\"https:\/\/moverdb.com\/ro\/transport-maritim-de-containere\/\">Transport rutier, maritim \u0219i aerian<\/a><\/li>\n<li> Sisteme de management al mi\u0219c\u0103rii de ultim\u0103 genera\u021bie<\/li>\n<\/ul>\n<p><strong>Servicii de relocare transfrontalier\u0103<\/strong><\/p>\n<ul>\n<li> Canada la <a href=\"https:\/\/moverdb.com\/ro\/moving-to-the-united-states\/\" data-internallinksmanager029f6b8e52c=\"94\" title=\"V\u0103 muta\u021bi \u00een Statele Unite? 2026 Costurile vie\u021bii \u0219i sfaturi de relocare\">SUA<\/a> \u0219i viceversa<\/li>\n<\/ul>\n<p><strong>Mutarea reziden\u021bial\u0103 - local\u0103 sau pe distan\u021be lungi<\/strong><\/p>\n<ul>\n<li> Performan\u021b\u0103 la timp<\/li>\n<li> Un citat scris<\/li>\n<li> Un apel telefonic cu o zi \u00eenainte de mutare pentru a confirma detaliile<\/li>\n<li> Solu\u021bionarea oric\u0103ror cereri de desp\u0103gubire \u00een termen de 30 de zile<\/li>\n<li> Protec\u021bie pentru toat\u0103 mobila ta tapi\u021bat\u0103<\/li>\n<li> Reasamblarea oric\u0103rui mobilier care este dezasamblat<\/li>\n<li> Protec\u021bia podelei \u0219i a balustradei<\/li>\n<li> Echipe de lucru profesioniste \u0219i politicoase<\/li>\n<li> Servicii excelente pentru clien\u021bi<\/li>\n<\/ul>\n<p><strong>Servicii de relocare corporativ\u0103<\/strong><\/p>\n<ul>\n<li> Servicii complete de ambalare<\/li>\n<li> Desc\u0103rcare<\/li>\n<li> Despachetare cu servicii complete<\/li>\n<\/ul>\n<p><strong>Mutarea birourilor<\/strong><\/p>\n<ul>\n<li> Serviciul de planificare a mut\u0103rii<\/li>\n<li> Etichetarea atent\u0103 a tuturor articolelor<\/li>\n<li> Ambalare expert\u0103<\/li>\n<li> Mutarea expert\u0103 a echipamentelor sensibile \u0219i a computerelor<\/li>\n<\/ul>\n<p><strong>Servicii specializate<\/strong><\/p>\n<ul>\n<li> Interioare de birou<\/li>\n<li> Relocarea depozitului<\/li>\n<li> Instalarea mobilierului<\/li>\n<li> Distrugere<\/li>\n<\/ul>\n<p><strong>Depozitare<\/strong><\/p>\n<ul>\n<li> Pe termen scurt, p\u00e2n\u0103 la 60 de zile<\/li>\n<li> Pe termen lung<\/li>\n<li> Facilit\u0103\u021bi curate, sigure \u0219i bine gestionate<\/li>\n<li> Dispozitive sofisticate de urm\u0103rire<\/li>\n<li> Depozit de sine st\u0103t\u0103tor<\/li>\n<li> Depozitarea documentelor comerciale<\/li>\n<\/ul>\n<h2>Profilul companiei AMJ Campbell Van Lines<\/h2>\n<p>AMJ Campbell Van Lines \u0219i-a deschis por\u021bile \u00een 1934 sub numele de MJ Campbell and Moving \u0219i a fost o afacere de familie. Compania s-a concentrat pe mutarea persoanelor \u00eentre provinciile din Canada \u0219i \u00eentre SUA \u0219i Canada. De atunci, a crescut \u0219i a devenit cea mai mare <a href=\"https:\/\/moverdb.com\/ro\/moving-companies\/\" data-internallinksmanager029f6b8e52c=\"79\" title=\"Top 25 Companii interna\u021bionale de mutare online\">companie \u00een mi\u0219care<\/a> \u00een Canada, deplas\u00e2nd oameni la nivel local \u0219i interna\u021bional.<\/p>\n<p>Campbell's are peste 2 800 de angaja\u021bi, repartiza\u021bi \u00een 50 de loca\u021bii diferite din Canada. \u00cen prezent, este o companie privat\u0103, dup\u0103 ce a devenit public\u0103 \u00een anii 1980, \u0219i este o companie de mai multe milioane de dolari. <\/p>\n<p>Acreditarea \u0219i afilierea AMJ Campbell:<\/p>\n<ul>\n<li> <a href=\"https:\/\/moverdb.com\/ro\/fidi-faim\/\">FIDI<\/a><\/li>\n<li> <a href=\"https:\/\/moverdb.com\/ro\/fidi-faim\/\" data-internallinksmanager029f6b8e52c=\"16\" title=\"FIDI &amp; FAIM (FIDI Accredited International Mover) Explicat\">FAIM<\/a><\/li>\n<li> <a href=\"https:\/\/moverdb.com\/ro\/asociatia-canadiana-a-transportatorilor\/\">Asocia\u021bia canadian\u0103 de mutare peste m\u0103ri<\/a> (COMA) <\/li>\n<li> <a href=\"https:\/\/moverdb.com\/ro\/lacma\/\">Asocia\u021bia Transportatorilor din America Latin\u0103 \u0219i Caraibe<\/a> (<a href=\"https:\/\/moverdb.com\/ro\/lacma\/\" data-internallinksmanager029f6b8e52c=\"28\" title=\"Asocia\u021bia Latino-American\u0103 \u0219i din Caraibe a Transportatorilor Interna\u021bionali (LACMA)\">LACMA<\/a>)<\/li>\n<li> Expeditorii de m\u0103rfuri din America (Householders Goods Forwarders of America - HAGFAA)<\/li>\n<li> BBB acreditat de afaceri acreditat A +<\/li>\n<\/ul>\n<h2>AMJ Campbell Van Lines Recenzii<\/h2>\n<p><strong>Pozitiv:<\/strong><\/p>\n<ul>\n<li> <em>Am fost foarte impresiona\u021bi de atitudinea, cooperarea \u0219i pl\u0103cerea general\u0103 de a lucra cu un grup de oameni at\u00e2t de buni.<\/em> - via AMJ Campbell <a href=\"http:\/\/www.amjcampbell.com\/about-us-2\/customer-reviews\/\" target=\"_blank\" rel=\"noopener\">recenzii ale clien\u021bilor<\/a><\/li>\n<li> <em>\"Am contactat AMJ pentru mutarea mea din ora\u0219 \u00een ora\u0219 \u0219i am fost foarte mul\u021bumit de \u00eentreaga experien\u021b\u0103.\"<\/em> - Rebecca G via <a href=\"https:\/\/homestars.com\/companies\/195139-amj-campbell\/reviews\/309471\" target=\"_blank\" rel=\"noopener\">HomeStars<\/a><\/li>\n<li> <em>\"Am ales AMJ Campbell pentru a-mi muta mobila de la <a href=\"https:\/\/moverdb.com\/ro\/moving-to-toronto\/\" data-internallinksmanager029f6b8e52c=\"71\" title=\"V\u0103 muta\u021bi \u00een Toronto? 2026 Costurile vie\u021bii \u0219i sfaturi de relocare\">Toronto<\/a> la <a href=\"https:\/\/moverdb.com\/ro\/moving-to-canada\/moving-to-montreal\/\" data-internallinksmanager029f6b8e52c=\"410\" title=\"V\u0103 muta\u021bi la Montreal? 2026 Costuri de trai \u0219i sfaturi de relocare\">Montreal<\/a> \u00een 2013. Nu am crezut c\u0103 mutarea va fi at\u00e2t de u\u0219oar\u0103 pe c\u00e2t au f\u0103cut-o ei.\"<\/em> - Reem via <a href=\"http:\/\/www.mymovingreviews.com\/movers\/amj-campbell-van-lines-1281#15661\" target=\"_blank\" rel=\"noopener\">MyMovingReviews.com<\/a> <\/li>\n<li> <em>AMJ ne-a ajutat pe so\u021bul meu \u0219i pe mine s\u0103 ne mut\u0103m de Ziua Canadei - a\u0219a c\u0103, de\u0219i am pl\u0103tit o prim\u0103 pentru a ne muta \u00een ziua de s\u0103rb\u0103toare, a meritat fiecare b\u0103nu\u021b.<\/em> - Renee M. via <a href=\"http:\/\/www.yelp.co.uk\/biz\/amj-campbell-van-lines-vancouver?hrid=g252Zt8_i0oO1eStByhl0A&#038;utm_campaign=www_review_share_popup&#038;utm_medium=copy_link&#038;utm_source=(direct)\" target=\"_blank\" rel=\"noopener\">Yelp<\/a><\/li>\n<\/ul>\n<p><strong>Negativ:<\/strong><\/p>\n<ul>\n<li> <em>\"Salveaz\u0103-\u021bi s\u0103n\u0103tatea mintal\u0103 \u0219i banii. \u00centreaga echip\u0103 de la AMJ Campbell este cea mai proast\u0103.\"<\/em> - Foarte nemul\u021bumit \u00een <a href=\"https:\/\/moverdb.com\/ro\/moving-to-canada\/moving-to-vancouver\/\" data-internallinksmanager029f6b8e52c=\"438\" title=\"V\u0103 muta\u021bi la Vancouver? 2026 Costuri de trai \u0219i sfaturi de relocare\">Vancouver<\/a> via <a href=\"https:\/\/homestars.com\/companies\/195139-amj-campbell\/reviews\/450056\" target=\"_blank\" rel=\"noopener\">HomeStars<\/a><\/li>\n<li> <em>\"A fost cu adev\u0103rat nefericit s\u0103 am de-a face cu aceast\u0103 companie necinstit\u0103.\"<\/em> - Maher via <a href=\"http:\/\/www.mymovingreviews.com\/movers\/amj-campbell-van-lines-1281#54125\" target=\"_blank\" rel=\"noopener\">MyMovingReviews.com<\/a> <\/li>\n<li> <em>\u0218oferul lor a fost extrem de evaziv \u0219i neprofesionist.<\/em> - SA S. via <a href=\"http:\/\/www.yelp.co.uk\/biz\/amj-campbell-van-lines-vancouver?hrid=8M5PJ1TTLqQx72k6lEsKLA&#038;utm_campaign=www_review_share_popup&#038;utm_medium=copy_link&#038;utm_source=(direct)\" target=\"_blank\" rel=\"noopener\">Yelp<\/a><\/li>\n<\/ul>\n<div itemprop=\"review\" itemscope itemtype=\"http:\/\/schema.org\/Review\">\n<span itemprop=\"author\" itemscope=\"\" itemtype=\"http:\/\/schema.org\/Organization\"><span itemprop=\"name\">MoverDB.com<\/span><\/span> Revizuirea online a site-ului pentru <span itemprop=\"itemreviewed\" itemscope=\"\" itemtype=\"http:\/\/schema.org\/Brand\"><span itemprop=\"name\">AMJ Campbell Van Lines<\/span><\/span>:<\/p>\n<ol>\n<li> Detalii de contact clare pe site-ul web (inclusiv num\u0103rul de telefon): <strong>Da<\/strong><\/li>\n<li> U\u0219or de ob\u021binut <a href=\"https:\/\/moverdb.com\/ro\/citate\/\">citate interna\u021bionale \u00een mi\u0219care<\/a>? (Formular de solicitare a unui deviz online): <strong>Da<\/strong><\/li>\n<li> Informa\u021bii clare pe site-ul web: <strong>Da<\/strong>, de\u0219i nu sunt \u00eentotdeauna cele mai u\u0219or de g\u0103sit.<\/li>\n<li> Apartenen\u021ba la organiza\u021bii interna\u021bionale recunoscute \u00een domeniul mut\u0103rii: <strong>Da<\/strong>, (a se vedea mai sus)<\/li>\n<li> Lista de clien\u021bi \u0219i\/sau m\u0103rturii ale clien\u021bilor anteriori. <strong>Da,<\/strong> ambele site-uri web con\u021bin m\u0103rturii \u0219i recenzii ale clien\u021bilor.<\/li>\n<\/ol>\n<div itemprop=\"reviewRating\" itemscope itemtype=\"http:\/\/schema.org\/Rating\"><meta itemprop=\"worstRating\" content = \"0\" \/><meta itemprop=\"bestRating\" content=\"5\" \/><meta itemprop=\"ratingValue\" content=\"4.5\"><\/div>\n<p><strong>Scor general: 4.5\/5<\/strong><br \/>\n<strong>Data revizuirii:<\/strong> <span itemprop=\"datePublished\" content=\"2016-08-21\">21\/08\/2016<\/span>\n<\/div>\n<p>Citi\u021bi mai multe despre <a href=\"https:\/\/moverdb.com\/ro\/moving-companies\/\">companii interna\u021bionale de mutare<\/a>, <a href=\"https:\/\/moverdb.com\/ro\/us-canada-movers\/\">Companii canadiene de mutare<\/a> \u0219i a noastr\u0103 <a href=\"https:\/\/moverdb.com\/ro\/comentarii\/\">procesul de revizuire<\/a>.<\/p>\n<p><strong>Site web:<\/strong> Intern: <a href=\"http:\/\/www.amjcampbell.com\" target=\"_blank\" rel=\"noopener\">http:\/\/www.amjcampbell.com<\/a>, Interna\u021bional: <a href=\"http:\/\/amj-international.com\" target=\"_blank\" rel=\"noopener\">http:\/\/amj-international.com<\/a><\/p>","protected":false},"excerpt":{"rendered":"<p>AMJ Campbell Van Lines is based in Toronto, Canada and it offers its customers various moving and storage services which are listed below. There is also a company profile and reviews for your information. International Moving Door to door full service Professional packing and unpacking Highest quality packing materials Inventory management Road, sea and air [&hellip;]<\/p>\n","protected":false},"author":1,"featured_media":0,"parent":0,"menu_order":0,"comment_status":"closed","ping_status":"closed","template":"","meta":{"_genesis_hide_title":false,"_genesis_hide_breadcrumbs":false,"_genesis_hide_singular_image":false,"_genesis_hide_footer_widgets":false,"_genesis_custom_body_class":"","_genesis_custom_post_class":"","_genesis_layout":"","footnotes":""},"class_list":{"0":"post-1062","1":"page","2":"type-page","3":"status-publish","5":"entry"},"_links":{"self":[{"href":"https:\/\/moverdb.com\/ro\/wp-json\/wp\/v2\/pages\/1062","targetHints":{"allow":["GET"]}}],"collection":[{"href":"https:\/\/moverdb.com\/ro\/wp-json\/wp\/v2\/pages"}],"about":[{"href":"https:\/\/moverdb.com\/ro\/wp-json\/wp\/v2\/types\/page"}],"author":[{"embeddable":true,"href":"https:\/\/moverdb.com\/ro\/wp-json\/wp\/v2\/users\/1"}],"replies":[{"embeddable":true,"href":"https:\/\/moverdb.com\/ro\/wp-json\/wp\/v2\/comments?post=1062"}],"version-history":[{"count":6,"href":"https:\/\/moverdb.com\/ro\/wp-json\/wp\/v2\/pages\/1062\/revisions"}],"predecessor-version":[{"id":6172,"href":"https:\/\/moverdb.com\/ro\/wp-json\/wp\/v2\/pages\/1062\/revisions\/6172"}],"wp:attachment":[{"href":"https:\/\/moverdb.com\/ro\/wp-json\/wp\/v2\/media?parent=1062"}],"curies":[{"name":"wp","href":"https:\/\/api.w.org\/{rel}","templated":true}]}}