{"id":1060,"date":"2016-08-21T20:38:32","date_gmt":"2016-08-21T20:38:32","guid":{"rendered":"http:\/\/moverdb.com\/?page_id=1060"},"modified":"2026-01-08T15:20:47","modified_gmt":"2026-01-08T15:20:47","slug":"suddath","status":"publish","type":"page","link":"https:\/\/moverdb.com\/ro\/suddath\/","title":{"rendered":"Suddath: Mutarea \u0219i relocarea interna\u021bional\u0103 Recenzii"},"content":{"rendered":"<p>Suddath ofer\u0103 clien\u021bilor s\u0103i servicii complete de mutare \u0219i depozitare at\u00e2t la nivel interna\u021bional, c\u00e2t \u0219i local. Acestea sunt enumerate mai jos, \u00eempreun\u0103 cu un profil al companiei \u0219i recenzii.<\/p>\n<p><strong>Mutarea \u0219i depozitarea interna\u021bional\u0103<\/strong><\/p>\n<ul>\n<li> Expediere de bunuri de uz casnic<\/li>\n<li> Consilier de mi\u0219care desemnat<\/li>\n<li> Kit de pre-mutare<\/li>\n<li> Informare \u0219i consiliere vamal\u0103<\/li>\n<li> Informa\u021bii privind destina\u021bia<\/li>\n<li> Facilit\u0103\u021bi de depozitare<\/li>\n<li> Evaluare sau consiliere \u00een domeniul asigur\u0103rilor<\/li>\n<\/ul>\n<p><strong>Managementul politicii \u0219i programului de relocare corporativ\u0103<\/strong><\/p>\n<ul>\n<li> Revizuirea \u0219i\/sau elaborarea politicii de relocare<\/li>\n<li> Administrarea politicilor<\/li>\n<li> Echip\u0103 dedicat\u0103, cu experien\u021b\u0103 \u00een gestionarea conturilor<\/li>\n<li> Program de asigurare a calit\u0103\u021bii cu parametri m\u0103surabili<\/li>\n<li> Acces online sau raportare \u0219i urm\u0103rire a expedierilor<\/li>\n<\/ul>\n<p><strong>Alte servicii de mobilitate global\u0103<\/strong><\/p>\n<ul>\n<li> Evaluarea comparativ\u0103, revizuirea \u0219i dezvoltarea politicii globale<\/li>\n<li> Servicii de plecare \u0219i v\u00e2nzare de locuin\u021be<\/li>\n<li> Previziuni privind costurile<\/li>\n<li> Evaluarea candida\u021bilor<\/li>\n<li> Consiliere fiscal\u0103 \u0219i de securitate social\u0103<\/li>\n<li> Servicii de atribuire \u00een curs de desf\u0103\u0219urare<\/li>\n<li> Excursie \u00eenainte de repartizare<\/li>\n<li> Interculturalitate, con\u0219tientizare a afacerilor \u0219i formare lingvistic\u0103<\/li>\n<li> Leasing sau finan\u021bare auto<\/li>\n<li> C\u0103utarea \u0219colii<\/li>\n<li> Programul de repatriere<\/li>\n<\/ul>\n<p><strong>Worldwide Government Moving and Storage<\/strong><\/p>\n<ul>\n<li> Servicii complete de mutare pentru guvern \u0219i armat\u0103<\/li>\n<\/ul>\n<p><strong><a href=\"https:\/\/moverdb.com\/ro\/moving-to-the-united-states\/\" data-internallinksmanager029f6b8e52c=\"94\" title=\"V\u0103 muta\u021bi \u00een Statele Unite? 2026 Costurile vie\u021bii \u0219i sfaturi de relocare\">SUA<\/a> Mutarea \u0219i depozitarea reziden\u021bial\u0103<\/strong><\/p>\n<p><strong>Relocare corporativ\u0103<\/strong><\/p>\n<ul>\n<li> Evaluarea \u0219i consultarea politicii de mutare<\/li>\n<li> Managementul mut\u0103rii<\/li>\n<li> Mi\u0219c\u0103ri de grup<\/li>\n<li> Punct unic de contact<\/li>\n<li> Transport de bunuri de uz casnic<\/li>\n<li> Alte servicii de relocalizare (inclusiv servicii legate de imobiliare, ipoteci, g\u0103sirea unei locuin\u021be, servicii de destina\u021bie)<\/li>\n<\/ul>\n<p><strong>Reziden\u021bial, Relocare privat\u0103<\/strong><\/p>\n<ul>\n<li> Estimare \u00eenainte de mutare<\/li>\n<li> Coordonator de mutare dedicat<\/li>\n<li> Servicii de ambalare (la origine \u0219i la destina\u021bie)<\/li>\n<li> Materiale de ambalare<\/li>\n<li> Urm\u0103rirea expedierii<\/li>\n<li> Servicii de depozitare<\/li>\n<li> Servicii de relocare \u0219i servicii legate de imobiliare<\/li>\n<\/ul>\n<h2>Profilul companiei Suddath<\/h2>\n<p>Suddath, Suddath Van Lines \u0219i Suddath Relocations Systems sunt o familie de companii care a \u00eenceput \u00een 1919 \u00een Jacksonville, <a href=\"https:\/\/moverdb.com\/ro\/moving-to-the-united-states\/moving-to-florida\/\" data-internallinksmanager029f6b8e52c=\"331\" title=\"Mutarea \u00een Florida? 2026 Costurile de trai \u0219i sfaturi de relocare\">Florida<\/a> de Carl Suddath, care a \u00eenfiin\u021bat compania cu o dub\u0103, doi cat\u00e2ri \u0219i dou\u0103 ma\u0219ini de turism pentru a deservi noua industrie cinematografic\u0103. \u00cen prezent, compania are birouri \u00een SUA \u0219i <a href=\"https:\/\/moverdb.com\/ro\/moving-to-canada\/\" data-internallinksmanager029f6b8e52c=\"265\" title=\"Mutarea \u00een Canada? 2026 Costurile de trai \u0219i sfaturi de relocare\">Canada<\/a> \u0219i o re\u021bea larg\u0103 de agen\u021bi \u00een \u00eentreaga lume.<\/p>\n<p>Suddath se ocup\u0103 de peste 75.000 de mut\u0103ri pe an, la nivel interna\u021bional \u0219i local, pentru persoane fizice, corpora\u021bii, guverne \u0219i armat\u0103. <\/p>\n<p>Ei se m\u00e2ndresc cu m\u00e2ndria de a avea printre clien\u021bii lor de top unele dintre cele 500 de companii din Fortune 500, al\u0103turi de guvernul SUA. Suddath ofer\u0103 un serviciu complet, de la prima ofert\u0103 p\u00e2n\u0103 la despachetare \u0219i servicii de relocare.<\/p>\n<p>Suddath are urm\u0103toarele acredit\u0103ri \u0219i afilieri:<\/p>\n<ul>\n<li> <a href=\"https:\/\/moverdb.com\/ro\/fidi-faim\/\">FIDI<\/a><\/li>\n<li> Re\u021beaua interna\u021bional\u0103 de mut\u0103ri \u00een str\u0103in\u0103tate (OMNI)<\/li>\n<li> <a href=\"https:\/\/moverdb.com\/ro\/sunt\/\">Asocia\u021bia Interna\u021bional\u0103 a Transportatorilor<\/a> (<a href=\"https:\/\/moverdb.com\/ro\/iam\/\" data-internallinksmanager029f6b8e52c=\"23\" title=\"Explica\u021bii despre Asocia\u021bia Interna\u021bional\u0103 a Transportatorilor (IAM)\">IAM<\/a>)<\/li>\n<li> <a href=\"https:\/\/moverdb.com\/ro\/lacma\/\" target=\"_blank\" rel=\"noopener\">Asocia\u021bia Interna\u021bional\u0103 a Transportatorilor din America Latin\u0103 \u0219i Caraibe<\/a> (<a href=\"https:\/\/moverdb.com\/ro\/lacma\/\" data-internallinksmanager029f6b8e52c=\"28\" title=\"Asocia\u021bia Latino-American\u0103 \u0219i din Caraibe a Transportatorilor Interna\u021bionali (LACMA)\">LACMA<\/a>)<\/li>\n<li> Asocia\u021bia Panamerican\u0103 a Transportatorilor Interna\u021bionali (PAIMA)<\/li>\n<li> <a href=\"https:\/\/moverdb.com\/ro\/asociatia-britanica-a-demolatorilor\/\" target=\"_blank\" rel=\"noopener\">Asocia\u021bia Britanic\u0103 a Transportatorilor<\/a> (<a href=\"https:\/\/moverdb.com\/ro\/british-association-of-removers\/\" data-internallinksmanager029f6b8e52c=\"9\" title=\"Asocia\u021bia Britanic\u0103 a Transportatorilor (BAR) Explica\u021bii\">BAR<\/a>)<\/li>\n<li> <a href=\"https:\/\/moverdb.com\/ro\/consiliul-de-relocare-a-angajatilor\/\" target=\"_blank\" rel=\"noopener\">ERC la nivel mondial<\/a><\/li>\n<li> Societatea pentru managementul resurselor umane (SHRM)<\/li>\n<li> Parteneriatul comercial al clien\u021bilor \u00eempotriva terorismului (C-TPAT)<\/li>\n<li> <a href=\"https:\/\/moverdb.com\/ro\/iata\/\" target=\"_blank\" rel=\"noopener\">IATA<\/a><\/li>\n<li> Biroul pentru afaceri mai bune (BBB)<\/li>\n<li> ISO 9001-2008<\/li>\n<li> Servicii de relocare global\u0103 Brookfield<\/li>\n<li> <a href=\"https:\/\/moverdb.com\/ro\/fidi-faim\/\" data-internallinksmanager029f6b8e52c=\"16\" title=\"FIDI &amp; FAIM (FIDI Accredited International Mover) Explicat\">FAIM<\/a> Plus<\/li>\n<li> Certified Office Mover - International Office Moving Institute<\/li>\n<li> <a href=\"https:\/\/moverdb.com\/ro\/janta-promovare\/\" target=\"_blank\" rel=\"noopener\">ProMover<\/a><\/li>\n<li> Administra\u021bia General\u0103 a Serviciilor (GSA)<\/li>\n<\/ul>\n<p><strong>Suddath Moving Recenzii<\/strong><\/p>\n<p><strong>Pozitiv:<\/strong><\/p>\n<ul>\n<li> <em>\"M-au ajutat \u00een fiecare etap\u0103 a procesului de mutare.\"<\/em> - Alan H via <a href=\"http:\/\/www.yelp.com\/biz\/suddath-relocation-systems-jacksonville-3?hrid=aZPhVuYjTxAl3ImKZTmp1A&#038;utm_campaign=www_review_share_popup&#038;utm_medium=copy_link&#038;utm_source=(direct)\" target=\"_blank\" rel=\"noopener\">Yelp<\/a><\/li>\n<li> <em>\"Suddath a f\u0103cut o treab\u0103 excelent\u0103 de la \u00eenceput p\u00e2n\u0103 la sf\u00e2r\u0219it - de la contact, la studiu, la \u00eenc\u0103rcare \u0219i desc\u0103rcare \u0219i au respectat programul. O mul\u021bumire special\u0103 se adreseaz\u0103 celor 4 b\u0103ie\u021bi \u0219i \u0219oferului care fac munca grea.\"<\/em> - Wayne Ernest via <a href=\"http:\/\/reviews.birdeye.com\/suddath-relocation-systems-388913888\" target=\"_blank\" rel=\"noopener\">BirdEye<\/a> <\/li>\n<\/ul>\n<p><strong>Negativ:<\/strong><\/p>\n<ul>\n<li> <em>\"Dup\u0103 mai multe e-mailuri, cei de la Suddath mi-au oferit $2,350 pentru obiectele mele lips\u0103 \u00een valoare de $7,500.\" <\/em>Aaron C via <a href=\"http:\/\/www.yelp.com\/biz\/suddath-relocation-systems-jacksonville-3?hrid=NyswOKGKwwPmsuorvGtzew&#038;utm_campaign=www_review_share_popup&#038;utm_medium=copy_link&#038;utm_source=(direct)\" target=\"_blank\" rel=\"noopener\">Yelp<\/a> <\/li>\n<li> \"M-am mutat de mai multe ori \u00een ultimii 15 ani \u0219i asta a fost cea mai proast\u0103. <a href=\"https:\/\/moverdb.com\/ro\/moving-companies\/\" data-internallinksmanager029f6b8e52c=\"79\" title=\"Top 25 Companii interna\u021bionale de mutare online\">companie \u00een mi\u0219care<\/a> cu care am avut vreodat\u0103 de-a face.\" - Peter Burgess via <a href=\"http:\/\/www.mymovingreviews.com\/movers\/suddath-120#26803\" target=\"_blank\" rel=\"noopener\">MyMovingReviews.com<\/a><\/li>\n<\/ul>\n<div itemprop=\"review\" itemscope itemtype=\"http:\/\/schema.org\/Review\">\n<span itemprop=\"author\" itemscope=\"\" itemtype=\"http:\/\/schema.org\/Organization\"><span itemprop=\"name\">MoverDB.com<\/span><\/span> Revizuirea online a site-ului pentru <span itemprop=\"itemreviewed\" itemscope=\"\" itemtype=\"http:\/\/schema.org\/Brand\"><span itemprop=\"name\">Suddath<\/span><\/span>:<\/p>\n<ol>\n<li> Detalii de contact clare pe site-ul web (inclusiv num\u0103rul de telefon): <strong>Da<\/strong><\/li>\n<li> U\u0219or de ob\u021binut <a href=\"https:\/\/moverdb.com\/ro\/citate\/\">citate interna\u021bionale \u00een mi\u0219care<\/a>? (Formular de solicitare a unui deviz online): <strong>Da<\/strong><\/li>\n<li> Informa\u021bii clare pe site-ul web: <strong>Par\u021bial<\/strong>, Site-ul con\u021bine multe pagini, dar majoritatea informa\u021biilor sunt mai degrab\u0103 generice.<\/li>\n<li> Apartenen\u021ba la organiza\u021bii interna\u021bionale recunoscute \u00een domeniul mut\u0103rii: <strong>Da<\/strong>, multe, vezi mai sus<\/li>\n<li> Lista de clien\u021bi \u0219i\/sau m\u0103rturii ale clien\u021bilor anteriori: <strong>Unii,<\/strong> are studii de caz, dar nu \u0219i recenzii detaliate sau m\u0103rturii.<\/li>\n<\/ol>\n<div itemprop=\"reviewRating\" itemscope itemtype=\"http:\/\/schema.org\/Rating\"><meta itemprop=\"worstRating\" content = \"0\" \/><meta itemprop=\"bestRating\" content=\"5\" \/><meta itemprop=\"ratingValue\" content=\"4\"><\/div>\n<p><strong>Scor general: 4\/5<\/strong><br \/>\n<strong>Data revizuirii:<\/strong> <span itemprop=\"datePublished\" content=\"2016-08-21\">21\/08\/2016<\/span>\n<\/div>\n<p>Citi\u021bi mai multe despre <a href=\"https:\/\/moverdb.com\/ro\/moving-companies\/\">mutan\u021bi interna\u021bionali<\/a>, <a href=\"https:\/\/moverdb.com\/ro\/us-canada-movers\/\">Transportatorii nord-americani<\/a> \u0219i a noastr\u0103 <a href=\"https:\/\/moverdb.com\/ro\/comentarii\/\">procesul de revizuire<\/a>.<\/p>\n<p><strong>Site web:<\/strong> <a href=\"http:\/\/suddath.com\" target=\"_blank\" rel=\"noopener\">http:\/\/suddath.com<\/a><\/p>","protected":false},"excerpt":{"rendered":"<p>Suddath offers its clients full service moving and storage both internationally and locally. These are listed below, together with a company profile and reviews. International Moving and Storage Shipment of household goods Assigned move counsellor Pre-move kit Customs information and counselling Destination information Storage facilities Valuation or insurance counselling Corporate relocation policy and program management [&hellip;]<\/p>\n","protected":false},"author":1,"featured_media":0,"parent":0,"menu_order":0,"comment_status":"closed","ping_status":"closed","template":"","meta":{"_genesis_hide_title":false,"_genesis_hide_breadcrumbs":false,"_genesis_hide_singular_image":false,"_genesis_hide_footer_widgets":false,"_genesis_custom_body_class":"","_genesis_custom_post_class":"","_genesis_layout":"","footnotes":""},"class_list":{"0":"post-1060","1":"page","2":"type-page","3":"status-publish","5":"entry"},"_links":{"self":[{"href":"https:\/\/moverdb.com\/ro\/wp-json\/wp\/v2\/pages\/1060","targetHints":{"allow":["GET"]}}],"collection":[{"href":"https:\/\/moverdb.com\/ro\/wp-json\/wp\/v2\/pages"}],"about":[{"href":"https:\/\/moverdb.com\/ro\/wp-json\/wp\/v2\/types\/page"}],"author":[{"embeddable":true,"href":"https:\/\/moverdb.com\/ro\/wp-json\/wp\/v2\/users\/1"}],"replies":[{"embeddable":true,"href":"https:\/\/moverdb.com\/ro\/wp-json\/wp\/v2\/comments?post=1060"}],"version-history":[{"count":6,"href":"https:\/\/moverdb.com\/ro\/wp-json\/wp\/v2\/pages\/1060\/revisions"}],"predecessor-version":[{"id":6242,"href":"https:\/\/moverdb.com\/ro\/wp-json\/wp\/v2\/pages\/1060\/revisions\/6242"}],"wp:attachment":[{"href":"https:\/\/moverdb.com\/ro\/wp-json\/wp\/v2\/media?parent=1060"}],"curies":[{"name":"wp","href":"https:\/\/api.w.org\/{rel}","templated":true}]}}