{"id":1059,"date":"2016-08-21T14:56:28","date_gmt":"2016-08-21T14:56:28","guid":{"rendered":"http:\/\/moverdb.com\/?page_id=1059"},"modified":"2026-01-08T14:47:35","modified_gmt":"2026-01-08T14:47:35","slug":"arpin-van-lines","status":"publish","type":"page","link":"https:\/\/moverdb.com\/ro\/arpin-van-lines\/","title":{"rendered":"Arpin Van Lines: Servicii de mutare \u0219i recenzii"},"content":{"rendered":"<p>Arpin Van Lines are sediul \u00een West Warwick, RI \u0219i ofer\u0103 clien\u021bilor s\u0103i o gam\u0103 larg\u0103 de servicii at\u00e2t la nivel interna\u021bional, c\u00e2t \u0219i local. Aceste servicii sunt enumerate mai jos, \u00eempreun\u0103 cu un profil al companiei \u0219i recenzii. De asemenea, mut\u0103rile interna\u021bionale sunt gestionate de <a href=\"https:\/\/moverdb.com\/ro\/arpin-international\/\">Arpin International<\/a>.<\/p>\n<p><strong>Muta\u021bii interna\u021bionale<\/strong><\/p>\n<ul>\n<li> Personal multicultural \u0219i multilingv<\/li>\n<li> Coordonator dedicat pentru mut\u0103ri interna\u021bionale<\/li>\n<li> Din u\u0219\u0103 \u00een u\u0219\u0103<\/li>\n<li> Ambalare \u0219i despachetare<\/li>\n<li> Demontarea \u0219i remontarea mobilierului \u0219i\/sau a bunurilor<\/li>\n<li> Asisten\u021b\u0103 la vam\u0103<\/li>\n<li> Mi\u0219c\u0103ri transfrontaliere - <a href=\"https:\/\/moverdb.com\/ro\/moving-to-canada\/\" data-internallinksmanager029f6b8e52c=\"265\" title=\"Mutarea \u00een Canada? 2026 Costurile de trai \u0219i sfaturi de relocare\">Canada<\/a><\/li>\n<\/ul>\n<p><strong>GSA \u0219i mut\u0103ri militare<\/strong><\/p>\n<ul>\n<li> Militar\u0103<\/li>\n<li> Guvern\/GSA<\/li>\n<li> Mi\u0219c\u0103rile veteranilor<\/li>\n<li> Transformare militar\u0103<\/li>\n<\/ul>\n<p><strong>Mutarea gospod\u0103riilor<\/strong><\/p>\n<ul>\n<li> Mut\u0103ri locale<\/li>\n<li> Mut\u0103ri pe distan\u021be lungi<\/li>\n<li> Mi\u0219c\u0103ri senior<\/li>\n<li> Solu\u021bie de mutare mic\u0103<\/li>\n<\/ul>\n<p><strong>Depozitare<\/strong><\/p>\n<ul>\n<li> Pe termen lung<\/li>\n<li> Pe termen scurt<\/li>\n<li> Unele spa\u021bii de depozitare cu clim\u0103 controlat\u0103<\/li>\n<li> Depozitarea \u00een containere<\/li>\n<\/ul>\n<h2>Profilul companiei Arpin Van Lines<\/h2>\n<p>Arpin Van Lines a fost fondat\u0103 \u00een 1900 \u0219i, prin urmare, a mutat oameni \u0219i \u00eentreprinderi de peste 100 de ani \u0219i este \u00eenc\u0103 o afacere de familie. <\/p>\n<p>Compania se m\u00e2ndre\u0219te cu executarea unor mut\u0103ri locale, interurbane \u0219i interna\u021bionale aproape perfecte sau perfecte. Aceasta are 385 de agen\u021bii \u00een <a href=\"https:\/\/moverdb.com\/ro\/moving-to-the-united-states\/\" data-internallinksmanager029f6b8e52c=\"94\" title=\"V\u0103 muta\u021bi \u00een Statele Unite? 2026 Costurile vie\u021bii \u0219i sfaturi de relocare\">Statele Unite ale Americii<\/a> \u0219i a \u00eencheiat parteneriate cu agen\u021bii de top, de \u00eencredere la nivel global, pentru a oferi calitatea pe care o promite.<\/p>\n<p>Principalul obiectiv al companiei este mutarea. Ace\u0219tia colaboreaz\u0103 cu companii de relocalizare din SUA \u0219i din \u00eentreaga lume. Arpin Van Lines efectueaz\u0103 \u00een jur de 14.000 de mut\u0103ri GSA \u0219i militare pe an.<\/p>\n<p>Arpin Van Lines sprijin\u0103 Save the Children, Habitat for Humanity \u0219i Audubon Society of <a href=\"https:\/\/moverdb.com\/ro\/moving-to-the-united-states\/moving-to-rhode-island\/\" data-internallinksmanager029f6b8e52c=\"450\" title=\"V\u0103 muta\u021bi \u00een Rhode Island? 2026 Costuri de trai \u0219i sfaturi de relocare\">Rhode Island<\/a>. Compania aplic\u0103 o politic\u0103 ecologic\u0103 riguroas\u0103, care i-a adus numeroase premii pentru reducerea amprentei de carbon.<\/p>\n<p>Arpin Van Lines are urm\u0103toarele acredit\u0103ri \u0219i afilieri:<\/p>\n<ul>\n<li> The <a href=\"https:\/\/moverdb.com\/ro\/amsa\/\">Asocia\u021bia american\u0103 de mutare \u0219i depozitare<\/a> (<a href=\"https:\/\/moverdb.com\/ro\/amsa\/\" data-internallinksmanager029f6b8e52c=\"5\" title=\"Asocia\u021bia American\u0103 de Mutare \u0219i Depozitare (AMSA) Explicat\">AMSA<\/a>)<\/li>\n<li> <a href=\"https:\/\/moverdb.com\/ro\/consiliul-de-relocare-a-angajatilor\/\">ERC la nivel mondial<\/a><\/li>\n<li> Asocia\u021bia na\u021bional\u0103 a managerilor de mut\u0103ri pentru seniori (NASMM)<\/li>\n<li> Certificat <a href=\"https:\/\/moverdb.com\/ro\/janta-promovare\/\">ProMover<\/a><\/li>\n<li> Biroul pentru afaceri mai bune (BBB) A+<\/li>\n<li> Partener de transport SmartWay<\/li>\n<li> ISSP<\/li>\n<\/ul>\n<h2>Recenzii Arpin Van Lines<\/h2>\n<p><strong>Pozitiv:<\/strong><\/p>\n<ul>\n<li> <em>\"Nu sunt destul de sigur de ce exist\u0103 at\u00e2t de multe recenzii proaste, dar eu, pe de alt\u0103 parte, am avut o experien\u021b\u0103 excelent\u0103! Ar fi putut fi vorba de filiala local\u0103 care s-a ocupat de mutare sau de reputa\u021bia companiei. \u00cen orice caz, experien\u021ba mea a fost fantastic\u0103 de la \u00eenceput p\u00e2n\u0103 la sf\u00e2r\u0219it!\"<\/em> - Jay Cee via <a href=\"http:\/\/www.yelp.com\/biz\/arpin-van-lines-west-warwick-2?hrid=OS55XvTTjsx1-lntFW5mvw&#038;utm_campaign=www_review_share_popup&#038;utm_medium=copy_link&#038;utm_source=(direct)\" target=\"_blank\" rel=\"noopener\">Yelp<\/a><\/li>\n<li> \"Trebuie s\u0103 spun c\u0103 b\u0103ie\u021bii de la Arpin Van Lines au f\u0103cut o treab\u0103 cu adev\u0103rat incredibil\u0103 pentru noi. Au ajuns la timp c\u00e2nd au spus c\u0103 vor veni \u0219i au f\u0103cut ca \u00eentreaga mutare s\u0103 fie foarte u\u0219oar\u0103.\"<\/em> - Emmanuel P. via <a href=\"https:\/\/www.customerlobby.com\/reviews\/28943\/arpin-van-lines-inc\/review\/877013\" target=\"_blank\" rel=\"noopener\">Lobby-ul clien\u021bilor<\/a> <\/li>\n<li> <em>\"Am vrut doar s\u0103 v\u0103 spun c\u00e2t de mul\u021bumit \u0219i satisf\u0103cut am fost de mutare.  Cei de la birou m-au verificat \u0219i chiar s-au preocupat de cum decurge totul pentru mine \u0219i familia mea.\"<\/em> - Yuriko Sprott via <a href=\"http:\/\/www.mymovingreviews.com\/movers\/arpin-van-lines-664#39723\" target=\"_blank\" rel=\"noopener\">MyMovingReviews.com<\/a> <\/li>\n<\/ul>\n<p><strong>Negativ:<\/strong><\/p>\n<ul>\n<li> \"<em>Ne-am mutat de la <a href=\"https:\/\/moverdb.com\/ro\/moving-to-the-united-states\/moving-to-illinois\/\" data-internallinksmanager029f6b8e52c=\"401\" title=\"Mutarea \u00een Illinois? 2026 Costurile de trai \u0219i sfaturi de relocare\">Illinois<\/a> la Sacramento \u0219i experien\u021ba a fost HORRIBIL\u0102.\" <\/em>John W via <a href=\"http:\/\/www.yelp.com\/biz\/arpin-van-lines-west-warwick-2?hrid=_dchwV9PFPdLsH2-htD5dA&#038;utm_campaign=www_review_share_popup&#038;utm_medium=copy_link&#038;utm_source=(direct)\" target=\"_blank\" rel=\"noopener\">Yelp<\/a><\/li>\n<li> <em>\"Cuvintele nu pot exprima c\u00e2t de mult sper s\u0103 nu folosi\u021bi aceast\u0103 companie. Am f\u0103cut 7 mut\u0103ri \u00een afara statului din cauza serviciului so\u021bului meu \u0219i nu am fost niciodat\u0103 martor\u0103 la o asemenea incompeten\u021b\u0103.\"<\/em> - Marci R. via <a href=\"https:\/\/www.customerlobby.com\/reviews\/28943\/arpin-van-lines-inc\/review\/854697\" target=\"_blank\" rel=\"noopener\">Lobby-ul clien\u021bilor<\/a><\/li>\n<li> <em>\"De unde s\u0103 \u00eencep... A durat 2 s\u0103pt\u0103m\u00e2ni pentru a ob\u021bine o ofert\u0103, \u00een prezent au \u00eent\u00e2rziat 3 zile, iar eu \u0219i so\u021bia mea \u00eens\u0103rcinat\u0103 va trebui s\u0103 dormim pe o saltea gonflabil\u0103 cu o valiz\u0103 p\u00e2n\u0103 c\u00e2nd vor ajunge.\"<\/em> - Mmonahan via <a href=\"http:\/\/www.mymovingreviews.com\/movers\/arpin-van-lines-664#55388\" target=\"_blank\" rel=\"noopener\">MyMovingReviews.com<\/a> <\/li>\n<\/ul>\n<div itemprop=\"review\" itemscope itemtype=\"http:\/\/schema.org\/Review\">\n<span itemprop=\"author\" itemscope=\"\" itemtype=\"http:\/\/schema.org\/Organization\"><span itemprop=\"name\">MoverDB.com<\/span><\/span> Revizuirea online a site-ului pentru <span itemprop=\"itemreviewed\" itemscope=\"\" itemtype=\"http:\/\/schema.org\/Brand\"><span itemprop=\"name\">Arpin Van Lines<\/span><\/span>:<\/p>\n<ol>\n<li> Detalii de contact clare pe site-ul web (inclusiv num\u0103rul de telefon): <strong>Da<\/strong><\/li>\n<li> U\u0219or de ob\u021binut <a href=\"https:\/\/moverdb.com\/ro\/citate\/\">citate interna\u021bionale \u00een mi\u0219care<\/a>? (Formular de solicitare a unui deviz online): <strong>Da<\/strong><\/li>\n<li> Informa\u021bii clare pe site-ul web: <strong>Da,<\/strong> site-ul web are ghiduri \u0219i videoclipuri.<\/li>\n<li> Apartenen\u021ba la organiza\u021bii interna\u021bionale recunoscute \u00een domeniul mut\u0103rii: <strong>Da<\/strong>, (a se vedea mai sus)<\/li>\n<li> Lista de clien\u021bi \u0219i\/sau m\u0103rturii ale clien\u021bilor anteriori. <strong>Par\u021bial<\/strong> Ei listeaz\u0103 m\u0103rturiile clien\u021bilor prin intermediul Customer Lobby, vezi mai sus<\/li>\n<\/ol>\n<div itemprop=\"reviewRating\" itemscope itemtype=\"http:\/\/schema.org\/Rating\"><meta itemprop=\"worstRating\" content = \"0\" \/><meta itemprop=\"bestRating\" content=\"5\" \/><meta itemprop=\"ratingValue\" content=\"4\"><\/div>\n<p><strong>Scor general: 4\/5<\/strong><br \/>\n<strong>Data revizuirii:<\/strong> <span itemprop=\"datePublished\" content=\"2016-08-21\">21\/08\/2016<\/span>\n<\/div>\n<p>Citi\u021bi mai multe despre <a href=\"https:\/\/moverdb.com\/ro\/moving-companies\/\">mutan\u021bi interna\u021bionali<\/a>, <a href=\"https:\/\/moverdb.com\/ro\/us-canada-movers\/\">SUA se deplaseaz\u0103<\/a> \u0219i a noastr\u0103 <a href=\"https:\/\/moverdb.com\/ro\/comentarii\/\">procesul de revizuire<\/a>.<\/p>\n<p><strong>Site web:<\/strong> <a href=\"http:\/\/www.arpin.com\" target=\"_blank\" rel=\"noopener\">http:\/\/www.arpin.com<\/a><\/p>","protected":false},"excerpt":{"rendered":"<p>Arpin Van Lines is based in West Warwick, RI and offers its customers a wide range of services both internationally and locally. These services are listed below, together with a company profile and reviews. International moves are also handled by Arpin International. International Moves Multicultural and multilingual staff Dedicated international move coordinator Door to door [&hellip;]<\/p>\n","protected":false},"author":1,"featured_media":0,"parent":0,"menu_order":0,"comment_status":"closed","ping_status":"closed","template":"","meta":{"_genesis_hide_title":false,"_genesis_hide_breadcrumbs":false,"_genesis_hide_singular_image":false,"_genesis_hide_footer_widgets":false,"_genesis_custom_body_class":"","_genesis_custom_post_class":"","_genesis_layout":"","footnotes":""},"class_list":{"0":"post-1059","1":"page","2":"type-page","3":"status-publish","5":"entry"},"_links":{"self":[{"href":"https:\/\/moverdb.com\/ro\/wp-json\/wp\/v2\/pages\/1059","targetHints":{"allow":["GET"]}}],"collection":[{"href":"https:\/\/moverdb.com\/ro\/wp-json\/wp\/v2\/pages"}],"about":[{"href":"https:\/\/moverdb.com\/ro\/wp-json\/wp\/v2\/types\/page"}],"author":[{"embeddable":true,"href":"https:\/\/moverdb.com\/ro\/wp-json\/wp\/v2\/users\/1"}],"replies":[{"embeddable":true,"href":"https:\/\/moverdb.com\/ro\/wp-json\/wp\/v2\/comments?post=1059"}],"version-history":[{"count":7,"href":"https:\/\/moverdb.com\/ro\/wp-json\/wp\/v2\/pages\/1059\/revisions"}],"predecessor-version":[{"id":6176,"href":"https:\/\/moverdb.com\/ro\/wp-json\/wp\/v2\/pages\/1059\/revisions\/6176"}],"wp:attachment":[{"href":"https:\/\/moverdb.com\/ro\/wp-json\/wp\/v2\/media?parent=1059"}],"curies":[{"name":"wp","href":"https:\/\/api.w.org\/{rel}","templated":true}]}}