{"id":1058,"date":"2016-07-25T21:05:23","date_gmt":"2016-07-25T21:05:23","guid":{"rendered":"http:\/\/moverdb.com\/?page_id=1058"},"modified":"2026-01-08T14:40:09","modified_gmt":"2026-01-08T14:40:09","slug":"mayflower-transit","status":"publish","type":"page","link":"https:\/\/moverdb.com\/ro\/mayflower-transit\/","title":{"rendered":"Mayflower Transit: Servicii de mutare interna\u021bional\u0103 \u0219i recenzii"},"content":{"rendered":"<p>Mayflower Transit ofer\u0103 clien\u021bilor s\u0103i o gam\u0103 de servicii de mutare intern\u0103 \u0219i interna\u021bional\u0103, care sunt enumerate mai jos. De asemenea, urmeaz\u0103 un profil al companiei \u0219i recenzii.<\/p>\n<p><strong>Transportatorii interna\u021bionali<\/strong><\/p>\n<p>Servicii de pre-atribuire<\/p>\n<ul>\n<li> Servicii de viz\u0103 \u0219i imigrare<\/li>\n<li> Excursie de previzualizare \u0219i orientare \u00een zon\u0103<\/li>\n<li> Informa\u021bii despre \u021bar\u0103 \u0219i cultur\u0103<\/li>\n<\/ul>\n<p>Servicii de mutare<\/p>\n<ul>\n<li> Planificarea \u00eenainte de mutare<\/li>\n<li> Transportul bunurilor<\/li>\n<li> Gestionarea mut\u0103rii<\/li>\n<li> Urm\u0103rirea expedierii<\/li>\n<\/ul>\n<p>Servicii de destina\u021bie interna\u021bional\u0103<\/p>\n<ul>\n<li> Formare cultural\u0103 \u0219i lingvistic\u0103<\/li>\n<li> Asisten\u021b\u0103 \u0219colar\u0103<\/li>\n<li> Sprijinul partenerului\/so\u021bului<\/li>\n<li> Instalarea \u00een serviciu<\/li>\n<li> Asisten\u021b\u0103 la plecare<\/li>\n<\/ul>\n<p>Servicii de protec\u021bie<\/p>\n<ul>\n<li> Multiplicator de greutate<\/li>\n<li> Inventar de mare valoare<\/li>\n<li> Inventar evaluat detaliat<\/li>\n<\/ul>\n<p>Asisten\u021b\u0103 pentru locuin\u021be<\/p>\n<ul>\n<li> Servicii de g\u0103sire a unei case<\/li>\n<li> Cazare temporar\u0103<\/li>\n<li> Managementul propriet\u0103\u021bii \u0219i al chiriilor<\/li>\n<\/ul>\n<p><strong><a href=\"https:\/\/moverdb.com\/ro\/moving-to-canada\/\" data-internallinksmanager029f6b8e52c=\"265\" title=\"Mutarea \u00een Canada? 2026 Costurile de trai \u0219i sfaturi de relocare\">Mutarea \u00een Canada<\/a><\/strong><\/p>\n<ul>\n<li> Documente \u0219i reglement\u0103ri necesare<\/li>\n<li> Informa\u021bii privind expedierea bunurilor<\/li>\n<li> Informa\u021bii privind <a href=\"https:\/\/moverdb.com\/ro\/auto-transport-expediere\/\">vehicule de transport maritim<\/a><\/li>\n<\/ul>\n<p><strong>Tipuri de mi\u0219c\u0103ri<\/strong><\/p>\n<ul>\n<li> Mutarea gospod\u0103riilor - pe distan\u021be scurte \u0219i lungi<\/li>\n<li> Mutatorii locali<\/li>\n<li> Transportatorii corporativi<\/li>\n<li> Transportatorii militari \u0219i guvernamentali<\/li>\n<li> <a href=\"https:\/\/moverdb.com\/ro\/moving-companies\/\" target=\"_blank\" rel=\"noopener\">Transportatorii interna\u021bionali<\/a><\/li>\n<\/ul>\n<p><strong>Servicii de mutare<\/strong><\/p>\n<ul>\n<li> Ambalare \u0219i despachetare<\/li>\n<li> Protec\u021bie \u00een mi\u0219care<\/li>\n<li> Transport auto<\/li>\n<li> Depozitare<\/li>\n<li> Serviciul de cur\u0103\u021benie<\/li>\n<li> Colectarea molozului<\/li>\n<li> Instalarea unui sistem home theatre \u0219i\/sau a unor calculatoare<\/li>\n<li> Servicii de gr\u0103din\u0103rit<\/li>\n<li> Servicii imobiliare<\/li>\n<\/ul>\n<h2>Profilul companiei Mayflower Transit<\/h2>\n<p>Mayflower Transit a fost fondat\u0103 \u00een 1927 de Conrad M. Gentry \u0219i Don F. Kenworthy \u00een Indianapolis. Membrii fondatori au vrut s\u0103 ofere oamenilor o alternativ\u0103 la transportul bunurilor lor pe calea ferat\u0103. <\/p>\n<p>P\u00e2n\u0103 la sf\u00e2r\u0219itul celui de-al Doilea R\u0103zboi Mondial, compania s-a extins \u0219i acum includea servicii precum relocarea angaja\u021bilor companiei, mutarea \u0219i organizarea de t\u00e2rguri comerciale. <\/p>\n<p>\u00cen 1995, Mayflower Transit s-a al\u0103turat grupului UniGroup, care este o companie <strong>$1,7 miliarde de euro<\/strong> companie care ofer\u0103 servicii de mutare, transport \u0219i depozitare \u00een \u00eentreaga lume. Mayflower Transit ofer\u0103 o mare varietate de servicii, de la mutarea \u0219i depozitarea \"f\u0103-o singur\", p\u00e2n\u0103 la servicii complete personalizate. <\/p>\n<p><strong>Afilieri \u0219i acredit\u0103ri ale Mayflower Transit:<\/strong><\/p>\n<ul>\n<li> Asigurarea na\u021bional\u0103 a calit\u0103\u021bii <a href=\"https:\/\/moverdb.com\/ro\/moving-to-the-united-states\/\" data-internallinksmanager029f6b8e52c=\"94\" title=\"V\u0103 muta\u021bi \u00een Statele Unite? 2026 Costurile vie\u021bii \u0219i sfaturi de relocare\">SUA<\/a> (NQA) ISO 9001:2008<\/li>\n<li> <a href=\"https:\/\/moverdb.com\/ro\/amsa\/\">Asocia\u021bia american\u0103 de mutare \u0219i depozitare<\/a> (<a href=\"https:\/\/moverdb.com\/ro\/amsa\/\" data-internallinksmanager029f6b8e52c=\"5\" title=\"Asocia\u021bia American\u0103 de Mutare \u0219i Depozitare (AMSA) Explicat\">AMSA<\/a>) - <a href=\"https:\/\/moverdb.com\/ro\/janta-promovare\/\">ProMover<\/a><\/li>\n<\/ul>\n<h2>Mayflower Transit Recenzii<\/h2>\n<p><strong>Pozitiv:<\/strong><\/p>\n<ul>\n<li> \"<em>Au ap\u0103rut la timp, au ajuns la noua noastr\u0103 adres\u0103 la timp, iar pre\u021bul final pe care l-am pl\u0103tit a fost EXACT ceea ce ne-au citat de la \u00eenceput!!! \"<\/em> - Paul I via <a href=\"http:\/\/www.mymovingreviews.com\/movers\/mayflower-movers-181#38117\" target=\"_blank\" rel=\"noopener\">MyMovingReviews.com<\/a> <\/li>\n<li> \"<em>Au f\u0103cut o treab\u0103 excelent\u0103 pentru noi, mont\u00e2nd paturile, reasambl\u00e2nd mobila care a trebuit s\u0103 fie demontat\u0103 pentru ambalare. At\u00e2t eu, c\u00e2t \u0219i so\u021bia mea am fost foarte mul\u021bumi\u021bi de modul \u00een care am fost muta\u021bi.\"<\/em> - Jon via <a href=\"https:\/\/www.consumeraffairs.com\/movers\/mayflower.html?page=3\" target=\"_blank\" rel=\"noopener\">Protec\u021bia consumatorilor<\/a> <\/li>\n<\/ul>\n<p><strong>Negativ:<\/strong><\/p>\n<ul>\n<li> \"<em>Dac\u0103 a\u0219 putea da 0 stele, a\u0219 face-o.\"<\/em> - Bill M. via <a href=\"http:\/\/www.mymovingreviews.com\/movers\/mayflower-movers-181#41675\" target=\"_blank\" rel=\"noopener\">MyMovingReviews.com<\/a><\/li>\n<li> \"<em>Mi-a\u0219 fi dorit s\u0103 fi citit recenziile \u00eenainte de a ne muta. Experien\u021ba a fost teribil\u0103 de la \u00eenceput p\u00e2n\u0103 la sf\u00e2r\u0219it\" <\/em> - Alison via <a href=\"https:\/\/www.consumeraffairs.com\/movers\/mayflower.html?page=3\" target=\"_blank\" rel=\"noopener\">Protec\u021bia consumatorilor<\/a><\/li>\n<\/ul>\n<div itemprop=\"review\" itemscope itemtype=\"http:\/\/schema.org\/Review\">\n<span itemprop=\"author\" itemscope=\"\" itemtype=\"http:\/\/schema.org\/Organization\"><span itemprop=\"name\">MoverDB.com<\/span><\/span> Revizuirea online a site-ului pentru <span itemprop=\"itemreviewed\" itemscope=\"\" itemtype=\"http:\/\/schema.org\/Brand\"><span itemprop=\"name\">Mayflower Transit<\/span><\/span>:<\/p>\n<ol>\n<li> Detalii de contact clare pe site-ul web (inclusiv num\u0103rul de telefon): <strong>Da<\/strong><\/li>\n<li> U\u0219or de ob\u021binut <a href=\"https:\/\/moverdb.com\/ro\/citate\/\">citate interna\u021bionale \u00een mi\u0219care<\/a>? (Formular de solicitare a unui deviz online): <strong>Da<\/strong><\/li>\n<li> Informa\u021bii clare pe site-ul web: <strong>Da.<\/strong> Site-ul web con\u021bine o mul\u021bime de informa\u021bii, iar mai multe sunt disponibile atunci c\u00e2nd se solicit\u0103 o ofert\u0103.<\/li>\n<li> Apartenen\u021ba la organiza\u021bii interna\u021bionale recunoscute \u00een domeniul mut\u0103rii: <strong>Da<\/strong>, a se vedea mai sus.<\/li>\n<li> Lista de clien\u021bi \u0219i\/sau m\u0103rturii ale clien\u021bilor anteriori: <strong>Da<\/strong>, exist\u0103 multe recenzii pozitive ale clien\u021bilor pe site.<\/li>\n<\/ol>\n<div itemprop=\"reviewRating\" itemscope itemtype=\"http:\/\/schema.org\/Rating\"><meta itemprop=\"worstRating\" content = \"0\" \/><meta itemprop=\"bestRating\" content=\"5\" \/><meta itemprop=\"ratingValue\" content=\"4.5\"><\/div>\n<p><strong>Scor general: 4.5\/5<\/strong><br \/>\n<strong>Data revizuirii:<\/strong> <span itemprop=\"datePublished\" content=\"2016-07-25\">25\/07\/2016<\/span>\n<\/div>\n<p>Citi\u021bi mai multe despre <a href=\"https:\/\/moverdb.com\/ro\/moving-companies\/\">companii interna\u021bionale de mutare<\/a>, <a href=\"https:\/\/moverdb.com\/ro\/us-canada-movers\/\">Transportatorii na\u021bionali din SUA<\/a> \u0219i afla\u021bi mai multe despre <a href=\"https:\/\/moverdb.com\/ro\/comentarii\/\">procesul de revizuire<\/a>.<\/p>\n<p><strong>Site web:<\/strong> <a href=\"http:\/\/www.mayflower.com\/\" target=\"_blank\" rel=\"noopener\">http:\/\/www.mayflower.com<\/a><\/p>","protected":false},"excerpt":{"rendered":"<p>Mayflower Transit offers its customers a range of domestic and international moving services, which are listed below. There also follows a company profile and reviews. International Movers Pre-assignment Services Visa and immigration services Preview trip and area orientation Country and culture information Moving Services Pre-move planning Transportation of belongings Managing the move Shipment tracking International [&hellip;]<\/p>\n","protected":false},"author":1,"featured_media":0,"parent":0,"menu_order":0,"comment_status":"closed","ping_status":"closed","template":"","meta":{"_genesis_hide_title":false,"_genesis_hide_breadcrumbs":false,"_genesis_hide_singular_image":false,"_genesis_hide_footer_widgets":false,"_genesis_custom_body_class":"","_genesis_custom_post_class":"","_genesis_layout":"","footnotes":""},"class_list":{"0":"post-1058","1":"page","2":"type-page","3":"status-publish","5":"entry"},"_links":{"self":[{"href":"https:\/\/moverdb.com\/ro\/wp-json\/wp\/v2\/pages\/1058","targetHints":{"allow":["GET"]}}],"collection":[{"href":"https:\/\/moverdb.com\/ro\/wp-json\/wp\/v2\/pages"}],"about":[{"href":"https:\/\/moverdb.com\/ro\/wp-json\/wp\/v2\/types\/page"}],"author":[{"embeddable":true,"href":"https:\/\/moverdb.com\/ro\/wp-json\/wp\/v2\/users\/1"}],"replies":[{"embeddable":true,"href":"https:\/\/moverdb.com\/ro\/wp-json\/wp\/v2\/comments?post=1058"}],"version-history":[{"count":7,"href":"https:\/\/moverdb.com\/ro\/wp-json\/wp\/v2\/pages\/1058\/revisions"}],"predecessor-version":[{"id":13174,"href":"https:\/\/moverdb.com\/ro\/wp-json\/wp\/v2\/pages\/1058\/revisions\/13174"}],"wp:attachment":[{"href":"https:\/\/moverdb.com\/ro\/wp-json\/wp\/v2\/media?parent=1058"}],"curies":[{"name":"wp","href":"https:\/\/api.w.org\/{rel}","templated":true}]}}