{"id":1042,"date":"2016-10-24T05:23:18","date_gmt":"2016-10-24T05:23:18","guid":{"rendered":"http:\/\/moverdb.com\/?page_id=1042"},"modified":"2026-01-08T14:48:06","modified_gmt":"2026-01-08T14:48:06","slug":"covan-world-wide","status":"publish","type":"page","link":"https:\/\/moverdb.com\/ro\/covan-world-wide\/","title":{"rendered":"Covan Worldwide Moving: Recenzii privind mut\u0103rile interna\u021bionale"},"content":{"rendered":"<p>Covan Worldwide Moving ofer\u0103 clien\u021bilor s\u0103i o gam\u0103 larg\u0103 de servicii. Acestea sunt enumerate mai jos, \u00eempreun\u0103 cu un profil al companiei \u0219i recenzii.<\/p>\n<p><strong>Transportatorii interna\u021bionali<\/strong><\/p>\n<ul>\n<li> Estimare gratuit\u0103 la domiciliu<\/li>\n<li> Ambalare cu servicii complete SAU Ambalare doar pentru fragili<\/li>\n<li> Crating personalizat<\/li>\n<li> <a href=\"https:\/\/moverdb.com\/ro\/auto-transport-expediere\/\">Transportul vehiculelor<\/a> (ca parte a unei mut\u0103ri de gospod\u0103rie \u0219i\/sau independent de aceasta)<\/li>\n<li> Transportul pianului (ca parte a unei mut\u0103ri de cas\u0103 \u0219i\/sau independent de aceasta)<\/li>\n<li> \u00cenf\u0103\u0219urarea gratuit\u0103 a mobilei; protec\u021bia u\u0219ilor \u0219i a podelelor<\/li>\n<li> Transportul aerian de m\u0103rfuri<\/li>\n<li> V\u0103muire<\/li>\n<li> Servicii de destina\u021bie (dezasamblare\/reasamblare, etc.)<\/li>\n<li> Urm\u0103rirea online a expedierii<\/li>\n<li> Op\u021biuni de asigurare de evaluare<\/li>\n<li> Servicii de depozitare pe termen lung sau pe termen scurt<\/li>\n<\/ul>\n<p><strong>Relocare corporativ\u0103<\/strong><\/p>\n<ul>\n<li> Estim\u0103ri gratuite la domiciliu<\/li>\n<li> Sondaj pre-mutare<\/li>\n<li> Surs\u0103 unic\u0103 de contact<\/li>\n<li> Ambalare cu servicii complete SAU ambalare par\u021bial\u0103<\/li>\n<li> Crating personalizat<\/li>\n<li> Despachetare\/dezpachetare<\/li>\n<li> Servicii de dezasamblare\/reasamblare a aparatelor - ceasuri cu ceasuri, echipamente de fitness, etc.<\/li>\n<li> Mutarea pianului (Not\u0103: Acest lucru poate fi efectuat \u0219i independent de o mutare de cas\u0103)<\/li>\n<li> Mutarea vehiculului (Not\u0103: Acest lucru poate fi efectuat \u0219i independent de o mutare a gospod\u0103riei)<\/li>\n<li> Op\u021biuni de stocare pe termen lung sau scurt<\/li>\n<li> Urm\u0103rirea online a expedierii<\/li>\n<li> Managementul mut\u0103rii<\/li>\n<li> Op\u021biuni de asigurare de evaluare<\/li>\n<li> Ajutor pentru v\u0103muire Ajutor pentru mut\u0103ri \u00een str\u0103in\u0103tate<\/li>\n<li> Servicii de destina\u021bie<\/li>\n<\/ul>\n<p><strong>Guvern \u0219i armat\u0103<\/strong><\/p>\n<ul>\n<li> Estimare gratuit\u0103 la domiciliu<\/li>\n<li> Ambalare cu servicii complete<\/li>\n<li> V\u00e2nzarea materialelor de ambalare<\/li>\n<li> <a href=\"https:\/\/moverdb.com\/ro\/car-transport-shipping\/\" data-internallinksmanager029f6b8e52c=\"2\" title=\"2026 Transport auto interna\u021bional \u0219i oferte de transport maritim de vehicule\">Transportul vehiculelor<\/a><\/li>\n<li> Transportul pianului<\/li>\n<li> Servicii de depozitare pe termen lung sau pe termen scurt<\/li>\n<li> Servicii la ter\u021bi (efectu\u0103m toate tipurile de montaj\/demontaj - ma\u0219in\u0103 de sp\u0103lat vase, frigider, lumini, televizoare, casetofoane, tablouri, paturi, dulapuri etc.)<\/li>\n<li> Urm\u0103rirea online a expedierilor pentru mut\u0103ri pe distan\u021be lungi<\/li>\n<li> Op\u021biuni de asigurare de evaluare<\/li>\n<\/ul>\n<p><strong>Comerciale Movers<\/strong><\/p>\n<ul>\n<li> Mutarea industrial\u0103<\/li>\n<li> Mutarea birourilor<\/li>\n<li> Guvernul se mut\u0103<\/li>\n<li> Calculatoare\/Electronic\u0103 \u00een mi\u0219care<\/li>\n<li> Relocare corporativ\u0103 - servicii complete<\/li>\n<\/ul>\n<p><strong>Muta\u021bii interne<\/strong><\/p>\n<ul>\n<li> Pre-move citat \u0219i plan<\/li>\n<li> Ambalare - servicii complete, articole fragile sau autoambalare<\/li>\n<li> Desc\u0103rcarea, despachetarea \u0219i aranjarea bunurilor<\/li>\n<li> Muta\u021bi orice obiect - pian, ma\u0219in\u0103, barc\u0103 \u0219i multe altele<\/li>\n<\/ul>\n<h2>Covan Worldwide Moving Profilul companiei<\/h2>\n<p>Covan Worldwide Moving a \u00eenceput \u00een 1914 \u00een Hutchinson, KS, sub numele de Merchants Transfer and Storage. J.M. Coleman, fondatorul companiei, a \u00eenceput cu patru c\u0103ru\u021be \u0219i opt cai. \u00cen prezent, exist\u0103 50 de birouri \u0219i peste 400 de agen\u021bi \u00een \u00eentreaga lume. <\/p>\n<p>Covan are peste 200 de unit\u0103\u021bi de operare interstatal\u0103 \u0219i 600 pentru mut\u0103ri locale. Misiunea sa este de a fi lider \u00een domeniul serviciilor de transport interna\u021bional \u0219i de a ob\u021bine satisfac\u021bia clien\u021bilor 100%.<\/p>\n<p>Covan World-Wide Moving are urm\u0103toarele afilieri \u0219i acredit\u0103ri:<\/p>\n<ul>\n<li> <a href=\"https:\/\/moverdb.com\/ro\/amsa\/\">Asocia\u021bia american\u0103 de mutare \u0219i depozitare<\/a> (<a href=\"https:\/\/moverdb.com\/ro\/amsa\/\" data-internallinksmanager029f6b8e52c=\"5\" title=\"Asocia\u021bia American\u0103 de Mutare \u0219i Depozitare (AMSA) Explicat\">AMSA<\/a>)<\/li>\n<li> <a href=\"https:\/\/moverdb.com\/ro\/janta-promovare\/\">ProMover<\/a><\/li>\n<li> <a href=\"https:\/\/moverdb.com\/ro\/sunt\/\">Asocia\u021bia Interna\u021bional\u0103 a Transportatorilor<\/a> (<a href=\"https:\/\/moverdb.com\/ro\/iam\/\" data-internallinksmanager029f6b8e52c=\"23\" title=\"Explica\u021bii despre Asocia\u021bia Interna\u021bional\u0103 a Transportatorilor (IAM)\">IAM<\/a>)<\/li>\n<li> <a href=\"https:\/\/moverdb.com\/ro\/janta-promovare\/\">Transportator interna\u021bional \u00eenregistrat<\/a> (<a href=\"https:\/\/moverdb.com\/ro\/rim-promover\/\" data-internallinksmanager029f6b8e52c=\"76\" title=\"Certificarea RIM International ProMover explicat\u0103\">RIM<\/a>)<\/li>\n<li> Acreditat BBB<\/li>\n<\/ul>\n<p><strong>Covan Worldwide Moving Recenzii<\/strong><\/p>\n<p><strong>Pozitiv:<\/strong><\/p>\n<ul>\n<li> <em>\"Covan a \u00eempachetat articolele noastre \u00een Norfolk VA pentru a fi expediate \u00een Guam. Auzisem pove\u0219ti de groaz\u0103 despre faptul c\u0103 am cerut firmelor de mut\u0103ri s\u0103 \u00eempacheteze obiecte \u0219i c\u0103 acestea au ajuns la destina\u021bie stricate \u0219i\/sau lips\u0103. Toate obiectele noastre au fost contabilizate \u0219i \u00een stare excelent\u0103 NIMIC nu a fost rupt sau deformat \u00een vreun fel!!!\"<\/em> - David S <a href=\"http:\/\/www.covan.com\/moving-reviews\/alabama-2519665061024629999\/\" target=\"_blank\" rel=\"noopener\">m\u0103rturie de client<\/a><\/li>\n<li> <em>\"Nu-mi vine s\u0103 cred c\u0103 abia acum m\u0103 apuc de treab\u0103, dar am vrut s\u0103 \u00eemp\u0103rt\u0103\u0219esc c\u00e2teva remarci pozitive despre <a href=\"https:\/\/moverdb.com\/ro\/moving-companies\/\" data-internallinksmanager029f6b8e52c=\"79\" title=\"Top 25 Companii interna\u021bionale de mutare online\">companie \u00een mi\u0219care<\/a> Covan Worldwide Moving. Au fost foarte respectuo\u0219i \u0219i au f\u0103cut ca procesul de ambalare s\u0103 fie u\u0219or \u0219i chiar distractiv!\"<\/em> - Emily S via <a href=\"https:\/\/www.yelp.com\/biz\/covan-world-wide-moving-kapolei?hrid=ehsMVfnz3q1xKBP5KHJCxg&#038;utm_campaign=www_review_share_popup&#038;utm_medium=copy_link&#038;utm_source=(direct)\" target=\"_blank\" rel=\"noopener\">Yelp<\/a><\/li>\n<\/ul>\n<p><strong>Negativ:<\/strong><\/p>\n<ul>\n<li> <em>\"Dac\u0103 ar fi posibil s\u0103 nu dau nicio stea, a\u0219 face-o. Nu am l\u0103sat niciodat\u0103 o recenzie proast\u0103 pentru nimeni, deoarece nu sunt un pl\u00e2ng\u0103cios, dar aceasta este de departe cea mai proast\u0103 mutare PCS pe care am experimentat-o vreodat\u0103. De unde s\u0103 \u00eencep?\"<\/em> - Lillian H. via <a href=\"https:\/\/www.yelp.com\/biz\/covan-world-wide-moving-kapolei?hrid=rRlVAPr2uu0AYHtD7q-oBw&#038;utm_campaign=www_review_share_popup&#038;utm_medium=copy_link&#038;utm_source=(direct)\" target=\"_blank\" rel=\"noopener\">Yelp<\/a>.\n<\/ul>\n<div itemprop=\"review\" itemscope itemtype=\"http:\/\/schema.org\/Review\">\n<span itemprop=\"author\" itemscope=\"\" itemtype=\"http:\/\/schema.org\/Organization\"><span itemprop=\"name\">MoverDB.com<\/span><\/span> Revizuirea online a site-ului pentru <span itemprop=\"itemreviewed\" itemscope=\"\" itemtype=\"http:\/\/schema.org\/Brand\"><span itemprop=\"name\">Covan Worldwide Moving<\/span><\/span>:<\/p>\n<ol>\n<li> Detalii de contact clare pe site-ul web (inclusiv num\u0103rul de telefon): <strong>Da<\/strong><\/li>\n<li> U\u0219or de ob\u021binut <a href=\"https:\/\/moverdb.com\/ro\/citate\/\">citate interna\u021bionale \u00een mi\u0219care<\/a>? (Formular de solicitare a unui deviz online): <strong>Da<\/strong><\/li>\n<li> Informa\u021bii clare pe site-ul web: <strong>Da<\/strong>, Site-ul web le ofer\u0103 clien\u021bilor o idee bun\u0103 despre ceea ce pot a\u0219tepta de la companie.<\/li>\n<li> Apartenen\u021ba la organiza\u021bii interna\u021bionale recunoscute \u00een domeniul mut\u0103rii: <strong>Da<\/strong>, a se vedea mai sus<\/li>\n<li> Lista de clien\u021bi \u0219i\/sau m\u0103rturii ale clien\u021bilor anteriori: <strong>Da<\/strong>, Exist\u0103 multe m\u0103rturii pozitive ale clien\u021bilor pe site, dar recenziile de pe restul web-ului par a fi \u00een mare parte negative.<\/li>\n<\/ol>\n<div itemprop=\"reviewRating\" itemscope itemtype=\"http:\/\/schema.org\/Rating\"><meta itemprop=\"worstRating\" content = \"0\" \/><meta itemprop=\"bestRating\" content=\"5\" \/><meta itemprop=\"ratingValue\" content=\"4\"><\/div>\n<p><strong>Scor general: 4\/5<\/strong><br \/>\n<strong>Data revizuirii:<\/strong> <span itemprop=\"datePublished\" content=\"2016-10-24\">24\/10\/2016<\/span>\n<\/div>\n<p>Citi\u021bi mai multe despre <a href=\"https:\/\/moverdb.com\/ro\/moving-companies\/\">companii interna\u021bionale de mutare<\/a>, <a href=\"https:\/\/moverdb.com\/ro\/us-canada-movers\/\">Transportatorii americani<\/a> \u0219i a noastr\u0103 <a href=\"https:\/\/moverdb.com\/ro\/comentarii\/\">procesul de revizuire<\/a>.<\/p>\n<p><strong>Site web:<\/strong> <a href=\"http:\/\/www.covan.com\" target=\"_blank\" rel=\"noopener\">http:\/\/www.covan.com<\/a><\/p>","protected":false},"excerpt":{"rendered":"<p>Covan Worldwide Moving offers its clients a wide range of services. These are listed below, together with a company profile and reviews. International Movers Free In-Home Estimate Full-Service Packing OR Fragile-Only Packing Custom Crating Vehicle Shipping (as part of a household move and\/or independently of one) Piano Shipping (as part of a household move and\/or [&hellip;]<\/p>\n","protected":false},"author":1,"featured_media":0,"parent":0,"menu_order":0,"comment_status":"closed","ping_status":"closed","template":"","meta":{"_genesis_hide_title":false,"_genesis_hide_breadcrumbs":false,"_genesis_hide_singular_image":false,"_genesis_hide_footer_widgets":false,"_genesis_custom_body_class":"","_genesis_custom_post_class":"","_genesis_layout":"","footnotes":""},"class_list":{"0":"post-1042","1":"page","2":"type-page","3":"status-publish","5":"entry"},"_links":{"self":[{"href":"https:\/\/moverdb.com\/ro\/wp-json\/wp\/v2\/pages\/1042","targetHints":{"allow":["GET"]}}],"collection":[{"href":"https:\/\/moverdb.com\/ro\/wp-json\/wp\/v2\/pages"}],"about":[{"href":"https:\/\/moverdb.com\/ro\/wp-json\/wp\/v2\/types\/page"}],"author":[{"embeddable":true,"href":"https:\/\/moverdb.com\/ro\/wp-json\/wp\/v2\/users\/1"}],"replies":[{"embeddable":true,"href":"https:\/\/moverdb.com\/ro\/wp-json\/wp\/v2\/comments?post=1042"}],"version-history":[{"count":5,"href":"https:\/\/moverdb.com\/ro\/wp-json\/wp\/v2\/pages\/1042\/revisions"}],"predecessor-version":[{"id":6197,"href":"https:\/\/moverdb.com\/ro\/wp-json\/wp\/v2\/pages\/1042\/revisions\/6197"}],"wp:attachment":[{"href":"https:\/\/moverdb.com\/ro\/wp-json\/wp\/v2\/media?parent=1042"}],"curies":[{"name":"wp","href":"https:\/\/api.w.org\/{rel}","templated":true}]}}