{"id":1041,"date":"2016-10-25T05:39:31","date_gmt":"2016-10-25T05:39:31","guid":{"rendered":"http:\/\/moverdb.com\/?page_id=1041"},"modified":"2026-01-08T14:47:33","modified_gmt":"2026-01-08T14:47:33","slug":"armstrong-relocare","status":"publish","type":"page","link":"https:\/\/moverdb.com\/ro\/armstrong-relocation\/","title":{"rendered":"Armstrong Relocare: Recenzii despre mutarea interna\u021bional\u0103"},"content":{"rendered":"<p>Armstrong Relocation are o abunden\u021b\u0103 de servicii de mutare pe care le ofer\u0103 clien\u021bilor s\u0103i. Acestea sunt enumerate mai jos, \u00eempreun\u0103 cu profilul companiei \u0219i recenzii.<\/p>\n<p><strong>Servicii de mutare interna\u021bional\u0103<\/strong><\/p>\n<ul>\n<li> Planificarea \u00eenainte de mutare<\/li>\n<li> Managementul personal al mut\u0103rii \u0219i planificare personalizat\u0103 a mut\u0103rii<\/li>\n<li> Pachet gratuit de preg\u0103tire a mut\u0103rii<\/li>\n<li> Ambalare\/dezambalare complet\u0103 sau par\u021bial\u0103<\/li>\n<li> Crating \u0219i ambalare special\u0103<\/li>\n<li> Protec\u021bia propriet\u0103\u021bii<\/li>\n<li> Transport aerian, maritim \u0219i\/sau terestru<\/li>\n<li> Documente de export sau de import<\/li>\n<li> <a href=\"https:\/\/moverdb.com\/ro\/expeditor-de-marfuri\/\">Expediere de m\u0103rfuri<\/a><\/li>\n<li> V\u0103muire<\/li>\n<li> Servicii de destina\u021bie<\/li>\n<li> Urm\u0103rirea online a mut\u0103rii<\/li>\n<li> Acoperirea evalu\u0103rii<\/li>\n<li> Gestionarea cererilor de desp\u0103gubire<\/li>\n<li> Depozitare pe termen scurt \u0219i pe termen lung<\/li>\n<li> \u00cendep\u0103rtarea molozului<\/li>\n<\/ul>\n<p><strong>Servicii de destina\u021bie interna\u021bional\u0103<\/strong><\/p>\n<ul>\n<li> Orientare<\/li>\n<li> Consultare \u00eenainte de decizie<\/li>\n<li> Asisten\u021b\u0103 pentru asigur\u0103ri sociale \u0219i permise de conducere<\/li>\n<li> Asisten\u021b\u0103 la semnarea contractului de \u00eenchiriere<\/li>\n<li> Mutarea \u00een asisten\u021b\u0103 de inspec\u021bie<\/li>\n<li> Program de previzualizare\/turism de familiarizare<\/li>\n<li> Asisten\u021b\u0103 pentru achizi\u021bionarea unei case<\/li>\n<li> Servicii complete de g\u0103sire a unei case<\/li>\n<li> Turism de \u00eenchiriere cu escort\u0103<\/li>\n<li> Analiza costului vie\u021bii (COLA)<\/li>\n<li> Asisten\u021b\u0103 \u0219colar\u0103<\/li>\n<li> Asisten\u021b\u0103 la instalare<\/li>\n<li> Servicii de plecare<\/li>\n<\/ul>\n<p><strong>Mut\u0103ri corporative<\/strong><\/p>\n<ul>\n<li> Consultan\u021b\u0103 \u0219i dezvoltare de politici<\/li>\n<li> Managementul mut\u0103rii bunurilor de uz casnic<\/li>\n<li> Grup \u00een mi\u0219care<\/li>\n<li> Suma forfetar\u0103<\/li>\n<li> Circula\u021bia bunurilor de uz casnic<\/li>\n<li> <a href=\"https:\/\/moverdb.com\/ro\/transport-maritim-de-containere\/\">Servicii complete de transport maritim de containere<\/a><\/li>\n<li> Raportare personalizat\u0103<\/li>\n<li> Urm\u0103rirea online a mut\u0103rii<\/li>\n<li> Acoperirea evalu\u0103rii<\/li>\n<li> Gestionarea cererilor de desp\u0103gubire<\/li>\n<li> Depozitare pe termen scurt \u0219i pe termen lung<\/li>\n<li> Crating \u0219i ambalare special\u0103<\/li>\n<li> Servicii de concierge la nivel executiv<\/li>\n<li> Declutter, etapizarea \u0219i organizarea<\/li>\n<li> Servicii de conectare la utilit\u0103\u021bi<\/li>\n<li> Selec\u021bia agentului imobiliar \u0219i planul de marketing al casei<\/li>\n<li> Rambursarea de bani la v\u00e2nzarea \u0219i cump\u0103rarea unei locuin\u021be<\/li>\n<li> Pachet gratuit de informa\u021bii privind destina\u021bia<\/li>\n<li> Locuire temporar\u0103<\/li>\n<li> Asisten\u021b\u0103 ipotecar\u0103<\/li>\n<\/ul>\n<p><strong>Mutarea reziden\u021bial\u0103<\/strong><\/p>\n<ul>\n<li> Estimare gratuit\u0103<\/li>\n<li> Gestionarea \u0219i planificarea mut\u0103rii<\/li>\n<li> Coordonator de mutare dedicat<\/li>\n<li> Ambalare\/dezambalare complet\u0103 sau par\u021bial\u0103<\/li>\n<li> Protec\u021bia propriet\u0103\u021bii<\/li>\n<li> Materiale de ambalare<\/li>\n<li> Circula\u021bia bunurilor de uz casnic<\/li>\n<li> Acoperirea de asigurare<\/li>\n<li> Depozitare pe termen scurt\/lung<\/li>\n<li> Servicii de ambalare<\/li>\n<li> Op\u021biune de mutare cu servicii complete<\/li>\n<li> Serviciul de racordare la utilit\u0103\u021bi<\/li>\n<li> Planuri de v\u00e2nzare\/cump\u0103rare de locuin\u021be imobiliare cu rambursare \u00een numerar<\/li>\n<li> Organizarea \u0219i organizarea<\/li>\n<\/ul>\n<p><strong>Mutarea facilit\u0103\u021bilor<\/strong><\/p>\n<ul>\n<li> Birou<\/li>\n<li> Industrial<\/li>\n<li> Asisten\u021b\u0103 medical\u0103<\/li>\n<li> Guvern<\/li>\n<\/ul>\n<h2>Profilul companiei Armstrong Relocation<\/h2>\n<p>Armstrong Transfer and Storage a fost fondat\u0103 \u00een 1922, iar \u00een 1957 a fost cump\u0103rat\u0103 de cumna\u021bii Clyde Springer \u0219i Jim Watson, care au \u00eenceput opera\u021biunile \u00een Memphis, <a href=\"https:\/\/moverdb.com\/ro\/moving-to-the-united-states\/moving-to-tennessee\/\" data-internallinksmanager029f6b8e52c=\"406\" title=\"Mutarea \u00een Tennessee? 2026 Costurile de trai \u0219i sfaturi de relocare\">Tennessee<\/a> \u0219i a numit compania Armstrong Relocation. \u00cen prezent, compania este \u00eenc\u0103 condus\u0103 de a treia genera\u021bie a acestor doi domni. <\/p>\n<p>Armstrong Relocation este ast\u0103zi cel mai mare agent de bunuri pentru <a href=\"https:\/\/moverdb.com\/ro\/united-van-lines\/\">United Van Lines<\/a> \u0219i are 22 de birouri \u00een <a href=\"https:\/\/moverdb.com\/ro\/moving-to-the-united-states\/\" data-internallinksmanager029f6b8e52c=\"94\" title=\"V\u0103 muta\u021bi \u00een Statele Unite? 2026 Costurile vie\u021bii \u0219i sfaturi de relocare\">SUA<\/a>, plus un lan\u021b de agen\u021bi \u00een \u00eentreaga lume pentru a se ocupa de clien\u021bii s\u0103i interna\u021bionali. Declara\u021bia de misiune a Armstrong Relocation include furnizarea de excelen\u021b\u0103 \u00een calitate \u0219i ob\u021binerea satisfac\u021biei clien\u021bilor.<\/p>\n<p>Armstrong Relocation are urm\u0103toarele afilieri \u0219i acredit\u0103ri:<\/p>\n<ul>\n<li> <a href=\"https:\/\/moverdb.com\/ro\/asociatia-britanica-a-demolatorilor\/\">Asocia\u021bia Britanic\u0103 a Transportatorilor<\/a> (<a href=\"https:\/\/moverdb.com\/ro\/british-association-of-removers\/\" data-internallinksmanager029f6b8e52c=\"9\" title=\"Asocia\u021bia Britanic\u0103 a Transportatorilor (BAR) Explica\u021bii\">BAR<\/a>)<\/li>\n<li> <a href=\"https:\/\/moverdb.com\/ro\/fidi-faim\/\">Federa\u021bia Companiilor Interna\u021bionale de Mutare<\/a> (<a href=\"https:\/\/moverdb.com\/ro\/fidi-faim\/\" data-internallinksmanager029f6b8e52c=\"16\" title=\"FIDI &amp; FAIM (FIDI Accredited International Mover) Explicat\">FIDI<\/a>)<\/li>\n<li> Forum pentru managementul expatria\u021bilor<\/li>\n<li> Transportator aerian indirect<\/li>\n<li> <a href=\"https:\/\/moverdb.com\/ro\/iata\/\">Asocia\u021bia Interna\u021bional\u0103 de Transport Aerian<\/a> (<a href=\"https:\/\/moverdb.com\/ro\/iata\/\" data-internallinksmanager029f6b8e52c=\"22\" title=\"Asocia\u021bia Interna\u021bional\u0103 de Transport Aerian (IATA) - Explica\u021bii\">IATA<\/a>)<\/li>\n<li> <a href=\"https:\/\/moverdb.com\/ro\/sunt\/\">Asocia\u021bia Interna\u021bional\u0103 a Transportatorilor<\/a> (<a href=\"https:\/\/moverdb.com\/ro\/iam\/\" data-internallinksmanager029f6b8e52c=\"23\" title=\"Explica\u021bii despre Asocia\u021bia Interna\u021bional\u0103 a Transportatorilor (IAM)\">IAM<\/a>)<\/li>\n<li> Asocia\u021bia Interna\u021bional\u0103 de Management al Facilit\u0103\u021bilor<\/li>\n<li> Organiza\u021bia Interna\u021bional\u0103 pentru Standardizare<\/li>\n<li> <a href=\"https:\/\/moverdb.com\/ro\/lacma\/\">Asocia\u021bia Interna\u021bional\u0103 a Transportatorilor din America Latin\u0103 \u0219i Caraibe<\/a> (<a href=\"https:\/\/moverdb.com\/ro\/lacma\/\" data-internallinksmanager029f6b8e52c=\"28\" title=\"Asocia\u021bia Latino-American\u0103 \u0219i din Caraibe a Transportatorilor Interna\u021bionali (LACMA)\">LACMA<\/a>)<\/li>\n<li> Re\u021beaua interna\u021bional\u0103 de mut\u0103ri \u00een str\u0103in\u0103tate (OMNI)<\/li>\n<li> Overseas Shippers Association (OSA) - membru fondator<\/li>\n<li> Societatea pentru Managementul Resurselor Umane<\/li>\n<li> Serviciul vamal \u0219i de protec\u021bie a frontierelor al SUA<\/li>\n<li> <a href=\"https:\/\/moverdb.com\/ro\/consiliul-de-relocare-a-angajatilor\/\">Consiliul mondial pentru relocarea angaja\u021bilor<\/a><\/li>\n<li> Smartway<\/li>\n<li> <a href=\"https:\/\/moverdb.com\/ro\/united-van-lines\/\">United Van Lines<\/a><\/li>\n<\/ul>\n<h2>Recenzii Armstrong Relocation<\/h2>\n<p><strong>Pozitiv:<\/strong><\/p>\n<ul>\n<li> <em>\"Echipajul Armstrong a f\u0103cut din mutare o experien\u021b\u0103 pl\u0103cut\u0103!\"<\/em> Kay T prin <a href=\"https:\/\/www.yelp.com\/biz\/armstrong-relocation-carrollton-4?hrid=LJyHKGw95UdYmBHHZwyr5Q&#038;utm_campaign=www_review_share_popup&#038;utm_medium=copy_link&#038;utm_source=(direct)\" target=\"_blank\" rel=\"noopener\">Yelp<\/a><\/li>\n<li> <em>\"Nu-mi vine s\u0103 cred c\u00e2t de u\u0219or a decurs mutarea mea. A fost u\u0219or \u0219i nu m-am stresat. Erin s-a asigurat c\u0103 aveam toate informa\u021biile de care aveam nevoie \u00een permanen\u021b\u0103 \u0219i m-a sunat frecvent pentru a verifica. Dac\u0103 voi fi vreodat\u0103 \u00een situa\u021bia de a m\u0103 reloca din nou, cu siguran\u021b\u0103 voi apela la Armstrong Relation pentru a m\u0103 duce acolo!\"<\/em> - Bfunte via <a href=\"http:\/\/www.mymovingreviews.com\/movers\/armstrong-relocation-2671#50688\" target=\"_blank\" rel=\"noopener\">MyMovingReviews.com<\/a> <\/li>\n<li> <em>\"Echipa noastr\u0103 Armstrong a fost extraordinar\u0103! Ne-au oferit un serviciu clien\u021bi excep\u021bional \u0219i au fost prieteno\u0219i, serviabili, bine organiza\u021bi, eficien\u021bi \u0219i profesioni\u0219ti. Au fost cea mai bun\u0103 echip\u0103 de mutare pe care am avut-o vreodat\u0103!\"<\/em> - M\u0103rturie client M.M de la Armstrong Website<\/li>\n<\/ul>\n<p><strong>Negativ:<\/strong><\/p>\n<ul>\n<li> \"<em>Mi-a\u0219 dori s\u0103 le pot da zero stele. A fost cea mai proast\u0103 experien\u021b\u0103 din via\u021ba mea.\"<\/em> Natalie M via <a href=\"https:\/\/www.yelp.com\/biz\/armstrong-relocation-carrollton-4?hrid=caooXxcr-ZmkltnMtL6R_g&#038;utm_campaign=www_review_share_popup&#038;utm_medium=copy_link&#038;utm_source=(direct)\" target=\"_blank\" rel=\"noopener\">Yelp<\/a><\/li>\n<li> <em>\"Cred c\u0103, pentru o mutare local\u0103, Armstrong ar putea fi o alegere rezonabil\u0103. Cu toate acestea, pentru mut\u0103ri mai lungi, trebuie s\u0103 fac\u0103 o treab\u0103 mai bun\u0103 \u00een ceea ce prive\u0219te estimarea termenului de livrare \u0219i comunicarea cu agentul de livrare.\"<\/em> - prin <a href=\"http:\/\/www.bbb.org\/chicago\/business-reviews\/movers\/armstrong-relocation-co-in-glendale-hts-il-12008868\/customer-reviews\" target=\"_blank\" rel=\"noopener\">BBB<\/a><\/li>\n<li> <em>\"Sunt at\u00e2t de sup\u0103rat\u0103 pe ei. Mi-au despachetat toate lucrurile pe care le aveam \u00een pod. Ceea ce este \u00een regul\u0103, pentru c\u0103 nu vreau s\u0103 le sparg. Dar totul era amestecat.\"<\/em> - Mistie via <a href=\"https:\/\/www.facebook.com\/ArmstrongRelocationDallas\/reviews\/\" target=\"_blank\" rel=\"noopener\">Facebook<\/a><\/li>\n<\/ul>\n<div itemprop=\"review\" itemscope itemtype=\"http:\/\/schema.org\/Review\">\n<span itemprop=\"author\" itemscope=\"\" itemtype=\"http:\/\/schema.org\/Organization\"><span itemprop=\"name\">MoverDB.com<\/span><\/span> Revizuirea online a site-ului pentru <span itemprop=\"itemreviewed\" itemscope=\"\" itemtype=\"http:\/\/schema.org\/Brand\"><span itemprop=\"name\">Armstrong Relocare<\/span><\/span>:<\/p>\n<ol>\n<li> Detalii de contact clare pe site-ul web (inclusiv num\u0103rul de telefon): <strong>Da<\/strong><\/li>\n<li> U\u0219or de ob\u021binut <a href=\"https:\/\/moverdb.com\/ro\/citate\/\">citate interna\u021bionale \u00een mi\u0219care<\/a>? (Formular de solicitare a unui deviz online): <strong>Da<\/strong><\/li>\n<li> Informa\u021bii clare pe site-ul web: <strong>Da<\/strong>, Site-ul web le ofer\u0103 clien\u021bilor o idee bun\u0103 despre ceea ce pot a\u0219tepta de la companie.<\/li>\n<li> Apartenen\u021ba la organiza\u021bii interna\u021bionale recunoscute \u00een domeniul mut\u0103rii: <strong>Da<\/strong>, multe, vezi mai sus<\/li>\n<li> Lista de clien\u021bi \u0219i\/sau m\u0103rturii ale clien\u021bilor anteriori: <strong>Da<\/strong>, dar acestea se g\u0103sesc \u00eempr\u0103\u0219tiate pe site \u0219i nu pe o pagin\u0103 de destina\u021bie dedicat\u0103. \u00cen plus, recenziile lor de pe web sunt pu\u021bin amestecate.<\/li>\n<\/ol>\n<div itemprop=\"reviewRating\" itemscope itemtype=\"http:\/\/schema.org\/Rating\"><meta itemprop=\"worstRating\" content = \"0\" \/><meta itemprop=\"bestRating\" content=\"5\" \/><meta itemprop=\"ratingValue\" content=\"4\"><\/div>\n<p><strong>Scor general: 4\/5<\/strong><br \/>\n<strong>Data revizuirii:<\/strong> <span itemprop=\"datePublished\" content=\"2016-10-25\">25\/10\/2016<\/span>\n<\/div>\n<p>Citi\u021bi mai multe despre <a href=\"https:\/\/moverdb.com\/ro\/moving-companies\/\">companii interna\u021bionale de mutare<\/a>, <a href=\"https:\/\/moverdb.com\/ro\/us-canada-movers\/\">Mutatorii pe distan\u021be lungi \u0219i interstatale<\/a> \u0219i a noastr\u0103 <a href=\"https:\/\/moverdb.com\/ro\/comentarii\/\">procesul de revizuire<\/a>.<\/p>\n<p><strong>Site web:<\/strong> <a href=\"http:\/\/www.armstrongrelocation.com\" target=\"_blank\" rel=\"noopener\">http:\/\/www.armstrongrelocation.com<\/a><\/p>","protected":false},"excerpt":{"rendered":"<p>Armstrong Relocation has an abundance of moving services which it offers its customers. These are listed below together with a company profile and reviews. International Moving Services Pre-move planning Personal move management and custom-designed move planning Free move preparation packet Full or partial packing\/unpacking Crating and specialty packing Property protection Air, ocean and\/or land transportation [&hellip;]<\/p>\n","protected":false},"author":1,"featured_media":0,"parent":0,"menu_order":0,"comment_status":"closed","ping_status":"closed","template":"","meta":{"_genesis_hide_title":false,"_genesis_hide_breadcrumbs":false,"_genesis_hide_singular_image":false,"_genesis_hide_footer_widgets":false,"_genesis_custom_body_class":"","_genesis_custom_post_class":"","_genesis_layout":"","footnotes":""},"class_list":{"0":"post-1041","1":"page","2":"type-page","3":"status-publish","5":"entry"},"_links":{"self":[{"href":"https:\/\/moverdb.com\/ro\/wp-json\/wp\/v2\/pages\/1041","targetHints":{"allow":["GET"]}}],"collection":[{"href":"https:\/\/moverdb.com\/ro\/wp-json\/wp\/v2\/pages"}],"about":[{"href":"https:\/\/moverdb.com\/ro\/wp-json\/wp\/v2\/types\/page"}],"author":[{"embeddable":true,"href":"https:\/\/moverdb.com\/ro\/wp-json\/wp\/v2\/users\/1"}],"replies":[{"embeddable":true,"href":"https:\/\/moverdb.com\/ro\/wp-json\/wp\/v2\/comments?post=1041"}],"version-history":[{"count":3,"href":"https:\/\/moverdb.com\/ro\/wp-json\/wp\/v2\/pages\/1041\/revisions"}],"predecessor-version":[{"id":6174,"href":"https:\/\/moverdb.com\/ro\/wp-json\/wp\/v2\/pages\/1041\/revisions\/6174"}],"wp:attachment":[{"href":"https:\/\/moverdb.com\/ro\/wp-json\/wp\/v2\/media?parent=1041"}],"curies":[{"name":"wp","href":"https:\/\/api.w.org\/{rel}","templated":true}]}}