{"id":1040,"date":"2016-11-21T22:14:01","date_gmt":"2016-11-21T22:14:01","guid":{"rendered":"http:\/\/moverdb.com\/?page_id=1040"},"modified":"2026-01-08T14:40:11","modified_gmt":"2026-01-08T14:40:11","slug":"mccollisters-moving","status":"publish","type":"page","link":"https:\/\/moverdb.com\/ro\/mccollisters-moving\/","title":{"rendered":"McCollister's Transportation Group: Recenzii privind mut\u0103rile interna\u021bionale"},"content":{"rendered":"<p>McCollister's Transportation Group este un agent al UniGroup. Compania ofer\u0103 clien\u021bilor s\u0103i numeroase servicii de mutare, care sunt enumerate mai jos, \u00eempreun\u0103 cu un profil al companiei \u0219i recenzii.<\/p>\n<p><strong>Muta\u021bii interna\u021bionale<\/strong><\/p>\n<ul>\n<li> Coordonator logistic dedicat<\/li>\n<li> Serviciu din u\u0219\u0103 \u00een u\u0219\u0103<\/li>\n<li> Servicii complete<\/li>\n<li> Serviciu pentru dube Air Ride<\/li>\n<li> Transport aerian \u0219i maritim<\/li>\n<li> Depozitare pe termen scurt \u0219i lung<\/li>\n<\/ul>\n<p><strong>Mut\u0103ri comerciale<\/strong><\/p>\n<ul>\n<li> Mutarea birourilor\/instala\u021biilor<\/li>\n<li> Relocarea centrelor de date \u0219i servicii IT<\/li>\n<li> Opera\u021biuni \u00een spa\u021biul interior<\/li>\n<li> Mobilier de sistem<\/li>\n<li> Depozitare comercial\u0103<\/li>\n<li> Depozitare pe termen scurt \u0219i lung<\/li>\n<\/ul>\n<p><strong>Mutarea gospod\u0103riilor<\/strong><\/p>\n<ul>\n<li> Mut\u0103ri reziden\u021biale<\/li>\n<li> Mi\u0219c\u0103ri militare<\/li>\n<li> Mi\u0219c\u0103ri DIY<\/li>\n<li> UPASS pentru studen\u021bi<\/li>\n<li> Reloc\u0103ri corporative<\/li>\n<li> Servicii complete<\/li>\n<li> Din u\u0219\u0103 \u00een u\u0219\u0103<\/li>\n<li> Depozitare pe termen scurt \u0219i lung<\/li>\n<\/ul>\n<p><strong>Transport specializat<\/strong><\/p>\n<ul>\n<li> Relocarea echipamentelor medicale<\/li>\n<li> Transportul congelat\/criogenic<\/li>\n<li> Art\u0103 \u0219i antichit\u0103\u021bi<\/li>\n<li> Expozi\u021bii comerciale<\/li>\n<li> Industria solar\u0103<\/li>\n<li> M\u0103nu\u0219\u0103 alb\u0103\/furgonet\u0103 capitonat\u0103<\/li>\n<li> Climat controlat<\/li>\n<li> Transport militar<\/li>\n<li> Transport auto<\/li>\n<li> Divertisment<\/li>\n<\/ul>\n<h2>Profilul companiei McCollister's Transportation Group<\/h2>\n<p>McCollister's Transportation Group a fost fondat\u0103 \u00een 1945 de H. Daniel McCollister. McCollister's este o companie privat\u0103 \u0219i este un agent al UniGroup Inc. care include <a href=\"https:\/\/moverdb.com\/ro\/united-van-lines\/\">United Van Lines<\/a> \u0219i <a href=\"https:\/\/moverdb.com\/ro\/mayflower-transit\/\">Mayflower Transit<\/a>. <\/p>\n<p>Cu sediul \u00een Burlington, <a href=\"https:\/\/moverdb.com\/ro\/moving-to-the-united-states\/moving-to-new-jersey\/\" data-internallinksmanager029f6b8e52c=\"417\" title=\"V\u0103 muta\u021bi \u00een New Jersey? 2026 Costurile de trai \u0219i sfaturi de relocare\">New Jersey<\/a>Compania are peste 1.000 de angaja\u021bi cu norm\u0103 \u00eentreag\u0103 \u0219i opereaz\u0103 peste 1.000 de vehicule \u0219i echipamente de mutare.<\/p>\n<p>McCollister's are trei divizii principale - relocarea angaja\u021bilor, servicii comerciale \u0219i logistica produselor de mare valoare. Compania afirm\u0103 c\u0103 succesul s\u0103u se datoreaz\u0103 <em>\"solu\u021bii flexibile, servicii de calitate, siguran\u021b\u0103, eficien\u021b\u0103 \u0219i rapiditate.\"<\/em> <\/p>\n<p>McCollister's Transportation Group are urm\u0103toarele acredit\u0103ri \u0219i afilieri:<\/p>\n<ul>\n<li> <a href=\"https:\/\/moverdb.com\/ro\/sunt\/\">Asocia\u021bia Interna\u021bional\u0103 a Transportatorilor<\/a> (<a href=\"https:\/\/moverdb.com\/ro\/iam\/\" data-internallinksmanager029f6b8e52c=\"23\" title=\"Explica\u021bii despre Asocia\u021bia Interna\u021bional\u0103 a Transportatorilor (IAM)\">IAM<\/a>)<\/li>\n<li> <a href=\"https:\/\/moverdb.com\/ro\/amsa\/\">AMSA<\/a><\/li>\n<li> Transportator certificat C-TPAT<\/li>\n<li> <a href=\"https:\/\/moverdb.com\/ro\/janta-promovare\/\">Certificat ProMover<\/a><\/li>\n<li> <a href=\"https:\/\/moverdb.com\/ro\/consiliul-de-relocare-a-angajatilor\/\">Consiliul pentru relocarea angaja\u021bilor<\/a><\/li>\n<li> <a href=\"https:\/\/moverdb.com\/ro\/moving-to-the-united-states\/\" data-internallinksmanager029f6b8e52c=\"94\" title=\"V\u0103 muta\u021bi \u00een Statele Unite? 2026 Costurile vie\u021bii \u0219i sfaturi de relocare\">SUA<\/a> Agen\u021bia pentru Protec\u021bia Mediului - SmartWay<\/li>\n<li> Asocia\u021bia transportatorilor \u0219i a transportatorilor din New Jersey<\/li>\n<li> Biroul pentru afaceri mai bune (BBB)<\/li>\n<\/ul>\n<h2>McCollister's Transportation Group Recenzii<\/h2>\n<p><strong>Pozitiv:<\/strong><\/p>\n<ul>\n<li> <em>\"\u00cen general, am fost foarte mul\u021bumit de experien\u021b\u0103, chiar \u0219i cu micile piedici, modul \u00een care au fost rezolvate problemele arat\u0103 c\u0103 sunt o companie cu adev\u0103rat profesionist\u0103.\"<\/em> - Sherif via <a href=\"https:\/\/www.yelp.com\/biz\/mccollisters-transportation-group-burlington?hrid=DrSyWKiICkF8QIFDonWtLQ&#038;utm_campaign=www_review_share_popup&#038;utm_medium=copy_link&#038;utm_source=(direct)\" target=\"_blank\" rel=\"noopener\">Yelp<\/a>.<\/li>\n<li> <em>\"O experien\u021b\u0103 excelent\u0103 de la primul apel telefonic p\u00e2n\u0103 la ultima cutie din camion. Ar recomanda cu mare drag!\"<\/em> - Sharon via <a href=\"https:\/\/www.facebook.com\/pg\/McCollisters\/reviews\/\" target=\"_blank\" rel=\"noopener\">Facebook<\/a><\/li>\n<\/ul>\n<p><strong>Negativ:<\/strong><\/p>\n<ul>\n<li> <em>\"Aceast\u0103 recenzie ar fi fost de 5 stele, dar pentru faptul c\u0103 cineva din echipa lor a furat de la mine \u0219i de la familia mea.\"<\/em> - Mike via <a href=\"https:\/\/www.bbb.org\/new-jersey\/business-reviews\/movers\/mccollister-s-transportation-in-burlington-nj-80001208\/reviews-and-complaints\" target=\"_blank\" rel=\"noopener\">BBB<\/a><\/li>\n<li> <em>\"De obicei nu postez pe acest site, dar am avut o experien\u021b\u0103 HORRIBIL\u0102 cu aceast\u0103 companie.\"<\/em> - BK prin <a href=\"http:\/\/www.mymovingreviews.com\/movers\/mccollister-s-5188#48089\" target=\"_blank\" rel=\"noopener\">MyMovingReviews<\/a><\/li>\n<\/ul>\n<div itemprop=\"review\" itemscope itemtype=\"http:\/\/schema.org\/Review\">\n<span itemprop=\"author\" itemscope=\"\" itemtype=\"http:\/\/schema.org\/Organization\"><span itemprop=\"name\">MoverDB.com<\/span><\/span> Revizuirea online a site-ului pentru <span itemprop=\"itemreviewed\" itemscope=\"\" itemtype=\"http:\/\/schema.org\/Brand\"><span itemprop=\"name\">Grupul de transport McCollister's<\/span><\/span>:<\/p>\n<ol>\n<li> Detalii de contact clare pe site-ul web (inclusiv num\u0103rul de telefon): <strong>Da<\/strong><\/li>\n<li> U\u0219or de ob\u021binut <a href=\"https:\/\/moverdb.com\/ro\/citate\/\">citate interna\u021bionale \u00een mi\u0219care<\/a>? (Formular de solicitare a unui deviz online): <strong>Da<\/strong><\/li>\n<li> Informa\u021bii clare pe site-ul web: <strong>Unele<\/strong> Site-ul nu con\u021bine multe informa\u021bii detaliate.<\/li>\n<li> Apartenen\u021ba la organiza\u021bii interna\u021bionale recunoscute \u00een domeniul mut\u0103rii: <strong>Da<\/strong>, a se vedea mai sus.<\/li>\n<li> Lista de clien\u021bi \u0219i\/sau m\u0103rturii ale clien\u021bilor anteriori: <strong>Nu<\/strong>, de\u0219i au o pagin\u0103 de Facebook cu c\u00e2teva recenzii. Recenzile de pe restul web-ului sunt oarecum amestecate, dar mai mult pozitive dec\u00e2t negative.<\/li>\n<\/ol>\n<div itemprop=\"reviewRating\" itemscope itemtype=\"http:\/\/schema.org\/Rating\"><meta itemprop=\"worstRating\" content = \"0\" \/><meta itemprop=\"bestRating\" content=\"5\" \/><meta itemprop=\"ratingValue\" content=\"3.5\"><\/div>\n<p><strong>Scor general: 3.5\/5<\/strong><br \/>\n<strong>Data revizuirii:<\/strong> <span itemprop=\"datePublished\" content=\"2016-11-21\">21\/11\/2016<\/span>\n<\/div>\n<p>Citi\u021bi mai multe despre <a href=\"https:\/\/moverdb.com\/ro\/moving-companies\/\">companii interna\u021bionale de top \u00een mi\u0219care<\/a>, <a href=\"https:\/\/moverdb.com\/ro\/us-canada-movers\/\">SUA se deplaseaz\u0103<\/a> \u0219i a noastr\u0103 <a href=\"https:\/\/moverdb.com\/ro\/comentarii\/\">procesul de revizuire<\/a>.<\/p>\n<p><strong>Site web:<\/strong> <a href=\"https:\/\/www.mccollisters.com\/\" target=\"_blank\" rel=\"noopener\">https:\/\/www.mccollisters.com\/<\/a><\/p>","protected":false},"excerpt":{"rendered":"<p>McCollister&#8217;s Transportation Group is an agent of the UniGroup. The company offers its clients many moving services which are listed below, together with a company profile and reviews. International Moves Dedicated logistics coordinator Door-to-door service Full service Air ride van service Air and sea freight Short and long term storage Commercial Moves Office\/facility relocation Data [&hellip;]<\/p>\n","protected":false},"author":1,"featured_media":0,"parent":0,"menu_order":0,"comment_status":"closed","ping_status":"closed","template":"","meta":{"_genesis_hide_title":false,"_genesis_hide_breadcrumbs":false,"_genesis_hide_singular_image":false,"_genesis_hide_footer_widgets":false,"_genesis_custom_body_class":"","_genesis_custom_post_class":"","_genesis_layout":"","footnotes":""},"class_list":{"0":"post-1040","1":"page","2":"type-page","3":"status-publish","5":"entry"},"_links":{"self":[{"href":"https:\/\/moverdb.com\/ro\/wp-json\/wp\/v2\/pages\/1040","targetHints":{"allow":["GET"]}}],"collection":[{"href":"https:\/\/moverdb.com\/ro\/wp-json\/wp\/v2\/pages"}],"about":[{"href":"https:\/\/moverdb.com\/ro\/wp-json\/wp\/v2\/types\/page"}],"author":[{"embeddable":true,"href":"https:\/\/moverdb.com\/ro\/wp-json\/wp\/v2\/users\/1"}],"replies":[{"embeddable":true,"href":"https:\/\/moverdb.com\/ro\/wp-json\/wp\/v2\/comments?post=1040"}],"version-history":[{"count":7,"href":"https:\/\/moverdb.com\/ro\/wp-json\/wp\/v2\/pages\/1040\/revisions"}],"predecessor-version":[{"id":13175,"href":"https:\/\/moverdb.com\/ro\/wp-json\/wp\/v2\/pages\/1040\/revisions\/13175"}],"wp:attachment":[{"href":"https:\/\/moverdb.com\/ro\/wp-json\/wp\/v2\/media?parent=1040"}],"curies":[{"name":"wp","href":"https:\/\/api.w.org\/{rel}","templated":true}]}}