{"id":1038,"date":"2016-11-05T17:02:13","date_gmt":"2016-11-05T17:02:13","guid":{"rendered":"http:\/\/moverdb.com\/?page_id=1038"},"modified":"2026-01-08T15:20:27","modified_gmt":"2026-01-08T15:20:27","slug":"national-van-lines","status":"publish","type":"page","link":"https:\/\/moverdb.com\/ro\/national-van-lines\/","title":{"rendered":"National Van Lines: Recenzii despre mut\u0103rile interna\u021bionale"},"content":{"rendered":"<p>National Van Lines ofer\u0103 clien\u021bilor s\u0103i o gam\u0103 larg\u0103 de servicii de mutare. Acestea sunt enumerate mai jos, \u00eempreun\u0103 cu un profil al companiei \u0219i recenzii.<\/p>\n<p><strong>Muta\u021bii interna\u021bionale<\/strong><\/p>\n<ul>\n<li> Persoane fizice \u0219i juridice<\/li>\n<li> Coordonator de mutare dedicat<\/li>\n<li> Consiliere privind toate aspectele procesului de mutare<\/li>\n<li> Orient\u0103ri privind cerin\u021bele \u00een materie de documenta\u021bie<\/li>\n<li> <a href=\"https:\/\/moverdb.com\/ro\/citate\/\">Estim\u0103ri ale costurilor din u\u0219\u0103 \u00een u\u0219\u0103<\/a> pentru <a href=\"https:\/\/moverdb.com\/ro\/transport-maritim-de-containere\/\">expediere pe cale maritim\u0103 sau aerian\u0103<\/a><\/li>\n<li> Urm\u0103rire pentru a v\u0103 asigura c\u0103 transportul ajunge \u00een siguran\u021b\u0103<\/li>\n<li> Coordonarea fiec\u0103rei etape a mut\u0103rii<\/li>\n<li> Asisten\u021b\u0103 \u00een cazul pu\u021bin probabil al unei cereri de desp\u0103gubire<\/li>\n<\/ul>\n<p><strong>Mi\u0219c\u0103ri de specialitate<\/strong><\/p>\n<ul>\n<li> Amenaj\u0103ri de magazine<\/li>\n<li> Electronic\u0103<\/li>\n<li> Expozi\u021bii comerciale<\/li>\n<li> Echipamente de jocuri de noroc<\/li>\n<li> Slot machines<\/li>\n<li> Transport auto<\/li>\n<li> Mutarea pianului<\/li>\n<li> Art\u0103 \u00een mi\u0219care<\/li>\n<li> Ceasul de bunicu\u021b\u0103 \u0219i antichit\u0103\u021bi se mut\u0103<\/li>\n<li> Mas\u0103 de biliard mobile<\/li>\n<\/ul>\n<p><strong>Relocare corporativ\u0103<\/strong><\/p>\n<ul>\n<li> Interna\u021bional \u0219i local<\/li>\n<li> Un angajat sau un \u00eentreg birou<\/li>\n<li> Computer \u0219i electronice se deplaseaz\u0103<\/li>\n<li> Echipamente de laborator \u0219i medicale<\/li>\n<\/ul>\n<p><strong>Mutarea gospod\u0103riilor<\/strong><\/p>\n<ul>\n<li> Mut\u0103ri locale<\/li>\n<li> Mut\u0103ri pe distan\u021be lungi<\/li>\n<li> Cross country<\/li>\n<li> Interstate<\/li>\n<li> Intrastat<\/li>\n<li> Na\u021bional<\/li>\n<li> Din u\u0219\u0103 \u00een u\u0219\u0103<\/li>\n<li> Servicii complete oferite<\/li>\n<\/ul>\n<p><strong>Depozitare<\/strong><\/p>\n<ul>\n<li> Pe termen lung \u0219i scurt<\/li>\n<li> Climat controlat<\/li>\n<li> Securitate 24\/7<\/li>\n<\/ul>\n<h2>Profilul companiei National Van Lines<\/h2>\n<p>Actualul director executiv al National Van Lines, Maureen Beal, este nepoata fondatorului, F. J. McKee. McKee a \u00eenfiin\u021bat afacerea \u00een <a href=\"https:\/\/moverdb.com\/ro\/se-muta-la-chicago\/\">Chicago<\/a> \u00een 1901, cu o c\u0103ru\u021b\u0103 \u0219i un ponei pentru a livra ghea\u021b\u0103 \u0219i c\u0103rbune. <\/p>\n<p>De atunci, compania a prosperat, iar acum transport\u0103 persoane, companii \u0219i personal militar la nivel local \u0219i mondial. Aceasta are peste 400 de agen\u021bi care o ajut\u0103 \u00een acest proces.<\/p>\n<p>Motto-ul companiei este \"Moving Your Memories\", care reaminte\u0219te at\u00e2t personalului, c\u00e2t \u0219i clien\u021bilor c\u0103 bunurile personale sunt pre\u021bioase \u0219i vor fi \u00eentotdeauna tratate cu grij\u0103.<\/p>\n<p>National Van Lines are urm\u0103toarele acredit\u0103ri \u0219i afilieri:<\/p>\n<ul>\n<li> <a href=\"https:\/\/moverdb.com\/ro\/janta-promovare\/\">Certificat ProMover<\/a><\/li>\n<li> Acreditat de Better Business Bureau (BBB)<\/li>\n<li> Movers.com Verificat Mover<\/li>\n<li> <a href=\"https:\/\/moverdb.com\/ro\/fidi-faim\/\">FIDI<\/a><\/li>\n<\/ul>\n<h2>National Van Lines Recenzii<\/h2>\n<p><strong>Pozitiv:<\/strong><\/p>\n<ul>\n<li> <em>\"Am fost foarte mul\u021bumit de preluarea \u0219i livrarea mobilei mele. Dave a fost, de asemenea, foarte profesionist \u0219i mi-a oferit o estimare corect\u0103.\"<\/em> - Bari via pagina de m\u0103rturii a companiei<\/li>\n<li> <em>\"National Van Lines a ridicat la timp, a livrat la timp \u0219i nimic nu s-a pierdut sau spart.\"<\/em> - Gail prin <a href=\"https:\/\/www.yelp.co.uk\/biz\/national-van-lines-broadview?hrid=xrO9qdjtpdZ-DKkGynhkBw&#038;utm_campaign=www_review_share_popup&#038;utm_medium=copy_link&#038;utm_source=(direct)\" target=\"_blank\" rel=\"noopener\">Yelp<\/a><\/li>\n<li> <em>\"Am un singur cuv\u00e2nt de spus. MINUNAT!\"<\/em> - Lori via <a href=\"http:\/\/www.mymovingreviews.com\/movers\/national-van-lines-256#59528\" target=\"_blank\" rel=\"noopener\">MyMovingReviews.com<\/a><\/li>\n<\/ul>\n<p><strong>Negativ:<\/strong><\/p>\n<ul>\n<li> <em>\"\u00cen ultimii 8 ani, m-am mutat de 5-6 ori \u0219i nu am avut niciodat\u0103 o astfel de experien\u021b\u0103.\"<\/em> - Cindy via <a href=\"https:\/\/www.consumeraffairs.com\/movers\/national.htm\" target=\"_blank\" rel=\"noopener\">Protec\u021bia consumatorilor<\/a><\/li>\n<li> <em>\"National Van Lines nu a livrat bunurile mele de uz casnic la data la care mi-a spus \u0219oferul. Mi-au spus c\u0103 factura mea \u00eemi indica data, dar problema a fost c\u0103 nu am primit niciodat\u0103 o factur\u0103. La livrare, mai mult de jum\u0103tate din obiectele mele lipseau.\"<\/em> - Franchon prin <a href=\"http:\/\/www.bbb.org\/chicago\/business-reviews\/movers\/national-van-lines-inc-in-broadview-il-5114\/customer-reviews\" target=\"_blank\" rel=\"noopener\">BBB<\/a><\/li>\n<li> <em>\"Experien\u021ba noastr\u0103 cu National Van Lines a fost un co\u0219mar. Reprezentantul care a semnat <a href=\"https:\/\/moverdb.com\/ro\/moving-to-the-united-states\/\" data-internallinksmanager029f6b8e52c=\"94\" title=\"V\u0103 muta\u021bi \u00een Statele Unite? 2026 Costurile vie\u021bii \u0219i sfaturi de relocare\">us<\/a> p\u0103rea at\u00e2t de profesionist\u0103 \u0219i eficient\u0103 c\u00e2nd am \u00eent\u00e2lnit-o. Nici nu am visat c\u0103 vom ajunge \u00eentr-o \u00eencurc\u0103tur\u0103 teribil\u0103.\"<\/em> - prin <a href=\"http:\/\/moving-companies.credio.com\/l\/21\/National-Van-Lines\" target=\"_blank\" rel=\"noopener\">Credio<\/a><\/li>\n<\/ul>\n<div itemprop=\"review\" itemscope itemtype=\"http:\/\/schema.org\/Review\">\n<span itemprop=\"author\" itemscope=\"\" itemtype=\"http:\/\/schema.org\/Organization\"><span itemprop=\"name\">MoverDB.com<\/span><\/span> Revizuirea online a site-ului pentru <span itemprop=\"itemreviewed\" itemscope=\"\" itemtype=\"http:\/\/schema.org\/Brand\"><span itemprop=\"name\">National Van Lines<\/span><\/span>:<\/p>\n<ol>\n<li> Detalii de contact clare pe site-ul web (inclusiv num\u0103rul de telefon): <strong>Da<\/strong><\/li>\n<li> U\u0219or de ob\u021binut <a href=\"https:\/\/moverdb.com\/ro\/citate\/\">citate interna\u021bionale \u00een mi\u0219care<\/a>? (Formular de solicitare a unui deviz online): <strong>Da<\/strong><\/li>\n<li> Informa\u021bii clare pe site-ul web: <strong>Da<\/strong> site-ul web prezint\u0103 serviciile oferite \u0219i ofer\u0103, de asemenea, ghiduri utile.<\/li>\n<li> Apartenen\u021ba la organiza\u021bii interna\u021bionale recunoscute \u00een domeniul mut\u0103rii: <strong>Da<\/strong><\/li>\n<li> Lista de clien\u021bi \u0219i\/sau m\u0103rturii ale clien\u021bilor anteriori: <strong>Da<\/strong> Exist\u0103 m\u0103rturii pozitive ale clien\u021bilor pe site, dar \u0219i c\u00e2teva negative pe restul internetului.<\/li>\n<\/ol>\n<div itemprop=\"reviewRating\" itemscope itemtype=\"http:\/\/schema.org\/Rating\"><meta itemprop=\"worstRating\" content = \"0\" \/><meta itemprop=\"bestRating\" content=\"5\" \/><meta itemprop=\"ratingValue\" content=\"4.5\"><\/div>\n<p><strong>Scor general: 4.5\/5<\/strong><br \/>\n<strong>Data revizuirii:<\/strong> <span itemprop=\"datePublished\" content=\"2016-11-05\">05\/11\/2016<\/span>\n<\/div>\n<p>Citi\u021bi mai multe despre <a href=\"https:\/\/moverdb.com\/ro\/moving-companies\/\">companii interna\u021bionale de top \u00een mi\u0219care<\/a>, <a href=\"https:\/\/moverdb.com\/ro\/us-canada-movers\/\">SUA se deplaseaz\u0103<\/a> \u0219i a noastr\u0103 <a href=\"https:\/\/moverdb.com\/ro\/comentarii\/\">procesul de revizuire<\/a>.<\/p>\n<p><strong>Site web:<\/strong> <a href=\"http:\/\/www.nationalvanlines.com\/\" target=\"_blank\" rel=\"noopener\">http:\/\/www.nationalvanlines.com\/<\/a><\/p>","protected":false},"excerpt":{"rendered":"<p>National Van Lines offers its customers a wide range of moving services. These are listed below together with a company profile and reviews. International Moves Individual and corporate Dedicated move coordinator Counselling on all aspects of the moving process Guidance on documentation requirements Door-to-door cost estimates for shipping by ocean or air Tracking to ensure [&hellip;]<\/p>\n","protected":false},"author":1,"featured_media":0,"parent":0,"menu_order":0,"comment_status":"closed","ping_status":"closed","template":"","meta":{"_genesis_hide_title":false,"_genesis_hide_breadcrumbs":false,"_genesis_hide_singular_image":false,"_genesis_hide_footer_widgets":false,"_genesis_custom_body_class":"","_genesis_custom_post_class":"","_genesis_layout":"","footnotes":""},"class_list":{"0":"post-1038","1":"page","2":"type-page","3":"status-publish","5":"entry"},"_links":{"self":[{"href":"https:\/\/moverdb.com\/ro\/wp-json\/wp\/v2\/pages\/1038","targetHints":{"allow":["GET"]}}],"collection":[{"href":"https:\/\/moverdb.com\/ro\/wp-json\/wp\/v2\/pages"}],"about":[{"href":"https:\/\/moverdb.com\/ro\/wp-json\/wp\/v2\/types\/page"}],"author":[{"embeddable":true,"href":"https:\/\/moverdb.com\/ro\/wp-json\/wp\/v2\/users\/1"}],"replies":[{"embeddable":true,"href":"https:\/\/moverdb.com\/ro\/wp-json\/wp\/v2\/comments?post=1038"}],"version-history":[{"count":6,"href":"https:\/\/moverdb.com\/ro\/wp-json\/wp\/v2\/pages\/1038\/revisions"}],"predecessor-version":[{"id":6225,"href":"https:\/\/moverdb.com\/ro\/wp-json\/wp\/v2\/pages\/1038\/revisions\/6225"}],"wp:attachment":[{"href":"https:\/\/moverdb.com\/ro\/wp-json\/wp\/v2\/media?parent=1038"}],"curies":[{"name":"wp","href":"https:\/\/api.w.org\/{rel}","templated":true}]}}