{"id":1036,"date":"2016-11-05T16:39:46","date_gmt":"2016-11-05T16:39:46","guid":{"rendered":"http:\/\/moverdb.com\/?page_id=1036"},"modified":"2026-05-15T14:55:41","modified_gmt":"2026-05-15T14:55:41","slug":"beltmann-relocalizare","status":"publish","type":"page","link":"https:\/\/moverdb.com\/ro\/beltmann-relocation\/","title":{"rendered":"Beltmann Relocation Group: Recenzii despre mut\u0103rile interna\u021bionale"},"content":{"rendered":"<p>Beltmann Relocation Group ofer\u0103 clien\u021bilor s\u0103i o varietate de servicii de mutare la nivel interna\u021bional \u0219i local. Aceste servicii sunt enumerate mai jos, \u00eempreun\u0103 cu un profil al companiei \u0219i recenzii.<\/p>\n<p><strong>Muta\u021bii interna\u021bionale<\/strong><\/p>\n<ul>\n<li> Mut\u0103ri corporative interna\u021bionale<\/li>\n<li> Mi\u0219c\u0103ri individuale<\/li>\n<li> Organiza\u021bia Na\u021biunilor Unite<\/li>\n<li> Asisten\u021b\u0103 \u0219i \u00eendrumare \u00een materie de vam\u0103 \u0219i imigra\u021bie<\/li>\n<li> Asisten\u021b\u0103 cu relocarea animalelor de companie<\/li>\n<li> Din u\u0219\u0103 \u00een u\u0219\u0103<\/li>\n<li> Manager de mutare alocat<\/li>\n<li> Servicii complete disponibile<\/li>\n<li> Asigurare aranjat\u0103<\/li>\n<\/ul>\n<p><strong>Birouri \u0219i mut\u0103ri industriale<\/strong><\/p>\n<ul>\n<li> Relocarea birourilor la nivel local \u0219i pe distan\u021be lungi<\/li>\n<li> Mutarea interdepartamental\u0103<\/li>\n<li> Calculatoare \u0219i electronice \u00een mi\u0219care<\/li>\n<li> Planificarea \u0219i proiectarea spa\u021biului<\/li>\n<li> \u00cent\u00e2lniri de planificare \u00eenainte de mutare<\/li>\n<li> Supravegherea la fa\u021ba locului<\/li>\n<li> Servicii post-mutare<\/li>\n<li> Asisten\u021b\u0103 la mutarea industrial\u0103<\/li>\n<li> Deplasare de \u00eenalt\u0103 securitate<\/li>\n<li> Mutarea informa\u021biilor sensibile<\/li>\n<li> Asigurare aranjat\u0103<\/li>\n<\/ul>\n<p><strong>Relocare corporativ\u0103<\/strong><\/p>\n<ul>\n<li> Servicii de relocare a executivului pentru executivul de nivel \u00eenalt<\/li>\n<li> Mutarea managerului <\/li>\n<li> Din u\u0219\u0103 \u00een u\u0219\u0103<\/li>\n<li> Ambalare \u0219i despachetare<\/li>\n<li> Urm\u0103rirea expedierii<\/li>\n<li> Asigurare aranjat\u0103<\/li>\n<\/ul>\n<p><strong>Mutarea gospod\u0103riilor<\/strong><\/p>\n<ul>\n<li> Mut\u0103ri locale<\/li>\n<li> Mut\u0103ri pe distan\u021be lungi<\/li>\n<li> Din u\u0219\u0103 \u00een u\u0219\u0103<\/li>\n<li> Ambalare \u0219i despachetare<\/li>\n<li> Asigurare aranjat\u0103<\/li>\n<\/ul>\n<p><strong>Depozitare<\/strong><\/p>\n<ul>\n<li> Pe termen lung sau scurt<\/li>\n<li> Depozit \u00eenc\u0103lzit <\/li>\n<li> Stocat \u00een seif de depozitare sigilat<\/li>\n<li> CCTV<\/li>\n<li> Protec\u021bia \u00eempotriva incendiilor \u0219i a d\u0103un\u0103torilor<\/li>\n<\/ul>\n<h2>Profilul companiei Beltmann Relocation<\/h2>\n<p>Grupul Beltmann a fost \u00eenfiin\u021bat de familia Battina \u00een 1955 \u0219i este \u00eenc\u0103 de\u021binut \u0219i condus de familie. Este unul dintre cei mai mari \u0219i mai vechi agen\u021bi pentru <a href=\"https:\/\/moverdb.com\/ro\/north-american-van-lines\/\">North American Van Lines<\/a> iar sediul s\u0103u este \u00een <a href=\"https:\/\/moverdb.com\/ro\/se-muta-la-minneapolis\/\">Minneapolis<\/a>. <\/p>\n<p>Beltmann Group este m\u00e2ndrul proprietar al unei flote de peste 700 de vehicule de transport de diferite tipuri \u0219i are 14 sucursale.<\/p>\n<p>Angajamentul Beltmann este \"Fii clientul\". Fiecare angajat este \u00eencurajat s\u0103 se pun\u0103 \u00een locul clientului \u0219i s\u0103 \u00eel trateze a\u0219a cum \u0219i-ar dori el s\u0103 fie tratat. Compania este un sus\u021bin\u0103tor m\u00e2ndru al Habitat for Humanity.<\/p>\n<p>Beltmann Relocation are urm\u0103toarele afilieri \u0219i acredit\u0103ri:<\/p>\n<ul>\n<li> <a href=\"https:\/\/moverdb.com\/ro\/janta-promovare\/\">Transportator interna\u021bional \u00eenregistrat<\/a> (<a href=\"https:\/\/moverdb.com\/ro\/rim-promover\/\" data-internallinksmanager029f6b8e52c=\"76\" title=\"Certificarea RIM International ProMover explicat\u0103\">RIM<\/a>)<\/li>\n<li> <a href=\"https:\/\/moverdb.com\/ro\/janta-promovare\/\">ProMover<\/a><\/li>\n<li> <a href=\"https:\/\/moverdb.com\/ro\/amsa\/\">Asocia\u021bia american\u0103 de mutare \u0219i depozitare<\/a> (<a href=\"https:\/\/moverdb.com\/ro\/amsa\/\" data-internallinksmanager029f6b8e52c=\"5\" title=\"Asocia\u021bia American\u0103 de Mutare \u0219i Depozitare (AMSA) Explicat\">AMSA<\/a>)<\/li>\n<li> C\u00e2\u0219tig\u0103tor al Premiului nord-american pentru calitate<\/li>\n<li> Acreditat de Better Business Bureau (BBB)<\/li>\n<\/ul>\n<p><strong>Beltmann Relocation Recenzii<\/strong><\/p>\n<p><strong>Pozitiv:<\/strong><\/p>\n<ul>\n<li> <em>\"Totul a mers foarte bine cu mutarea noastr\u0103. \u0218oferul \u0219i echipajul de pe ambele p\u0103r\u021bi au lucrat bine.\"<\/em> - Craig via Beltmann testimonial page<\/li>\n<li> <em>\"Ne-am mutat de mai multe ori de-a lungul anilor \u0219i trebuie s\u0103 spun c\u0103 Beltman a fost de departe cel mai bun. Grija cu care au \u00eempachetat \u0219i \u00eenc\u0103rcat bunurile noastre p\u00e2n\u0103 la livrare a fost remarcabil\u0103.\"<\/em> - Abby via <a href=\"https:\/\/www.facebook.com\/pg\/BeltmannRelocation\/reviews\/\" target=\"_blank\" rel=\"noopener\">Facebook<\/a><\/li>\n<\/ul>\n<p><strong>Negativ:<\/strong><\/p>\n<ul>\n<li> <em>\"Nu suntem nici m\u0103car la 1\/3 din despachetare \u0219i avem deja o list\u0103 de cel pu\u021bin 15 obiecte deteriorate sau rupte. Unele cutii au lucruri aruncate pur \u0219i simplu \u00een\u0103untru, f\u0103r\u0103 a fi \u00eempachetate sau asigurate.\"<\/em> Amy via <a href=\"https:\/\/www.facebook.com\/pg\/BeltmannRelocation\/reviews\/\" target=\"_blank\" rel=\"noopener\">Facebook<\/a><\/li>\n<li> <em>\"F\u0103-\u021bi o favoare. Nu folosi\u021bi aceast\u0103 companie. \u0218terge\u021bi num\u0103rul lor, bloca\u021bi-i s\u0103 nu v\u0103 mai sune. Partea de citare a procesului (\u0219ti\u021bi unde \u00eencearc\u0103 s\u0103 v\u0103 c\u00e2\u0219tige afacerea) a fost grozav\u0103. Ridica\u021bi bunurile- degetul mare \u00een sus.Livrarea lucrurilor- mare degetul mare \u00een jos.\"<\/em> - Kim via <a href=\"https:\/\/www.yelp.com\/biz\/beltmann-relocation-group-glendale-heights?hrid=tJAoAv--s6WetooAeYOQew&#038;utm_campaign=www_review_share_popup&#038;utm_medium=copy_link&#038;utm_source=(direct)\" target=\"_blank\" rel=\"noopener\">Yelp<\/a><\/li>\n<\/ul>\n<div itemprop=\"review\" itemscope itemtype=\"http:\/\/schema.org\/Review\">\n<span itemprop=\"author\" itemscope=\"\" itemtype=\"http:\/\/schema.org\/Organization\"><span itemprop=\"name\">MoverDB.com<\/span><\/span> Revizuirea online a site-ului pentru <span itemprop=\"itemreviewed\" itemscope=\"\" itemtype=\"http:\/\/schema.org\/Brand\"><span itemprop=\"name\">Beltmann Relocation Group<\/span><\/span>:<\/p>\n<ol>\n<li> Detalii de contact clare pe site-ul web (inclusiv num\u0103rul de telefon): <strong>Da<\/strong><\/li>\n<li> U\u0219or de ob\u021binut <a href=\"https:\/\/moverdb.com\/ro\/citate\/\">citate interna\u021bionale \u00een mi\u0219care<\/a>? (Formular de solicitare a unui deviz online): <strong>Da<\/strong><\/li>\n<li> Informa\u021bii clare pe site-ul web: <strong>Da<\/strong>, Site-ul con\u021bine resurse utile pentru mut\u0103ri, inclusiv \u00eentreb\u0103ri frecvente \u0219i sfaturi.<\/li>\n<li> Apartenen\u021ba la organiza\u021bii interna\u021bionale recunoscute \u00een domeniul mut\u0103rii: <strong>Da<\/strong>, multe, vezi mai sus<\/li>\n<li> Lista de clien\u021bi \u0219i\/sau m\u0103rturii ale clien\u021bilor anteriori: <strong>Da,<\/strong> exist\u0103 m\u0103rturii pozitive pe site-ul web, dar recenziile de pe internet sunt pu\u021bin mai amestecate.<\/li>\n<\/ol>\n<div itemprop=\"reviewRating\" itemscope itemtype=\"http:\/\/schema.org\/Rating\"><meta itemprop=\"worstRating\" content = \"0\" \/><meta itemprop=\"bestRating\" content=\"5\" \/><meta itemprop=\"ratingValue\" content=\"4.5\"><\/div>\n<p><strong>Scor general: 4.5\/5<\/strong><br \/>\n<strong>Data revizuirii:<\/strong> <span itemprop=\"datePublished\" content=\"2016-11-05\">05\/11\/2016<\/span>\n<\/div>\n<p>Citi\u021bi mai multe despre <a href=\"https:\/\/moverdb.com\/ro\/moving-companies\/\">mutan\u021bi interna\u021bionali<\/a>, <a href=\"https:\/\/moverdb.com\/ro\/us-canada-movers\/\">Transportatorii na\u021bionali din SUA<\/a> \u0219i a noastr\u0103 <a href=\"https:\/\/moverdb.com\/ro\/comentarii\/\">procesul de revizuire<\/a>.<\/p>\n<p><strong>Site web:<\/strong> <a href=\"http:\/\/www.beltmann.com\/\" target=\"_blank\" rel=\"noopener\">http:\/\/www.beltmann.com\/<\/a><\/p>","protected":false},"excerpt":{"rendered":"<p>The Beltmann Relocation Group offers its customers a variety of moving services internationally and locally. These services are listed below together with a company profile and reviews. International Moves International corporate moves Individual moves United Nations Assistance and guidance with customs and immigration Assistance with pet relocation Door-to-door Move manager allocated Full service available Insurance [&hellip;]<\/p>\n","protected":false},"author":1,"featured_media":0,"parent":0,"menu_order":0,"comment_status":"closed","ping_status":"closed","template":"","meta":{"_genesis_hide_title":false,"_genesis_hide_breadcrumbs":false,"_genesis_hide_singular_image":false,"_genesis_hide_footer_widgets":false,"_genesis_custom_body_class":"","_genesis_custom_post_class":"","_genesis_layout":"","footnotes":""},"class_list":{"0":"post-1036","1":"page","2":"type-page","3":"status-publish","5":"entry"},"_links":{"self":[{"href":"https:\/\/moverdb.com\/ro\/wp-json\/wp\/v2\/pages\/1036","targetHints":{"allow":["GET"]}}],"collection":[{"href":"https:\/\/moverdb.com\/ro\/wp-json\/wp\/v2\/pages"}],"about":[{"href":"https:\/\/moverdb.com\/ro\/wp-json\/wp\/v2\/types\/page"}],"author":[{"embeddable":true,"href":"https:\/\/moverdb.com\/ro\/wp-json\/wp\/v2\/users\/1"}],"replies":[{"embeddable":true,"href":"https:\/\/moverdb.com\/ro\/wp-json\/wp\/v2\/comments?post=1036"}],"version-history":[{"count":6,"href":"https:\/\/moverdb.com\/ro\/wp-json\/wp\/v2\/pages\/1036\/revisions"}],"predecessor-version":[{"id":6182,"href":"https:\/\/moverdb.com\/ro\/wp-json\/wp\/v2\/pages\/1036\/revisions\/6182"}],"wp:attachment":[{"href":"https:\/\/moverdb.com\/ro\/wp-json\/wp\/v2\/media?parent=1036"}],"curies":[{"name":"wp","href":"https:\/\/api.w.org\/{rel}","templated":true}]}}