{"id":1034,"date":"2017-01-10T06:29:27","date_gmt":"2017-01-10T06:29:27","guid":{"rendered":"http:\/\/moverdb.com\/?page_id=1034"},"modified":"2026-01-08T13:18:31","modified_gmt":"2026-01-08T13:18:31","slug":"hilldrup-moving-storage","status":"publish","type":"page","link":"https:\/\/moverdb.com\/ro\/hilldrup-moving-storage\/","title":{"rendered":"Hilldrup Moving &amp; Storage: Recenzii despre mut\u0103ri interna\u021bionale"},"content":{"rendered":"<p>Hilldrup Moving and Storage are sediul \u00een Stafford VA. Compania ofer\u0103 clien\u021bilor s\u0103i o varietate de servicii care sunt enumerate mai jos, \u00eempreun\u0103 cu un profil al companiei \u0219i recenzii.<\/p>\n<p><strong>Servicii de mutare interna\u021bional\u0103<\/strong><\/p>\n<p>Asisten\u021b\u0103 pentru relocare<\/p>\n<ul>\n<li> Consultan\u021b\u0103 \u00een domeniul resurselor umane \u0219i planificare strategic\u0103<\/li>\n<li> Asisten\u021b\u0103 de marketing<\/li>\n<li> Programul de v\u00e2nz\u0103ri de case<\/li>\n<li> Administrarea cheltuielilor<\/li>\n<li> Aranjament temporar de locuit<\/li>\n<li> Servicii de atribuire interna\u021bional\u0103<\/li>\n<li> Servicii de destina\u021bie \u0219i de instalare<\/li>\n<li> Programe de gestionare a mut\u0103rii<\/li>\n<li> Considera\u021bii privind remunerarea, impozitarea \u0219i salarizarea<\/li>\n<li> Raportare personalizat\u0103<\/li>\n<li> Administrarea sumei forfetare<\/li>\n<\/ul>\n<p>Managementul mut\u0103rii<\/p>\n<ul>\n<li> Consilier specializat \u00een mut\u0103ri interna\u021bionale<\/li>\n<li> Gestionarea tuturor transporturilor terestre \u0219i maritime\/aeriene<\/li>\n<li> Asisten\u021b\u0103 cu pa\u0219aportul, vizele, vama<\/li>\n<\/ul>\n<p>Capacit\u0103\u021bi de stocare<\/p>\n<ul>\n<li> Depozitare pe termen lung \u0219i pe termen scurt<\/li>\n<li> Acces nelimitat la depozite de depozitare din \u00eentreaga lume<\/li>\n<li> Securitate 24\/7<\/li>\n<li> Sprinklere \u0219i sisteme de stingere a incendiilor<\/li>\n<li> Certificat DOD<\/li>\n<li> 200.000 de metri p\u0103tra\u021bi de depozitare cu clim\u0103 controlat\u0103 disponibil\u0103<\/li>\n<li> Automobile, b\u0103rci \u0219i rulote<\/li>\n<li> \u00centre\u021binere pentru vehiculele aflate \u00een depozitare pe termen lung.<\/li>\n<\/ul>\n<p><strong>Mutarea corporativ\u0103 - interna\u021bional\u0103 \u0219i local\u0103<\/strong><\/p>\n<p>Servicii de plecare<\/p>\n<ul>\n<li> Asisten\u021b\u0103 de marketing la domiciliu<\/li>\n<li> Managementul propriet\u0103\u021bii<\/li>\n<li> Expediere de bunuri de uz casnic<\/li>\n<li> Asisten\u021b\u0103 de c\u0103l\u0103torie<\/li>\n<\/ul>\n<p>Servicii de destina\u021bie<\/p>\n<ul>\n<li> Orientarea destina\u021biei<\/li>\n<li> Asisten\u021b\u0103 pentru g\u0103sirea unei case<\/li>\n<li> Asisten\u021b\u0103 ipotecar\u0103<\/li>\n<li> Locuin\u021be temporare<\/li>\n<li> Asisten\u021b\u0103 pentru \u00eenchiriere<\/li>\n<li> Asisten\u021b\u0103 pentru tranzi\u021bia familiei<\/li>\n<\/ul>\n<p>Atribuirea global\u0103<\/p>\n<ul>\n<li> Orientarea zonei<\/li>\n<li> Locuire temporar\u0103<\/li>\n<li> Formare lingvistic\u0103<\/li>\n<li> Servicii de vize \u0219i imigra\u021bie<\/li>\n<li> Managementul chiriilor<\/li>\n<li> Proiec\u021bii de costuri<\/li>\n<li> C\u0103utare la domiciliu<\/li>\n<li> Servicii de acomodare<\/li>\n<li> Formare intercultural\u0103<\/li>\n<li> Asisten\u021b\u0103 \u00een c\u0103utarea \u0219colii \u0219i a educa\u021biei<\/li>\n<li> Programe de sprijin pentru so\u021b\/partener<\/li>\n<\/ul>\n<p><strong>Guvern \u0219i armat\u0103<\/strong><\/p>\n<ul>\n<li> CAMPION<\/li>\n<li> DOD Household Moving<\/li>\n<li> Programul federal de furnizare a reloc\u0103rii complete<\/li>\n<li> Rea\u0219ezarea birourilor - program federal de aprovizionare<\/li>\n<\/ul>\n<p><strong>Servicii de mutare reziden\u021biale<\/strong><\/p>\n<ul>\n<li> Din u\u0219\u0103 \u00een u\u0219\u0103<\/li>\n<li> Servicii complete disponibile<\/li>\n<li> Depozitare pe termen lung \u0219i scurt disponibil\u0103<\/li>\n<li> Ambalare \u0219i despachetare<\/li>\n<li> Asigurare aranjat\u0103<\/li>\n<li> Transportul auto<\/li>\n<\/ul>\n<p><strong>Servicii de mutare comerciale<\/strong><\/p>\n<ul>\n<li> Managementul reloc\u0103rii la nivel mondial<\/li>\n<li> Mutarea birourilor la nivel na\u021bional<\/li>\n<li> Set\u0103ri \u00een campus<\/li>\n<li> Analiza bugetului\/costurilor<\/li>\n<li> Instalare<\/li>\n<li> Reconfigurare<\/li>\n<li> Gestionarea activelor<\/li>\n<li> Depozitare<\/li>\n<li> Deconectare\/reconectare IT<\/li>\n<li> Analiza nevoilor de design personalizat pentru IT<\/li>\n<li> Lichidare pe internet<\/li>\n<\/ul>\n<h2>Hilldrup Moving &amp; Storage Profilul companiei<\/h2>\n<p>Dl R G Hilldrup a \u00eenfiin\u021bat compania care este acum Hilldrup Moving and Storage Company \u00een 1903. \u00cen anii 1940, compania a fost v\u00e2ndut\u0103 unuia dintre angaja\u021bii s\u0103i - dl C. B McDaniel. \u00cen 1964, Hilldrup s-a asociat cu <a href=\"https:\/\/moverdb.com\/ro\/united-van-lines\/\">United Van Lines<\/a> ceea ce a permis companiei s\u0103 \u00ee\u0219i extind\u0103 considerabil serviciile. \u00cen prezent, compania ofer\u0103 mut\u0103ri locale, na\u021bionale \u0219i interna\u021bionale pentru persoane fizice \u0219i juridice, precum \u0219i facilit\u0103\u021bi extinse de depozitare. <\/p>\n<p>Hilldrup este condus\u0103 acum de a treia genera\u021bie de McDaniel, iar compania crede cu t\u0103rie \u00een puterea familiei. Acest etos este cel pe care \u00eel transmit clien\u021bilor lor. Hilldrup \u00eei place s\u0103 dea \u00eenapoi \u0219i sprijin\u0103 multe organiza\u021bii de caritate din cadrul comunit\u0103\u021bilor sale.<\/p>\n<p>Hilldrup Moving and Storage are urm\u0103toarele acredit\u0103ri \u0219i afilieri:<\/p>\n<ul>\n<li> <a href=\"https:\/\/moverdb.com\/ro\/amsa\/\">Asocia\u021bia american\u0103 de mutare \u0219i depozitare<\/a> (<a href=\"https:\/\/moverdb.com\/ro\/amsa\/\" data-internallinksmanager029f6b8e52c=\"5\" title=\"Asocia\u021bia American\u0103 de Mutare \u0219i Depozitare (AMSA) Explicat\">AMSA<\/a>)<\/li>\n<li> <a href=\"https:\/\/moverdb.com\/ro\/janta-promovare\/\">Certificarea AMSA pentru Registered International Mover (RIM)<\/a><\/li>\n<li> Asocia\u021bia american\u0103 a transportatorilor rutieri (ATA)<\/li>\n<li> Better Business Bureau pentru toate sucursalele<\/li>\n<li> Centrul pentru gestionarea misiunilor interna\u021bionale (CIAM)<\/li>\n<li> Programul de gestionare centralizat\u0103 a traficului de bunuri de uz casnic (CHAMP)<\/li>\n<li> Desemn\u0103ri Certified Relocation Professional (CRP)<\/li>\n<li> CoreNet Global<\/li>\n<li> <a href=\"https:\/\/moverdb.com\/ro\/consiliul-de-relocare-a-angajatilor\/\">Consiliul pentru relocarea angaja\u021bilor<\/a> (<a href=\"https:\/\/moverdb.com\/ro\/employee-relocation-council\/\" data-internallinksmanager029f6b8e52c=\"83\" title=\"Explica\u021bii despre Consiliul de relocare a angaja\u021bilor (ERC) la nivel mondial\">ERC<\/a>)<\/li>\n<li> Comisia Maritim\u0103 Federal\u0103<\/li>\n<li> <a href=\"https:\/\/moverdb.com\/ro\/fidi-faim\/\">F\u00e9d\u00e9ration Internationale des D\u00e9m\u00e9nageurs Internationaux \/ Federa\u021bia Interna\u021bional\u0103 a Companiilor Interna\u021bionale de Muta\u021bii<\/a> (<a href=\"https:\/\/moverdb.com\/ro\/fidi-faim\/\" data-internallinksmanager029f6b8e52c=\"16\" title=\"FIDI &amp; FAIM (FIDI Accredited International Mover) Explicat\">FIDI<\/a>)<\/li>\n<li> Certificare FIDI FAIM\/ISO<\/li>\n<li> Desemn\u0103ri de specialist \u00een mobilitate global\u0103 (GMS)<\/li>\n<li> <a href=\"https:\/\/moverdb.com\/ro\/hgfaa\/\">Asocia\u021bia expeditorilor de bunuri de uz casnic<\/a> (HHGFA)<\/li>\n<li> <a href=\"https:\/\/moverdb.com\/ro\/iata\/\">Asocia\u021bia Interna\u021bional\u0103 a Transportului Aerian<\/a> (<a href=\"https:\/\/moverdb.com\/ro\/iata\/\" data-internallinksmanager029f6b8e52c=\"22\" title=\"Asocia\u021bia Interna\u021bional\u0103 de Transport Aerian (IATA) - Explica\u021bii\">IATA<\/a>)<\/li>\n<li> <a href=\"https:\/\/moverdb.com\/ro\/sunt\/\">Asocia\u021bia Interna\u021bional\u0103 a Transportatorilor<\/a> (<a href=\"https:\/\/moverdb.com\/ro\/iam\/\" data-internallinksmanager029f6b8e52c=\"23\" title=\"Explica\u021bii despre Asocia\u021bia Interna\u021bional\u0103 a Transportatorilor (IAM)\">IAM<\/a>)<\/li>\n<li> Asocia\u021bia Interna\u021bional\u0103 pentru Managementul Facilit\u0103\u021bilor (IFMA)<\/li>\n<li> Certificare ISO 9001:2000<\/li>\n<li> <a href=\"https:\/\/moverdb.com\/ro\/lacma\/\">Asocia\u021bia Transportatorilor din America Latin\u0103 \u0219i Caraibe<\/a> (<a href=\"https:\/\/moverdb.com\/ro\/lacma\/\" data-internallinksmanager029f6b8e52c=\"28\" title=\"Asocia\u021bia Latino-American\u0103 \u0219i din Caraibe a Transportatorilor Interna\u021bionali (LACMA)\">LACMA<\/a>)<\/li>\n<li> Consiliul Interna\u021bional de relocare a angaja\u021bilor profesioni\u0219ti (PERC International)<\/li>\n<li> <a href=\"https:\/\/moverdb.com\/ro\/janta-promovare\/\">ProMover<\/a><\/li>\n<li> UniGroup Worldwide Certified International Agent Forwarder<\/li>\n<li> UniGroup Worldwide UTS Agent Forwarder<\/li>\n<\/ul>\n<h2>Hilldrup Moving &amp; Storage Recenzii<\/h2>\n<p><strong>Pozitiv:<\/strong><\/p>\n<ul>\n<li> <em>\"Au mutat totul \u00een\u0103untru \u0219i au f\u0103cut o treab\u0103 excelent\u0103.  De asemenea, cei de la biroul din spate au fost destul de minuna\u021bi, r\u0103spunz\u00e2nd la \u00eentreb\u0103ri \u0219i asigur\u00e2ndu-se c\u0103 \u0219tim totul despre mutare.\"<\/em> - Michael S. via <a href=\"https:\/\/www.yelp.co.uk\/biz\/hilldrup-moving-and-storage-stafford?hrid=hESxKCc7GvTBdlp-kN4udw&#038;utm_campaign=www_review_share_popup&#038;utm_medium=copy_link&#038;utm_source=(direct)\" target=\"_blank\" rel=\"noopener\">Yelp<\/a>.<\/li>\n<li> <em>\"Nu am fi putut fi mai mul\u021bumi\u021bi de aceast\u0103 companie, de la estimare p\u00e2n\u0103 la livrarea final\u0103 au fost punctuali, profesioni\u0219ti, amabili \u0219i foarte prieteno\u0219i.\"<\/em> - The Yarbs via <a href=\"https:\/\/www.bbb.org\/richmond\/business-reviews\/movers\/hilldrup-moving-storage-in-stafford-va-37026248\/reviews-and-complaints\" target=\"_blank\" rel=\"noopener\">BBB<\/a><\/li>\n<\/ul>\n<p><strong>Negativ:<\/strong><\/p>\n<ul>\n<li> <em>\"Tipii \u0103\u0219tia sunt groaznici. \u0218tiu c\u0103, atunci c\u00e2nd iei un profesionist, te a\u0219tep\u021bi ca unele lucruri s\u0103 se strice, asta face parte din proces. Problema este c\u0103 am g\u0103sit lucruri care erau stricate din cauza unor gre\u0219eli foarte stupide.\"<\/em> - Nick T. via <a href=\"https:\/\/www.yelp.co.uk\/biz\/hilldrup-moving-and-storage-stafford?hrid=tgu5ZfofrNJ6h_HXaIX9PQ&#038;utm_campaign=www_review_share_popup&#038;utm_medium=copy_link&#038;utm_source=(direct)\" target=\"_blank\" rel=\"noopener\">Yelp<\/a><\/li>\n<li> <em>\"Astfel, \u0219oferul care a venit de la Hilldrup nu avea experien\u021b\u0103 \u00een materie de desc\u0103rcare \u0219i aduce marfa \u00een cl\u0103dirile \u00eenalte. Acest lucru este foarte r\u0103u \u0219i at\u00e2t de neprofesionist.\"<\/em> - Sharad via <a href=\"https:\/\/www.mymovingreviews.com\/movers\/hilldrup-3657\" target=\"_blank\" rel=\"noopener\">MyMoingReviews.com<\/a><\/li>\n<\/ul>\n<div itemprop=\"review\" itemscope itemtype=\"http:\/\/schema.org\/Review\">\n<span itemprop=\"author\" itemscope=\"\" itemtype=\"http:\/\/schema.org\/Organization\"><span itemprop=\"name\">MoverDB.com<\/span><\/span> Revizuirea online a site-ului pentru <span itemprop=\"itemreviewed\" itemscope=\"\" itemtype=\"http:\/\/schema.org\/Brand\"><span itemprop=\"name\">Hilldrup Moving &amp; Storage<\/span><\/span>:<\/p>\n<ol>\n<li> Detalii de contact clare pe site-ul web (inclusiv num\u0103rul de telefon): <strong>Da<\/strong><\/li>\n<li> U\u0219or de ob\u021binut <a href=\"https:\/\/moverdb.com\/ro\/citate\/\">citate interna\u021bionale \u00een mi\u0219care<\/a>? (Formular de solicitare a unui deviz online): <strong>Da<\/strong><\/li>\n<li> Informa\u021bii clare pe site-ul web: <strong>Da,<\/strong> Site-ul este bine conceput \u0219i prezint\u0103 \u00een mod clar produsele \u0219i serviciile oferite.<\/li>\n<li> Apartenen\u021ba la organiza\u021bii interna\u021bionale recunoscute \u00een domeniul mut\u0103rii: <strong>Da<\/strong>, multe, vezi mai sus<\/li>\n<li> Lista de clien\u021bi \u0219i\/sau m\u0103rturii ale clien\u021bilor anteriori. <strong>Da,<\/strong> \u00een timp ce \u00ee\u0219i enumer\u0103 premiile \u0219i afilierile pe site-ul lor, nu am putut g\u0103si o list\u0103 de m\u0103rturii ale clien\u021bilor. Cu toate acestea, ei au \u00een general recenzii postie din jurul web.<\/li>\n<\/ol>\n<div itemprop=\"reviewRating\" itemscope itemtype=\"http:\/\/schema.org\/Rating\"><meta itemprop=\"worstRating\" content = \"0\" \/><meta itemprop=\"bestRating\" content=\"5\" \/><meta itemprop=\"ratingValue\" content=\"4.5\"><\/div>\n<p><strong>Scor general: 4.5\/5<\/strong><br \/>\n<strong>Data revizuirii:<\/strong> <span itemprop=\"datePublished\" content=\"2017-01-10\">10\/01\/2017<\/span>\n<\/div>\n<p>Citi\u021bi mai multe despre <a href=\"https:\/\/moverdb.com\/ro\/moving-companies\/\">companii interna\u021bionale de mutare<\/a>, <a href=\"https:\/\/moverdb.com\/ro\/us-canada-movers\/\">companii de mutare interne<\/a> \u0219i a noastr\u0103 <a href=\"https:\/\/moverdb.com\/ro\/comentarii\/\">procesul de revizuire explicat<\/a>.<\/p>\n<p><strong>Site web:<\/strong> <a href=\"https:\/\/www.hilldrup.com\/\" target=\"_blank\" rel=\"noopener\">https:\/\/www.hilldrup.com\/<\/a><\/p>","protected":false},"excerpt":{"rendered":"<p>Hilldrup Moving and Storage is based in Stafford VA. The company offers its client a variety of services which are listed below, together with a company profile and reviews. International Moving Services Relocation Assistance Human Resource Consulting and Strategic Planning Marketing Assistance Home Sales Program Expense Administration Temporary Living Arrangement International Assignment Services Destination and [&hellip;]<\/p>\n","protected":false},"author":1,"featured_media":0,"parent":0,"menu_order":0,"comment_status":"closed","ping_status":"closed","template":"","meta":{"_genesis_hide_title":false,"_genesis_hide_breadcrumbs":false,"_genesis_hide_singular_image":false,"_genesis_hide_footer_widgets":false,"_genesis_custom_body_class":"","_genesis_custom_post_class":"","_genesis_layout":"","footnotes":""},"class_list":{"0":"post-1034","1":"page","2":"type-page","3":"status-publish","5":"entry"},"_links":{"self":[{"href":"https:\/\/moverdb.com\/ro\/wp-json\/wp\/v2\/pages\/1034","targetHints":{"allow":["GET"]}}],"collection":[{"href":"https:\/\/moverdb.com\/ro\/wp-json\/wp\/v2\/pages"}],"about":[{"href":"https:\/\/moverdb.com\/ro\/wp-json\/wp\/v2\/types\/page"}],"author":[{"embeddable":true,"href":"https:\/\/moverdb.com\/ro\/wp-json\/wp\/v2\/users\/1"}],"replies":[{"embeddable":true,"href":"https:\/\/moverdb.com\/ro\/wp-json\/wp\/v2\/comments?post=1034"}],"version-history":[{"count":3,"href":"https:\/\/moverdb.com\/ro\/wp-json\/wp\/v2\/pages\/1034\/revisions"}],"predecessor-version":[{"id":6220,"href":"https:\/\/moverdb.com\/ro\/wp-json\/wp\/v2\/pages\/1034\/revisions\/6220"}],"wp:attachment":[{"href":"https:\/\/moverdb.com\/ro\/wp-json\/wp\/v2\/media?parent=1034"}],"curies":[{"name":"wp","href":"https:\/\/api.w.org\/{rel}","templated":true}]}}