{"id":10263,"date":"2023-06-22T15:31:17","date_gmt":"2023-06-22T15:31:17","guid":{"rendered":"https:\/\/moverdb.com\/?page_id=10263"},"modified":"2026-01-08T15:24:56","modified_gmt":"2026-01-08T15:24:56","slug":"moving-companies-zimbabwe","status":"publish","type":"page","link":"https:\/\/moverdb.com\/ro\/moving-companies\/moving-companies-zimbabwe\/","title":{"rendered":"4 Cele mai bune companii de mutare interna\u021bional\u0103 \u00een Zimbabwe"},"content":{"rendered":"<p>Atunci c\u00e2nd planifica\u021bi o mutare, \u00een special \u00eentre \u021b\u0103ri, poate fi cople\u0219itor s\u0103 ave\u021bi at\u00e2t de multe de f\u0103cut. Angajarea unui <a href=\"https:\/\/moverdb.com\/ro\/moving-companies\/\" data-internallinksmanager029f6b8e52c=\"79\" title=\"Top 25 Companii interna\u021bionale de mutare online\">companie \u00een mi\u0219care<\/a> poate u\u0219ura aceast\u0103 povar\u0103 \u0219i v\u0103 poate face mutarea mai u\u0219oar\u0103. Mai jos am compilat o list\u0103 de firme din Zimbabwe <a href=\"https:\/\/moverdb.com\/ro\/international-removals\/\" data-internallinksmanager029f6b8e52c=\"27\" title=\"36 Cele mai bune companii de mut\u0103ri interna\u021bionale din Marea Britanie\">companii de mutare<\/a> care sunt membri ai grupului <a href=\"https:\/\/moverdb.com\/ro\/iam\/\" data-internallinksmanager029f6b8e52c=\"23\" title=\"Explica\u021bii despre Asocia\u021bia Interna\u021bional\u0103 a Transportatorilor (IAM)\">Asocia\u021bia Interna\u021bional\u0103 a Transportatorilor<\/a> (IAM) \u0219i\/sau <a href=\"https:\/\/moverdb.com\/ro\/fidi-faim\/\" data-internallinksmanager029f6b8e52c=\"16\" title=\"FIDI &amp; FAIM (FIDI Accredited International Mover) Explicat\">FIDI<\/a> Accredited International Mover (FAIM) care v\u0103 poate ajuta cu mutarea dumneavoastr\u0103.<\/p>\n<div id=\"ez-toc-container\" class=\"ez-toc-v2_0_82_2 ez-toc-wrap-left counter-hierarchy ez-toc-counter ez-toc-transparent ez-toc-container-direction\">\n<div class=\"ez-toc-title-container\">\n<p class=\"ez-toc-title\" style=\"cursor:inherit\">Sec\u021biuni<\/p>\n<span class=\"ez-toc-title-toggle\"><a href=\"#\" class=\"ez-toc-pull-right ez-toc-btn ez-toc-btn-xs ez-toc-btn-default ez-toc-toggle\" aria-label=\"Comuta\u021bi tabelul de con\u021binut\"><span class=\"ez-toc-js-icon-con\"><span class=\"\"><span class=\"eztoc-hide\" style=\"display:none;\">Toggle<\/span><span class=\"ez-toc-icon-toggle-span\"><svg style=\"fill: #999;color:#999\" xmlns=\"http:\/\/www.w3.org\/2000\/svg\" class=\"list-377408\" width=\"20px\" height=\"20px\" viewbox=\"0 0 24 24\" fill=\"none\"><path d=\"M6 6H4v2h2V6zm14 0H8v2h12V6zM4 11h2v2H4v-2zm16 0H8v2h12v-2zM4 16h2v2H4v-2zm16 0H8v2h12v-2z\" fill=\"currentColor\"><\/path><\/svg><svg style=\"fill: #999;color:#999\" class=\"arrow-unsorted-368013\" xmlns=\"http:\/\/www.w3.org\/2000\/svg\" width=\"10px\" height=\"10px\" viewbox=\"0 0 24 24\" version=\"1.2\" baseprofile=\"tiny\"><path d=\"M18.2 9.3l-6.2-6.3-6.2 6.3c-.2.2-.3.4-.3.7s.1.5.3.7c.2.2.4.3.7.3h11c.3 0 .5-.1.7-.3.2-.2.3-.5.3-.7s-.1-.5-.3-.7zM5.8 14.7l6.2 6.3 6.2-6.3c.2-.2.3-.5.3-.7s-.1-.5-.3-.7c-.2-.2-.4-.3-.7-.3h-11c-.3 0-.5.1-.7.3-.2.2-.3.5-.3.7s.1.5.3.7z\"\/><\/svg><\/span><\/span><\/span><\/a><\/span><\/div>\n<nav><ul class='ez-toc-list ez-toc-list-level-1 eztoc-toggle-hide-by-default' ><li class='ez-toc-page-1 ez-toc-heading-level-2'><a class=\"ez-toc-link ez-toc-heading-1\" href=\"https:\/\/moverdb.com\/ro\/moving-companies\/moving-companies-zimbabwe\/#1_Biddulphs_International\" >1. Biddulphs International<\/a><\/li><li class='ez-toc-page-1 ez-toc-heading-level-2'><a class=\"ez-toc-link ez-toc-heading-2\" href=\"https:\/\/moverdb.com\/ro\/moving-companies\/moving-companies-zimbabwe\/#2_Chavilon_International_Movers_Logistics\" >2. Chavilon International Movers &amp; Logistics<\/a><\/li><li class='ez-toc-page-1 ez-toc-heading-level-2'><a class=\"ez-toc-link ez-toc-heading-3\" href=\"https:\/\/moverdb.com\/ro\/moving-companies\/moving-companies-zimbabwe\/#3_Glens_Removal_Storage\" >3. Glens Removal &amp; Storage<\/a><\/li><li class='ez-toc-page-1 ez-toc-heading-level-2'><a class=\"ez-toc-link ez-toc-heading-4\" href=\"https:\/\/moverdb.com\/ro\/moving-companies\/moving-companies-zimbabwe\/#4_Stuttafords\" >4. Stuttafords<\/a><\/li><\/ul><\/nav><\/div>\n<h2><span class=\"ez-toc-section\" id=\"1_Biddulphs_International\"><\/span><strong>1. Biddulphs International<\/strong><img loading=\"lazy\" decoding=\"async\" class=\"alignnone size-full wp-image-10090\" style=\"font-size: 16px;\" src=\"https:\/\/moverdb.com\/wp-content\/uploads\/Biddulphs-International-Zimbabwe-moving-company.png\" alt=\"Biddulphs International Zimbabwe companie de mutare\" width=\"1440\" height=\"670\" data-wp-pid=\"10090\" srcset=\"https:\/\/moverdb.com\/wp-content\/uploads\/Biddulphs-International-Zimbabwe-moving-company.png 1440w, https:\/\/moverdb.com\/wp-content\/uploads\/Biddulphs-International-Zimbabwe-moving-company-300x140.png 300w, https:\/\/moverdb.com\/wp-content\/uploads\/Biddulphs-International-Zimbabwe-moving-company-1024x476.png 1024w, https:\/\/moverdb.com\/wp-content\/uploads\/Biddulphs-International-Zimbabwe-moving-company-18x8.png 18w, https:\/\/moverdb.com\/wp-content\/uploads\/Biddulphs-International-Zimbabwe-moving-company-600x279.png 600w\" sizes=\"auto, (max-width: 1440px) 100vw, 1440px\" \/><span class=\"ez-toc-section-end\"><\/span><\/h2>\n<ul>\n<li>Mut\u0103ri locale<\/li>\n<li>Mut\u0103ri interna\u021bionale<\/li>\n<li>Mutarea gospod\u0103riei<\/li>\n<li>Transferuri de afaceri<\/li>\n<li>Serviciul de ambalare<\/li>\n<li>Transport terestru, aerian \u0219i maritim<\/li>\n<li>Op\u021biuni pentru containere<\/li>\n<li>V\u0103muire<\/li>\n<li>Asigurarea de tranzit<\/li>\n<li>Facilit\u0103\u021bi de depozitare<\/li>\n<\/ul>\n<p>Biddulphs International este o companie de mut\u0103ri interna\u021bionale \u00eenfiin\u021bat\u0103 \u00een 1928 \u0219i are sediul \u00een Harare. Ace\u0219tia au o re\u021bea mondial\u0103 de parteneri de mutare care respect\u0103 standardele interna\u021bionale de calitate \u0219i care \u00eei asist\u0103 la mut\u0103rile interna\u021bionale. Ei sunt membri ai IAM \u0219i au 87 de ani de experien\u021b\u0103.<\/p>\n<p>Consultan\u021bii \u00een mut\u0103ri de la Biddulphs International v\u0103 vor sf\u0103tui cu privire la cele mai economice op\u021biuni pentru mutarea dumneavoastr\u0103. Ace\u0219tia pun la dispozi\u021bie ambalatori profesioni\u0219ti care v\u0103 vor proteja obiectele \u00een timpul transportului. Ace\u0219tia vor aranja transportul \u0219i vor supraveghea v\u0103muirea, precum \u0219i asigurarea de tranzit. Ofer\u0103 posibilitatea de a alege \u00eentre \u00eenc\u0103rc\u0103turi complete de containere, \u00eenc\u0103rc\u0103turi par\u021biale de containere \u0219i grupaj.<\/p>\n<p>Site web: <a href=\"https:\/\/www.biddulphs.co.zw\/\" target=\"_blank\" rel=\"noopener\">https:\/\/www.biddulphs.co.zw\/<\/a><\/p>\n<h2><span class=\"ez-toc-section\" id=\"2_Chavilon_International_Movers_Logistics\"><\/span><strong>2. Chavilon International Movers &amp; Logistics<\/strong><span class=\"ez-toc-section-end\"><\/span><\/h2>\n<p><img loading=\"lazy\" decoding=\"async\" class=\"alignnone size-full wp-image-10093\" src=\"https:\/\/moverdb.com\/wp-content\/uploads\/Chavilon-International-moving-company.png\" alt=\"Chavilon International moving company\" width=\"1440\" height=\"679\" data-wp-pid=\"10093\" srcset=\"https:\/\/moverdb.com\/wp-content\/uploads\/Chavilon-International-moving-company.png 1440w, https:\/\/moverdb.com\/wp-content\/uploads\/Chavilon-International-moving-company-300x141.png 300w, https:\/\/moverdb.com\/wp-content\/uploads\/Chavilon-International-moving-company-1024x483.png 1024w, https:\/\/moverdb.com\/wp-content\/uploads\/Chavilon-International-moving-company-18x8.png 18w, https:\/\/moverdb.com\/wp-content\/uploads\/Chavilon-International-moving-company-600x283.png 600w\" sizes=\"auto, (max-width: 1440px) 100vw, 1440px\" \/><\/p>\n<ul>\n<li>Mi\u0219c\u0103ri na\u021bionale<\/li>\n<li>Mut\u0103ri interna\u021bionale<\/li>\n<li>Mutarea gospod\u0103riilor<\/li>\n<li>Reloc\u0103ri de birouri \u0219i corporative<\/li>\n<li>Serviciul de ambalare<\/li>\n<li>Transport rutier, feroviar, aerian \u0219i maritim de marf\u0103<\/li>\n<li>V\u0103muire<\/li>\n<li>Transferuri de art\u0103 \u0219i antichit\u0103\u021bi<\/li>\n<li>Relocarea ma\u0219inii<\/li>\n<li>Facilit\u0103\u021bi de depozitare<\/li>\n<\/ul>\n<p>Chavilon International Movers &amp; Logistics este o companie de relocalizare \u0219i logistic\u0103 cu sediul \u00een Harare, cu firmele mam\u0103 \u0219i surori \u00een <a href=\"https:\/\/moverdb.com\/ro\/moving-companies\/moving-companies-mozambique\/\" data-internallinksmanager029f6b8e52c=\"286\" title=\"4 Cele mai bune companii de mutare interna\u021bional\u0103 \u00een Mozambic\">Mozambic<\/a>, Angola, <a href=\"https:\/\/moverdb.com\/ro\/moving-companies\/botswana-moving-companies\/\" data-internallinksmanager029f6b8e52c=\"167\" title=\"Cele mai bune companii de mutare interna\u021bional\u0103 \u00een Botswana\">Botswana<\/a>, <a href=\"https:\/\/moverdb.com\/ro\/moving-companies\/moving-companies-malawi\/\" data-internallinksmanager029f6b8e52c=\"295\" title=\"Cele mai bune companii de mutare interna\u021bional\u0103 \u00een Malawi\">Malawi<\/a> \u0219i Zambia. De asemenea, au acces la o re\u021bea interna\u021bional\u0103 de companii de mut\u0103ri pentru a furniza servicii \u00een \u00eentreaga lume. Sunt membri ai IAM \u0219i au \u0219apte ani de experien\u021b\u0103.<\/p>\n<p>Chavilon International Movers &amp; Logistics ofer\u0103 un serviciu personalizat pentru servicii de mutare din u\u0219\u0103 \u00een u\u0219\u0103 \u00een interiorul, spre \u0219i din Zimbabwe. Ofer\u0103, de asemenea, servicii door-to-<a href=\"https:\/\/moverdb.com\/ro\/top-49-container-ports\/\" data-internallinksmanager029f6b8e52c=\"80\" title=\"Top 49 cele mai mari \u0219i mai aglomerate porturi de containere \u00een 2026\">port<\/a> \u0219i servicii de la port la port, care v\u0103 permit s\u0103 v\u0103 ocupa\u021bi singur de mai multe activit\u0103\u021bi, cum ar fi \u00eempachetarea \u0219i despachetarea. Serviciul lor de ambalare utilizeaz\u0103 materiale recunoscute la nivel interna\u021bional pentru a v\u0103 proteja obiectele \u00een tranzit.<\/p>\n<p>Site web: <a href=\"http:\/\/www.chavilonmovers.com\/\" target=\"_blank\" rel=\"noopener\">http:\/\/www.chavilonmovers.com\/<\/a><\/p>\n<h2><span class=\"ez-toc-section\" id=\"3_Glens_Removal_Storage\"><\/span><strong>3. Glens Removal &amp; Storage<\/strong><span class=\"ez-toc-section-end\"><\/span><\/h2>\n<p><img loading=\"lazy\" decoding=\"async\" class=\"alignnone size-full wp-image-10128\" src=\"https:\/\/moverdb.com\/wp-content\/uploads\/Glens-Removals-Storage-international-moving-company.png\" alt=\"Glens Removals &amp; Storage companie de mutare interna\u021bional\u0103\" width=\"1440\" height=\"680\" data-wp-pid=\"10128\" srcset=\"https:\/\/moverdb.com\/wp-content\/uploads\/Glens-Removals-Storage-international-moving-company.png 1440w, https:\/\/moverdb.com\/wp-content\/uploads\/Glens-Removals-Storage-international-moving-company-300x142.png 300w, https:\/\/moverdb.com\/wp-content\/uploads\/Glens-Removals-Storage-international-moving-company-1024x484.png 1024w, https:\/\/moverdb.com\/wp-content\/uploads\/Glens-Removals-Storage-international-moving-company-18x9.png 18w, https:\/\/moverdb.com\/wp-content\/uploads\/Glens-Removals-Storage-international-moving-company-600x283.png 600w\" sizes=\"auto, (max-width: 1440px) 100vw, 1440px\" \/><\/p>\n<ul>\n<li>Mut\u0103ri locale \u0219i na\u021bionale<\/li>\n<li>Mut\u0103ri interna\u021bionale<\/li>\n<li>Mutarea gospod\u0103riei<\/li>\n<li>Mutarea birourilor<\/li>\n<li>Reloc\u0103ri din u\u0219\u0103 \u00een u\u0219\u0103<\/li>\n<li>Serviciul de ambalare<\/li>\n<li>Expediere<\/li>\n<li>V\u0103muire<\/li>\n<li>Asigurare<\/li>\n<li>Depozitare pe termen scurt \u0219i lung<\/li>\n<\/ul>\n<p>Glens Removal &amp; Storage este o companie de mut\u0103ri care func\u021bioneaz\u0103 din 1952, cu birouri \u0219i depozite \u00een Zimbabwe, precum \u0219i filiale \u00een <a href=\"https:\/\/moverdb.com\/ro\/moving-to-south-africa\/\" data-internallinksmanager029f6b8e52c=\"347\" title=\"V\u0103 muta\u021bi \u00een Africa de Sud? 2026 Costurile vie\u021bii \u0219i sfaturi de relocare\">Africa de Sud<\/a>, Zambia, Malawi \u0219i Mozambic. Ace\u0219tia colaboreaz\u0103 cu agen\u021bi interna\u021bionali \u0219i companii de transport de marf\u0103 pentru a oferi servicii \u00een \u00eentreaga lume. Sunt membri ai IAM cu 71 de ani de experien\u021b\u0103 \u0219i sunt acredita\u021bi de FIDI.<\/p>\n<p>Glens Removal &amp; Storage ofer\u0103 servicii door-to-door care \u00eendeplinesc standardele interna\u021bionale de mutare. Ace\u0219tia ofer\u0103 servicii profesionale de ambalare, inclusiv de ambalare \u00een l\u0103zi, pentru a v\u0103 livra \u00een siguran\u021b\u0103 bunurile la destina\u021bie. Ei vor aranja transportul bunurilor \u0219i ofer\u0103 o alegere de <a href=\"https:\/\/moverdb.com\/ro\/shipping-container-sizes-and-dimensions\/\" data-internallinksmanager029f6b8e52c=\"247\" title=\"Ghidul suprem pentru dimensiunile \u0219i dimensiunile containerelor de transport maritim\">Dimensiunile recipientelor<\/a> \u0219i servicii de consolidare pentru mutarea dumneavoastr\u0103.<\/p>\n<p>Site web: <a href=\"http:\/\/www.glensremovals.com\" target=\"_blank\" rel=\"noopener\">http:\/\/www.glensremovals.com<\/a><\/p>\n<h2><span class=\"ez-toc-section\" id=\"4_Stuttafords\"><\/span><strong>4. Stuttafords<\/strong><span class=\"ez-toc-section-end\"><\/span><\/h2>\n<p><img loading=\"lazy\" decoding=\"async\" class=\"alignnone size-full wp-image-10188\" src=\"https:\/\/moverdb.com\/wp-content\/uploads\/Stuttafords-Zimbabwe-international-moving-company.png\" alt=\"Stuttafords Zimbabwe companie de mutare interna\u021bional\u0103\" width=\"1440\" height=\"681\" data-wp-pid=\"10188\" srcset=\"https:\/\/moverdb.com\/wp-content\/uploads\/Stuttafords-Zimbabwe-international-moving-company.png 1440w, https:\/\/moverdb.com\/wp-content\/uploads\/Stuttafords-Zimbabwe-international-moving-company-300x142.png 300w, https:\/\/moverdb.com\/wp-content\/uploads\/Stuttafords-Zimbabwe-international-moving-company-1024x484.png 1024w, https:\/\/moverdb.com\/wp-content\/uploads\/Stuttafords-Zimbabwe-international-moving-company-18x9.png 18w, https:\/\/moverdb.com\/wp-content\/uploads\/Stuttafords-Zimbabwe-international-moving-company-600x284.png 600w\" sizes=\"auto, (max-width: 1440px) 100vw, 1440px\" \/><\/p>\n<ul>\n<li>Reloc\u0103ri locale \u0219i na\u021bionale<\/li>\n<li>Reloc\u0103ri interna\u021bionale<\/li>\n<li>Mut\u0103ri reziden\u021biale<\/li>\n<li>Reloc\u0103ri corporative<\/li>\n<li>Reloc\u0103ri din u\u0219\u0103 \u00een u\u0219\u0103<\/li>\n<li>Serviciul de ambalare<\/li>\n<li>Transport rutier, aerian \u0219i maritim<\/li>\n<li>Dimensiuni de recipiente la alegere<\/li>\n<li>V\u0103muire<\/li>\n<li>Facilit\u0103\u021bi de depozitare<\/li>\n<\/ul>\n<p>Stuttafords este o companie de logistic\u0103 \u0219i transport de marf\u0103 care are filiale \u00een Zimbabwe, Malawi \u0219i Zambia. Birourile sale din Zimbabwe se afl\u0103 \u00een Harare \u0219i Bulawayo. Este membr\u0103 a IAM cu 66 de ani de experien\u021b\u0103 \u0219i este acreditat\u0103 de FIDI, ceea ce \u00eenseamn\u0103 c\u0103 \u00ee\u0219i ofer\u0103 serviciile la standarde interna\u021bionale \u0219i c\u0103 dispune de o re\u021bea de companii de mut\u0103ri care ofer\u0103 acelea\u0219i standarde.<\/p>\n<p>Stuttafords ofer\u0103 u\u0219\u0103-la-u\u0219\u0103 \u00een mi\u0219care \u0219i servicii de relocalizare pentru reziden\u021bial \u0219i corpora\u021bii \u00een, la \u0219i din Zimbabwe. Ace\u0219tia ofer\u0103 un serviciu profesionist de ambalare care va asigura c\u0103 bunurile dvs. nu sunt deteriorate \u00een timpul transportului. Ei vor aranja transportul cu v\u0103muire.<\/p>\n<p>Site web: <a href=\"http:\/\/www.stuttafordszim.com\" target=\"_blank\" rel=\"noopener\">http:\/\/www.stuttafordszim.com<\/a><\/p>","protected":false},"excerpt":{"rendered":"<p>When you are planning a move, especially between countries it can be overwhelming with so much to do. Employing a moving company can ease this burden and make your move smoother. Below we have compiled a list of Zimbabwe based removal companies that are members of the International Association of Movers (IAM) and\/or FIDI Accredited [&hellip;]<\/p>\n","protected":false},"author":4,"featured_media":10090,"parent":190,"menu_order":0,"comment_status":"closed","ping_status":"closed","template":"","meta":{"_genesis_hide_title":false,"_genesis_hide_breadcrumbs":false,"_genesis_hide_singular_image":false,"_genesis_hide_footer_widgets":false,"_genesis_custom_body_class":"","_genesis_custom_post_class":"","_genesis_layout":"","footnotes":""},"class_list":{"0":"post-10263","1":"page","2":"type-page","3":"status-publish","4":"has-post-thumbnail","6":"entry"},"_links":{"self":[{"href":"https:\/\/moverdb.com\/ro\/wp-json\/wp\/v2\/pages\/10263","targetHints":{"allow":["GET"]}}],"collection":[{"href":"https:\/\/moverdb.com\/ro\/wp-json\/wp\/v2\/pages"}],"about":[{"href":"https:\/\/moverdb.com\/ro\/wp-json\/wp\/v2\/types\/page"}],"author":[{"embeddable":true,"href":"https:\/\/moverdb.com\/ro\/wp-json\/wp\/v2\/users\/4"}],"replies":[{"embeddable":true,"href":"https:\/\/moverdb.com\/ro\/wp-json\/wp\/v2\/comments?post=10263"}],"version-history":[{"count":2,"href":"https:\/\/moverdb.com\/ro\/wp-json\/wp\/v2\/pages\/10263\/revisions"}],"predecessor-version":[{"id":10265,"href":"https:\/\/moverdb.com\/ro\/wp-json\/wp\/v2\/pages\/10263\/revisions\/10265"}],"up":[{"embeddable":true,"href":"https:\/\/moverdb.com\/ro\/wp-json\/wp\/v2\/pages\/190"}],"wp:featuredmedia":[{"embeddable":true,"href":"https:\/\/moverdb.com\/ro\/wp-json\/wp\/v2\/media\/10090"}],"wp:attachment":[{"href":"https:\/\/moverdb.com\/ro\/wp-json\/wp\/v2\/media?parent=10263"}],"curies":[{"name":"wp","href":"https:\/\/api.w.org\/{rel}","templated":true}]}}