{"id":10249,"date":"2023-06-22T15:38:39","date_gmt":"2023-06-22T15:38:39","guid":{"rendered":"https:\/\/moverdb.com\/?page_id=10249"},"modified":"2026-01-08T15:24:29","modified_gmt":"2026-01-08T15:24:29","slug":"moving-companies-uruguay","status":"publish","type":"page","link":"https:\/\/moverdb.com\/ro\/moving-companies\/moving-companies-uruguay\/","title":{"rendered":"3 Cele mai bune companii de mut\u0103ri interna\u021bionale din Uruguay"},"content":{"rendered":"<p>Mutarea casei sau a afacerii poate fi o perioad\u0103 agitat\u0103 \u0219i stresant\u0103, cu multe lucruri de f\u0103cut \u0219i de aranjat. \u00cen acest caz, un <a href=\"https:\/\/moverdb.com\/ro\/moving-companies\/\" data-internallinksmanager029f6b8e52c=\"79\" title=\"Top 25 Companii interna\u021bionale de mutare online\">companie \u00een mi\u0219care<\/a> v\u0103 poate ajuta prin preluarea multor sarcini, cum ar fi \u00eempachetarea, organizarea transportului \u0219i gestionarea formalit\u0103\u021bilor vamale pentru mut\u0103rile \u00eentre \u021b\u0103ri. Mai jos am compilat o list\u0103 de firme din Uruguay <a href=\"https:\/\/moverdb.com\/ro\/international-removals\/\" data-internallinksmanager029f6b8e52c=\"27\" title=\"36 Cele mai bune companii de mut\u0103ri interna\u021bionale din Marea Britanie\">companii de mutare<\/a> care sunt membri ai grupului <a href=\"https:\/\/moverdb.com\/ro\/iam\/\" data-internallinksmanager029f6b8e52c=\"23\" title=\"Explica\u021bii despre Asocia\u021bia Interna\u021bional\u0103 a Transportatorilor (IAM)\">Asocia\u021bia Interna\u021bional\u0103 a Transportatorilor<\/a> (IAM) \u0219i\/sau <a href=\"https:\/\/moverdb.com\/ro\/fidi-faim\/\" data-internallinksmanager029f6b8e52c=\"16\" title=\"FIDI &amp; FAIM (FIDI Accredited International Mover) Explicat\">FIDI<\/a> Accredited International Mover (FAIM) care v\u0103 poate ajuta cu mutarea dumneavoastr\u0103.<\/p>\n<h2><strong>1. AB Moving<\/strong><\/h2>\n<p><img loading=\"lazy\" decoding=\"async\" class=\"alignnone size-full wp-image-10064\" src=\"https:\/\/moverdb.com\/wp-content\/uploads\/AB-Moving-international-moving-company.png\" alt=\"AB Moving companie de mutare interna\u021bional\u0103\" width=\"1440\" height=\"679\" data-wp-pid=\"10064\" srcset=\"https:\/\/moverdb.com\/wp-content\/uploads\/AB-Moving-international-moving-company.png 1440w, https:\/\/moverdb.com\/wp-content\/uploads\/AB-Moving-international-moving-company-300x141.png 300w, https:\/\/moverdb.com\/wp-content\/uploads\/AB-Moving-international-moving-company-1024x483.png 1024w, https:\/\/moverdb.com\/wp-content\/uploads\/AB-Moving-international-moving-company-18x8.png 18w, https:\/\/moverdb.com\/wp-content\/uploads\/AB-Moving-international-moving-company-600x283.png 600w\" sizes=\"auto, (max-width: 1440px) 100vw, 1440px\" \/><\/p>\n<ul>\n<li>Mi\u0219c\u0103ri na\u021bionale<\/li>\n<li>Mut\u0103ri interna\u021bionale<\/li>\n<li>Mutarea gospod\u0103riei<\/li>\n<li>Mi\u0219c\u0103ri de afaceri<\/li>\n<li>Servicii de relocare<\/li>\n<li>Ambalaj profesional<\/li>\n<li>Transport aerian, maritim \u0219i terestru<\/li>\n<li>Manipularea artei<\/li>\n<li>Reloc\u0103ri de animale de companie<\/li>\n<li>Depozitare securizat\u0103<\/li>\n<\/ul>\n<p>AB Moving este o companie interna\u021bional\u0103 de mut\u0103ri \u0219i reloc\u0103ri cu o experien\u021b\u0103 de peste 25 de ani \u0219i are sediul \u00een Montevideo. Ei au o re\u021bea de agen\u021bi \u00een \u00eentreaga lume care le permite s\u0103 livreze mut\u0103ri oriunde \u00een lume. Ei sunt membri ai IAM cu 15 ani de serviciu.<\/p>\n<p>AB Moving ofer\u0103 servicii personalizate care sunt adaptate nevoilor dumneavoastr\u0103 \u0219i ofer\u0103 un serviciu din u\u0219\u0103 \u00een u\u0219\u0103. Ace\u0219tia ofer\u0103 un serviciu profesionist de ambalare care utilizeaz\u0103 materiale de \u00eenalt\u0103 calitate \u0219i schelete de lemn personalizate pentru a v\u0103 proteja obiectele. Ace\u0219tia vor aranja transportul pe cale aerian\u0103, maritim\u0103 sau rutier\u0103 cu toate documentele necesare.<\/p>\n<p>Site web: <a href=\"http:\/\/www.ab.com.uy\" target=\"_blank\" rel=\"noopener\">http:\/\/www.ab.com.uy<\/a><\/p>\n<h2><strong>2. Autogiro<\/strong><\/h2>\n<p><img loading=\"lazy\" decoding=\"async\" class=\"alignnone size-full wp-image-10085\" src=\"https:\/\/moverdb.com\/wp-content\/uploads\/Autogiro-international-moving-company.png\" alt=\"Autogiro companie de mut\u0103ri interna\u021bionale\" width=\"1440\" height=\"682\" data-wp-pid=\"10085\" srcset=\"https:\/\/moverdb.com\/wp-content\/uploads\/Autogiro-international-moving-company.png 1440w, https:\/\/moverdb.com\/wp-content\/uploads\/Autogiro-international-moving-company-300x142.png 300w, https:\/\/moverdb.com\/wp-content\/uploads\/Autogiro-international-moving-company-1024x485.png 1024w, https:\/\/moverdb.com\/wp-content\/uploads\/Autogiro-international-moving-company-18x9.png 18w, https:\/\/moverdb.com\/wp-content\/uploads\/Autogiro-international-moving-company-600x284.png 600w\" sizes=\"auto, (max-width: 1440px) 100vw, 1440px\" \/><\/p>\n<ul>\n<li>Mi\u0219c\u0103ri na\u021bionale<\/li>\n<li>Mut\u0103ri interna\u021bionale<\/li>\n<li>Mut\u0103ri reziden\u021biale<\/li>\n<li>Mut\u0103ri corporative<\/li>\n<li>Servicii de relocare<\/li>\n<li>Serviciul de ambalare<\/li>\n<li>Aranjamente de transport<\/li>\n<li>Manipularea lucr\u0103rilor de art\u0103<\/li>\n<li>Transportul animalelor de companie<\/li>\n<li>Depozitare securizat\u0103<\/li>\n<\/ul>\n<p>Autogiro este o companie de mut\u0103ri \u0219i transport de marf\u0103 fondat\u0103 \u00een 1925 \u0219i cu sediul \u00een Montevideo. Ace\u0219tia au creat leg\u0103turi cu agen\u021bi din \u00eentreaga lume care livreaz\u0103 la standarde \u00eenalte pentru a-i ajuta \u00een furnizarea de servicii interna\u021bionale. Ei sunt membri ai IAM cu 98 de ani de serviciu \u0219i sunt acredita\u021bi de FIDI.<\/p>\n<p>Autogiro va estima mai \u00eent\u00e2i volumul mut\u0103rii dvs. \u0219i v\u0103 va oferi o ofert\u0103 pentru o mutare din u\u0219\u0103 \u00een u\u0219\u0103 cu consultan\u021b\u0103 vamal\u0103. V\u0103 vor \u00eempacheta efectele \u0219i le vor proteja \u00een sertare din MDF \u0219i vor respecta standardele interna\u021bionale pentru obiectele fragile. Le vor \u00eenc\u0103rca fie \u00eentr-un container, fie \u00een l\u0103zi de lemn \u0219i le vor transporta la destina\u021bie, furniz\u00e2nd un inventar.<\/p>\n<p>Site web: <a href=\"http:\/\/www.autogiro.com.uy\" target=\"_blank\" rel=\"noopener\">http:\/\/www.autogiro.com.uy<\/a><\/p>\n<h2><strong>3. Uruvan<\/strong><\/h2>\n<p><img loading=\"lazy\" decoding=\"async\" class=\"alignnone size-full wp-image-10251\" src=\"https:\/\/moverdb.com\/wp-content\/uploads\/Uruvan-international-moving-company-1.png\" alt=\"Uruvan companie de mutare interna\u021bional\u0103\" width=\"1440\" height=\"709\" data-wp-pid=\"10251\" srcset=\"https:\/\/moverdb.com\/wp-content\/uploads\/Uruvan-international-moving-company-1.png 1440w, https:\/\/moverdb.com\/wp-content\/uploads\/Uruvan-international-moving-company-1-300x148.png 300w, https:\/\/moverdb.com\/wp-content\/uploads\/Uruvan-international-moving-company-1-1024x504.png 1024w, https:\/\/moverdb.com\/wp-content\/uploads\/Uruvan-international-moving-company-1-18x9.png 18w, https:\/\/moverdb.com\/wp-content\/uploads\/Uruvan-international-moving-company-1-600x295.png 600w\" sizes=\"auto, (max-width: 1440px) 100vw, 1440px\" \/><\/p>\n<ul>\n<li>Mut\u0103ri na\u021bionale<\/li>\n<li>Mut\u0103ri interna\u021bionale<\/li>\n<li>Mutarea gospod\u0103riei<\/li>\n<li>Mut\u0103ri corporative<\/li>\n<li>Servicii de relocare<\/li>\n<li>Serviciul de ambalare<\/li>\n<li>V\u0103muire<\/li>\n<li>Transportul de art\u0103<\/li>\n<li>Transportul animalelor de companie<\/li>\n<li>Facilit\u0103\u021bi de depozitare<\/li>\n<\/ul>\n<p>Uruvan este o companie de mut\u0103ri na\u021bionale \u0219i interna\u021bionale care ofer\u0103 servicii de expediere \u0219i depozitare, \u00eenfiin\u021bat\u0103 \u00een 1982 \u0219i cu sediul \u00een Montevideo, cu un birou \u00een Punta del Etse. Lucreaz\u0103 cu agen\u021bii din \u00eentreaga lume pentru a furniza servicii \u00een Uruguay \u0219i la nivel interna\u021bional. Sunt membri ai IAM cu 41 de ani de activitate \u0219i sunt acredita\u021bi de FIDI.<\/p>\n<p>Uruvan ofer\u0103 servicii de mutare din u\u0219\u0103 \u00een u\u0219\u0103, \u00eencep\u00e2nd cu un studiu la domiciliu pentru a v\u0103 evalua nevoile \u0219i a v\u0103 oferi o ofert\u0103. Ace\u0219tia v\u0103 vor coordona mutarea \u0219i vor aranja transportul, ambalarea \u0219i v\u0103muirea. Echipa lor profesionist\u0103 de mutare v\u0103 va \u00eempacheta efectele cu materiale de \u00eempachetare adecvate pentru a le proteja \u00een timpul transportului c\u0103tre noua dvs. locuin\u021b\u0103.<\/p>\n<p>Site web: <a href=\"http:\/\/www.uruvan.com.uy\" target=\"_blank\" rel=\"noopener\">http:\/\/www.uruvan.com.uy<\/a><\/p>","protected":false},"excerpt":{"rendered":"<p>Moving home or your business can be a hectic and stressful time with a lot to do and arrange. This is where a moving company can help you by taking on many of the tasks such as packing, arranging transportation and handling customs arrangements for inter-country moves. Below we have compiled a list of Uruguay [&hellip;]<\/p>\n","protected":false},"author":4,"featured_media":10064,"parent":190,"menu_order":0,"comment_status":"closed","ping_status":"closed","template":"","meta":{"_genesis_hide_title":false,"_genesis_hide_breadcrumbs":false,"_genesis_hide_singular_image":false,"_genesis_hide_footer_widgets":false,"_genesis_custom_body_class":"","_genesis_custom_post_class":"","_genesis_layout":"","footnotes":""},"class_list":{"0":"post-10249","1":"page","2":"type-page","3":"status-publish","4":"has-post-thumbnail","6":"entry"},"_links":{"self":[{"href":"https:\/\/moverdb.com\/ro\/wp-json\/wp\/v2\/pages\/10249","targetHints":{"allow":["GET"]}}],"collection":[{"href":"https:\/\/moverdb.com\/ro\/wp-json\/wp\/v2\/pages"}],"about":[{"href":"https:\/\/moverdb.com\/ro\/wp-json\/wp\/v2\/types\/page"}],"author":[{"embeddable":true,"href":"https:\/\/moverdb.com\/ro\/wp-json\/wp\/v2\/users\/4"}],"replies":[{"embeddable":true,"href":"https:\/\/moverdb.com\/ro\/wp-json\/wp\/v2\/comments?post=10249"}],"version-history":[{"count":1,"href":"https:\/\/moverdb.com\/ro\/wp-json\/wp\/v2\/pages\/10249\/revisions"}],"predecessor-version":[{"id":10252,"href":"https:\/\/moverdb.com\/ro\/wp-json\/wp\/v2\/pages\/10249\/revisions\/10252"}],"up":[{"embeddable":true,"href":"https:\/\/moverdb.com\/ro\/wp-json\/wp\/v2\/pages\/190"}],"wp:featuredmedia":[{"embeddable":true,"href":"https:\/\/moverdb.com\/ro\/wp-json\/wp\/v2\/media\/10064"}],"wp:attachment":[{"href":"https:\/\/moverdb.com\/ro\/wp-json\/wp\/v2\/media?parent=10249"}],"curies":[{"name":"wp","href":"https:\/\/api.w.org\/{rel}","templated":true}]}}