{"id":10227,"date":"2023-06-22T15:49:08","date_gmt":"2023-06-22T15:49:08","guid":{"rendered":"https:\/\/moverdb.com\/?page_id=10227"},"modified":"2026-01-08T15:30:19","modified_gmt":"2026-01-08T15:30:19","slug":"moving-companies-tajikistan","status":"publish","type":"page","link":"https:\/\/moverdb.com\/ro\/moving-companies\/moving-companies-tajikistan\/","title":{"rendered":"Cele mai bune companii de mutare interna\u021bional\u0103 \u00een Tajikistan"},"content":{"rendered":"<p>Inten\u021biona\u021bi s\u0103 v\u0103 muta\u021bi \u00een, spre sau din Tadjikistan? Atunci ar fi bine s\u0103 apela\u021bi la serviciile unei firme de <a href=\"https:\/\/moverdb.com\/ro\/moving-companies\/\" data-internallinksmanager029f6b8e52c=\"79\" title=\"Top 25 Companii interna\u021bionale de mutare online\">companie \u00een mi\u0219care<\/a> pentru a v\u0103 ajuta s\u0103 \u00eempacheta\u021bi, s\u0103 aranja\u021bi transportul \u0219i s\u0103 v\u0103 ocupa\u021bi de vam\u0103. Mai jos am compilat o list\u0103 de firme din Tadjikistan cu sediul \u00een Tadjikistan <a href=\"https:\/\/moverdb.com\/ro\/international-removals\/\" data-internallinksmanager029f6b8e52c=\"27\" title=\"36 Cele mai bune companii de mut\u0103ri interna\u021bionale din Marea Britanie\">companii de mutare<\/a> care sunt membri ai grupului <a href=\"https:\/\/moverdb.com\/ro\/iam\/\" data-internallinksmanager029f6b8e52c=\"23\" title=\"Explica\u021bii despre Asocia\u021bia Interna\u021bional\u0103 a Transportatorilor (IAM)\">Asocia\u021bia Interna\u021bional\u0103 a Transportatorilor<\/a> (IAM) \u0219i\/sau <a href=\"https:\/\/moverdb.com\/ro\/fidi-faim\/\" data-internallinksmanager029f6b8e52c=\"16\" title=\"FIDI &amp; FAIM (FIDI Accredited International Mover) Explicat\">FIDI<\/a> Accredited International Mover (FAIM) care v\u0103 poate ajuta cu mutarea dumneavoastr\u0103.<\/p>\n<h2><strong>Dunyo Cargo<\/strong><\/h2>\n<p><img loading=\"lazy\" decoding=\"async\" class=\"alignnone size-full wp-image-10106\" src=\"https:\/\/moverdb.com\/wp-content\/uploads\/Dunyo-Cargo-international-moving-company.png\" alt=\"Dunyo Cargo companie interna\u021bional\u0103 de mutare\" width=\"1440\" height=\"680\" data-wp-pid=\"10106\" srcset=\"https:\/\/moverdb.com\/wp-content\/uploads\/Dunyo-Cargo-international-moving-company.png 1440w, https:\/\/moverdb.com\/wp-content\/uploads\/Dunyo-Cargo-international-moving-company-300x142.png 300w, https:\/\/moverdb.com\/wp-content\/uploads\/Dunyo-Cargo-international-moving-company-1024x484.png 1024w, https:\/\/moverdb.com\/wp-content\/uploads\/Dunyo-Cargo-international-moving-company-18x9.png 18w, https:\/\/moverdb.com\/wp-content\/uploads\/Dunyo-Cargo-international-moving-company-600x283.png 600w\" sizes=\"auto, (max-width: 1440px) 100vw, 1440px\" \/><\/p>\n<ul>\n<li>Reloc\u0103ri na\u021bionale<\/li>\n<li>Reloc\u0103ri interna\u021bionale<\/li>\n<li>Mutarea gospod\u0103riilor<\/li>\n<li>Mutarea birourilor<\/li>\n<li>Manager de relocare<\/li>\n<li>Serviciul de ambalare<\/li>\n<li>Modalit\u0103\u021bi de transport<\/li>\n<li>V\u0103muire<\/li>\n<li>Animale de companie \u0219i <a href=\"https:\/\/moverdb.com\/ro\/car-transport-shipping\/\" data-internallinksmanager029f6b8e52c=\"2\" title=\"2026 Transport auto interna\u021bional \u0219i oferte de transport maritim de vehicule\">transportul vehiculelor<\/a><\/li>\n<li>Facilit\u0103\u021bi de depozitare<\/li>\n<\/ul>\n<p>Dunyo Cargo este o companie de transport \u0219i logistic\u0103 \u00eenfiin\u021bat\u0103 \u00een 1994, cu sediul \u00een Dushanbe. Au o re\u021bea larg\u0103 de parteneri \u00een \u00eentreaga lume, ceea ce le ofer\u0103 o acoperire global\u0103 pentru serviciile lor. Ei sunt membri ai IAM cu 14 ani de activitate.<\/p>\n<p>Dunyo Cargo pune la dispozi\u021bie manageri de relocalizare cu experien\u021b\u0103 pentru a gestiona fiecare etap\u0103 a mut\u0103rii dumneavoastr\u0103. Ace\u0219tia ofer\u0103 un serviciu de ambalare care utilizeaz\u0103 ambalatori califica\u021bi \u0219i materiale de ambalare care respect\u0103 standardele interna\u021bionale de calitate. Ace\u0219tia vor aranja \u0219i programa livrarea dumneavoastr\u0103 \u0219i se vor ocupa de v\u0103muire. De asemenea, pot organiza transportul animalelor de companie \u0219i al vehiculelor.<\/p>\n<p>Site web: <a href=\"https:\/\/dunyocargo.com\" target=\"_blank\" rel=\"noopener\">https:\/\/dunyocargo.com<\/a><\/p>","protected":false},"excerpt":{"rendered":"<p>Are you planning on moving within, to or from Tajikistan? Then you might want to employ the services of a moving company to help you pack, arrange transport and handle customs. Below we have compiled a list of Tajikistan based removal companies that are members of the International Association of Movers (IAM) and\/or FIDI Accredited [&hellip;]<\/p>\n","protected":false},"author":4,"featured_media":10106,"parent":190,"menu_order":0,"comment_status":"closed","ping_status":"closed","template":"","meta":{"_genesis_hide_title":false,"_genesis_hide_breadcrumbs":false,"_genesis_hide_singular_image":false,"_genesis_hide_footer_widgets":false,"_genesis_custom_body_class":"","_genesis_custom_post_class":"","_genesis_layout":"","footnotes":""},"class_list":{"0":"post-10227","1":"page","2":"type-page","3":"status-publish","4":"has-post-thumbnail","6":"entry"},"_links":{"self":[{"href":"https:\/\/moverdb.com\/ro\/wp-json\/wp\/v2\/pages\/10227","targetHints":{"allow":["GET"]}}],"collection":[{"href":"https:\/\/moverdb.com\/ro\/wp-json\/wp\/v2\/pages"}],"about":[{"href":"https:\/\/moverdb.com\/ro\/wp-json\/wp\/v2\/types\/page"}],"author":[{"embeddable":true,"href":"https:\/\/moverdb.com\/ro\/wp-json\/wp\/v2\/users\/4"}],"replies":[{"embeddable":true,"href":"https:\/\/moverdb.com\/ro\/wp-json\/wp\/v2\/comments?post=10227"}],"version-history":[{"count":1,"href":"https:\/\/moverdb.com\/ro\/wp-json\/wp\/v2\/pages\/10227\/revisions"}],"predecessor-version":[{"id":10228,"href":"https:\/\/moverdb.com\/ro\/wp-json\/wp\/v2\/pages\/10227\/revisions\/10228"}],"up":[{"embeddable":true,"href":"https:\/\/moverdb.com\/ro\/wp-json\/wp\/v2\/pages\/190"}],"wp:featuredmedia":[{"embeddable":true,"href":"https:\/\/moverdb.com\/ro\/wp-json\/wp\/v2\/media\/10106"}],"wp:attachment":[{"href":"https:\/\/moverdb.com\/ro\/wp-json\/wp\/v2\/media?parent=10227"}],"curies":[{"name":"wp","href":"https:\/\/api.w.org\/{rel}","templated":true}]}}