{"id":10215,"date":"2023-06-22T15:54:43","date_gmt":"2023-06-22T15:54:43","guid":{"rendered":"https:\/\/moverdb.com\/?page_id=10215"},"modified":"2026-01-08T15:29:29","modified_gmt":"2026-01-08T15:29:29","slug":"moving-companies-sri-lanka","status":"publish","type":"page","link":"https:\/\/moverdb.com\/ro\/moving-companies\/moving-companies-sri-lanka\/","title":{"rendered":"7 Cele mai bune companii de mutare interna\u021bional\u0103 din Sri Lanka"},"content":{"rendered":"<p>Pl\u0103nui\u021bi s\u0103 v\u0103 muta\u021bi? Atunci poate dori\u021bi s\u0103 apela\u021bi la serviciile unui <a href=\"https:\/\/moverdb.com\/ro\/moving-companies\/\" data-internallinksmanager029f6b8e52c=\"79\" title=\"Top 25 Companii interna\u021bionale de mutare online\">companie \u00een mi\u0219care<\/a> deoarece v\u0103 pot ajuta cu \u00eempachetarea, transportul \u0219i gestionarea v\u0103milor atunci c\u00e2nd v\u0103 muta\u021bi \u00een str\u0103in\u0103tate. Mai jos am compilat o list\u0103 de firme din Sri Lanka <a href=\"https:\/\/moverdb.com\/ro\/international-removals\/\" data-internallinksmanager029f6b8e52c=\"27\" title=\"36 Cele mai bune companii de mut\u0103ri interna\u021bionale din Marea Britanie\">companii de mutare<\/a> care sunt membri ai grupului <a href=\"https:\/\/moverdb.com\/ro\/iam\/\" data-internallinksmanager029f6b8e52c=\"23\" title=\"Explica\u021bii despre Asocia\u021bia Interna\u021bional\u0103 a Transportatorilor (IAM)\">Asocia\u021bia Interna\u021bional\u0103 a Transportatorilor<\/a> (IAM) \u0219i\/sau <a href=\"https:\/\/moverdb.com\/ro\/fidi-faim\/\" data-internallinksmanager029f6b8e52c=\"16\" title=\"FIDI &amp; FAIM (FIDI Accredited International Mover) Explicat\">FIDI<\/a> Accredited International Mover (FAIM), care v\u0103 poate ajuta cu mutarea dumneavoastr\u0103.<\/p>\n<div id=\"ez-toc-container\" class=\"ez-toc-v2_0_83 ez-toc-wrap-left counter-hierarchy ez-toc-counter ez-toc-transparent ez-toc-container-direction\">\n<div class=\"ez-toc-title-container\">\n<p class=\"ez-toc-title\" style=\"cursor:inherit\">Sec\u021biuni<\/p>\n<span class=\"ez-toc-title-toggle\"><a href=\"#\" class=\"ez-toc-pull-right ez-toc-btn ez-toc-btn-xs ez-toc-btn-default ez-toc-toggle\" aria-label=\"Comuta\u021bi tabelul de con\u021binut\"><span class=\"ez-toc-js-icon-con\"><span class=\"\"><span class=\"eztoc-hide\" style=\"display:none;\">Toggle<\/span><span class=\"ez-toc-icon-toggle-span\"><svg style=\"fill: #999;color:#999\" xmlns=\"http:\/\/www.w3.org\/2000\/svg\" class=\"list-377408\" width=\"20px\" height=\"20px\" viewbox=\"0 0 24 24\" fill=\"none\"><path d=\"M6 6H4v2h2V6zm14 0H8v2h12V6zM4 11h2v2H4v-2zm16 0H8v2h12v-2zM4 16h2v2H4v-2zm16 0H8v2h12v-2z\" fill=\"currentColor\"><\/path><\/svg><svg style=\"fill: #999;color:#999\" class=\"arrow-unsorted-368013\" xmlns=\"http:\/\/www.w3.org\/2000\/svg\" width=\"10px\" height=\"10px\" viewbox=\"0 0 24 24\" version=\"1.2\" baseprofile=\"tiny\"><path d=\"M18.2 9.3l-6.2-6.3-6.2 6.3c-.2.2-.3.4-.3.7s.1.5.3.7c.2.2.4.3.7.3h11c.3 0 .5-.1.7-.3.2-.2.3-.5.3-.7s-.1-.5-.3-.7zM5.8 14.7l6.2 6.3 6.2-6.3c.2-.2.3-.5.3-.7s-.1-.5-.3-.7c-.2-.2-.4-.3-.7-.3h-11c-.3 0-.5.1-.7.3-.2.2-.3.5-.3.7s.1.5.3.7z\"\/><\/svg><\/span><\/span><\/span><\/a><\/span><\/div>\n<nav><ul class='ez-toc-list ez-toc-list-level-1 eztoc-toggle-hide-by-default' ><li class='ez-toc-page-1 ez-toc-heading-level-2'><a class=\"ez-toc-link ez-toc-heading-1\" href=\"https:\/\/moverdb.com\/ro\/moving-companies\/moving-companies-sri-lanka\/#1_Aitken_Spence\" >1. Aitken Spence<\/a><\/li><li class='ez-toc-page-1 ez-toc-heading-level-2'><a class=\"ez-toc-link ez-toc-heading-2\" href=\"https:\/\/moverdb.com\/ro\/moving-companies\/moving-companies-sri-lanka\/#2_Asian_Movers\" >2. Mi\u0219c\u0103ri asiatice<\/a><\/li><li class='ez-toc-page-1 ez-toc-heading-level-2'><a class=\"ez-toc-link ez-toc-heading-3\" href=\"https:\/\/moverdb.com\/ro\/moving-companies\/moving-companies-sri-lanka\/#3_Don_Carolis_Sons\" >3. Don Carolis &amp; Sons<\/a><\/li><li class='ez-toc-page-1 ez-toc-heading-level-2'><a class=\"ez-toc-link ez-toc-heading-4\" href=\"https:\/\/moverdb.com\/ro\/moving-companies\/moving-companies-sri-lanka\/#4_Horizon_Relocations\" >4. Reloc\u0103ri Horizon<\/a><\/li><li class='ez-toc-page-1 ez-toc-heading-level-2'><a class=\"ez-toc-link ez-toc-heading-5\" href=\"https:\/\/moverdb.com\/ro\/moving-companies\/moving-companies-sri-lanka\/#5_Trans_World_Movers\" >5. Trans World Movers<\/a><\/li><li class='ez-toc-page-1 ez-toc-heading-level-2'><a class=\"ez-toc-link ez-toc-heading-6\" href=\"https:\/\/moverdb.com\/ro\/moving-companies\/moving-companies-sri-lanka\/#6_Trans-Global_Relocations\" >6. Reloc\u0103ri trans-globale<\/a><\/li><li class='ez-toc-page-1 ez-toc-heading-level-2'><a class=\"ez-toc-link ez-toc-heading-7\" href=\"https:\/\/moverdb.com\/ro\/moving-companies\/moving-companies-sri-lanka\/#7_Worldwide_Movers\" >7. Transportatorii din \u00eentreaga lume<\/a><\/li><\/ul><\/nav><\/div>\n<h2><span class=\"ez-toc-section\" id=\"1_Aitken_Spence\"><\/span><strong>1. Aitken Spence<\/strong><span class=\"ez-toc-section-end\"><\/span><\/h2>\n<p><img loading=\"lazy\" decoding=\"async\" class=\"alignnone size-full wp-image-10071\" src=\"https:\/\/moverdb.com\/wp-content\/uploads\/Aitken-Spence-international-moving-company.png\" alt=\"Aitken Spence companie interna\u021bional\u0103 de mutare\" width=\"1440\" height=\"676\" data-wp-pid=\"10071\" srcset=\"https:\/\/moverdb.com\/wp-content\/uploads\/Aitken-Spence-international-moving-company.png 1440w, https:\/\/moverdb.com\/wp-content\/uploads\/Aitken-Spence-international-moving-company-300x141.png 300w, https:\/\/moverdb.com\/wp-content\/uploads\/Aitken-Spence-international-moving-company-1024x481.png 1024w, https:\/\/moverdb.com\/wp-content\/uploads\/Aitken-Spence-international-moving-company-18x8.png 18w, https:\/\/moverdb.com\/wp-content\/uploads\/Aitken-Spence-international-moving-company-600x282.png 600w\" sizes=\"auto, (max-width: 1440px) 100vw, 1440px\" \/><\/p>\n<ul>\n<li>Mi\u0219c\u0103ri na\u021bionale<\/li>\n<li>Mut\u0103ri interna\u021bionale<\/li>\n<li>Mutarea gospod\u0103riei<\/li>\n<li>Logistica companiei<\/li>\n<li>Servicii de expozi\u021bie<\/li>\n<li>Solu\u021bii end-to-end<\/li>\n<li>Transport aerian, maritim \u0219i terestru<\/li>\n<li>V\u0103muire<\/li>\n<li>Reloc\u0103ri de animale de companie<\/li>\n<li>Facilit\u0103\u021bi de depozitare<\/li>\n<\/ul>\n<p>Aitken Spence este o afacere multisectorial\u0103 care func\u021bioneaz\u0103 din 1868 \u0219i este prezent\u0103 \u00een opt \u021b\u0103ri, inclusiv \u00een Colombo, Sri Lanka. Activit\u0103\u021bile lor de expediere a m\u0103rfurilor includ mut\u0103ri \u0219i reloc\u0103ri. Pentru a le oferi sprijin, ace\u0219tia utilizeaz\u0103 propriile sucursale \u0219i o re\u021bea global\u0103 de companii comerciale \u0219i logistice. Sunt membri ai IAM cu 44 de ani de activitate.<\/p>\n<p>Aitken Spence ofer\u0103 solu\u021bii integrate de la un cap\u0103t la altul prin prezen\u021ba sa global\u0103. Ace\u0219tia ofer\u0103 servicii de mutare \u0219i relocalizare f\u0103r\u0103 probleme pentru persoanele care se mut\u0103 oriunde \u00een lume. Ei v\u0103 pot muta bunurile \u0219i animalele de companie la noua dvs. cas\u0103. Ei vor aranja transportul cu v\u0103muire.<\/p>\n<p>Site web: <a href=\"http:\/\/www.acecargo.lk\" target=\"_blank\" rel=\"noopener\">http:\/\/www.acecargo.lk<\/a><\/p>\n<h2><span class=\"ez-toc-section\" id=\"2_Asian_Movers\"><\/span><strong>2. Mi\u0219c\u0103ri asiatice<\/strong><span class=\"ez-toc-section-end\"><\/span><\/h2>\n<p><img loading=\"lazy\" decoding=\"async\" class=\"alignnone size-full wp-image-10079\" src=\"https:\/\/moverdb.com\/wp-content\/uploads\/Asian-Movers-international-moving-company.png\" alt=\"Asian Movers companie interna\u021bional\u0103 de mutare\" width=\"1440\" height=\"681\" data-wp-pid=\"10079\" srcset=\"https:\/\/moverdb.com\/wp-content\/uploads\/Asian-Movers-international-moving-company.png 1440w, https:\/\/moverdb.com\/wp-content\/uploads\/Asian-Movers-international-moving-company-300x142.png 300w, https:\/\/moverdb.com\/wp-content\/uploads\/Asian-Movers-international-moving-company-1024x484.png 1024w, https:\/\/moverdb.com\/wp-content\/uploads\/Asian-Movers-international-moving-company-18x9.png 18w, https:\/\/moverdb.com\/wp-content\/uploads\/Asian-Movers-international-moving-company-600x284.png 600w\" sizes=\"auto, (max-width: 1440px) 100vw, 1440px\" \/><\/p>\n<ul>\n<li>Mut\u0103ri locale \u0219i na\u021bionale<\/li>\n<li>Mut\u0103ri interna\u021bionale<\/li>\n<li>Mutarea gospod\u0103riei<\/li>\n<li>Mut\u0103ri corporative \u0219i de birouri<\/li>\n<li>Serviciu din u\u0219\u0103 \u00een u\u0219\u0103<\/li>\n<li>Serviciul de ambalare<\/li>\n<li>Transport rutier, maritim \u0219i aerian<\/li>\n<li>V\u0103muire<\/li>\n<li>Asigurare<\/li>\n<li>Solu\u021bii de depozitare<\/li>\n<\/ul>\n<p>Asian Movers este o companie de solu\u021bii personalizate de mutare \u00eenfiin\u021bat\u0103 \u00een Sri Lanka \u0219i \u00een <a href=\"https:\/\/moverdb.com\/ro\/moving-to-the-maldives\/\" data-internallinksmanager029f6b8e52c=\"387\" title=\"V\u0103 muta\u021bi \u00een Maldive? 2026 Costurile vie\u021bii \u0219i sfaturi de relocare\">Maldive<\/a> \u00een 2013. Serviciile lor au o acoperire global\u0103 prin apartenen\u021ba lor la asocia\u021bii interna\u021bionale de mut\u0103ri. Sunt membri ai IAM cu 10 ani de activitate.<\/p>\n<p>Asian Movers ofer\u0103 un serviciu de mutare personalizat, fie c\u0103 ave\u021bi nevoie de un serviciu complet de mutare sau doar de un camion \u0219i de un camion de mutare. Serviciul lor de la u\u0219\u0103 la u\u0219\u0103 poate include \u00eempachetarea \u00een siguran\u021b\u0103 a tuturor lucrurilor dvs. \u0219i crearea unui inventar, \u00eenc\u0103rcarea, transportul acestora la destina\u021bie \u0219i desc\u0103rcarea. Ei ofer\u0103 asisten\u021b\u0103 \u00een ceea ce prive\u0219te documenta\u021bia pentru marf\u0103 \u0219i v\u0103muire, precum \u0219i asigurarea.<\/p>\n<p>Site web: <a href=\"http:\/\/www.asianmovers.com\/\" target=\"_blank\" rel=\"noopener\">http:\/\/www.asianmovers.com\/<\/a><\/p>\n<h2><span class=\"ez-toc-section\" id=\"3_Don_Carolis_Sons\"><\/span><strong>3. Don Carolis &amp; Sons<\/strong><span class=\"ez-toc-section-end\"><\/span><\/h2>\n<p><em><img loading=\"lazy\" decoding=\"async\" class=\"alignnone size-full wp-image-10102\" src=\"https:\/\/moverdb.com\/wp-content\/uploads\/Don-Carolis-Sons-international-moving-company.png\" alt=\"Don Carolis &amp; Sons companie de mut\u0103ri interna\u021bionale\" width=\"1440\" height=\"679\" data-wp-pid=\"10102\" srcset=\"https:\/\/moverdb.com\/wp-content\/uploads\/Don-Carolis-Sons-international-moving-company.png 1440w, https:\/\/moverdb.com\/wp-content\/uploads\/Don-Carolis-Sons-international-moving-company-300x141.png 300w, https:\/\/moverdb.com\/wp-content\/uploads\/Don-Carolis-Sons-international-moving-company-1024x483.png 1024w, https:\/\/moverdb.com\/wp-content\/uploads\/Don-Carolis-Sons-international-moving-company-18x8.png 18w, https:\/\/moverdb.com\/wp-content\/uploads\/Don-Carolis-Sons-international-moving-company-600x283.png 600w\" sizes=\"auto, (max-width: 1440px) 100vw, 1440px\" \/><\/em><\/p>\n<ul>\n<li>Mi\u0219c\u0103ri na\u021bionale<\/li>\n<li>Mut\u0103ri interna\u021bionale<\/li>\n<li>Mutarea gospod\u0103riei<\/li>\n<li>Mi\u0219c\u0103ri organiza\u021bionale<\/li>\n<li>Serviciu personalizat<\/li>\n<li>Coordonator de mi\u0219care<\/li>\n<li>Serviciul de ambalare<\/li>\n<li>Aranjamente de transport<\/li>\n<li>Op\u021biuni de despachetare<\/li>\n<li>Protec\u021bie cu valoare total\u0103<\/li>\n<\/ul>\n<p>Don Carolis &amp; Sons este un produc\u0103tor, comerciant cu am\u0103nuntul \u0219i exportator de mobil\u0103 care func\u021bioneaz\u0103 de peste 150 de ani \u0219i are sediul \u00een Colombo. Este membru al IAM, ceea ce \u00eei ofer\u0103 acces la o re\u021bea interna\u021bional\u0103 de agen\u021bi de mutare care \u00eei sprijin\u0103 \u00een cazul mut\u0103rilor interna\u021bionale.<\/p>\n<p>Don Carolis &amp; Sons ofer\u0103 un serviciu de ambalare personalizat pentru a v\u0103 satisface nevoile \u00een ceea ce prive\u0219te calendarul, bugetul \u0219i bunurile, precum \u0219i un coordonator de mutare care s\u0103 v\u0103 sprijine pe tot parcursul mut\u0103rii. Ace\u0219tia se vor ocupa de bunurile dumneavoastr\u0103, inclusiv de \u00eenc\u0103rcare, transport \u0219i desc\u0103rcare pe toate planurile lor. Planurile lor includ despachetarea dumneavoastr\u0103, despachetarea par\u021bial\u0103 \u0219i plasarea mobilei \u0219i despachetarea complet\u0103.<\/p>\n<p>Site web: <a href=\"http:\/\/www.doncarolis.com\" target=\"_blank\" rel=\"noopener\">http:\/\/www.doncarolis.com<\/a><\/p>\n<h2><span class=\"ez-toc-section\" id=\"4_Horizon_Relocations\"><\/span><strong>4. Reloc\u0103ri Horizon<\/strong><span class=\"ez-toc-section-end\"><\/span><\/h2>\n<p><img loading=\"lazy\" decoding=\"async\" class=\"alignnone size-full wp-image-10136\" src=\"https:\/\/moverdb.com\/wp-content\/uploads\/Horizon-Relocations-international-moving-company.png\" alt=\"Horizon Relocations companie de mutare interna\u021bional\u0103\" width=\"1440\" height=\"626\" data-wp-pid=\"10136\" srcset=\"https:\/\/moverdb.com\/wp-content\/uploads\/Horizon-Relocations-international-moving-company.png 1440w, https:\/\/moverdb.com\/wp-content\/uploads\/Horizon-Relocations-international-moving-company-300x130.png 300w, https:\/\/moverdb.com\/wp-content\/uploads\/Horizon-Relocations-international-moving-company-1024x445.png 1024w, https:\/\/moverdb.com\/wp-content\/uploads\/Horizon-Relocations-international-moving-company-18x8.png 18w, https:\/\/moverdb.com\/wp-content\/uploads\/Horizon-Relocations-international-moving-company-600x261.png 600w\" sizes=\"auto, (max-width: 1440px) 100vw, 1440px\" \/><\/p>\n<ul>\n<li>Mut\u0103ri locale \u0219i na\u021bionale<\/li>\n<li>Reloc\u0103ri interna\u021bionale<\/li>\n<li>Mutarea gospod\u0103riei<\/li>\n<li>Livrarea efectelor personale<\/li>\n<li>Serviciu din u\u0219\u0103 \u00een u\u0219\u0103<\/li>\n<li>Ambalare<\/li>\n<li>Acorduri de transport de marf\u0103<\/li>\n<li>V\u0103muire<\/li>\n<li>Asigurare<\/li>\n<li>Facilit\u0103\u021bi de depozitare<\/li>\n<\/ul>\n<p>Horizon Relocations este o companie de mut\u0103ri \u0219i reloc\u0103ri interne \u0219i interna\u021bionale cu sediul \u00een Colombo. Este membr\u0103 a IAM, ceea ce \u00eei ofer\u0103 acces la o re\u021bea interna\u021bional\u0103 de agen\u021bi de mutare care \u00eei pot ajuta \u00een furnizarea de servicii interna\u021bionale.<\/p>\n<p>Horizon Relocations ofer\u0103 servicii de mutare din u\u0219\u0103 \u00een u\u0219\u0103 pentru mut\u0103ri locale, na\u021bionale \u0219i interna\u021bionale de bunuri personale \u0219i de uz casnic. Ace\u0219tia ofer\u0103 servicii pentru volume mici \u0219i mari de obiecte, care pot include ambalarea \u0219i \u00eenveli\u0219ul pentru a proteja obiectele \u00een tranzit, astfel \u00eenc\u00e2t acestea s\u0103 ajung\u0103 \u00een siguran\u021b\u0103. Ace\u0219tia vor aranja tranzitul bunurilor dvs. prin transport rutier sau maritim p\u00e2n\u0103 la destina\u021bie, cu v\u0103muire.<\/p>\n<p>Site web: <a href=\"http:\/\/www.horizonrelocations.lk\" target=\"_blank\" rel=\"noopener\">http:\/\/www.horizonrelocations.lk<\/a><\/p>\n<h2><span class=\"ez-toc-section\" id=\"5_Trans_World_Movers\"><\/span><strong>5. Trans World Movers<\/strong><span class=\"ez-toc-section-end\"><\/span><\/h2>\n<p><img loading=\"lazy\" decoding=\"async\" class=\"alignnone size-full wp-image-10196\" src=\"https:\/\/moverdb.com\/wp-content\/uploads\/Trans-World-Movers-international-moving-company.png\" alt=\"Trans World Movers companie interna\u021bional\u0103 de mutare\" width=\"1440\" height=\"675\" data-wp-pid=\"10196\" srcset=\"https:\/\/moverdb.com\/wp-content\/uploads\/Trans-World-Movers-international-moving-company.png 1440w, https:\/\/moverdb.com\/wp-content\/uploads\/Trans-World-Movers-international-moving-company-300x141.png 300w, https:\/\/moverdb.com\/wp-content\/uploads\/Trans-World-Movers-international-moving-company-1024x480.png 1024w, https:\/\/moverdb.com\/wp-content\/uploads\/Trans-World-Movers-international-moving-company-18x8.png 18w, https:\/\/moverdb.com\/wp-content\/uploads\/Trans-World-Movers-international-moving-company-600x281.png 600w\" sizes=\"auto, (max-width: 1440px) 100vw, 1440px\" \/><\/p>\n<ul>\n<li>Mut\u0103ri locale<\/li>\n<li>Mut\u0103ri interna\u021bionale<\/li>\n<li>Mutarea gospod\u0103riei<\/li>\n<li>Mi\u0219c\u0103ri corporative<\/li>\n<li>Solu\u021bii door-to-door<\/li>\n<li>Serviciul de ambalare<\/li>\n<li>Transport aerian, maritim \u0219i rutier<\/li>\n<li>V\u0103muire<\/li>\n<li>Transportul vehiculelor \u0219i al animalelor de companie<\/li>\n<li>Facilit\u0103\u021bi de depozitare<\/li>\n<\/ul>\n<p>Trans World Movers este o firm\u0103 de solu\u021bii de mutare \u00eenfiin\u021bat\u0103 \u00een 1973, cu sediul \u00een Colombo, care ofer\u0103 servicii pentru persoane fizice, diploma\u021bi \u0219i corpora\u021bii. Ei au o re\u021bea stabilit\u0103 de reprezentan\u021bi \u0219i agen\u021bi \u00een \u00eentreaga lume care \u00eei sprijin\u0103 \u00een cazul mut\u0103rilor interna\u021bionale. Ei sunt membri ai IAM cu 50 de ani de activitate.<\/p>\n<p>Trans World Movers ofer\u0103 servicii de mutare din u\u0219\u0103 \u00een u\u0219\u0103 la nivel local \u0219i interna\u021bional. Ace\u0219tia ofer\u0103 un serviciu de ambalare care respect\u0103 standardele interna\u021bionale pentru a proteja obiectele \u00een tranzit. Ace\u0219tia se vor ocupa de tranzitul bunurilor dumneavoastr\u0103 pe cale rutier\u0103, aerian\u0103 \u0219i maritim\u0103, cu v\u0103muire. Ace\u0219tia ofer\u0103 servicii suplimentare care includ manipularea animalelor de companie, <a href=\"https:\/\/moverdb.com\/ro\/car-transport-shipping\/\" data-internallinksmanager029f6b8e52c=\"2\" title=\"2026 Transport auto interna\u021bional \u0219i oferte de transport maritim de vehicule\">transportul vehiculelor<\/a> \u0219i solu\u021bii de depozitare.<\/p>\n<p>Site web: <a href=\"http:\/\/www.transworldmovers.com\" target=\"_blank\" rel=\"noopener\">http:\/\/www.transworldmovers.com<\/a><\/p>\n<h2><span class=\"ez-toc-section\" id=\"6_Trans-Global_Relocations\"><\/span><strong>6. Reloc\u0103ri trans-globale<\/strong><span class=\"ez-toc-section-end\"><\/span><\/h2>\n<p><img loading=\"lazy\" decoding=\"async\" class=\"alignnone size-full wp-image-10197\" src=\"https:\/\/moverdb.com\/wp-content\/uploads\/Trans-Global-Relocations-international-moving-company.png\" alt=\"Trans-Global Relocations companie de mut\u0103ri interna\u021bionale\" width=\"1440\" height=\"681\" data-wp-pid=\"10197\" srcset=\"https:\/\/moverdb.com\/wp-content\/uploads\/Trans-Global-Relocations-international-moving-company.png 1440w, https:\/\/moverdb.com\/wp-content\/uploads\/Trans-Global-Relocations-international-moving-company-300x142.png 300w, https:\/\/moverdb.com\/wp-content\/uploads\/Trans-Global-Relocations-international-moving-company-1024x484.png 1024w, https:\/\/moverdb.com\/wp-content\/uploads\/Trans-Global-Relocations-international-moving-company-18x9.png 18w, https:\/\/moverdb.com\/wp-content\/uploads\/Trans-Global-Relocations-international-moving-company-600x284.png 600w\" sizes=\"auto, (max-width: 1440px) 100vw, 1440px\" \/><\/p>\n<ul>\n<li>Mut\u0103ri locale \u0219i na\u021bionale<\/li>\n<li>Mut\u0103ri interna\u021bionale<\/li>\n<li>Mutarea gospod\u0103riei<\/li>\n<li>Serviciu din u\u0219\u0103 \u00een u\u0219\u0103<\/li>\n<li>Ambalare profesional\u0103<\/li>\n<li>Transporturi maritime \u0219i aeriene<\/li>\n<li>V\u0103muire<\/li>\n<li>Relocarea animalelor de companie<\/li>\n<li>Manipularea ma\u0219inii<\/li>\n<li>Depozitare securizat\u0103<\/li>\n<\/ul>\n<p>Trans-Global Relocations este o companie de mut\u0103ri \u0219i reloc\u0103ri cu sediul \u00een Colombo. Este membr\u0103 a IAM, ceea ce \u00eei ofer\u0103 o re\u021bea interna\u021bional\u0103 de agen\u021bi de mutare care lucreaz\u0103 la mut\u0103ri \u00een str\u0103in\u0103tate.<\/p>\n<p>Trans-Global Relocations ofer\u0103 un sondaj la domiciliu pentru a v\u0103 evalua cerin\u021bele de mutare \u0219i va crea un plan de mutare bazat pe nevoile dumneavoastr\u0103, care va include sfaturi privind preg\u0103tirea \u0219i cea mai rentabil\u0103 metod\u0103 de mutare. Ofer\u0103 un serviciu de la u\u0219\u0103 la u\u0219\u0103, care include ambalarea profesional\u0103 a bunurilor dumneavoastr\u0103 pentru a se asigura c\u0103 acestea c\u0103l\u0103toresc \u00een siguran\u021b\u0103 la nivel interna\u021bional pe mare sau pe calea aerului, cu tot cu v\u0103muire. Ofer\u0103, de asemenea, servicii suplimentare care includ mutarea animalelor de companie, manipularea \u0219i depozitarea ma\u0219inilor.<\/p>\n<p>Site web: <a href=\"http:\/\/www.t-grelo.com\" target=\"_blank\" rel=\"noopener\">http:\/\/www.t-grelo.com<\/a><\/p>\n<h2><span class=\"ez-toc-section\" id=\"7_Worldwide_Movers\"><\/span><strong>7. Transportatorii din \u00eentreaga lume<\/strong><span class=\"ez-toc-section-end\"><\/span><\/h2>\n<p><img loading=\"lazy\" decoding=\"async\" class=\"alignnone size-full wp-image-10209\" src=\"https:\/\/moverdb.com\/wp-content\/uploads\/Worldwide-Movers-international-moving-company.png\" alt=\"Worldwide Movers companie interna\u021bional\u0103 de mutare\" width=\"1440\" height=\"674\" data-wp-pid=\"10209\" srcset=\"https:\/\/moverdb.com\/wp-content\/uploads\/Worldwide-Movers-international-moving-company.png 1440w, https:\/\/moverdb.com\/wp-content\/uploads\/Worldwide-Movers-international-moving-company-300x140.png 300w, https:\/\/moverdb.com\/wp-content\/uploads\/Worldwide-Movers-international-moving-company-1024x479.png 1024w, https:\/\/moverdb.com\/wp-content\/uploads\/Worldwide-Movers-international-moving-company-18x8.png 18w, https:\/\/moverdb.com\/wp-content\/uploads\/Worldwide-Movers-international-moving-company-600x281.png 600w\" sizes=\"auto, (max-width: 1440px) 100vw, 1440px\" \/><\/p>\n<ul>\n<li>Mi\u0219c\u0103ri na\u021bionale<\/li>\n<li>Mut\u0103ri interna\u021bionale<\/li>\n<li>Mutarea gospod\u0103riei<\/li>\n<li>Servicii de relocare<\/li>\n<li>Din u\u0219\u0103 \u00een u\u0219\u0103 sau din u\u0219\u0103 \u00een u\u0219\u0103<a href=\"https:\/\/moverdb.com\/ro\/top-49-container-ports\/\" data-internallinksmanager029f6b8e52c=\"80\" title=\"Top 49 cele mai mari \u0219i mai aglomerate porturi de containere \u00een 2026\">port<\/a> serviciu<\/li>\n<li>Serviciul de ambalare<\/li>\n<li>Transport terestru, aerian sau maritim<\/li>\n<li>Brokeraj vamal<\/li>\n<li>Manipularea animalelor de companie<\/li>\n<li>Transportul vehiculelor<\/li>\n<\/ul>\n<p>Worldwide Movers este o companie de ambalare \u0219i mutare \u00eenfiin\u021bat\u0103 \u00een 2009 \u0219i are sediul \u00een Colombo. Ei sunt membri ai IAM cu 15 ani de serviciu \u0219i, de asemenea, sunt membri ai Asian Relocation Association, aceste adeziuni le permit s\u0103 ofere servicii de mutare oriunde \u00een lume.<\/p>\n<p>Worldwide Movers ofer\u0103 mut\u0103ri u\u0219\u0103 la u\u0219\u0103 sau u\u0219\u0103 la port la nivel na\u021bional \u0219i interna\u021bional. Ace\u0219tia ofer\u0103 un serviciu de ambalare care include ambalarea \u00een siguran\u021b\u0103 a obiectelor dumneavoastr\u0103, demontarea \u0219i reasamblarea mobilierului \u0219i a instala\u021biilor. De asemenea, v\u0103 pot ajuta s\u0103 v\u0103 muta\u021bi vehiculele \u0219i animalele de companie \u00eempreun\u0103 cu dumneavoastr\u0103. Ace\u0219tia ofer\u0103 servicii de relocare care includ c\u0103ut\u0103ri de case \u0219i \u0219coli, orientare, tururi ale zonei \u0219i servicii de menajer\u0103.<\/p>\n<p>Site web: <a href=\"https:\/\/w-movers.com\/\" target=\"_blank\" rel=\"noopener\">https:\/\/w-movers.com\/<\/a><\/p>","protected":false},"excerpt":{"rendered":"<p>Are you planning on moving? Then you may want to enlist the services of a moving company as they can assist you with packing, transportation and handling customs when moving abroad. Below we have compiled a list of Sri Lanka based removal companies that are members of the International Association of Movers (IAM) and\/or FIDI [&hellip;]<\/p>\n","protected":false},"author":4,"featured_media":10071,"parent":190,"menu_order":0,"comment_status":"closed","ping_status":"closed","template":"","meta":{"_genesis_hide_title":false,"_genesis_hide_breadcrumbs":false,"_genesis_hide_singular_image":false,"_genesis_hide_footer_widgets":false,"_genesis_custom_body_class":"","_genesis_custom_post_class":"","_genesis_layout":"","footnotes":""},"class_list":{"0":"post-10215","1":"page","2":"type-page","3":"status-publish","4":"has-post-thumbnail","6":"entry"},"_links":{"self":[{"href":"https:\/\/moverdb.com\/ro\/wp-json\/wp\/v2\/pages\/10215","targetHints":{"allow":["GET"]}}],"collection":[{"href":"https:\/\/moverdb.com\/ro\/wp-json\/wp\/v2\/pages"}],"about":[{"href":"https:\/\/moverdb.com\/ro\/wp-json\/wp\/v2\/types\/page"}],"author":[{"embeddable":true,"href":"https:\/\/moverdb.com\/ro\/wp-json\/wp\/v2\/users\/4"}],"replies":[{"embeddable":true,"href":"https:\/\/moverdb.com\/ro\/wp-json\/wp\/v2\/comments?post=10215"}],"version-history":[{"count":1,"href":"https:\/\/moverdb.com\/ro\/wp-json\/wp\/v2\/pages\/10215\/revisions"}],"predecessor-version":[{"id":10216,"href":"https:\/\/moverdb.com\/ro\/wp-json\/wp\/v2\/pages\/10215\/revisions\/10216"}],"up":[{"embeddable":true,"href":"https:\/\/moverdb.com\/ro\/wp-json\/wp\/v2\/pages\/190"}],"wp:featuredmedia":[{"embeddable":true,"href":"https:\/\/moverdb.com\/ro\/wp-json\/wp\/v2\/media\/10071"}],"wp:attachment":[{"href":"https:\/\/moverdb.com\/ro\/wp-json\/wp\/v2\/media?parent=10215"}],"curies":[{"name":"wp","href":"https:\/\/api.w.org\/{rel}","templated":true}]}}