{"id":988,"date":"2017-02-24T08:48:27","date_gmt":"2017-02-24T08:48:27","guid":{"rendered":"http:\/\/moverdb.com\/?page_id=988"},"modified":"2026-01-08T14:40:00","modified_gmt":"2026-01-08T14:40:00","slug":"tropeiros-de-ilhas","status":"publish","type":"page","link":"https:\/\/moverdb.com\/pt\/island-movers\/","title":{"rendered":"Island Movers - Revis\u00e3o de Mudan\u00e7as Internacionais"},"content":{"rendered":"<p>Island Movers est\u00e1 sediada em Honolulu e oferece a seus clientes uma gama de servi\u00e7os de mudan\u00e7a que est\u00e3o listados abaixo, juntamente com o perfil da empresa e an\u00e1lises. <\/p>\n<p><strong>Mudan\u00e7as Internacionais - <a href=\"https:\/\/moverdb.com\/pt\/moving-to-the-united-states\/\" data-internallinksmanager029f6b8e52c=\"94\" title=\"Mudando-se para os Estados Unidos? 2026 Custos de Vida e Dicas de Reloca\u00e7\u00e3o\">US<\/a> e o Mundo<\/strong><\/p>\n<ul>\n<li> Coordenador pessoal de mudan\u00e7as<\/li>\n<li> Servi\u00e7o porta a porta<\/li>\n<li> Servi\u00e7o de auto-embalagem ou embalagem completa<\/li>\n<li> Caixas fornecidas<\/li>\n<li> Servi\u00e7o de desembalagem<\/li>\n<li> Frete mar\u00edtimo e frete a\u00e9reo<\/li>\n<li> Assist\u00eancia com a alf\u00e2ndega<\/li>\n<li> Seguro organizado<\/li>\n<\/ul>\n<p><strong>Movimentos pessoais<\/strong><\/p>\n<ul>\n<li> Dentro da mesma ilha - custo baseado no tempo<\/li>\n<li> Para outra ilha - custo com base no peso<\/li>\n<li> Globalmente<\/li>\n<li> Servi\u00e7o de auto-embalagem ou embalagem completa<\/li>\n<li> Caixas fornecidas<\/li>\n<li> Servi\u00e7o de desembalagem<\/li>\n<li> Armazenamento de longo e curto prazo dispon\u00edvel<\/li>\n<li> Armazenagem port\u00e1til dispon\u00edvel<\/li>\n<\/ul>\n<p><strong>Mudan\u00e7as comerciais<\/strong><\/p>\n<ul>\n<li> Movimentos pequenos ou grandes<\/li>\n<li> Recomenda-se a embalagem de documentos pr\u00f3prios<\/li>\n<li> Armazenamento de longo e curto prazo dispon\u00edvel<\/li>\n<li> Armazenagem port\u00e1til dispon\u00edvel<\/li>\n<li> Desmontagem e remontagem de m\u00f3veis<\/li>\n<\/ul>\n<p><strong>Outros servi\u00e7os<\/strong><\/p>\n<ul>\n<li> Instala\u00e7\u00f5es de armazenamento e unidades de armazenamento<\/li>\n<li> Servi\u00e7os de transporte por caminh\u00f5es e reboques<\/li>\n<li> Frete inter-ilhas consolidado<\/li>\n<li> Armazenagem e servi\u00e7os de distribui\u00e7\u00e3o<\/li>\n<li> Alf\u00e2ndega e Agricultura dos EUA - Esta\u00e7\u00e3o Central de Exames<\/li>\n<li> Renova\u00e7\u00e3o de hot\u00e9is <\/li>\n<li> Servi\u00e7os de entrega ao domic\u00edlio sob contrato<\/li>\n<li> Servi\u00e7os para conven\u00e7\u00f5es internacionais<\/li>\n<li> Sistemas de registro pr\u00f3-ficheiro<\/li>\n<li> Servi\u00e7os de courier e carros blindados<\/li>\n<li> Armazenagem e venda de cont\u00eaineres<\/li>\n<\/ul>\n<h2>Perfil da empresa Island Movers<\/h2>\n<p>A Island Movers Inc. \u00e9 uma empresa familiar em <a href=\"https:\/\/moverdb.com\/pt\/moving-to-the-united-states\/moving-to-hawaii\/\" data-internallinksmanager029f6b8e52c=\"403\" title=\"Mudan\u00e7a para o Hava\u00ed? 2026 Custo de vida e dicas de realoca\u00e7\u00e3o\">Hava\u00ed<\/a> que teve in\u00edcio em 1958. Na d\u00e9cada de 1960, a empresa foi assumida por Donald Takaki e permanece na fam\u00edlia desde ent\u00e3o. \u00c9 uma empresa orgulhosamente havaiana com fortes la\u00e7os com o continente e internacionalmente. A Island Movers est\u00e1 entre as 250 maiores empresas do estado do Hava\u00ed. \u00c9 a maior empresa de servi\u00e7os de transporte diversificados da regi\u00e3o. <\/p>\n<p>A Island Movers \u00e9 especializada em caminh\u00f5es em geral, mudan\u00e7a de resid\u00eancia (tanto local como internacional) e entregas ao domic\u00edlio. A Island Movers faz parte do Hawktree International Group e emprega mais de 250 pessoas. A maioria dos neg\u00f3cios da Island Movers \u00e9 corporativa, incluindo a recoloca\u00e7\u00e3o de funcion\u00e1rios internacionalmente. As mudan\u00e7as internacionais s\u00e3o organizadas atrav\u00e9s de parcerias globais. <\/p>\n<p>A Island Movers Inc tem as seguintes credencia\u00e7\u00f5es e afilia\u00e7\u00f5es:<\/p>\n<ul>\n<li> Associa\u00e7\u00e3o Pan-Americana Internacional de Movimentos (PAIMA)<\/li>\n<li> <a href=\"https:\/\/moverdb.com\/pt\/iam\/\">Associa\u00e7\u00e3o Internacional de Movimentos<\/a> (<a href=\"https:\/\/moverdb.com\/pt\/iam\/\" data-internallinksmanager029f6b8e52c=\"23\" title=\"Associa\u00e7\u00e3o Internacional de Remotores (IAM) Explicado\">IAM<\/a>)<\/li>\n<li> <a href=\"https:\/\/moverdb.com\/pt\/amsa\/\">Associa\u00e7\u00e3o Americana de Movimenta\u00e7\u00e3o e Armazenamento<\/a> (<a href=\"https:\/\/moverdb.com\/pt\/amsa\/\" data-internallinksmanager029f6b8e52c=\"5\" title=\"American Moving &amp; Storage Association (AMSA) Explicada\">AMSA<\/a>)<\/li>\n<li> Better Business Bureau (BBB)<\/li>\n<\/ul>\n<h2>Revis\u00f5es dos Island Movers<\/h2>\n<p><strong>Positivo:<\/strong><\/p>\n<ul>\n<li> <em>\"Nosso incr\u00edvel estresse e preocupa\u00e7\u00e3o com nosso movimento transpac\u00edfico foi aliviado quando os Island Movers assumiram nosso movimento, ajudando a supervisionar o continente <a href=\"https:\/\/moverdb.com\/pt\/moving-companies\/\" data-internallinksmanager029f6b8e52c=\"79\" title=\"As 25 maiores empresas de mudan\u00e7as internacionais on-line\">empresa de mudan\u00e7as<\/a> al\u00e9m de nos fornecer bons conselhos, compet\u00eancia, atendimento caloroso ao cliente e pontualidade. Estou favoravelmente impressionado n\u00e3o apenas pelo profissionalismo e confiabilidade dos Island Movers, mas tamb\u00e9m pelo caloroso esp\u00edrito aloha de todo o pessoal da Island Movers que nos ajudou a mudar\"!<\/em> - Jackie <a href=\"http:\/\/www.islandmovers.com\/personal-moves\/customer-testimonials\/\" target=\"_blank\" rel=\"noopener\">depoimento do cliente<\/a><\/li>\n<li> <em>\"Um servi\u00e7o verdadeiramente excepcional!  Estou t\u00e3o feliz por ter ido com o melhor do Hava\u00ed\"!<\/em> - Gifford via <a href=\"https:\/\/www.yelp.com\/biz\/island-movers-inc-honolulu-4?hrid=Ew3UirYLCqyK2kHDFhwl1A&#038;utm_campaign=www_review_share_popup&#038;utm_medium=copy_link&#038;utm_source=(direct)\" target=\"_blank\" rel=\"noopener\">Yelp<\/a><\/li>\n<\/ul>\n<p><strong>Negativo:<\/strong><\/p>\n<ul>\n<li> <em>\"Acho que nunca os chamaria para me entregar ou me mudar, mas de modo geral a experi\u00eancia foi boa\".<\/em> - Angela via <a href=\"https:\/\/www.yelp.com\/biz\/island-movers-inc-honolulu-4?hrid=TFkdEA1IDuuzBJ-Psl0q_w&#038;utm_campaign=www_review_share_popup&#038;utm_medium=copy_link&#038;utm_source=(direct)\" target=\"_blank\" rel=\"noopener\">Yelp<\/a><\/li>\n<\/ul>\n<div itemprop=\"review\" itemscope itemtype=\"http:\/\/schema.org\/Review\">\n<span itemprop=\"author\" itemscope=\"\" itemtype=\"http:\/\/schema.org\/Organization\"><span itemprop=\"name\">MoverDB.com<\/span><\/span> Revis\u00e3o do site on-line para <span itemprop=\"itemreviewed\" itemscope=\"\" itemtype=\"http:\/\/schema.org\/Brand\"><span itemprop=\"name\">Mudan\u00e7as de ilha<\/span><\/span>:<\/p>\n<ol>\n<li> Detalhes claros de contato no website (incluindo n\u00famero de telefone): <strong>Sim<\/strong><\/li>\n<li> F\u00e1cil de obter <a href=\"https:\/\/moverdb.com\/pt\/citacoes\/\">cita\u00e7\u00f5es em movimento<\/a>? (Formul\u00e1rio de solicita\u00e7\u00e3o de or\u00e7amento on-line): <strong>Sim<\/strong><\/li>\n<li> Informa\u00e7\u00f5es claras no site: <strong>Sim,<\/strong> o site lista os servi\u00e7os que eles oferecem, mas n\u00e3o entra em grandes detalhes.<\/li>\n<li> Participa\u00e7\u00e3o em organiza\u00e7\u00f5es internacionais de mudan\u00e7as reconhecidas internacionalmente: <strong>Sim<\/strong>(ver acima)<\/li>\n<li> Lista de clientes e\/ou depoimentos de clientes anteriores: <strong>Sim,<\/strong> embora apenas alguns em seu site ganho. As revis\u00f5es de toda a web s\u00e3o geralmente positivas.<\/li>\n<\/ol>\n<div itemprop=\"reviewRating\" itemscope itemtype=\"http:\/\/schema.org\/Rating\"><meta itemprop=\"worstRating\" content = \"0\" \/><meta itemprop=\"bestRating\" content=\"5\" \/><meta itemprop=\"ratingValue\" content=\"4.5\"><\/div>\n<p><strong>Nota geral: 4,5\/5<\/strong><br \/>\n<strong>Data de revis\u00e3o:<\/strong> <span itemprop=\"datePublished\" content=\"2017-02-24\">24\/02\/2017<\/span>\n<\/div>\n<p>Leia mais sobre <a href=\"https:\/\/moverdb.com\/pt\/mudancas-empresas\/\">mudan\u00e7as internacionais<\/a> e nosso <a href=\"https:\/\/moverdb.com\/pt\/criticas\/\">processo de revis\u00e3o<\/a>.<\/p>\n<p><strong>Website:<\/strong> <a href=\"http:\/\/www.islandmovers.com\/\" target=\"_blank\" rel=\"noopener\">http:\/\/www.islandmovers.com\/<\/a><\/p>","protected":false},"excerpt":{"rendered":"<p>Island Movers is based in Honolulu and offers its customers a range of moving services which are list below, together with a company profile and reviews. International Moves &#8211; US and the World Personal move coordinator Door to door service Self-packing or full packing service Cartons provided Unpacking service Sea freight and air freight Assistance [&hellip;]<\/p>\n","protected":false},"author":1,"featured_media":0,"parent":0,"menu_order":0,"comment_status":"closed","ping_status":"closed","template":"","meta":{"_genesis_hide_title":false,"_genesis_hide_breadcrumbs":false,"_genesis_hide_singular_image":false,"_genesis_hide_footer_widgets":false,"_genesis_custom_body_class":"","_genesis_custom_post_class":"","_genesis_layout":"","footnotes":""},"class_list":{"0":"post-988","1":"page","2":"type-page","3":"status-publish","5":"entry"},"_links":{"self":[{"href":"https:\/\/moverdb.com\/pt\/wp-json\/wp\/v2\/pages\/988","targetHints":{"allow":["GET"]}}],"collection":[{"href":"https:\/\/moverdb.com\/pt\/wp-json\/wp\/v2\/pages"}],"about":[{"href":"https:\/\/moverdb.com\/pt\/wp-json\/wp\/v2\/types\/page"}],"author":[{"embeddable":true,"href":"https:\/\/moverdb.com\/pt\/wp-json\/wp\/v2\/users\/1"}],"replies":[{"embeddable":true,"href":"https:\/\/moverdb.com\/pt\/wp-json\/wp\/v2\/comments?post=988"}],"version-history":[{"count":4,"href":"https:\/\/moverdb.com\/pt\/wp-json\/wp\/v2\/pages\/988\/revisions"}],"predecessor-version":[{"id":13166,"href":"https:\/\/moverdb.com\/pt\/wp-json\/wp\/v2\/pages\/988\/revisions\/13166"}],"wp:attachment":[{"href":"https:\/\/moverdb.com\/pt\/wp-json\/wp\/v2\/media?parent=988"}],"curies":[{"name":"wp","href":"https:\/\/api.w.org\/{rel}","templated":true}]}}