{"id":955,"date":"2016-07-24T19:52:53","date_gmt":"2016-07-24T19:52:53","guid":{"rendered":"http:\/\/moverdb.com\/?page_id=955"},"modified":"2026-01-08T15:21:02","modified_gmt":"2026-01-08T15:21:02","slug":"us-canada-movers","status":"publish","type":"page","link":"https:\/\/moverdb.com\/pt\/us-canada-movers\/","title":{"rendered":"As 100 maiores empresas nacionais e internacionais nos EUA e Canad\u00e1"},"content":{"rendered":"<p>Abaixo voc\u00ea encontrar\u00e1 uma lista das 100 maiores empresas nacionais e <a href=\"https:\/\/moverdb.com\/pt\/mudancas-empresas\/\">empresas de mudan\u00e7as internacionais<\/a> o <a href=\"https:\/\/moverdb.com\/pt\/moving-to-the-united-states\/\" data-internallinksmanager029f6b8e52c=\"94\" title=\"Mudando-se para os Estados Unidos? 2026 Custos de Vida e Dicas de Reloca\u00e7\u00e3o\">Estados Unidos<\/a> e <a href=\"https:\/\/moverdb.com\/pt\/moving-to-canada\/\" data-internallinksmanager029f6b8e52c=\"265\" title=\"Mudan\u00e7a para o Canad\u00e1? 2026 Custos de Vida e Dicas de Reloca\u00e7\u00e3o\">Canad\u00e1<\/a> com base no n\u00famero de caminh\u00f5es registrados em sua frota. <\/p>\n<p>Uma dessas empresas \u00e9 provavelmente a certa para sua mudan\u00e7a internacional, de longa dist\u00e2ncia e\/ou interestadual.<\/p>\n<p><img loading=\"lazy\" decoding=\"async\" width=\"720\" height=\"480\" src=\"https:\/\/moverdb.com\/wp-content\/uploads\/Moving-truck.jpeg\" alt=\"Caminh\u00e3o em movimento\" class=\"aligncenter size-full wp-image-1083\" srcset=\"https:\/\/moverdb.com\/wp-content\/uploads\/Moving-truck.jpeg 720w, https:\/\/moverdb.com\/wp-content\/uploads\/Moving-truck-300x200.jpeg 300w, https:\/\/moverdb.com\/wp-content\/uploads\/Moving-truck-600x400.jpeg 600w\" sizes=\"auto, (max-width: 720px) 100vw, 720px\" \/><\/p>\n<p>Os dados s\u00e3o provenientes de <a href=\"http:\/\/www.movingcompanyreviews.com\/100-largest-moving-companies-of-the-us-and-canada\" target=\"_blank\" rel=\"noopener\">MovingCompanyReviews.com<\/a> que mostra os \u00faltimos tamanhos de frota e tamb\u00e9m a localiza\u00e7\u00e3o da sede de cada empresa.<\/p>\n<p>Voc\u00ea pode ler os perfis de cada empresa abaixo: <\/p>\n<ol>\n<li> <a href=\"https:\/\/moverdb.com\/pt\/united-van-lines\/\"><strong>Linhas de Van United<\/strong><\/a> - Oferece tanto movimentos dom\u00e9sticos dentro dos Estados Unidos e Canad\u00e1 como movimentos internacionais ao redor do mundo.<\/li>\n<li> <a href=\"https:\/\/moverdb.com\/pt\/u-pack-moving\/\"><strong>U-Pack Moving<\/strong><\/a> - A ABF U-Pack Moving oferece a seus clientes uma variedade de servi\u00e7os de mudan\u00e7a e auto-embalagem dentro dos EUA, Canad\u00e1 e Porto Rico. <\/li>\n<li> <a href=\"https:\/\/moverdb.com\/pt\/atlas-van-lines-internacional\/\"><strong>Linhas Atlas Van Lines<\/strong><\/a> - Oferece movimentos dom\u00e9sticos sob a marca Atlas Van Lines e movimentos internacionais sob a marca Atlas Van Lines International. Ambas s\u00e3o de propriedade do Atlas World Group.<\/li>\n<li> <a href=\"https:\/\/moverdb.com\/pt\/mayflower-transit\/\"><strong>Tr\u00e2nsito Mayflower<\/strong><\/a> - A Mayflower Transit oferece uma grande variedade de servi\u00e7os, desde a mudan\u00e7a e armazenamento, at\u00e9 o servi\u00e7o internacional completo sob medida. <\/li>\n<li> <a href=\"https:\/\/moverdb.com\/pt\/allied-van-lines\/\"><strong>Linhas de Van Lines Aliadas<\/strong><\/a> - A Allied Van Lines Inc est\u00e1 situada em Fort Wayne, IN e a empresa oferece a seus clientes uma variedade de servi\u00e7os incluindo rastreamento de embarque 24 horas por dia, 7 dias por semana, ajuda no desembara\u00e7o alfandeg\u00e1rio, pessoal de l\u00edngua inglesa em ambas as extremidades da mudan\u00e7a e remo\u00e7\u00e3o do material de embalagem.<\/li>\n<li> <a href=\"https:\/\/moverdb.com\/pt\/linhas-norte-american-van-lines\/\"><strong>Linhas de Van da Am\u00e9rica do Norte<\/strong><\/a> - A North American Van Lines oferece a seus clientes servi\u00e7os para mudan\u00e7as internacionais, corporativas e dom\u00e9sticas.<\/li>\n<li> <a href=\"https:\/\/moverdb.com\/pt\/wheaton\/\"><strong>Wheaton World Wide Moving<\/strong><\/a> - A Wheaton World Wide Moving (antiga Wheaton Van Lines) oferece a seus clientes uma gama de servi\u00e7os desde mudan\u00e7as internacionais at\u00e9 mudan\u00e7as locais.<\/li>\n<li> <a href=\"https:\/\/moverdb.com\/pt\/bekins-van-lines\/\"><strong>Bekins Van Lines<\/strong><\/a> - A Bekins Van Lines est\u00e1 sediada em Indian\u00e1polis IN. Elas oferecem a seus clientes uma variedade de servi\u00e7os de mudan\u00e7a, incluindo relocaliza\u00e7\u00f5es internacionais e mudan\u00e7as de alto valor.<\/li>\n<li> <a href=\"https:\/\/moverdb.com\/pt\/graebel-van-lines\/\"><strong>Linhas Graebel Van Lines<\/strong><\/a> - A Graebel Van Lines est\u00e1 sediada em Aurora, CO e seus clientes incluem empresas da Fortune 500 e DEA, FBI, IRS e CDC.<\/li>\n<li> <a href=\"https:\/\/moverdb.com\/pt\/arpin-van-lines\/\"><strong>Linhas Arpin Van Lines<\/strong><\/a> - A Arpin Van Lines est\u00e1 sediada em West Warwick, RI e faz mudan\u00e7as militares e dom\u00e9sticas tanto dom\u00e9sticas como internacionais. Eles tamb\u00e9m oferecem servi\u00e7os de armazenagem como armazenagem climatizada e armazenagem em cont\u00eaineres.<\/li>\n<li> <a href=\"https:\/\/moverdb.com\/pt\/stevens-worldwide-van-lines\/\">Stevens Worldwide Van Lines<\/a> - A Stevens Worldwide Van Lines est\u00e1 sediada em Saginaw MI. Eles oferecem mudan\u00e7as locais, fora do estado, de longa dist\u00e2ncia e internacionais para resid\u00eancias, empresas, militares e o clero.<\/li>\n<li> <a href=\"https:\/\/moverdb.com\/pt\/amj-campbell-van-lines\/\">AMJ Campbell Linhas de Van<\/a> - AMJ Campbell Van Lines est\u00e1 sediada em <a href=\"https:\/\/moverdb.com\/pt\/moving-to-toronto\/\">Toronto<\/a>O Canad\u00e1 \u00e9 um dos maiores pa\u00edses do Canad\u00e1. <a href=\"https:\/\/moverdb.com\/pt\/moving-companies\/\" data-internallinksmanager029f6b8e52c=\"79\" title=\"As 25 maiores empresas de mudan\u00e7as internacionais on-line\">empresas de mudan\u00e7as<\/a> tanto para movimentos nacionais como internacionais.<\/li>\n<li> <a href=\"https:\/\/moverdb.com\/pt\/suddath\/\">Suddath<\/a> - Uma fam\u00edlia de empresas que oferece uma gama de servi\u00e7os de mudan\u00e7as dom\u00e9sticas e internacionais, incluindo mudan\u00e7as residenciais, corporativas e governamentais.<\/li>\n<li> <a href=\"https:\/\/moverdb.com\/pt\/covan-world-wide\/\">Covan WorldWide Moving<\/a> - Covan tem mais de 200 unidades operacionais interestaduais e 600 para mudan\u00e7as locais. Sua miss\u00e3o \u00e9 ser o l\u00edder em servi\u00e7os de transporte internacional.<\/li>\n<li> <a href=\"https:\/\/moverdb.com\/pt\/localizacao-de-armas\/\">Deslocaliza\u00e7\u00e3o Armstrong<\/a> - Armstrong Relocation \u00e9 hoje o maior agente de mercadorias da United Van Lines e tem 22 escrit\u00f3rios nos EUA.<\/li>\n<li> <a href=\"https:\/\/moverdb.com\/pt\/williams-moving-storage\/\">Williams Moving &amp; Storage<\/a> - A Williams Moving and Storage \u00e9 uma empresa canadense de mudan\u00e7as que movimenta indiv\u00edduos e empresas tanto local como internacionalmente.<\/li>\n<li> <a href=\"https:\/\/moverdb.com\/pt\/deslocamento-do-beltmann\/\">Grupo de Deslocaliza\u00e7\u00e3o Beltmann<\/a> - Iniciado pela fam\u00edlia Battina em 1955 e ainda \u00e9 de propriedade e administra\u00e7\u00e3o da fam\u00edlia. \u00c9 um dos maiores e mais antigos agentes das Linhas de Van da Am\u00e9rica do Norte.<\/li>\n<li> <a href=\"https:\/\/moverdb.com\/pt\/national-van-lines\/\">Linhas de Furg\u00f5es Nacionais<\/a> - O lema da empresa \u00e9 \"Moving Your Memories\", que \u00e9 um lembrete tanto para o pessoal quanto para o cliente que os pertences pessoais s\u00e3o preciosos e ser\u00e3o sempre tratados com cuidado.<\/li>\n<li> <a href=\"https:\/\/moverdb.com\/pt\/berger-allied\/\">Berger Allied (Transfer\u00eancia e Armazenamento)<\/a> - A Berger Transfer and Storage est\u00e1 operando desde 1910. Eles trabalham com indiv\u00edduos, empresas e ag\u00eancias governamentais. <\/li>\n<li> Sistemas de transporte Lawrence<\/li>\n<li> <a href=\"https:\/\/moverdb.com\/pt\/mccollisters-moving\/\">Grupo de Transporte da McCollister<\/a> - A McCollister's \u00e9 uma empresa privada e \u00e9 agente da UniGroup Inc., que inclui a United Van Lines e Mayflower Transit. (veja acima)<\/li>\n<li> <a href=\"https:\/\/moverdb.com\/pt\/coleman-worldwide-moving\/\">Coleman Mudan\u00e7a Mundial<\/a> - A Coleman Worldwide Moving tamb\u00e9m conhecida como Coleman American Moving Services &amp; Coleman Allied oferece tanto mudan\u00e7as dom\u00e9sticas americanas como internacionais.<\/li>\n<li> <a href=\"https:\/\/moverdb.com\/pt\/hilldrup-moving-storage\/\">Hilldrup Mudan\u00e7a &amp; Armazenagem<\/a> - Oferece servi\u00e7os como assist\u00eancia de realoca\u00e7\u00e3o, gerenciamento de mudan\u00e7as, armazenamento, servi\u00e7os de partida, servi\u00e7os de destino e muito mais.<\/li>\n<li> <a href=\"https:\/\/moverdb.com\/pt\/american-red-ball-transit\/\">American Red Ball Transit Company<\/a> - Sediada em Indian\u00e1polis e focada nos servi\u00e7os dom\u00e9sticos dentro dos EUA.<\/li>\n<li> Linhas de Van New World<\/li>\n<li> Palmer Moving &amp; Storage<\/li>\n<li> Transfer\u00eancia e Armazenamento de Mergenthaler<\/li>\n<li> Scobey Moving and Storage LTD<\/li>\n<li> Corrigan Moving Systems<\/li>\n<li> Sistema de Frete Tri Star<\/li>\n<li> Estudantes famintos<\/li>\n<li> A-1 Freeman Moving Companies<\/li>\n<li> Daryl Inunda\u00e7\u00e3o Reloca\u00e7\u00e3o e Log\u00edstica<\/li>\n<li> JK Mudan\u00e7as e Armazenamento<\/li>\n<li> Ace Relocation Systems<\/li>\n<li> Ford Storage &amp; Moving Company<\/li>\n<li> Budd Van Lines<\/li>\n<li> Movimenta\u00e7\u00e3o e armazenagem de avi\u00f5es<\/li>\n<li> Gentle Giant Moving Company<\/li>\n<li> <a href=\"https:\/\/moverdb.com\/pt\/tropeiros-de-ilhas\/\">Mudan\u00e7as de ilha<\/a> - Oferece servi\u00e7os de mudan\u00e7a de e para as ilhas havaianas, tanto dos Estados Unidos como internacionalmente.<\/li>\n<li> Mesa Moving &amp; Storage<\/li>\n<li> American International Movers<\/li>\n<li> American Movers<\/li>\n<li> Arnoff Moving &amp; Storage,<\/li>\n<li> Fidelity Moving &amp; Storage Company<\/li>\n<li> Empresas Lile International<\/li>\n<li> Linhas de Carlyle Van Lines<\/li>\n<li> O Passageiro da Direita<\/li>\n<li> Andrews Van Lines<\/li>\n<li> Linhas de Van Sherwood<\/li>\n<li> Bisson Moving &amp; Storage<\/li>\n<li> Bohren's Moving &amp; Storage,<\/li>\n<li> Selecione Furg\u00e3o e Armazenagem<\/li>\n<li> Broadway Express<\/li>\n<li> FlatRate Moving<\/li>\n<li> Linha Smith Dray &amp; Armazenamento<\/li>\n<li> Sourdough Express<\/li>\n<li> South Hills Movers<\/li>\n<li> Fisher Norte-Americano<\/li>\n<li> Linhas Interestaduais de Van Lines\/Interstate Worldwide<\/li>\n<li> Ala Norte-Americana<\/li>\n<li> Leste <a href=\"https:\/\/moverdb.com\/pt\/moving-to-the-united-states\/moving-to-tennessee\/\" data-internallinksmanager029f6b8e52c=\"406\" title=\"Mudan\u00e7a para o Tennessee? 2026 Custo de vida e dicas de realoca\u00e7\u00e3o\">Tennessee<\/a> Mudan\u00e7a\/Dois homens e um caminh\u00e3o<\/li>\n<li> Grupo Imlach<\/li>\n<li> Movimenta\u00e7\u00e3o de Furg\u00f5es A\u00e9reos<\/li>\n<li> Servi\u00e7os Legados de Transporte<\/li>\n<li> Tippet-Richardson<\/li>\n<li> Sistemas de Deslocaliza\u00e7\u00e3o Atl\u00e2ntica<\/li>\n<li> Movimenta\u00e7\u00e3o e armazenamento Carey<\/li>\n<li> Uma recoloca\u00e7\u00e3o de classe mundial Arnold<\/li>\n<li> William B. Meyer<\/li>\n<li> Sistemas de Movimenta\u00e7\u00e3o Horizon<\/li>\n<li> Movimenta\u00e7\u00e3o e armazenagem de parques<\/li>\n<li> Mudan\u00e7as e armazenagem em destaque<\/li>\n<li> Delancey Street Moving &amp; Transportation<\/li>\n<li> Deslocaliza\u00e7\u00e3o Armstrong<\/li>\n<li> Empresas Federais<\/li>\n<li> Hoyt's Moving &amp; Storage<\/li>\n<li> Johnson Storage and Moving<\/li>\n<li> Nor-Cal Moving Services<\/li>\n<li> <a href=\"https:\/\/moverdb.com\/pt\/amantes-do-havaiano-real\/\">Os Reais Havaianos que se movimentam<\/a> - A Royal Hawaiian Movers faz parte do grupo de empresas DeWitt oferecendo a seus clientes v\u00e1rios movimentos locais, inter-ilhas, continentais e internacionais.<\/li>\n<li> Central Van &amp; Storage,<\/li>\n<li> <a href=\"https:\/\/moverdb.com\/pt\/movimento-da-coroa\/\">Crown Moving Co<\/a> - Agora fechado, com base em <a href=\"https:\/\/moverdb.com\/pt\/moving-to-seattle\/\" data-internallinksmanager029f6b8e52c=\"65\" title=\"Mudando-se para Seattle? 2026 Custos de Vida e Dicas de Reloca\u00e7\u00e3o\">Seattle<\/a>.<\/li>\n<li> Fry-Wagner Moving and Storage Co<\/li>\n<li> B. Von <a href=\"https:\/\/moverdb.com\/pt\/moving-to-france\/moving-to-paris\/\" data-internallinksmanager029f6b8e52c=\"407\" title=\"Est\u00e1 se mudando para Paris? 2026 Custo de vida e dicas de realoca\u00e7\u00e3o\">Paris<\/a> Mudan\u00e7a e armazenamento<\/li>\n<li> O'Brien's Moving &amp; Storage<\/li>\n<li> Piqua Transfer &amp; Storage Company<\/li>\n<li> Joyce Van Lines,<\/li>\n<li> Grupo Plycon Transportation<\/li>\n<li> AAA Mudan\u00e7a e armazenamento<\/li>\n<li> Movimenta\u00e7\u00e3o e Armazenagem de Ativos<\/li>\n<li> Alero Movimenta\u00e7\u00e3o e armazenamento<\/li>\n<li> Sistemas de movimenta\u00e7\u00e3o DMS<\/li>\n<li> George Moving &amp; Storage<\/li>\n<li> Glen Ellyn Storage Corporation<\/li>\n<li> Piepho Movimenta\u00e7\u00e3o e armazenamento<\/li>\n<li> Linhas Eagle Van Lines<\/li>\n<li> Movimenta\u00e7\u00e3o e armazenamento de Roadrunner<\/li>\n<li> Linhas de Fita de Fita<\/li>\n<li> Transfer\u00eancia para o Pac\u00edfico<\/li>\n<li> Linhas Paxton Van Lines<\/li>\n<\/ol>","protected":false},"excerpt":{"rendered":"<p>Below you will find a list of the top 100 largest domestic and international moving companies the United States and Canada based on the number of registered trucks in their fleet. One of these companies is likely to be the right one for your international, long distance and\/or interstate move. The data comes from MovingCompanyReviews.com [&hellip;]<\/p>\n","protected":false},"author":1,"featured_media":1083,"parent":0,"menu_order":0,"comment_status":"closed","ping_status":"closed","template":"","meta":{"_genesis_hide_title":false,"_genesis_hide_breadcrumbs":false,"_genesis_hide_singular_image":false,"_genesis_hide_footer_widgets":false,"_genesis_custom_body_class":"","_genesis_custom_post_class":"","_genesis_layout":"","footnotes":""},"class_list":{"0":"post-955","1":"page","2":"type-page","3":"status-publish","4":"has-post-thumbnail","6":"entry"},"_links":{"self":[{"href":"https:\/\/moverdb.com\/pt\/wp-json\/wp\/v2\/pages\/955","targetHints":{"allow":["GET"]}}],"collection":[{"href":"https:\/\/moverdb.com\/pt\/wp-json\/wp\/v2\/pages"}],"about":[{"href":"https:\/\/moverdb.com\/pt\/wp-json\/wp\/v2\/types\/page"}],"author":[{"embeddable":true,"href":"https:\/\/moverdb.com\/pt\/wp-json\/wp\/v2\/users\/1"}],"replies":[{"embeddable":true,"href":"https:\/\/moverdb.com\/pt\/wp-json\/wp\/v2\/comments?post=955"}],"version-history":[{"count":40,"href":"https:\/\/moverdb.com\/pt\/wp-json\/wp\/v2\/pages\/955\/revisions"}],"predecessor-version":[{"id":6247,"href":"https:\/\/moverdb.com\/pt\/wp-json\/wp\/v2\/pages\/955\/revisions\/6247"}],"wp:featuredmedia":[{"embeddable":true,"href":"https:\/\/moverdb.com\/pt\/wp-json\/wp\/v2\/media\/1083"}],"wp:attachment":[{"href":"https:\/\/moverdb.com\/pt\/wp-json\/wp\/v2\/media?parent=955"}],"curies":[{"name":"wp","href":"https:\/\/api.w.org\/{rel}","templated":true}]}}