{"id":9525,"date":"2023-06-08T12:37:11","date_gmt":"2023-06-08T12:37:11","guid":{"rendered":"https:\/\/moverdb.com\/?page_id=9525"},"modified":"2026-01-08T15:24:26","modified_gmt":"2026-01-08T15:24:26","slug":"moving-companies-slovenia","status":"publish","type":"page","link":"https:\/\/moverdb.com\/pt\/moving-companies\/moving-companies-slovenia\/","title":{"rendered":"3 melhores empresas de mudan\u00e7a internacional na Eslov\u00eania"},"content":{"rendered":"<p>A mudan\u00e7a pode ser um momento estressante, com muitas coisas a serem organizadas, especialmente se voc\u00ea estiver se mudando para o exterior. Se estiver planejando uma mudan\u00e7a dentro, para ou de <a href=\"https:\/\/moverdb.com\/pt\/moving-to-slovenia\/\" data-internallinksmanager029f6b8e52c=\"392\" title=\"Vai se mudar para a Eslov\u00eania? 2026 Custo de vida e dicas de realoca\u00e7\u00e3o\">Eslov\u00eania<\/a> ent\u00e3o, contratar os servi\u00e7os de um <a href=\"https:\/\/moverdb.com\/pt\/moving-companies\/\" data-internallinksmanager029f6b8e52c=\"79\" title=\"As 25 maiores empresas de mudan\u00e7as internacionais on-line\">empresa de mudan\u00e7as<\/a> pode ajudar a aliviar a carga. Abaixo, compilamos uma lista de empresas sediadas na Eslov\u00eania <a href=\"https:\/\/moverdb.com\/pt\/international-removals\/\" data-internallinksmanager029f6b8e52c=\"27\" title=\"36 melhores empresas de mudan\u00e7as internacionais no Reino Unido\">empresas de mudan\u00e7as<\/a> que s\u00e3o membros do <a href=\"https:\/\/moverdb.com\/pt\/iam\/\" data-internallinksmanager029f6b8e52c=\"23\" title=\"Associa\u00e7\u00e3o Internacional de Remotores (IAM) Explicado\">Associa\u00e7\u00e3o Internacional de Movers<\/a> (IAM) e\/ou <a href=\"https:\/\/moverdb.com\/pt\/fidi-faim\/\" data-internallinksmanager029f6b8e52c=\"16\" title=\"FIDI &amp; FAIM (FIDI Accredited International Mover) Explicado\">FIDI<\/a> Credenciado pela International Mover (FAIM), que poderia ajud\u00e1-lo com sua mudan\u00e7a.<\/p>\n<h2><strong>1. DB Schenker<\/strong><\/h2>\n<p><img loading=\"lazy\" decoding=\"async\" class=\"alignnone size-full wp-image-9351\" src=\"https:\/\/moverdb.com\/wp-content\/uploads\/DB-Schenker-Slovenvia-international-moving-company.png\" alt=\"DB Schenker Slovenvia empresa de mudan\u00e7as internacionais\" width=\"1440\" height=\"673\" data-wp-pid=\"9351\" srcset=\"https:\/\/moverdb.com\/wp-content\/uploads\/DB-Schenker-Slovenvia-international-moving-company.png 1440w, https:\/\/moverdb.com\/wp-content\/uploads\/DB-Schenker-Slovenvia-international-moving-company-300x140.png 300w, https:\/\/moverdb.com\/wp-content\/uploads\/DB-Schenker-Slovenvia-international-moving-company-1024x479.png 1024w, https:\/\/moverdb.com\/wp-content\/uploads\/DB-Schenker-Slovenvia-international-moving-company-18x8.png 18w, https:\/\/moverdb.com\/wp-content\/uploads\/DB-Schenker-Slovenvia-international-moving-company-600x280.png 600w\" sizes=\"auto, (max-width: 1440px) 100vw, 1440px\" \/><\/p>\n<ul>\n<li>Movimentos nacionais<\/li>\n<li>Movimentos internacionais<\/li>\n<li>Mudan\u00e7as dom\u00e9sticas<\/li>\n<li>A empresa se move<\/li>\n<li>Embalagem sob medida<\/li>\n<li>Frete terrestre, ferrovi\u00e1rio, a\u00e9reo e mar\u00edtimo<\/li>\n<li>Desembara\u00e7o aduaneiro<\/li>\n<li>Manuseio de obras de arte<\/li>\n<li>Frota e equipamentos especializados<\/li>\n<li>Instala\u00e7\u00f5es de armazenamento<\/li>\n<\/ul>\n<p>A DB Schenker \u00e9 um provedor global de log\u00edstica que possui aproximadamente 1.850 locais em todo o mundo e opera desde 1872, tendo sido fundada em <a href=\"https:\/\/moverdb.com\/pt\/moving-to-austria\/\" data-internallinksmanager029f6b8e52c=\"343\" title=\"Est\u00e1 se mudando para a \u00c1ustria? 2026 Custo de vida e dicas de realoca\u00e7\u00e3o\">\u00c1ustria<\/a>. Eles t\u00eam v\u00e1rios locais na Eslov\u00eania, incluindo Ljubljana, Maribor, Koper, Brnik e Skofja Loka. Eles s\u00e3o membros da IAM.<\/p>\n<p>A DB Schenker oferece servi\u00e7os de mudan\u00e7a e reloca\u00e7\u00e3o dentro, para e da Eslov\u00eania. Seus servi\u00e7os incluem um servi\u00e7o de empacotamento profissional com embalagens feitas sob medida que n\u00e3o agridem o meio ambiente. Eles t\u00eam sua pr\u00f3pria frota de ve\u00edculos de remo\u00e7\u00e3o com suspens\u00e3o a ar e plataformas elevat\u00f3rias para transportar seus pertences. Eles providenciar\u00e3o o transporte por terra, trem, ar e mar com libera\u00e7\u00e3o alfandeg\u00e1ria nos planos de realoca\u00e7\u00e3o.<\/p>\n<p>Website: <a href=\"https:\/\/www.dbschenker.com\/si-en\/products\/removals\" target=\"_blank\" rel=\"noopener\">https:\/\/www.dbschenker.com\/si-en\/products\/removals<\/a><\/p>\n<h2><strong>2. Relocations Ltd<\/strong><\/h2>\n<p><img loading=\"lazy\" decoding=\"async\" class=\"alignnone size-full wp-image-9417\" src=\"https:\/\/moverdb.com\/wp-content\/uploads\/Relocations-Ltd-international-moving-company.png\" alt=\"Relocations Ltd empresa de mudan\u00e7as internacionais\" width=\"1440\" height=\"673\" data-wp-pid=\"9417\" srcset=\"https:\/\/moverdb.com\/wp-content\/uploads\/Relocations-Ltd-international-moving-company.png 1440w, https:\/\/moverdb.com\/wp-content\/uploads\/Relocations-Ltd-international-moving-company-300x140.png 300w, https:\/\/moverdb.com\/wp-content\/uploads\/Relocations-Ltd-international-moving-company-1024x479.png 1024w, https:\/\/moverdb.com\/wp-content\/uploads\/Relocations-Ltd-international-moving-company-18x8.png 18w, https:\/\/moverdb.com\/wp-content\/uploads\/Relocations-Ltd-international-moving-company-600x280.png 600w\" sizes=\"auto, (max-width: 1440px) 100vw, 1440px\" \/><\/p>\n<ul>\n<li>Movimentos nacionais<\/li>\n<li>Movimentos internacionais<\/li>\n<li>Mudan\u00e7as dom\u00e9sticas<\/li>\n<li>Movimentos corporativos<\/li>\n<li>Embalagem de qualidade<\/li>\n<li>Provid\u00eancias de transporte<\/li>\n<li>Desembara\u00e7o aduaneiro<\/li>\n<li>Transporte de ve\u00edculos<\/li>\n<li>Servi\u00e7os de imigra\u00e7\u00e3o<\/li>\n<li>Instala\u00e7\u00f5es de armazenamento<\/li>\n<\/ul>\n<p>A Relocations Ltd \u00e9 uma empresa de realoca\u00e7\u00e3o fundada em 2006 e sediada em Ljubljana. Eles t\u00eam uma equipe de profissionais de mudan\u00e7a na Eslov\u00eania e usam parceiros verificados no exterior que fornecem servi\u00e7os independentes de coordena\u00e7\u00e3o de gerenciamento de mudan\u00e7as. A empresa \u00e9 membro do IAM.<\/p>\n<p>A Relocations Ltd oferece uma op\u00e7\u00e3o de assist\u00eancia local ou um servi\u00e7o de mudan\u00e7a completo para gerenciar mudan\u00e7as dentro, para ou da Eslov\u00eania. Eles oferecem servi\u00e7os para resid\u00eancias e empresas, que incluem transporte de ve\u00edculos e servi\u00e7os de imigra\u00e7\u00e3o. Eles providenciar\u00e3o o transporte de seus pertences com libera\u00e7\u00e3o alfandeg\u00e1ria. Eles oferecem servi\u00e7os adicionais, incluindo servi\u00e7os de acomoda\u00e7\u00e3o, servi\u00e7os de partida, busca de casa e escola, orienta\u00e7\u00e3o, treinamento cultural e servi\u00e7os de manuten\u00e7\u00e3o.<\/p>\n<p>Website: <a href=\"http:\/\/www.relocations.si\" target=\"_blank\" rel=\"noopener\">http:\/\/www.relocations.si<\/a><\/p>\n<h2><strong>3. Vatovec<\/strong><\/h2>\n<p><img loading=\"lazy\" decoding=\"async\" class=\"alignnone size-full wp-image-9443\" src=\"https:\/\/moverdb.com\/wp-content\/uploads\/Vatovec-international-moving-company.png\" alt=\"Empresa de mudan\u00e7as internacionais Vatovec\" width=\"1440\" height=\"680\" data-wp-pid=\"9443\" srcset=\"https:\/\/moverdb.com\/wp-content\/uploads\/Vatovec-international-moving-company.png 1440w, https:\/\/moverdb.com\/wp-content\/uploads\/Vatovec-international-moving-company-300x142.png 300w, https:\/\/moverdb.com\/wp-content\/uploads\/Vatovec-international-moving-company-1024x484.png 1024w, https:\/\/moverdb.com\/wp-content\/uploads\/Vatovec-international-moving-company-18x9.png 18w, https:\/\/moverdb.com\/wp-content\/uploads\/Vatovec-international-moving-company-600x283.png 600w\" sizes=\"auto, (max-width: 1440px) 100vw, 1440px\" \/><\/p>\n<ul>\n<li>Movimentos nacionais<\/li>\n<li>Mudan\u00e7as internacionais<\/li>\n<li>Mudan\u00e7as dom\u00e9sticas<\/li>\n<li>Mudan\u00e7as de escrit\u00f3rios<\/li>\n<li>Servi\u00e7o de embalagem profissional<\/li>\n<li>Transporte por terra, ar e mar<\/li>\n<li>Formalidades alfandeg\u00e1rias<\/li>\n<li>Objetos de arte em movimento<\/li>\n<li>Transporte de pequenos animais<\/li>\n<li>Instala\u00e7\u00f5es de armazenamento<\/li>\n<\/ul>\n<p>A Vatovec \u00e9 uma empresa de mudan\u00e7as fundada em 1998 e sediada em Ljubljana. A empresa tem uma rede de parceiros internacionais de qualidade em todo o mundo para ajudar em realoca\u00e7\u00f5es internacionais. Eles s\u00e3o membros da IAM, com 25 anos de servi\u00e7o, e s\u00e3o credenciados pela FIDI.<\/p>\n<p>A Vatovec oferece servi\u00e7os de mudan\u00e7a e realoca\u00e7\u00e3o dentro, para e da Eslov\u00eania. Eles oferecem servi\u00e7os profissionais de embalagem que garantir\u00e3o que seus pertences sejam embalados com seguran\u00e7a e transportados para o seu destino por terra, ar ou mar, com as formalidades alfandeg\u00e1rias tratadas. Seus servi\u00e7os de realoca\u00e7\u00e3o incluem permiss\u00f5es de resid\u00eancia e trabalho, busca de casas e escolas, orienta\u00e7\u00e3o, localiza\u00e7\u00e3o de reparadores e artes\u00e3os.<\/p>\n<p>Website: <a href=\"http:\/\/www.vatovec.si\" target=\"_blank\" rel=\"noopener\">http:\/\/www.vatovec.si<\/a><\/p>","protected":false},"excerpt":{"rendered":"<p>Moving can be a stressful time with a lot of things to arrange especially if you are moving overseas. If you are planning a move within, to or from Slovenia then employing the services of a moving company can help lighten the load. Below we have compiled a list of Slovenia based removal companies that [&hellip;]<\/p>\n","protected":false},"author":4,"featured_media":9351,"parent":190,"menu_order":0,"comment_status":"closed","ping_status":"closed","template":"","meta":{"_genesis_hide_title":false,"_genesis_hide_breadcrumbs":false,"_genesis_hide_singular_image":false,"_genesis_hide_footer_widgets":false,"_genesis_custom_body_class":"","_genesis_custom_post_class":"","_genesis_layout":"","footnotes":""},"class_list":{"0":"post-9525","1":"page","2":"type-page","3":"status-publish","4":"has-post-thumbnail","6":"entry"},"_links":{"self":[{"href":"https:\/\/moverdb.com\/pt\/wp-json\/wp\/v2\/pages\/9525","targetHints":{"allow":["GET"]}}],"collection":[{"href":"https:\/\/moverdb.com\/pt\/wp-json\/wp\/v2\/pages"}],"about":[{"href":"https:\/\/moverdb.com\/pt\/wp-json\/wp\/v2\/types\/page"}],"author":[{"embeddable":true,"href":"https:\/\/moverdb.com\/pt\/wp-json\/wp\/v2\/users\/4"}],"replies":[{"embeddable":true,"href":"https:\/\/moverdb.com\/pt\/wp-json\/wp\/v2\/comments?post=9525"}],"version-history":[{"count":1,"href":"https:\/\/moverdb.com\/pt\/wp-json\/wp\/v2\/pages\/9525\/revisions"}],"predecessor-version":[{"id":9526,"href":"https:\/\/moverdb.com\/pt\/wp-json\/wp\/v2\/pages\/9525\/revisions\/9526"}],"up":[{"embeddable":true,"href":"https:\/\/moverdb.com\/pt\/wp-json\/wp\/v2\/pages\/190"}],"wp:featuredmedia":[{"embeddable":true,"href":"https:\/\/moverdb.com\/pt\/wp-json\/wp\/v2\/media\/9351"}],"wp:attachment":[{"href":"https:\/\/moverdb.com\/pt\/wp-json\/wp\/v2\/media?parent=9525"}],"curies":[{"name":"wp","href":"https:\/\/api.w.org\/{rel}","templated":true}]}}