{"id":9523,"date":"2023-06-08T12:38:02","date_gmt":"2023-06-08T12:38:02","guid":{"rendered":"https:\/\/moverdb.com\/?page_id=9523"},"modified":"2026-01-08T15:30:15","modified_gmt":"2026-01-08T15:30:15","slug":"moving-companies-slovakia","status":"publish","type":"page","link":"https:\/\/moverdb.com\/pt\/moving-companies\/moving-companies-slovakia\/","title":{"rendered":"Melhores empresas de mudan\u00e7a internacional na Eslov\u00e1quia"},"content":{"rendered":"<p>Voc\u00ea est\u00e1 pensando em mudar sua casa ou seu neg\u00f3cio dentro, para ou de <a href=\"https:\/\/moverdb.com\/pt\/moving-to-slovakia\/\" data-internallinksmanager029f6b8e52c=\"338\" title=\"Est\u00e1 se mudando para a Eslov\u00e1quia? 2026 Custo de vida e dicas de realoca\u00e7\u00e3o\">Eslov\u00e1quia<\/a>? Se for o caso, talvez queira contratar os servi\u00e7os de um agente de mudan\u00e7as para reduzir o trabalho envolvido e o estresse. Abaixo, compilamos uma lista de agentes de mudan\u00e7a da Eslov\u00e1quia <a href=\"https:\/\/moverdb.com\/pt\/international-removals\/\" data-internallinksmanager029f6b8e52c=\"27\" title=\"36 melhores empresas de mudan\u00e7as internacionais no Reino Unido\">empresas de mudan\u00e7as<\/a> que s\u00e3o membros do <a href=\"https:\/\/moverdb.com\/pt\/iam\/\" data-internallinksmanager029f6b8e52c=\"23\" title=\"Associa\u00e7\u00e3o Internacional de Remotores (IAM) Explicado\">Associa\u00e7\u00e3o Internacional de Movers<\/a> (IAM) e\/ou <a href=\"https:\/\/moverdb.com\/pt\/fidi-faim\/\" data-internallinksmanager029f6b8e52c=\"16\" title=\"FIDI &amp; FAIM (FIDI Accredited International Mover) Explicado\">FIDI<\/a> Credenciado pela International Mover (FAIM) que poderia ajud\u00e1-lo em sua mudan\u00e7a.<\/p>\n<h2><strong>Deslocaliza\u00e7\u00e3o de Santa Fe<\/strong><\/h2>\n<p><img loading=\"lazy\" decoding=\"async\" class=\"alignnone size-full wp-image-9422\" src=\"https:\/\/moverdb.com\/wp-content\/uploads\/Santa-Fe-Relocation-Slovakia-international-moving-company.png\" alt=\"Santa Fe Relocation Eslov\u00e1quia empresa de mudan\u00e7as internacionais\" width=\"1440\" height=\"677\" data-wp-pid=\"9422\" srcset=\"https:\/\/moverdb.com\/wp-content\/uploads\/Santa-Fe-Relocation-Slovakia-international-moving-company.png 1440w, https:\/\/moverdb.com\/wp-content\/uploads\/Santa-Fe-Relocation-Slovakia-international-moving-company-300x141.png 300w, https:\/\/moverdb.com\/wp-content\/uploads\/Santa-Fe-Relocation-Slovakia-international-moving-company-1024x481.png 1024w, https:\/\/moverdb.com\/wp-content\/uploads\/Santa-Fe-Relocation-Slovakia-international-moving-company-18x8.png 18w, https:\/\/moverdb.com\/wp-content\/uploads\/Santa-Fe-Relocation-Slovakia-international-moving-company-600x282.png 600w\" sizes=\"auto, (max-width: 1440px) 100vw, 1440px\" \/><\/p>\n<ul>\n<li>Movimento nacional<\/li>\n<li>Mudan\u00e7as internacionais<\/li>\n<li>Mudan\u00e7as dom\u00e9sticas<\/li>\n<li>Mudan\u00e7as corporativas<\/li>\n<li>Servi\u00e7o de embalagem<\/li>\n<li>Transporte a\u00e9reo, mar\u00edtimo e rodovi\u00e1rio<\/li>\n<li>Desembara\u00e7o aduaneiro<\/li>\n<li>Realoca\u00e7\u00e3o de animais<\/li>\n<li>Visto e imigra\u00e7\u00e3o<\/li>\n<li>Armazenamento de curto e longo prazo<\/li>\n<\/ul>\n<p>A Santa Fe Relocation \u00e9 uma empresa de realoca\u00e7\u00e3o internacional que possui 64 escrit\u00f3rios em 38 pa\u00edses. A empresa abriu seu escrit\u00f3rio na Eslov\u00e1quia em 2002, em Bratislava. A empresa \u00e9 membro da IAM, com 21 anos de servi\u00e7o, e \u00e9 credenciada pela FIDI.<\/p>\n<p>A Santa Fe Relocation oferece a op\u00e7\u00e3o de uma pesquisa em casa ou por v\u00eddeo e uma consulta pr\u00e9-mudan\u00e7a para definir suas necessidades. Eles fornecem um servi\u00e7o de embalagem para seus itens e m\u00f3veis e providenciam o transporte a\u00e9reo, mar\u00edtimo ou rodovi\u00e1rio com libera\u00e7\u00e3o alfandeg\u00e1ria.  Eles oferecem uma variedade de complementos, incluindo prote\u00e7\u00e3o de remessa, armazenamento, busca de casas e escolas, servi\u00e7os de acomoda\u00e7\u00e3o, suporte na partida e realoca\u00e7\u00e3o de animais de estima\u00e7\u00e3o, <a href=\"https:\/\/moverdb.com\/pt\/car-transport-shipping\/\" data-internallinksmanager029f6b8e52c=\"2\" title=\"2026 Cota\u00e7\u00f5es de transporte internacional de carros e envio de ve\u00edculos\">transporte de ve\u00edculos<\/a>e assist\u00eancia para vistos e imigra\u00e7\u00e3o.<\/p>\n<p>Website: <a href=\"https:\/\/www.santaferelo.com\/en\/contact\/our-offices\/slovakia-bratislava\/\" target=\"_blank\" rel=\"noopener\">https:\/\/www.santaferelo.com\/en\/contact\/our-offices\/slovakia-bratislava\/<\/a><\/p>\n<h2>Outros guias \u00fateis para a Eslov\u00e1quia<\/h2>\n<ul>\n<li> <a href=\"https:\/\/moverdb.com\/pt\/moving-to-slovakia\/moving-to-slovakia-from-the-uk\/\">Mudan\u00e7a do Reino Unido para a Eslov\u00e1quia<\/a><\/li>\n<li> <a href=\"https:\/\/moverdb.com\/pt\/moving-to-slovakia\/\">Est\u00e1 se mudando para a Eslov\u00e1quia? 2024 Custo de vida e dicas de realoca\u00e7\u00e3o<\/a><\/li>\n<\/ul>","protected":false},"excerpt":{"rendered":"<p>Are you thinking of moving home or your business within, to or from Slovakia? If you are then you may want to enlist the services of a moving agent to reduce the work involved and the stress. Below we have compiled a list of Slovakian removal companies that are members of the International Association of [&hellip;]<\/p>\n","protected":false},"author":4,"featured_media":9422,"parent":190,"menu_order":0,"comment_status":"closed","ping_status":"closed","template":"","meta":{"_genesis_hide_title":false,"_genesis_hide_breadcrumbs":false,"_genesis_hide_singular_image":false,"_genesis_hide_footer_widgets":false,"_genesis_custom_body_class":"","_genesis_custom_post_class":"","_genesis_layout":"","footnotes":""},"class_list":{"0":"post-9523","1":"page","2":"type-page","3":"status-publish","4":"has-post-thumbnail","6":"entry"},"_links":{"self":[{"href":"https:\/\/moverdb.com\/pt\/wp-json\/wp\/v2\/pages\/9523","targetHints":{"allow":["GET"]}}],"collection":[{"href":"https:\/\/moverdb.com\/pt\/wp-json\/wp\/v2\/pages"}],"about":[{"href":"https:\/\/moverdb.com\/pt\/wp-json\/wp\/v2\/types\/page"}],"author":[{"embeddable":true,"href":"https:\/\/moverdb.com\/pt\/wp-json\/wp\/v2\/users\/4"}],"replies":[{"embeddable":true,"href":"https:\/\/moverdb.com\/pt\/wp-json\/wp\/v2\/comments?post=9523"}],"version-history":[{"count":3,"href":"https:\/\/moverdb.com\/pt\/wp-json\/wp\/v2\/pages\/9523\/revisions"}],"predecessor-version":[{"id":17867,"href":"https:\/\/moverdb.com\/pt\/wp-json\/wp\/v2\/pages\/9523\/revisions\/17867"}],"up":[{"embeddable":true,"href":"https:\/\/moverdb.com\/pt\/wp-json\/wp\/v2\/pages\/190"}],"wp:featuredmedia":[{"embeddable":true,"href":"https:\/\/moverdb.com\/pt\/wp-json\/wp\/v2\/media\/9422"}],"wp:attachment":[{"href":"https:\/\/moverdb.com\/pt\/wp-json\/wp\/v2\/media?parent=9523"}],"curies":[{"name":"wp","href":"https:\/\/api.w.org\/{rel}","templated":true}]}}