{"id":9518,"date":"2023-06-08T12:39:44","date_gmt":"2023-06-08T12:39:44","guid":{"rendered":"https:\/\/moverdb.com\/?page_id=9518"},"modified":"2026-01-08T15:24:25","modified_gmt":"2026-01-08T15:24:25","slug":"moving-companies-serbia","status":"publish","type":"page","link":"https:\/\/moverdb.com\/pt\/moving-companies\/moving-companies-serbia\/","title":{"rendered":"3 melhores empresas de mudan\u00e7as internacionais na S\u00e9rvia"},"content":{"rendered":"<p>Se estiver planejando uma mudan\u00e7a dentro, para ou da S\u00e9rvia, talvez esteja pensando em contratar os servi\u00e7os de um <a href=\"https:\/\/moverdb.com\/pt\/moving-companies\/\" data-internallinksmanager029f6b8e52c=\"79\" title=\"As 25 maiores empresas de mudan\u00e7as internacionais on-line\">empresa de mudan\u00e7as<\/a> para ajud\u00e1-lo com a embalagem, o transporte e a documenta\u00e7\u00e3o. Abaixo, compilamos uma lista de empresas s\u00e9rvias <a href=\"https:\/\/moverdb.com\/pt\/international-removals\/\" data-internallinksmanager029f6b8e52c=\"27\" title=\"36 melhores empresas de mudan\u00e7as internacionais no Reino Unido\">empresas de mudan\u00e7as<\/a> que s\u00e3o membros do <a href=\"https:\/\/moverdb.com\/pt\/iam\/\" data-internallinksmanager029f6b8e52c=\"23\" title=\"Associa\u00e7\u00e3o Internacional de Remotores (IAM) Explicado\">Associa\u00e7\u00e3o Internacional de Movers<\/a> (IAM) e\/ou <a href=\"https:\/\/moverdb.com\/pt\/fidi-faim\/\" data-internallinksmanager029f6b8e52c=\"16\" title=\"FIDI &amp; FAIM (FIDI Accredited International Mover) Explicado\">FIDI<\/a> Credenciado pela International Mover (FAIM), que poderia ajud\u00e1-lo com sua mudan\u00e7a.<\/p>\n<h2><strong>1. Realoca\u00e7\u00f5es nos B\u00e1lc\u00e3s<\/strong><\/h2>\n<p><img loading=\"lazy\" decoding=\"async\" class=\"alignnone size-full wp-image-9337\" src=\"https:\/\/moverdb.com\/wp-content\/uploads\/Balkan-Relocations-international-moving-company.png\" alt=\"Empresa de mudan\u00e7as internacionais Balkan Relocations\" width=\"1440\" height=\"677\" data-wp-pid=\"9337\" srcset=\"https:\/\/moverdb.com\/wp-content\/uploads\/Balkan-Relocations-international-moving-company.png 1440w, https:\/\/moverdb.com\/wp-content\/uploads\/Balkan-Relocations-international-moving-company-300x141.png 300w, https:\/\/moverdb.com\/wp-content\/uploads\/Balkan-Relocations-international-moving-company-1024x481.png 1024w, https:\/\/moverdb.com\/wp-content\/uploads\/Balkan-Relocations-international-moving-company-18x8.png 18w, https:\/\/moverdb.com\/wp-content\/uploads\/Balkan-Relocations-international-moving-company-600x282.png 600w\" sizes=\"auto, (max-width: 1440px) 100vw, 1440px\" \/><\/p>\n<ul>\n<li>Mudan\u00e7as locais<\/li>\n<li>Movimentos internacionais<\/li>\n<li>Mudan\u00e7as dom\u00e9sticas<\/li>\n<li>Movimentos corporativos<\/li>\n<li>Op\u00e7\u00f5es de embalagem<\/li>\n<li>Transporte terrestre, mar\u00edtimo e a\u00e9reo<\/li>\n<li>Servi\u00e7os alfandeg\u00e1rios<\/li>\n<li>Movimentos de animais<\/li>\n<li>Seguros<\/li>\n<li>Instala\u00e7\u00f5es de armazenamento<\/li>\n<\/ul>\n<p>A Balkan Relocations \u00e9 um servi\u00e7o de mudan\u00e7a, log\u00edstica e transporte que opera a partir de Belgrado. Eles fazem parte de uma rede global de agentes de mudan\u00e7as e parceiros de servi\u00e7os que os ajudam a prestar servi\u00e7os fora da S\u00e9rvia. Eles s\u00e3o membros da IAM com seis anos de servi\u00e7o.<\/p>\n<p>A Balkan Relocations oferece um servi\u00e7o de mudan\u00e7a porta a porta com op\u00e7\u00f5es de embalagem que incluem apenas embalagem fr\u00e1gil, auto-embalagem com fornecimento de materiais de embalagem e servi\u00e7o de embalagem completo. Eles oferecem transporte em todo o mundo por terra, mar ou ar, com assist\u00eancia alfandeg\u00e1ria e seguro. Tamb\u00e9m oferecem servi\u00e7os de instala\u00e7\u00e3o e montagem, mudan\u00e7as de animais de estima\u00e7\u00e3o, servi\u00e7os de realoca\u00e7\u00e3o e assist\u00eancia \u00e0 imigra\u00e7\u00e3o.<\/p>\n<p>Website: <a href=\"http:\/\/www.balkanrelocations.com\" target=\"_blank\" rel=\"noopener\">http:\/\/www.balkanrelocations.com<\/a><\/p>\n<h2><strong>2. Orphee Beinoglou<\/strong><\/h2>\n<p><img loading=\"lazy\" decoding=\"async\" class=\"alignnone size-full wp-image-9408\" src=\"https:\/\/moverdb.com\/wp-content\/uploads\/Orphee-Beinoglou-Serbia-international-moving-company.png\" alt=\"Orphee Beinoglou Empresa de mudan\u00e7as internacionais da S\u00e9rvia\" width=\"1440\" height=\"680\" data-wp-pid=\"9408\" srcset=\"https:\/\/moverdb.com\/wp-content\/uploads\/Orphee-Beinoglou-Serbia-international-moving-company.png 1440w, https:\/\/moverdb.com\/wp-content\/uploads\/Orphee-Beinoglou-Serbia-international-moving-company-300x142.png 300w, https:\/\/moverdb.com\/wp-content\/uploads\/Orphee-Beinoglou-Serbia-international-moving-company-1024x484.png 1024w, https:\/\/moverdb.com\/wp-content\/uploads\/Orphee-Beinoglou-Serbia-international-moving-company-18x9.png 18w, https:\/\/moverdb.com\/wp-content\/uploads\/Orphee-Beinoglou-Serbia-international-moving-company-600x283.png 600w\" sizes=\"auto, (max-width: 1440px) 100vw, 1440px\" \/><\/p>\n<ul>\n<li>Movimentos locais e nacionais<\/li>\n<li>Movimentos internacionais<\/li>\n<li>Mudan\u00e7as dom\u00e9sticas<\/li>\n<li>Mudan\u00e7as de escrit\u00f3rio<\/li>\n<li>Servi\u00e7o porta-a-porta<\/li>\n<li>Servi\u00e7o de embalagem<\/li>\n<li>Transporte mar\u00edtimo, a\u00e9reo e terrestre<\/li>\n<li>Desembara\u00e7o aduaneiro<\/li>\n<li>Seguros<\/li>\n<li>Servi\u00e7os de armazenagem<\/li>\n<\/ul>\n<p>A Orphee Beinoglou \u00e9 uma empresa de transporte de carga e log\u00edstica fundada em 1923 em <a href=\"https:\/\/moverdb.com\/pt\/moving-to-greece\/\" data-internallinksmanager029f6b8e52c=\"353\" title=\"Est\u00e1 se mudando para a Gr\u00e9cia? 2026 Custo de vida e dicas de realoca\u00e7\u00e3o\">Gr\u00e9cia<\/a> com subsidi\u00e1rias nos B\u00e1lc\u00e3s e no Mediterr\u00e2neo Oriental. Seu escrit\u00f3rio na S\u00e9rvia fica em Belgrado. Eles usam uma rede global para apoi\u00e1-los na presta\u00e7\u00e3o de servi\u00e7os em outros pa\u00edses. Eles s\u00e3o membros da IAM com quatro anos de servi\u00e7o.<\/p>\n<p>A Orphee Beinglou oferece um servi\u00e7o de mudan\u00e7a pessoal porta a porta com uma pesquisa antes da mudan\u00e7a para ajudar a planejar sua mudan\u00e7a. Eles fornecem um servi\u00e7o de embalagem usando materiais de embalagem especializados e equipes treinadas. Eles transportar\u00e3o seus pertences por mar, ar ou terra e ajudar\u00e3o no desembara\u00e7o aduaneiro antes de entregar seus pertences e ajudar a desempacot\u00e1-los.<\/p>\n<p>Website: <a href=\"https:\/\/orbit.rs\" target=\"_blank\" rel=\"noopener\">https:\/\/orbit.rs<\/a><\/p>\n<h2><strong>3. Vis\u00e3o 4 Log\u00edstica<\/strong><\/h2>\n<p><img loading=\"lazy\" decoding=\"async\" class=\"alignnone size-full wp-image-9444\" src=\"https:\/\/moverdb.com\/wp-content\/uploads\/Vision-4-Logistics-international-moving-company.png\" alt=\"Vision 4 Logistics empresa de mudan\u00e7as internacionais\" width=\"1440\" height=\"678\" data-wp-pid=\"9444\" srcset=\"https:\/\/moverdb.com\/wp-content\/uploads\/Vision-4-Logistics-international-moving-company.png 1440w, https:\/\/moverdb.com\/wp-content\/uploads\/Vision-4-Logistics-international-moving-company-300x141.png 300w, https:\/\/moverdb.com\/wp-content\/uploads\/Vision-4-Logistics-international-moving-company-1024x482.png 1024w, https:\/\/moverdb.com\/wp-content\/uploads\/Vision-4-Logistics-international-moving-company-18x8.png 18w, https:\/\/moverdb.com\/wp-content\/uploads\/Vision-4-Logistics-international-moving-company-600x283.png 600w\" sizes=\"auto, (max-width: 1440px) 100vw, 1440px\" \/><\/p>\n<ul>\n<li>Mudan\u00e7as locais<\/li>\n<li>Movimentos internacionais<\/li>\n<li>Mudan\u00e7as dom\u00e9sticas<\/li>\n<li>Movimentos corporativos<\/li>\n<li>Servi\u00e7o porta-a-porta<\/li>\n<li>Frete mar\u00edtimo, rodovi\u00e1rio, ferrovi\u00e1rio e a\u00e9reo<\/li>\n<li>Escolha de op\u00e7\u00f5es de carga<\/li>\n<li>Despachos aduaneiros<\/li>\n<li>Seguro contra todos os riscos<\/li>\n<li>Instala\u00e7\u00f5es de armazenamento<\/li>\n<\/ul>\n<p>A Vision 4 Logistics \u00e9 uma empresa de agenciamento de cargas criada em 2018 e sediada em Belgrado. A empresa oferece mudan\u00e7as internacionais por meio de sua rede de agentes selecionados em todo o mundo. Eles s\u00e3o membros da IAM com cinco anos de servi\u00e7o.<\/p>\n<p>A Vision 4 Logistics oferece servi\u00e7os de mudan\u00e7a porta a porta para mudan\u00e7as locais e internacionais. Eles t\u00eam uma equipe profissional e equipamentos projetados para ajud\u00e1-los na mudan\u00e7a de resid\u00eancias e clientes corporativos. Oferece transporte ferrovi\u00e1rio, a\u00e9reo, rodovi\u00e1rio e mar\u00edtimo que inclui cargas completas de cont\u00eaineres, cargas inferiores a cont\u00eaineres, cargas completas de caminh\u00f5es e cargas inferiores a caminh\u00f5es. Eles oferecem seguro contra todos os riscos como medida preventiva.<\/p>\n<p>Website: <a href=\"http:\/\/www.v4l.rs\" target=\"_blank\" rel=\"noopener\">http:\/\/www.v4l.rs<\/a><\/p>","protected":false},"excerpt":{"rendered":"<p>If you are planning a move within, to or from Serbia, you may be considering employing the services of a moving company to assist you with packing, transportation and documentation. Below we have compiled a list of Serbian removal companies that are members of the International Association of Movers (IAM) and\/or FIDI Accredited International Mover [&hellip;]<\/p>\n","protected":false},"author":4,"featured_media":9337,"parent":190,"menu_order":0,"comment_status":"closed","ping_status":"closed","template":"","meta":{"_genesis_hide_title":false,"_genesis_hide_breadcrumbs":false,"_genesis_hide_singular_image":false,"_genesis_hide_footer_widgets":false,"_genesis_custom_body_class":"","_genesis_custom_post_class":"","_genesis_layout":"","footnotes":""},"class_list":{"0":"post-9518","1":"page","2":"type-page","3":"status-publish","4":"has-post-thumbnail","6":"entry"},"_links":{"self":[{"href":"https:\/\/moverdb.com\/pt\/wp-json\/wp\/v2\/pages\/9518","targetHints":{"allow":["GET"]}}],"collection":[{"href":"https:\/\/moverdb.com\/pt\/wp-json\/wp\/v2\/pages"}],"about":[{"href":"https:\/\/moverdb.com\/pt\/wp-json\/wp\/v2\/types\/page"}],"author":[{"embeddable":true,"href":"https:\/\/moverdb.com\/pt\/wp-json\/wp\/v2\/users\/4"}],"replies":[{"embeddable":true,"href":"https:\/\/moverdb.com\/pt\/wp-json\/wp\/v2\/comments?post=9518"}],"version-history":[{"count":1,"href":"https:\/\/moverdb.com\/pt\/wp-json\/wp\/v2\/pages\/9518\/revisions"}],"predecessor-version":[{"id":9519,"href":"https:\/\/moverdb.com\/pt\/wp-json\/wp\/v2\/pages\/9518\/revisions\/9519"}],"up":[{"embeddable":true,"href":"https:\/\/moverdb.com\/pt\/wp-json\/wp\/v2\/pages\/190"}],"wp:featuredmedia":[{"embeddable":true,"href":"https:\/\/moverdb.com\/pt\/wp-json\/wp\/v2\/media\/9337"}],"wp:attachment":[{"href":"https:\/\/moverdb.com\/pt\/wp-json\/wp\/v2\/media?parent=9518"}],"curies":[{"name":"wp","href":"https:\/\/api.w.org\/{rel}","templated":true}]}}