{"id":945,"date":"2016-09-03T20:39:51","date_gmt":"2016-09-03T20:39:51","guid":{"rendered":"http:\/\/moverdb.com\/?page_id=945"},"modified":"2026-01-08T14:48:12","modified_gmt":"2026-01-08T14:48:12","slug":"dt-moving","status":"publish","type":"page","link":"https:\/\/moverdb.com\/pt\/dt-moving\/","title":{"rendered":"DT Moving: Revis\u00f5es de Mudan\u00e7as e Mudan\u00e7as Internacionais"},"content":{"rendered":"<p>DT Moving \u00e9 um <a href=\"https:\/\/moverdb.com\/pt\/moving-to-the-uk\/\" data-internallinksmanager029f6b8e52c=\"93\" title=\"Mudando-se para o Reino Unido? 2026 Custos de Vida e Dicas de Reloca\u00e7\u00e3o\">REINO UNIDO<\/a> sediada em <a href=\"https:\/\/moverdb.com\/pt\/moving-companies\/\" data-internallinksmanager029f6b8e52c=\"79\" title=\"As 25 maiores empresas de mudan\u00e7as internacionais on-line\">empresa de mudan\u00e7as internacionais<\/a> que oferece a seus clientes uma gama completa de servi\u00e7os que est\u00e3o listados abaixo, juntamente com um perfil de empresa e revis\u00f5es.<\/p>\n<p><strong><a href=\"https:\/\/moverdb.com\/pt\/international-removals\/\" data-internallinksmanager029f6b8e52c=\"27\" title=\"36 melhores empresas de mudan\u00e7as internacionais no Reino Unido\">Mudan\u00e7as internacionais<\/a><\/strong><\/p>\n<ul>\n<li> Levantamento pr\u00e9-movimento, cota\u00e7\u00e3o e recursos<\/li>\n<li> Embalagem na resid\u00eancia<\/li>\n<li> Transporte a\u00e9reo, mar\u00edtimo ou rodovi\u00e1rio<\/li>\n<li> Seguro organizado<\/li>\n<li> Servi\u00e7o cont\u00ednuo, incluindo um gerente de mudan\u00e7as e um servi\u00e7o de rastreamento<\/li>\n<li> Entrega \u00e0 resid\u00eancia<\/li>\n<li> Descarregue sua mercadoria do container \/ caminh\u00e3o \/ caixa e coloque-os na sala de sua escolha<\/li>\n<li> Colocar materiais de prote\u00e7\u00e3o para cuidar de pisos e paredes quando necess\u00e1rio<\/li>\n<li> Verificar cada item entregue em rela\u00e7\u00e3o ao estoque de embalagem original (para contabilizar cada pacote)<\/li>\n<li> Desembrulhar todos os materiais de papel, estofamento e embalagem de papel\u00e3o e, em seguida, remover para reciclagem<\/li>\n<li> Remonte qualquer item pr\u00e9-indicado para voc\u00ea, o que significa menos uma coisa com que se preocupar. Tamb\u00e9m podemos providenciar um homem pr\u00e1tico para ajudar com trabalho extra, se voc\u00ea precisar<\/li>\n<li> Permitir que voc\u00ea verifique o estoque, item por item, e assine quando estiver satisfeito com a entrega<\/li>\n<li> Desembara\u00e7o aduaneiro<\/li>\n<\/ul>\n<p><strong>Servi\u00e7os de destino<\/strong><\/p>\n<ul>\n<li> Busca de aluguel de casa<\/li>\n<li> Busca de escolas<\/li>\n<li> Visita de orienta\u00e7\u00e3o<\/li>\n<li> Instalando-se em<\/li>\n<li> Treinamento cultural<\/li>\n<li> Apoio Esponsal<\/li>\n<li> Aluguel de m\u00f3veis<\/li>\n<li> Alojamento tempor\u00e1rio<\/li>\n<li> Servi\u00e7os de partida<\/li>\n<li> Assessoria tribut\u00e1ria e de imigra\u00e7\u00e3o<\/li>\n<\/ul>\n<p><strong>Belas Artes e Antiguidades<\/strong><\/p>\n<ul>\n<li> Servi\u00e7o sob medida para cada cliente<\/li>\n<li> Servi\u00e7o de consultoria<\/li>\n<li> Organizar hot\u00e9is, etc. para compra\/entrega de viagem<\/li>\n<li> Cole\u00e7\u00e3o de antiguidades<\/li>\n<li> Servi\u00e7o de embalagem<\/li>\n<li> Expedi\u00e7\u00e3o<\/li>\n<li> Seguros<\/li>\n<\/ul>\n<p><strong>Armazenamento<\/strong><\/p>\n<ul>\n<li> Reino Unido e <a href=\"https:\/\/moverdb.com\/pt\/moving-to-france\/\" data-internallinksmanager029f6b8e52c=\"315\" title=\"Est\u00e1 se mudando para a Fran\u00e7a? 2026 Custo de vida e dicas de realoca\u00e7\u00e3o\">Fran\u00e7a<\/a> - armazenagem de curto e longo prazo em recipientes de armazenagem especialmente constru\u00eddos<\/li>\n<li> Seguran\u00e7a 24 horas e acesso codificado<\/li>\n<li> Temperatura controlada<\/li>\n<li> Sistema de preven\u00e7\u00e3o de inc\u00eandio e aspersores armados<\/li>\n<li> Resto do mundo - os parceiros da rede fornecer\u00e3o armazenamento seguro<\/li>\n<\/ul>\n<p><strong>Servi\u00e7os Auxiliares<\/strong><\/p>\n<ul>\n<li> Faz-tudo (desmontagem e montagem de m\u00f3veis, equipamentos, prateleiras, outros itens)<\/li>\n<li> Pendurar imagem<\/li>\n<li> Crating especial (para itens fr\u00e1geis ou de alto valor)<\/li>\n<li> Limpeza da casa<\/li>\n<li> Servi\u00e7o de camareira (desembalagem, lavagem, arruma\u00e7\u00e3o de <a href=\"https:\/\/moverdb.com\/pt\/moving-to-china\/\" data-internallinksmanager029f6b8e52c=\"357\" title=\"Est\u00e1 se mudando para a China? 2026 Custo de vida e dicas de realoca\u00e7\u00e3o\">porcelana<\/a>(vidro, roupas, roupas, artigos dom\u00e9sticos diversos)<\/li>\n<li> Eletricista ou Encanador<\/li>\n<li> Desinstala\u00e7\u00e3o e instala\u00e7\u00e3o da antena de TV via sat\u00e9lite<\/li>\n<li> Remo\u00e7\u00e3o \"segura\" de especialistas<\/li>\n<li> Remo\u00e7\u00e3o e reinstala\u00e7\u00e3o de esquadrias de janelas e portas<\/li>\n<li> Elevador externo (guindaste especializado) para acesso \u00e0 resid\u00eancia via janela do andar superior ou varanda<\/li>\n<li> Aluguel de M\u00f3veis<\/li>\n<li> Restaura\u00e7\u00e3o e reparo de m\u00f3veis<\/li>\n<li> Armazenamento de carros<\/li>\n<\/ul>\n<h2>Perfil da empresa DT Moving<\/h2>\n<p>A DT Moving era conhecida anteriormente como David Turner Worldwide Movers e tem movido pessoas ao redor do mundo desde 1870. A fam\u00edlia fundadora ainda est\u00e1 envolvida no neg\u00f3cio que movimenta empresas e pessoas f\u00edsicas de alto perfil em todo o mundo. <\/p>\n<p>A DT Moving tem escrit\u00f3rios em ambos <a href=\"https:\/\/moverdb.com\/pt\/moving-to-london\/\">Londres<\/a> e <a href=\"https:\/\/moverdb.com\/pt\/moving-to-france\/moving-to-paris\/\" data-internallinksmanager029f6b8e52c=\"407\" title=\"Est\u00e1 se mudando para Paris? 2026 Custo de vida e dicas de realoca\u00e7\u00e3o\">Paris<\/a>. Eles se orgulham de sua experi\u00eancia e integridade e dizem que o tempo m\u00e9dio de servi\u00e7o de cada um de seus funcion\u00e1rios \u00e9 de cerca de 15 anos. Os valores da empresa incluem qualidade de servi\u00e7o, responsabilidade, conformidade e aprimoramento cont\u00ednuo.<\/p>\n<p>DT Moving diz que tinha um <strong>97% satisfa\u00e7\u00e3o do cliente<\/strong> para 2015, que foi superior ao 95% em 2014.<\/p>\n<p>A DT Moving possui as seguintes credencia\u00e7\u00f5es e afilia\u00e7\u00f5es:<\/p>\n<ul>\n<li> FAIMPLUS credenciada; auditada de forma independente pela Ernst &amp; Young<\/li>\n<li> Certificado ISO 9001-2008, incluindo BS EN 12522\/1 BS EN 12522\/2<\/li>\n<li> Membro fundador da OMNI (The Overseas Moving Network International)<\/li>\n<li> <a href=\"https:\/\/moverdb.com\/pt\/fidi-faim\/\">FIDI<\/a> afiliada desde 1950 (F\u00e9d\u00e9ration Internationale des D\u00e9m\u00e9nageurs Internationaux)<\/li>\n<li> C-TPAT inspecionada por <a href=\"https:\/\/moverdb.com\/pt\/moving-to-the-united-states\/\" data-internallinksmanager029f6b8e52c=\"94\" title=\"Mudando-se para os Estados Unidos? 2026 Custos de Vida e Dicas de Reloca\u00e7\u00e3o\">US<\/a> alf\u00e2ndega<\/li>\n<li> Membro autorizado do The <a href=\"https:\/\/moverdb.com\/pt\/british-association-of-removers\/\">Associa\u00e7\u00e3o Brit\u00e2nica de Removedores<\/a>DBA, a <a href=\"https:\/\/moverdb.com\/pt\/mtc\/\">Clube de Negocia\u00e7\u00e3o Movers<\/a> (<a href=\"https:\/\/moverdb.com\/pt\/mtc\/\" data-internallinksmanager029f6b8e52c=\"30\" title=\"Movers Trading Club (MTC) Explicado\">MTC<\/a>)<\/li>\n<li> Membro de <a href=\"https:\/\/moverdb.com\/pt\/eura\/\">EuRA<\/a> (O <a href=\"https:\/\/moverdb.com\/pt\/eura\/\" data-internallinksmanager029f6b8e52c=\"13\" title=\"Associa\u00e7\u00e3o Europ\u00e9ia de Deslocaliza\u00e7\u00e3o (EuRA) Explicada\">Associa\u00e7\u00e3o Europ\u00e9ia de Deslocaliza\u00e7\u00e3o<\/a>)<\/li>\n<li> Membro de <a href=\"https:\/\/moverdb.com\/pt\/associacao-relocacao-profissionais\/\">ARP<\/a> (O <a href=\"https:\/\/moverdb.com\/pt\/association-relocation-professionals\/\" data-internallinksmanager029f6b8e52c=\"6\" title=\"Associa\u00e7\u00e3o de Profissionais de Reloca\u00e7\u00e3o (ARP) Explicada\">Associa\u00e7\u00e3o de Profissionais de Deslocaliza\u00e7\u00e3o<\/a>)<\/li>\n<li> Membro de <a href=\"https:\/\/moverdb.com\/pt\/iam\/\">IAM<\/a> (<a href=\"https:\/\/moverdb.com\/pt\/iam\/\" data-internallinksmanager029f6b8e52c=\"23\" title=\"Associa\u00e7\u00e3o Internacional de Remotores (IAM) Explicado\">Associa\u00e7\u00e3o Internacional de Movers<\/a>)<\/li>\n<li> Membro de <a href=\"https:\/\/moverdb.com\/pt\/lacma\/\">LACMA<\/a> (Associa\u00e7\u00e3o Latino-Americana e Caribenha de Movimentos)<\/li>\n<li> Membro de <a href=\"https:\/\/moverdb.com\/pt\/conselho-de-funcionarios-relocacao\/\">ERC mundial<\/a> (The Workforce Mobility Association)<\/li>\n<li> Primeira vez <a href=\"https:\/\/moverdb.com\/pt\/fidi-faim\/\" data-internallinksmanager029f6b8e52c=\"16\" title=\"FIDI &amp; FAIM (FIDI Accredited International Mover) Explicado\">FAIM<\/a> Organiza\u00e7\u00e3o acreditada ISO (agora FAIMPLUS)<\/li>\n<\/ul>\n<h2>DT Moving Reviews<\/h2>\n<p><strong>Positivo<\/strong><\/p>\n<ul>\n<li> <em>\"Eles foram incrivelmente profissionais, educados, r\u00e1pidos e eficientes. Explicaram tudo e n\u00e3o consigo imaginar como eles poderiam ter tornado a experi\u00eancia mais suave\".<\/em> - Z. COHEN via DT Moving <a href=\"http:\/\/www.dtmoving.com\/about-us\/what-our-customers-say\" target=\"_blank\" rel=\"noopener\">O que dizem nossos clientes<\/a>.<\/li>\n<li> \u201c<em>Acabei de me mudar de Londres para <a href=\"https:\/\/moverdb.com\/pt\/movendo-se-para-anyc\/\">Nova Iorque<\/a> e ficou altamente impressionado com o servi\u00e7o de mudan\u00e7a do in\u00edcio ao fim. O que poderia ter sido um momento muito estressante foi feito muito f\u00e1cil\".<\/em> - Qype user, Dan via <a href=\"https:\/\/www.yelp.co.uk\/biz\/dt-moving-london?hrid=_lnG2UpJr3NSw73UR115Pw&#038;utm_campaign=www_review_share_popup&#038;utm_medium=copy_link&#038;utm_source=(direct)\" target=\"_blank\" rel=\"noopener\">Yelp<\/a><\/li>\n<li> \"DT Moving foram excelentes do in\u00edcio ao fim\". - MCalder via <a href=\"https:\/\/www.yell.com\/biz\/dt-moving-mitcham-3825953\/\" target=\"_blank\" rel=\"noopener\">Grita<\/a><\/li>\n<li> \"Esta \u00e9 a terceira vez que eu e meu marido nos mudamos para o trabalho e este foi o melhor servi\u00e7o at\u00e9 agora\". - Chris via <a href=\"http:\/\/www.allinlondon.co.uk\/directory\/1318\/74781.php\" target=\"_blank\" rel=\"noopener\">Tudo em Londres<\/a>.<\/li>\n<\/ul>\n<p><strong>Negativo<\/strong><\/p>\n<p><em>N\u00e3o conseguimos encontrar nenhuma revis\u00e3o negativa online<\/em>.<\/p>\n<div itemprop=\"review\" itemscope itemtype=\"http:\/\/schema.org\/Review\">\n<span itemprop=\"author\" itemscope=\"\" itemtype=\"http:\/\/schema.org\/Organization\"><span itemprop=\"name\">MoverDB.com<\/span><\/span> Revis\u00e3o do site on-line para <span itemprop=\"itemreviewed\" itemscope=\"\" itemtype=\"http:\/\/schema.org\/Brand\"><span itemprop=\"name\">DT Moving<\/span><\/span>:<\/p>\n<ol>\n<li> Detalhes claros de contato no website (incluindo n\u00famero de telefone): <strong>Sim<\/strong><\/li>\n<li> F\u00e1cil de obter <a href=\"https:\/\/moverdb.com\/pt\/citacoes\/\">cita\u00e7\u00f5es de mudan\u00e7as internacionais<\/a>? (Formul\u00e1rio de solicita\u00e7\u00e3o de or\u00e7amento on-line): <strong>Sim<\/strong><\/li>\n<li> Informa\u00e7\u00f5es claras no site: <strong>Sim,<\/strong> O site \u00e9 bastante abrangente, dando aos potenciais clientes uma boa id\u00e9ia do que a empresa pode oferecer.<\/li>\n<li> Participa\u00e7\u00e3o em organiza\u00e7\u00f5es internacionais de mudan\u00e7as reconhecidas internacionalmente: <strong>Sim<\/strong>ver acima.<\/li>\n<li> Lista de clientes e\/ou depoimentos de clientes anteriores: <strong>Sim,<\/strong>aqui est\u00e3o muitos depoimentos de clientes no site e outras revis\u00f5es on-line s\u00e3o positivas.<\/li>\n<\/ol>\n<div itemprop=\"reviewRating\" itemscope itemtype=\"http:\/\/schema.org\/Rating\"><meta itemprop=\"worstRating\" content = \"0\" \/><meta itemprop=\"bestRating\" content=\"5\" \/><meta itemprop=\"ratingValue\" content=\"5\"><\/div>\n<p><strong>Nota geral: 5\/5<\/strong><br \/>\n<strong>Data de revis\u00e3o:<\/strong> <span itemprop=\"datePublished\" content=\"2016-09-03\">03\/09\/2016<\/span>\n<\/div>\n<p>Saiba mais sobre <a href=\"https:\/\/moverdb.com\/pt\/remocoes-internacionais\/\">mudan\u00e7as internacionais<\/a> e nosso <a href=\"https:\/\/moverdb.com\/pt\/criticas\/\">processo de revis\u00e3o<\/a>.<\/p>\n<p><strong>Website:<\/strong> <a href=\"http:\/\/www.dtmoving.com\" target=\"_blank\" rel=\"noopener\">http:\/\/www.dtmoving.com<\/a><\/p>","protected":false},"excerpt":{"rendered":"<p>DT Moving is a UK based international moving company which offers its clients a full range of services which are listed below, together with a company profile and reviews. International Removals Pre-move survey, quotation and resources Packing at residence Transport by air, sea or road Insurance arranged Ongoing service including a move manager and a [&hellip;]<\/p>\n","protected":false},"author":1,"featured_media":0,"parent":0,"menu_order":0,"comment_status":"closed","ping_status":"closed","template":"","meta":{"_genesis_hide_title":false,"_genesis_hide_breadcrumbs":false,"_genesis_hide_singular_image":false,"_genesis_hide_footer_widgets":false,"_genesis_custom_body_class":"","_genesis_custom_post_class":"","_genesis_layout":"","footnotes":""},"class_list":{"0":"post-945","1":"page","2":"type-page","3":"status-publish","5":"entry"},"_links":{"self":[{"href":"https:\/\/moverdb.com\/pt\/wp-json\/wp\/v2\/pages\/945","targetHints":{"allow":["GET"]}}],"collection":[{"href":"https:\/\/moverdb.com\/pt\/wp-json\/wp\/v2\/pages"}],"about":[{"href":"https:\/\/moverdb.com\/pt\/wp-json\/wp\/v2\/types\/page"}],"author":[{"embeddable":true,"href":"https:\/\/moverdb.com\/pt\/wp-json\/wp\/v2\/users\/1"}],"replies":[{"embeddable":true,"href":"https:\/\/moverdb.com\/pt\/wp-json\/wp\/v2\/comments?post=945"}],"version-history":[{"count":8,"href":"https:\/\/moverdb.com\/pt\/wp-json\/wp\/v2\/pages\/945\/revisions"}],"predecessor-version":[{"id":6201,"href":"https:\/\/moverdb.com\/pt\/wp-json\/wp\/v2\/pages\/945\/revisions\/6201"}],"wp:attachment":[{"href":"https:\/\/moverdb.com\/pt\/wp-json\/wp\/v2\/media?parent=945"}],"curies":[{"name":"wp","href":"https:\/\/api.w.org\/{rel}","templated":true}]}}