{"id":944,"date":"2016-09-04T13:58:08","date_gmt":"2016-09-04T13:58:08","guid":{"rendered":"http:\/\/moverdb.com\/?page_id=944"},"modified":"2026-01-08T14:48:19","modified_gmt":"2026-01-08T14:48:19","slug":"excess-international-moversores","status":"publish","type":"page","link":"https:\/\/moverdb.com\/pt\/excess-international-movers\/","title":{"rendered":"Excesso de Capacita\u00e7\u00e3o Internacional: Revis\u00f5es de Mudan\u00e7as Internacionais"},"content":{"rendered":"<p>A Excess International Movers oferece a clientes corporativos, indiv\u00edduos e fam\u00edlias uma ampla gama de servi\u00e7os que est\u00e3o listados abaixo. Tamb\u00e9m segue um perfil e revis\u00f5es da empresa.<\/p>\n<p><strong><a href=\"https:\/\/moverdb.com\/pt\/international-removals\/\" data-internallinksmanager029f6b8e52c=\"27\" title=\"36 melhores empresas de mudan\u00e7as internacionais no Reino Unido\">Mudan\u00e7as internacionais<\/a><\/strong><\/p>\n<ul>\n<li> A\u00e9reo, mar\u00edtimo ou rodovi\u00e1rio<\/li>\n<li> Servi\u00e7o porta a porta<\/li>\n<li> Servi\u00e7o dedicado \u00e0s relocaliza\u00e7\u00f5es internacionais<\/li>\n<li> Um coordenador de mudan\u00e7as para organizar mudan\u00e7as do in\u00edcio ao fim e responder a qualquer d\u00favida<\/li>\n<li> Empacotadores e transportadores para embalar os bens nos melhores materiais de embalagem aprovados pela ind\u00fastria - tamb\u00e9m fornecidos pela Excess International Movers<\/li>\n<li> Remo\u00e7\u00f5es carregadas em <a href=\"https:\/\/moverdb.com\/pt\/transporte-de-conteineres\/\">cont\u00eainer mar\u00edtimo<\/a> ou levado para ser carregado em embarca\u00e7\u00f5es a\u00e9reas<\/li>\n<li> Mercadorias desembara\u00e7adas, entregues e descarregadas em sua nova casa, escrit\u00f3rio, hotel ou outro local final - ou disponibilizadas para coleta no aeroporto escolhido<\/li>\n<li> Taxas de mudan\u00e7as internacionais, desembara\u00e7o aduaneiro e taxas de terminais<\/li>\n<\/ul>\n<p><strong>Mudan\u00e7as europ\u00e9ias<\/strong><\/p>\n<ul>\n<li> Servi\u00e7o porta a porta<\/li>\n<li> Servi\u00e7o direto dedicado. Seus pertences s\u00e3o embalados em sua casa e carregados e transportados diretamente para sua nova casa na Europa. Voc\u00ea seleciona a data de entrega para atender \u00e0s suas necessidades. <\/li>\n<li> Carga compartilhada. Adequado se voc\u00ea quiser transportar mercadorias em remessas menores, onde o prazo \u00e9 de menor import\u00e2ncia. Embora ainda oferecendo aos clientes uma data fixa para coleta, \u00e9 fornecido um prazo de entrega antes da coleta e a data de entrega \u00e9 confirmada uma vez que o cronograma de carga compartilhada \u00e9 finalizado.<\/li>\n<li> Um coordenador de mudan\u00e7as dedicado a responder a consultas e organizar mudan\u00e7as da UE do in\u00edcio ao fim<\/li>\n<li> Mudan\u00e7as na Europa, incluindo servi\u00e7o de embalagem profissional utilizando materiais de embalagem aprovados pela ind\u00fastria para garantir que seus pertences estejam seguros em tr\u00e2nsito.<\/li>\n<li> Remo\u00e7\u00f5es coletadas, entregues e depois desempacotadas em sua nova casa com todo o conte\u00fado posicionado conforme necess\u00e1rio.<\/li>\n<\/ul>\n<p><strong>Servi\u00e7os de armazenagem<\/strong><\/p>\n<ul>\n<li> Seguran\u00e7a 24 horas<\/li>\n<li> O acesso \u00e0s mercadorias requer aviso pr\u00e9vio e pode incorrer em uma taxa adicional<\/li>\n<li> Descontos de armazenamento para estudantes<\/li>\n<li> Armazenagem em cont\u00eaineres<\/li>\n<\/ul>\n<p><strong>Servi\u00e7os aos estudantes<\/strong><\/p>\n<ul>\n<li> Mini-movimentos especiais com desconto<\/li>\n<li> Op\u00e7\u00e3o de armazenamento especial com desconto de 5 caixas<\/li>\n<li> Estudante <a href=\"https:\/\/moverdb.com\/pt\/empresas-de-transporte-maritimo\/\">transporte internacional<\/a><\/li>\n<\/ul>\n<p><strong>Servi\u00e7os adicionais<\/strong><\/p>\n<ul>\n<li> Transporte de bagagens<\/li>\n<li> Bagagem desacompanhada<\/li>\n<li> Excesso de bagagem<\/li>\n<li> <a href=\"https:\/\/moverdb.com\/pt\/transporte-de-carro-transporte-embarque\/\">Envio de ve\u00edculos<\/a><\/li>\n<li> Mudan\u00e7as Corporativas<\/li>\n<li> Transporte de belas artes<\/li>\n<li> Importa\u00e7\u00f5es<\/li>\n<\/ul>\n<h2>Excesso de Perfil de Empresa Internacional de Movimenta\u00e7\u00e3o<\/h2>\n<p>A Excess International Movers existe h\u00e1 mais de 30 anos e lida com mais de 50.000 remessas por ano tanto internacionalmente como localmente. Eles dizem que podem lidar com qualquer tamanho de movimento e o far\u00e3o dentro de qualquer per\u00edodo de tempo razo\u00e1vel. A Excess International Movers alega enviar para mais de 25.000 destinos ao redor do mundo.<\/p>\n<p>A empresa cobre todos os aspectos de uma mudan\u00e7a para o exterior, desde a cota\u00e7\u00e3o inicial at\u00e9 o estabelecimento em servi\u00e7os no pa\u00eds de destino. Eles fornecem solu\u00e7\u00f5es de remessa para indiv\u00edduos, fam\u00edlias e empresas, incluindo muitas empresas blue chip de alto perfil.<\/p>\n<p>Excesso de credenciamentos e filia\u00e7\u00f5es da International Movers:<\/p>\n<ul>\n<li> <a href=\"https:\/\/moverdb.com\/pt\/british-association-of-removers\/\">A Associa\u00e7\u00e3o Brit\u00e2nica de Removedores<\/a> (<a href=\"https:\/\/moverdb.com\/pt\/british-association-of-removers\/\" data-internallinksmanager029f6b8e52c=\"9\" title=\"Associa\u00e7\u00e3o Brit\u00e2nica de Removers (BAR) Explicada\">BAR<\/a>)<\/li>\n<li> <a href=\"https:\/\/moverdb.com\/pt\/fidi-faim\/\">A Federa\u00e7\u00e3o Internacional de M\u00f3veis de Mudan\u00e7a<\/a> (<a href=\"https:\/\/moverdb.com\/pt\/fidi-faim\/\" data-internallinksmanager029f6b8e52c=\"16\" title=\"FIDI &amp; FAIM (FIDI Accredited International Mover) Explicado\">FIDI<\/a>)<\/li>\n<li> <a href=\"https:\/\/moverdb.com\/pt\/hgfaa\/\">Associa\u00e7\u00e3o de Transit\u00e1rios de Bens Dom\u00e9sticos da Am\u00e9rica<\/a> (HHGFAA)<\/li>\n<li> <a href=\"https:\/\/moverdb.com\/pt\/fidi-faim\/\">FAIM Plus<\/a><\/li>\n<li> <a href=\"https:\/\/moverdb.com\/pt\/mtc\/\">O Clube Comercial Movers<\/a> (<a href=\"https:\/\/moverdb.com\/pt\/mtc\/\" data-internallinksmanager029f6b8e52c=\"30\" title=\"Movers Trading Club (MTC) Explicado\">MTC<\/a>)<\/li>\n<li> O <a href=\"https:\/\/moverdb.com\/pt\/iam\/\">Associa\u00e7\u00e3o Internacional de Movers<\/a> (<a href=\"https:\/\/moverdb.com\/pt\/iam\/\" data-internallinksmanager029f6b8e52c=\"23\" title=\"Associa\u00e7\u00e3o Internacional de Remotores (IAM) Explicado\">IAM<\/a>)<\/li>\n<li> ISO 9001<\/li>\n<\/ul>\n<h2>Excesso de revis\u00f5es internacionais deoversores<\/h2>\n<p><strong>Positivo<\/strong><\/p>\n<ul>\n<li> <em>\"Desde o in\u00edcio foi um prazer fazer neg\u00f3cios com a Excess Internationl Movers\". Eles t\u00eam um pre\u00e7o muito razo\u00e1vel e guiam voc\u00ea atrav\u00e9s do processo. A coleta e a entrega foram perfeitas e eu n\u00e3o poderia estar mais feliz com o servi\u00e7o. Altamente recomend\u00e1vel\".<\/em> - Sra. Sophie Hay via <a href=\"http:\/\/www.excess-international.com\/reviews\" target=\"_blank\" rel=\"noopener\">p\u00e1gina de revis\u00e3o da empresa<\/a><\/li>\n<li> <em>\"Brilhante servi\u00e7o de cita\u00e7\u00e3o para envio\". N\u00f3s recomendar\u00edamos muito esta empresa\".<\/em> - Lisa via <a href=\"https:\/\/uk.trustpilot.com\/reviews\/57bc88a00000ff00097f3cfc\" target=\"_blank\" rel=\"noopener\">Trustpilot<\/a>.<\/li>\n<li> <em>\"Recentemente nos mudamos do <a href=\"https:\/\/moverdb.com\/pt\/moving-to-the-uk\/\" data-internallinksmanager029f6b8e52c=\"93\" title=\"Mudando-se para o Reino Unido? 2026 Custos de Vida e Dicas de Reloca\u00e7\u00e3o\">REINO UNIDO<\/a> para <a href=\"https:\/\/moverdb.com\/pt\/moving-to-canada\/\" data-internallinksmanager029f6b8e52c=\"265\" title=\"Mudan\u00e7a para o Canad\u00e1? 2026 Custos de Vida e Dicas de Reloca\u00e7\u00e3o\">Canad\u00e1<\/a>e a Excess International tornou todo o processo muito indolor. A cota\u00e7\u00e3o muito precisa (o custo final chegou a ser um pouco menor que a cota\u00e7\u00e3o original, o que foi bom - sem surpresas desagrad\u00e1veis no \u00faltimo minuto), os empacotadores fizeram um \u00f3timo trabalho, e \u00c1tila ficou feliz em responder qualquer pergunta que tiv\u00e9ssemos\".<\/em> - via <a href=\"http:\/\/www.reviewcentre.com\/Removal-Companies\/Excess-International-Movers-www-excess-international-com-review_2391382\" target=\"_blank\" rel=\"noopener\">Centro de Revis\u00e3o<\/a><\/li>\n<li> <em>\"Os homens que vieram para fazer a mudan\u00e7a e a embalagem da casa eram absolutamente #1 - primeira classe com tudo, trabalhadores dedicados e muito corteses\".<\/em> - Anton via <a href=\"http:\/\/www.shipping-international.com\/companies\/excess-international-movers.html\" target=\"_blank\" rel=\"noopener\">Shipping-International.com<\/a><\/li>\n<\/ul>\n<p><strong>Negativo<\/strong><\/p>\n<ul>\n<li> <em>\"Sentimos que t\u00ednhamos tomado uma boa decis\u00e3o depois de receber algumas cita\u00e7\u00f5es, mas infelizmente as coisas n\u00e3o sa\u00edram como o esperado\".<\/em> - Lee\/Mrs Alexandria via <a href=\"https:\/\/uk.trustpilot.com\/reviews\/57b38afd0000ff00097cab0e\" target=\"_blank\" rel=\"noopener\">Trustpilot<\/a><\/li>\n<li> <em>\"Ainda temos um problema que remonta ao in\u00edcio do ano (2015) com a EIM, quando nosso cont\u00eainer chegou \u00e0 NZ vindo do Reino Unido. O pessoal da EIM no Reino Unido tapou um buraco no teto do cont\u00eainer com sua pr\u00f3pria fita adesiva de embalagem\".<\/em> - Robert Snijders via <a href=\"http:\/\/www.removalreviews.co.uk\/movingreviews\/move-from-uk-to-nz-10229\" target=\"_blank\" rel=\"noopener\">Revis\u00f5es de remo\u00e7\u00e3o<\/a><\/li>\n<li> <em>\"Servi\u00e7o pat\u00e9tico e nenhuma comunica\u00e7\u00e3o adequada\". Eu n\u00e3o recomendaria o uso desses caras de forma alguma. Minha intera\u00e7\u00e3o tem sido altamente decepcionante e frustrante\".<\/em> - via <a href=\"http:\/\/www.reviewcentre.com\/Removal-Companies\/Excess-International-Movers-www-excess-international-com-review_3918175\" target=\"_blank\" rel=\"noopener\">Centro de Revis\u00e3o<\/a><\/li>\n<li> <em>\"Uma empresa absolutamente horr\u00edvel de se lidar, era como lidar com um cobrador de d\u00edvidas falando com eles ao telefone\". \u2013<br \/>\nB. via <a href=\"https:\/\/www.yelp.co.uk\/biz\/excess-international-movers-london-2?hrid=gh9RC6mlebc__fP5wR0Q8g&#038;utm_campaign=www_review_share_popup&#038;utm_medium=copy_link&#038;utm_source=(direct)\" target=\"_blank\" rel=\"noopener\">Yelp<\/a><\/em><\/li>\n<\/ul>\n<div itemprop=\"review\" itemscope itemtype=\"http:\/\/schema.org\/Review\">\n<span itemprop=\"author\" itemscope=\"\" itemtype=\"http:\/\/schema.org\/Organization\"><span itemprop=\"name\">MoverDB.com<\/span><\/span> Revis\u00e3o do site on-line para <span itemprop=\"itemreviewed\" itemscope=\"\" itemtype=\"http:\/\/schema.org\/Brand\"><span itemprop=\"name\">Excesso deoversores Internacionais<\/span><\/span>:<\/p>\n<ol>\n<li> Detalhes claros de contato no website (incluindo n\u00famero de telefone): <strong>Sim<\/strong><\/li>\n<li> F\u00e1cil de obter <a href=\"https:\/\/moverdb.com\/pt\/citacoes\/\">cita\u00e7\u00f5es de mudan\u00e7as internacionais<\/a>? (Formul\u00e1rio de solicita\u00e7\u00e3o de or\u00e7amento on-line): <strong>Sim<\/strong><\/li>\n<li> Informa\u00e7\u00f5es claras no site: <strong>Sim,<\/strong> As informa\u00e7\u00f5es no site s\u00e3o bastante detalhadas e d\u00e3o aos clientes potenciais uma boa id\u00e9ia do que est\u00e1 em oferta.<\/li>\n<li> Participa\u00e7\u00e3o em organiza\u00e7\u00f5es internacionais de mudan\u00e7as reconhecidas internacionalmente: <strong>Sim<\/strong>ver acima.<\/li>\n<li> Lista de clientes e\/ou depoimentos de clientes anteriores: <strong>Sim,<\/strong> H\u00e1 muitos testemunhos positivos de clientes em seu site, embora as revis\u00f5es em outros lugares sejam um pouco mais mistas.<\/li>\n<\/ol>\n<div itemprop=\"reviewRating\" itemscope itemtype=\"http:\/\/schema.org\/Rating\"><meta itemprop=\"worstRating\" content = \"0\" \/><meta itemprop=\"bestRating\" content=\"5\" \/><meta itemprop=\"ratingValue\" content=\"4\"><\/div>\n<p><strong>Nota geral: 4\/5<\/strong><br \/>\n<strong>Data de revis\u00e3o:<\/strong> <span itemprop=\"datePublished\" content=\"2016-09-04\">04\/09\/2016<\/span>\n<\/div>\n<p>Saiba mais sobre <a href=\"https:\/\/moverdb.com\/pt\/remocoes-internacionais\/\">mudan\u00e7as internacionais<\/a> e nosso <a href=\"https:\/\/moverdb.com\/pt\/criticas\/\">processo de revis\u00e3o<\/a>.<\/p>\n<p><strong>Website:<\/strong> <a href=\"http:\/\/www.excess-international.com\/\" target=\"_blank\" rel=\"noopener\">http:\/\/www.excess-international.com<\/a><\/p>","protected":false},"excerpt":{"rendered":"<p>Excess International Movers offer corporate clients, individuals and families a wide range of services which are listed below. There also follows a company profile and reviews. International Removals Air, sea or road Door to door service Dedicated service for international relocations A move co-ordinator to organise removals from start to finish and answer any queries [&hellip;]<\/p>\n","protected":false},"author":1,"featured_media":0,"parent":0,"menu_order":0,"comment_status":"closed","ping_status":"closed","template":"","meta":{"_genesis_hide_title":false,"_genesis_hide_breadcrumbs":false,"_genesis_hide_singular_image":false,"_genesis_hide_footer_widgets":false,"_genesis_custom_body_class":"","_genesis_custom_post_class":"","_genesis_layout":"","footnotes":""},"class_list":{"0":"post-944","1":"page","2":"type-page","3":"status-publish","5":"entry"},"_links":{"self":[{"href":"https:\/\/moverdb.com\/pt\/wp-json\/wp\/v2\/pages\/944","targetHints":{"allow":["GET"]}}],"collection":[{"href":"https:\/\/moverdb.com\/pt\/wp-json\/wp\/v2\/pages"}],"about":[{"href":"https:\/\/moverdb.com\/pt\/wp-json\/wp\/v2\/types\/page"}],"author":[{"embeddable":true,"href":"https:\/\/moverdb.com\/pt\/wp-json\/wp\/v2\/users\/1"}],"replies":[{"embeddable":true,"href":"https:\/\/moverdb.com\/pt\/wp-json\/wp\/v2\/comments?post=944"}],"version-history":[{"count":8,"href":"https:\/\/moverdb.com\/pt\/wp-json\/wp\/v2\/pages\/944\/revisions"}],"predecessor-version":[{"id":6207,"href":"https:\/\/moverdb.com\/pt\/wp-json\/wp\/v2\/pages\/944\/revisions\/6207"}],"wp:attachment":[{"href":"https:\/\/moverdb.com\/pt\/wp-json\/wp\/v2\/media?parent=944"}],"curies":[{"name":"wp","href":"https:\/\/api.w.org\/{rel}","templated":true}]}}