{"id":943,"date":"2016-09-03T18:19:36","date_gmt":"2016-09-03T18:19:36","guid":{"rendered":"http:\/\/moverdb.com\/?page_id=943"},"modified":"2026-01-08T15:20:36","modified_gmt":"2026-01-08T15:20:36","slug":"robinsons","status":"publish","type":"page","link":"https:\/\/moverdb.com\/pt\/robinsons\/","title":{"rendered":"Robinsons Relocaliza\u00e7\u00e3o: Mudan\u00e7as e Remo\u00e7\u00f5es Internacionais"},"content":{"rendered":"<p>Robinsons Relocaliza\u00e7\u00e3o \u00e9 uma <a href=\"https:\/\/moverdb.com\/pt\/international-removals\/\" data-internallinksmanager029f6b8e52c=\"27\" title=\"36 melhores empresas de mudan\u00e7as internacionais no Reino Unido\">empresa de mudan\u00e7as<\/a> que oferecem a seus clientes muitos servi\u00e7os para ajud\u00e1-los a se relocalizarem no exterior. Os servi\u00e7os est\u00e3o listados abaixo juntamente com o perfil da empresa e revis\u00f5es.<\/p>\n<p><strong>Mudan\u00e7as internacionais<\/strong><\/p>\n<ul>\n<li> Gerente de mudan\u00e7as dedicado<\/li>\n<li> Porta a porta<\/li>\n<li> Auto-embalagem ou embalado profissionalmente<\/li>\n<li> Frete a\u00e9reo ou mar\u00edtimo <a href=\"https:\/\/moverdb.com\/pt\/transporte-de-conteineres\/\">transporte internacional de cont\u00eaineres<\/a><\/li>\n<li> op\u00e7\u00f5es de carga completa e carga parcial<\/li>\n<li> Desembalagem e remontagem<\/li>\n<li> Assist\u00eancia alfandeg\u00e1ria<\/li>\n<li> Seguro organizado<\/li>\n<li> Expedi\u00e7\u00e3o de ve\u00edculos<\/li>\n<li> Embarque de animais de estima\u00e7\u00e3o<\/li>\n<li> Envio de belas artes e antiguidades<\/li>\n<li> Relocaliza\u00e7\u00e3o de neg\u00f3cios<\/li>\n<\/ul>\n<p><strong>Servi\u00e7os de reloca\u00e7\u00e3o<\/strong><\/p>\n<ul>\n<li> Orienta\u00e7\u00e3o de \u00e1rea<\/li>\n<li> Busca em casa<\/li>\n<li> Busca de escolas<\/li>\n<li> Servi\u00e7os de assentamento<\/li>\n<li> Apoio cont\u00ednuo e gest\u00e3o do inquilinato<\/li>\n<li> Servi\u00e7os de partida<\/li>\n<li> Visto e imigra\u00e7\u00e3o<\/li>\n<li> Intercultural e lingu\u00edstica<\/li>\n<li> Apoio Esponsal<\/li>\n<\/ul>\n<p><strong>Armazenamento<\/strong><\/p>\n<ul>\n<li> Longo e curto prazo<\/li>\n<li> Armazenamento de m\u00f3veis<\/li>\n<li> Armazenamento de ve\u00edculos<\/li>\n<li> Armazenagem comercial<\/li>\n<li> Armazenamento de documentos<\/li>\n<li> 8 filiais a escolher<\/li>\n<li> Embalados profissionalmente<\/li>\n<li> Seguro autom\u00e1tico<\/li>\n<li> CCTV 24 horas<\/li>\n<\/ul>\n<p><strong><a href=\"https:\/\/moverdb.com\/pt\/moving-to-the-uk\/\" data-internallinksmanager029f6b8e52c=\"93\" title=\"Mudando-se para o Reino Unido? 2026 Custos de Vida e Dicas de Reloca\u00e7\u00e3o\">REINO UNIDO<\/a> Mudan\u00e7as de Casas<\/strong><\/p>\n<ul>\n<li> Porta a porta<\/li>\n<li> Servi\u00e7o completo<\/li>\n<li> Relocaliza\u00e7\u00e3o de neg\u00f3cios<\/li>\n<\/ul>\n<h2>Perfil da Robinsons Relocation Company<\/h2>\n<p>A Robinsons foi fundada em 1895 por Alfred Robinson e a empresa come\u00e7ou por mudar o carv\u00e3o. A concorr\u00eancia era grande, ent\u00e3o Alfred Robinson decidiu mudar para o neg\u00f3cio de remo\u00e7\u00e3o. <\/p>\n<p>A empresa expandiu-se para as mudan\u00e7as internacionais nos anos 60, com o advento da emigra\u00e7\u00e3o em massa para <a href=\"https:\/\/moverdb.com\/pt\/moving-to-australia\/living-in-australia\/\" data-internallinksmanager029f6b8e52c=\"240\" title=\"21 Segredos sobre viver na Austr\u00e1lia para saber antes de se mudar\">Austr\u00e1lia<\/a>. O neto de Alfred Robinson \u00e9 hoje o presidente da empresa.<\/p>\n<p>Robinsons \u00e9 um dos cinco maiores exportadores de bens pessoais no Reino Unido. Seu objetivo \u00e9 dar a seus clientes, tanto particulares como corporativos, um plano feito sob medida para garantir que sua mudan\u00e7a seja sem esfor\u00e7o e n\u00e3o tenha custos ocultos. <\/p>\n<p>A empresa tem seis armaz\u00e9ns constru\u00eddos propositadamente nos principais centros do Reino Unido. Tamb\u00e9m conta com uma frota de 60 ve\u00edculos e uma for\u00e7a de trabalho de mais de 150 funcion\u00e1rios altamente treinados.<\/p>\n<p>Uma lista de afilia\u00e7\u00f5es e credenciamentos da Robinsons:<\/p>\n<ul>\n<li> <a href=\"https:\/\/moverdb.com\/pt\/british-association-of-removers\/\">A Associa\u00e7\u00e3o Brit\u00e2nica de Removedores<\/a> (<a href=\"https:\/\/moverdb.com\/pt\/british-association-of-removers\/\" data-internallinksmanager029f6b8e52c=\"9\" title=\"Associa\u00e7\u00e3o Brit\u00e2nica de Removers (BAR) Explicada\">BAR<\/a>)<\/li>\n<li> <a href=\"https:\/\/moverdb.com\/pt\/bar-overseas\/\">A Associa\u00e7\u00e3o Brit\u00e2nica de Removers Overseas<\/a><\/li>\n<li> British International Freight Association (BIFA)<\/li>\n<li> Resseguro Mundial<\/li>\n<li> <a href=\"https:\/\/moverdb.com\/pt\/fidi-faim\/\">Federa\u00e7\u00e3o Internacional dos Movedores de M\u00f3veis Internacionais<\/a> (<a href=\"https:\/\/moverdb.com\/pt\/fidi-faim\/\" data-internallinksmanager029f6b8e52c=\"16\" title=\"FIDI &amp; FAIM (FIDI Accredited International Mover) Explicado\">FIDI<\/a>)<\/li>\n<li> Rede de Mudan\u00e7as no Exterior Incorporada (OMNI)<\/li>\n<li> FAIM Plus<\/li>\n<li> <a href=\"https:\/\/moverdb.com\/pt\/eura\/\">EuRA<\/a><\/li>\n<li> ISO 9901:2008<\/li>\n<li> ISO 14001 :2004<\/li>\n<li> A Associa\u00e7\u00e3o de Revendedores de Arte e Antiguidades (LAPADA)<\/li>\n<li> Fabricantes Brit\u00e2nicos de M\u00f3veis (BFM)<\/li>\n<\/ul>\n<h2>Revis\u00f5es de realoca\u00e7\u00e3o da Robinsons<\/h2>\n<p><strong>Positivo:<\/strong><\/p>\n<ul>\n<li> <em>\"Robinsons foram muito pacientes com nossa jornada \u00e0s vezes \"dif\u00edcil\" para chegar a uma data de mudan\u00e7a real, coordenando-se alegremente comigo mesmo. O pessoal do escrit\u00f3rio foi prestativo, simp\u00e1tico e amig\u00e1vel. Ent\u00e3o, quando o dia chegou, as pessoas que vieram para arrumar a casa para <a href=\"https:\/\/moverdb.com\/pt\/moving-to-the-united-states\/\" data-internallinksmanager029f6b8e52c=\"94\" title=\"Mudando-se para os Estados Unidos? 2026 Custos de Vida e Dicas de Reloca\u00e7\u00e3o\">n\u00f3s<\/a> eram amig\u00e1veis, profissionais, mas acima de tudo, conscientes\".<\/em> - Charlie K Brisker via <a href=\"https:\/\/uk.trustpilot.com\/reviews\/57c6b04b0000ff000982140f\" target=\"_blank\" rel=\"noopener\">Trustpilot<\/a><\/li>\n<li> <em>\"Tivemos uma excelente experi\u00eancia com a Robinsons e, portanto, ficamos bastante surpresos quando vi uma revis\u00e3o anterior em contr\u00e1rio. Por nossa pr\u00f3pria experi\u00eancia, mudamos v\u00e1rias vezes para v\u00e1rias partes do mundo e viemos a confiar a Robinsons em nossa mudan\u00e7a todas as vezes desde que os utilizamos pela primeira vez nos anos 90\".<\/em> - Aiden Roberts via <a href=\"http:\/\/www.removalreviews.co.uk\/movingreviews\/really-great-service-thank-you-robinsons-6974\" target=\"_blank\" rel=\"noopener\">Revis\u00f5es de remo\u00e7\u00e3o<\/a> <\/li>\n<\/ul>\n<p><strong>Negativo:<\/strong><\/p>\n<ul>\n<li> <em>\"Os primeiros dois caras a chegar foram fant\u00e1sticos. Depois chegaram outros tr\u00eas! Conectaram seus telefones celulares em nossas tomadas para tirar a m\u00fasica!!! A embalagem de itens menores foi fant\u00e1stica! Sem rupturas! No entanto, a falta de cuidado e respeito por itens maiores foi chocante! \u201c<\/em> - Sharon Card via <a href=\"https:\/\/www.trustpilot.com\/users\/55ed817e0000ff0001d9df65\" target=\"_blank\" rel=\"noopener\">Trustpilot<\/a> <\/li>\n<li> \u201c<em>Depois de algumas pesquisas, pensei ter escolhido uma empresa respeit\u00e1vel para lidar com minha realoca\u00e7\u00e3o internacional. Eu n\u00e3o poderia estar mais errado\". <\/em>Eric via <a href=\"http:\/\/www.removalreviews.co.uk\/movingreviews\/absolute-disgrace-2741\" target=\"_blank\" rel=\"noopener\">Revis\u00f5es de remo\u00e7\u00e3o<\/a> <\/li>\n<\/ul>\n<div itemprop=\"review\" itemscope itemtype=\"http:\/\/schema.org\/Review\">\n<span itemprop=\"author\" itemscope=\"\" itemtype=\"http:\/\/schema.org\/Organization\"><span itemprop=\"name\">MoverDB.com<\/span><\/span> Revis\u00e3o do site on-line para <span itemprop=\"itemreviewed\" itemscope=\"\" itemtype=\"http:\/\/schema.org\/Brand\"><span itemprop=\"name\">Robinsons Deslocaliza\u00e7\u00e3o<\/span><\/span>:<\/p>\n<ol>\n<li> Detalhes claros de contato no website (incluindo n\u00famero de telefone): <strong>Sim<\/strong><\/li>\n<li> F\u00e1cil de obter <a href=\"https:\/\/moverdb.com\/pt\/citacoes\/\">cita\u00e7\u00f5es de mudan\u00e7as internacionais<\/a>? (Formul\u00e1rio de solicita\u00e7\u00e3o de or\u00e7amento on-line): <strong>Sim<\/strong><\/li>\n<li> Informa\u00e7\u00f5es claras no site: <strong>Sim,<\/strong> boa quantidade de informa\u00e7\u00f5es sobre todos os servi\u00e7os que eles oferecem.<\/li>\n<li> Participa\u00e7\u00e3o em organiza\u00e7\u00f5es internacionais de mudan\u00e7as reconhecidas internacionalmente: <strong>Sim<\/strong>muitos v\u00eaem acima.<\/li>\n<li> Lista de clientes e\/ou depoimentos de clientes anteriores: <strong>Sim,<\/strong> mas n\u00e3o em seu website, em vez disso, os clientes deixam as an\u00e1lises no TrustPilot, onde t\u00eam uma classifica\u00e7\u00e3o muito positiva.<\/li>\n<\/ol>\n<div itemprop=\"reviewRating\" itemscope itemtype=\"http:\/\/schema.org\/Rating\"><meta itemprop=\"worstRating\" content = \"0\" \/><meta itemprop=\"bestRating\" content=\"5\" \/><meta itemprop=\"ratingValue\" content=\"5\"><\/div>\n<p><strong>Nota geral: 5\/5<\/strong><br \/>\n<strong>Data de revis\u00e3o:<\/strong> <span itemprop=\"datePublished\" content=\"2016-09-03\">03\/09\/2016<\/span>\n<\/div>\n<p>Saiba mais sobre <a href=\"https:\/\/moverdb.com\/pt\/remocoes-internacionais\/\">empresas de mudan\u00e7as internacionais<\/a> e nosso <a href=\"https:\/\/moverdb.com\/pt\/criticas\/\">processo de revis\u00e3o<\/a>.<\/p>\n<p><strong>Website:<\/strong> <a href=\"http:\/\/www.robinsonsrelo.com\" target=\"_blank\" rel=\"noopener\">http:\/\/www.robinsonsrelo.com<\/a><\/p>","protected":false},"excerpt":{"rendered":"<p>Robinsons Relocation are an international removal company which offer their clients many services to assist them in relocating abroad. The services are listed below together with a company profile and reviews. International Removals Dedicated move manager Door to door Self-packing or professionally packed Air freight or sea freight international container shipping full load and part [&hellip;]<\/p>\n","protected":false},"author":1,"featured_media":0,"parent":0,"menu_order":0,"comment_status":"closed","ping_status":"closed","template":"","meta":{"_genesis_hide_title":false,"_genesis_hide_breadcrumbs":false,"_genesis_hide_singular_image":false,"_genesis_hide_footer_widgets":false,"_genesis_custom_body_class":"","_genesis_custom_post_class":"","_genesis_layout":"","footnotes":""},"class_list":{"0":"post-943","1":"page","2":"type-page","3":"status-publish","5":"entry"},"_links":{"self":[{"href":"https:\/\/moverdb.com\/pt\/wp-json\/wp\/v2\/pages\/943","targetHints":{"allow":["GET"]}}],"collection":[{"href":"https:\/\/moverdb.com\/pt\/wp-json\/wp\/v2\/pages"}],"about":[{"href":"https:\/\/moverdb.com\/pt\/wp-json\/wp\/v2\/types\/page"}],"author":[{"embeddable":true,"href":"https:\/\/moverdb.com\/pt\/wp-json\/wp\/v2\/users\/1"}],"replies":[{"embeddable":true,"href":"https:\/\/moverdb.com\/pt\/wp-json\/wp\/v2\/comments?post=943"}],"version-history":[{"count":5,"href":"https:\/\/moverdb.com\/pt\/wp-json\/wp\/v2\/pages\/943\/revisions"}],"predecessor-version":[{"id":6233,"href":"https:\/\/moverdb.com\/pt\/wp-json\/wp\/v2\/pages\/943\/revisions\/6233"}],"wp:attachment":[{"href":"https:\/\/moverdb.com\/pt\/wp-json\/wp\/v2\/media?parent=943"}],"curies":[{"name":"wp","href":"https:\/\/api.w.org\/{rel}","templated":true}]}}