{"id":942,"date":"2016-09-04T17:22:17","date_gmt":"2016-09-04T17:22:17","guid":{"rendered":"http:\/\/moverdb.com\/?page_id=942"},"modified":"2026-01-08T14:47:57","modified_gmt":"2026-01-08T14:47:57","slug":"city-moving-storage","status":"publish","type":"page","link":"https:\/\/moverdb.com\/pt\/city-moving-storage\/","title":{"rendered":"Mudan\u00e7a e Armazenamento da cidade: Revis\u00f5es de Mudan\u00e7as Internacionais"},"content":{"rendered":"<p>A City Moving and Storage oferece mudan\u00e7as tanto para o exterior quanto locais, tanto para empresas e clientes particulares. Segue uma lista desses servi\u00e7os, juntamente com o perfil da empresa e an\u00e1lises.<\/p>\n<p><strong>Nota:<\/strong> City Moving and Storage, n\u00e3o deve ser confundido com City Removals, que \u00e9 uma empresa separada que tamb\u00e9m oferece de forma confusa <a href=\"https:\/\/moverdb.com\/pt\/remocoes-internacionais\/\">mudan\u00e7as internacionais<\/a>.<\/p>\n<p><strong>Servi\u00e7os de mudan\u00e7a<\/strong><\/p>\n<ul>\n<li> Desempacotamento e remo\u00e7\u00e3o de detritos Servi\u00e7o de embalagem completa<\/li>\n<li> Crating de antiguidades e belas artes<\/li>\n<li> Servi\u00e7os de frete mar\u00edtimo por LCL (menos que carga de cont\u00eainer) ou FCL (carga completa de cont\u00eainer) <a href=\"https:\/\/moverdb.com\/pt\/transporte-de-conteineres\/\">transporte de cont\u00eaineres<\/a>.<\/li>\n<li> Servi\u00e7os semanais de remo\u00e7\u00e3o de caminh\u00f5es para a Europa<\/li>\n<li> Desembara\u00e7o aduaneiro e formalidades<\/li>\n<li> Desempacotamento e remo\u00e7\u00e3o de detritos<\/li>\n<\/ul>\n<p><strong>Servi\u00e7os de armazenagem<\/strong><\/p>\n<ul>\n<li> Carregamento de cont\u00eaineres<\/li>\n<li> Embalagem de recipientes<\/li>\n<li> Recipientes de selagem<\/li>\n<li> Estiva de cont\u00eaineres<\/li>\n<\/ul>\n<h2>Perfil da empresa de mudan\u00e7a e armazenagem de cidades<\/h2>\n<p>A City Moving and Storage \u00e9 uma sociedade an\u00f4nima que iniciou suas atividades em 1986. Sua sede est\u00e1 localizada em <a href=\"https:\/\/moverdb.com\/pt\/moving-to-london\/\">Londres<\/a> com parceiros comerciais globais em todo o mundo. A empresa envia bens pessoais e comerciais para todo o mundo e se orgulha de ter uma equipe profissional e bem treinada que acompanha o processo de porta em porta.<\/p>\n<p>A empresa \u00e9 especializada em enviar antiguidades, obras de arte, pianos e carros ao redor do mundo. A empresa tem um departamento especializado para a Escandin\u00e1via, com sa\u00eddas semanais a partir de Londres. Os clientes s\u00e3o mantidos totalmente atualizados sobre suas remessas, com notifica\u00e7\u00f5es em todas as etapas da viagem. <\/p>\n<p>A City Moving and Storage tem credenciamentos de:<\/p>\n<ul>\n<li> <a href=\"https:\/\/moverdb.com\/pt\/british-association-of-removers\/\">A Associa\u00e7\u00e3o Brit\u00e2nica de Removedores<\/a> (<a href=\"https:\/\/moverdb.com\/pt\/british-association-of-removers\/\" data-internallinksmanager029f6b8e52c=\"9\" title=\"Associa\u00e7\u00e3o Brit\u00e2nica de Removers (BAR) Explicada\">BAR<\/a>)<\/li>\n<li> <a href=\"https:\/\/moverdb.com\/pt\/fidi-faim\/\">A Federa\u00e7\u00e3o Internacional de Movimentos<\/a> (<a href=\"https:\/\/moverdb.com\/pt\/fidi-faim\/\" data-internallinksmanager029f6b8e52c=\"16\" title=\"FIDI &amp; FAIM (FIDI Accredited International Mover) Explicado\">FIDI<\/a>)<\/li>\n<li> Padr\u00e3o de Servi\u00e7o de Qualidade Assegurada - BS EN 12522<\/li>\n<\/ul>\n<p><strong>Revis\u00f5es de Mudan\u00e7as e Armazenamento da Cidade<\/strong><\/p>\n<p>N\u00e3o encontramos nenhuma an\u00e1lise positiva ou negativa online para a mudan\u00e7a e armazenamento da cidade.<\/p>\n<div itemprop=\"review\" itemscope itemtype=\"http:\/\/schema.org\/Review\">\n<span itemprop=\"author\" itemscope=\"\" itemtype=\"http:\/\/schema.org\/Organization\"><span itemprop=\"name\">MoverDB.com<\/span><\/span> Revis\u00e3o do site on-line para <span itemprop=\"itemreviewed\" itemscope=\"\" itemtype=\"http:\/\/schema.org\/Brand\"><span itemprop=\"name\">Mudan\u00e7a e armazenamento de cidades<\/span><\/span>:<\/p>\n<ol>\n<li> Detalhes claros de contato no website (incluindo n\u00famero de telefone): <strong>Sim<\/strong><\/li>\n<li> F\u00e1cil de obter <a href=\"https:\/\/moverdb.com\/pt\/citacoes\/\">cita\u00e7\u00f5es de mudan\u00e7as internacionais<\/a>? (Formul\u00e1rio de solicita\u00e7\u00e3o de or\u00e7amento on-line): <strong>B\u00e1sico<\/strong>Eles t\u00eam um formul\u00e1rio de contato em sua p\u00e1gina inicial, mas n\u00e3o especificam se oferecem cota\u00e7\u00f5es.<\/li>\n<li> Informa\u00e7\u00f5es claras no site: <strong>N\u00e3o,<\/strong> O site foi criado em 2008 e conta muito pouco sobre a empresa ou sobre as mudan\u00e7as que eles oferecem.<\/li>\n<li> Participa\u00e7\u00e3o em organiza\u00e7\u00f5es internacionais de mudan\u00e7as reconhecidas internacionalmente: <strong>Sim<\/strong>ver acima.<\/li>\n<li> Lista de clientes e\/ou depoimentos de clientes anteriores: <strong>N\u00e3o,<\/strong> Novamente, o conte\u00fado do site \u00e9 m\u00ednimo e n\u00e3o inclui nenhum testemunho de cliente ou lista de clientes, al\u00e9m de que n\u00e3o parecem existir revis\u00f5es on-line.<\/li>\n<\/ol>\n<div itemprop=\"reviewRating\" itemscope itemtype=\"http:\/\/schema.org\/Rating\"><meta itemprop=\"worstRating\" content = \"0\" \/><meta itemprop=\"bestRating\" content=\"5\" \/><meta itemprop=\"ratingValue\" content=\"2.5\"><\/div>\n<p><strong>Nota geral: 2,5\/5<\/strong><br \/>\n<strong>Data de revis\u00e3o:<\/strong> <span itemprop=\"datePublished\" content=\"2016-09-04\">04\/09\/2016<\/span>\n<\/div>\n<p>Mais sobre <a href=\"https:\/\/moverdb.com\/pt\/mudancas-empresas\/\">empresas de mudan\u00e7as internacionais<\/a> e nosso <a href=\"https:\/\/moverdb.com\/pt\/criticas\/\">processo de revis\u00e3o<\/a>.<\/p>\n<p><strong>Website:<\/strong> <a href=\"http:\/\/www.citymoving.co.uk\" target=\"_blank\" rel=\"noopener\">http:\/\/www.citymoving.co.uk<\/a><\/p>","protected":false},"excerpt":{"rendered":"<p>City Moving and Storage offer both overseas and local moves to both business and private clients. There follows a list of these services, together with a company profile and reviews. Note: City Moving and Storage, should not be confused with City Removals, which is a separate company that also confusingly offers international removals. Moving Services [&hellip;]<\/p>\n","protected":false},"author":1,"featured_media":0,"parent":0,"menu_order":0,"comment_status":"closed","ping_status":"closed","template":"","meta":{"_genesis_hide_title":false,"_genesis_hide_breadcrumbs":false,"_genesis_hide_singular_image":false,"_genesis_hide_footer_widgets":false,"_genesis_custom_body_class":"","_genesis_custom_post_class":"","_genesis_layout":"","footnotes":""},"class_list":{"0":"post-942","1":"page","2":"type-page","3":"status-publish","5":"entry"},"_links":{"self":[{"href":"https:\/\/moverdb.com\/pt\/wp-json\/wp\/v2\/pages\/942","targetHints":{"allow":["GET"]}}],"collection":[{"href":"https:\/\/moverdb.com\/pt\/wp-json\/wp\/v2\/pages"}],"about":[{"href":"https:\/\/moverdb.com\/pt\/wp-json\/wp\/v2\/types\/page"}],"author":[{"embeddable":true,"href":"https:\/\/moverdb.com\/pt\/wp-json\/wp\/v2\/users\/1"}],"replies":[{"embeddable":true,"href":"https:\/\/moverdb.com\/pt\/wp-json\/wp\/v2\/comments?post=942"}],"version-history":[{"count":5,"href":"https:\/\/moverdb.com\/pt\/wp-json\/wp\/v2\/pages\/942\/revisions"}],"predecessor-version":[{"id":6191,"href":"https:\/\/moverdb.com\/pt\/wp-json\/wp\/v2\/pages\/942\/revisions\/6191"}],"wp:attachment":[{"href":"https:\/\/moverdb.com\/pt\/wp-json\/wp\/v2\/media?parent=942"}],"curies":[{"name":"wp","href":"https:\/\/api.w.org\/{rel}","templated":true}]}}