{"id":941,"date":"2016-07-25T11:02:02","date_gmt":"2016-07-25T11:02:02","guid":{"rendered":"http:\/\/moverdb.com\/?page_id=941"},"modified":"2026-01-08T15:30:36","modified_gmt":"2026-01-08T15:30:36","slug":"united-van-lines","status":"publish","type":"page","link":"https:\/\/moverdb.com\/pt\/united-van-lines\/","title":{"rendered":"Linhas United Van Lines: Servi\u00e7os de Mudan\u00e7as e Revis\u00f5es Internacionais"},"content":{"rendered":"<p>A United Van Lines oferece a seus clientes muitos servi\u00e7os de mudan\u00e7as tanto internacionais como dentro do <a href=\"https:\/\/moverdb.com\/pt\/moving-to-the-united-states\/\" data-internallinksmanager029f6b8e52c=\"94\" title=\"Mudando-se para os Estados Unidos? 2026 Custos de Vida e Dicas de Reloca\u00e7\u00e3o\">US<\/a>. Abaixo est\u00e1 uma lista desses servi\u00e7os, al\u00e9m de um perfil da empresa e an\u00e1lises.<\/p>\n<p><strong>Mudan\u00e7as Internacionais<\/strong><\/p>\n<ul>\n<li> Planejamento e prepara\u00e7\u00e3o da mudan\u00e7a<\/li>\n<li> Avalia\u00e7\u00e3o e estimativa das necessidades<\/li>\n<li> Viagem de pr\u00e9-visualiza\u00e7\u00e3o do destino<\/li>\n<li> Treinamento de idiomas e orienta\u00e7\u00e3o cultural<\/li>\n<li> Gerenciamento de mudan\u00e7as<\/li>\n<li> Servi\u00e7os de planejamento<\/li>\n<li> Tr\u00e2nsito internacional<\/li>\n<li> Rastreamento e entrega<\/li>\n<li> Servi\u00e7os de liquida\u00e7\u00e3o - bancos, m\u00e9dicos, etc.<\/li>\n<li> Servi\u00e7os de vistos e imigra\u00e7\u00e3o<\/li>\n<li> Processos de imigra\u00e7\u00e3o de neg\u00f3cios<\/li>\n<li> Processos individuais de imigra\u00e7\u00e3o<\/li>\n<li> Assist\u00eancia habitacional - tempor\u00e1ria ou permanente<\/li>\n<li> Servi\u00e7os de busca de casas<\/li>\n<li> Alojamento tempor\u00e1rio<\/li>\n<li> Gest\u00e3o de propriedade e inquilinato<\/li>\n<li> Assist\u00eancia \u00e0 recoloca\u00e7\u00e3o de fam\u00edlias<\/li>\n<li> Processo de visto e passaporte<\/li>\n<li> Apoio ao parceiro\/c\u00f4njuge<\/li>\n<li> Assist\u00eancia escolar<\/li>\n<li> Treinamento cultural e lingu\u00edstico<\/li>\n<li> Realoca\u00e7\u00e3o de animais<\/li>\n<li> Seguros<\/li>\n<\/ul>\n<p><strong>Mudan\u00e7a com a United<\/strong><\/p>\n<ul>\n<li> Mudan\u00e7as locais<\/li>\n<li> Movimentos internacionais<\/li>\n<li> Movimentos de longa dist\u00e2ncia<\/li>\n<li> Movimentos corporativos<\/li>\n<li> Movimentos militares e governamentais<\/li>\n<li> Movimentos automotivos<\/li>\n<\/ul>\n<p><strong>Embalagem e armazenamento<\/strong><\/p>\n<ul>\n<li> Auto-embalagem<\/li>\n<li> Embalagem personalizada<\/li>\n<li> Embalagem de servi\u00e7o completo<\/li>\n<li> Desembale voc\u00ea mesmo<\/li>\n<li> Desembalagem personalizada<\/li>\n<li> Desembalagem completa<\/li>\n<li> 90 dias de armazenagem em tr\u00e2nsito<\/li>\n<li> Armazenamento em ab\u00f3bada<\/li>\n<li> Armazenagem e armazenagem de curta e longa dura\u00e7\u00e3o<\/li>\n<\/ul>\n<h2>Perfil da United Van Lines Company<\/h2>\n<p>A United Van Lines foi inaugurada em 1928 como Return Loads Service em Cleveland, <a href=\"https:\/\/moverdb.com\/pt\/moving-to-the-united-states\/moving-to-ohio\/\" data-internallinksmanager029f6b8e52c=\"409\" title=\"Est\u00e1 se mudando para Ohio? 2026 Custo de vida e dicas de realoca\u00e7\u00e3o\">Ohio<\/a>. A empresa tem se fortalecido cada vez mais, expandindo-se para incluir o mercado internacional. Em 1995, teve seu primeiro ano de receita de um bilh\u00e3o de d\u00f3lares. <\/p>\n<p>A United Van Lines \u00e9 #1 em participa\u00e7\u00e3o de mercado das empresas de mudan\u00e7as no pa\u00eds.<\/p>\n<p>A United tem 340 agentes locais em todo o pa\u00eds que fornecem instala\u00e7\u00f5es de movimenta\u00e7\u00e3o e armazenagem. A empresa utiliza mais de 1000 agentes profissionais em 128 pa\u00edses para suas movimenta\u00e7\u00f5es internacionais.<\/p>\n<p>A United Van Lines tem as seguintes credencia\u00e7\u00f5es e afilia\u00e7\u00f5es:<\/p>\n<ul>\n<li> <a href=\"https:\/\/moverdb.com\/pt\/amsa\/\">Associa\u00e7\u00e3o Americana de Mudan\u00e7as e Armazenamento<\/a> (<a href=\"https:\/\/moverdb.com\/pt\/amsa\/\" data-internallinksmanager029f6b8e52c=\"5\" title=\"American Moving &amp; Storage Association (AMSA) Explicada\">AMSA<\/a>)<\/li>\n<li> <a href=\"https:\/\/moverdb.com\/pt\/rim-promover\/\">ProMover<\/a> (AMSA)<\/li>\n<li> Garantia Nacional de Qualidade USA ISO 9001 2008<\/li>\n<li> <a href=\"https:\/\/moverdb.com\/pt\/canadense-associacao-de-moversores\/\">Associa\u00e7\u00e3o Canadense de Remotores<\/a> (<a href=\"https:\/\/moverdb.com\/pt\/canadian-association-of-movers\/\" data-internallinksmanager029f6b8e52c=\"11\" title=\"Associa\u00e7\u00e3o Canadense de Remotores (CAM) Explicada\">CAM<\/a>)<\/li>\n<\/ul>\n<h2>United Van Lines Reviews<\/h2>\n<p><strong>Positivo:<\/strong><\/p>\n<ul>\n<li> \u201c<em>A United Van Lines e seus parceiros locais foram maravilhosos\".<\/em> - Julia via <a href=\"http:\/\/www.yelp.com\/user_details?userid=nPUhNLstAOJEWjHLAb1rpA\" target=\"_blank\" rel=\"noopener\">Yelp<\/a><\/li>\n<li> \u201c<em>Se voc\u00ea est\u00e1 se mudando para Omaha, voc\u00ea deve a si mesmo o uso desta empresa\".<\/em> - Dean S via <a href=\"http:\/\/www.movingcompanyreviews.com\/MO\/Fenton\/united-van-lines-llc-61144\" target=\"_blank\" rel=\"noopener\">MovingCompanyReviews.com<\/a><\/li>\n<\/ul>\n<p><strong>Negativo:<\/strong><\/p>\n<ul>\n<li> \u201c<em>Horr\u00edvel atendimento ao cliente\".<\/em> - Aliado via <a href=\"http:\/\/www.yelp.com\/user_details?userid=ab4N7Z9Che1cq3g-QrONUw\" target=\"_blank\" rel=\"noopener\">Yelp<\/a> <\/li>\n<li> \u201c<em>Um pesadelo. Trabalhamos com John Silvernail, da Corrigan United, para mudar nossa fam\u00edlia de <a href=\"https:\/\/moverdb.com\/pt\/moving-to-the-united-states\/moving-to-colorado\/\" data-internallinksmanager029f6b8e52c=\"399\" title=\"Mudan\u00e7a para o Colorado? 2026 Custo de vida e dicas de realoca\u00e7\u00e3o\">Colorado<\/a> para <a href=\"https:\/\/moverdb.com\/pt\/moving-to-the-united-states\/moving-to-california\/\" data-internallinksmanager029f6b8e52c=\"330\" title=\"Mudan\u00e7a para a Calif\u00f3rnia? 2026 Custo de vida e dicas de realoca\u00e7\u00e3o\">Calif\u00f3rnia<\/a> em junho de 2014.\"<\/em> - Gaea M via <a href=\"http:\/\/www.movingcompanyreviews.com\/MO\/Fenton\/united-van-lines-llc-61144\" target=\"_blank\" rel=\"noopener\">MovingCompanyReviews.com<\/a><\/li>\n<\/ul>\n<div itemprop=\"review\" itemscope itemtype=\"http:\/\/schema.org\/Review\">\n<span itemprop=\"author\" itemscope=\"\" itemtype=\"http:\/\/schema.org\/Organization\"><span itemprop=\"name\">MoverDB.com<\/span><\/span> Revis\u00e3o do site on-line para <span itemprop=\"itemreviewed\" itemscope=\"\" itemtype=\"http:\/\/schema.org\/Brand\"><span itemprop=\"name\">Linhas de Van United<\/span><\/span>:<\/p>\n<ol>\n<li> Detalhes claros de contato no website (incluindo n\u00famero de telefone): <strong>Sim<\/strong><\/li>\n<li> F\u00e1cil de obter <a href=\"https:\/\/moverdb.com\/pt\/citacoes\/\">cita\u00e7\u00f5es de mudan\u00e7as internacionais<\/a>? (Formul\u00e1rio de solicita\u00e7\u00e3o de or\u00e7amento on-line): <strong>Sim<\/strong><\/li>\n<li> Informa\u00e7\u00f5es claras no site: <strong>Sim.<\/strong> O website apresenta claramente todos os servi\u00e7os que a empresa oferece.<\/li>\n<li> Participa\u00e7\u00e3o em organiza\u00e7\u00f5es internacionais de mudan\u00e7as reconhecidas internacionalmente: <strong>Sim<\/strong>(ver acima)<\/li>\n<li> Lista de clientes e\/ou depoimentos de clientes anteriores. <strong>Sim,<\/strong> A Burke Inc. auditou independentemente as fichas de satisfa\u00e7\u00e3o dos clientes da empresa e, com base nelas, a empresa tem um \u00edndice de satisfa\u00e7\u00e3o de 4,22 de 5 clientes.<\/li>\n<\/ol>\n<div itemprop=\"reviewRating\" itemscope itemtype=\"http:\/\/schema.org\/Rating\"><meta itemprop=\"worstRating\" content = \"0\" \/><meta itemprop=\"bestRating\" content=\"5\" \/><meta itemprop=\"ratingValue\" content=\"5\"><\/div>\n<p><strong>Nota geral: 5\/5<\/strong><br \/>\n<strong>Data de revis\u00e3o:<\/strong> <span itemprop=\"datePublished\" content=\"2016-07-25\">25\/07\/2016<\/span>\n<\/div>\n<p>Leia mais sobre <a href=\"https:\/\/moverdb.com\/pt\/mudancas-empresas\/\">empresas de mudan\u00e7as internacionais<\/a>, <a href=\"https:\/\/moverdb.com\/pt\/us-canada-movers\/\">empresas de mudan\u00e7as nacionais<\/a> e nosso <a href=\"https:\/\/moverdb.com\/pt\/criticas\/\">processo de revis\u00e3o explicado<\/a>.<\/p>\n<p><strong>Sites da Web:<\/strong> EUA: <a href=\"http:\/\/www.unitedvanlines.com\/\" target=\"_blank\" rel=\"noopener\">http:\/\/www.unitedvanlines.com\/<\/a>; <a href=\"https:\/\/moverdb.com\/pt\/moving-to-canada\/\" data-internallinksmanager029f6b8e52c=\"265\" title=\"Mudan\u00e7a para o Canad\u00e1? 2026 Custos de Vida e Dicas de Reloca\u00e7\u00e3o\">Canad\u00e1<\/a>: <a href=\"http:\/\/www.uvl.ca\/\" target=\"_blank\" rel=\"noopener\">http:\/\/www.uvl.ca\/<\/a> <\/p>","protected":false},"excerpt":{"rendered":"<p>United Van Lines offers its clients many moving services both international and within the US. Below is a list of these services, plus a company profile and reviews. International Moves Move planning and preparation Needs assessment and estimate Destination preview trip Language training and cultural orientation Move management Planning services International transit Tracking and delivery [&hellip;]<\/p>\n","protected":false},"author":1,"featured_media":0,"parent":0,"menu_order":0,"comment_status":"closed","ping_status":"closed","template":"","meta":{"_genesis_hide_title":false,"_genesis_hide_breadcrumbs":false,"_genesis_hide_singular_image":false,"_genesis_hide_footer_widgets":false,"_genesis_custom_body_class":"","_genesis_custom_post_class":"","_genesis_layout":"","footnotes":""},"class_list":{"0":"post-941","1":"page","2":"type-page","3":"status-publish","5":"entry"},"_links":{"self":[{"href":"https:\/\/moverdb.com\/pt\/wp-json\/wp\/v2\/pages\/941","targetHints":{"allow":["GET"]}}],"collection":[{"href":"https:\/\/moverdb.com\/pt\/wp-json\/wp\/v2\/pages"}],"about":[{"href":"https:\/\/moverdb.com\/pt\/wp-json\/wp\/v2\/types\/page"}],"author":[{"embeddable":true,"href":"https:\/\/moverdb.com\/pt\/wp-json\/wp\/v2\/users\/1"}],"replies":[{"embeddable":true,"href":"https:\/\/moverdb.com\/pt\/wp-json\/wp\/v2\/comments?post=941"}],"version-history":[{"count":10,"href":"https:\/\/moverdb.com\/pt\/wp-json\/wp\/v2\/pages\/941\/revisions"}],"predecessor-version":[{"id":6249,"href":"https:\/\/moverdb.com\/pt\/wp-json\/wp\/v2\/pages\/941\/revisions\/6249"}],"wp:attachment":[{"href":"https:\/\/moverdb.com\/pt\/wp-json\/wp\/v2\/media?parent=941"}],"curies":[{"name":"wp","href":"https:\/\/api.w.org\/{rel}","templated":true}]}}