{"id":939,"date":"2016-09-23T06:49:42","date_gmt":"2016-09-23T06:49:42","guid":{"rendered":"http:\/\/moverdb.com\/?page_id=939"},"modified":"2026-01-08T13:18:21","modified_gmt":"2026-01-08T13:18:21","slug":"gerson-relocation","status":"publish","type":"page","link":"https:\/\/moverdb.com\/pt\/gerson-relocation\/","title":{"rendered":"Deslocaliza\u00e7\u00e3o de Gerson: Mudan\u00e7as e Mudan\u00e7as Internacionais"},"content":{"rendered":"<p>A Gerson Relocation oferece a seus clientes uma variedade de servi\u00e7os, quer eles estejam se mudando para o exterior ou localmente. O perfil e as an\u00e1lises da empresa seguem a lista de servi\u00e7os oferecidos.<\/p>\n<p><strong>Servi\u00e7os\/apoio a empresas<\/strong><\/p>\n<ul>\n<li> Gerente de mudan\u00e7a dedicado para coordenar a mudan\u00e7a<\/li>\n<li> Pesquisa profissional<\/li>\n<li> Embalagem<\/li>\n<li> <a href=\"https:\/\/moverdb.com\/pt\/transporte-de-conteineres\/\">Envio por via mar\u00edtima, a\u00e9rea ou rodovi\u00e1ria<\/a><\/li>\n<li> Desempacotar se necess\u00e1rio<\/li>\n<li> Limpar o material de embalagem para reciclagem<\/li>\n<li> Armazenagem, se necess\u00e1rio<\/li>\n<li> Seguros<\/li>\n<\/ul>\n<p><strong>Solu\u00e7\u00f5es de realoca\u00e7\u00e3o sob medida<\/strong><\/p>\n<ul>\n<li> Pacotes informativos<\/li>\n<li> Treinamento cultural<\/li>\n<li> Orienta\u00e7\u00e3o\/visitas Ver visitas<\/li>\n<li> Conselhos educacionais<\/li>\n<li> Alojamento tempor\u00e1rio<\/li>\n<li> Busca em casa<\/li>\n<li> Negocia\u00e7\u00e3o do leasing<\/li>\n<li> Check in \/ check out das propriedades<\/li>\n<li> Aluguel de m\u00f3veis<\/li>\n<li> Instalando-se em<\/li>\n<li> Assist\u00eancia de parceiros<\/li>\n<li> Treinamento de idiomas<\/li>\n<\/ul>\n<p><strong>Mudan\u00e7a privada<\/strong><\/p>\n<ul>\n<li> Gerente de mudan\u00e7as dedicado<\/li>\n<li> Pesquisa<\/li>\n<li> Embalagem profissional<\/li>\n<li> Transporte de pertences por via mar\u00edtima, a\u00e9rea ou rodovi\u00e1ria<\/li>\n<li> Desembara\u00e7o aduaneiro<\/li>\n<li> Desempacotamento de pertences<\/li>\n<li> Reciclagem de materiais de embalagem<\/li>\n<li> Armazenamento, se necess\u00e1rio<\/li>\n<li> Seguro organizado<\/li>\n<\/ul>\n<p><strong>Servi\u00e7os de armazenagem<\/strong><\/p>\n<ul>\n<li> Servi\u00e7o completo de armazenagem<\/li>\n<li> Auto-armazenamento<\/li>\n<li> Armazenamento para estudantes<\/li>\n<li> Armazenagem comercial<\/li>\n<li> Curto ou longo prazo<\/li>\n<li> CCTV 24 horas<\/li>\n<\/ul>\n<h2>Perfil da Gerson Relocation Company<\/h2>\n<p>A Gerson Relocation foi fundada em 1961 e seu objetivo \u00e9 oferecer a seus clientes um servi\u00e7o altamente personalizado que n\u00e3o pode ser encontrado em outras organiza\u00e7\u00f5es. A empresa consegue isto atrav\u00e9s de um rigoroso controle de qualidade e pessoal profissional bem treinado, alguns dos quais est\u00e3o na empresa h\u00e1 d\u00e9cadas.<\/p>\n<p>A realoca\u00e7\u00e3o da Gerson tamb\u00e9m est\u00e1 determinada a que seus neg\u00f3cios sejam administrados de forma limpa e ambientalmente respons\u00e1vel. Eles ap\u00f3iam tr\u00eas institui\u00e7\u00f5es de caridade e d\u00e3o a seus funcion\u00e1rios dois dias de licen\u00e7a remunerada para que tamb\u00e9m possam contribuir para estas causas.<\/p>\n<p>Hoje, a Gerson Relocation \u00e9 uma subsidi\u00e1ria da <a href=\"https:\/\/moverdb.com\/pt\/abels-removals\/\">Abels Moving Services<\/a> Ltd, que \u00e9 uma empresa familiar de grande sucesso, que recebeu o mandado real para HM The Queen em 1988. Com base nos question\u00e1rios enviados aos clientes, a empresa alcan\u00e7ou um \u00edndice de satisfa\u00e7\u00e3o do cliente de 98% para 2015 e 2016.<\/p>\n<p>Credenciamentos e filia\u00e7\u00f5es Gerson Relocation: <\/p>\n<ul>\n<li> <a href=\"https:\/\/moverdb.com\/pt\/british-association-of-removers\/\">A Associa\u00e7\u00e3o Brit\u00e2nica de Removedores<\/a> (<a href=\"https:\/\/moverdb.com\/pt\/british-association-of-removers\/\" data-internallinksmanager029f6b8e52c=\"9\" title=\"Associa\u00e7\u00e3o Brit\u00e2nica de Removers (BAR) Explicada\">BAR<\/a>)<\/li>\n<li> <a href=\"https:\/\/moverdb.com\/pt\/harmony-relocation-network\/\">Rede Harmony Relocation<\/a> (<a href=\"https:\/\/moverdb.com\/pt\/harmony-relocation-network\/\" data-internallinksmanager029f6b8e52c=\"20\" title=\"Harmony Relocation Network (HRN) Explicado\">HRN<\/a>)<\/li>\n<li> <a href=\"https:\/\/moverdb.com\/pt\/eura\/\">Associa\u00e7\u00e3o Europ\u00e9ia de Deslocaliza\u00e7\u00e3o<\/a> (<a href=\"https:\/\/moverdb.com\/pt\/eura\/\" data-internallinksmanager029f6b8e52c=\"13\" title=\"Associa\u00e7\u00e3o Europ\u00e9ia de Deslocaliza\u00e7\u00e3o (EuRA) Explicada\">EuRA<\/a>)<\/li>\n<li> <a href=\"https:\/\/moverdb.com\/pt\/fidi-faim\/\">FIDI<\/a><\/li>\n<li> <a href=\"https:\/\/moverdb.com\/pt\/fidi-faim\/\" data-internallinksmanager029f6b8e52c=\"16\" title=\"FIDI &amp; FAIM (FIDI Accredited International Mover) Explicado\">FAIM<\/a><\/li>\n<li> <a href=\"https:\/\/moverdb.com\/pt\/mtc\/\">O Clube Comercial Movers<\/a> (<a href=\"https:\/\/moverdb.com\/pt\/mtc\/\" data-internallinksmanager029f6b8e52c=\"30\" title=\"Movers Trading Club (MTC) Explicado\">MTC<\/a>)<\/li>\n<\/ul>\n<h2>Revis\u00f5es de realoca\u00e7\u00e3o de Gerson<\/h2>\n<p><strong>Positivo<\/strong><\/p>\n<ul>\n<li>  \u201c<em>N\u00e3o poder\u00edamos ter pedido um servi\u00e7o melhor de nossa equipe de recoloca\u00e7\u00e3o\".<\/em> - Sra. K. L. via <a href=\"http:\/\/www.gersonrelocation.com\/voice-of-the-customer\/\" target=\"_blank\" rel=\"noopener\">P\u00e1gina de Clientes Feliz<\/a> <\/li>\n<\/ul>\n<p><strong>Negativo<\/strong><\/p>\n<p>N\u00e3o conseguimos encontrar nenhuma revis\u00e3o negativa para a mudan\u00e7a de resid\u00eancia da Gerson online.<\/p>\n<div itemprop=\"review\" itemscope itemtype=\"http:\/\/schema.org\/Review\">\n<span itemprop=\"author\" itemscope=\"\" itemtype=\"http:\/\/schema.org\/Organization\"><span itemprop=\"name\">MoverDB.com<\/span><\/span> Revis\u00e3o do site on-line para <span itemprop=\"itemreviewed\" itemscope=\"\" itemtype=\"http:\/\/schema.org\/Brand\"><span itemprop=\"name\">Deslocaliza\u00e7\u00e3o de Gerson<\/span><\/span>:<\/p>\n<ol>\n<li> Detalhes claros de contato no website (incluindo n\u00famero de telefone): <strong>Sim<\/strong><\/li>\n<li> F\u00e1cil de obter <a href=\"https:\/\/moverdb.com\/pt\/citacoes\/\">cita\u00e7\u00f5es de mudan\u00e7as internacionais<\/a>? (Formul\u00e1rio de solicita\u00e7\u00e3o de or\u00e7amento on-line): <strong>Sim<\/strong><\/li>\n<li> Informa\u00e7\u00f5es claras no site: <strong>Sim,<\/strong> O site \u00e9 bastante detalhado, dando aos potenciais clientes uma boa id\u00e9ia do que os servi\u00e7os devem esperar.<\/li>\n<li> Participa\u00e7\u00e3o em organiza\u00e7\u00f5es internacionais de mudan\u00e7as reconhecidas: <strong>Sim<\/strong><\/li>\n<li> Lista de clientes e\/ou depoimentos de clientes anteriores: <strong>Sim<\/strong>H\u00e1 muitos depoimentos positivos de clientes no site.<\/li>\n<\/ol>\n<div itemprop=\"reviewRating\" itemscope itemtype=\"http:\/\/schema.org\/Rating\"><meta itemprop=\"worstRating\" content = \"0\" \/><meta itemprop=\"bestRating\" content=\"5\" \/><meta itemprop=\"ratingValue\" content=\"5\"><\/div>\n<p><strong>Nota geral: 5\/5<\/strong><br \/>\n<strong>Data de revis\u00e3o:<\/strong> <span itemprop=\"datePublished\" content=\"2016-09-23\">23\/09\/16<\/span>\n<\/div>\n<p>Mais sobre <a href=\"https:\/\/moverdb.com\/pt\/remocoes-internacionais\/\">mudan\u00e7as internacionais<\/a> e nosso <a href=\"https:\/\/moverdb.com\/pt\/criticas\/\">processo de revis\u00e3o explicado<\/a>.<\/p>\n<p><strong>Website:<\/strong> <a href=\"http:\/\/www.gersonrelocation.com\" target=\"_blank\" rel=\"noopener\">http:\/\/www.gersonrelocation.com<\/a><\/p>","protected":false},"excerpt":{"rendered":"<p>Gerson Relocation offer their clients a variety of services, whether they are relocating abroad or locally. A company profile and reviews follow the list of services on offer. Corporate Services\/Support Dedicated move manager to coordinate the move Professional survey Packing Shipping by sea, air or road Unpacking if required Clear away packing material for recycling [&hellip;]<\/p>\n","protected":false},"author":1,"featured_media":0,"parent":0,"menu_order":0,"comment_status":"closed","ping_status":"closed","template":"","meta":{"_genesis_hide_title":false,"_genesis_hide_breadcrumbs":false,"_genesis_hide_singular_image":false,"_genesis_hide_footer_widgets":false,"_genesis_custom_body_class":"","_genesis_custom_post_class":"","_genesis_layout":"","footnotes":""},"class_list":{"0":"post-939","1":"page","2":"type-page","3":"status-publish","5":"entry"},"_links":{"self":[{"href":"https:\/\/moverdb.com\/pt\/wp-json\/wp\/v2\/pages\/939","targetHints":{"allow":["GET"]}}],"collection":[{"href":"https:\/\/moverdb.com\/pt\/wp-json\/wp\/v2\/pages"}],"about":[{"href":"https:\/\/moverdb.com\/pt\/wp-json\/wp\/v2\/types\/page"}],"author":[{"embeddable":true,"href":"https:\/\/moverdb.com\/pt\/wp-json\/wp\/v2\/users\/1"}],"replies":[{"embeddable":true,"href":"https:\/\/moverdb.com\/pt\/wp-json\/wp\/v2\/comments?post=939"}],"version-history":[{"count":3,"href":"https:\/\/moverdb.com\/pt\/wp-json\/wp\/v2\/pages\/939\/revisions"}],"predecessor-version":[{"id":6214,"href":"https:\/\/moverdb.com\/pt\/wp-json\/wp\/v2\/pages\/939\/revisions\/6214"}],"wp:attachment":[{"href":"https:\/\/moverdb.com\/pt\/wp-json\/wp\/v2\/media?parent=939"}],"curies":[{"name":"wp","href":"https:\/\/api.w.org\/{rel}","templated":true}]}}