{"id":938,"date":"2016-09-23T07:14:51","date_gmt":"2016-09-23T07:14:51","guid":{"rendered":"http:\/\/moverdb.com\/?page_id=938"},"modified":"2026-01-08T14:40:14","modified_gmt":"2026-01-08T14:40:14","slug":"momentous-relocation","status":"publish","type":"page","link":"https:\/\/moverdb.com\/pt\/momentous-relocation\/","title":{"rendered":"Deslocaliza\u00e7\u00e3o moment\u00e2nea: Mudan\u00e7as e Mudan\u00e7as Internacionais"},"content":{"rendered":"<p>A Momentous Relocation \u00e9 uma empresa especializada em mudan\u00e7as e realoca\u00e7\u00e3o internacional baseada em <a href=\"https:\/\/moverdb.com\/pt\/moving-to-london\/\">Londres<\/a>. Ela oferece a seus clientes muitos servi\u00e7os que est\u00e3o listados abaixo, juntamente com um perfil de empresa e revis\u00f5es.<\/p>\n<p><strong>Servi\u00e7os de mudan\u00e7a<\/strong><\/p>\n<ul>\n<li> Pesquisa pr\u00e9-movimento<\/li>\n<li> <a href=\"https:\/\/moverdb.com\/pt\/transporte-de-conteineres\/\">Transporte mar\u00edtimo e a\u00e9reo de cargas<\/a><\/li>\n<li> Servi\u00e7os de destino<\/li>\n<li> Servi\u00e7os de seguros<\/li>\n<li> Mudan\u00e7as dom\u00e9sticas<\/li>\n<li> Transporte de belas artes<\/li>\n<li> Servi\u00e7o de mudan\u00e7a de animais<\/li>\n<li> Guias de pa\u00edses de origem<\/li>\n<\/ul>\n<p><strong>Servi\u00e7os de reloca\u00e7\u00e3o<\/strong><\/p>\n<ul>\n<li> Movimenta\u00e7\u00e3o e armazenamento global<\/li>\n<li> Visto e imigra\u00e7\u00e3o<\/li>\n<li> Apoio lingu\u00edstico e cultural<\/li>\n<li> <a href=\"https:\/\/moverdb.com\/pt\/custos-de-mudanca\/\">Custo de vida<\/a> an\u00e1lise<\/li>\n<li> Relocaliza\u00e7\u00e3o do apoio de parceiros<\/li>\n<li> Orienta\u00e7\u00e3o de \u00e1rea<\/li>\n<li> Busca de escolas<\/li>\n<li> Alojamento tempor\u00e1rio<\/li>\n<li> Linha de ajuda<\/li>\n<li> Achado dom\u00e9stico<\/li>\n<li> Assentamento em assist\u00eancia<\/li>\n<li> Gerenciamento de reloca\u00e7\u00e3o<\/li>\n<li> Servi\u00e7os de partida<\/li>\n<\/ul>\n<p><strong>Servi\u00e7os de armazenagem<\/strong><\/p>\n<ul>\n<li> Armazenamento a curto e longo prazo<\/li>\n<li> Armazenamento internacional<\/li>\n<li> Armazenamento no <a href=\"https:\/\/moverdb.com\/pt\/moving-to-the-uk\/\" data-internallinksmanager029f6b8e52c=\"93\" title=\"Mudando-se para o Reino Unido? 2026 Custos de Vida e Dicas de Reloca\u00e7\u00e3o\">REINO UNIDO<\/a><\/li>\n<li> Armazenamento para empresas<\/li>\n<li> CCTV 24 horas<\/li>\n<\/ul>\n<p><strong>Deslocaliza\u00e7\u00e3o e mudan\u00e7a de escrit\u00f3rios<\/strong><\/p>\n<ul>\n<li> Gerenciamento de projetos<\/li>\n<li> Aluguel de caixas<\/li>\n<li> Porterage<\/li>\n<li> Planejamento e log\u00edstica<\/li>\n<li> Pacotes de seguros feitos sob medida<\/li>\n<li> Armazenamento de m\u00f3veis de escrit\u00f3rio<\/li>\n<li> Armazenamento de documentos<\/li>\n<li> Armazenamento de arquivos<\/li>\n<li> Armazenamento especializado<\/li>\n<li> Responsabilidade social corporativa<\/li>\n<li> Servi\u00e7os de elimina\u00e7\u00e3o<\/li>\n<li> Tritura\u00e7\u00e3o segura<\/li>\n<li> Servi\u00e7os de limpeza<\/li>\n<li> Autoriza\u00e7\u00f5es de escrit\u00f3rio<\/li>\n<\/ul>\n<p><strong>Servi\u00e7o de Embalagem e Embarque de Belas Artes<\/strong><\/p>\n<ul>\n<li> Fabrica\u00e7\u00e3o e embalagem de caixas<\/li>\n<li> Envio por via rodovi\u00e1ria, a\u00e9rea ou mar\u00edtima<\/li>\n<li> Armazenamento<\/li>\n<li> Embalagem de luvas brancas<\/li>\n<li> Servi\u00e7os de exposi\u00e7\u00e3o<\/li>\n<\/ul>\n<p><strong>Projetos especiais<\/strong><\/p>\n<ul>\n<li> Transporte do servidor<\/li>\n<li> Deslocaliza\u00e7\u00e3o de escrit\u00f3rios internacionais<\/li>\n<li> Movimentos especializados<\/li>\n<li> Seguro sob medida<\/li>\n<\/ul>\n<h2>Perfil da Empresa de Realoca\u00e7\u00e3o Momentous<\/h2>\n<p>Em 1978, a reloca\u00e7\u00e3o moment\u00e2nea iniciou sua opera\u00e7\u00e3o internacional. Seu escrit\u00f3rio registrado \u00e9 em Baker Street, Londres e possui duas instala\u00e7\u00f5es de armazenamento e escrit\u00f3rio no noroeste de Londres (Sede) e Aylesbury. <\/p>\n<p>A empresa e seus funcion\u00e1rios dizem que sempre colocam seus clientes em primeiro lugar e se esfor\u00e7am para fazer com que cada movimento funcione rapidamente e sem dor para o cliente.<\/p>\n<p>A Relocaliza\u00e7\u00e3o Momentous tem um extenso programa de responsabilidade social corporativa que engloba seu pessoal, seus clientes, o meio ambiente e a comunidade.<\/p>\n<p>Afilia\u00e7\u00f5es e credenciamentos de realoca\u00e7\u00e3o moment\u00e2nea:<\/p>\n<ul>\n<li> <a href=\"https:\/\/moverdb.com\/pt\/fidi-faim\/\">FIDI<\/a><\/li>\n<li> <a href=\"https:\/\/moverdb.com\/pt\/fidi-faim\/\">FAIM Plus<\/a><\/li>\n<li> <a href=\"https:\/\/moverdb.com\/pt\/british-association-of-removers\/\">A Associa\u00e7\u00e3o Brit\u00e2nica de Removedores<\/a> (<a href=\"https:\/\/moverdb.com\/pt\/british-association-of-removers\/\" data-internallinksmanager029f6b8e52c=\"9\" title=\"Associa\u00e7\u00e3o Brit\u00e2nica de Removers (BAR) Explicada\">BAR<\/a>)<\/li>\n<li> <a href=\"https:\/\/moverdb.com\/pt\/bar-overseas\/\">A Associa\u00e7\u00e3o Brit\u00e2nica de Removers Overseas Group<\/a><\/li>\n<li> <a href=\"https:\/\/moverdb.com\/pt\/mtc\/\">O Clube Comercial Movers<\/a> (<a href=\"https:\/\/moverdb.com\/pt\/mtc\/\" data-internallinksmanager029f6b8e52c=\"30\" title=\"Movers Trading Club (MTC) Explicado\">MTC<\/a>)<\/li>\n<li> <a href=\"https:\/\/moverdb.com\/pt\/eura\/\">EuRA<\/a><\/li>\n<li> Credenciamentos ISO<\/li>\n<\/ul>\n<h2>Revis\u00f5es de realoca\u00e7\u00e3o moment\u00e2neas<\/h2>\n<p><strong>Positivo:<\/strong><\/p>\n<ul>\n<li> \u201c<em>Um movimento not\u00e1vel em todos os aspectos, n\u00e3o poderia falar o suficiente do servi\u00e7o. Recomendar\u00e1 a todos que perguntarem no futuro. Cikis e Scott foram brilhantes\"!<\/em> via <a href=\"http:\/\/www.momentousrelocation.com\/about-us\/what-our-customers-say-momentous-relocation-reviews\/\" target=\"_blank\" rel=\"noopener\">Momentous What Our Customers Say Page<\/a><\/li>\n<li> <em>\"Pela segunda vez Momentous me comoveram, n\u00e3o poderia recomend\u00e1-los o suficiente\".<\/em> - via <a href=\"http:\/\/moveaide.com\/movers\/momentous-relocation-london-uk-mover-review\" target=\"_blank\" rel=\"noopener\">MoveAid.com<\/a><\/li>\n<li> <em>\"Eu me mudei do Reino Unido para <a href=\"https:\/\/moverdb.com\/pt\/moving-to-germany\/\" data-internallinksmanager029f6b8e52c=\"321\" title=\"Est\u00e1 se mudando para a Alemanha? 2026 Custo de vida e dicas de realoca\u00e7\u00e3o\">Alemanha<\/a>. O servi\u00e7o era muito profissional, a equipe organizadora no Reino Unido era acomodat\u00edcia e flex\u00edvel\".<\/em> - \u00darsula via <a href=\"https:\/\/www.facebook.com\/pg\/momentousltd\/reviews\/\" target=\"_blank\" rel=\"noopener\">Facebook<\/a><\/li>\n<li> <em>\"Fant\u00e1stico servi\u00e7o! A tripula\u00e7\u00e3o, Scott e Darren foram educados e muito profissionais, empacotaram tudo com muita efici\u00eancia, at\u00e9 mesmo usaram protetores de piso para que meus tapetes estivessem totalmente protegidos\".<\/em> - Evelynn via <a href=\"http:\/\/www.removalreviews.co.uk\/movers\/momentous-relocation-215#8293\" target=\"_blank\" rel=\"noopener\">RemovalReviews.com<\/a><\/li>\n<\/ul>\n<p><strong>Negativo<\/strong><\/p>\n<ul>\n<li> <em>\"Tive uma experi\u00eancia horr\u00edvel com este neg\u00f3cio que levou meu dinheiro e ent\u00e3o prestou um servi\u00e7o horr\u00edvel (parte do qual foi culpa de seus s\u00f3cios), mas eles se recusaram a assumir qualquer responsabilidade ou propriedade ou eventos que inclu\u00edam um acidente grave ocorrido a um membro da fam\u00edlia com m\u00f3veis instalados incorretamente\".<\/em> - James via <a href=\"http:\/\/moveaide.com\/movers\/momentous-relocation-london-uk-mover-review\" target=\"_blank\" rel=\"noopener\">MoveAid.com<\/a><\/li>\n<li> <em>As remo\u00e7\u00f5es moment\u00e2neas s\u00e3o as piores <a href=\"https:\/\/moverdb.com\/pt\/international-removals\/\" data-internallinksmanager029f6b8e52c=\"27\" title=\"36 melhores empresas de mudan\u00e7as internacionais no Reino Unido\">empresa de mudan\u00e7as<\/a> neste pa\u00eds. Eu mudei de casa 6 vezes em menos de 8 anos, ent\u00e3o eu acho que tenho experi\u00eancia nisso agora.<\/em> via <a href=\"http:\/\/www.removalreviews.co.uk\/movers\/momentous-relocation-215#714\" target=\"_blank\" rel=\"noopener\">RemovalReviews.com<\/a><\/li>\n<\/ul>\n<div itemprop=\"review\" itemscope itemtype=\"http:\/\/schema.org\/Review\">\n<span itemprop=\"author\" itemscope=\"\" itemtype=\"http:\/\/schema.org\/Organization\"><span itemprop=\"name\">MoverDB.com<\/span><\/span> Revis\u00e3o do site on-line para <span itemprop=\"itemreviewed\" itemscope=\"\" itemtype=\"http:\/\/schema.org\/Brand\"><span itemprop=\"name\">Deslocaliza\u00e7\u00e3o moment\u00e2nea<\/span><\/span>:<\/p>\n<ol>\n<li> Detalhes claros de contato no website (incluindo n\u00famero de telefone): <strong>Sim<\/strong><\/li>\n<li> F\u00e1cil de obter <a href=\"https:\/\/moverdb.com\/pt\/citacoes\/\">cita\u00e7\u00f5es de mudan\u00e7as internacionais<\/a>? (Formul\u00e1rio de solicita\u00e7\u00e3o de or\u00e7amento on-line): <strong>Sim<\/strong><\/li>\n<li> Informa\u00e7\u00f5es claras no site: <strong>Sim<\/strong>O site descreve os servi\u00e7os oferecidos, mas n\u00e3o d\u00e1 muitas informa\u00e7\u00f5es detalhadas.<\/li>\n<li> Participa\u00e7\u00e3o em organiza\u00e7\u00f5es internacionais de mudan\u00e7as reconhecidas: <strong>Sim<\/strong><\/li>\n<li> Lista de clientes e\/ou depoimentos de clientes anteriores: <strong>Sim,<\/strong> H\u00e1 v\u00e1rios testemunhos positivos de clientes, mas nenhuma lista de clientes. A empresa tamb\u00e9m geralmente recebe, em sua maioria, cr\u00edticas positivas on-line.<\/li>\n<\/ol>\n<div itemprop=\"reviewRating\" itemscope itemtype=\"http:\/\/schema.org\/Rating\"><meta itemprop=\"worstRating\" content = \"0\" \/><meta itemprop=\"bestRating\" content=\"5\" \/><meta itemprop=\"ratingValue\" content=\"4.5\"><\/div>\n<p><strong>Nota geral: 4,5\/5<\/strong><br \/>\n<strong>Data de revis\u00e3o:<\/strong> <span itemprop=\"datePublished\" content=\"2016-09-23\">23\/09\/16<\/span>\n<\/div>\n<p>Mais sobre <a href=\"https:\/\/moverdb.com\/pt\/remocoes-internacionais\/\">empresas de mudan\u00e7as<\/a> e nosso <a href=\"https:\/\/moverdb.com\/pt\/criticas\/\">processo de revis\u00e3o<\/a>.<\/p>\n<p><strong>Website:<\/strong> <a href=\"http:\/\/www.momentousrelocation.com\/\" target=\"_blank\" rel=\"noopener\">http:\/\/www.momentousrelocation.com<\/a><\/p>","protected":false},"excerpt":{"rendered":"<p>Momentous Relocation is an international removal and relocation specialist company based in London. It offers its clients many services which are listed below, together with a company profile and reviews. Moving Services Pre move survey Shipping and airfreight Destination services Insurance services Domestic moving Fine art shipping Pet moving service Moving home country guides Relocation [&hellip;]<\/p>\n","protected":false},"author":1,"featured_media":0,"parent":0,"menu_order":0,"comment_status":"closed","ping_status":"closed","template":"","meta":{"_genesis_hide_title":false,"_genesis_hide_breadcrumbs":false,"_genesis_hide_singular_image":false,"_genesis_hide_footer_widgets":false,"_genesis_custom_body_class":"","_genesis_custom_post_class":"","_genesis_layout":"","footnotes":""},"class_list":{"0":"post-938","1":"page","2":"type-page","3":"status-publish","5":"entry"},"_links":{"self":[{"href":"https:\/\/moverdb.com\/pt\/wp-json\/wp\/v2\/pages\/938","targetHints":{"allow":["GET"]}}],"collection":[{"href":"https:\/\/moverdb.com\/pt\/wp-json\/wp\/v2\/pages"}],"about":[{"href":"https:\/\/moverdb.com\/pt\/wp-json\/wp\/v2\/types\/page"}],"author":[{"embeddable":true,"href":"https:\/\/moverdb.com\/pt\/wp-json\/wp\/v2\/users\/1"}],"replies":[{"embeddable":true,"href":"https:\/\/moverdb.com\/pt\/wp-json\/wp\/v2\/comments?post=938"}],"version-history":[{"count":6,"href":"https:\/\/moverdb.com\/pt\/wp-json\/wp\/v2\/pages\/938\/revisions"}],"predecessor-version":[{"id":13178,"href":"https:\/\/moverdb.com\/pt\/wp-json\/wp\/v2\/pages\/938\/revisions\/13178"}],"wp:attachment":[{"href":"https:\/\/moverdb.com\/pt\/wp-json\/wp\/v2\/media?parent=938"}],"curies":[{"name":"wp","href":"https:\/\/api.w.org\/{rel}","templated":true}]}}