{"id":927,"date":"2016-09-23T21:57:09","date_gmt":"2016-09-23T21:57:09","guid":{"rendered":"http:\/\/moverdb.com\/?page_id=927"},"modified":"2026-01-08T13:19:00","modified_gmt":"2026-01-08T13:19:00","slug":"imove-internacional","status":"publish","type":"page","link":"https:\/\/moverdb.com\/pt\/imove-international\/","title":{"rendered":"IMove International: Mudan\u00e7as &amp; Mudan\u00e7as Revis\u00f5es"},"content":{"rendered":"<p>A IMove International est\u00e1 sediada em Surrey. Ela oferece a seus clientes uma gama de servi\u00e7os para auxiliar em sua mudan\u00e7a para o exterior. Estes est\u00e3o listados abaixo, juntamente com um perfil de empresa e revis\u00f5es.<\/p>\n<p><strong><a href=\"https:\/\/moverdb.com\/pt\/international-removals\/\" data-internallinksmanager029f6b8e52c=\"27\" title=\"36 melhores empresas de mudan\u00e7as internacionais no Reino Unido\">Mudan\u00e7as internacionais<\/a><\/strong><\/p>\n<ul>\n<li> Coordenador pessoal de mudan\u00e7as<\/li>\n<li> Porta a porta<\/li>\n<li> Porta para <a href=\"https:\/\/moverdb.com\/pt\/top-49-container-ports\/\" data-internallinksmanager029f6b8e52c=\"80\" title=\"Os 49 maiores e mais movimentados portos de cont\u00eaineres em 2025\">porto<\/a><\/li>\n<li> A\u00e9reo, mar\u00edtimo ou rodovi\u00e1rio<\/li>\n<li> Mudan\u00e7as da empresa<\/li>\n<li> <a href=\"https:\/\/moverdb.com\/pt\/transporte-de-carro-transporte-embarque\/\">Ve\u00edculos automotores<\/a><\/li>\n<li> Servi\u00e7o de embalagem completa<\/li>\n<li> Auto-embalagem<\/li>\n<li> Embalagem fr\u00e1gil<\/li>\n<li> Fornecimento gratuito de caixas de papel\u00e3o, fita adesiva e embalagem<\/li>\n<li> Servi\u00e7o de desembalagem<\/li>\n<li> Armazenamento a longo e curto prazo <\/li>\n<li> <a href=\"https:\/\/moverdb.com\/pt\/transporte-de-conteineres\/\">Transporte de cont\u00eaineres<\/a><\/li>\n<li> Envio excessivo de bagagem<\/li>\n<li> Seguro fornecido<\/li>\n<li> Ajuda com a alf\u00e2ndega e documenta\u00e7\u00e3o<\/li>\n<\/ul>\n<p><strong>Outros servi\u00e7os<\/strong><\/p>\n<ul>\n<li> Armazenamento a longo e curto prazo<\/li>\n<li> Transporte e armazenamento de estudantes<\/li>\n<li> <a href=\"https:\/\/moverdb.com\/pt\/car-transport-shipping\/\" data-internallinksmanager029f6b8e52c=\"2\" title=\"2026 Cota\u00e7\u00f5es de transporte internacional de carros e envio de ve\u00edculos\">Transporte de carros<\/a><\/li>\n<li> Container compartilhado<\/li>\n<li> Servi\u00e7o de embalagem para exporta\u00e7\u00e3o<\/li>\n<li> Encaixotamento e confec\u00e7\u00e3o de caixas<\/li>\n<\/ul>\n<h2>Perfil da empresa IMove International<\/h2>\n<p>A IMove International \u00e9 uma empresa jovem, privada e foi fundada em maio de 2011. \u00c9 uma empresa especializada em <a href=\"https:\/\/moverdb.com\/pt\/remocoes-internacionais\/\">remo\u00e7\u00e3o internacional<\/a>empresa de transporte e recoloca\u00e7\u00e3o. <\/p>\n<p>IMove organiza mudan\u00e7as para fam\u00edlias, clientes corporativos e indiv\u00edduos do <a href=\"https:\/\/moverdb.com\/pt\/moving-to-the-uk\/\" data-internallinksmanager029f6b8e52c=\"93\" title=\"Mudando-se para o Reino Unido? 2026 Custos de Vida e Dicas de Reloca\u00e7\u00e3o\">REINO UNIDO<\/a> para a maioria dos destinos ao redor do mundo.<\/p>\n<p>IMove envia desde a menor encomenda at\u00e9 uma casa de m\u00f3veis. A empresa fornece a cada cliente um coordenador de mudan\u00e7a pessoal que \u00e9 seu contato durante todo o processo de mudan\u00e7a.<\/p>\n<p>A IMove International possui as seguintes credencia\u00e7\u00f5es e filia\u00e7\u00f5es:<\/p>\n<ul>\n<li> ISO 9001<\/li>\n<\/ul>\n<h2>IMove International Reviews<\/h2>\n<p><strong>Positivo:<\/strong><\/p>\n<ul>\n<li> <em>\"As coisas correram bem e eficientemente. Eu certamente recomendaria a empresa por seus servi\u00e7os e pela rela\u00e7\u00e3o custo-benef\u00edcio\".<\/em> - H Fowler via <a href=\"http:\/\/www.imoveintl.com\/testimonials.htm\" target=\"_blank\" rel=\"noopener\">P\u00e1gina de coment\u00e1rios de clientes<\/a><\/li>\n<li> \u201c<em>Gostaria de parabenizar a IMove pela pontualidade, conveni\u00eancia e profissionalismo com que minha mudan\u00e7a de Orlando para S\u00e3o Paulo foi realizada. <a href=\"https:\/\/moverdb.com\/pt\/moving-to-the-united-states\/moving-to-florida\/\" data-internallinksmanager029f6b8e52c=\"331\" title=\"Mudan\u00e7a para a Fl\u00f3rida? 2026 Custo de vida e dicas de realoca\u00e7\u00e3o\">Fl\u00f3rida<\/a> para Kent, foi realizada.<\/em> - Annette <a href=\"http:\/\/www.removalreviews.co.uk\/movers\/imove-international-191#11473\" target=\"_blank\" rel=\"noopener\">RemovalReviews.com<\/a> <\/li>\n<li> \u201c<em>Recomendar esta empresa - custo muito razo\u00e1vel, movimenta\u00e7\u00e3o extremamente r\u00e1pida e \u00f3timo servi\u00e7o\".<\/em> - Johathan via <a href=\"http:\/\/www.reviews.co.uk\/company-reviews\/store\/imove-international-removals-ltd\" target=\"_blank\" rel=\"noopener\">Revis\u00f5es.co.uk<\/a> <\/li>\n<\/ul>\n<p><strong>Negativo<\/strong><\/p>\n<ul>\n<li> \u201c<em>Embora o prazo de entrega a partir de <a href=\"https:\/\/moverdb.com\/pt\/moving-to-london\/\">Londres<\/a> para <a href=\"https:\/\/moverdb.com\/pt\/moving-to-switzerland\/\" data-internallinksmanager029f6b8e52c=\"327\" title=\"Est\u00e1 se mudando para a Su\u00ed\u00e7a? 2026 Custo de vida e dicas de realoca\u00e7\u00e3o\">Su\u00ed\u00e7a<\/a> O servi\u00e7o de entrega foi r\u00e1pido, mas eu desaconselho fortemente qualquer pessoa a usar essa empresa, pois um dos itens mais valiosos nunca foi entregue e foi \"perdido\". N\u00e3o pareceu haver nenhuma surpresa, preocupa\u00e7\u00e3o ou pedido de desculpas genu\u00edno quanto \u00e0 perda desse item.\"<\/em> - Sra. Laurens via <a href=\"http:\/\/www.removalreviews.co.uk\/movingreviews\/stolen-item-1264\" target=\"_blank\" rel=\"noopener\">RemovalReviews.co.uk<\/a> <\/li>\n<li> \u201c<em>Nossos itens foram coletados na data de coleta (02.11.2015), o que foi \u00f3timo, por\u00e9m agora \u00e9 mar\u00e7o e ainda n\u00e3o recebemos nossas caixas\".<\/em> - Samantha via <a href=\"http:\/\/www.reviews.co.uk\/company-reviews\/store\/imove-international-removals-ltd\" target=\"_blank\" rel=\"noopener\">Revis\u00f5es.co.uk<\/a> <\/li>\n<\/ul>\n<div itemprop=\"review\" itemscope itemtype=\"http:\/\/schema.org\/Review\">\n<span itemprop=\"author\" itemscope=\"\" itemtype=\"http:\/\/schema.org\/Organization\"><span itemprop=\"name\">MoverDB.com<\/span><\/span> Revis\u00e3o do site on-line para <span itemprop=\"itemreviewed\" itemscope=\"\" itemtype=\"http:\/\/schema.org\/Brand\"><span itemprop=\"name\">IMove Internacional<\/span><\/span>:<\/p>\n<ol>\n<li> Detalhes claros de contato no website (incluindo n\u00famero de telefone): <strong>Sim<\/strong><\/li>\n<li> F\u00e1cil de obter <a href=\"https:\/\/moverdb.com\/pt\/citacoes\/\">cita\u00e7\u00f5es de mudan\u00e7as internacionais<\/a>? (Formul\u00e1rio de solicita\u00e7\u00e3o de or\u00e7amento on-line): <strong>Sim<\/strong><\/li>\n<li> Informa\u00e7\u00f5es claras no site: <strong>Sim<\/strong>O site cont\u00e9m muitas informa\u00e7\u00f5es sobre a mudan\u00e7a para v\u00e1rios pa\u00edses ao redor do mundo, incluindo a documenta\u00e7\u00e3o necess\u00e1ria.<\/li>\n<li> Participa\u00e7\u00e3o em organiza\u00e7\u00f5es internacionais de mudan\u00e7as reconhecidas: <strong>Parcial<\/strong>Enquanto est\u00e3o registrados na ISO, parecem carecer de outros credenciamentos.<\/li>\n<li> Lista de clientes e\/ou depoimentos de clientes anteriores: <strong>Sim,<\/strong> H\u00e1 muitos coment\u00e1rios positivos de clientes no site.<\/li>\n<\/ol>\n<div itemprop=\"reviewRating\" itemscope itemtype=\"http:\/\/schema.org\/Rating\"><meta itemprop=\"worstRating\" content = \"0\" \/><meta itemprop=\"bestRating\" content=\"5\" \/><meta itemprop=\"ratingValue\" content=\"4\"><\/div>\n<p><strong>Nota geral: 4\/5<\/strong><br \/>\n<strong>Data de revis\u00e3o:<\/strong> <span itemprop=\"datePublished\" content=\"2016-09-23\">23\/09\/16<\/span>\n<\/div>\n<p>Leia mais sobre <a href=\"https:\/\/moverdb.com\/pt\/remocoes-internacionais\/\">empresas de mudan\u00e7as<\/a> e nosso <a href=\"https:\/\/moverdb.com\/pt\/criticas\/\">processo de revis\u00e3o<\/a>.<\/p>\n<p><strong>Website:<\/strong> <a href=\"http:\/\/www.imoveintl.com\/\" target=\"_blank\" rel=\"noopener\">http:\/\/www.imoveintl.com\/<\/a><\/p>","protected":false},"excerpt":{"rendered":"<p>IMove International is based in Surrey. It offers its customers a range of services to assist with their move abroad. These are listed below, together with a company profile and reviews. International Removals Personal move coordinator Door to door Door to port Air, sea or road Company relocations Motor vehicles Full packing service Self-packing Fragile [&hellip;]<\/p>\n","protected":false},"author":1,"featured_media":0,"parent":0,"menu_order":0,"comment_status":"closed","ping_status":"closed","template":"","meta":{"_genesis_hide_title":false,"_genesis_hide_breadcrumbs":false,"_genesis_hide_singular_image":false,"_genesis_hide_footer_widgets":false,"_genesis_custom_body_class":"","_genesis_custom_post_class":"","_genesis_layout":"","footnotes":""},"class_list":{"0":"post-927","1":"page","2":"type-page","3":"status-publish","5":"entry"},"_links":{"self":[{"href":"https:\/\/moverdb.com\/pt\/wp-json\/wp\/v2\/pages\/927","targetHints":{"allow":["GET"]}}],"collection":[{"href":"https:\/\/moverdb.com\/pt\/wp-json\/wp\/v2\/pages"}],"about":[{"href":"https:\/\/moverdb.com\/pt\/wp-json\/wp\/v2\/types\/page"}],"author":[{"embeddable":true,"href":"https:\/\/moverdb.com\/pt\/wp-json\/wp\/v2\/users\/1"}],"replies":[{"embeddable":true,"href":"https:\/\/moverdb.com\/pt\/wp-json\/wp\/v2\/comments?post=927"}],"version-history":[{"count":6,"href":"https:\/\/moverdb.com\/pt\/wp-json\/wp\/v2\/pages\/927\/revisions"}],"predecessor-version":[{"id":13160,"href":"https:\/\/moverdb.com\/pt\/wp-json\/wp\/v2\/pages\/927\/revisions\/13160"}],"wp:attachment":[{"href":"https:\/\/moverdb.com\/pt\/wp-json\/wp\/v2\/media?parent=927"}],"curies":[{"name":"wp","href":"https:\/\/api.w.org\/{rel}","templated":true}]}}