{"id":925,"date":"2016-09-27T05:35:52","date_gmt":"2016-09-27T05:35:52","guid":{"rendered":"http:\/\/moverdb.com\/?page_id=925"},"modified":"2026-01-08T14:40:05","modified_gmt":"2026-01-08T14:40:05","slug":"lopa-removals","status":"publish","type":"page","link":"https:\/\/moverdb.com\/pt\/lopa-removals\/","title":{"rendered":"Remo\u00e7\u00f5es de Lopa: Revis\u00f5es de Mudan\u00e7as Internacionais"},"content":{"rendered":"<p>Lopa Removals est\u00e1 sediada em Romford e oferece a seus clientes uma gama de servi\u00e7os que est\u00e3o listados abaixo, juntamente com um perfil de empresa e revis\u00f5es.<\/p>\n<p><strong>Mudan\u00e7as Europ\u00e9ias e Internacionais<\/strong><\/p>\n<ul>\n<li> Gerente de mudan\u00e7as dedicado<\/li>\n<li> Mudan\u00e7as completas da casa completa em 2-5 dias<\/li>\n<li> Seguro organizado<\/li>\n<li> Rastreamento de ve\u00edculos com GPS<\/li>\n<li> Embalagem completa, embalagem fr\u00e1gil ou fa\u00e7a-o voc\u00ea mesmo<\/li>\n<li> Caixas livres e material de embalagem<\/li>\n<li> Garantia sem danos<\/li>\n<li> Engradado<\/li>\n<li> Elevadores externos para itens tais como pianos<\/li>\n<li> Cargas parciais e cargas completas<\/li>\n<li> Servi\u00e7o de desembalagem<\/li>\n<li> Armazenamento a curto e longo prazo<\/li>\n<\/ul>\n<p><strong>Armazenamento<\/strong><\/p>\n<ul>\n<li> Curto e longo prazo<\/li>\n<li> Seguro e fechado<\/li>\n<li> Segurado<\/li>\n<li> Empilhados profissionalmente<\/li>\n<li> Pertencendo a uma prote\u00e7\u00e3o adequada contra danos e sujeira<\/li>\n<\/ul>\n<p><strong>Movimentos de Especialistas<\/strong><\/p>\n<ul>\n<li> Galerias de arte<\/li>\n<li> Exposi\u00e7\u00f5es<\/li>\n<\/ul>\n<h2>Perfil da Lopa Removals Company<\/h2>\n<p>A Lopa Removals \u00e9 especializada em mudan\u00e7as internacionais e especialmente aquelas dentro da Europa. A empresa est\u00e1 sediada em Romford. Esta \u00e9 uma empresa jovem cujo objetivo principal \u00e9 melhorar as mudan\u00e7as existentes entre os pa\u00edses europeus. <\/p>\n<p>Tem uma longa lista de clientes satisfeitos e proeminentes. A Lopa Removals oferece um alto n\u00edvel de servi\u00e7o ao cliente tanto antes, durante e depois da mudan\u00e7a. Devido ao feedback positivo dos clientes, ela est\u00e1 atualmente se concentrando em mudan\u00e7as entre <a href=\"https:\/\/moverdb.com\/pt\/moving-to-london\/\">Londres<\/a>, <a href=\"https:\/\/moverdb.com\/pt\/moving-to-france\/moving-to-paris\/\" data-internallinksmanager029f6b8e52c=\"407\" title=\"Est\u00e1 se mudando para Paris? 2026 Custo de vida e dicas de realoca\u00e7\u00e3o\">Paris<\/a> e Bruxelas, tornando esses movimentos os melhores do mercado.<\/p>\n<p>Lopa Removals tem as seguintes credencia\u00e7\u00f5es e afilia\u00e7\u00f5es:<\/p>\n<ul>\n<li> Padr\u00e3o de qualidade ISO 9001<\/li>\n<li> <a href=\"https:\/\/moverdb.com\/pt\/british-association-of-removers\/\">Associa\u00e7\u00e3o Brit\u00e2nica de Removedores<\/a> (<a href=\"https:\/\/moverdb.com\/pt\/british-association-of-removers\/\" data-internallinksmanager029f6b8e52c=\"9\" title=\"Associa\u00e7\u00e3o Brit\u00e2nica de Removers (BAR) Explicada\">BAR<\/a>)<\/li>\n<\/ul>\n<h2>Lopa Remo\u00e7\u00f5es Revis\u00f5es<\/h2>\n<p><strong>Positivo:<\/strong><\/p>\n<ul>\n<li> \"As mudan\u00e7as da Lopa prestaram um servi\u00e7o muito bom e fizeram com que nossa mudan\u00e7a de Londres para Paris fosse suave e sem estresse\". - S. Gerber via <a href=\"https:\/\/uk.trustpilot.com\/reviews\/57b199dc0000ff00097bf54d\" target=\"_blank\" rel=\"noopener\">Trustpilot<\/a><\/li>\n<\/ul>\n<p><strong>Negativo:<\/strong><\/p>\n<ul>\n<li> \u201c<em>Eu estava me mudando de <a href=\"https:\/\/moverdb.com\/pt\/moving-to-belgium\/\" data-internallinksmanager029f6b8e52c=\"323\" title=\"Est\u00e1 se mudando para a B\u00e9lgica? 2026 Custo de vida e dicas de realoca\u00e7\u00e3o\">B\u00e9lgica<\/a> e ficou entusiasmado em encontrar esses caras, com pre\u00e7os razo\u00e1veis, cr\u00edticas muito boas aqui e anunciados como sendo de propriedade da fam\u00edlia e muito compreensivos. Eu deveria ter sabido melhor\".<\/em> Andrei via <a href=\"https:\/\/uk.trustpilot.com\/reviews\/53ce415d0000640002999120\" target=\"_blank\" rel=\"noopener\">Trustpilot<\/a> <\/li>\n<\/ul>\n<div itemprop=\"review\" itemscope itemtype=\"http:\/\/schema.org\/Review\">\n<span itemprop=\"author\" itemscope=\"\" itemtype=\"http:\/\/schema.org\/Organization\"><span itemprop=\"name\">MoverDB.com<\/span><\/span> Revis\u00e3o do site on-line para <span itemprop=\"itemreviewed\" itemscope=\"\" itemtype=\"http:\/\/schema.org\/Brand\"><span itemprop=\"name\">Remo\u00e7\u00e3o de Lopa<\/span><\/span>:<\/p>\n<ol>\n<li> Detalhes claros de contato no website (incluindo n\u00famero de telefone): <strong>Sim<\/strong><\/li>\n<li> F\u00e1cil de obter <a href=\"https:\/\/moverdb.com\/pt\/citacoes\/\">cita\u00e7\u00f5es de remo\u00e7\u00f5es<\/a>? (Formul\u00e1rio de solicita\u00e7\u00e3o de or\u00e7amento on-line): <strong>Sim<\/strong><\/li>\n<li> Informa\u00e7\u00f5es claras no site: <strong>Alguns,<\/strong> mas em geral o site cont\u00e9m relativamente poucas informa\u00e7\u00f5es<\/li>\n<li> Participa\u00e7\u00e3o em organiza\u00e7\u00f5es internacionais de mudan\u00e7as reconhecidas: <strong>Sim<\/strong><\/li>\n<li> Lista de clientes e\/ou depoimentos de clientes anteriores: <strong>Parcial,<\/strong> embora n\u00e3o hospedados no local, eles t\u00eam uma classifica\u00e7\u00e3o postiva no Trustpilot.<\/li>\n<\/ol>\n<div itemprop=\"reviewRating\" itemscope itemtype=\"http:\/\/schema.org\/Rating\"><meta itemprop=\"worstRating\" content = \"0\" \/><meta itemprop=\"bestRating\" content=\"5\" \/><meta itemprop=\"ratingValue\" content=\"4\"><\/div>\n<p><strong>Nota geral: 4\/5<\/strong><br \/>\n<strong>Data de revis\u00e3o:<\/strong> <span itemprop=\"datePublished\" content=\"2016-09-27\">27\/08\/16<\/span>\n<\/div>\n<p>Leia mais sobre <a href=\"https:\/\/moverdb.com\/pt\/remocoes-internacionais\/\">mudan\u00e7as internacionais<\/a> e nosso <a href=\"https:\/\/moverdb.com\/pt\/criticas\/\">processo de revis\u00e3o<\/a>.<\/p>\n<p><strong>Website:<\/strong> <a href=\"http:\/\/new.loparemovals.com\/\" target=\"_blank\" rel=\"noopener\">http:\/\/new.loparemovals.com\/<\/a><\/p>","protected":false},"excerpt":{"rendered":"<p>Lopa Removals is based in Romford and offers its customers a range of services which are listed below, together with a company profile and reviews. European and International Moves Dedicated move manager Full house moves complete in 2-5 days Insurance arranged GPS vehicle tracking Full packing, fragile packing or do it yourself Free boxes and [&hellip;]<\/p>\n","protected":false},"author":1,"featured_media":0,"parent":0,"menu_order":0,"comment_status":"closed","ping_status":"closed","template":"","meta":{"_genesis_hide_title":false,"_genesis_hide_breadcrumbs":false,"_genesis_hide_singular_image":false,"_genesis_hide_footer_widgets":false,"_genesis_custom_body_class":"","_genesis_custom_post_class":"","_genesis_layout":"","footnotes":""},"class_list":{"0":"post-925","1":"page","2":"type-page","3":"status-publish","5":"entry"},"_links":{"self":[{"href":"https:\/\/moverdb.com\/pt\/wp-json\/wp\/v2\/pages\/925","targetHints":{"allow":["GET"]}}],"collection":[{"href":"https:\/\/moverdb.com\/pt\/wp-json\/wp\/v2\/pages"}],"about":[{"href":"https:\/\/moverdb.com\/pt\/wp-json\/wp\/v2\/types\/page"}],"author":[{"embeddable":true,"href":"https:\/\/moverdb.com\/pt\/wp-json\/wp\/v2\/users\/1"}],"replies":[{"embeddable":true,"href":"https:\/\/moverdb.com\/pt\/wp-json\/wp\/v2\/comments?post=925"}],"version-history":[{"count":7,"href":"https:\/\/moverdb.com\/pt\/wp-json\/wp\/v2\/pages\/925\/revisions"}],"predecessor-version":[{"id":13171,"href":"https:\/\/moverdb.com\/pt\/wp-json\/wp\/v2\/pages\/925\/revisions\/13171"}],"wp:attachment":[{"href":"https:\/\/moverdb.com\/pt\/wp-json\/wp\/v2\/media?parent=925"}],"curies":[{"name":"wp","href":"https:\/\/api.w.org\/{rel}","templated":true}]}}