{"id":924,"date":"2016-09-03T21:30:31","date_gmt":"2016-09-03T21:30:31","guid":{"rendered":"http:\/\/moverdb.com\/?page_id=924"},"modified":"2026-01-08T14:48:13","modified_gmt":"2026-01-08T14:48:13","slug":"eagle-relocations","status":"publish","type":"page","link":"https:\/\/moverdb.com\/pt\/eagle-relocations\/","title":{"rendered":"Deslocamentos da \u00c1guia: Mudan\u00e7as e remo\u00e7\u00f5es internacionais"},"content":{"rendered":"<p>A mudan\u00e7a da \u00e1guia \u00e9 um <a href=\"https:\/\/moverdb.com\/pt\/international-removals\/\" data-internallinksmanager029f6b8e52c=\"27\" title=\"36 melhores empresas de mudan\u00e7as internacionais no Reino Unido\">empresa de mudan\u00e7as<\/a> sediada em Watford, <a href=\"https:\/\/moverdb.com\/pt\/moving-to-the-uk\/\" data-internallinksmanager029f6b8e52c=\"93\" title=\"Mudando-se para o Reino Unido? 2026 Custos de Vida e Dicas de Reloca\u00e7\u00e3o\">REINO UNIDO<\/a>. Ela oferece a seus clientes uma gama de servi\u00e7os de mudan\u00e7as que est\u00e3o listados abaixo, juntamente com um perfil de empresa e revis\u00f5es.<\/p>\n<p><strong>Mudan\u00e7as internacionais<\/strong><\/p>\n<ul>\n<li> Servi\u00e7o porta a porta<\/li>\n<li> Servi\u00e7o porta a borda da cal\u00e7ada<\/li>\n<li> Porta para <a href=\"https:\/\/moverdb.com\/pt\/top-49-container-ports\/\" data-internallinksmanager029f6b8e52c=\"80\" title=\"Os 49 maiores e mais movimentados portos de cont\u00eaineres em 2025\">porto<\/a> servi\u00e7o<\/li>\n<li> Servi\u00e7o de embalagem completa<\/li>\n<li> Servi\u00e7o fr\u00e1gil ou de embalagem parcial<\/li>\n<li> Servi\u00e7o de embalagem pr\u00f3prio<\/li>\n<li> Desmontagem e remontagem de m\u00f3veis<\/li>\n<li> Materiais de embalagem fornecidos<\/li>\n<li> Tr\u00e2nsito rodovi\u00e1rio, a\u00e9reo e mar\u00edtimo<\/li>\n<li> Desembara\u00e7o aduaneiro<\/li>\n<li> Remo\u00e7\u00e3o de detritos<\/li>\n<li> Servi\u00e7o de concierge<\/li>\n<li> Servi\u00e7o de camareira<\/li>\n<\/ul>\n<p><strong>Mudan\u00e7as Corporativas<\/strong><\/p>\n<ul>\n<li> Gerente de mudan\u00e7as pessoais corporativas<\/li>\n<li> Levantamento das instala\u00e7\u00f5es existentes e novas<\/li>\n<li> Desmontagem e remontagem de m\u00f3veis<\/li>\n<li> Especialistas em TI para a movimenta\u00e7\u00e3o de computadores<\/li>\n<li> Caixas m\u00f3veis projetadas para escrit\u00f3rios<\/li>\n<li> Caixas etiquetadas<\/li>\n<li> Gerente de mudan\u00e7a continuamente no local durante a mudan\u00e7a<\/li>\n<li> Seguro organizado<\/li>\n<\/ul>\n<p><strong>Mudan\u00e7as em casa no Reino Unido<\/strong><\/p>\n<ul>\n<li> Liga\u00e7\u00e3o com o administrador da mudan\u00e7a<\/li>\n<li> Pesquisa pr\u00e9-movimento<\/li>\n<li> Coordenador dedicado de mudan\u00e7as<\/li>\n<li> Porta a porta<\/li>\n<li> Embalagem completa, embalagem parcial ou fa\u00e7a voc\u00ea mesmo<\/li>\n<li> Desmontagem e remontagem de m\u00f3veis<\/li>\n<li> Seguro organizado<\/li>\n<li> Remo\u00e7\u00e3o de detritos<\/li>\n<\/ul>\n<h2>Perfil da empresa Eagle Relocations<\/h2>\n<p>A Eagle Relocations foi estabelecida como uma empresa familiar em 1967 e era ent\u00e3o conhecida como Eagle Shipping. Tornou-se uma empresa limitada em 2002 e mudou seu nome para Eagle Relocations. Ela oferece a seus clientes um servi\u00e7o completo de remo\u00e7\u00e3o local, nacional e internacional.<\/p>\n<p>As desloca\u00e7\u00f5es da \u00c1guia mudaram mais de 3.500 pessoas em 2015. Eles oferecem uma variedade de pacotes para atender \u00e0s necessidades e bolsos das pessoas. Eles acreditam em um forte atendimento e compromisso com o cliente.<\/p>\n<p>Eagle Relocations tem as seguintes credencia\u00e7\u00f5es e afilia\u00e7\u00f5es:<\/p>\n<ul>\n<li> <a href=\"https:\/\/moverdb.com\/pt\/british-association-of-removers\/\">Associa\u00e7\u00e3o Brit\u00e2nica de Removedores<\/a> (<a href=\"https:\/\/moverdb.com\/pt\/british-association-of-removers\/\" data-internallinksmanager029f6b8e52c=\"9\" title=\"Associa\u00e7\u00e3o Brit\u00e2nica de Removers (BAR) Explicada\">BAR<\/a>)<\/li>\n<li> <a href=\"https:\/\/moverdb.com\/pt\/fedemac\/\">Federa\u00e7\u00e3o das Associa\u00e7\u00f5es Europ\u00e9ias de Governantes<\/a> (<a href=\"https:\/\/moverdb.com\/pt\/fedemac\/\" data-internallinksmanager029f6b8e52c=\"15\" title=\"Federa\u00e7\u00e3o das Associa\u00e7\u00f5es Europ\u00e9ias de Governantes (FEDEMAC) Explicou\">FEDEMAC<\/a>)<\/li>\n<li> <a href=\"https:\/\/moverdb.com\/pt\/iam\/\">Associa\u00e7\u00e3o Internacional de Movers<\/a> (<a href=\"https:\/\/moverdb.com\/pt\/iam\/\" data-internallinksmanager029f6b8e52c=\"23\" title=\"Associa\u00e7\u00e3o Internacional de Remotores (IAM) Explicado\">IAM<\/a>)<\/li>\n<li> <a href=\"https:\/\/moverdb.com\/pt\/hgfaa\/\">Associa\u00e7\u00e3o de Transit\u00e1rios de Bens Dom\u00e9sticos da Am\u00e9rica<\/a><\/li>\n<li> British International Freight Association (BIFA)<\/li>\n<li> <a href=\"https:\/\/moverdb.com\/pt\/bar-overseas\/\">British Association of Removers (BAR) Overseas<\/a><\/li>\n<\/ul>\n<h2>Revis\u00f5es de realoca\u00e7\u00f5es de \u00e1guias<\/h2>\n<p><strong>Positivo:<\/strong><\/p>\n<ul>\n<li> <em>Os meninos eram \u00f3timos... Super prestativos, eficientes, profissionais e todos com grandes sorrisos no rosto...<\/em> - Ross via <a href=\"http:\/\/www.eaglerelocations.com\/testimonials\/\" target=\"_blank\" rel=\"noopener\">p\u00e1gina de testemunhos de clientes<\/a><\/li>\n<li> <em>\"Eles eram de confian\u00e7a, profissionais, joviais, trabalhadores e cuidadosos e fizeram de um per\u00edodo extremamente estressante um per\u00edodo f\u00e1cil\". Eles oferecem uma excelente rela\u00e7\u00e3o custo-benef\u00edcio e estou feliz por n\u00e3o ter selecionado uma empresa que me ofereceu um custo de realoca\u00e7\u00e3o \"bom demais para ser verdade\" por e-mail, sem sequer ter visitado nossa casa. Eles s\u00e3o l\u00edderes de mercado, na minha opini\u00e3o, e eu serei eternamente grato \u00e0 Eagle Relocations\".<\/em> - Karen via <a href=\"https:\/\/www.trustpilot.com\/reviews\/56fe57450000ff00094ba791\" target=\"_blank\" rel=\"noopener\">TrustPilot<\/a> <\/li>\n<li> <em>\"Eu apenas me revezei em 3 ocasi\u00f5es separadas. Mudei-me de Hendon para Borhamwood, Borhamwood para Storage e depois para Bali. Em cada ocasi\u00e3o eu os achei extremamente profissionais\".<\/em> - Pankesh P via <a href=\"https:\/\/www.yell.com\/reviews\/user\/PankeshP\" target=\"_blank\" rel=\"noopener\">Grita<\/a><\/li>\n<\/ul>\n<p><strong>Negativo:<\/strong><\/p>\n<ul>\n<li> <em>\"N\u00e3o use esta empresa eles perderam todos os meus bens mundanos\".<\/em> - Adrienne via <a href=\"https:\/\/www.trustpilot.com\/reviews\/587ecbbc0dc2f609f06be069\" target=\"_blank\" rel=\"noopener\">Trustpilot<\/a><\/li>\n<\/ul>\n<div itemprop=\"review\" itemscope itemtype=\"http:\/\/schema.org\/Review\">\n<span itemprop=\"author\" itemscope=\"\" itemtype=\"http:\/\/schema.org\/Organization\"><span itemprop=\"name\">MoverDB.com<\/span><\/span> Revis\u00e3o do site on-line para <span itemprop=\"itemreviewed\" itemscope=\"\" itemtype=\"http:\/\/schema.org\/Brand\"><span itemprop=\"name\">Deslocamentos da \u00c1guia<\/span><\/span>:<\/p>\n<ol>\n<li> Detalhes claros de contato no website (incluindo n\u00famero de telefone): <strong>Sim<\/strong><\/li>\n<li> F\u00e1cil de obter <a href=\"https:\/\/moverdb.com\/pt\/citacoes\/\">cita\u00e7\u00f5es de mudan\u00e7as internacionais<\/a>? (Formul\u00e1rio de solicita\u00e7\u00e3o de or\u00e7amento on-line): <strong>Sim<\/strong><\/li>\n<li> Informa\u00e7\u00f5es claras no site: <strong>Sim,<\/strong> inclui guias de pa\u00edses e um blog com informa\u00e7\u00f5es \u00fateis sobre a mudan\u00e7a para o exterior.<\/li>\n<li> Participa\u00e7\u00e3o em organiza\u00e7\u00f5es internacionais de mudan\u00e7as reconhecidas internacionalmente: <strong>Sim<\/strong>ver acima.<\/li>\n<li> Lista de clientes e\/ou depoimentos de clientes anteriores: <strong>Alguns,<\/strong> H\u00e1 testemunhos de clientes no site, mas muitos deles s\u00e3o um pouco semelhantes, e h\u00e1 poucas revis\u00f5es em outros lugares online. No entanto, as cr\u00edticas dispon\u00edveis s\u00e3o, em sua maioria, positivas.<\/li>\n<\/ol>\n<div itemprop=\"reviewRating\" itemscope itemtype=\"http:\/\/schema.org\/Rating\"><meta itemprop=\"worstRating\" content = \"0\" \/><meta itemprop=\"bestRating\" content=\"5\" \/><meta itemprop=\"ratingValue\" content=\"4.5\"><\/div>\n<p><strong>Nota geral: 4,5\/5<\/strong><br \/>\n<strong>Data de revis\u00e3o:<\/strong> <span itemprop=\"datePublished\" content=\"2016-09-03\">03\/09\/2016<\/span>\n<\/div>\n<p>Saiba mais sobre <a href=\"https:\/\/moverdb.com\/pt\/remocoes-internacionais\/\">mudan\u00e7as internacionais<\/a> e nosso <a href=\"https:\/\/moverdb.com\/pt\/criticas\/\">processo de revis\u00e3o<\/a>.<\/p>\n<p><strong>Website:<\/strong> <a href=\"http:\/\/www.eaglerelocations.com\" target=\"_blank\" rel=\"noopener\">http:\/\/www.eaglerelocations.com<\/a><\/p>","protected":false},"excerpt":{"rendered":"<p>Eagle Relocations is a removals company based in Watford, UK. It offers its clients a range of removals services which are listed below, together with a company profile and reviews. International Removals Door to door service Door to kerbside service Door to port service Full packing service Fragile or part pack service Owner packed service [&hellip;]<\/p>\n","protected":false},"author":1,"featured_media":0,"parent":0,"menu_order":0,"comment_status":"closed","ping_status":"closed","template":"","meta":{"_genesis_hide_title":false,"_genesis_hide_breadcrumbs":false,"_genesis_hide_singular_image":false,"_genesis_hide_footer_widgets":false,"_genesis_custom_body_class":"","_genesis_custom_post_class":"","_genesis_layout":"","footnotes":""},"class_list":{"0":"post-924","1":"page","2":"type-page","3":"status-publish","5":"entry"},"_links":{"self":[{"href":"https:\/\/moverdb.com\/pt\/wp-json\/wp\/v2\/pages\/924","targetHints":{"allow":["GET"]}}],"collection":[{"href":"https:\/\/moverdb.com\/pt\/wp-json\/wp\/v2\/pages"}],"about":[{"href":"https:\/\/moverdb.com\/pt\/wp-json\/wp\/v2\/types\/page"}],"author":[{"embeddable":true,"href":"https:\/\/moverdb.com\/pt\/wp-json\/wp\/v2\/users\/1"}],"replies":[{"embeddable":true,"href":"https:\/\/moverdb.com\/pt\/wp-json\/wp\/v2\/comments?post=924"}],"version-history":[{"count":6,"href":"https:\/\/moverdb.com\/pt\/wp-json\/wp\/v2\/pages\/924\/revisions"}],"predecessor-version":[{"id":6202,"href":"https:\/\/moverdb.com\/pt\/wp-json\/wp\/v2\/pages\/924\/revisions\/6202"}],"wp:attachment":[{"href":"https:\/\/moverdb.com\/pt\/wp-json\/wp\/v2\/media?parent=924"}],"curies":[{"name":"wp","href":"https:\/\/api.w.org\/{rel}","templated":true}]}}